{"id":13187,"date":"2019-08-30T09:22:58","date_gmt":"2019-08-30T06:22:58","guid":{"rendered":"https:\/\/www.visitsaimaa.fi\/?page_id=13187"},"modified":"2026-04-22T09:23:53","modified_gmt":"2026-04-22T06:23:53","slug":"saimaa","status":"publish","type":"page","link":"https:\/\/www.visitsaimaa.fi\/fi\/","title":{"rendered":"Etusivu"},"content":{"rendered":"<p>[vc_row full_width=&#8221;stretch_row_content&#8221; full_height=&#8221;yes&#8221; content_placement=&#8221;middle&#8221; video_bg=&#8221;yes&#8221; video_bg_url=&#8221;https:\/\/www.youtube.com\/watch?v=Kmc2uLurwh8&#8243; css=&#8221;.vc_custom_1742906651635{background-position: center !important;background-repeat: no-repeat !important;background-size: cover !important;}&#8221;][vc_column css=&#8221;.vc_custom_1742902269527{background-position: center !important;background-repeat: no-repeat !important;background-size: cover !important;}&#8221;][vc_row_inner css=&#8221;.vc_custom_1663580707619{padding-top: 50px !important;padding-bottom: 50px !important;}&#8221;][vc_column_inner width=&#8221;1\/4&#8243;][\/vc_column_inner][vc_column_inner width=&#8221;1\/2&#8243;][vc_column_text css=&#8221;&#8221;]<\/p>\n<h1 style=\"text-align: center\"><span style=\"color: #ffffff\">Loma Saimaalla<\/span><\/h1>\n<p>[\/vc_column_text][vc_column_text css=&#8221;&#8221;][\/vc_column_text][\/vc_column_inner][vc_column_inner width=&#8221;1\/4&#8243;][\/vc_column_inner][\/vc_row_inner][vc_btn title=&#8221;Osta el\u00e4myksi\u00e4 visitsaimaashop.fi&#8221; align=&#8221;center&#8221; css=&#8221;&#8221; link=&#8221;url:https%3A%2F%2Fwww.visitsaimaashop.fi|title:visitsaimaashop.fi|target:_blank&#8221;][\/vc_column][\/vc_row][vc_row][vc_column width=&#8221;1\/4&#8243;][\/vc_column][vc_column width=&#8221;1\/2&#8243;][vc_column_text css=&#8221;&#8221;]<\/p>\n<p style=\"text-align: center\">Saimaa on suomen suurin j\u00e4rvi &#8211; ainutlaatuinen j\u00e4rvilabyrintti, jonka laajat j\u00e4rvensel\u00e4t sinisine laineineen, vehre\u00e4t mets\u00e4t ja luonnon rauha tekev\u00e4t Mikkelin, Savonlinnan ja Varkauden seudusta ihanteellisen paikan rentoutua ja irrottautua arjesta. Uppoudu p\u00e4ivisin monipuolisiin aktiviteetteihin kuten melontaan, py\u00f6r\u00e4ilyyn, patikointiin tai suppailuun. Kokeile ainutlaatuisia el\u00e4myksi\u00e4, kuten harvinaisen saimaannorpan bongausta opastetulla norpparetkell\u00e4 tai rentoudu saunan lempeiss\u00e4 l\u00f6ylyiss\u00e4.<\/p>\n<p style=\"text-align: center\">Alue tarjoaa my\u00f6s upeita kulttuuriel\u00e4myksi\u00e4 \u2013 nauti Mikkelin Musiikkijuhlista, Savonlinnan Oopperajuhlista, mielenkiintoisista n\u00e4ht\u00e4vyyksist\u00e4 tai museoiden tunnelmasta. Paikalliset ravintolat ja l\u00e4hiruokatorit hemmottelevat herkullisilla makuel\u00e4myksill\u00e4, joissa Saimaan puhtaat raaka-aineet p\u00e4\u00e4sev\u00e4t oikeuksiinsa.<\/p>\n<p style=\"text-align: center\">Loma Saimaalla on yhdistelm\u00e4 luonnonrauhaa, el\u00e4myksi\u00e4 ja hyv\u00e4\u00e4 ruokaa. L\u00e4mpim\u00e4sti tervetuloa!<\/p>\n<p>[\/vc_column_text][\/vc_column][vc_column width=&#8221;1\/4&#8243;][\/vc_column][\/vc_row][vc_row full_width=&#8221;stretch_row_content_no_spaces&#8221;][vc_column][vc_separator css=&#8221;&#8221;][vc_empty_space height=&#8221;32&#8243;][vc_column_text css=&#8221;&#8221;]<\/p>\n<h2 style=\"text-align: center\">Ajankohtaista<\/h2>\n<p>[\/vc_column_text][\/vc_column][\/vc_row][vc_row full_width=&#8221;stretch_row_content_no_spaces&#8221;][vc_column width=&#8221;1\/2&#8243;]<div class=\"image-and-button-shortcode\" style=\"background-image: url('https:\/\/www.visitsaimaa.fi\/wp-content\/uploads\/2025\/03\/paluu-saimaalle_astuvansalmi-7-1920x600.jpg')\">\n\t\t\t<h3 class=\"h2\">Kurosen paluu Saimaalle<\/h3>\n\t\t<a href=\"https:\/\/www.visitsaimaa.fi\/fi\/suosittelemme\/sami-kurosen-paluu-saimaalle\/\" target=\"_blank\" class=\"btn btn-primary\">Katso Samin viimeisimm\u00e4t seikkailut Saimaalla &raquo;<\/a>\n<\/div>\n[\/vc_column][vc_column width=&#8221;1\/2&#8243;]<div class=\"image-and-button-shortcode\" style=\"background-image: url('https:\/\/www.visitsaimaa.fi\/wp-content\/uploads\/2025\/02\/kallioniemi_astuvansalmi_valokuvaajajonnevaahtera-41-1920x600.jpg')\">\n\t\t\t<h3 class=\"h2\">Koe Saimaan parhaat<\/h3>\n\t\t<a href=\"https:\/\/www.visitsaimaa.fi\/fi\/nae-ja-koe\/seudun-parhaat\/\"  class=\"btn btn-primary\">Lue lis\u00e4\u00e4 &raquo;<\/a>\n<\/div>\n[\/vc_column][\/vc_row][vc_row full_width=&#8221;stretch_row_content_no_spaces&#8221;][vc_column width=&#8221;1\/2&#8243;]<div class=\"image-and-button-shortcode\" style=\"background-image: url('https:\/\/www.visitsaimaa.fi\/wp-content\/uploads\/2025\/03\/saimaa-ringed-seal-on-the-rock-visit-saimaa-1229x600.jpg')\">\n\t\t\t<h3 class=\"h2\">Leikkis\u00e4 saimaannorppa on helpoimmin bongattavissa opastetuilla retkill\u00e4<\/h3>\n\t\t<a href=\"https:\/\/www.visitsaimaa.fi\/fi\/nae-ja-koe\/saimaannorppa\/\"  class=\"btn btn-primary\">Varaa retki &raquo;<\/a>\n<\/div>\n[\/vc_column][vc_column width=&#8221;1\/2&#8243;]<div class=\"image-and-button-shortcode\" style=\"background-image: url('https:\/\/www.visitsaimaa.fi\/wp-content\/uploads\/2024\/05\/by_julia_kivela_0v5a4180-1920x600.jpg')\">\n\t\t\t<h3 class=\"h2\">L\u00f6yd\u00e4 luontosi Saimaalta<\/h3>\n\t\t<a href=\"https:\/\/www.visitsaimaa.fi\/fi\/nae-ja-koe\/luontokohteet-ja-reitit\/#cat=Retkeily%20ja%20vaellus-main,Retkeily,Luontopolut%20ja%20teemareitit&filter=r-fullyTranslatedLangus-,r-openState-,sb-sortedBy-0&zc=8.,27.36145,61.7081\"  class=\"btn btn-primary\">Luontoreitit &raquo;<\/a>\n<\/div>\n[\/vc_column][\/vc_row][vc_row full_width=&#8221;stretch_row_content_no_spaces&#8221;][vc_column width=&#8221;1\/2&#8243;]<div class=\"image-and-button-shortcode\" style=\"background-image: url('https:\/\/www.visitsaimaa.fi\/wp-content\/uploads\/2021\/11\/Tertin_kartano_2021_VisitMikkeli_kuva_Pihla_Liukkonen_Kontrastia-7-1920x600.jpg')\">\n\t\t\t<h3 class=\"h2\">Saimaan herkut<\/h3>\n\t\t<a href=\"https:\/\/www.visitsaimaa.fi\/fi\/herkuttele\/\"  class=\"btn btn-primary\">Herkuttele Saimaan antimilla alueen ravintoloissa ja kahviloissa &raquo;<\/a>\n<\/div>\n[\/vc_column][vc_column width=&#8221;1\/2&#8243;]<div class=\"image-and-button-shortcode\" style=\"background-image: url('https:\/\/www.visitsaimaa.fi\/wp-content\/uploads\/2025\/01\/8.8.-mikkelinmusiikkijuhlat_080825_1240x480px.jpg')\">\n\t\t\t<h3 class=\"h2\">Tapahtumat<\/h3>\n\t\t<a href=\"https:\/\/www.visitsaimaa.fi\/fi\/tapahtumat\/\"  class=\"btn btn-primary\">Tutustu alueen tapahtumatarjontaan &raquo;<\/a>\n<\/div>\n[\/vc_column][\/vc_row][vc_row full_width=&#8221;stretch_row_content_no_spaces&#8221; disable_element=&#8221;yes&#8221;][vc_column][vc_empty_space height=&#8221;50&#8243;][vc_separator css=&#8221;&#8221;][vc_empty_space height=&#8221;50&#8243;][\/vc_column][\/vc_row][vc_row full_width=&#8221;stretch_row_content_no_spaces&#8221; disable_element=&#8221;yes&#8221;][vc_column parallax=&#8221;content-moving-fade&#8221; parallax_image=&#8221;29803&#8243; css=&#8221;.vc_custom_1710852482819{background-color: rgba(0,0,0,0.22) !important;*background-color: rgb(0,0,0) !important;}&#8221;][vc_empty_space height=&#8221;450px&#8221;][vc_column_text]<\/p>\n<h2 style=\"text-align: center\"><span style=\"color: #ffffff\">Upeat reitit ja mielenkiintoiset luontokohteet<\/span><\/h2>\n<p style=\"text-align: center\"><span style=\"color: #ffffff\">Omatoimiselle seikkailijalle Saimaa tarjoaa el\u00e4myksi\u00e4 moneen makuun. L\u00f6yd\u00e4 omasi!<\/span><\/p>\n<p>[\/vc_column_text][vc_btn title=&#8221;Luontoreiteille&#8221; shape=&#8221;square&#8221; color=&#8221;white&#8221; align=&#8221;center&#8221; link=&#8221;url:https%3A%2F%2Fwww.visitsaimaa.fi%2Ffi%2Fnae-ja-koe%2Fluontokohteet-ja-reitit%2F|title:Luontokohteet%20ja%20-reitit&#8221;][vc_empty_space height=&#8221;450px&#8221;][\/vc_column][\/vc_row][vc_row full_width=&#8221;stretch_row_content_no_spaces&#8221;][vc_column][vc_empty_space height=&#8221;50&#8243;][vc_separator css=&#8221;&#8221;][vc_empty_space height=&#8221;50&#8243;][\/vc_column][\/vc_row][vc_row full_width=&#8221;stretch_row_content_no_spaces&#8221; equal_height=&#8221;yes&#8221;][vc_column parallax=&#8221;content-moving-fade&#8221; parallax_image=&#8221;30247&#8243; css=&#8221;.vc_custom_1742904658500{padding-right: 40px !important;padding-left: 40px !important;background-color: rgba(0,0,0,0.22) !important;*background-color: rgb(0,0,0) !important;}&#8221;][vc_empty_space height=&#8221;450px&#8221;][vc_column_text css=&#8221;.vc_custom_1742904528034{padding-top: 30px !important;padding-right: 40px !important;padding-left: 40px !important;}&#8221;]<\/p>\n<h2 style=\"text-align: center\"><span style=\"color: #ffffff\">Ihanimmat majoitukset<\/span><\/h2>\n<p style=\"text-align: center\"><span style=\"color: #ffffff\">Vuokraa m\u00f6kki tai villa, y\u00f6vy hurmaavissa kartanoissa tai nauti cityhotellien mukavuuksista keskell\u00e4 kaupunkia.\u00a0<\/span><\/p>\n<p>[\/vc_column_text][vc_btn title=&#8221;Majoitusta moneen makuun&#8221; shape=&#8221;square&#8221; color=&#8221;white&#8221; align=&#8221;center&#8221; link=&#8221;url:https%3A%2F%2Fwww.visitsaimaa.fi%2Ffi%2Fmajoitu%2F&#8221;][vc_empty_space height=&#8221;450px&#8221;][\/vc_column][\/vc_row][vc_row][vc_column][vc_empty_space height=&#8221;50&#8243;][vc_separator css=&#8221;&#8221;][vc_empty_space height=&#8221;50&#8243;][\/vc_column][\/vc_row][vc_row full_width=&#8221;stretch_row_content_no_spaces&#8221; equal_height=&#8221;yes&#8221; css=&#8221;.vc_custom_1662549978228{padding-top: 0px !important;padding-bottom: 0px !important;}&#8221;][vc_column parallax=&#8221;content-moving&#8221; parallax_image=&#8221;26323&#8243; width=&#8221;1\/2&#8243; css=&#8221;.vc_custom_1662550105928{padding-top: 100px !important;padding-right: 40px !important;padding-bottom: 100px !important;padding-left: 40px !important;}&#8221;][vc_column_text]<\/p>\n<h2 style=\"text-align: center\"><span style=\"color: #ffffff\">Rakkaudella Saimaalta<\/span><\/h2>\n<p style=\"text-align: center\"><span style=\"color: #ffffff\">Katso Saimaan seudun tekij\u00f6iden ja ammattilaisten videotervehdykset.<\/span><\/p>\n<p>[\/vc_column_text][vc_btn title=&#8221;Katso videotervehdykset&#8221; shape=&#8221;square&#8221; color=&#8221;white&#8221; align=&#8221;center&#8221; link=&#8221;url:https%3A%2F%2Fwww.visitsaimaa.fi%2Ffi%2Fkirjesaimaalta%2F&#8221;][\/vc_column][vc_column parallax=&#8221;content-moving-fade&#8221; parallax_image=&#8221;23317&#8243; width=&#8221;1\/2&#8243; css=&#8221;.vc_custom_1636379907107{padding-top: 100px !important;padding-right: 40px !important;padding-bottom: 100px !important;padding-left: 40px !important;background-color: rgba(0,0,0,0.22) !important;*background-color: rgb(0,0,0) !important;}&#8221;][vc_column_text]<\/p>\n<h2 style=\"text-align: center\"><span style=\"color: #ffffff\">Blogeja Saimaalta<\/span><\/h2>\n<p style=\"text-align: center\"><span style=\"color: #ffffff\">Lue tarinoita matkoilta Saimaalle.<\/span><\/p>\n<p>[\/vc_column_text][vc_btn title=&#8221;Lue blogit&#8221; shape=&#8221;square&#8221; color=&#8221;white&#8221; align=&#8221;center&#8221; link=&#8221;url:https%3A%2F%2Fwww.visitsaimaa.fi%2Ffi%2Fblogit%2F&#8221;][\/vc_column][\/vc_row][vc_row][vc_column][vc_empty_space height=&#8221;50&#8243;][vc_separator css=&#8221;&#8221;][vc_empty_space height=&#8221;50&#8243;][\/vc_column][\/vc_row][vc_row full_width=&#8221;stretch_row_content_no_spaces&#8221;][vc_column parallax=&#8221;content-moving-fade&#8221; parallax_image=&#8221;26327&#8243;][vc_empty_space height=&#8221;450px&#8221;][vc_column_text]<\/p>\n<h2 style=\"text-align: center\"><span style=\"color: #ffffff\">Mielipaikkasi Saimaalla on yll\u00e4tt\u00e4v\u00e4n l\u00e4hell\u00e4<\/span><\/h2>\n<p>[\/vc_column_text][vc_btn title=&#8221;Saapuminen Saimaalle&#8221; shape=&#8221;square&#8221; color=&#8221;white&#8221; align=&#8221;center&#8221; link=&#8221;url:https%3A%2F%2Fwww.visitsaimaa.fi%2Ffi%2Finfo%2Fsaapuminen%2F|title:Saapuminen&#8221;][vc_empty_space height=&#8221;450px&#8221;][\/vc_column][\/vc_row][vc_row full_width=&#8221;stretch_row_content_no_spaces&#8221;][vc_column parallax=&#8221;content-moving-fade&#8221; parallax_image=&#8221;20965&#8243; css=&#8221;.vc_custom_1622724636655{padding-right: 40px !important;padding-left: 40px !important;background-color: #27348b !important;}&#8221;][vc_empty_space height=&#8221;250px&#8221;][vc_row_inner][vc_column_inner width=&#8221;1\/4&#8243;][\/vc_column_inner][vc_column_inner width=&#8221;1\/2&#8243;][vc_single_image image=&#8221;20867&#8243; img_size=&#8221;medium&#8221; alignment=&#8221;center&#8221;][vc_column_text]<\/p>\n<h2 style=\"text-align: center\"><span style=\"color: #ffffff\">Mikkeli &#8211; Savonlinna &#8211; Varkaus<\/span><\/h2>\n<p style=\"text-align: center\"><span style=\"color: #ffffff\">Saimaan parhaat palat kutsuvat sinut ja seuralaisesti Saimaan rantakaupunkeihin Mikkeliin, Savonlinnaan ja Varkauteen. My\u00f6s vieh\u00e4tt\u00e4v\u00e4t maaseutukunnat Juva, Puumala, Rantasalmi ja Sulkava tarjoavat monia syit\u00e4 tulla Saimaalle. Kaikki t\u00e4m\u00e4 l\u00f6ytyy yll\u00e4tt\u00e4v\u00e4n l\u00e4helt\u00e4 eli meill\u00e4 voit k\u00e4yd\u00e4 vaikkapa p\u00e4iv\u00e4retkell\u00e4 tai viett\u00e4\u00e4 pitempi\u00e4kin aikoja upeassa j\u00e4rviluonnossa. Tervetuloa!<\/span><\/p>\n<p>[\/vc_column_text][vc_btn title=&#8221;Saapuminen Saimaalle&#8221; shape=&#8221;square&#8221; color=&#8221;white&#8221; align=&#8221;center&#8221; link=&#8221;url:https%3A%2F%2Fwww.visitsaimaa.fi%2Ffi%2Fsaapuminen%2F&#8221;][\/vc_column_inner][vc_column_inner width=&#8221;1\/4&#8243;][\/vc_column_inner][\/vc_row_inner][vc_empty_space height=&#8221;250px&#8221;][\/vc_column][\/vc_row][vc_row][vc_column][vc_zigzag][\/vc_column][\/vc_row][vc_row css=&#8221;.vc_custom_1604909125530{padding-top: 30px !important;}&#8221;][vc_column][vc_column_text]<\/p>\n<h4 class=\"montserrat dg-light\" style=\"text-align: center\"><strong>Katso lis\u00e4\u00e4 kohdevinkkej\u00e4 Saimaan paikallisilta matkailusivuilta:<\/strong><\/h4>\n<p>[\/vc_column_text][\/vc_column][\/vc_row][vc_row equal_height=&#8221;yes&#8221; content_placement=&#8221;middle&#8221;][vc_column width=&#8221;1\/3&#8243;][vc_single_image image=&#8221;19260&#8243; img_size=&#8221;full&#8221; alignment=&#8221;center&#8221; onclick=&#8221;custom_link&#8221; link=&#8221;https:\/\/www.visitmikkeli.fi\/&#8221;][\/vc_column][vc_column width=&#8221;1\/3&#8243;][vc_single_image image=&#8221;26203&#8243; img_size=&#8221;full&#8221; alignment=&#8221;center&#8221; onclick=&#8221;custom_link&#8221; img_link_target=&#8221;_blank&#8221; link=&#8221;https:\/\/visitsavonlinna.fi\/&#8221;][\/vc_column][vc_column width=&#8221;1\/3&#8243;][vc_single_image image=&#8221;28298&#8243; img_size=&#8221;full&#8221; alignment=&#8221;center&#8221; onclick=&#8221;custom_link&#8221; img_link_target=&#8221;_blank&#8221; link=&#8221;https:\/\/visitsavonlinna.fi\/&#8221;][\/vc_column][\/vc_row]<\/p>\n","protected":false},"excerpt":{"rendered":"<p>[vc_row full_width=&#8221;stretch_row_content&#8221; full_height=&#8221;yes&#8221; content_placement=&#8221;middle&#8221; video_bg=&#8221;yes&#8221; video_bg_url=&#8221;https:\/\/www.youtube.com\/watch?v=Kmc2uLurwh8&#8243; css=&#8221;.vc_custom_1742906651635{background-position: center !important;background-repeat: no-repeat !important;background-size: cover !important;}&#8221;][vc_column css=&#8221;.vc_custom_1742902269527{background-position: center !important;background-repeat: no-repeat !important;background-size: cover !important;}&#8221;][vc_row_inner css=&#8221;.vc_custom_1663580707619{padding-top: 50px !important;padding-bottom: 50px !important;}&#8221;][vc_column_inner width=&#8221;1\/4&#8243;][\/vc_column_inner][vc_column_inner width=&#8221;1\/2&#8243;][vc_column_text css=&#8221;&#8221;] Loma Saimaalla [&hellip;]<\/p>\n","protected":false},"author":46,"featured_media":0,"parent":0,"menu_order":0,"comment_status":"closed","ping_status":"closed","template":"","meta":{"footnotes":""},"relatedcontent":[],"class_list":{"0":"post-13187","1":"page","2":"type-page","3":"status-publish","4":"hentry","6":"priority-3"},"yoast_head":"<!-- This site is optimized with the Yoast SEO Premium plugin v27.3 (Yoast SEO v27.5) - https:\/\/yoast.com\/product\/yoast-seo-premium-wordpress\/ -->\n<title>Etusivu - Visit Saimaa<\/title>\n<meta name=\"description\" content=\"Saimaa tarjoaa ihanteellisen paikan rentoutua ja irrottautua arjesta. Tutustu Mikkelin, Savonlinnan ja Varkauden seutuihin ja varaa lomasi!\" \/>\n<meta name=\"robots\" content=\"index, follow, max-snippet:-1, max-image-preview:large, max-video-preview:-1\" \/>\n<link rel=\"canonical\" href=\"https:\/\/www.visitsaimaa.fi\/fi\/\" \/>\n<meta property=\"og:locale\" content=\"fi_FI\" \/>\n<meta property=\"og:type\" content=\"article\" \/>\n<meta property=\"og:title\" content=\"Etusivu\" \/>\n<meta property=\"og:description\" content=\"Saimaa tarjoaa ihanteellisen paikan rentoutua ja irrottautua arjesta. Tutustu Mikkelin, Savonlinnan ja Varkauden seutuihin ja varaa lomasi!\" \/>\n<meta property=\"og:url\" content=\"https:\/\/www.visitsaimaa.fi\/fi\/\" \/>\n<meta property=\"og:site_name\" content=\"Visit Saimaa\" \/>\n<meta property=\"article:modified_time\" content=\"2026-04-22T06:23:53+00:00\" \/>\n<meta name=\"twitter:label1\" content=\"Arvioitu lukuaika\" \/>\n\t<meta name=\"twitter:data1\" content=\"3 minuuttia\" \/>\n<script type=\"application\/ld+json\" class=\"yoast-schema-graph\">{\"@context\":\"https:\\\/\\\/schema.org\",\"@graph\":[{\"@type\":\"WebPage\",\"@id\":\"https:\\\/\\\/www.visitsaimaa.fi\\\/fi\\\/\",\"url\":\"https:\\\/\\\/www.visitsaimaa.fi\\\/fi\\\/\",\"name\":\"Etusivu - Visit Saimaa\",\"isPartOf\":{\"@id\":\"https:\\\/\\\/www.visitsaimaa.fi\\\/fi\\\/#website\"},\"datePublished\":\"2019-08-30T06:22:58+00:00\",\"dateModified\":\"2026-04-22T06:23:53+00:00\",\"description\":\"Saimaa tarjoaa ihanteellisen paikan rentoutua ja irrottautua arjesta. Tutustu Mikkelin, Savonlinnan ja Varkauden seutuihin ja varaa lomasi!\",\"breadcrumb\":{\"@id\":\"https:\\\/\\\/www.visitsaimaa.fi\\\/fi\\\/#breadcrumb\"},\"inLanguage\":\"fi\",\"potentialAction\":[{\"@type\":\"ReadAction\",\"target\":[\"https:\\\/\\\/www.visitsaimaa.fi\\\/fi\\\/\"]}]},{\"@type\":\"BreadcrumbList\",\"@id\":\"https:\\\/\\\/www.visitsaimaa.fi\\\/fi\\\/#breadcrumb\",\"itemListElement\":[{\"@type\":\"ListItem\",\"position\":1,\"name\":\"Visit Saimaa\",\"item\":\"https:\\\/\\\/www.visitsaimaa.fi\\\/fi\\\/\"},{\"@type\":\"ListItem\",\"position\":2,\"name\":\"Etusivu\"}]},{\"@type\":\"WebSite\",\"@id\":\"https:\\\/\\\/www.visitsaimaa.fi\\\/fi\\\/#website\",\"url\":\"https:\\\/\\\/www.visitsaimaa.fi\\\/fi\\\/\",\"name\":\"Visit Saimaa\",\"description\":\"The Official Travel Guide of Lakeland Saimaa\",\"potentialAction\":[{\"@type\":\"SearchAction\",\"target\":{\"@type\":\"EntryPoint\",\"urlTemplate\":\"https:\\\/\\\/www.visitsaimaa.fi\\\/fi\\\/?s={search_term_string}\"},\"query-input\":{\"@type\":\"PropertyValueSpecification\",\"valueRequired\":true,\"valueName\":\"search_term_string\"}}],\"inLanguage\":\"fi\"}]}<\/script>\n<!-- \/ Yoast SEO Premium plugin. -->","yoast_head_json":{"title":"Etusivu - Visit Saimaa","description":"Saimaa tarjoaa ihanteellisen paikan rentoutua ja irrottautua arjesta. Tutustu Mikkelin, Savonlinnan ja Varkauden seutuihin ja varaa lomasi!","robots":{"index":"index","follow":"follow","max-snippet":"max-snippet:-1","max-image-preview":"max-image-preview:large","max-video-preview":"max-video-preview:-1"},"canonical":"https:\/\/www.visitsaimaa.fi\/fi\/","og_locale":"fi_FI","og_type":"article","og_title":"Etusivu","og_description":"Saimaa tarjoaa ihanteellisen paikan rentoutua ja irrottautua arjesta. Tutustu Mikkelin, Savonlinnan ja Varkauden seutuihin ja varaa lomasi!","og_url":"https:\/\/www.visitsaimaa.fi\/fi\/","og_site_name":"Visit Saimaa","article_modified_time":"2026-04-22T06:23:53+00:00","twitter_misc":{"Arvioitu lukuaika":"3 minuuttia"},"schema":{"@context":"https:\/\/schema.org","@graph":[{"@type":"WebPage","@id":"https:\/\/www.visitsaimaa.fi\/fi\/","url":"https:\/\/www.visitsaimaa.fi\/fi\/","name":"Etusivu - Visit Saimaa","isPartOf":{"@id":"https:\/\/www.visitsaimaa.fi\/fi\/#website"},"datePublished":"2019-08-30T06:22:58+00:00","dateModified":"2026-04-22T06:23:53+00:00","description":"Saimaa tarjoaa ihanteellisen paikan rentoutua ja irrottautua arjesta. Tutustu Mikkelin, Savonlinnan ja Varkauden seutuihin ja varaa lomasi!","breadcrumb":{"@id":"https:\/\/www.visitsaimaa.fi\/fi\/#breadcrumb"},"inLanguage":"fi","potentialAction":[{"@type":"ReadAction","target":["https:\/\/www.visitsaimaa.fi\/fi\/"]}]},{"@type":"BreadcrumbList","@id":"https:\/\/www.visitsaimaa.fi\/fi\/#breadcrumb","itemListElement":[{"@type":"ListItem","position":1,"name":"Visit Saimaa","item":"https:\/\/www.visitsaimaa.fi\/fi\/"},{"@type":"ListItem","position":2,"name":"Etusivu"}]},{"@type":"WebSite","@id":"https:\/\/www.visitsaimaa.fi\/fi\/#website","url":"https:\/\/www.visitsaimaa.fi\/fi\/","name":"Visit Saimaa","description":"The Official Travel Guide of Lakeland Saimaa","potentialAction":[{"@type":"SearchAction","target":{"@type":"EntryPoint","urlTemplate":"https:\/\/www.visitsaimaa.fi\/fi\/?s={search_term_string}"},"query-input":{"@type":"PropertyValueSpecification","valueRequired":true,"valueName":"search_term_string"}}],"inLanguage":"fi"}]}},"_links":{"self":[{"href":"https:\/\/www.visitsaimaa.fi\/fi\/wp-json\/wp\/v2\/pages\/13187","targetHints":{"allow":["GET"]}}],"collection":[{"href":"https:\/\/www.visitsaimaa.fi\/fi\/wp-json\/wp\/v2\/pages"}],"about":[{"href":"https:\/\/www.visitsaimaa.fi\/fi\/wp-json\/wp\/v2\/types\/page"}],"author":[{"embeddable":true,"href":"https:\/\/www.visitsaimaa.fi\/fi\/wp-json\/wp\/v2\/users\/46"}],"replies":[{"embeddable":true,"href":"https:\/\/www.visitsaimaa.fi\/fi\/wp-json\/wp\/v2\/comments?post=13187"}],"version-history":[{"count":232,"href":"https:\/\/www.visitsaimaa.fi\/fi\/wp-json\/wp\/v2\/pages\/13187\/revisions"}],"predecessor-version":[{"id":32710,"href":"https:\/\/www.visitsaimaa.fi\/fi\/wp-json\/wp\/v2\/pages\/13187\/revisions\/32710"}],"wp:attachment":[{"href":"https:\/\/www.visitsaimaa.fi\/fi\/wp-json\/wp\/v2\/media?parent=13187"}],"wp:term":[{"taxonomy":"relatedcontent","embeddable":true,"href":"https:\/\/www.visitsaimaa.fi\/fi\/wp-json\/wp\/v2\/relatedcontent?post=13187"}],"curies":[{"name":"wp","href":"https:\/\/api.w.org\/{rel}","templated":true}]}}