{"id":12497,"date":"2019-04-11T14:43:15","date_gmt":"2019-04-11T11:43:15","guid":{"rendered":"https:\/\/www.visitsaimaa.fi\/?page_id=12497"},"modified":"2024-06-18T13:39:22","modified_gmt":"2024-06-18T10:39:22","slug":"kartanot-ja-puutarhat","status":"publish","type":"page","link":"https:\/\/www.visitsaimaa.fi\/fi\/nae-ja-koe\/kulttuuria\/kartanot-ja-puutarhat\/","title":{"rendered":"Kartanot ja puutarhat"},"content":{"rendered":"<p>[vc_row full_width=&#8221;stretch_row_content_no_spaces&#8221;][vc_column]<div class=\"main_header normal\">\n    <figure style=\"background-image: url('https:\/\/www.visitsaimaa.fi\/wp-content\/uploads\/2019\/04\/tertin_kartano-8_original_muokattu_0419-1500x600.jpg'); background-position: center top;\"><\/figure>\n    <div class=\"main_header_content\" style=\"\">\n        <div class=\"container\">\n            \n<h1 style=\"text-align: center\">Kartanot ja puutarhat<\/h1>\n<p>&nbsp;<\/p>\n<p style=\"text-align: center\">Kauniita kartanoita ja puutarhaunelmia Saimaan syd\u00e4mess\u00e4.<\/p>\n<p style=\"text-align: center\">Nauti tunnelmallisista pihapiireist\u00e4 ja aisti aitoa entisajan tunnelmaa.<\/p>\n    \n        <\/div>\n    <\/div><!-- \/.container -->\n<\/div><!-- \/.main_header -->\n\n[\/vc_column][\/vc_row][vc_row][vc_column width=&#8221;1\/6&#8243;][vc_column_text][\/vc_column_text][\/vc_column][vc_column width=&#8221;2\/3&#8243;][vc_column_text css=&#8221;.vc_custom_1556611926679{padding-top: 40px !important;}&#8221;]Alkujaan etel\u00e4savolaiset kartanot olivat l\u00e4hes poikkeuksetta suurtiloja, joiden milj\u00f6\u00f6seen kuului my\u00f6s puutarha ja joissa saatettiin olla hyvinkin kokeilullisia esimerkiksi uusien kasvi- tai hedelm\u00e4puulajien viljelyss\u00e4. Siksi kartanomyym\u00e4l\u00f6ist\u00e4 l\u00f6ytyy pitk\u00e4\u00e4nkin viljeltyj\u00e4 tilakohtaisia erikoisuuksia, kuten oman tilan hunajaa, tiluksilta ker\u00e4ttyj\u00e4 yrttej\u00e4 tai vaikkapa pakurik\u00e4\u00e4p\u00e4teet\u00e4.<\/p>\n<p>Kartanoissamme yll\u00e4pidet\u00e4\u00e4n my\u00f6s monipuolista matkailutoimintaa \u2013 suurimmassa osassa toimii suosittu l\u00e4hiruokaravintola, saatavilla on tunnelmallista kartanomajoitusta, myynniss\u00e4 on paikallisia tuotteita ja kartanon mailla j\u00e4rjestet\u00e4\u00e4n erilaisia retki\u00e4, tapahtumia sek\u00e4 muita aktiviteetteja. Tutustu vaihtoehtoihin ja ajankohtaisiin tapahtumiin alta. Tervetuloa vieraaksemme![\/vc_column_text][\/vc_column][vc_column width=&#8221;1\/6&#8243;][vc_column_text][\/vc_column_text][\/vc_column][\/vc_row][vc_row][vc_column][vc_column_text css=&#8221;.vc_custom_1620632066147{padding-top: 40px !important;}&#8221;]<\/p>\n<h2 style=\"text-align: center\"><strong>Kartanoita ja kulttuuria<\/strong><\/h2>\n<p style=\"text-align: center\">L\u00e4hde p\u00e4iv\u00e4retkelle tai viivy vaikka koko kes\u00e4 \u2013 Saimaalla riitt\u00e4\u00e4 kartanoita ja puutarhoja.<\/p>\n<p>[\/vc_column_text][\/vc_column][\/vc_row][vc_row][vc_column][\/vc_column][\/vc_row][vc_row css=&#8221;.vc_custom_1554969443304{margin-top: 40px !important;}&#8221;][vc_column]<div class=\"posts-list-grid wpb_content_element\">\n                            <div class=\"row no-gutter\"><div class=\"row no-gutter\"><div class=\"col-xs-10 col-sm-5 col-md-2\">    <div class=\"post-box filler \" style=\"background-color: #360032;\">\n        <div class=\"icon\"><\/div>\n                    <div class=\"background-icon\" style=\" background-image: url('');\" ><\/div>\n        \n        \n                    <span class=\"info\">\n                                            <\/span>\n        \n    <\/div>\n\n    <\/div><div class=\"col-xs-5 col-sm-5 col-md-2\">    <div class=\"post-box post-stub post-23541 attachment type-attachment status-inherit hentry\" data-openid=\"sahanlahti_logo_pysty-2-1-23541-1\" data-contentid=\"1:23541\" data-showrelated=\"1\" id=\"sahanlahti_logo_pysty-2-1-23541-1\">\n\n        <div class=\"vs_post_thumbnail\" style=\"background-image: url('https:\/\/www.visitsaimaa.fi\/wp-content\/themes\/visitsaimaa2019\/images\/default_visitsaimaa_2016.jpg')\" ><\/div>\n        <div class=\"image_overlay\"><\/div>\n                \n                <a href=\"https:\/\/www.visitsaimaa.fi\/fi\/sahanlahti_logo_pysty-2\/\"  class=\" get-post-details\" title=\"Sahanlahti_logo_pysty\">\n            <span class=\"info\">\n                \n                                <span class=\"h3\">Sahanlahti_logo_pysty<\/span>\n                                            <\/span><!-- \/.info -->\n        <\/a>\n\n    <\/div>\n    <\/div><div class=\"col-xs-5 col-sm-5 col-md-2\">    <div class=\"post-box post-stub\" data-openid=\"-1--2\" data-contentid=\"1:\" data-showrelated=\"1\" id=\"-1--2\">\n\n        <div class=\"vs_post_thumbnail\" style=\"background-image: url('https:\/\/www.visitsaimaa.fi\/wp-content\/themes\/visitsaimaa2019\/images\/default_visitsaimaa_2016.jpg')\" ><\/div>\n        <div class=\"image_overlay\"><\/div>\n                \n                <a href=\"\"  class=\" get-post-details\" title=\"\">\n            <span class=\"info\">\n                \n                                <span class=\"h3\"><\/span>\n                                            <\/span><!-- \/.info -->\n        <\/a>\n\n    <\/div>\n    <\/div><div class=\"col-xs-5 col-sm-25 col-md-2\">    <div class=\"post-box post-stub\" data-openid=\"-1--3\" data-contentid=\"1:\" data-showrelated=\"1\" id=\"-1--3\">\n\n        <div class=\"vs_post_thumbnail\" style=\"background-image: url('https:\/\/www.visitsaimaa.fi\/wp-content\/themes\/visitsaimaa2019\/images\/default_visitsaimaa_2016.jpg')\" ><\/div>\n        <div class=\"image_overlay\"><\/div>\n                \n                <a href=\"\"  class=\" get-post-details\" title=\"\">\n            <span class=\"info\">\n                \n                                <span class=\"h3\"><\/span>\n                                            <\/span><!-- \/.info -->\n        <\/a>\n\n    <\/div>\n    <\/div><div class=\"col-xs-5 col-sm-25 col-md-2\">    <div class=\"post-box post-stub\" data-openid=\"-1--4\" data-contentid=\"1:\" data-showrelated=\"1\" id=\"-1--4\">\n\n        <div class=\"vs_post_thumbnail\" style=\"background-image: url('https:\/\/www.visitsaimaa.fi\/wp-content\/themes\/visitsaimaa2019\/images\/default_visitsaimaa_2016.jpg')\" ><\/div>\n        <div class=\"image_overlay\"><\/div>\n                \n                <a href=\"\"  class=\" get-post-details\" title=\"\">\n            <span class=\"info\">\n                \n                                <span class=\"h3\"><\/span>\n                                            <\/span><!-- \/.info -->\n        <\/a>\n\n    <\/div>\n    <\/div><\/div><!-- row --><div class=\"row no-gutter\"><div class=\"col-xs-10 col-sm-5 col-md-2\">    <div class=\"post-box post-stub\" data-openid=\"-1--5\" data-contentid=\"1:\" data-showrelated=\"1\" id=\"-1--5\">\n\n        <div class=\"vs_post_thumbnail\" style=\"background-image: url('https:\/\/www.visitsaimaa.fi\/wp-content\/themes\/visitsaimaa2019\/images\/default_visitsaimaa_2016.jpg')\" ><\/div>\n        <div class=\"image_overlay\"><\/div>\n                \n                <a href=\"\"  class=\" get-post-details\" title=\"\">\n            <span class=\"info\">\n                \n                                <span class=\"h3\"><\/span>\n                                            <\/span><!-- \/.info -->\n        <\/a>\n\n    <\/div>\n    <\/div><div class=\"col-xs-5 col-sm-5 col-md-2\">    <div class=\"post-box filler vs_filler as-content\" >\n        <div class=\"icon\"><\/div>\n                    <div class=\"vs_post_thumbnail\" style=\" background-image: url('https:\/\/www.visitsaimaa.fi\/wp-content\/uploads\/2015\/11\/kukkia-768x480.jpg');\"><\/div>\n        \n                    <div class=\"image_overlay\"><\/div>\n        \n                    <a href=\"https:\/\/visitmikkeli.fi\/kartanot-ja-puutarhat\" target=\"_blank\" >\n                    <span class=\"info\">\n                                    <span class=\"h3\">Mikkelin seudun kartanot ja puutarhat<\/span>\n                                            <\/span>\n                    <\/a>\n        \n    <\/div>\n\n    <\/div><div class=\"col-xs-5 col-sm-5 col-md-2\">    <div class=\"post-box post-stub\" data-openid=\"-1--6\" data-contentid=\"1:\" data-showrelated=\"1\" id=\"-1--6\">\n\n        <div class=\"vs_post_thumbnail\" style=\"background-image: url('https:\/\/www.visitsaimaa.fi\/wp-content\/themes\/visitsaimaa2019\/images\/default_visitsaimaa_2016.jpg')\" ><\/div>\n        <div class=\"image_overlay\"><\/div>\n                \n                <a href=\"\"  class=\" get-post-details\" title=\"\">\n            <span class=\"info\">\n                \n                                <span class=\"h3\"><\/span>\n                                            <\/span><!-- \/.info -->\n        <\/a>\n\n    <\/div>\n    <\/div><div class=\"col-xs-5 col-sm-25 col-md-2\">    <div class=\"post-box filler \" style=\"background-color: #450440;\">\n        <div class=\"icon\"><\/div>\n                    <div class=\"background-icon\" style=\" background-image: url('');\" ><\/div>\n        \n        \n                    <span class=\"info\">\n                                            <\/span>\n        \n    <\/div>\n\n    <\/div><div class=\"col-xs-5 col-sm-25 col-md-2\">    <div class=\"post-box filler \" style=\"background-color: #5F385C;\">\n        <div class=\"icon\"><\/div>\n                    <div class=\"background-icon\" style=\" background-image: url('');\" ><\/div>\n        \n        \n                    <span class=\"info\">\n                                            <\/span>\n        \n    <\/div>\n\n    <\/div><\/div><!-- row --><\/div><!-- \/.row -->\n                            <\/div><!--\/.posts-list-grid -->[\/vc_column][\/vc_row][vc_row][vc_column][\/vc_column][\/vc_row][vc_row][vc_column][vc_column_text]<\/p>\n<h2 style=\"text-align: center\"><strong>Lis\u00e4\u00e4 retki-ideoita Hurmaavat Puutarhat -lehdest\u00e4<\/strong><\/h2>\n<p>[\/vc_column_text][vc_raw_html]JTNDc3R5bGUlM0UuZW1iZWQtY29udGFpbmVyJTIwJTdCJTIwcG9zaXRpb24lM0ElMjByZWxhdGl2ZSUzQiUyMHBhZGRpbmctYm90dG9tJTNBJTIwNTYuMjUlMjUlM0IlMjBoZWlnaHQlM0ElMjAwJTNCJTIwb3ZlcmZsb3clM0ElMjBoaWRkZW4lM0IlMjBtYXgtd2lkdGglM0ElMjAxMDAlMjUlM0IlMjAlN0QlMjAuZW1iZWQtY29udGFpbmVyJTIwaWZyYW1lJTJDJTIwLmVtYmVkLWNvbnRhaW5lciUyMG9iamVjdCUyQyUyMC5lbWJlZC1jb250YWluZXIlMjBlbWJlZCUyMCU3QiUyMHBvc2l0aW9uJTNBJTIwYWJzb2x1dGUlM0IlMjB0b3AlM0ElMjAwJTNCJTIwbGVmdCUzQSUyMDAlM0IlMjB3aWR0aCUzQSUyMDEwMCUyNSUzQiUyMGhlaWdodCUzQSUyMDEwMCUyNSUzQiUyMCU3RCUzQyUyRnN0eWxlJTNFJTNDZGl2JTIwY2xhc3MlM0QlMjdlbWJlZC1jb250YWluZXIlMjclM0UlM0NkaXYlMjBzdHlsZSUzRCUyN3RleHQtYWxpZ24lM0FjZW50ZXIlM0IlMjclM0UlM0NkaXYlMjBzdHlsZSUzRCUyN21hcmdpbiUzQThweCUyMDBweCUyMDRweCUzQiUyNyUzRSUzQ2ElMjBocmVmJTNEJTI3aHR0cHMlM0ElMkYlMkZ3d3cuY2FsYW1lby5jb20lMkZib29rcyUyRjAwMDU3NDIzOWNmMzkzMWNiMTMzZiUyNyUyMHRhcmdldCUzRCUyN19ibGFuayUyNyUzRUh1cm1hYXZhdCUyMFB1dXRhcmhhdCUyMDIwMTklM0MlMkZhJTNFJTNDJTJGZGl2JTNFJTNDaWZyYW1lJTIwc3JjJTNEJTI3JTJGJTJGdi5jYWxhbWVvLmNvbSUyRiUzRmJrY29kZSUzRDAwMDU3NDIzOWNmMzkzMWNiMTMzZiUyNm1vZGUlM0RtaW5pJTI3JTIwd2lkdGglM0QlMjc0ODAlMjclMjBoZWlnaHQlM0QlMjczMDAlMjclMjBmcmFtZWJvcmRlciUzRCUyNzAlMjclMjBzY3JvbGxpbmclM0QlMjdubyUyNyUyMGFsbG93dHJhbnNwYXJlbmN5JTIwYWxsb3dmdWxsc2NyZWVuJTIwc3R5bGUlM0QlMjdtYXJnaW4lM0EwJTIwYXV0byUzQiUyNyUzRSUzQyUyRmlmcmFtZSUzRSUzQ2RpdiUyMHN0eWxlJTNEJTI3bWFyZ2luJTNBNHB4JTIwMHB4JTIwOHB4JTNCJTI3JTNFJTNDYSUyMGhyZWYlM0QlMjdodHRwJTNBJTJGJTJGd3d3LmNhbGFtZW8uY29tJTJGJTI3JTIwdGFyZ2V0JTNEJTI3X2JsYW5rJTI3JTNFUmVhZCUyMG1vcmUlMjBwdWJsaWNhdGlvbnMlMjBvbiUyMENhbGFtJUMzJUE5byUzQyUyRmElM0UlM0MlMkZkaXYlM0UlM0MlMkZkaXYlM0UlM0MlMkZkaXYlM0U=[\/vc_raw_html][\/vc_column][\/vc_row][vc_row][vc_column][vc_separator][vc_column_text]<\/p>\n<h2 style=\"text-align: center\">Perille matkahaku kertoo kuinka p\u00e4\u00e4set Saimaalle<\/h2>\n<p>[\/vc_column_text][vc_row_inner][vc_column_inner width=&#8221;1\/4&#8243;][vc_column_text][\/vc_column_text][\/vc_column_inner][vc_column_inner width=&#8221;1\/4&#8243;][vc_column_text]Perille-palvelulla matkan suunnittelu ja matkalipun ostaminen ovat helppoa ja nopeaa. Palvelun avulla voi verrata bussien, junien, lentojen, laivojen, lauttojen ja taksin hintoja, matkustusaikoja, matkan kestoa ja matkustustapojen ymp\u00e4rist\u00f6vaikutuksia. Vaihtoehtoja voi verrata my\u00f6s omaan autoon.[\/vc_column_text][\/vc_column_inner][vc_column_inner width=&#8221;1\/4&#8243;][vc_raw_html]JTNDZGl2JTIwc3R5bGUlM0QlMjJ3aWR0aCUzQTI1MHB4JTNCYm9yZGVyLXJhZGl1cyUzQTNweCUzQnBhZGQwaW5nJTNBMCUzQm1hcmdpbiUzQTAlMjIlM0UlM0NpZnJhbWUlMjBzcmMlM0QlMjJodHRwcyUzQSUyRiUyRnd3dy5wZXJpbGxlLmZpJTJGcGVyaWxsZXdpZGdldCUzRiUyNmxuZyUzRGZpJTI2c2l0ZSUzRHZpc2l0c2FpbWFhLmZpJTIyJTIwdGl0bGUlM0QlMjJXaWRnZXQlMjIlMjBoZWlnaHQlM0QlMjIzMDBweCUyMiUyMHdpZHRoJTNEJTIyMTAwJTI1JTIyJTIwc2Nyb2xsaW5nJTNEJTIybm8lMjIlMjBzdHlsZSUzRCUyMmJvcmRlci1yYWRpdXMlM0EzcHglM0Jib3JkZXIlM0Fub25lJTIyJTNFJTNDJTJGaWZyYW1lJTNFJTNDc3BhbiUyMHN0eWxlJTNEJTIydGV4dC1hbGlnbiUzQWNlbnRlciUzQmZvbnQtc2l6ZSUzQTEycHglM0JtYXJnaW4lM0EwJTNCcGFkZGluZyUzQThweCUzQmRpc3BsYXklM0FibG9jayUzQmNvbG9yJTNBYmxhY2slMjIlM0UlM0NhJTIwaHJlZiUzRCUyMmh0dHBzJTNBJTJGJTJGd3d3LnBlcmlsbGUuZmklMjIlMjB0YXJnZXQlM0QlMjJfYmxhbmslMjIlMjBzdHlsZSUzRCUyMmNvbG9yJTNBJTIzMDA3NGMyJTNCdGV4dC1kZWNvcmF0aW9uJTNBbm9uZSUyMiUzRU1hdGthaGF1biUyMHRhcmpvYWElMjAlQzIlQTklMjBwZXJpbGxlLmZpJTNDJTJGYSUzRSUzQyUyRnNwYW4lM0UlM0MlMkZkaXYlM0U=[\/vc_raw_html][\/vc_column_inner][vc_column_inner width=&#8221;1\/4&#8243;][vc_column_text][\/vc_column_text][\/vc_column_inner][\/vc_row_inner][\/vc_column][\/vc_row][vc_row][vc_column][\/vc_column][\/vc_row]<\/p>\n","protected":false},"excerpt":{"rendered":"<p>[vc_row full_width=&#8221;stretch_row_content_no_spaces&#8221;][vc_column][\/vc_column][\/vc_row][vc_row][vc_column width=&#8221;1\/6&#8243;][vc_column_text][\/vc_column_text][\/vc_column][vc_column width=&#8221;2\/3&#8243;][vc_column_text css=&#8221;.vc_custom_1556611926679{padding-top: 40px !important;}&#8221;]Alkujaan etel\u00e4savolaiset kartanot olivat l\u00e4hes poikkeuksetta suurtiloja, joiden milj\u00f6\u00f6seen kuului my\u00f6s puutarha ja joissa saatettiin olla hyvinkin kokeilullisia esimerkiksi uusien kasvi- tai hedelm\u00e4puulajien viljelyss\u00e4. [&hellip;]<\/p>\n","protected":false},"author":46,"featured_media":0,"parent":6996,"menu_order":0,"comment_status":"closed","ping_status":"closed","template":"","meta":{"footnotes":""},"relatedcontent":[],"class_list":{"0":"post-12497","1":"page","2":"type-page","3":"status-publish","4":"hentry","6":"priority-3"},"yoast_head":"<!-- This site is optimized with the Yoast SEO Premium plugin v27.3 (Yoast SEO v27.5) - https:\/\/yoast.com\/product\/yoast-seo-premium-wordpress\/ -->\n<title>Kartanot ja puutarhat - Visit Saimaa<\/title>\n<meta name=\"description\" content=\"Alkujaan etel\u00e4savolaiset kartanot olivat l\u00e4hes poikkeuksetta suurtiloja, joiden milj\u00f6\u00f6seen kuului my\u00f6s puutarha ja joissa saatettiin olla hyvinkin\" \/>\n<meta name=\"robots\" content=\"index, follow, max-snippet:-1, max-image-preview:large, max-video-preview:-1\" \/>\n<link rel=\"canonical\" href=\"https:\/\/www.visitsaimaa.fi\/fi\/nae-ja-koe\/kulttuuria\/kartanot-ja-puutarhat\/\" \/>\n<meta property=\"og:locale\" content=\"fi_FI\" \/>\n<meta property=\"og:type\" content=\"article\" \/>\n<meta property=\"og:title\" content=\"Kartanot ja puutarhat\" \/>\n<meta property=\"og:description\" content=\"Alkujaan etel\u00e4savolaiset kartanot olivat l\u00e4hes poikkeuksetta suurtiloja, joiden milj\u00f6\u00f6seen kuului my\u00f6s puutarha ja joissa saatettiin olla hyvinkin\" \/>\n<meta property=\"og:url\" content=\"https:\/\/www.visitsaimaa.fi\/fi\/nae-ja-koe\/kulttuuria\/kartanot-ja-puutarhat\/\" \/>\n<meta property=\"og:site_name\" content=\"Visit Saimaa\" \/>\n<meta property=\"article:modified_time\" content=\"2024-06-18T10:39:22+00:00\" \/>\n<meta name=\"twitter:label1\" content=\"Arvioitu lukuaika\" \/>\n\t<meta name=\"twitter:data1\" content=\"2 minuuttia\" \/>\n<script type=\"application\/ld+json\" class=\"yoast-schema-graph\">{\"@context\":\"https:\\\/\\\/schema.org\",\"@graph\":[{\"@type\":\"WebPage\",\"@id\":\"https:\\\/\\\/www.visitsaimaa.fi\\\/fi\\\/nae-ja-koe\\\/kulttuuria\\\/kartanot-ja-puutarhat\\\/\",\"url\":\"https:\\\/\\\/www.visitsaimaa.fi\\\/fi\\\/nae-ja-koe\\\/kulttuuria\\\/kartanot-ja-puutarhat\\\/\",\"name\":\"Kartanot ja puutarhat - Visit Saimaa\",\"isPartOf\":{\"@id\":\"https:\\\/\\\/www.visitsaimaa.fi\\\/fi\\\/#website\"},\"datePublished\":\"2019-04-11T11:43:15+00:00\",\"dateModified\":\"2024-06-18T10:39:22+00:00\",\"description\":\"Alkujaan etel\u00e4savolaiset kartanot olivat l\u00e4hes poikkeuksetta suurtiloja, joiden milj\u00f6\u00f6seen kuului my\u00f6s puutarha ja joissa saatettiin olla hyvinkin\",\"breadcrumb\":{\"@id\":\"https:\\\/\\\/www.visitsaimaa.fi\\\/fi\\\/nae-ja-koe\\\/kulttuuria\\\/kartanot-ja-puutarhat\\\/#breadcrumb\"},\"inLanguage\":\"fi\",\"potentialAction\":[{\"@type\":\"ReadAction\",\"target\":[\"https:\\\/\\\/www.visitsaimaa.fi\\\/fi\\\/nae-ja-koe\\\/kulttuuria\\\/kartanot-ja-puutarhat\\\/\"]}]},{\"@type\":\"BreadcrumbList\",\"@id\":\"https:\\\/\\\/www.visitsaimaa.fi\\\/fi\\\/nae-ja-koe\\\/kulttuuria\\\/kartanot-ja-puutarhat\\\/#breadcrumb\",\"itemListElement\":[{\"@type\":\"ListItem\",\"position\":1,\"name\":\"Visit Saimaa\",\"item\":\"https:\\\/\\\/www.visitsaimaa.fi\\\/fi\\\/\"},{\"@type\":\"ListItem\",\"position\":2,\"name\":\"N\u00e4e ja koe\",\"item\":\"https:\\\/\\\/www.visitsaimaa.fi\\\/fi\\\/nae-ja-koe\\\/\"},{\"@type\":\"ListItem\",\"position\":3,\"name\":\"Kulttuuria\",\"item\":\"https:\\\/\\\/www.visitsaimaa.fi\\\/fi\\\/nae-ja-koe\\\/kulttuuria\\\/\"},{\"@type\":\"ListItem\",\"position\":4,\"name\":\"Kartanot ja puutarhat\"}]},{\"@type\":\"WebSite\",\"@id\":\"https:\\\/\\\/www.visitsaimaa.fi\\\/fi\\\/#website\",\"url\":\"https:\\\/\\\/www.visitsaimaa.fi\\\/fi\\\/\",\"name\":\"Visit Saimaa\",\"description\":\"The Official Travel Guide of Lakeland Saimaa\",\"potentialAction\":[{\"@type\":\"SearchAction\",\"target\":{\"@type\":\"EntryPoint\",\"urlTemplate\":\"https:\\\/\\\/www.visitsaimaa.fi\\\/fi\\\/?s={search_term_string}\"},\"query-input\":{\"@type\":\"PropertyValueSpecification\",\"valueRequired\":true,\"valueName\":\"search_term_string\"}}],\"inLanguage\":\"fi\"}]}<\/script>\n<!-- \/ Yoast SEO Premium plugin. -->","yoast_head_json":{"title":"Kartanot ja puutarhat - Visit Saimaa","description":"Alkujaan etel\u00e4savolaiset kartanot olivat l\u00e4hes poikkeuksetta suurtiloja, joiden milj\u00f6\u00f6seen kuului my\u00f6s puutarha ja joissa saatettiin olla hyvinkin","robots":{"index":"index","follow":"follow","max-snippet":"max-snippet:-1","max-image-preview":"max-image-preview:large","max-video-preview":"max-video-preview:-1"},"canonical":"https:\/\/www.visitsaimaa.fi\/fi\/nae-ja-koe\/kulttuuria\/kartanot-ja-puutarhat\/","og_locale":"fi_FI","og_type":"article","og_title":"Kartanot ja puutarhat","og_description":"Alkujaan etel\u00e4savolaiset kartanot olivat l\u00e4hes poikkeuksetta suurtiloja, joiden milj\u00f6\u00f6seen kuului my\u00f6s puutarha ja joissa saatettiin olla hyvinkin","og_url":"https:\/\/www.visitsaimaa.fi\/fi\/nae-ja-koe\/kulttuuria\/kartanot-ja-puutarhat\/","og_site_name":"Visit Saimaa","article_modified_time":"2024-06-18T10:39:22+00:00","twitter_misc":{"Arvioitu lukuaika":"2 minuuttia"},"schema":{"@context":"https:\/\/schema.org","@graph":[{"@type":"WebPage","@id":"https:\/\/www.visitsaimaa.fi\/fi\/nae-ja-koe\/kulttuuria\/kartanot-ja-puutarhat\/","url":"https:\/\/www.visitsaimaa.fi\/fi\/nae-ja-koe\/kulttuuria\/kartanot-ja-puutarhat\/","name":"Kartanot ja puutarhat - Visit Saimaa","isPartOf":{"@id":"https:\/\/www.visitsaimaa.fi\/fi\/#website"},"datePublished":"2019-04-11T11:43:15+00:00","dateModified":"2024-06-18T10:39:22+00:00","description":"Alkujaan etel\u00e4savolaiset kartanot olivat l\u00e4hes poikkeuksetta suurtiloja, joiden milj\u00f6\u00f6seen kuului my\u00f6s puutarha ja joissa saatettiin olla hyvinkin","breadcrumb":{"@id":"https:\/\/www.visitsaimaa.fi\/fi\/nae-ja-koe\/kulttuuria\/kartanot-ja-puutarhat\/#breadcrumb"},"inLanguage":"fi","potentialAction":[{"@type":"ReadAction","target":["https:\/\/www.visitsaimaa.fi\/fi\/nae-ja-koe\/kulttuuria\/kartanot-ja-puutarhat\/"]}]},{"@type":"BreadcrumbList","@id":"https:\/\/www.visitsaimaa.fi\/fi\/nae-ja-koe\/kulttuuria\/kartanot-ja-puutarhat\/#breadcrumb","itemListElement":[{"@type":"ListItem","position":1,"name":"Visit Saimaa","item":"https:\/\/www.visitsaimaa.fi\/fi\/"},{"@type":"ListItem","position":2,"name":"N\u00e4e ja koe","item":"https:\/\/www.visitsaimaa.fi\/fi\/nae-ja-koe\/"},{"@type":"ListItem","position":3,"name":"Kulttuuria","item":"https:\/\/www.visitsaimaa.fi\/fi\/nae-ja-koe\/kulttuuria\/"},{"@type":"ListItem","position":4,"name":"Kartanot ja puutarhat"}]},{"@type":"WebSite","@id":"https:\/\/www.visitsaimaa.fi\/fi\/#website","url":"https:\/\/www.visitsaimaa.fi\/fi\/","name":"Visit Saimaa","description":"The Official Travel Guide of Lakeland Saimaa","potentialAction":[{"@type":"SearchAction","target":{"@type":"EntryPoint","urlTemplate":"https:\/\/www.visitsaimaa.fi\/fi\/?s={search_term_string}"},"query-input":{"@type":"PropertyValueSpecification","valueRequired":true,"valueName":"search_term_string"}}],"inLanguage":"fi"}]}},"_links":{"self":[{"href":"https:\/\/www.visitsaimaa.fi\/fi\/wp-json\/wp\/v2\/pages\/12497","targetHints":{"allow":["GET"]}}],"collection":[{"href":"https:\/\/www.visitsaimaa.fi\/fi\/wp-json\/wp\/v2\/pages"}],"about":[{"href":"https:\/\/www.visitsaimaa.fi\/fi\/wp-json\/wp\/v2\/types\/page"}],"author":[{"embeddable":true,"href":"https:\/\/www.visitsaimaa.fi\/fi\/wp-json\/wp\/v2\/users\/46"}],"replies":[{"embeddable":true,"href":"https:\/\/www.visitsaimaa.fi\/fi\/wp-json\/wp\/v2\/comments?post=12497"}],"version-history":[{"count":10,"href":"https:\/\/www.visitsaimaa.fi\/fi\/wp-json\/wp\/v2\/pages\/12497\/revisions"}],"predecessor-version":[{"id":30633,"href":"https:\/\/www.visitsaimaa.fi\/fi\/wp-json\/wp\/v2\/pages\/12497\/revisions\/30633"}],"up":[{"embeddable":true,"href":"https:\/\/www.visitsaimaa.fi\/fi\/wp-json\/wp\/v2\/pages\/6996"}],"wp:attachment":[{"href":"https:\/\/www.visitsaimaa.fi\/fi\/wp-json\/wp\/v2\/media?parent=12497"}],"wp:term":[{"taxonomy":"relatedcontent","embeddable":true,"href":"https:\/\/www.visitsaimaa.fi\/fi\/wp-json\/wp\/v2\/relatedcontent?post=12497"}],"curies":[{"name":"wp","href":"https:\/\/api.w.org\/{rel}","templated":true}]}}