{"id":5001,"date":"2016-06-17T10:00:01","date_gmt":"2016-06-17T07:00:01","guid":{"rendered":"https:\/\/www.visitsaimaa.fi\/en\/?page_id=5001"},"modified":"2025-02-26T18:58:17","modified_gmt":"2025-02-26T16:58:17","slug":"restaurants-in-lake-saimaa","status":"publish","type":"page","link":"https:\/\/www.visitsaimaa.fi\/en\/restaurants-in-lake-saimaa\/","title":{"rendered":"Tastes of Lake Saimaa &#8211; Restaurants in the Lake Saimaa region"},"content":{"rendered":"<p>[vc_row full_width=&#8221;stretch_row_content_no_spaces&#8221;][vc_column]<div class=\"main_header normal\">\n    <figure style=\"background-image: url('https:\/\/www.visitsaimaa.fi\/wp-content\/uploads\/2018\/10\/joulupoyta_tertti-1920x600.jpg'); background-position: center center;\"><\/figure>\n    <div class=\"main_header_content\" style=\"\">\n        <div class=\"container\">\n            \n<h1 style=\"text-align: center;\">Restaurants in the Lake Saimaa region<\/h1>\n    \n        <\/div>\n    <\/div><!-- \/.container -->\n<\/div><!-- \/.main_header -->\n\n[\/vc_column][\/vc_row][vc_row][vc_column][vc_empty_space][\/vc_column][\/vc_row][vc_row][vc_column width=&#8221;1\/6&#8243;][\/vc_column][vc_column width=&#8221;2\/3&#8243;][vc_column_text css=&#8221;&#8221;]<\/p>\n<p style=\"text-align: center;\">Restaurants in the Lake Saimaa region are known for their pride in local heritage and purest ingredients. Finland, and the Saimaa region in particular, is a rather exotic destination, and Finnish food is still an unknown concept to many travellers. Finnish food is widely known pure and we have a great appreciation for our country&#8217;s produce and responsible production methods.<\/p>\n<p>[\/vc_column_text][\/vc_column][vc_column width=&#8221;1\/6&#8243;][\/vc_column][\/vc_row][vc_row][vc_column][vc_empty_space][\/vc_column][\/vc_row][vc_row][vc_column width=&#8221;1\/2&#8243;][vc_column_text css=&#8221;&#8221;]<\/p>\n<h3>What to expect and what to look for in Lake Saimaa region<\/h3>\n<p>When you travel on the Saimaa, you will clearly notice the special features of the region. Lots of lakes, islands, forests, fields and pure untouched nature. Indeed, our region has lived on lakes and agriculture. Self-sufficiency has been important because the distances have been long and still are. We value the bounty of nature and in restaurants in particular this is reflected in the preference for small local producers. Some restaurants even have their own gardens, offering centuries-old traditions and the freshest ingredients. The seasonal approach brings variation to the menus, and the Savoy and Karelian heritage is reflected in both traditional specialities and dishes that are guaranteed to be a must-try.<\/p>\n<h3>Local ingredients and popular recipes<\/h3>\n<p>The restaurants in the Saimaa region offer more and more wonderful taste experiences directly from the surrounding nature. They cherish old recipes, preservation methods for year-round use of raw materials, local production and the combination of new innovations with old know-how. The cuisine of Lake Saimaa is fairly similar to the rest of Finland with a few local delicacies. Expect to find tasty dishes of beef and pork, as well as the more exotic moose and boar meat as mains or appetisers. Our specialty is in our freshwater fish, vendace. Lingonberry sauce is popular with game meats, as are other sauces from cranberries or mushrooms.[\/vc_column_text][\/vc_column][vc_column width=&#8221;1\/2&#8243;][vc_column_text css=&#8221;&#8221;]Restaurants around Savonlinna, Mikkeli and Varkaus will also always have many freshwater fish dishes on offer, typically straight from the local lakes. Vendace is a local favourite and often fried in butter. Be sure to give \u201ckalakukko\u201d a go too, a deep pie made with rye flour and filled with bacon and fish.<\/p>\n<p>For dessert, check out sweet pies made with delicious, locally grown fruits and jams. Berries such as European blueberries from the local woodlands will always find a place on the table, along with summer strawberries and cream.<\/p>\n<h3>Hints on the best restaurants of the region<\/h3>\n<p>When looking for restaurants in Savonlinna or Mikkeli, if you want a taste of the truly local food, head over to marketplace. Highly recommended and affordable, it serves freshwater fish straight from the local waters. It proves very popular with locals and tourists alike, outside in the sunshine and right on the waterfront.<\/p>\n<p>Popular restaurants in Mikkeli include the charming Tertin Kartano, which is set in an old manor house on a functioning eco certified farm. Both offer delicious food and great service.<\/p>\n<p>Bon app\u00e9tit! Or as the locals say, hyv\u00e4\u00e4 ruokahalua![\/vc_column_text][\/vc_column][\/vc_row][vc_row][vc_column width=&#8221;1\/6&#8243;][vc_empty_space][\/vc_column][vc_column width=&#8221;2\/3&#8243;][vc_column_text css=&#8221;&#8221;]<\/p>\n<h2 style=\"text-align: center;\">Explore our restaurants<\/h2>\n<p>[\/vc_column_text][\/vc_column][vc_column width=&#8221;1\/6&#8243;][\/vc_column][\/vc_row][vc_row][vc_column width=&#8221;1\/4&#8243;][vc_empty_space]<div class=\"image-and-button-shortcode\" style=\"background-image: url('https:\/\/www.visitsaimaa.fi\/wp-content\/uploads\/2018\/11\/Hotel-Oscar-Saimaan-Tuore-lohiruoka-annos-Hotel-Oscar_2018_web-1920x600.jpg')\">\n\t\t\t<h3 class=\"h2\">Hotel Oscar<\/h3>\n\t\t<a href=\"https:\/\/www.hoteloscar.fi\/en\/restaurants\/\" target=\"_blank\" class=\"btn btn-primary\">Oscar's Bar and Dinner - Old-time flavours in Varkaus &raquo;<\/a>\n<\/div>\n[\/vc_column][vc_column width=&#8221;1\/4&#8243;][vc_empty_space]<div class=\"image-and-button-shortcode\" style=\"background-image: url('https:\/\/www.visitsaimaa.fi\/wp-content\/uploads\/2020\/03\/ravintola-harjun-portti-768x480-1.jpg')\">\n\t\t\t<h3 class=\"h2\">Holiday Resort Harjun Portti<\/h3>\n\t\t<a href=\"https:\/\/www.harjunportti.fi\/en\/restaurant\/cafe-restaurant\/\"  class=\"btn btn-primary\">Lunch, \u00e1 la carte, cafe and events in Punkaharju &raquo;<\/a>\n<\/div>\n[\/vc_column][vc_column width=&#8221;1\/4&#8243;][vc_empty_space]<div class=\"image-and-button-shortcode\" style=\"background-image: url('https:\/\/www.visitsaimaa.fi\/wp-content\/uploads\/2025\/02\/13d737fa7ad03949ae59071fada5e1ba-1-1920x600.jpg')\">\n\t\t\t<h3 class=\"h2\">Frans &amp; Michelle<\/h3>\n\t\t<a href=\"https:\/\/www.raflaamo.fi\/en\/restaurant\/mikkeli\/frans-michelle-mikkeli\" target=\"_blank\" class=\"btn btn-primary\">Restaurant Frans &amp; Michelle in Original Sokos Hotel Vaakuna Mikkeli &raquo;<\/a>\n<\/div>\n[\/vc_column][vc_column width=&#8221;1\/4&#8243;][vc_empty_space]<div class=\"image-and-button-shortcode\" style=\"background-image: url('https:\/\/www.visitsaimaa.fi\/wp-content\/uploads\/2025\/02\/jarvisydan-restaurant-piikatytto-visit-saimaa-1920x600.jpg')\">\n\t\t\t<h3 class=\"h2\">Nature Hotel and Spa Resort J\u00e4rvisyd\u00e4n<\/h3>\n\t\t<a href=\"https:\/\/www.jarvisydan.com\/en\/restaurants\/\" target=\"_blank\" class=\"btn btn-primary\">See all different restaurants in J\u00e4rvisyd\u00e4n Rantasalmi &raquo;<\/a>\n<\/div>\n[\/vc_column][\/vc_row][vc_row][vc_column width=&#8221;1\/4&#8243;][vc_empty_space]<div class=\"image-and-button-shortcode\" style=\"background-image: url('https:\/\/www.visitsaimaa.fi\/wp-content\/uploads\/2024\/04\/by_julia_kivela_0v5a2407-1-1920x600.jpg')\">\n\t\t\t<h3 class=\"h2\">Kenk\u00e4vero Vicarage<\/h3>\n\t\t<a href=\"https:\/\/www.kenkavero.fi\/tuote\/lunch-in-mikkeli\" target=\"_blank\" class=\"btn btn-primary\">Lunch restaurant in Mikkeli &raquo;<\/a>\n<\/div>\n[\/vc_column][vc_column width=&#8221;1\/4&#8243;][vc_empty_space]<div class=\"image-and-button-shortcode\" style=\"background-image: url('https:\/\/www.visitsaimaa.fi\/wp-content\/uploads\/2025\/02\/visitsaimaa_kruunpuisto_kesa2021_ilmakuva_fullsizejpg-0044-1920x600.jpg')\">\n\t\t\t<h3 class=\"h2\">Kruunupuisto<\/h3>\n\t\t<a href=\"https:\/\/www.kruunupuisto.fi\/en\/sleep-eat\/\" target=\"_blank\" class=\"btn btn-primary\">Restaurant and Inkeritalo cafe &raquo;<\/a>\n<\/div>\n[\/vc_column][vc_column width=&#8221;1\/4&#8243;][vc_empty_space]<div class=\"image-and-button-shortcode\" style=\"background-image: url('https:\/\/www.visitsaimaa.fi\/wp-content\/uploads\/2025\/02\/img_7435-1-1920x600.jpg')\">\n\t\t\t<h3 class=\"h2\">Landhaus Kekkola<\/h3>\n\t\t<a href=\"https:\/\/www.kenkavero.fi\/tuote\/lunch-in-mikkeli\" target=\"_blank\" class=\"btn btn-primary\">Kekko La Cuchina a Savonian-Germanian-Sardinian style restaurant in Landhaus Kekkola, Mikkeli &raquo;<\/a>\n<\/div>\n[\/vc_column][vc_column width=&#8221;1\/4&#8243;][vc_empty_space]<div class=\"image-and-button-shortcode\" style=\"background-image: url('https:\/\/www.visitsaimaa.fi\/wp-content\/uploads\/2021\/08\/niinipuu_ulkoa7-1024x683-1-1024x600.jpg')\">\n\t\t\t<h3 class=\"h2\">Okkolan Lomam\u00f6kit<\/h3>\n\t\t<a href=\"https:\/\/www.okkolanlomamokit.com\/en\/restaurant\/\" target=\"_blank\" class=\"btn btn-primary\">Summer restaurant Niinipuu build in old barn in Puumala &raquo;<\/a>\n<\/div>\n[\/vc_column][\/vc_row][vc_row][vc_column width=&#8221;1\/4&#8243;][vc_empty_space]<div class=\"image-and-button-shortcode\" style=\"background-image: url('https:\/\/www.visitsaimaa.fi\/wp-content\/uploads\/2025\/02\/sapasfestivaali-2020-12-1920x600.jpg')\">\n\t\t\t<h3 class=\"h2\">Olavinlinna Ravintolat<\/h3>\n\t\t<a href=\"https:\/\/www.raflaamo.fi\/en\/restaurant\/savonlinna\/olavinlinna-restaurant\" target=\"_blank\" class=\"btn btn-primary\">Have a lunch in Linnantupa at the medieval castle in Savonlinna &raquo;<\/a>\n<\/div>\n[\/vc_column][vc_column width=&#8221;1\/4&#8243;][vc_empty_space]<div class=\"image-and-button-shortcode\" style=\"background-image: url('https:\/\/www.visitsaimaa.fi\/wp-content\/uploads\/2025\/02\/visit-saimaa_oravi_full-size-jpg-3831-1920x600.jpg')\">\n\t\t\t<h3 class=\"h2\">Oravi Village<\/h3>\n\t\t<a href=\"https:\/\/www.oravivillage.com\/en\" target=\"_blank\" class=\"btn btn-primary\">Restaurant Ruukinranta specialises in fish and game dishes in Oravi, Savonlinna &raquo;<\/a>\n<\/div>\n[\/vc_column][vc_column width=&#8221;1\/4&#8243;][vc_empty_space]<div class=\"image-and-button-shortcode\" style=\"background-image: url('https:\/\/www.visitsaimaa.fi\/wp-content\/uploads\/2024\/01\/pihlasresort-promo-10.8.2023-web-2048px-98-1920x600.jpg')\">\n\t\t\t<h3 class=\"h2\">PihlasResort<\/h3>\n\t\t<a href=\"https:\/\/pihlasresort.com\/en\/restaurant-siimes\" target=\"_blank\" class=\"btn btn-primary\">Restaurant Siimes in Joroinen at PihlasResort &raquo;<\/a>\n<\/div>\n[\/vc_column][vc_column width=&#8221;1\/4&#8243;][vc_empty_space]<div class=\"image-and-button-shortcode\" style=\"background-image: url('https:\/\/www.visitsaimaa.fi\/wp-content\/uploads\/2024\/08\/pistohiekka_syyskamppis-1-1920x600.jpeg')\">\n\t\t\t<h3 class=\"h2\">Pistohiekka Resort<\/h3>\n\t\t<a href=\"https:\/\/www.pistohiekka.fi\/en\/restaurant\/\" target=\"_blank\" class=\"btn btn-primary\">Restaurant in Pistohiekka Resort Puumala &raquo;<\/a>\n<\/div>\n[\/vc_column][\/vc_row][vc_row][vc_column width=&#8221;1\/4&#8243;][vc_empty_space]<div class=\"image-and-button-shortcode\" style=\"background-image: url('https:\/\/www.visitsaimaa.fi\/wp-content\/uploads\/2024\/06\/ruokkeen-lomakyla-2560-scaled.jpg')\">\n\t\t\t<h3 class=\"h2\">Ruoke Holiday Village<\/h3>\n\t\t<a href=\"https:\/\/www.ruokkeenlomakyla.fi\/en\/restaurant\/\" target=\"_blank\" class=\"btn btn-primary\">Summer restaurant that offers daily lunch and weekly program specialising on fish in Kes\u00e4lahti &raquo;<\/a>\n<\/div>\n[\/vc_column][vc_column width=&#8221;1\/4&#8243;][vc_empty_space]<div class=\"image-and-button-shortcode\" style=\"background-image: url('https:\/\/www.visitsaimaa.fi\/wp-content\/uploads\/2018\/01\/Sahanlahti-7-Terrace-view-Koskivahti--1920x600.jpg')\">\n\t\t\t<h3 class=\"h2\">Sahanlahti Resort<\/h3>\n\t\t<a href=\"https:\/\/www.sahanlahtiresort.fi\/en\/food\" target=\"_blank\" class=\"btn btn-primary\">Koskivahti restaurant in Sahanlahti Resort Puumala &raquo;<\/a>\n<\/div>\n[\/vc_column][vc_column width=&#8221;1\/4&#8243;][vc_empty_space]<div class=\"image-and-button-shortcode\" style=\"background-image: url('https:\/\/www.visitsaimaa.fi\/wp-content\/uploads\/2020\/08\/Tertti-2.jpg')\">\n\t\t\t<h3 class=\"h2\">Tertti Manor<\/h3>\n\t\t<a href=\"https:\/\/tertinkartano.fi\/en\/restaurant\/\" target=\"_blank\" class=\"btn btn-primary\">Awarded restaurant of local tastes in Tertti Manor Mikkeli &raquo;<\/a>\n<\/div>\n[\/vc_column][vc_column width=&#8221;1\/4&#8243;][vc_empty_space]<div class=\"image-and-button-shortcode\" style=\"background-image: url('https:\/\/www.visitsaimaa.fi\/wp-content\/uploads\/2024\/06\/woikoskikesa-cc-882021_leveys_1200px-34-1300x-533x600.jpg')\">\n\t\t\t<h3 class=\"h2\">Woikoski Feeling<\/h3>\n\t\t<a href=\"https:\/\/www.woikoskifeeling.fi\/en\" target=\"_blank\" class=\"btn btn-primary\">Summer restaurants in WHD G\u00e5rd and Kirjokivi Manor in Nurmaa &raquo;<\/a>\n<\/div>\n[\/vc_column][\/vc_row][vc_row][vc_column width=&#8221;1\/6&#8243;][vc_empty_space][\/vc_column][vc_column width=&#8221;2\/3&#8243;][vc_empty_space][vc_column_text css=&#8221;&#8221;]<\/p>\n<h2 style=\"text-align: center;\">Special food experiences<\/h2>\n<p style=\"text-align: center;\" data-start=\"32\" data-end=\"257\">In the Lake Saimaa region, you\u2019ll find special food experiences available only on select days, for groups, or just a few times a year. These exclusive events offer a chance to enjoy local flavours in a truly special setting.<\/p>\n<p style=\"text-align: center;\" data-start=\"259\" data-end=\"460\" data-is-last-node=\"\">Explore these unique culinary experiences and check the website for specific dates. If you\u2019d like to arrange a private event, contact the company directly to book your own unforgettable food adventure.<\/p>\n<p>[\/vc_column_text][\/vc_column][vc_column width=&#8221;1\/6&#8243;][\/vc_column][\/vc_row][vc_row][vc_column width=&#8221;1\/4&#8243;][vc_empty_space]<div class=\"image-and-button-shortcode\" style=\"background-image: url('https:\/\/www.visitsaimaa.fi\/wp-content\/uploads\/2025\/02\/aamiainen-linkkumylly-1920x600.jpg')\">\n\t\t\t<h3 class=\"h2\">Linkkumylly<\/h3>\n\t\t<a href=\"https:\/\/linkkumylly.fi\/en\/experiences-activities\/\" target=\"_blank\" class=\"btn btn-primary\">Enjoy a memorable breakfast made from local ingredients in unique setting in M\u00e4ntyharju &raquo;<\/a>\n<\/div>\n[\/vc_column][vc_column width=&#8221;1\/4&#8243;][vc_empty_space]<div class=\"image-and-button-shortcode\" style=\"background-image: url('https:\/\/www.visitsaimaa.fi\/wp-content\/uploads\/2021\/06\/sami_kurosen_makumatka_saimaalla_kausi_1_jakso_1_ollinmaenviinitila_tapakset_kuvaaja_vilmanorokorpi-1920x600.jpg')\">\n\t\t\t<h3 class=\"h2\">Ollinm\u00e4ki Winery<\/h3>\n\t\t<a href=\"https:\/\/ollinmaenviinitila.johku.com\/en_US\/ollinmaen-viinitilan-palvelut\/viinimaistelu-2\" target=\"_blank\" class=\"btn btn-primary\">Experience the flavours of Finnish berry wines paired with sapas &raquo;<\/a>\n<\/div>\n[\/vc_column][vc_column width=&#8221;1\/4&#8243;][vc_empty_space]<div class=\"image-and-button-shortcode\" style=\"background-image: url('https:\/\/www.visitsaimaa.fi\/wp-content\/uploads\/2025\/02\/04-tynkkylan-lomaniemi-1920x600.png')\">\n\t\t\t<h3 class=\"h2\">Tynkkyl\u00e4n Lomaniemi<\/h3>\n\t\t<a href=\"https:\/\/www.lomaniemi.fi\/Catering.html\" target=\"_blank\" class=\"btn btn-primary\">Enjoy authentic Karelian buffet on summer Sundays &raquo;<\/a>\n<\/div>\n[\/vc_column][vc_column width=&#8221;1\/4&#8243;][vc_empty_space]<div class=\"image-and-button-shortcode\" style=\"background-image: url('https:\/\/www.visitsaimaa.fi\/wp-content\/uploads\/2024\/05\/uhkua_kaposaari_15-7-2022-32-1920x600.jpg')\">\n\t\t\t<h3 class=\"h2\">Uhkua<\/h3>\n\t\t<a href=\"https:\/\/uhkua.fi\/in-english\/\" target=\"_blank\" class=\"btn btn-primary\">Retailed and guided food experiences in the nature &raquo;<\/a>\n<\/div>\n[\/vc_column][\/vc_row]<\/p>\n","protected":false},"excerpt":{"rendered":"<p>[vc_row full_width=&#8221;stretch_row_content_no_spaces&#8221;][vc_column][\/vc_column][\/vc_row][vc_row][vc_column][vc_empty_space][\/vc_column][\/vc_row][vc_row][vc_column width=&#8221;1\/6&#8243;][\/vc_column][vc_column width=&#8221;2\/3&#8243;][vc_column_text css=&#8221;&#8221;] Restaurants in the Lake Saimaa region are known for their pride in local heritage and purest ingredients. Finland, and the Saimaa region in particular, is [&hellip;]<\/p>\n","protected":false},"author":2,"featured_media":11603,"parent":0,"menu_order":0,"comment_status":"closed","ping_status":"closed","template":"","meta":{"footnotes":""},"relatedcontent":[],"class_list":{"0":"post-5001","1":"page","2":"type-page","3":"status-publish","4":"has-post-thumbnail","5":"hentry","7":"priority-3"},"yoast_head":"<!-- This site is optimized with the Yoast SEO Premium plugin v27.3 (Yoast SEO v27.3) - https:\/\/yoast.com\/product\/yoast-seo-premium-wordpress\/ -->\n<title>Tastes of Lake Saimaa - Restaurants in the Lake Saimaa region - Visit Saimaa<\/title>\n<meta name=\"description\" content=\"Find the best restaurants in Lake Saimaa region as well as some tips for local delicacies. Try our specialties like fried vendace &quot;muikku&quot;.\" \/>\n<meta name=\"robots\" content=\"index, follow, max-snippet:-1, max-image-preview:large, max-video-preview:-1\" \/>\n<link rel=\"canonical\" href=\"https:\/\/www.visitsaimaa.fi\/en\/restaurants-in-lake-saimaa\/\" \/>\n<meta property=\"og:locale\" content=\"en_US\" \/>\n<meta property=\"og:type\" content=\"article\" \/>\n<meta property=\"og:title\" content=\"Tastes of Lake Saimaa - Restaurants in the Lake Saimaa region\" \/>\n<meta property=\"og:description\" content=\"Find the best restaurants in Lake Saimaa region as well as some tips for local delicacies. Try our specialties like fried vendace &quot;muikku&quot;.\" \/>\n<meta property=\"og:url\" content=\"https:\/\/www.visitsaimaa.fi\/en\/restaurants-in-lake-saimaa\/\" \/>\n<meta property=\"og:site_name\" content=\"Visit Saimaa\" \/>\n<meta property=\"article:modified_time\" content=\"2025-02-26T16:58:17+00:00\" \/>\n<meta property=\"og:image\" content=\"https:\/\/www.visitsaimaa.fi\/wp-content\/uploads\/2018\/10\/joulupoyta_tertti-1024x716.jpg\" \/>\n\t<meta property=\"og:image:width\" content=\"1024\" \/>\n\t<meta property=\"og:image:height\" content=\"716\" \/>\n\t<meta property=\"og:image:type\" content=\"image\/jpeg\" \/>\n<meta name=\"twitter:label1\" content=\"Est. reading time\" \/>\n\t<meta name=\"twitter:data1\" content=\"6 minutes\" \/>\n<script type=\"application\/ld+json\" class=\"yoast-schema-graph\">{\"@context\":\"https:\\\/\\\/schema.org\",\"@graph\":[{\"@type\":\"WebPage\",\"@id\":\"https:\\\/\\\/www.visitsaimaa.fi\\\/en\\\/restaurants-in-lake-saimaa\\\/\",\"url\":\"https:\\\/\\\/www.visitsaimaa.fi\\\/en\\\/restaurants-in-lake-saimaa\\\/\",\"name\":\"Tastes of Lake Saimaa - Restaurants in the Lake Saimaa region - Visit Saimaa\",\"isPartOf\":{\"@id\":\"https:\\\/\\\/www.visitsaimaa.fi\\\/fi\\\/#website\"},\"primaryImageOfPage\":{\"@id\":\"https:\\\/\\\/www.visitsaimaa.fi\\\/en\\\/restaurants-in-lake-saimaa\\\/#primaryimage\"},\"image\":{\"@id\":\"https:\\\/\\\/www.visitsaimaa.fi\\\/en\\\/restaurants-in-lake-saimaa\\\/#primaryimage\"},\"thumbnailUrl\":\"https:\\\/\\\/www.visitsaimaa.fi\\\/wp-content\\\/uploads\\\/2018\\\/10\\\/joulupoyta_tertti.jpg\",\"datePublished\":\"2016-06-17T07:00:01+00:00\",\"dateModified\":\"2025-02-26T16:58:17+00:00\",\"description\":\"Find the best restaurants in Lake Saimaa region as well as some tips for local delicacies. Try our specialties like fried vendace \\\"muikku\\\".\",\"breadcrumb\":{\"@id\":\"https:\\\/\\\/www.visitsaimaa.fi\\\/en\\\/restaurants-in-lake-saimaa\\\/#breadcrumb\"},\"inLanguage\":\"en-US\",\"potentialAction\":[{\"@type\":\"ReadAction\",\"target\":[\"https:\\\/\\\/www.visitsaimaa.fi\\\/en\\\/restaurants-in-lake-saimaa\\\/\"]}]},{\"@type\":\"ImageObject\",\"inLanguage\":\"en-US\",\"@id\":\"https:\\\/\\\/www.visitsaimaa.fi\\\/en\\\/restaurants-in-lake-saimaa\\\/#primaryimage\",\"url\":\"https:\\\/\\\/www.visitsaimaa.fi\\\/wp-content\\\/uploads\\\/2018\\\/10\\\/joulupoyta_tertti.jpg\",\"contentUrl\":\"https:\\\/\\\/www.visitsaimaa.fi\\\/wp-content\\\/uploads\\\/2018\\\/10\\\/joulupoyta_tertti.jpg\",\"width\":3993,\"height\":2791,\"caption\":\"Christmas buffet Tertti Manor\"},{\"@type\":\"BreadcrumbList\",\"@id\":\"https:\\\/\\\/www.visitsaimaa.fi\\\/en\\\/restaurants-in-lake-saimaa\\\/#breadcrumb\",\"itemListElement\":[{\"@type\":\"ListItem\",\"position\":1,\"name\":\"Visit Saimaa\",\"item\":\"https:\\\/\\\/www.visitsaimaa.fi\\\/en\\\/\"},{\"@type\":\"ListItem\",\"position\":2,\"name\":\"Tastes of Lake Saimaa &#8211; Restaurants in the Lake Saimaa region\"}]},{\"@type\":\"WebSite\",\"@id\":\"https:\\\/\\\/www.visitsaimaa.fi\\\/fi\\\/#website\",\"url\":\"https:\\\/\\\/www.visitsaimaa.fi\\\/fi\\\/\",\"name\":\"Visit Saimaa\",\"description\":\"The Official Travel Guide of Lakeland Saimaa\",\"potentialAction\":[{\"@type\":\"SearchAction\",\"target\":{\"@type\":\"EntryPoint\",\"urlTemplate\":\"https:\\\/\\\/www.visitsaimaa.fi\\\/fi\\\/?s={search_term_string}\"},\"query-input\":{\"@type\":\"PropertyValueSpecification\",\"valueRequired\":true,\"valueName\":\"search_term_string\"}}],\"inLanguage\":\"en-US\"}]}<\/script>\n<!-- \/ Yoast SEO Premium plugin. -->","yoast_head_json":{"title":"Tastes of Lake Saimaa - Restaurants in the Lake Saimaa region - Visit Saimaa","description":"Find the best restaurants in Lake Saimaa region as well as some tips for local delicacies. Try our specialties like fried vendace \"muikku\".","robots":{"index":"index","follow":"follow","max-snippet":"max-snippet:-1","max-image-preview":"max-image-preview:large","max-video-preview":"max-video-preview:-1"},"canonical":"https:\/\/www.visitsaimaa.fi\/en\/restaurants-in-lake-saimaa\/","og_locale":"en_US","og_type":"article","og_title":"Tastes of Lake Saimaa - Restaurants in the Lake Saimaa region","og_description":"Find the best restaurants in Lake Saimaa region as well as some tips for local delicacies. Try our specialties like fried vendace \"muikku\".","og_url":"https:\/\/www.visitsaimaa.fi\/en\/restaurants-in-lake-saimaa\/","og_site_name":"Visit Saimaa","article_modified_time":"2025-02-26T16:58:17+00:00","og_image":[{"width":1024,"height":716,"url":"https:\/\/www.visitsaimaa.fi\/wp-content\/uploads\/2018\/10\/joulupoyta_tertti-1024x716.jpg","type":"image\/jpeg"}],"twitter_misc":{"Est. reading time":"6 minutes"},"schema":{"@context":"https:\/\/schema.org","@graph":[{"@type":"WebPage","@id":"https:\/\/www.visitsaimaa.fi\/en\/restaurants-in-lake-saimaa\/","url":"https:\/\/www.visitsaimaa.fi\/en\/restaurants-in-lake-saimaa\/","name":"Tastes of Lake Saimaa - Restaurants in the Lake Saimaa region - Visit Saimaa","isPartOf":{"@id":"https:\/\/www.visitsaimaa.fi\/fi\/#website"},"primaryImageOfPage":{"@id":"https:\/\/www.visitsaimaa.fi\/en\/restaurants-in-lake-saimaa\/#primaryimage"},"image":{"@id":"https:\/\/www.visitsaimaa.fi\/en\/restaurants-in-lake-saimaa\/#primaryimage"},"thumbnailUrl":"https:\/\/www.visitsaimaa.fi\/wp-content\/uploads\/2018\/10\/joulupoyta_tertti.jpg","datePublished":"2016-06-17T07:00:01+00:00","dateModified":"2025-02-26T16:58:17+00:00","description":"Find the best restaurants in Lake Saimaa region as well as some tips for local delicacies. Try our specialties like fried vendace \"muikku\".","breadcrumb":{"@id":"https:\/\/www.visitsaimaa.fi\/en\/restaurants-in-lake-saimaa\/#breadcrumb"},"inLanguage":"en-US","potentialAction":[{"@type":"ReadAction","target":["https:\/\/www.visitsaimaa.fi\/en\/restaurants-in-lake-saimaa\/"]}]},{"@type":"ImageObject","inLanguage":"en-US","@id":"https:\/\/www.visitsaimaa.fi\/en\/restaurants-in-lake-saimaa\/#primaryimage","url":"https:\/\/www.visitsaimaa.fi\/wp-content\/uploads\/2018\/10\/joulupoyta_tertti.jpg","contentUrl":"https:\/\/www.visitsaimaa.fi\/wp-content\/uploads\/2018\/10\/joulupoyta_tertti.jpg","width":3993,"height":2791,"caption":"Christmas buffet Tertti Manor"},{"@type":"BreadcrumbList","@id":"https:\/\/www.visitsaimaa.fi\/en\/restaurants-in-lake-saimaa\/#breadcrumb","itemListElement":[{"@type":"ListItem","position":1,"name":"Visit Saimaa","item":"https:\/\/www.visitsaimaa.fi\/en\/"},{"@type":"ListItem","position":2,"name":"Tastes of Lake Saimaa &#8211; Restaurants in the Lake Saimaa region"}]},{"@type":"WebSite","@id":"https:\/\/www.visitsaimaa.fi\/fi\/#website","url":"https:\/\/www.visitsaimaa.fi\/fi\/","name":"Visit Saimaa","description":"The Official Travel Guide of Lakeland Saimaa","potentialAction":[{"@type":"SearchAction","target":{"@type":"EntryPoint","urlTemplate":"https:\/\/www.visitsaimaa.fi\/fi\/?s={search_term_string}"},"query-input":{"@type":"PropertyValueSpecification","valueRequired":true,"valueName":"search_term_string"}}],"inLanguage":"en-US"}]}},"_links":{"self":[{"href":"https:\/\/www.visitsaimaa.fi\/en\/wp-json\/wp\/v2\/pages\/5001","targetHints":{"allow":["GET"]}}],"collection":[{"href":"https:\/\/www.visitsaimaa.fi\/en\/wp-json\/wp\/v2\/pages"}],"about":[{"href":"https:\/\/www.visitsaimaa.fi\/en\/wp-json\/wp\/v2\/types\/page"}],"author":[{"embeddable":true,"href":"https:\/\/www.visitsaimaa.fi\/en\/wp-json\/wp\/v2\/users\/2"}],"replies":[{"embeddable":true,"href":"https:\/\/www.visitsaimaa.fi\/en\/wp-json\/wp\/v2\/comments?post=5001"}],"version-history":[{"count":31,"href":"https:\/\/www.visitsaimaa.fi\/en\/wp-json\/wp\/v2\/pages\/5001\/revisions"}],"predecessor-version":[{"id":31465,"href":"https:\/\/www.visitsaimaa.fi\/en\/wp-json\/wp\/v2\/pages\/5001\/revisions\/31465"}],"wp:featuredmedia":[{"embeddable":true,"href":"https:\/\/www.visitsaimaa.fi\/en\/wp-json\/wp\/v2\/media\/11603"}],"wp:attachment":[{"href":"https:\/\/www.visitsaimaa.fi\/en\/wp-json\/wp\/v2\/media?parent=5001"}],"wp:term":[{"taxonomy":"relatedcontent","embeddable":true,"href":"https:\/\/www.visitsaimaa.fi\/en\/wp-json\/wp\/v2\/relatedcontent?post=5001"}],"curies":[{"name":"wp","href":"https:\/\/api.w.org\/{rel}","templated":true}]}}