{"id":3564,"date":"2016-06-16T15:08:36","date_gmt":"2016-06-16T12:08:36","guid":{"rendered":"https:\/\/www.visitsaimaa.fi\/en\/?page_id=3564"},"modified":"2022-09-19T13:17:54","modified_gmt":"2022-09-19T10:17:54","slug":"finnish-cultural-attractions-mikkeli-savonlinna-varkaus","status":"publish","type":"page","link":"https:\/\/www.visitsaimaa.fi\/en\/finnish-cultural-attractions-mikkeli-savonlinna-varkaus\/","title":{"rendered":"Finland Travel &#8211; Cultural attractions in Mikkeli, Savonlinna and Varkaus | Visit Saimaa"},"content":{"rendered":"<p>[vc_row full_width=&#8221;stretch_row_content_no_spaces&#8221; parallax=&#8221;content-moving-fade&#8221; parallax_image=&#8221;11108&#8243;][vc_column][vc_column_text]<\/p>\n<h1><\/h1>\n<p>&nbsp;<\/p>\n<p>&nbsp;<\/p>\n<p>&nbsp;<\/p>\n<p>&nbsp;<\/p>\n<p>&nbsp;<\/p>\n<p>&nbsp;<\/p>\n<p>&nbsp;<\/p>\n<h1><\/h1>\n<h1><\/h1>\n<h1><\/h1>\n<h1><\/h1>\n<h1><\/h1>\n<h1><\/h1>\n<h1><\/h1>\n<h1><\/h1>\n<h1><\/h1>\n<h1><\/h1>\n<h1 class=\"montserrat\" style=\"text-align: center\"><span style=\"color: #ffffff\"><strong><span style=\"font-size: 5rem;letter-spacing: 0.3em\">Cultural attractions<\/span><\/strong><\/span><\/h1>\n<h1><\/h1>\n<h1><span style=\"color: #ffffff\">\u00a0<\/span><br \/>\n<span style=\"color: #ffffff\">\u00a0<\/span><\/h1>\n<h1><\/h1>\n<h1><\/h1>\n<h1><\/h1>\n<h1><span style=\"color: #ffffff\">\u00a0<\/span><br \/>\n<span style=\"color: #ffffff\">\u00a0<\/span><br \/>\n<span style=\"color: #ffffff\">\u00a0<\/span><\/h1>\n<h1><\/h1>\n<p>[\/vc_column_text][\/vc_column][\/vc_row][vc_row][vc_column][vc_empty_space][\/vc_column][\/vc_row][vc_row][vc_column width=&#8221;1\/2&#8243;][vc_column_text css=&#8221;.vc_custom_1511348858190{margin-top: 22px !important;}&#8221;]<strong>Finland\u2019s Saimaa lake district offers not only beautiful nature and scenic views, but also a variety of cultural attractions and experiences. There\u2019s the Finnish tango, the world-class opera festival in the globe\u2019s northernmost medieval castle, the famous Finnish sauna culture, and much, much more.<\/strong><\/p>\n<h2>Lake Saimaa \u2013 The harmony of nature and culture<\/h2>\n<p>Imagine; you are walking among the old wooden buildings in the rural town of Mikkeli, the unique countryside and unblemished nature of Lake Saimaa always within reach. In the old vicarage garden, \u201cKenk\u00e4vero,\u201d the most beautiful in Finland, you\u2019re met by the wonderful fresh scent of flowers while your eyes take in the myriad of colours; the kaleidoscope of blossoms, the green of the trees, the blue skies and shimmering lakes. All the while, the birds chirp their greeting and flit from branch to branch around you.<\/p>\n<p>Now you find yourself in a medieval castle six hundred years old, massive stone walls reaching towards the sky on all sides. You\u2019re in an audience of hundreds, waiting for the curtain to rise. The world famous opera festival of Savonlinna is about to begin\u2026[\/vc_column_text][\/vc_column][vc_column width=&#8221;1\/2&#8243;][vc_column_text]<\/p>\n<h2>More than just a pretty place &#8211; The sights of the Finnish Lake District<\/h2>\n<p>The charms of Lake Saimaa naturally include the magnificent surrounding countryside, but also cultural attractions such as music festivals and art exhibitions, eco-farms and old rural Finnish smallholdings, as well as traditional crafts and modern design. The markets also have a range of delicious local foods that you\u2019ll want to try, completely unique to the area.<\/p>\n<p>There\u2019s the guided tour of the endangered Saimaa ringed seals\u2019 home waters in Linnansaari National Park. Or you might take the trip to the unique and personable exhibitions of Art Centre V\u00e4in\u00f6l\u00e4 in the heart of the historical industrial town of Varkaus. A trip on a luxury eco boat watching the sun going down to the sound of traditional accordion playing in the background is an experience you will not forget in a hurry!<\/p>\n<p>Among the most popular destinations of Lake Saimaa are the \u201cCharms of Saimaa,\u201d conveniently close to the towns of Savonlinna and Mikkeli. In addition to accommodation, these Finnish villas range from the beautifully rustic to the luxuriously modern, and offer delicious food from the local region as well as interesting cultural attractions, events and exhibitions in relaxed countryside settings. With so much going on, what are you waiting for?[\/vc_column_text][\/vc_column][\/vc_row][vc_row][vc_column]<div class=\"posts-list-grid wpb_content_element\">\n                            <div class=\"row no-gutter\"><div class=\"row no-gutter\"><div class=\"col-xs-10 col-sm-5 col-lg-4 col-main row-two \">    <div class=\"post-box post-stub has-excerpt post-4364 post type-post status-publish format-standard has-post-thumbnail hentry category-media-hits-gb category-yleinen-en priority-3\" data-openid=\"trip-advisor-9-nordic-destinations-ve-never-heard-1-4364-1\" data-contentid=\"1:4364\" data-showrelated=\"1\" id=\"trip-advisor-9-nordic-destinations-ve-never-heard-1-4364-1\">\n\n        <div class=\"vs_post_thumbnail\" style=\"background-image: url('https:\/\/www.visitsaimaa.fi\/wp-content\/themes\/visitsaimaa2019\/images\/default_visitsaimaa_2016.jpg')\" data-attachment=\"4366-1\"><\/div>\n        <div class=\"image_overlay\"><\/div>\n                \n                <a href=\"https:\/\/www.visitsaimaa.fi\/en\/trip-advisor-9-nordic-destinations-ve-never-heard\/\"  class=\" get-post-details\" title=\"Trip Advisor &#8211; 9 Nordic Destinations You\u2019ve Never Heard Of\">\n            <span class=\"info\">\n                \n                                <span class=\"h3\">Trip Advisor &#8211; 9 Nordic Destinations You\u2019ve Never Heard Of<\/span>\n                                    <span>This waterside town is known..<\/span>\n                                            <\/span><!-- \/.info -->\n        <\/a>\n\n    <\/div>\n    <\/div><!-- box-main --><div class=\"col-xs-10 col-sm-5 col-lg-6 col-rest row-two\"><div class=\"row no-gutter\"><div class=\"col-xs-10 col-lg-66\">    <div class=\"post-box post-stub post-3670 page type-page status-publish has-post-thumbnail hentry priority-3\"  data-contentid=\"1:3670\" data-showrelated=\"1\" id=\"events-mikkeli-savonlinna-1-3670-2\">\n\n        <div class=\"vs_post_thumbnail\" style=\"background-image: url('https:\/\/www.visitsaimaa.fi\/wp-content\/themes\/visitsaimaa2019\/images\/default_visitsaimaa_2016.jpg')\" data-attachment=\"5295-1\"><\/div>\n        <div class=\"image_overlay\"><\/div>\n                \n                <a href=\"https:\/\/www.visitsaimaa.fi\/en\/events-mikkeli-savonlinna\/\"  class=\"back-to-canonical \" title=\"Finland Travel &#8211; Events on the shores of Lake Saimaa\">\n            <span class=\"info\">\n                \n                                <span class=\"h3\">Finland Travel &#8211; Events on the shores of Lake Saimaa<\/span>\n                                            <\/span><!-- \/.info -->\n        <\/a>\n\n    <\/div>\n    <\/div><div class=\"col-xs-5 col-lg-33\">    <div class=\"post-box filler \" style=\"background-color: #360032;\">\n        <div class=\"icon\"><\/div>\n                    <div class=\"background-icon\" style=\" background-image: url('');\" ><\/div>\n        \n        \n                    <span class=\"info\">\n                                            <\/span>\n        \n    <\/div>\n\n    <\/div><div class=\"col-xs-5 col-lg-33\">    <div class=\"post-box filler \" style=\"background-color: #450440;\">\n        <div class=\"icon\"><\/div>\n                    <div class=\"background-icon\" style=\" background-image: url('');\" ><\/div>\n        \n        \n                    <span class=\"info\">\n                                            <\/span>\n        \n    <\/div>\n\n    <\/div><div class=\"col-xs-10 col-lg-66\">    <div class=\"post-box post-stub post-24654 revision type-revision status-inherit hentry\" data-openid=\"3463-revision-v1-1-24654-3\" data-contentid=\"1:24654\" data-showrelated=\"1\" id=\"3463-revision-v1-1-24654-3\">\n\n        <div class=\"vs_post_thumbnail\" style=\"background-image: url('https:\/\/www.visitsaimaa.fi\/wp-content\/themes\/visitsaimaa2019\/images\/default_visitsaimaa_2016.jpg')\" ><\/div>\n        <div class=\"image_overlay\"><\/div>\n                \n                <a href=\"https:\/\/www.visitsaimaa.fi\/en\/?p=24654\"  class=\" get-post-details\" title=\"Finland Travel &#8211; Cottages by Lake Saimaa | Visit Saimaa\">\n            <span class=\"info\">\n                \n                                <span class=\"h3\">Finland Travel &#8211; Cottages by Lake Saimaa | Visit Saimaa<\/span>\n                                            <\/span><!-- \/.info -->\n        <\/a>\n\n    <\/div>\n    <\/div><\/div><!-- row --><\/div><!-- .rest --><\/div><!-- \/.row --><\/div><!-- \/.row -->\n                            <\/div><!--\/.posts-list-grid -->[\/vc_column][\/vc_row]<\/p>\n","protected":false},"excerpt":{"rendered":"<p>[vc_row full_width=&#8221;stretch_row_content_no_spaces&#8221; parallax=&#8221;content-moving-fade&#8221; parallax_image=&#8221;11108&#8243;][vc_column][vc_column_text] &nbsp; &nbsp; &nbsp; &nbsp; &nbsp; &nbsp; &nbsp; Cultural attractions \u00a0 \u00a0 \u00a0 \u00a0 \u00a0 [\/vc_column_text][\/vc_column][\/vc_row][vc_row][vc_column][vc_empty_space][\/vc_column][\/vc_row][vc_row][vc_column width=&#8221;1\/2&#8243;][vc_column_text css=&#8221;.vc_custom_1511348858190{margin-top: 22px !important;}&#8221;]Finland\u2019s Saimaa lake district offers not only beautiful [&hellip;]<\/p>\n","protected":false},"author":2,"featured_media":5033,"parent":0,"menu_order":0,"comment_status":"closed","ping_status":"closed","template":"","meta":{"footnotes":""},"relatedcontent":[],"class_list":["post-3564","page","type-page","status-publish","has-post-thumbnail","hentry","revision"],"yoast_head":"<!-- This site is optimized with the Yoast SEO Premium plugin v27.3 (Yoast SEO v27.4) - https:\/\/yoast.com\/product\/yoast-seo-premium-wordpress\/ -->\n<title>Finland Travel - Cultural attractions in Mikkeli, Savonlinna and Varkaus | Visit Saimaa - Visit Saimaa<\/title>\n<meta name=\"description\" content=\"Music, art, design and theatre \u2013 discover the wonderful cultural attractions of Mikkeli and Savonlinna in Saimaa, Finland.\" \/>\n<meta name=\"robots\" content=\"index, follow, max-snippet:-1, max-image-preview:large, max-video-preview:-1\" \/>\n<link rel=\"canonical\" href=\"https:\/\/www.visitsaimaa.fi\/en\/finnish-cultural-attractions-mikkeli-savonlinna-varkaus\/\" \/>\n<meta property=\"og:locale\" content=\"en_US\" \/>\n<meta property=\"og:type\" content=\"article\" \/>\n<meta property=\"og:title\" content=\"Finland Travel - Cultural attractions in Mikkeli, Savonlinna and Varkaus | Visit Saimaa\" \/>\n<meta property=\"og:description\" content=\"Music, art, design and theatre \u2013 discover the wonderful cultural attractions of Mikkeli and Savonlinna in Saimaa, Finland.\" \/>\n<meta property=\"og:url\" content=\"https:\/\/www.visitsaimaa.fi\/en\/finnish-cultural-attractions-mikkeli-savonlinna-varkaus\/\" \/>\n<meta property=\"og:site_name\" content=\"Visit Saimaa\" \/>\n<meta property=\"article:modified_time\" content=\"2022-09-19T10:17:54+00:00\" \/>\n<meta property=\"og:image\" content=\"https:\/\/www.visitsaimaa.fi\/wp-content\/uploads\/2016\/06\/cultural-attractions-in-Finland-mikkeli-savonlinna.jpg\" \/>\n\t<meta property=\"og:image:width\" content=\"2000\" \/>\n\t<meta property=\"og:image:height\" content=\"1333\" \/>\n\t<meta property=\"og:image:type\" content=\"image\/jpeg\" \/>\n<meta name=\"twitter:label1\" content=\"Est. reading time\" \/>\n\t<meta name=\"twitter:data1\" content=\"2 minutes\" \/>\n<script type=\"application\/ld+json\" class=\"yoast-schema-graph\">{\"@context\":\"https:\\\/\\\/schema.org\",\"@graph\":[{\"@type\":\"WebPage\",\"@id\":\"https:\\\/\\\/www.visitsaimaa.fi\\\/en\\\/finnish-cultural-attractions-mikkeli-savonlinna-varkaus\\\/\",\"url\":\"https:\\\/\\\/www.visitsaimaa.fi\\\/en\\\/finnish-cultural-attractions-mikkeli-savonlinna-varkaus\\\/\",\"name\":\"Finland Travel - Cultural attractions in Mikkeli, Savonlinna and Varkaus | Visit Saimaa - Visit Saimaa\",\"isPartOf\":{\"@id\":\"https:\\\/\\\/www.visitsaimaa.fi\\\/fi\\\/#website\"},\"primaryImageOfPage\":{\"@id\":\"https:\\\/\\\/www.visitsaimaa.fi\\\/en\\\/finnish-cultural-attractions-mikkeli-savonlinna-varkaus\\\/#primaryimage\"},\"image\":{\"@id\":\"https:\\\/\\\/www.visitsaimaa.fi\\\/en\\\/finnish-cultural-attractions-mikkeli-savonlinna-varkaus\\\/#primaryimage\"},\"thumbnailUrl\":\"https:\\\/\\\/www.visitsaimaa.fi\\\/wp-content\\\/uploads\\\/2016\\\/06\\\/cultural-attractions-in-Finland-mikkeli-savonlinna.jpg\",\"datePublished\":\"2016-06-16T12:08:36+00:00\",\"dateModified\":\"2022-09-19T10:17:54+00:00\",\"description\":\"Music, art, design and theatre \u2013 discover the wonderful cultural attractions of Mikkeli and Savonlinna in Saimaa, Finland.\",\"breadcrumb\":{\"@id\":\"https:\\\/\\\/www.visitsaimaa.fi\\\/en\\\/finnish-cultural-attractions-mikkeli-savonlinna-varkaus\\\/#breadcrumb\"},\"inLanguage\":\"en-US\",\"potentialAction\":[{\"@type\":\"ReadAction\",\"target\":[\"https:\\\/\\\/www.visitsaimaa.fi\\\/en\\\/finnish-cultural-attractions-mikkeli-savonlinna-varkaus\\\/\"]}]},{\"@type\":\"ImageObject\",\"inLanguage\":\"en-US\",\"@id\":\"https:\\\/\\\/www.visitsaimaa.fi\\\/en\\\/finnish-cultural-attractions-mikkeli-savonlinna-varkaus\\\/#primaryimage\",\"url\":\"https:\\\/\\\/www.visitsaimaa.fi\\\/wp-content\\\/uploads\\\/2016\\\/06\\\/cultural-attractions-in-Finland-mikkeli-savonlinna.jpg\",\"contentUrl\":\"https:\\\/\\\/www.visitsaimaa.fi\\\/wp-content\\\/uploads\\\/2016\\\/06\\\/cultural-attractions-in-Finland-mikkeli-savonlinna.jpg\",\"width\":2000,\"height\":1333,\"caption\":\"cultural attractions in Finland mikkeli savonlinna\"},{\"@type\":\"BreadcrumbList\",\"@id\":\"https:\\\/\\\/www.visitsaimaa.fi\\\/en\\\/finnish-cultural-attractions-mikkeli-savonlinna-varkaus\\\/#breadcrumb\",\"itemListElement\":[{\"@type\":\"ListItem\",\"position\":1,\"name\":\"Visit Saimaa\",\"item\":\"https:\\\/\\\/www.visitsaimaa.fi\\\/en\\\/\"},{\"@type\":\"ListItem\",\"position\":2,\"name\":\"Finland Travel &#8211; Cultural attractions in Mikkeli, Savonlinna and Varkaus | Visit Saimaa\"}]},{\"@type\":\"WebSite\",\"@id\":\"https:\\\/\\\/www.visitsaimaa.fi\\\/fi\\\/#website\",\"url\":\"https:\\\/\\\/www.visitsaimaa.fi\\\/fi\\\/\",\"name\":\"Visit Saimaa\",\"description\":\"The Official Travel Guide of Lakeland Saimaa\",\"potentialAction\":[{\"@type\":\"SearchAction\",\"target\":{\"@type\":\"EntryPoint\",\"urlTemplate\":\"https:\\\/\\\/www.visitsaimaa.fi\\\/fi\\\/?s={search_term_string}\"},\"query-input\":{\"@type\":\"PropertyValueSpecification\",\"valueRequired\":true,\"valueName\":\"search_term_string\"}}],\"inLanguage\":\"en-US\"}]}<\/script>\n<!-- \/ Yoast SEO Premium plugin. -->","yoast_head_json":{"title":"Finland Travel - Cultural attractions in Mikkeli, Savonlinna and Varkaus | Visit Saimaa - Visit Saimaa","description":"Music, art, design and theatre \u2013 discover the wonderful cultural attractions of Mikkeli and Savonlinna in Saimaa, Finland.","robots":{"index":"index","follow":"follow","max-snippet":"max-snippet:-1","max-image-preview":"max-image-preview:large","max-video-preview":"max-video-preview:-1"},"canonical":"https:\/\/www.visitsaimaa.fi\/en\/finnish-cultural-attractions-mikkeli-savonlinna-varkaus\/","og_locale":"en_US","og_type":"article","og_title":"Finland Travel - Cultural attractions in Mikkeli, Savonlinna and Varkaus | Visit Saimaa","og_description":"Music, art, design and theatre \u2013 discover the wonderful cultural attractions of Mikkeli and Savonlinna in Saimaa, Finland.","og_url":"https:\/\/www.visitsaimaa.fi\/en\/finnish-cultural-attractions-mikkeli-savonlinna-varkaus\/","og_site_name":"Visit Saimaa","article_modified_time":"2022-09-19T10:17:54+00:00","og_image":[{"width":2000,"height":1333,"url":"https:\/\/www.visitsaimaa.fi\/wp-content\/uploads\/2016\/06\/cultural-attractions-in-Finland-mikkeli-savonlinna.jpg","type":"image\/jpeg"}],"twitter_misc":{"Est. reading time":"2 minutes"},"schema":{"@context":"https:\/\/schema.org","@graph":[{"@type":"WebPage","@id":"https:\/\/www.visitsaimaa.fi\/en\/finnish-cultural-attractions-mikkeli-savonlinna-varkaus\/","url":"https:\/\/www.visitsaimaa.fi\/en\/finnish-cultural-attractions-mikkeli-savonlinna-varkaus\/","name":"Finland Travel - Cultural attractions in Mikkeli, Savonlinna and Varkaus | Visit Saimaa - Visit Saimaa","isPartOf":{"@id":"https:\/\/www.visitsaimaa.fi\/fi\/#website"},"primaryImageOfPage":{"@id":"https:\/\/www.visitsaimaa.fi\/en\/finnish-cultural-attractions-mikkeli-savonlinna-varkaus\/#primaryimage"},"image":{"@id":"https:\/\/www.visitsaimaa.fi\/en\/finnish-cultural-attractions-mikkeli-savonlinna-varkaus\/#primaryimage"},"thumbnailUrl":"https:\/\/www.visitsaimaa.fi\/wp-content\/uploads\/2016\/06\/cultural-attractions-in-Finland-mikkeli-savonlinna.jpg","datePublished":"2016-06-16T12:08:36+00:00","dateModified":"2022-09-19T10:17:54+00:00","description":"Music, art, design and theatre \u2013 discover the wonderful cultural attractions of Mikkeli and Savonlinna in Saimaa, Finland.","breadcrumb":{"@id":"https:\/\/www.visitsaimaa.fi\/en\/finnish-cultural-attractions-mikkeli-savonlinna-varkaus\/#breadcrumb"},"inLanguage":"en-US","potentialAction":[{"@type":"ReadAction","target":["https:\/\/www.visitsaimaa.fi\/en\/finnish-cultural-attractions-mikkeli-savonlinna-varkaus\/"]}]},{"@type":"ImageObject","inLanguage":"en-US","@id":"https:\/\/www.visitsaimaa.fi\/en\/finnish-cultural-attractions-mikkeli-savonlinna-varkaus\/#primaryimage","url":"https:\/\/www.visitsaimaa.fi\/wp-content\/uploads\/2016\/06\/cultural-attractions-in-Finland-mikkeli-savonlinna.jpg","contentUrl":"https:\/\/www.visitsaimaa.fi\/wp-content\/uploads\/2016\/06\/cultural-attractions-in-Finland-mikkeli-savonlinna.jpg","width":2000,"height":1333,"caption":"cultural attractions in Finland mikkeli savonlinna"},{"@type":"BreadcrumbList","@id":"https:\/\/www.visitsaimaa.fi\/en\/finnish-cultural-attractions-mikkeli-savonlinna-varkaus\/#breadcrumb","itemListElement":[{"@type":"ListItem","position":1,"name":"Visit Saimaa","item":"https:\/\/www.visitsaimaa.fi\/en\/"},{"@type":"ListItem","position":2,"name":"Finland Travel &#8211; Cultural attractions in Mikkeli, Savonlinna and Varkaus | Visit Saimaa"}]},{"@type":"WebSite","@id":"https:\/\/www.visitsaimaa.fi\/fi\/#website","url":"https:\/\/www.visitsaimaa.fi\/fi\/","name":"Visit Saimaa","description":"The Official Travel Guide of Lakeland Saimaa","potentialAction":[{"@type":"SearchAction","target":{"@type":"EntryPoint","urlTemplate":"https:\/\/www.visitsaimaa.fi\/fi\/?s={search_term_string}"},"query-input":{"@type":"PropertyValueSpecification","valueRequired":true,"valueName":"search_term_string"}}],"inLanguage":"en-US"}]}},"_links":{"self":[{"href":"https:\/\/www.visitsaimaa.fi\/en\/wp-json\/wp\/v2\/pages\/3564","targetHints":{"allow":["GET"]}}],"collection":[{"href":"https:\/\/www.visitsaimaa.fi\/en\/wp-json\/wp\/v2\/pages"}],"about":[{"href":"https:\/\/www.visitsaimaa.fi\/en\/wp-json\/wp\/v2\/types\/page"}],"author":[{"embeddable":true,"href":"https:\/\/www.visitsaimaa.fi\/en\/wp-json\/wp\/v2\/users\/2"}],"replies":[{"embeddable":true,"href":"https:\/\/www.visitsaimaa.fi\/en\/wp-json\/wp\/v2\/comments?post=3564"}],"version-history":[{"count":5,"href":"https:\/\/www.visitsaimaa.fi\/en\/wp-json\/wp\/v2\/pages\/3564\/revisions"}],"predecessor-version":[{"id":27356,"href":"https:\/\/www.visitsaimaa.fi\/en\/wp-json\/wp\/v2\/pages\/3564\/revisions\/27356"}],"wp:featuredmedia":[{"embeddable":true,"href":"https:\/\/www.visitsaimaa.fi\/en\/wp-json\/wp\/v2\/media\/5033"}],"wp:attachment":[{"href":"https:\/\/www.visitsaimaa.fi\/en\/wp-json\/wp\/v2\/media?parent=3564"}],"wp:term":[{"taxonomy":"relatedcontent","embeddable":true,"href":"https:\/\/www.visitsaimaa.fi\/en\/wp-json\/wp\/v2\/relatedcontent?post=3564"}],"curies":[{"name":"wp","href":"https:\/\/api.w.org\/{rel}","templated":true}]}}