{"id":17609,"date":"2020-09-14T13:16:21","date_gmt":"2020-09-14T10:16:21","guid":{"rendered":"https:\/\/www.visitsaimaa.fi\/?page_id=17609"},"modified":"2022-06-15T14:50:18","modified_gmt":"2022-06-15T11:50:18","slug":"lake-spa-and-linnansaari-national-park","status":"publish","type":"page","link":"https:\/\/www.visitsaimaa.fi\/en\/lake-spa-and-linnansaari-national-park\/","title":{"rendered":"Lake SPA and Linnansaari national park"},"content":{"rendered":"<p>[vc_row full_width=&#8221;stretch_row_content_no_spaces&#8221; full_height=&#8221;yes&#8221; parallax=&#8221;content-moving-fade&#8221; parallax_image=&#8221;17642&#8243;][vc_column][vc_column_text]<\/p>\n<h1 class=\"montserrat\" style=\"text-align: center\"><strong><span style=\"color: #ffffff;font-size: 5rem;letter-spacing: .3em\">Lake SPA<br \/>\n&amp; Linnansaari national park<\/span><\/strong><\/h1>\n<p>[\/vc_column_text][\/vc_column][\/vc_row][vc_row css=&#8221;.vc_custom_1596089572144{margin-right: 200px !important;margin-left: 200px !important;}&#8221;][vc_column width=&#8221;1\/2&#8243;][vc_custom_heading text=&#8221;Enjoy unique Lake SPA<br \/>\nand Linnansaari national park&#8221; font_container=&#8221;tag:h2|text_align:center&#8221;][vc_empty_space][\/vc_column][vc_column width=&#8221;1\/2&#8243;][vc_empty_space][vc_column_text]<strong>Linnansaari<\/strong>, in the heart of the Finnish Lake District, is an ideal place to spot rare lake seals and majestic ospreys. The waters of the park are dotted with lush green islands and rocky islets. At Linnansaari Croft traditional slash-and-burn farming practices are preserved. The lakeland scenery is a delight all year round.[\/vc_column_text][\/vc_column][\/vc_row][vc_row css=&#8221;.vc_custom_1596089772051{margin-right: 200px !important;margin-left: 200px !important;}&#8221;][vc_column][vc_single_image image=&#8221;17618&#8243; img_size=&#8221;full&#8221; alignment=&#8221;center&#8221;][\/vc_column][\/vc_row][vc_row css=&#8221;.vc_custom_1596089572144{margin-right: 200px !important;margin-left: 200px !important;}&#8221;][vc_column][vc_column_text]<b>Looking for unique accommodation with possibilities for active holiday? Come to visit J\u00e4rvisyd\u00e4n resort and stunning Linnansaari national park with it&#8217;s world-famous Saimaa ringed seal<\/b><\/p>\n<p>Since the year 1685 the Heiskanen family has provided travelers visiting Porosalmi in the northern part of beautiful Lake Saimaa with exceptional hospitality and services. In the beginning, a strong incentive for establishing the resort was an agreement between the Czar of Russia and the King of Sweden to build and maintain a road (an ice road during winter) through Finland. At the time, it was stipulated that a location for feeding horses and to accommodate travelers would need to be established at 30 km intervals along the way. Porosalmi just happened to be located in one of these places.[\/vc_column_text][\/vc_column][\/vc_row][vc_row css=&#8221;.vc_custom_1596089572144{margin-right: 200px !important;margin-left: 200px !important;}&#8221;][vc_column width=&#8221;2\/3&#8243;][vc_column_text]<strong>Arriving to Saimaa region, accommodation in J\u00e4rvisyd\u00e4n resort and relaxing in eco-friendly Lake Spa<\/strong><\/p>\n<p>J\u00e4rvisyd\u00e4n resort is located close to the city of Savonlinna, and its famous Olavinlinna castle. You can reach J\u00e4rvisyd\u00e4n by flying to Helsinki and taking a rental car, or taking a flight from Helsinki to Savonlinna. J\u00e4rvisyd\u00e4n organizes transfers between Savonlinna airport and J\u00e4rvisyd\u00e4n (pre-booking required).<\/p>\n<p>Lake Spa will give you a new kind of Finnish lake wellness experience. The spa is built in the middle of the natural rocks and the large windows are overlooking Lake Saimaa. Natural materials are used for Lake Spa\u2019s genuine and exciting experience. The building itself will be hidden under the forest terrain, which amplifies J\u00e4rvisyd\u00e4n\u2019s original atmosphere.<\/p>\n<p>You can find suitable accommodation at J\u00e4rvisyd\u00e4n whether you\u2019re staying for only a short time or having a longer holiday with us. All the hotel rooms are located close by the restaurant and Lake Spa.<\/p>\n<p><a href=\"http:\/\/www.jarvisydan.com\" target=\"_blank\" rel=\"noopener noreferrer\">www.jarvisydan.com<\/a>[\/vc_column_text][\/vc_column][vc_column width=&#8221;1\/3&#8243;][vc_empty_space height=&#8221;52px&#8221;][vc_single_image image=&#8221;17650&#8243; img_size=&#8221;full&#8221;][\/vc_column][\/vc_row][vc_row][vc_column][vc_single_image image=&#8221;17622&#8243; img_size=&#8221;full&#8221; alignment=&#8221;center&#8221;][\/vc_column][\/vc_row][vc_row css=&#8221;.vc_custom_1596089572144{margin-right: 200px !important;margin-left: 200px !important;}&#8221;][vc_column width=&#8221;2\/3&#8243;][vc_column_text]<strong>Take a Saimaa ringed seal sightseeing cruise to Linnansaari national park<\/strong><\/p>\n<p>Saimaa Ringed Seal is an endangered species, living only in Lake Saimaa, and Linnansaari is probably one of the best places to spot this rare seal.\u00a0 Saimaa Ringed Seal Safari\u2019s wooden boat moves slowly and smoothly through the waters of Linnansaari National Park, seeking out the secret hiding places of Saimaa seal. Along the way you can observe Osprey nests and other birds as well.<\/p>\n<p>The National Park is a 40 km long and 5 &#8211; 10 km wide area in the middle of Lake Haukivesi, a part of Lake Saimaa. The magnificent landscape alternates between a labyrinth of sheltered islands and broader open waters. The park includes more than 130 islands and hundreds of smaller islets and protruding rocks. The purchase of the core areas of the national park was justified with their natural beauty. Preserving Finland\u2019s original lakeland nature for future generations and research was mentioned as the justification for the establishment of the national park.<\/p>\n<p>Gliding over the open waters of Lake Saimaa, the Osprey (<em>Pandion haliaetus<\/em>) is a majestic sight. The Osprey is one of the biggest birds of prey in Finland, and Linnansaari has one of the densest osprey populations in the country. Ospreys nest in the staunch tops of the shoreline pines. In the large twig nests they usually have 1 &#8211; 3 young birds. The osprey is very skilful in search of prey. Shallow lakes with clear water are ideal places for them to be able to see the fish. It is amazing to watch how they dive on their prey and take off again with fish in their talons.[\/vc_column_text][\/vc_column][vc_column width=&#8221;1\/3&#8243;][vc_single_image image=&#8221;17632&#8243; img_size=&#8221;full&#8221;][\/vc_column][\/vc_row][vc_row][vc_column][vc_single_image image=&#8221;17627&#8243; img_size=&#8221;full&#8221; alignment=&#8221;center&#8221;][\/vc_column][\/vc_row][vc_row css=&#8221;.vc_custom_1596089572144{margin-right: 200px !important;margin-left: 200px !important;}&#8221;][vc_column][vc_column_text]<strong>Visit Savonlinna and Olavinlinna castle\u00a0<\/strong><\/p>\n<p>As a\u00a0 popular destination on the shores of Saimaa,\u00a0<a href=\"https:\/\/visitsavonlinna.fi\/en\/\" target=\"_blank\" rel=\"noopener noreferrer\"><strong>Savonlinna<\/strong><\/a>\u00a0offers culture and small town magic for locals and visitors alike. With the world\u2019s northernmost medieval castle and the world famous opera festival, and the historical old town with it\u2019s wooden houses and quaint shops and cafes, Savonlinna is a must for any visitor to the Saimaa region.<\/p>\n<p>Lake cruises are a big part of summer of Savonlinna and its surrounding areas.\u00a0A cruise along Lake Saimaa on a nostalgic steamboat or a handy motorboat is a relaxing way to spend a sunny summer day while enjoying the scenery around Savonlinna<\/p>\n<p><strong>See and eat:<\/strong><\/p>\n<p><a href=\"https:\/\/visitsavonlinna.fi\/en\/olavinlinna\/\" target=\"_blank\" rel=\"noopener noreferrer\"><strong>Olavinlinna castle<\/strong><\/a> is the crown jewel of Savonlinna. Majestic and steeped in history, the walls of the castle have plenty of fascinating stories to tell \u2013 including the story of the maiden buried in the castle wall for treason. Nearby <a href=\"https:\/\/visitsavonlinna.fi\/en\/products\/riihisaari-lake-saimaa-nature-and-culture-centre\/\" target=\"_blank\" rel=\"noopener noreferrer\"><strong>Riihisaari Museum<\/strong><\/a>\u00a0brings the story of Saimaa and it\u2019s inhabitants to life.<\/p>\n<p>Discover the Finnish summer by shoreline cruise traveling through the gorgeous Saimaa Lakeland labyrinth. Sightseeing cruises by original Finnish handmade steamships\u00a0<a href=\"https:\/\/visitsavonlinna.fi\/en\/products\/s-s-punkaharju-midnight-summer-cruise\/\" target=\"_blank\" rel=\"noopener noreferrer\"><strong>S\/S Paul Wahl, S\/S Punkaharju and\u00a0S\/S Savonlinna<\/strong><\/a>\u00a0offer you an insight into the history of a Finnish inland lake. The fascinating Finnish national scenery combined with a traditional steamship is an unforgettable experience.<\/p>\n<p>As soon as you walk in through the front door of\u00a0<a href=\"https:\/\/www.kahvilasaima.fi\/?lang=en\" target=\"_blank\" rel=\"noopener noreferrer\"><strong>Cafe Saima<\/strong><\/a>, you are surrounded by the very welcoming atmosphere and the smell of freshly ground coffee and baked hot pastries. Small, but varied caf\u00e9-restaurant style menu offers something for everyone. Caf\u00e9 is located just close by to the castle.[\/vc_column_text][\/vc_column][\/vc_row][vc_row][vc_column width=&#8221;1\/6&#8243;][\/vc_column][vc_column width=&#8221;2\/3&#8243;][vc_raw_html]JTNDaWZyYW1lJTIwc3JjJTNEJTIyaHR0cHMlM0ElMkYlMkZ3d3cuZ29vZ2xlLmNvbSUyRm1hcHMlMkZlbWJlZCUzRnBiJTNEJTIxMW0zNCUyMTFtMTIlMjExbTMlMjExZDk4NTk4MC4zNjA3NTE0ODklMjEyZDI1Ljc5NzU4MzQ4NzY2NCUyMTNkNjEuMTQwNDQyODc0ODA5MjElMjEybTMlMjExZjAlMjEyZjAlMjEzZjAlMjEzbTIlMjExaTEwMjQlMjEyaTc2OCUyMTRmMTMuMSUyMTRtMTklMjEzZTAlMjE0bTUlMjExczB4NDY5MjBiYzc5NjIxMDY5MSUyNTNBMHhjZDRlYmQ4NDNiZTJmNzYzJTIxMnNIZWxzaW5raSUyMTNtMiUyMTFkNjAuMTY5ODU1NyUyMTJkMjQuOTM4Mzc5MSUyMTRtNSUyMTFzMHg0NjlhZTMzOGUxNjI3NjY3JTI1M0EweDY2Yzc0YmVkYjk0MDFhOGQlMjEyc0hvdGVsJTI1MjAlMjUyNiUyNTIwU3BhJTI1MjBSZXNvcnQlMjUyMEolMjVDMyUyNUE0cnZpc3lkJTI1QzMlMjVBNG4lMjUyQyUyNTIwUG9yb3NhbG1lbnRpZSUyNTJDJTI1MjBSYW50YXNhbG1pJTIxM20yJTIxMWQ2Mi4xMjA3NDM5OTk5OTk5OTUlMjEyZDI4LjMxMjEwOTk5OTk5OTk5NyUyMTRtNSUyMTFzMHg0NjlhNTA3ODU3ZjcxZGE1JTI1M0EweGFkMTU5ZDQ4Y2Q2N2JjNGUlMjEyc1Nhdm9ubGlubmElMjEzbTIlMjExZDYxLjg2Nzk3MjglMjEyZDI4Ljg4NjM4NDMlMjE1ZTAlMjEzbTIlMjExc2ZpJTIxMnNmaSUyMTR2MTYwMDA3ODQ1MjMwMiUyMTVtMiUyMTFzZmklMjEyc2ZpJTIyJTIwd2lkdGglM0QlMjIxMDI0JTIyJTIwaGVpZ2h0JTNEJTIyNjAwJTIyJTIwZnJhbWVib3JkZXIlM0QlMjIwJTIyJTIwc3R5bGUlM0QlMjJib3JkZXIlM0EwJTNCJTIyJTIwYWxsb3dmdWxsc2NyZWVuJTNEJTIyJTIyJTIwYXJpYS1oaWRkZW4lM0QlMjJmYWxzZSUyMiUyMHRhYmluZGV4JTNEJTIyMCUyMiUzRSUzQyUyRmlmcmFtZSUzRQ==[\/vc_raw_html][\/vc_column][vc_column width=&#8221;1\/6&#8243;][\/vc_column][\/vc_row]<\/p>\n","protected":false},"excerpt":{"rendered":"<p>[vc_row full_width=&#8221;stretch_row_content_no_spaces&#8221; full_height=&#8221;yes&#8221; parallax=&#8221;content-moving-fade&#8221; parallax_image=&#8221;17642&#8243;][vc_column][vc_column_text] Lake SPA &amp; Linnansaari national park [\/vc_column_text][\/vc_column][\/vc_row][vc_row css=&#8221;.vc_custom_1596089572144{margin-right: 200px !important;margin-left: 200px !important;}&#8221;][vc_column width=&#8221;1\/2&#8243;][vc_custom_heading text=&#8221;Enjoy unique Lake SPA and Linnansaari national park&#8221; font_container=&#8221;tag:h2|text_align:center&#8221;][vc_empty_space][\/vc_column][vc_column width=&#8221;1\/2&#8243;][vc_empty_space][vc_column_text]Linnansaari, in the [&hellip;]<\/p>\n","protected":false},"author":15,"featured_media":0,"parent":0,"menu_order":0,"comment_status":"closed","ping_status":"closed","template":"","meta":{"footnotes":""},"relatedcontent":[],"class_list":{"0":"post-17609","1":"page","2":"type-page","3":"status-publish","4":"hentry","6":"priority-3"},"yoast_head":"<!-- This site is optimized with the Yoast SEO Premium plugin v27.3 (Yoast SEO v27.2) - https:\/\/yoast.com\/product\/yoast-seo-premium-wordpress\/ -->\n<title>Lake SPA and Linnansaari national park - Visit Saimaa<\/title>\n<meta name=\"description\" content=\"Lake SPA &amp; Linnansaari national park Linnansaari, in the heart of the Finnish Lake District, is an ideal place to spot rare lake seals and majestic\" \/>\n<meta name=\"robots\" content=\"index, follow, max-snippet:-1, max-image-preview:large, max-video-preview:-1\" \/>\n<link rel=\"canonical\" href=\"https:\/\/www.visitsaimaa.fi\/en\/lake-spa-and-linnansaari-national-park\/\" \/>\n<meta property=\"og:locale\" content=\"en_US\" \/>\n<meta property=\"og:type\" content=\"article\" \/>\n<meta property=\"og:title\" content=\"Lake SPA and Linnansaari national park - Visit Saimaa\" \/>\n<meta property=\"og:description\" content=\"Lake SPA &amp; Linnansaari national park Linnansaari, in the heart of the Finnish Lake District, is an ideal place to spot rare lake seals and majestic\" \/>\n<meta property=\"og:url\" content=\"https:\/\/www.visitsaimaa.fi\/en\/lake-spa-and-linnansaari-national-park\/\" \/>\n<meta property=\"og:site_name\" content=\"Visit Saimaa\" \/>\n<meta property=\"article:modified_time\" content=\"2022-06-15T11:50:18+00:00\" \/>\n<meta name=\"twitter:label1\" content=\"Est. reading time\" \/>\n\t<meta name=\"twitter:data1\" content=\"6 minutes\" \/>\n<script type=\"application\/ld+json\" class=\"yoast-schema-graph\">{\"@context\":\"https:\/\/schema.org\",\"@graph\":[{\"@type\":\"WebPage\",\"@id\":\"https:\/\/www.visitsaimaa.fi\/en\/lake-spa-and-linnansaari-national-park\/\",\"url\":\"https:\/\/www.visitsaimaa.fi\/en\/lake-spa-and-linnansaari-national-park\/\",\"name\":\"Lake SPA and Linnansaari national park - Visit Saimaa\",\"isPartOf\":{\"@id\":\"https:\/\/www.visitsaimaa.fi\/fi\/#website\"},\"datePublished\":\"2020-09-14T10:16:21+00:00\",\"dateModified\":\"2022-06-15T11:50:18+00:00\",\"description\":\"Lake SPA &amp; Linnansaari national park Linnansaari, in the heart of the Finnish Lake District, is an ideal place to spot rare lake seals and majestic\",\"breadcrumb\":{\"@id\":\"https:\/\/www.visitsaimaa.fi\/en\/lake-spa-and-linnansaari-national-park\/#breadcrumb\"},\"inLanguage\":\"en-US\",\"potentialAction\":[{\"@type\":\"ReadAction\",\"target\":[\"https:\/\/www.visitsaimaa.fi\/en\/lake-spa-and-linnansaari-national-park\/\"]}]},{\"@type\":\"BreadcrumbList\",\"@id\":\"https:\/\/www.visitsaimaa.fi\/en\/lake-spa-and-linnansaari-national-park\/#breadcrumb\",\"itemListElement\":[{\"@type\":\"ListItem\",\"position\":1,\"name\":\"Visit Saimaa\",\"item\":\"https:\/\/www.visitsaimaa.fi\/en\/\"},{\"@type\":\"ListItem\",\"position\":2,\"name\":\"Lake SPA and Linnansaari national park\"}]},{\"@type\":\"WebSite\",\"@id\":\"https:\/\/www.visitsaimaa.fi\/fi\/#website\",\"url\":\"https:\/\/www.visitsaimaa.fi\/fi\/\",\"name\":\"Visit Saimaa\",\"description\":\"The Official Travel Guide of Lakeland Saimaa\",\"potentialAction\":[{\"@type\":\"SearchAction\",\"target\":{\"@type\":\"EntryPoint\",\"urlTemplate\":\"https:\/\/www.visitsaimaa.fi\/fi\/?s={search_term_string}\"},\"query-input\":{\"@type\":\"PropertyValueSpecification\",\"valueRequired\":true,\"valueName\":\"search_term_string\"}}],\"inLanguage\":\"en-US\"}]}<\/script>\n<!-- \/ Yoast SEO Premium plugin. -->","yoast_head_json":{"title":"Lake SPA and Linnansaari national park - Visit Saimaa","description":"Lake SPA &amp; Linnansaari national park Linnansaari, in the heart of the Finnish Lake District, is an ideal place to spot rare lake seals and majestic","robots":{"index":"index","follow":"follow","max-snippet":"max-snippet:-1","max-image-preview":"max-image-preview:large","max-video-preview":"max-video-preview:-1"},"canonical":"https:\/\/www.visitsaimaa.fi\/en\/lake-spa-and-linnansaari-national-park\/","og_locale":"en_US","og_type":"article","og_title":"Lake SPA and Linnansaari national park - Visit Saimaa","og_description":"Lake SPA &amp; Linnansaari national park Linnansaari, in the heart of the Finnish Lake District, is an ideal place to spot rare lake seals and majestic","og_url":"https:\/\/www.visitsaimaa.fi\/en\/lake-spa-and-linnansaari-national-park\/","og_site_name":"Visit Saimaa","article_modified_time":"2022-06-15T11:50:18+00:00","twitter_misc":{"Est. reading time":"6 minutes"},"schema":{"@context":"https:\/\/schema.org","@graph":[{"@type":"WebPage","@id":"https:\/\/www.visitsaimaa.fi\/en\/lake-spa-and-linnansaari-national-park\/","url":"https:\/\/www.visitsaimaa.fi\/en\/lake-spa-and-linnansaari-national-park\/","name":"Lake SPA and Linnansaari national park - Visit Saimaa","isPartOf":{"@id":"https:\/\/www.visitsaimaa.fi\/fi\/#website"},"datePublished":"2020-09-14T10:16:21+00:00","dateModified":"2022-06-15T11:50:18+00:00","description":"Lake SPA &amp; Linnansaari national park Linnansaari, in the heart of the Finnish Lake District, is an ideal place to spot rare lake seals and majestic","breadcrumb":{"@id":"https:\/\/www.visitsaimaa.fi\/en\/lake-spa-and-linnansaari-national-park\/#breadcrumb"},"inLanguage":"en-US","potentialAction":[{"@type":"ReadAction","target":["https:\/\/www.visitsaimaa.fi\/en\/lake-spa-and-linnansaari-national-park\/"]}]},{"@type":"BreadcrumbList","@id":"https:\/\/www.visitsaimaa.fi\/en\/lake-spa-and-linnansaari-national-park\/#breadcrumb","itemListElement":[{"@type":"ListItem","position":1,"name":"Visit Saimaa","item":"https:\/\/www.visitsaimaa.fi\/en\/"},{"@type":"ListItem","position":2,"name":"Lake SPA and Linnansaari national park"}]},{"@type":"WebSite","@id":"https:\/\/www.visitsaimaa.fi\/fi\/#website","url":"https:\/\/www.visitsaimaa.fi\/fi\/","name":"Visit Saimaa","description":"The Official Travel Guide of Lakeland Saimaa","potentialAction":[{"@type":"SearchAction","target":{"@type":"EntryPoint","urlTemplate":"https:\/\/www.visitsaimaa.fi\/fi\/?s={search_term_string}"},"query-input":{"@type":"PropertyValueSpecification","valueRequired":true,"valueName":"search_term_string"}}],"inLanguage":"en-US"}]}},"_links":{"self":[{"href":"https:\/\/www.visitsaimaa.fi\/en\/wp-json\/wp\/v2\/pages\/17609","targetHints":{"allow":["GET"]}}],"collection":[{"href":"https:\/\/www.visitsaimaa.fi\/en\/wp-json\/wp\/v2\/pages"}],"about":[{"href":"https:\/\/www.visitsaimaa.fi\/en\/wp-json\/wp\/v2\/types\/page"}],"author":[{"embeddable":true,"href":"https:\/\/www.visitsaimaa.fi\/en\/wp-json\/wp\/v2\/users\/15"}],"replies":[{"embeddable":true,"href":"https:\/\/www.visitsaimaa.fi\/en\/wp-json\/wp\/v2\/comments?post=17609"}],"version-history":[{"count":1,"href":"https:\/\/www.visitsaimaa.fi\/en\/wp-json\/wp\/v2\/pages\/17609\/revisions"}],"predecessor-version":[{"id":26675,"href":"https:\/\/www.visitsaimaa.fi\/en\/wp-json\/wp\/v2\/pages\/17609\/revisions\/26675"}],"wp:attachment":[{"href":"https:\/\/www.visitsaimaa.fi\/en\/wp-json\/wp\/v2\/media?parent=17609"}],"wp:term":[{"taxonomy":"relatedcontent","embeddable":true,"href":"https:\/\/www.visitsaimaa.fi\/en\/wp-json\/wp\/v2\/relatedcontent?post=17609"}],"curies":[{"name":"wp","href":"https:\/\/api.w.org\/{rel}","templated":true}]}}