{"id":14811,"date":"2019-11-12T13:14:43","date_gmt":"2019-11-12T11:14:43","guid":{"rendered":"https:\/\/www.visitsaimaa.fi\/?page_id=14811"},"modified":"2019-11-12T13:14:43","modified_gmt":"2019-11-12T11:14:43","slug":"tynkkylan-lomaniemi-it","status":"publish","type":"page","link":"https:\/\/www.visitsaimaa.fi\/en\/charms-of-saimaa-it\/tynkkylan-lomaniemi-it\/","title":{"rendered":"Tynkkyl\u00e4n Lomaniemi IT"},"content":{"rendered":"<p>[vc_row full_width=&#8221;stretch_row&#8221; parallax=&#8221;content-moving-fade&#8221; parallax_image=&#8221;13934&#8243; css=&#8221;.vc_custom_1573556727297{padding-bottom: 700px !important;}&#8221;][vc_column][\/vc_column][\/vc_row][vc_row][vc_column][vc_column_text]<\/p>\n<h1 style=\"text-align: center\">Tynkkyl\u00e4n Lomaniemi<\/h1>\n<p style=\"text-align: center\"><strong>Il complesso vacanziero Tynkkyl\u00e4n Lomaniemi \u00e8 un\u2019impresa a gestione familiare situata a Punkaharju, a ridosso delle acque dove vive la foca del Saimaa. Ogni cliente viene servito individualmente e ciascuna delle nostre ville dispone di tutti i comfort necessari e di un tratto di riva a uso esclusivo. Il nostro caff\u00e8-ristorante panoramico \u00e8 aperto in estate e su commissione; gli altri servizi di ristorazione sono disponibili su ordine specifico. Abbiamo un attracco turistico per le barche che percorrono il lago Saimaa.<\/strong><\/p>\n<h2 style=\"text-align: center\">Case per le vacanze e un attracco turistico<\/h2>\n<p style=\"text-align: center\">Le nostre 14 ville, ciascuna con un suo tratto di riva, sono situate sulla bellissima punta M\u00f6kinniemi, in un ambiente tranquillo e pulito, in mezzo alla natura. Ogni villa \u00e8 individuale. L\u2019attracco turistico, con cinque banchine separate e diversi posti boa, offre un ospitale posto di riposo per chi va in barca sul lago. Le saune, la toilette e la tettoia con il barbecue sono a disposizione dei visitatori.<\/p>\n<h2 style=\"text-align: center\">Genuine specialit\u00e0 gastronomiche locali<\/h2>\n<p style=\"text-align: center\">Il caff\u00e8-ristorante panoramico \u00e8 aperto in estate, ogni giorno dalle 9 alle 20 mentre in altri periodi dell\u2019anno ci vuole una prenotazione. Ogni domenica dalle 12 alle 15, in estate, \u00e8 preparato un buffet con specialit\u00e0 regionali di Savo e Carelia. Dodici mesi su dodici, organizziamo feste di compleanno e di nozze, eventi di formazione, ecc.<\/p>\n<h2 style=\"text-align: center\">Attivit\u00e0 sportivo-ricreative, cose da vedere, esperienze e avventure<\/h2>\n<p style=\"text-align: center\">La natura intorno a Lomaniemi vi invita a praticare attivit\u00e0 sportivo-ricreative. Potete divertirvi con il SUP, fare un giro in barca, correre in bici, andare in canoa o kayak, passeggiare per i sentieri in natura, fare una camminata con le racchette da neve, pescare attraverso un buco praticato nel ghiaccio del lago, e cos\u00ec via. Nelle acque vicine \u00e8 possibile avvistare una foca del Saimaa e intorno all\u2019edificio principale abbiamo simpatici animali d\u2019affezione e da fattoria. Vale assolutamente la pena di visitare la casa museo e di scoprire l\u2019offerta del negozio di prodotti tessili.<\/p>\n<p>[\/vc_column_text][vc_single_image image=&#8221;14364&#8243; img_size=&#8221;&#8221; alignment=&#8221;center&#8221;][\/vc_column][\/vc_row][vc_row][vc_column width=&#8221;1\/5&#8243;][vc_single_image image=&#8221;13930&#8243; img_size=&#8221;500&#215;500&#8243; alignment=&#8221;center&#8221; onclick=&#8221;link_image&#8221;][\/vc_column][vc_column width=&#8221;1\/5&#8243;][vc_single_image image=&#8221;13942&#8243; img_size=&#8221;500&#215;500&#8243; alignment=&#8221;center&#8221; onclick=&#8221;link_image&#8221;][\/vc_column][vc_column width=&#8221;1\/5&#8243;][vc_single_image image=&#8221;13946&#8243; img_size=&#8221;500&#215;500&#8243; alignment=&#8221;center&#8221; onclick=&#8221;link_image&#8221;][\/vc_column][vc_column width=&#8221;1\/5&#8243;][vc_single_image image=&#8221;13938&#8243; img_size=&#8221;500&#215;500&#8243; alignment=&#8221;center&#8221; onclick=&#8221;link_image&#8221;][\/vc_column][vc_column width=&#8221;1\/5&#8243;][vc_single_image image=&#8221;13952&#8243; img_size=&#8221;500&#215;500&#8243; alignment=&#8221;center&#8221; onclick=&#8221;link_image&#8221;][\/vc_column][\/vc_row][vc_row full_width=&#8221;stretch_row&#8221; css=&#8221;.vc_custom_1573549978657{padding-top: 50px !important;padding-bottom: 50px !important;background-color: #efefef !important;}&#8221;][vc_column][vc_column_text]<\/p>\n<p style=\"text-align: center\"><strong>Tynkkyl\u00e4n Lomaniemi<\/strong><br \/>\nLomaniementie 66<br \/>\n58580 Vuoriniemi<br \/>\n+358 40 7326138<br \/>\njukka.heikkonen@lomaniemi.fi<\/p>\n<p style=\"text-align: center\">Aperto tutto l\u2019anno.<\/p>\n<p style=\"text-align: center\"><a href=\"http:\/\/www.lomaniemi.fi\/\">www.lomaniemi.fi<\/a><br \/>\n<a href=\"https:\/\/www.facebook.com\/lomaniemi\/\">Facebook<\/a><\/p>\n<p>[\/vc_column_text][\/vc_column][\/vc_row]<\/p>\n","protected":false},"excerpt":{"rendered":"<p>[vc_row full_width=&#8221;stretch_row&#8221; parallax=&#8221;content-moving-fade&#8221; parallax_image=&#8221;13934&#8243; css=&#8221;.vc_custom_1573556727297{padding-bottom: 700px !important;}&#8221;][vc_column][\/vc_column][\/vc_row][vc_row][vc_column][vc_column_text] Tynkkyl\u00e4n Lomaniemi Il complesso vacanziero Tynkkyl\u00e4n Lomaniemi \u00e8 un\u2019impresa a gestione familiare situata a Punkaharju, a ridosso delle acque dove vive la foca [&hellip;]<\/p>\n","protected":false},"author":46,"featured_media":0,"parent":14759,"menu_order":0,"comment_status":"closed","ping_status":"closed","template":"","meta":{"footnotes":""},"relatedcontent":[],"class_list":{"0":"post-14811","1":"page","2":"type-page","3":"status-publish","4":"hentry","6":"priority-3"},"yoast_head":"<!-- This site is optimized with the Yoast SEO Premium plugin v27.3 (Yoast SEO v27.2) - https:\/\/yoast.com\/product\/yoast-seo-premium-wordpress\/ -->\n<title>Tynkkyl\u00e4n Lomaniemi IT - Visit Saimaa<\/title>\n<meta name=\"description\" content=\"Tynkkyl\u00e4n Lomaniemi Il complesso vacanziero Tynkkyl\u00e4n Lomaniemi \u00e8 un\u2019impresa a gestione familiare situata a Punkaharju, a ridosso delle acque dove vive la\" \/>\n<meta name=\"robots\" content=\"index, follow, max-snippet:-1, max-image-preview:large, max-video-preview:-1\" \/>\n<link rel=\"canonical\" href=\"https:\/\/www.visitsaimaa.fi\/en\/charms-of-saimaa-it\/tynkkylan-lomaniemi-it\/\" \/>\n<meta property=\"og:locale\" content=\"en_US\" \/>\n<meta property=\"og:type\" content=\"article\" \/>\n<meta property=\"og:title\" content=\"Tynkkyl\u00e4n Lomaniemi IT - Visit Saimaa\" \/>\n<meta property=\"og:description\" content=\"Tynkkyl\u00e4n Lomaniemi Il complesso vacanziero Tynkkyl\u00e4n Lomaniemi \u00e8 un\u2019impresa a gestione familiare situata a Punkaharju, a ridosso delle acque dove vive la\" \/>\n<meta property=\"og:url\" content=\"https:\/\/www.visitsaimaa.fi\/en\/charms-of-saimaa-it\/tynkkylan-lomaniemi-it\/\" \/>\n<meta property=\"og:site_name\" content=\"Visit Saimaa\" \/>\n<meta name=\"twitter:label1\" content=\"Est. reading time\" \/>\n\t<meta name=\"twitter:data1\" content=\"3 minutes\" \/>\n<script type=\"application\/ld+json\" class=\"yoast-schema-graph\">{\"@context\":\"https:\/\/schema.org\",\"@graph\":[{\"@type\":\"WebPage\",\"@id\":\"https:\/\/www.visitsaimaa.fi\/en\/charms-of-saimaa-it\/tynkkylan-lomaniemi-it\/\",\"url\":\"https:\/\/www.visitsaimaa.fi\/en\/charms-of-saimaa-it\/tynkkylan-lomaniemi-it\/\",\"name\":\"Tynkkyl\u00e4n Lomaniemi IT - Visit Saimaa\",\"isPartOf\":{\"@id\":\"https:\/\/www.visitsaimaa.fi\/fi\/#website\"},\"datePublished\":\"2019-11-12T11:14:43+00:00\",\"description\":\"Tynkkyl\u00e4n Lomaniemi Il complesso vacanziero Tynkkyl\u00e4n Lomaniemi \u00e8 un\u2019impresa a gestione familiare situata a Punkaharju, a ridosso delle acque dove vive la\",\"breadcrumb\":{\"@id\":\"https:\/\/www.visitsaimaa.fi\/en\/charms-of-saimaa-it\/tynkkylan-lomaniemi-it\/#breadcrumb\"},\"inLanguage\":\"en-US\",\"potentialAction\":[{\"@type\":\"ReadAction\",\"target\":[\"https:\/\/www.visitsaimaa.fi\/en\/charms-of-saimaa-it\/tynkkylan-lomaniemi-it\/\"]}]},{\"@type\":\"BreadcrumbList\",\"@id\":\"https:\/\/www.visitsaimaa.fi\/en\/charms-of-saimaa-it\/tynkkylan-lomaniemi-it\/#breadcrumb\",\"itemListElement\":[{\"@type\":\"ListItem\",\"position\":1,\"name\":\"Visit Saimaa\",\"item\":\"https:\/\/www.visitsaimaa.fi\/en\/\"},{\"@type\":\"ListItem\",\"position\":2,\"name\":\"Charms Of Saimaa IT\",\"item\":\"https:\/\/www.visitsaimaa.fi\/en\/charms-of-saimaa-it\/\"},{\"@type\":\"ListItem\",\"position\":3,\"name\":\"Tynkkyl\u00e4n Lomaniemi IT\"}]},{\"@type\":\"WebSite\",\"@id\":\"https:\/\/www.visitsaimaa.fi\/fi\/#website\",\"url\":\"https:\/\/www.visitsaimaa.fi\/fi\/\",\"name\":\"Visit Saimaa\",\"description\":\"The Official Travel Guide of Lakeland Saimaa\",\"potentialAction\":[{\"@type\":\"SearchAction\",\"target\":{\"@type\":\"EntryPoint\",\"urlTemplate\":\"https:\/\/www.visitsaimaa.fi\/fi\/?s={search_term_string}\"},\"query-input\":{\"@type\":\"PropertyValueSpecification\",\"valueRequired\":true,\"valueName\":\"search_term_string\"}}],\"inLanguage\":\"en-US\"}]}<\/script>\n<!-- \/ Yoast SEO Premium plugin. -->","yoast_head_json":{"title":"Tynkkyl\u00e4n Lomaniemi IT - Visit Saimaa","description":"Tynkkyl\u00e4n Lomaniemi Il complesso vacanziero Tynkkyl\u00e4n Lomaniemi \u00e8 un\u2019impresa a gestione familiare situata a Punkaharju, a ridosso delle acque dove vive la","robots":{"index":"index","follow":"follow","max-snippet":"max-snippet:-1","max-image-preview":"max-image-preview:large","max-video-preview":"max-video-preview:-1"},"canonical":"https:\/\/www.visitsaimaa.fi\/en\/charms-of-saimaa-it\/tynkkylan-lomaniemi-it\/","og_locale":"en_US","og_type":"article","og_title":"Tynkkyl\u00e4n Lomaniemi IT - Visit Saimaa","og_description":"Tynkkyl\u00e4n Lomaniemi Il complesso vacanziero Tynkkyl\u00e4n Lomaniemi \u00e8 un\u2019impresa a gestione familiare situata a Punkaharju, a ridosso delle acque dove vive la","og_url":"https:\/\/www.visitsaimaa.fi\/en\/charms-of-saimaa-it\/tynkkylan-lomaniemi-it\/","og_site_name":"Visit Saimaa","twitter_misc":{"Est. reading time":"3 minutes"},"schema":{"@context":"https:\/\/schema.org","@graph":[{"@type":"WebPage","@id":"https:\/\/www.visitsaimaa.fi\/en\/charms-of-saimaa-it\/tynkkylan-lomaniemi-it\/","url":"https:\/\/www.visitsaimaa.fi\/en\/charms-of-saimaa-it\/tynkkylan-lomaniemi-it\/","name":"Tynkkyl\u00e4n Lomaniemi IT - Visit Saimaa","isPartOf":{"@id":"https:\/\/www.visitsaimaa.fi\/fi\/#website"},"datePublished":"2019-11-12T11:14:43+00:00","description":"Tynkkyl\u00e4n Lomaniemi Il complesso vacanziero Tynkkyl\u00e4n Lomaniemi \u00e8 un\u2019impresa a gestione familiare situata a Punkaharju, a ridosso delle acque dove vive la","breadcrumb":{"@id":"https:\/\/www.visitsaimaa.fi\/en\/charms-of-saimaa-it\/tynkkylan-lomaniemi-it\/#breadcrumb"},"inLanguage":"en-US","potentialAction":[{"@type":"ReadAction","target":["https:\/\/www.visitsaimaa.fi\/en\/charms-of-saimaa-it\/tynkkylan-lomaniemi-it\/"]}]},{"@type":"BreadcrumbList","@id":"https:\/\/www.visitsaimaa.fi\/en\/charms-of-saimaa-it\/tynkkylan-lomaniemi-it\/#breadcrumb","itemListElement":[{"@type":"ListItem","position":1,"name":"Visit Saimaa","item":"https:\/\/www.visitsaimaa.fi\/en\/"},{"@type":"ListItem","position":2,"name":"Charms Of Saimaa IT","item":"https:\/\/www.visitsaimaa.fi\/en\/charms-of-saimaa-it\/"},{"@type":"ListItem","position":3,"name":"Tynkkyl\u00e4n Lomaniemi IT"}]},{"@type":"WebSite","@id":"https:\/\/www.visitsaimaa.fi\/fi\/#website","url":"https:\/\/www.visitsaimaa.fi\/fi\/","name":"Visit Saimaa","description":"The Official Travel Guide of Lakeland Saimaa","potentialAction":[{"@type":"SearchAction","target":{"@type":"EntryPoint","urlTemplate":"https:\/\/www.visitsaimaa.fi\/fi\/?s={search_term_string}"},"query-input":{"@type":"PropertyValueSpecification","valueRequired":true,"valueName":"search_term_string"}}],"inLanguage":"en-US"}]}},"_links":{"self":[{"href":"https:\/\/www.visitsaimaa.fi\/en\/wp-json\/wp\/v2\/pages\/14811","targetHints":{"allow":["GET"]}}],"collection":[{"href":"https:\/\/www.visitsaimaa.fi\/en\/wp-json\/wp\/v2\/pages"}],"about":[{"href":"https:\/\/www.visitsaimaa.fi\/en\/wp-json\/wp\/v2\/types\/page"}],"author":[{"embeddable":true,"href":"https:\/\/www.visitsaimaa.fi\/en\/wp-json\/wp\/v2\/users\/46"}],"replies":[{"embeddable":true,"href":"https:\/\/www.visitsaimaa.fi\/en\/wp-json\/wp\/v2\/comments?post=14811"}],"version-history":[{"count":0,"href":"https:\/\/www.visitsaimaa.fi\/en\/wp-json\/wp\/v2\/pages\/14811\/revisions"}],"up":[{"embeddable":true,"href":"https:\/\/www.visitsaimaa.fi\/en\/wp-json\/wp\/v2\/pages\/14759"}],"wp:attachment":[{"href":"https:\/\/www.visitsaimaa.fi\/en\/wp-json\/wp\/v2\/media?parent=14811"}],"wp:term":[{"taxonomy":"relatedcontent","embeddable":true,"href":"https:\/\/www.visitsaimaa.fi\/en\/wp-json\/wp\/v2\/relatedcontent?post=14811"}],"curies":[{"name":"wp","href":"https:\/\/api.w.org\/{rel}","templated":true}]}}