{"id":14807,"date":"2019-11-12T13:03:27","date_gmt":"2019-11-12T11:03:27","guid":{"rendered":"https:\/\/www.visitsaimaa.fi\/?page_id=14807"},"modified":"2019-11-12T13:03:35","modified_gmt":"2019-11-12T11:03:35","slug":"tertin-kartano-it","status":"publish","type":"page","link":"https:\/\/www.visitsaimaa.fi\/en\/charms-of-saimaa-it\/tertin-kartano-it\/","title":{"rendered":"Tertin Kartano IT"},"content":{"rendered":"<p>[vc_row full_width=&#8221;stretch_row&#8221; content_placement=&#8221;middle&#8221; parallax=&#8221;content-moving-fade&#8221; parallax_image=&#8221;14340&#8243; css=&#8221;.vc_custom_1573556604624{padding-bottom: 700px !important;}&#8221;][vc_column][\/vc_column][\/vc_row][vc_row][vc_column][vc_column_text]<\/p>\n<h1 style=\"text-align: center\">Tenuta di Tertti<\/h1>\n<p style=\"text-align: center\"><strong>\u201cIn fondo alla stradina ombreggiata da betulle vediamo, grazie alla tenue luce riflessa dal laghetto, il cancello che aprendosi lascia entrare nell\u2019atmosfera della tenuta di Tertti. Se i muri potessero parlare, ci racconterebbero le vicende avvenute nel Seicento in questa tenuta di rango elevato. Com\u2019era la vita quotidiana dell\u2019alta societ\u00e0? Di che cosa si parlava in tavola? Manteniamo tutt\u2019oggi vive le tradizioni familiari della tenuta di Tertti, nella parte meridionale di Savo. Vi diamo il nostro caloroso benvenuto.\u201c<\/strong><\/p>\n<p style=\"text-align: center\"><strong> Intorno al cortile sono a vostra disposizione un ristorante nell\u2019edificio principale, un negozio di golosit\u00e0, un caff\u00e8 e un piccolo albergo agrituristico. Il caff\u00e8, il negozio di golosit\u00e0 e l\u2019albergo sono aperti tutto l\u2019anno. Con un\u2019esperienza di oltre 40 anni, siamo specializzati nell\u2019organizzazione di riunioni, attivit\u00e0, eventi e feste.<\/strong><\/p>\n<h2 style=\"text-align: center\">La Tenuta di Tertti vi invita a un viaggio moderno nel mondo dei gusti<\/h2>\n<p style=\"text-align: center\">La tenuta propone momenti allegri di godimento culinario, shopping nei negozi di delicatezze e di arredamento e un piacevole pernottamento in albergo. I frutti dei nostri campi, orti e giardini, trasformati in raffinati prodotti gastronomici e conserve, vengono serviti agli ospiti del nostro ristorante. Ispirati alle lunghe tradizioni culinarie, abbiamo anche pubblicato \u201cIl libro da cucina della tenuta di Tertti\u201d. I locali e i servizi intorno al cortile sono a disposizione tutto l\u2019anno. Potete fare una passeggiata per il giardino, l\u2019orto e i dintorni in generale. La tenuta di Tertti non include solo il ristorante, il caff\u00e8, i negozi e l\u2019albergo ma si occupa anche di organizzazione di feste e attivit\u00e0 sportivo-ricreative.<\/p>\n<h2 style=\"text-align: center\">Tradizioni che risalgono fino al 17o secolo<\/h2>\n<p style=\"text-align: center\">La tenuta \u00e8 gestita dalla 4a generazione della famiglia Pylkk\u00e4nen. \u00c8 da quando fu fondata la fattoria, nel secolo XVII, che ci occupiamo non solo della coltivazione dei campi, ma anche dell\u2019allevamento di cavalli, pecore e bovini da latte. In passato la tenuta aveva anche una stalla per ovini da riproduzione, un impianto di latteria e addirittura una scuola per i tecnici del burro. \u00c8 da secoli che nella cucina della tenuta di Tertti si preparano piatti deliziosi per gli amici del buon mangiare.<\/p>\n<h2 style=\"text-align: center\">Il miglior prodotto gastroturistico finlandese del 2019<\/h2>\n<p style=\"text-align: center\">I frutti delle proprie terre hanno da sempre un ruolo importante nella vita di ogni giorno e nelle feste della tenuta. Grazie alla sua lunga storia e al lavoro persistente, Tertti \u00e8 oggi una delle migliori mete gastroturistiche in Finlandia. \u00c8 una delle quattro imprese della rete Saimaa Gastronomy i cui weekend tematici hanno vinto il premio \u201cMiglior prodotto gastroturistico finlandese del 2019\u201d nella competizione gastroturistica nazionale \u201cHungry for Finland\u201d.<\/p>\n<p>[\/vc_column_text][vc_single_image image=&#8221;14364&#8243; img_size=&#8221;&#8221; alignment=&#8221;center&#8221;][\/vc_column][\/vc_row][vc_row][vc_column width=&#8221;1\/5&#8243;][vc_single_image image=&#8221;13672&#8243; img_size=&#8221;500&#215;500&#8243; onclick=&#8221;link_image&#8221;][\/vc_column][vc_column width=&#8221;1\/5&#8243;][vc_single_image image=&#8221;13680&#8243; img_size=&#8221;500&#215;500&#8243; onclick=&#8221;link_image&#8221;][\/vc_column][vc_column width=&#8221;1\/5&#8243;][vc_single_image image=&#8221;13684&#8243; img_size=&#8221;500&#215;500&#8243; onclick=&#8221;link_image&#8221;][\/vc_column][vc_column width=&#8221;1\/5&#8243;][vc_single_image image=&#8221;13676&#8243; img_size=&#8221;500&#215;500&#8243; onclick=&#8221;link_image&#8221;][\/vc_column][vc_column width=&#8221;1\/5&#8243;][vc_single_image image=&#8221;13688&#8243; img_size=&#8221;500&#215;500&#8243; onclick=&#8221;link_image&#8221;][\/vc_column][\/vc_row][vc_row full_width=&#8221;stretch_row&#8221; css=&#8221;.vc_custom_1573549978657{padding-top: 50px !important;padding-bottom: 50px !important;background-color: #efefef !important;}&#8221;][vc_column][vc_column_text]<\/p>\n<p style=\"text-align: center\"><strong>Tertin Kartano<\/strong><br \/>\nKuopiontie 68<br \/>\n50350 Mikkeli<br \/>\n+358 15 176012<br \/>\ntertti@tertinkartano.fi<\/p>\n<p style=\"text-align: center\">Aperto tutto l\u2019anno.<\/p>\n<p style=\"text-align: center\"><a href=\"https:\/\/www.tertinkartano.fi\">www.tertinkartano.fi<\/a><br \/>\n<a href=\"https:\/\/www.instagram.com\/tertti\/\">Instagram<\/a><br \/>\n<a href=\"https:\/\/www.facebook.com\/Tertinkartano\">Facebook<\/a><\/p>\n<p>[\/vc_column_text][\/vc_column][\/vc_row]<\/p>\n","protected":false},"excerpt":{"rendered":"<p>[vc_row full_width=&#8221;stretch_row&#8221; content_placement=&#8221;middle&#8221; parallax=&#8221;content-moving-fade&#8221; parallax_image=&#8221;14340&#8243; css=&#8221;.vc_custom_1573556604624{padding-bottom: 700px !important;}&#8221;][vc_column][\/vc_column][\/vc_row][vc_row][vc_column][vc_column_text] Tenuta di Tertti \u201cIn fondo alla stradina ombreggiata da betulle vediamo, grazie alla tenue luce riflessa dal laghetto, il cancello che aprendosi [&hellip;]<\/p>\n","protected":false},"author":46,"featured_media":0,"parent":14759,"menu_order":0,"comment_status":"closed","ping_status":"closed","template":"","meta":{"footnotes":""},"relatedcontent":[],"class_list":{"0":"post-14807","1":"page","2":"type-page","3":"status-publish","4":"hentry","6":"priority-3"},"yoast_head":"<!-- This site is optimized with the Yoast SEO Premium plugin v27.3 (Yoast SEO v27.2) - https:\/\/yoast.com\/product\/yoast-seo-premium-wordpress\/ -->\n<title>Tertin Kartano IT - Visit Saimaa<\/title>\n<meta name=\"description\" content=\"Tenuta di Tertti \u201cIn fondo alla stradina ombreggiata da betulle vediamo, grazie alla tenue luce riflessa dal laghetto, il cancello che aprendosi lascia\" \/>\n<meta name=\"robots\" content=\"index, follow, max-snippet:-1, max-image-preview:large, max-video-preview:-1\" \/>\n<link rel=\"canonical\" href=\"https:\/\/www.visitsaimaa.fi\/en\/charms-of-saimaa-it\/tertin-kartano-it\/\" \/>\n<meta property=\"og:locale\" content=\"en_US\" \/>\n<meta property=\"og:type\" content=\"article\" \/>\n<meta property=\"og:title\" content=\"Tertin Kartano IT - Visit Saimaa\" \/>\n<meta property=\"og:description\" content=\"Tenuta di Tertti \u201cIn fondo alla stradina ombreggiata da betulle vediamo, grazie alla tenue luce riflessa dal laghetto, il cancello che aprendosi lascia\" \/>\n<meta property=\"og:url\" content=\"https:\/\/www.visitsaimaa.fi\/en\/charms-of-saimaa-it\/tertin-kartano-it\/\" \/>\n<meta property=\"og:site_name\" content=\"Visit Saimaa\" \/>\n<meta property=\"article:modified_time\" content=\"2019-11-12T11:03:35+00:00\" \/>\n<meta name=\"twitter:label1\" content=\"Est. reading time\" \/>\n\t<meta name=\"twitter:data1\" content=\"3 minutes\" \/>\n<script type=\"application\/ld+json\" class=\"yoast-schema-graph\">{\"@context\":\"https:\/\/schema.org\",\"@graph\":[{\"@type\":\"WebPage\",\"@id\":\"https:\/\/www.visitsaimaa.fi\/en\/charms-of-saimaa-it\/tertin-kartano-it\/\",\"url\":\"https:\/\/www.visitsaimaa.fi\/en\/charms-of-saimaa-it\/tertin-kartano-it\/\",\"name\":\"Tertin Kartano IT - Visit Saimaa\",\"isPartOf\":{\"@id\":\"https:\/\/www.visitsaimaa.fi\/fi\/#website\"},\"datePublished\":\"2019-11-12T11:03:27+00:00\",\"dateModified\":\"2019-11-12T11:03:35+00:00\",\"description\":\"Tenuta di Tertti \u201cIn fondo alla stradina ombreggiata da betulle vediamo, grazie alla tenue luce riflessa dal laghetto, il cancello che aprendosi lascia\",\"breadcrumb\":{\"@id\":\"https:\/\/www.visitsaimaa.fi\/en\/charms-of-saimaa-it\/tertin-kartano-it\/#breadcrumb\"},\"inLanguage\":\"en-US\",\"potentialAction\":[{\"@type\":\"ReadAction\",\"target\":[\"https:\/\/www.visitsaimaa.fi\/en\/charms-of-saimaa-it\/tertin-kartano-it\/\"]}]},{\"@type\":\"BreadcrumbList\",\"@id\":\"https:\/\/www.visitsaimaa.fi\/en\/charms-of-saimaa-it\/tertin-kartano-it\/#breadcrumb\",\"itemListElement\":[{\"@type\":\"ListItem\",\"position\":1,\"name\":\"Visit Saimaa\",\"item\":\"https:\/\/www.visitsaimaa.fi\/en\/\"},{\"@type\":\"ListItem\",\"position\":2,\"name\":\"Charms Of Saimaa IT\",\"item\":\"https:\/\/www.visitsaimaa.fi\/en\/charms-of-saimaa-it\/\"},{\"@type\":\"ListItem\",\"position\":3,\"name\":\"Tertin Kartano IT\"}]},{\"@type\":\"WebSite\",\"@id\":\"https:\/\/www.visitsaimaa.fi\/fi\/#website\",\"url\":\"https:\/\/www.visitsaimaa.fi\/fi\/\",\"name\":\"Visit Saimaa\",\"description\":\"The Official Travel Guide of Lakeland Saimaa\",\"potentialAction\":[{\"@type\":\"SearchAction\",\"target\":{\"@type\":\"EntryPoint\",\"urlTemplate\":\"https:\/\/www.visitsaimaa.fi\/fi\/?s={search_term_string}\"},\"query-input\":{\"@type\":\"PropertyValueSpecification\",\"valueRequired\":true,\"valueName\":\"search_term_string\"}}],\"inLanguage\":\"en-US\"}]}<\/script>\n<!-- \/ Yoast SEO Premium plugin. -->","yoast_head_json":{"title":"Tertin Kartano IT - Visit Saimaa","description":"Tenuta di Tertti \u201cIn fondo alla stradina ombreggiata da betulle vediamo, grazie alla tenue luce riflessa dal laghetto, il cancello che aprendosi lascia","robots":{"index":"index","follow":"follow","max-snippet":"max-snippet:-1","max-image-preview":"max-image-preview:large","max-video-preview":"max-video-preview:-1"},"canonical":"https:\/\/www.visitsaimaa.fi\/en\/charms-of-saimaa-it\/tertin-kartano-it\/","og_locale":"en_US","og_type":"article","og_title":"Tertin Kartano IT - Visit Saimaa","og_description":"Tenuta di Tertti \u201cIn fondo alla stradina ombreggiata da betulle vediamo, grazie alla tenue luce riflessa dal laghetto, il cancello che aprendosi lascia","og_url":"https:\/\/www.visitsaimaa.fi\/en\/charms-of-saimaa-it\/tertin-kartano-it\/","og_site_name":"Visit Saimaa","article_modified_time":"2019-11-12T11:03:35+00:00","twitter_misc":{"Est. reading time":"3 minutes"},"schema":{"@context":"https:\/\/schema.org","@graph":[{"@type":"WebPage","@id":"https:\/\/www.visitsaimaa.fi\/en\/charms-of-saimaa-it\/tertin-kartano-it\/","url":"https:\/\/www.visitsaimaa.fi\/en\/charms-of-saimaa-it\/tertin-kartano-it\/","name":"Tertin Kartano IT - Visit Saimaa","isPartOf":{"@id":"https:\/\/www.visitsaimaa.fi\/fi\/#website"},"datePublished":"2019-11-12T11:03:27+00:00","dateModified":"2019-11-12T11:03:35+00:00","description":"Tenuta di Tertti \u201cIn fondo alla stradina ombreggiata da betulle vediamo, grazie alla tenue luce riflessa dal laghetto, il cancello che aprendosi lascia","breadcrumb":{"@id":"https:\/\/www.visitsaimaa.fi\/en\/charms-of-saimaa-it\/tertin-kartano-it\/#breadcrumb"},"inLanguage":"en-US","potentialAction":[{"@type":"ReadAction","target":["https:\/\/www.visitsaimaa.fi\/en\/charms-of-saimaa-it\/tertin-kartano-it\/"]}]},{"@type":"BreadcrumbList","@id":"https:\/\/www.visitsaimaa.fi\/en\/charms-of-saimaa-it\/tertin-kartano-it\/#breadcrumb","itemListElement":[{"@type":"ListItem","position":1,"name":"Visit Saimaa","item":"https:\/\/www.visitsaimaa.fi\/en\/"},{"@type":"ListItem","position":2,"name":"Charms Of Saimaa IT","item":"https:\/\/www.visitsaimaa.fi\/en\/charms-of-saimaa-it\/"},{"@type":"ListItem","position":3,"name":"Tertin Kartano IT"}]},{"@type":"WebSite","@id":"https:\/\/www.visitsaimaa.fi\/fi\/#website","url":"https:\/\/www.visitsaimaa.fi\/fi\/","name":"Visit Saimaa","description":"The Official Travel Guide of Lakeland Saimaa","potentialAction":[{"@type":"SearchAction","target":{"@type":"EntryPoint","urlTemplate":"https:\/\/www.visitsaimaa.fi\/fi\/?s={search_term_string}"},"query-input":{"@type":"PropertyValueSpecification","valueRequired":true,"valueName":"search_term_string"}}],"inLanguage":"en-US"}]}},"_links":{"self":[{"href":"https:\/\/www.visitsaimaa.fi\/en\/wp-json\/wp\/v2\/pages\/14807","targetHints":{"allow":["GET"]}}],"collection":[{"href":"https:\/\/www.visitsaimaa.fi\/en\/wp-json\/wp\/v2\/pages"}],"about":[{"href":"https:\/\/www.visitsaimaa.fi\/en\/wp-json\/wp\/v2\/types\/page"}],"author":[{"embeddable":true,"href":"https:\/\/www.visitsaimaa.fi\/en\/wp-json\/wp\/v2\/users\/46"}],"replies":[{"embeddable":true,"href":"https:\/\/www.visitsaimaa.fi\/en\/wp-json\/wp\/v2\/comments?post=14807"}],"version-history":[{"count":0,"href":"https:\/\/www.visitsaimaa.fi\/en\/wp-json\/wp\/v2\/pages\/14807\/revisions"}],"up":[{"embeddable":true,"href":"https:\/\/www.visitsaimaa.fi\/en\/wp-json\/wp\/v2\/pages\/14759"}],"wp:attachment":[{"href":"https:\/\/www.visitsaimaa.fi\/en\/wp-json\/wp\/v2\/media?parent=14807"}],"wp:term":[{"taxonomy":"relatedcontent","embeddable":true,"href":"https:\/\/www.visitsaimaa.fi\/en\/wp-json\/wp\/v2\/relatedcontent?post=14807"}],"curies":[{"name":"wp","href":"https:\/\/api.w.org\/{rel}","templated":true}]}}