{"id":14804,"date":"2019-11-12T12:54:50","date_gmt":"2019-11-12T10:54:50","guid":{"rendered":"https:\/\/www.visitsaimaa.fi\/?page_id=14804"},"modified":"2019-11-12T12:54:50","modified_gmt":"2019-11-12T10:54:50","slug":"teahouse-of-wehmais-it","status":"publish","type":"page","link":"https:\/\/www.visitsaimaa.fi\/en\/charms-of-saimaa-it\/teahouse-of-wehmais-it\/","title":{"rendered":"TeaHouse of Wehmais IT"},"content":{"rendered":"<p>[vc_row full_width=&#8221;stretch_row&#8221; parallax=&#8221;content-moving-fade&#8221; parallax_image=&#8221;14335&#8243; css=&#8221;.vc_custom_1573555861812{padding-bottom: 700px !important;}&#8221;][vc_column][\/vc_column][\/vc_row][vc_row][vc_column][vc_column_text]<\/p>\n<h1 style=\"text-align: center\">TeaHouse of Wehmais<\/h1>\n<p style=\"text-align: center\"><strong>TeaHouse of Wehmais \u00e8 in Finlandia l\u2019unica casa del t\u00e8 specializzata nella tradizione del t\u00e8 inglese. Abbiamo una scelta di circa 100 tipi di t\u00e8 in foglie sciolte che potete assaggiare e comprare visitando la nostra casa del t\u00e8. Gli sfizi che accompagnano il t\u00e8 vengono preparati nella nostra cucina, dove cerchiamo sempre di usare ingredienti biologici e di provenienza locale. Una visita da noi, nell\u2019ambiente affascinante della tenuta di Wehmaa, \u00e8 un\u2019esperienza unica che regala un tocco di lusso alla giornata. <\/strong><\/p>\n<h2 style=\"text-align: center\">Una gamma di 100 tipi di t\u00e8 composta da una sommelier del t\u00e8<\/h2>\n<p style=\"text-align: center\">TeaHouse of Wehmais, la prima e tuttora unica in Finlandia specializzata nella tradizione del t\u00e8 inglese, \u00e8 stata fondata dalla padrona Anna Grotenfelt-Paunonen in autunno 2010. Situata nell\u2019edificio una volta adibito a stalla per i cavalli della tenuta di Wehmaa, la casa del t\u00e8 arredata con tessuti a rose e carte da parati floreali dispone di sale individuali dove gustare ad esempio un genuino Afternoon Tea o Cream Tea. Anna, che per formazione \u00e8 una dei due sommelier del t\u00e8 finlandesi, ha personalmente scelto per la sua teieria una gamma di circa 100 tipi di t\u00e8 fra cui ognuno trova il suo preferito \u2013 anche da portare a casa. Dall\u2019altra parte dell\u2019edificio si trova un negozio Deli&amp;Deco che oltre alle delizie dei produttori locali e agli alimenti biologici vende anche prodotti da arredamento di alta qualit\u00e0.<\/p>\n<h2 style=\"text-align: center\">Gi\u00e0 l\u2019arrivo \u00e8 impressionante<\/h2>\n<p style=\"text-align: center\">Percorrendo la strada statale in mezzo al bellissimo paesaggio agreste, si svolta per una suggestiva stradina alberata di betulle verso la tenuta di Wehmaa e il suo edificio principale, con in fondo al cortile un\u2019imponente stalla in pietra. In estate gli ospiti possono ammirare la tranquilla mandria di bovini da latte biologico, al pascolo o nella loro stalla. Nella soffitta della stalla per i cavalli e nel cortile vengono organizzati diversi eventi e iniziative, tutto l\u2019anno. La tradizionale fiera natalizia di Wehmaa, ad esempio, raduna i piccoli produttori locali che espongono i loro prodotti davanti al magico paesaggio campagnolo.<\/p>\n<h2 style=\"text-align: center\">Il miglior prodotto gastroturistico finlandese del 2019<\/h2>\n<p style=\"text-align: center\">TeaHouse of Wehmais \u00e8 una delle quattro imprese della rete Saimaa Gastronomy i cui weekend tematici hanno vinto il premio \u201cMiglior prodotto gastroturistico finlandese del 2019\u201d nella competizione gastroturistica nazionale \u201cHungry for Finland\u201d. Lavorando con il massimo impegno, la padrona Anna ha creato nell\u2019ambito della tenuta di Wehmaa una delle migliori e pi\u00f9 eleganti mete gastroturistiche in Finlandia.<\/p>\n<p>[\/vc_column_text][vc_single_image image=&#8221;14364&#8243; img_size=&#8221;&#8221; alignment=&#8221;center&#8221;][\/vc_column][\/vc_row][vc_row][vc_column width=&#8221;1\/5&#8243;][vc_single_image image=&#8221;14034&#8243; img_size=&#8221;500&#215;500&#8243; alignment=&#8221;center&#8221; onclick=&#8221;link_image&#8221;][\/vc_column][vc_column width=&#8221;1\/5&#8243;][vc_single_image image=&#8221;14046&#8243; img_size=&#8221;500&#215;500&#8243; alignment=&#8221;center&#8221; onclick=&#8221;link_image&#8221;][\/vc_column][vc_column width=&#8221;1\/5&#8243;][vc_single_image image=&#8221;14042&#8243; img_size=&#8221;500&#215;500&#8243; alignment=&#8221;center&#8221; onclick=&#8221;link_image&#8221;][\/vc_column][vc_column width=&#8221;1\/5&#8243;][vc_single_image image=&#8221;14026&#8243; img_size=&#8221;500&#215;500&#8243; alignment=&#8221;center&#8221; onclick=&#8221;link_image&#8221;][\/vc_column][vc_column width=&#8221;1\/5&#8243;][vc_single_image image=&#8221;14030&#8243; img_size=&#8221;500&#215;500&#8243; alignment=&#8221;center&#8221; onclick=&#8221;link_image&#8221;][\/vc_column][\/vc_row][vc_row full_width=&#8221;stretch_row&#8221; css=&#8221;.vc_custom_1573549978657{padding-top: 50px !important;padding-bottom: 50px !important;background-color: #efefef !important;}&#8221;][vc_column][vc_column_text]<\/p>\n<p style=\"text-align: center\"><strong>TeaHouse of Wehmais<\/strong><br \/>\nPieks\u00e4m\u00e4entie 234<br \/>\n51900 Juva<br \/>\n+358 40 4101626<br \/>\ntee@teahouse.fi<\/p>\n<p style=\"text-align: center\">Aperto tutto l\u2019anno.<\/p>\n<p style=\"text-align: center\"><a href=\"https:\/\/www.teahouse.fi\">www.teahouse.fi<\/a><br \/>\n<a href=\"https:\/\/www.instagram.com\/teahousewehmais\/\">Instagram<\/a><br \/>\n<a href=\"https:\/\/www.facebook.com\/teahousewehmais\/\">Facebook<\/a><\/p>\n<p>[\/vc_column_text][\/vc_column][\/vc_row]<\/p>\n","protected":false},"excerpt":{"rendered":"<p>[vc_row full_width=&#8221;stretch_row&#8221; parallax=&#8221;content-moving-fade&#8221; parallax_image=&#8221;14335&#8243; css=&#8221;.vc_custom_1573555861812{padding-bottom: 700px !important;}&#8221;][vc_column][\/vc_column][\/vc_row][vc_row][vc_column][vc_column_text] TeaHouse of Wehmais TeaHouse of Wehmais \u00e8 in Finlandia l\u2019unica casa del t\u00e8 specializzata nella tradizione del t\u00e8 inglese. Abbiamo una scelta di [&hellip;]<\/p>\n","protected":false},"author":46,"featured_media":0,"parent":14759,"menu_order":0,"comment_status":"closed","ping_status":"closed","template":"","meta":{"footnotes":""},"relatedcontent":[],"class_list":{"0":"post-14804","1":"page","2":"type-page","3":"status-publish","4":"hentry","6":"priority-3"},"yoast_head":"<!-- This site is optimized with the Yoast SEO Premium plugin v27.3 (Yoast SEO v27.2) - https:\/\/yoast.com\/product\/yoast-seo-premium-wordpress\/ -->\n<title>TeaHouse of Wehmais IT - Visit Saimaa<\/title>\n<meta name=\"description\" content=\"TeaHouse of Wehmais TeaHouse of Wehmais \u00e8 in Finlandia l\u2019unica casa del t\u00e8 specializzata nella tradizione del t\u00e8 inglese. Abbiamo una scelta di circa 100\" \/>\n<meta name=\"robots\" content=\"index, follow, max-snippet:-1, max-image-preview:large, max-video-preview:-1\" \/>\n<link rel=\"canonical\" href=\"https:\/\/www.visitsaimaa.fi\/en\/charms-of-saimaa-it\/teahouse-of-wehmais-it\/\" \/>\n<meta property=\"og:locale\" content=\"en_US\" \/>\n<meta property=\"og:type\" content=\"article\" \/>\n<meta property=\"og:title\" content=\"TeaHouse of Wehmais IT - Visit Saimaa\" \/>\n<meta property=\"og:description\" content=\"TeaHouse of Wehmais TeaHouse of Wehmais \u00e8 in Finlandia l\u2019unica casa del t\u00e8 specializzata nella tradizione del t\u00e8 inglese. Abbiamo una scelta di circa 100\" \/>\n<meta property=\"og:url\" content=\"https:\/\/www.visitsaimaa.fi\/en\/charms-of-saimaa-it\/teahouse-of-wehmais-it\/\" \/>\n<meta property=\"og:site_name\" content=\"Visit Saimaa\" \/>\n<meta name=\"twitter:label1\" content=\"Est. reading time\" \/>\n\t<meta name=\"twitter:data1\" content=\"3 minutes\" \/>\n<script type=\"application\/ld+json\" class=\"yoast-schema-graph\">{\"@context\":\"https:\/\/schema.org\",\"@graph\":[{\"@type\":\"WebPage\",\"@id\":\"https:\/\/www.visitsaimaa.fi\/en\/charms-of-saimaa-it\/teahouse-of-wehmais-it\/\",\"url\":\"https:\/\/www.visitsaimaa.fi\/en\/charms-of-saimaa-it\/teahouse-of-wehmais-it\/\",\"name\":\"TeaHouse of Wehmais IT - Visit Saimaa\",\"isPartOf\":{\"@id\":\"https:\/\/www.visitsaimaa.fi\/fi\/#website\"},\"datePublished\":\"2019-11-12T10:54:50+00:00\",\"description\":\"TeaHouse of Wehmais TeaHouse of Wehmais \u00e8 in Finlandia l\u2019unica casa del t\u00e8 specializzata nella tradizione del t\u00e8 inglese. Abbiamo una scelta di circa 100\",\"breadcrumb\":{\"@id\":\"https:\/\/www.visitsaimaa.fi\/en\/charms-of-saimaa-it\/teahouse-of-wehmais-it\/#breadcrumb\"},\"inLanguage\":\"en-US\",\"potentialAction\":[{\"@type\":\"ReadAction\",\"target\":[\"https:\/\/www.visitsaimaa.fi\/en\/charms-of-saimaa-it\/teahouse-of-wehmais-it\/\"]}]},{\"@type\":\"BreadcrumbList\",\"@id\":\"https:\/\/www.visitsaimaa.fi\/en\/charms-of-saimaa-it\/teahouse-of-wehmais-it\/#breadcrumb\",\"itemListElement\":[{\"@type\":\"ListItem\",\"position\":1,\"name\":\"Visit Saimaa\",\"item\":\"https:\/\/www.visitsaimaa.fi\/en\/\"},{\"@type\":\"ListItem\",\"position\":2,\"name\":\"Charms Of Saimaa IT\",\"item\":\"https:\/\/www.visitsaimaa.fi\/en\/charms-of-saimaa-it\/\"},{\"@type\":\"ListItem\",\"position\":3,\"name\":\"TeaHouse of Wehmais IT\"}]},{\"@type\":\"WebSite\",\"@id\":\"https:\/\/www.visitsaimaa.fi\/fi\/#website\",\"url\":\"https:\/\/www.visitsaimaa.fi\/fi\/\",\"name\":\"Visit Saimaa\",\"description\":\"The Official Travel Guide of Lakeland Saimaa\",\"potentialAction\":[{\"@type\":\"SearchAction\",\"target\":{\"@type\":\"EntryPoint\",\"urlTemplate\":\"https:\/\/www.visitsaimaa.fi\/fi\/?s={search_term_string}\"},\"query-input\":{\"@type\":\"PropertyValueSpecification\",\"valueRequired\":true,\"valueName\":\"search_term_string\"}}],\"inLanguage\":\"en-US\"}]}<\/script>\n<!-- \/ Yoast SEO Premium plugin. -->","yoast_head_json":{"title":"TeaHouse of Wehmais IT - Visit Saimaa","description":"TeaHouse of Wehmais TeaHouse of Wehmais \u00e8 in Finlandia l\u2019unica casa del t\u00e8 specializzata nella tradizione del t\u00e8 inglese. Abbiamo una scelta di circa 100","robots":{"index":"index","follow":"follow","max-snippet":"max-snippet:-1","max-image-preview":"max-image-preview:large","max-video-preview":"max-video-preview:-1"},"canonical":"https:\/\/www.visitsaimaa.fi\/en\/charms-of-saimaa-it\/teahouse-of-wehmais-it\/","og_locale":"en_US","og_type":"article","og_title":"TeaHouse of Wehmais IT - Visit Saimaa","og_description":"TeaHouse of Wehmais TeaHouse of Wehmais \u00e8 in Finlandia l\u2019unica casa del t\u00e8 specializzata nella tradizione del t\u00e8 inglese. Abbiamo una scelta di circa 100","og_url":"https:\/\/www.visitsaimaa.fi\/en\/charms-of-saimaa-it\/teahouse-of-wehmais-it\/","og_site_name":"Visit Saimaa","twitter_misc":{"Est. reading time":"3 minutes"},"schema":{"@context":"https:\/\/schema.org","@graph":[{"@type":"WebPage","@id":"https:\/\/www.visitsaimaa.fi\/en\/charms-of-saimaa-it\/teahouse-of-wehmais-it\/","url":"https:\/\/www.visitsaimaa.fi\/en\/charms-of-saimaa-it\/teahouse-of-wehmais-it\/","name":"TeaHouse of Wehmais IT - Visit Saimaa","isPartOf":{"@id":"https:\/\/www.visitsaimaa.fi\/fi\/#website"},"datePublished":"2019-11-12T10:54:50+00:00","description":"TeaHouse of Wehmais TeaHouse of Wehmais \u00e8 in Finlandia l\u2019unica casa del t\u00e8 specializzata nella tradizione del t\u00e8 inglese. Abbiamo una scelta di circa 100","breadcrumb":{"@id":"https:\/\/www.visitsaimaa.fi\/en\/charms-of-saimaa-it\/teahouse-of-wehmais-it\/#breadcrumb"},"inLanguage":"en-US","potentialAction":[{"@type":"ReadAction","target":["https:\/\/www.visitsaimaa.fi\/en\/charms-of-saimaa-it\/teahouse-of-wehmais-it\/"]}]},{"@type":"BreadcrumbList","@id":"https:\/\/www.visitsaimaa.fi\/en\/charms-of-saimaa-it\/teahouse-of-wehmais-it\/#breadcrumb","itemListElement":[{"@type":"ListItem","position":1,"name":"Visit Saimaa","item":"https:\/\/www.visitsaimaa.fi\/en\/"},{"@type":"ListItem","position":2,"name":"Charms Of Saimaa IT","item":"https:\/\/www.visitsaimaa.fi\/en\/charms-of-saimaa-it\/"},{"@type":"ListItem","position":3,"name":"TeaHouse of Wehmais IT"}]},{"@type":"WebSite","@id":"https:\/\/www.visitsaimaa.fi\/fi\/#website","url":"https:\/\/www.visitsaimaa.fi\/fi\/","name":"Visit Saimaa","description":"The Official Travel Guide of Lakeland Saimaa","potentialAction":[{"@type":"SearchAction","target":{"@type":"EntryPoint","urlTemplate":"https:\/\/www.visitsaimaa.fi\/fi\/?s={search_term_string}"},"query-input":{"@type":"PropertyValueSpecification","valueRequired":true,"valueName":"search_term_string"}}],"inLanguage":"en-US"}]}},"_links":{"self":[{"href":"https:\/\/www.visitsaimaa.fi\/en\/wp-json\/wp\/v2\/pages\/14804","targetHints":{"allow":["GET"]}}],"collection":[{"href":"https:\/\/www.visitsaimaa.fi\/en\/wp-json\/wp\/v2\/pages"}],"about":[{"href":"https:\/\/www.visitsaimaa.fi\/en\/wp-json\/wp\/v2\/types\/page"}],"author":[{"embeddable":true,"href":"https:\/\/www.visitsaimaa.fi\/en\/wp-json\/wp\/v2\/users\/46"}],"replies":[{"embeddable":true,"href":"https:\/\/www.visitsaimaa.fi\/en\/wp-json\/wp\/v2\/comments?post=14804"}],"version-history":[{"count":0,"href":"https:\/\/www.visitsaimaa.fi\/en\/wp-json\/wp\/v2\/pages\/14804\/revisions"}],"up":[{"embeddable":true,"href":"https:\/\/www.visitsaimaa.fi\/en\/wp-json\/wp\/v2\/pages\/14759"}],"wp:attachment":[{"href":"https:\/\/www.visitsaimaa.fi\/en\/wp-json\/wp\/v2\/media?parent=14804"}],"wp:term":[{"taxonomy":"relatedcontent","embeddable":true,"href":"https:\/\/www.visitsaimaa.fi\/en\/wp-json\/wp\/v2\/relatedcontent?post=14804"}],"curies":[{"name":"wp","href":"https:\/\/api.w.org\/{rel}","templated":true}]}}