{"id":14787,"date":"2019-11-12T11:20:24","date_gmt":"2019-11-12T09:20:24","guid":{"rendered":"https:\/\/www.visitsaimaa.fi\/?page_id=14787"},"modified":"2019-11-12T11:20:24","modified_gmt":"2019-11-12T09:20:24","slug":"lomamokkila-it","status":"publish","type":"page","link":"https:\/\/www.visitsaimaa.fi\/en\/charms-of-saimaa-it\/lomamokkila-it\/","title":{"rendered":"Lomamokkila IT"},"content":{"rendered":"<p>[vc_row full_width=&#8221;stretch_row&#8221; parallax=&#8221;content-moving-fade&#8221; parallax_image=&#8221;14199&#8243; css=&#8221;.vc_custom_1573550121219{padding-bottom: 700px !important;}&#8221;][vc_column][\/vc_column][\/vc_row][vc_row][vc_column][vc_column_text]<\/p>\n<h1 style=\"text-align: center\">Lomamokkila<\/h1>\n<p style=\"text-align: center\"><strong>Gli ambienti bellissimi e i servizi funzionanti di Lomamokkila vi garantiscono una vacanza rilassante e piacevole. Potete scegliere una soluzione B&amp;B in camere di alto livello o affittare una casetta in riva al lago per soggiornare immersi nella tranquillit\u00e0 della natura, in tutte le stagioni dell\u2019anno. Da noi, inoltre, potete gustare deliziosi piatti rustici preparati con ingredienti di nostra produzione.<\/strong><\/p>\n<h2 style=\"text-align: center\">Trascorrete le ferie nella Finlandia lacustre<\/h2>\n<p style=\"text-align: center\">Come ospiti di Lomamokkila, potete rilassarvi negli ambienti della fattoria, godere una gita in barca a remi e fare la sauna in riva al lago. Nei luoghi vicini ci sono tantissime cose da scoprire: la citt\u00e0 di Savonlinna \u00e8 raggiungibile in 15 minuti di auto mentre per arrivare all\u2019esker di Punkaharju o ai parchi nazionali Linnansaari e Kolovesi ci vuole una buona mezz\u2019ora di macchina.<\/p>\n<h2 style=\"text-align: center\">Se desiderate colazioni abbondanti e sonni notturni tranquilli<\/h2>\n<p style=\"text-align: center\">Lomamokkila vi offre vari tipi di camere. Potete scegliere ad esempio una camera romantica nell\u2019edificio principale o un\u2019accogliente camera nella d\u00e9pendance situata in mezzo ai campi. Inclusi nelle camere sono: colazione, biancheria e asciugamani, pulizia. Gli ospiti in camera hanno la possibilit\u00e0 di usare la cucina da esterno nella capanna conica e le barche a remi, nonch\u00e9 la sauna in riva al lago e quella in giardino. Disponiamo di una gratuita connessione Wi-Fi con copertura fino alle aree prossime all\u2019edificio principale.<\/p>\n<h2 style=\"text-align: center\">Ciascuna casetta con un tratto di riva, una sauna e una barca in uso esclusivo<\/h2>\n<p style=\"text-align: center\">Per ospitarvi, Lomamokkila dispone di vari tipi di casette. Potete scegliere una casetta dotata di tutte le comodit\u00e0 o una tradizionale casetta semplice con una dotazione modesta. Ciascuna casetta ha un tratto di riva, una sauna e una barca in uso esclusivo. Volendo, potete ordinare un letto per bambini, un pacchetto di biancheria (lenzuola e asciugamano) e la pulizia finale. Inoltre, \u00e8 possibile prenotare posti per la colazione e la cena che saranno servite nell\u2019edificio principale.<\/p>\n<h2 style=\"text-align: center\">Da una generazione all\u2019altra<\/h2>\n<p style=\"text-align: center\">Lomamokkila ha una lunga storia di ospitalit\u00e0. Ormai \u00e8 gi\u00e0 la quarta generazione a darvi il benvenuto. La fattoria ha ottenuto riconoscimenti per l\u2019alta qualit\u00e0 del lavoro realizzato ed \u00e8 stata insignita ad es. dei premi \u201cImprenditore agrituristico dell\u2019anno\u201d e \u201cIn favore della campagna\u201d.<\/p>\n<h2 style=\"text-align: center\">La nostra nuova struttura ricettiva: B&amp;B a Taipaleenniemi<\/h2>\n<p style=\"text-align: center\">Alloggio in camere \u00e8 disponibile nel B&amp;B a Taipaleenniemi, la nostra seconda struttura ricettiva situata in un ambiente storico in riva al Saimaa, a soli 10 minuti in macchina da Lomamokkila e a 20 minuti d\u2019auto da Savonlinna. B&amp;B Taipaleenniemi \u00e8 un paradiso per chi ama le vacanze rilassanti con passeggiate nella foresta, gite in barca a remi e bagni di sauna in riva al lago.<\/p>\n<p>[\/vc_column_text][vc_single_image image=&#8221;14364&#8243; img_size=&#8221;&#8221; alignment=&#8221;center&#8221;][\/vc_column][\/vc_row][vc_row][vc_column width=&#8221;1\/5&#8243;][vc_single_image image=&#8221;14191&#8243; img_size=&#8221;500&#215;500&#8243; alignment=&#8221;center&#8221; onclick=&#8221;link_image&#8221;][\/vc_column][vc_column width=&#8221;1\/5&#8243;][vc_single_image image=&#8221;14179&#8243; img_size=&#8221;500&#215;500&#8243; alignment=&#8221;center&#8221; onclick=&#8221;link_image&#8221;][\/vc_column][vc_column width=&#8221;1\/5&#8243;][vc_single_image image=&#8221;14183&#8243; img_size=&#8221;500&#215;500&#8243; alignment=&#8221;center&#8221; onclick=&#8221;link_image&#8221;][\/vc_column][vc_column width=&#8221;1\/5&#8243;][vc_single_image image=&#8221;14195&#8243; img_size=&#8221;500&#215;500&#8243; alignment=&#8221;center&#8221; onclick=&#8221;link_image&#8221;][\/vc_column][vc_column width=&#8221;1\/5&#8243;][vc_single_image image=&#8221;14187&#8243; img_size=&#8221;500&#215;500&#8243; alignment=&#8221;center&#8221; onclick=&#8221;link_image&#8221;][\/vc_column][\/vc_row][vc_row full_width=&#8221;stretch_row&#8221; css=&#8221;.vc_custom_1573549978657{padding-top: 50px !important;padding-bottom: 50px !important;background-color: #efefef !important;}&#8221;][vc_column][vc_column_text]<\/p>\n<p style=\"text-align: center\"><strong>Lomamokkila<\/strong><br \/>\nMikonkiventie 209<br \/>\n57310 Savonlinna<br \/>\n+358 15 523117<br \/>\ninfo@lomamokkila.fi<\/p>\n<p style=\"text-align: center\">Aperto tutto l\u2019anno.<\/p>\n<p style=\"text-align: center\"><a href=\"https:\/\/www.lomamokkila.fi\/\">www.lomamokkila.fi<\/a><br \/>\n<a href=\"https:\/\/www.instagram.com\/lomamokkila\/\">Instagram<\/a><br \/>\n<a href=\"https:\/\/www.facebook.com\/lomamokkila\">Facebook<\/a><\/p>\n<p>[\/vc_column_text][\/vc_column][\/vc_row]<\/p>\n","protected":false},"excerpt":{"rendered":"<p>[vc_row full_width=&#8221;stretch_row&#8221; parallax=&#8221;content-moving-fade&#8221; parallax_image=&#8221;14199&#8243; css=&#8221;.vc_custom_1573550121219{padding-bottom: 700px !important;}&#8221;][vc_column][\/vc_column][\/vc_row][vc_row][vc_column][vc_column_text] Lomamokkila Gli ambienti bellissimi e i servizi funzionanti di Lomamokkila vi garantiscono una vacanza rilassante e piacevole. Potete scegliere una soluzione B&amp;B in [&hellip;]<\/p>\n","protected":false},"author":46,"featured_media":0,"parent":14759,"menu_order":0,"comment_status":"closed","ping_status":"closed","template":"","meta":{"footnotes":""},"relatedcontent":[],"class_list":{"0":"post-14787","1":"page","2":"type-page","3":"status-publish","4":"hentry","6":"priority-3"},"yoast_head":"<!-- This site is optimized with the Yoast SEO Premium plugin v27.3 (Yoast SEO v27.2) - https:\/\/yoast.com\/product\/yoast-seo-premium-wordpress\/ -->\n<title>Lomamokkila IT - Visit Saimaa<\/title>\n<meta name=\"description\" content=\"Lomamokkila Gli ambienti bellissimi e i servizi funzionanti di Lomamokkila vi garantiscono una vacanza rilassante e piacevole. Potete scegliere una\" \/>\n<meta name=\"robots\" content=\"index, follow, max-snippet:-1, max-image-preview:large, max-video-preview:-1\" \/>\n<link rel=\"canonical\" href=\"https:\/\/www.visitsaimaa.fi\/en\/charms-of-saimaa-it\/lomamokkila-it\/\" \/>\n<meta property=\"og:locale\" content=\"en_US\" \/>\n<meta property=\"og:type\" content=\"article\" \/>\n<meta property=\"og:title\" content=\"Lomamokkila IT - Visit Saimaa\" \/>\n<meta property=\"og:description\" content=\"Lomamokkila Gli ambienti bellissimi e i servizi funzionanti di Lomamokkila vi garantiscono una vacanza rilassante e piacevole. Potete scegliere una\" \/>\n<meta property=\"og:url\" content=\"https:\/\/www.visitsaimaa.fi\/en\/charms-of-saimaa-it\/lomamokkila-it\/\" \/>\n<meta property=\"og:site_name\" content=\"Visit Saimaa\" \/>\n<meta name=\"twitter:label1\" content=\"Est. reading time\" \/>\n\t<meta name=\"twitter:data1\" content=\"3 minutes\" \/>\n<script type=\"application\/ld+json\" class=\"yoast-schema-graph\">{\"@context\":\"https:\/\/schema.org\",\"@graph\":[{\"@type\":\"WebPage\",\"@id\":\"https:\/\/www.visitsaimaa.fi\/en\/charms-of-saimaa-it\/lomamokkila-it\/\",\"url\":\"https:\/\/www.visitsaimaa.fi\/en\/charms-of-saimaa-it\/lomamokkila-it\/\",\"name\":\"Lomamokkila IT - Visit Saimaa\",\"isPartOf\":{\"@id\":\"https:\/\/www.visitsaimaa.fi\/fi\/#website\"},\"datePublished\":\"2019-11-12T09:20:24+00:00\",\"description\":\"Lomamokkila Gli ambienti bellissimi e i servizi funzionanti di Lomamokkila vi garantiscono una vacanza rilassante e piacevole. Potete scegliere una\",\"breadcrumb\":{\"@id\":\"https:\/\/www.visitsaimaa.fi\/en\/charms-of-saimaa-it\/lomamokkila-it\/#breadcrumb\"},\"inLanguage\":\"en-US\",\"potentialAction\":[{\"@type\":\"ReadAction\",\"target\":[\"https:\/\/www.visitsaimaa.fi\/en\/charms-of-saimaa-it\/lomamokkila-it\/\"]}]},{\"@type\":\"BreadcrumbList\",\"@id\":\"https:\/\/www.visitsaimaa.fi\/en\/charms-of-saimaa-it\/lomamokkila-it\/#breadcrumb\",\"itemListElement\":[{\"@type\":\"ListItem\",\"position\":1,\"name\":\"Visit Saimaa\",\"item\":\"https:\/\/www.visitsaimaa.fi\/en\/\"},{\"@type\":\"ListItem\",\"position\":2,\"name\":\"Charms Of Saimaa IT\",\"item\":\"https:\/\/www.visitsaimaa.fi\/en\/charms-of-saimaa-it\/\"},{\"@type\":\"ListItem\",\"position\":3,\"name\":\"Lomamokkila IT\"}]},{\"@type\":\"WebSite\",\"@id\":\"https:\/\/www.visitsaimaa.fi\/fi\/#website\",\"url\":\"https:\/\/www.visitsaimaa.fi\/fi\/\",\"name\":\"Visit Saimaa\",\"description\":\"The Official Travel Guide of Lakeland Saimaa\",\"potentialAction\":[{\"@type\":\"SearchAction\",\"target\":{\"@type\":\"EntryPoint\",\"urlTemplate\":\"https:\/\/www.visitsaimaa.fi\/fi\/?s={search_term_string}\"},\"query-input\":{\"@type\":\"PropertyValueSpecification\",\"valueRequired\":true,\"valueName\":\"search_term_string\"}}],\"inLanguage\":\"en-US\"}]}<\/script>\n<!-- \/ Yoast SEO Premium plugin. -->","yoast_head_json":{"title":"Lomamokkila IT - Visit Saimaa","description":"Lomamokkila Gli ambienti bellissimi e i servizi funzionanti di Lomamokkila vi garantiscono una vacanza rilassante e piacevole. Potete scegliere una","robots":{"index":"index","follow":"follow","max-snippet":"max-snippet:-1","max-image-preview":"max-image-preview:large","max-video-preview":"max-video-preview:-1"},"canonical":"https:\/\/www.visitsaimaa.fi\/en\/charms-of-saimaa-it\/lomamokkila-it\/","og_locale":"en_US","og_type":"article","og_title":"Lomamokkila IT - Visit Saimaa","og_description":"Lomamokkila Gli ambienti bellissimi e i servizi funzionanti di Lomamokkila vi garantiscono una vacanza rilassante e piacevole. Potete scegliere una","og_url":"https:\/\/www.visitsaimaa.fi\/en\/charms-of-saimaa-it\/lomamokkila-it\/","og_site_name":"Visit Saimaa","twitter_misc":{"Est. reading time":"3 minutes"},"schema":{"@context":"https:\/\/schema.org","@graph":[{"@type":"WebPage","@id":"https:\/\/www.visitsaimaa.fi\/en\/charms-of-saimaa-it\/lomamokkila-it\/","url":"https:\/\/www.visitsaimaa.fi\/en\/charms-of-saimaa-it\/lomamokkila-it\/","name":"Lomamokkila IT - Visit Saimaa","isPartOf":{"@id":"https:\/\/www.visitsaimaa.fi\/fi\/#website"},"datePublished":"2019-11-12T09:20:24+00:00","description":"Lomamokkila Gli ambienti bellissimi e i servizi funzionanti di Lomamokkila vi garantiscono una vacanza rilassante e piacevole. Potete scegliere una","breadcrumb":{"@id":"https:\/\/www.visitsaimaa.fi\/en\/charms-of-saimaa-it\/lomamokkila-it\/#breadcrumb"},"inLanguage":"en-US","potentialAction":[{"@type":"ReadAction","target":["https:\/\/www.visitsaimaa.fi\/en\/charms-of-saimaa-it\/lomamokkila-it\/"]}]},{"@type":"BreadcrumbList","@id":"https:\/\/www.visitsaimaa.fi\/en\/charms-of-saimaa-it\/lomamokkila-it\/#breadcrumb","itemListElement":[{"@type":"ListItem","position":1,"name":"Visit Saimaa","item":"https:\/\/www.visitsaimaa.fi\/en\/"},{"@type":"ListItem","position":2,"name":"Charms Of Saimaa IT","item":"https:\/\/www.visitsaimaa.fi\/en\/charms-of-saimaa-it\/"},{"@type":"ListItem","position":3,"name":"Lomamokkila IT"}]},{"@type":"WebSite","@id":"https:\/\/www.visitsaimaa.fi\/fi\/#website","url":"https:\/\/www.visitsaimaa.fi\/fi\/","name":"Visit Saimaa","description":"The Official Travel Guide of Lakeland Saimaa","potentialAction":[{"@type":"SearchAction","target":{"@type":"EntryPoint","urlTemplate":"https:\/\/www.visitsaimaa.fi\/fi\/?s={search_term_string}"},"query-input":{"@type":"PropertyValueSpecification","valueRequired":true,"valueName":"search_term_string"}}],"inLanguage":"en-US"}]}},"_links":{"self":[{"href":"https:\/\/www.visitsaimaa.fi\/en\/wp-json\/wp\/v2\/pages\/14787","targetHints":{"allow":["GET"]}}],"collection":[{"href":"https:\/\/www.visitsaimaa.fi\/en\/wp-json\/wp\/v2\/pages"}],"about":[{"href":"https:\/\/www.visitsaimaa.fi\/en\/wp-json\/wp\/v2\/types\/page"}],"author":[{"embeddable":true,"href":"https:\/\/www.visitsaimaa.fi\/en\/wp-json\/wp\/v2\/users\/46"}],"replies":[{"embeddable":true,"href":"https:\/\/www.visitsaimaa.fi\/en\/wp-json\/wp\/v2\/comments?post=14787"}],"version-history":[{"count":0,"href":"https:\/\/www.visitsaimaa.fi\/en\/wp-json\/wp\/v2\/pages\/14787\/revisions"}],"up":[{"embeddable":true,"href":"https:\/\/www.visitsaimaa.fi\/en\/wp-json\/wp\/v2\/pages\/14759"}],"wp:attachment":[{"href":"https:\/\/www.visitsaimaa.fi\/en\/wp-json\/wp\/v2\/media?parent=14787"}],"wp:term":[{"taxonomy":"relatedcontent","embeddable":true,"href":"https:\/\/www.visitsaimaa.fi\/en\/wp-json\/wp\/v2\/relatedcontent?post=14787"}],"curies":[{"name":"wp","href":"https:\/\/api.w.org\/{rel}","templated":true}]}}