{"id":14783,"date":"2019-11-12T11:11:11","date_gmt":"2019-11-12T09:11:11","guid":{"rendered":"https:\/\/www.visitsaimaa.fi\/?page_id=14783"},"modified":"2019-11-12T11:11:11","modified_gmt":"2019-11-12T09:11:11","slug":"loikansaaren-lomamokit-it","status":"publish","type":"page","link":"https:\/\/www.visitsaimaa.fi\/en\/charms-of-saimaa-it\/loikansaaren-lomamokit-it\/","title":{"rendered":"Loikansaaren lomam\u00f6kit IT"},"content":{"rendered":"<p>[vc_row full_width=&#8221;stretch_row&#8221; parallax=&#8221;content-moving-fade&#8221; parallax_image=&#8221;14100&#8243; css=&#8221;.vc_custom_1573549454687{padding-bottom: 700px !important;}&#8221;][vc_column][\/vc_column][\/vc_row][vc_row][vc_column][vc_column_text]<\/p>\n<h1 style=\"text-align: center\">Villini e casette di Loikansaari<\/h1>\n<p style=\"text-align: center\"><strong>Loikansaari \u00e8 un posto idilliaco in mezzo alla campagna, nell\u2019arcipelago della cittadina Savonlinna. Da noi potete gustare la vita in cottage, il genuino modo di trascorrere le ferie dei finlandesi, e immergervi nella natura del Saimaa, affascinante in tutte e quattro le stagioni. Le casette in stile country e i villini eleganti sono situati sulle terre della tenuta di Loikansaari, che ha una lunghissima storia come uno degli insediamenti pi\u00f9 antichi della regione.<\/strong><\/p>\n<h2 style=\"text-align: center\">Villini in riva con ampia vista sul lago<\/h2>\n<p style=\"text-align: center\">Un villino in riva \u00e8 per chi oltre alla tradizionale vita in cottage finlandese desidera anche spazi ampi, eleganza e privacy, per chi vuole vivere in pieno la bellissima natura dell\u2019arcipelago di Saimaa.<\/p>\n<p style=\"text-align: center\">I villini, a vostra disposizione dodici mesi su dodici, sono situati a c. 1 km dalla tenuta di Loikansaari, sulla tranquilla punta est Honkaniemi dell\u2019isola. Costruiti in robusti tronchi piallati, rappresentano la migliore architettura in tronchi finlandese. I materiali di costruzione sono il legno finlandese e i mattoni. Nell\u2019arredamento sono presenti elementi e oggetti creati dai designer finlandesi. Un\u2019accogliente cucina\/sala da pranzo e il camino ad accumulo di calore garantiscono il benessere e il comfort soprattutto nelle stagioni fredde. In estate potete godere i pasti sull\u2019ampia terrazza con vista sul lago.<\/p>\n<p style=\"text-align: center\">Le spaziose saune sistemate all\u2019interno dei villini vengono riscaldate a legna e producono un calore dolce e morbido che permette di respirare in modo libero e naturale. Essendo i villini vicini alla riva, dalla sauna si raggiunge facilmente il lago, per fare il bagno. I panorami sul lago sono stupendi. Dai villini lo sguardo giunge fino al largo dell\u2019Haapavesi. Siccome le altre case non sono direttamente visibili, potete godere pienamente la pace della vostra dimora solitaria. Ciascun villino ha intorno un\u2019area di prato e terreno naturale, un magazzino esterno con la legna e un posto per il fuoco da campo. In riva, il fondo del lago \u00e8 coperto di un materiale solido per facilitare l\u2019accesso in acqua, e c\u2019\u00e8 una barca a remi a vostra disposizione.<\/p>\n<h2 style=\"text-align: center\"><strong>Casette in riva al lago con sauna separata<\/strong><\/h2>\n<p style=\"text-align: center\">Una casetta in riva al lago \u00e8 ideale per chi durante le vacanze vuole provare la tradizionale vita in cottage amata dai finlandesi, naturalmente con tutte le comodit\u00e0. Le casette in riva, che vi permettono di trascorrere le ferie in autentico contatto con la natura lacustre di Saimaa, accolgono ospiti dalla primavera al tardo autunno. Sono situate a c. 1 km dalla tenuta di Loikansaari, in un\u2019area specifica della bellissima punta Hirviniemi.Hanno la tradizionale verniciatura rossa, gli arredi in stile rustico e i camini in mattoni. I principali materiali di costruzione sono il legno finlandese e i mattoni. Le planimetrie sono efficaci e gli arredimenti sono stati realizzati con attenzione ai valori finlandesi. Le casette sono state ristrutturate e munite di tutti i comfort. Ciascuna casetta ha vicino al lago una sua sauna da esterno completa di spogliatoio, e naturalmente un suo tratto di riva per fare il bagno. Essendo le saune tradizionali, riscaldate a legna, il calore emesso dalla stufa \u00e8 dolcissimo. Dopo una sessione calda in sauna, potete fare un rinfrescante tuffo nel lago o sedervi ad ammirare il panorama lacustre mozzafiato. In una casetta in riva al lago trascorrete le ferie in perfetta privacy, attorniati dalla natura.<\/p>\n<p style=\"text-align: center\">Davanti a ciascuna casetta c\u2019\u00e8 un piccolo cortile in stato naturale e un posto per il fuoco da campo. In riva, il fondo coperto di un materiale solido permette di accedere facilmente in acqua, e c\u2019\u00e8 una barca a remi a vostra disposizione.<\/p>\n<h2 style=\"text-align: center\"><strong>Barca, bici, trekking<\/strong><\/h2>\n<p style=\"text-align: center\">Da noi potete noleggiare barche a motore e mountain bike, per un giorno o per periodi pi\u00f9 lunghi. Loikansaari \u00e8 situata in una posizione ideale per fare gite in barca fra le isole dell\u2019arcipelago. Potete prendere una barca e andare in citt\u00e0 per fare lo shopping, per visitare il mercato o per fare un giro \u201curbano\u201d intorno alla pittoresca cittadina di Savonlinna che dista 10 km per via d\u2019acqua. Molto attraente \u00e8 il giro panoramico della vicina isola di Tihe\u00e4saari totalmente inedificata. Se siete fortunati, potete vedere una paffuta foca del Saimaa che si riposa su uno scoglio. Le nostre barche sono adatte anche alla pesca. In bici potete fare un giro per le belle stradine di sabbia della nostra isola o dirigervi fino a Savonlinna che dista 16 km da Loikansaari. Fra l\u2019area dei villini e quella delle casette c\u2019\u00e8 un sentiero in natura lungo circa 4 km. Percorrendolo potete raccogliere frutti di bosco e funghi in tutta sicurezza \u2013 o potete semplicemente godere la natura.<\/p>\n<h2 style=\"text-align: center\"><strong>Loikansaari \u2013 un posto dove ritornare<\/strong><\/h2>\n<p style=\"text-align: center\">Loikansaari \u00e8 un\u2019azienda di affitto di villini e casette rinomata per i suoi standard di alta qualit\u00e0 e per la sua affidabilit\u00e0. Gestiamo attivit\u00e0 vacanziere per una clientela internazionale da oltre 45 anni. Nel corso degli anni abbiamo acquisito una vasta clientela affermata che ritorna anno dopo anno per trascorrere le ferie in un ambiente familiare. Sono le stesse famiglie che tornano, generazione dopo generazione, nonni, figli e nipoti. Le vacanze felici e i bei ricordi hanno per molti creato un legame emotivo con il nostro posto. \u201cCi ho lasciato il cuore, per sempre\u201d, ha detto una signora.<\/p>\n<p style=\"text-align: center\">Loikansaari \u00e8 un\u2019ottima alternativa al possesso di una propria casa vacanza. Pagate unicamente per il tempo che trascorrete nella casetta o nel villino. Non avete preoccupazioni per i lavori di manutenzione ma potete accedere subito ai momenti migliori del vostro soggiorno. Sono cose apprezzate da molti che si sentono pressati da ritmi e impegni estenuanti del lavoro.<\/p>\n<p>[\/vc_column_text][vc_single_image image=&#8221;14364&#8243; img_size=&#8221;&#8221; alignment=&#8221;center&#8221;][\/vc_column][\/vc_row][vc_row][vc_column width=&#8221;1\/4&#8243;][vc_single_image image=&#8221;14112&#8243; img_size=&#8221;500&#215;500&#8243; alignment=&#8221;center&#8221; onclick=&#8221;link_image&#8221;][\/vc_column][vc_column width=&#8221;1\/4&#8243;][vc_single_image image=&#8221;14104&#8243; img_size=&#8221;500&#215;500&#8243; alignment=&#8221;center&#8221; onclick=&#8221;link_image&#8221;][\/vc_column][vc_column width=&#8221;1\/4&#8243;][vc_single_image image=&#8221;14108&#8243; img_size=&#8221;500&#215;500&#8243; alignment=&#8221;center&#8221; onclick=&#8221;link_image&#8221;][\/vc_column][vc_column width=&#8221;1\/4&#8243;][vc_single_image image=&#8221;14116&#8243; img_size=&#8221;500&#215;500&#8243; alignment=&#8221;center&#8221; onclick=&#8221;link_image&#8221;][\/vc_column][\/vc_row][vc_row full_width=&#8221;stretch_row&#8221; css=&#8221;.vc_custom_1573549691915{padding-top: 50px !important;padding-bottom: 50px !important;background-color: #efefef !important;}&#8221;][vc_column][vc_column_text]<\/p>\n<p style=\"text-align: center\"><strong>Loikansaaren lomam\u00f6kit<\/strong><br \/>\nLoikansaarentie 430<br \/>\n58810 Kallislahti<br \/>\n+358 440 640116<br \/>\nlomamokit@loikansaari.fi<\/p>\n<p style=\"text-align: center\">Aperto tutto l\u2019anno.<\/p>\n<p style=\"text-align: center\"><a href=\"http:\/\/www.loikansaari.fi\/\">www.loikansaari.fi<\/a><br \/>\n<a href=\"https:\/\/www.facebook.com\/loikansaari\">Facebook<\/a><\/p>\n<p>[\/vc_column_text][\/vc_column][\/vc_row]<\/p>\n","protected":false},"excerpt":{"rendered":"<p>[vc_row full_width=&#8221;stretch_row&#8221; parallax=&#8221;content-moving-fade&#8221; parallax_image=&#8221;14100&#8243; css=&#8221;.vc_custom_1573549454687{padding-bottom: 700px !important;}&#8221;][vc_column][\/vc_column][\/vc_row][vc_row][vc_column][vc_column_text] Villini e casette di Loikansaari Loikansaari \u00e8 un posto idilliaco in mezzo alla campagna, nell\u2019arcipelago della cittadina Savonlinna. Da noi potete gustare la [&hellip;]<\/p>\n","protected":false},"author":46,"featured_media":0,"parent":14759,"menu_order":0,"comment_status":"closed","ping_status":"closed","template":"","meta":{"footnotes":""},"relatedcontent":[],"class_list":{"0":"post-14783","1":"page","2":"type-page","3":"status-publish","4":"hentry","6":"priority-3"},"yoast_head":"<!-- This site is optimized with the Yoast SEO Premium plugin v27.3 (Yoast SEO v27.2) - https:\/\/yoast.com\/product\/yoast-seo-premium-wordpress\/ -->\n<title>Loikansaaren lomam\u00f6kit IT - Visit Saimaa<\/title>\n<meta name=\"description\" content=\"Villini e casette di Loikansaari Loikansaari \u00e8 un posto idilliaco in mezzo alla campagna, nell\u2019arcipelago della cittadina Savonlinna. Da noi potete\" \/>\n<meta name=\"robots\" content=\"index, follow, max-snippet:-1, max-image-preview:large, max-video-preview:-1\" \/>\n<link rel=\"canonical\" href=\"https:\/\/www.visitsaimaa.fi\/en\/charms-of-saimaa-it\/loikansaaren-lomamokit-it\/\" \/>\n<meta property=\"og:locale\" content=\"en_US\" \/>\n<meta property=\"og:type\" content=\"article\" \/>\n<meta property=\"og:title\" content=\"Loikansaaren lomam\u00f6kit IT - Visit Saimaa\" \/>\n<meta property=\"og:description\" content=\"Villini e casette di Loikansaari Loikansaari \u00e8 un posto idilliaco in mezzo alla campagna, nell\u2019arcipelago della cittadina Savonlinna. Da noi potete\" \/>\n<meta property=\"og:url\" content=\"https:\/\/www.visitsaimaa.fi\/en\/charms-of-saimaa-it\/loikansaaren-lomamokit-it\/\" \/>\n<meta property=\"og:site_name\" content=\"Visit Saimaa\" \/>\n<meta name=\"twitter:label1\" content=\"Est. reading time\" \/>\n\t<meta name=\"twitter:data1\" content=\"5 minutes\" \/>\n<script type=\"application\/ld+json\" class=\"yoast-schema-graph\">{\"@context\":\"https:\/\/schema.org\",\"@graph\":[{\"@type\":\"WebPage\",\"@id\":\"https:\/\/www.visitsaimaa.fi\/en\/charms-of-saimaa-it\/loikansaaren-lomamokit-it\/\",\"url\":\"https:\/\/www.visitsaimaa.fi\/en\/charms-of-saimaa-it\/loikansaaren-lomamokit-it\/\",\"name\":\"Loikansaaren lomam\u00f6kit IT - Visit Saimaa\",\"isPartOf\":{\"@id\":\"https:\/\/www.visitsaimaa.fi\/fi\/#website\"},\"datePublished\":\"2019-11-12T09:11:11+00:00\",\"description\":\"Villini e casette di Loikansaari Loikansaari \u00e8 un posto idilliaco in mezzo alla campagna, nell\u2019arcipelago della cittadina Savonlinna. Da noi potete\",\"breadcrumb\":{\"@id\":\"https:\/\/www.visitsaimaa.fi\/en\/charms-of-saimaa-it\/loikansaaren-lomamokit-it\/#breadcrumb\"},\"inLanguage\":\"en-US\",\"potentialAction\":[{\"@type\":\"ReadAction\",\"target\":[\"https:\/\/www.visitsaimaa.fi\/en\/charms-of-saimaa-it\/loikansaaren-lomamokit-it\/\"]}]},{\"@type\":\"BreadcrumbList\",\"@id\":\"https:\/\/www.visitsaimaa.fi\/en\/charms-of-saimaa-it\/loikansaaren-lomamokit-it\/#breadcrumb\",\"itemListElement\":[{\"@type\":\"ListItem\",\"position\":1,\"name\":\"Visit Saimaa\",\"item\":\"https:\/\/www.visitsaimaa.fi\/en\/\"},{\"@type\":\"ListItem\",\"position\":2,\"name\":\"Charms Of Saimaa IT\",\"item\":\"https:\/\/www.visitsaimaa.fi\/en\/charms-of-saimaa-it\/\"},{\"@type\":\"ListItem\",\"position\":3,\"name\":\"Loikansaaren lomam\u00f6kit IT\"}]},{\"@type\":\"WebSite\",\"@id\":\"https:\/\/www.visitsaimaa.fi\/fi\/#website\",\"url\":\"https:\/\/www.visitsaimaa.fi\/fi\/\",\"name\":\"Visit Saimaa\",\"description\":\"The Official Travel Guide of Lakeland Saimaa\",\"potentialAction\":[{\"@type\":\"SearchAction\",\"target\":{\"@type\":\"EntryPoint\",\"urlTemplate\":\"https:\/\/www.visitsaimaa.fi\/fi\/?s={search_term_string}\"},\"query-input\":{\"@type\":\"PropertyValueSpecification\",\"valueRequired\":true,\"valueName\":\"search_term_string\"}}],\"inLanguage\":\"en-US\"}]}<\/script>\n<!-- \/ Yoast SEO Premium plugin. -->","yoast_head_json":{"title":"Loikansaaren lomam\u00f6kit IT - Visit Saimaa","description":"Villini e casette di Loikansaari Loikansaari \u00e8 un posto idilliaco in mezzo alla campagna, nell\u2019arcipelago della cittadina Savonlinna. Da noi potete","robots":{"index":"index","follow":"follow","max-snippet":"max-snippet:-1","max-image-preview":"max-image-preview:large","max-video-preview":"max-video-preview:-1"},"canonical":"https:\/\/www.visitsaimaa.fi\/en\/charms-of-saimaa-it\/loikansaaren-lomamokit-it\/","og_locale":"en_US","og_type":"article","og_title":"Loikansaaren lomam\u00f6kit IT - Visit Saimaa","og_description":"Villini e casette di Loikansaari Loikansaari \u00e8 un posto idilliaco in mezzo alla campagna, nell\u2019arcipelago della cittadina Savonlinna. Da noi potete","og_url":"https:\/\/www.visitsaimaa.fi\/en\/charms-of-saimaa-it\/loikansaaren-lomamokit-it\/","og_site_name":"Visit Saimaa","twitter_misc":{"Est. reading time":"5 minutes"},"schema":{"@context":"https:\/\/schema.org","@graph":[{"@type":"WebPage","@id":"https:\/\/www.visitsaimaa.fi\/en\/charms-of-saimaa-it\/loikansaaren-lomamokit-it\/","url":"https:\/\/www.visitsaimaa.fi\/en\/charms-of-saimaa-it\/loikansaaren-lomamokit-it\/","name":"Loikansaaren lomam\u00f6kit IT - Visit Saimaa","isPartOf":{"@id":"https:\/\/www.visitsaimaa.fi\/fi\/#website"},"datePublished":"2019-11-12T09:11:11+00:00","description":"Villini e casette di Loikansaari Loikansaari \u00e8 un posto idilliaco in mezzo alla campagna, nell\u2019arcipelago della cittadina Savonlinna. Da noi potete","breadcrumb":{"@id":"https:\/\/www.visitsaimaa.fi\/en\/charms-of-saimaa-it\/loikansaaren-lomamokit-it\/#breadcrumb"},"inLanguage":"en-US","potentialAction":[{"@type":"ReadAction","target":["https:\/\/www.visitsaimaa.fi\/en\/charms-of-saimaa-it\/loikansaaren-lomamokit-it\/"]}]},{"@type":"BreadcrumbList","@id":"https:\/\/www.visitsaimaa.fi\/en\/charms-of-saimaa-it\/loikansaaren-lomamokit-it\/#breadcrumb","itemListElement":[{"@type":"ListItem","position":1,"name":"Visit Saimaa","item":"https:\/\/www.visitsaimaa.fi\/en\/"},{"@type":"ListItem","position":2,"name":"Charms Of Saimaa IT","item":"https:\/\/www.visitsaimaa.fi\/en\/charms-of-saimaa-it\/"},{"@type":"ListItem","position":3,"name":"Loikansaaren lomam\u00f6kit IT"}]},{"@type":"WebSite","@id":"https:\/\/www.visitsaimaa.fi\/fi\/#website","url":"https:\/\/www.visitsaimaa.fi\/fi\/","name":"Visit Saimaa","description":"The Official Travel Guide of Lakeland Saimaa","potentialAction":[{"@type":"SearchAction","target":{"@type":"EntryPoint","urlTemplate":"https:\/\/www.visitsaimaa.fi\/fi\/?s={search_term_string}"},"query-input":{"@type":"PropertyValueSpecification","valueRequired":true,"valueName":"search_term_string"}}],"inLanguage":"en-US"}]}},"_links":{"self":[{"href":"https:\/\/www.visitsaimaa.fi\/en\/wp-json\/wp\/v2\/pages\/14783","targetHints":{"allow":["GET"]}}],"collection":[{"href":"https:\/\/www.visitsaimaa.fi\/en\/wp-json\/wp\/v2\/pages"}],"about":[{"href":"https:\/\/www.visitsaimaa.fi\/en\/wp-json\/wp\/v2\/types\/page"}],"author":[{"embeddable":true,"href":"https:\/\/www.visitsaimaa.fi\/en\/wp-json\/wp\/v2\/users\/46"}],"replies":[{"embeddable":true,"href":"https:\/\/www.visitsaimaa.fi\/en\/wp-json\/wp\/v2\/comments?post=14783"}],"version-history":[{"count":0,"href":"https:\/\/www.visitsaimaa.fi\/en\/wp-json\/wp\/v2\/pages\/14783\/revisions"}],"up":[{"embeddable":true,"href":"https:\/\/www.visitsaimaa.fi\/en\/wp-json\/wp\/v2\/pages\/14759"}],"wp:attachment":[{"href":"https:\/\/www.visitsaimaa.fi\/en\/wp-json\/wp\/v2\/media?parent=14783"}],"wp:term":[{"taxonomy":"relatedcontent","embeddable":true,"href":"https:\/\/www.visitsaimaa.fi\/en\/wp-json\/wp\/v2\/relatedcontent?post=14783"}],"curies":[{"name":"wp","href":"https:\/\/api.w.org\/{rel}","templated":true}]}}