{"id":14772,"date":"2019-11-12T10:50:42","date_gmt":"2019-11-12T08:50:42","guid":{"rendered":"https:\/\/www.visitsaimaa.fi\/?page_id=14772"},"modified":"2019-11-12T11:03:18","modified_gmt":"2019-11-12T09:03:18","slug":"kenkavero-it","status":"publish","type":"page","link":"https:\/\/www.visitsaimaa.fi\/en\/charms-of-saimaa-it\/kenkavero-it\/","title":{"rendered":"Kenk\u00e4vero IT"},"content":{"rendered":"<p>[vc_row full_width=&#8221;stretch_row&#8221; parallax=&#8221;content-moving-fade&#8221; parallax_image=&#8221;14151&#8243; css=&#8221;.vc_custom_1573548131097{padding-top: 700px !important;}&#8221;][vc_column][\/vc_column][\/vc_row][vc_row][vc_column][vc_column_text]<\/p>\n<h1 style=\"text-align: center\">Kenk\u00e4vero<\/h1>\n<p style=\"text-align: center\"><strong>Visitare la favolosa canonica Kenk\u00e4vero a Mikkeli, vicino alla strada statale n. 5 e in riva al lago Saimaa, \u00e8 un\u2019esperienza da non perdere L\u2019edificio principale della canonica, il pi\u00f9 grande ed elegante in Finlandia, con i suoi dintorni ben curati \u00e8 un posto ideale per le feste e le riunioni, tutto l\u2019anno. Il ristorante con piatti squisiti locali, il caff\u00e8 con pasticceria fatta a mano, i negozietti affascinanti e gli eventi emozionanti creano un insieme imperdibile. Da noi sarete gli ospiti pi\u00f9 graditi, \u201ccoccolati come il vescovo in visita pastorale\u201d \u2013 venite a metterci alla prova!<\/strong><\/p>\n<p style=\"text-align: center\"><strong>Kenk\u00e4vero \u00e8 aperto tutto l\u2019anno, tutti i giorni.<\/strong><\/p>\n<h2 style=\"text-align: center\">Una storia ricca di svolte<\/h2>\n<p style=\"text-align: center\">La storia di Kenk\u00e4vero risale a 550 anni fa. La prima abitazione sacerdotale fu costruita alla met\u00e0 del 15o secolo su un\u2019isola diventata poi terraferma. Kenk\u00e4vero era usata come canonica fino al 1969. Successivamente, l\u2019edificio principale era in pericolo di rovina. Il nuovo periodo di prosperit\u00e0 inizi\u00f2 nel 1990 e oggi la canonica di Kenk\u00e4vero sprizza di vita e dinamismo grazie ai felici lavori di restauro, all\u2019arredamento accogliente e ai nostri molteplici servizi che rispondono alle esigenze moderne.<\/p>\n<h2 style=\"text-align: center\">I ristoranti di Kenk\u00e4vero vi invitano a gustare le loro squisitezze culinarie<\/h2>\n<p style=\"text-align: center\">Concedetevi il permesso di godervi la vita e di assaggiare le nostre leccornie. Da noi il mangiare \u00e8 sempre una festa. Il nostro orgoglio sono le materie prime scelte con cura e provenienti da vicino, i men\u00f9 con piatti tradizionali e moderni che rappresentano la migliore cucina finlandese, la pasticceria fatta a mano in loco e gli ambienti raffinati. Il tutto accompagnato da un servizio disponibile e cortese in un ambiente di straordinaria bellezza in riva al Saimaa ma non lontano dal centro di Mikkeli.<\/p>\n<p style=\"text-align: center\">Da solo o con amici, \u00e8 sempre il momento buono per venire a pranzo, per prendere un caff\u00e8 o per bere un bicchiere di vino. Siamo aperti tutto l\u2019anno. Se volete organizzare una festa di compleanno, un&#8217;assemblea familiare o qualsiasi evento, noi siamo in grado di proporvi numerose alternative allettanti.<\/p>\n<h2 style=\"text-align: center\">I negozi di Kenk\u00e4vero<\/h2>\n<p style=\"text-align: center\">Intorno al cortile dell\u2019edificio principale di Kenk\u00e4vero ci sono diversi negozietti simpatici con un\u2019ottima scelta di prodotti fantastici per voi stessi o da regalare. L\u2019atmosfera calorosa e l\u2019esposizione armoniosa invitano a tastare le merci. Kenk\u00e4vero \u00e8 una delle vetrine pi\u00f9 importanti dell\u2019industria artigianale finlandese.<\/p>\n<p style=\"text-align: center\">Sono aperti tutto l\u2019anno il Negozio di Kenk\u00e4vero e il Pauliina Rundgren HandiCrafts. In estate aprono anche il Negozio in granaio, la Panetteria-Pasticceria e il Negozietto estivo DeSavo specializzato in prodotti artigianali. Venite a scoprire i nostri meravigliosi negozi!<\/p>\n<h2 style=\"text-align: center\">Benvenuti a festeggiare in Kenk\u00e4vero<\/h2>\n<p style=\"text-align: center\">Compleanni, nozze, battesimi, eventi aziendali&#8230; una festa in Kenk\u00e4vero \u00e8 anche un regalo per i partecipanti all\u2019evento. Esiste da tempi immemori la tradizione della generosa ospitalit\u00e0 anche da parte di chi si trova in condizioni di vita modeste. Le canoniche una volta erano paragonabili alle locande poich\u00e9 usavano offrire vitto e alloggio agli occasionali viandanti. Questa ospitalit\u00e0 diventata praticamente giornaliera dava un tocco di festa anche alla vita quotidiana.<\/p>\n<p style=\"text-align: center\">I nostri ambienti sono ideali per feste di varie dimensioni. Una piccola festa familiare pu\u00f2 essere tenuta ad esempio nella sala che una volta era il salotto del vescovo. L\u2019ambiente ininterrotto pi\u00f9 grande \u00e8 la sala della canonica che accoglie 40\u201350 persone. Nel ristorante della canonica i posti sono 170. Inoltre, c\u2019\u00e8 una terrazza accogliente che, tempo permettendo, aumenta la capienza del ristorante.<\/p>\n<p style=\"text-align: center\">Vicino alla canonica, il suggestivo padiglione in riva al lago Saimaa pu\u00f2 ospitare una festa con circa 30 partecipanti.<\/p>\n<p>[\/vc_column_text][\/vc_column][\/vc_row][vc_row][vc_column width=&#8221;1\/5&#8243;][vc_single_image image=&#8221;14163&#8243; img_size=&#8221;500&#215;500&#8243; alignment=&#8221;center&#8221; onclick=&#8221;link_image&#8221;][\/vc_column][vc_column width=&#8221;1\/5&#8243;][vc_single_image image=&#8221;14167&#8243; img_size=&#8221;500&#215;500&#8243; alignment=&#8221;center&#8221; onclick=&#8221;link_image&#8221;][\/vc_column][vc_column width=&#8221;1\/5&#8243;][vc_single_image image=&#8221;14155&#8243; img_size=&#8221;500&#215;500&#8243; alignment=&#8221;center&#8221; onclick=&#8221;link_image&#8221;][\/vc_column][vc_column width=&#8221;1\/5&#8243;][vc_single_image image=&#8221;14171&#8243; img_size=&#8221;500&#215;500&#8243; alignment=&#8221;center&#8221; onclick=&#8221;link_image&#8221;][\/vc_column][vc_column width=&#8221;1\/5&#8243;][vc_single_image image=&#8221;14159&#8243; img_size=&#8221;500&#215;500&#8243; alignment=&#8221;center&#8221; onclick=&#8221;link_image&#8221;][\/vc_column][\/vc_row][vc_row full_width=&#8221;stretch_row&#8221; css=&#8221;.vc_custom_1573548617520{padding-top: 50px !important;padding-bottom: 50px !important;background-color: #efefef !important;}&#8221;][vc_column][vc_column_text]<\/p>\n<p style=\"text-align: center\"><strong>Kenk\u00e4vero<\/strong><br \/>\nPursialankatu 6<br \/>\n50100 Mikkeli<br \/>\n+358 440 162270<br \/>\nmyyntipalvelu@kenkavero.fi<\/p>\n<p style=\"text-align: center\">Aperto tutto l\u2019anno.<\/p>\n<p style=\"text-align: center\"><a href=\"https:\/\/www.kenkavero.fi\/\">www.kenkavero.fi<\/a><br \/>\n<a href=\"https:\/\/www.instagram.com\/kenkavero\/\">Instagram<\/a><br \/>\n<a href=\"https:\/\/www.facebook.com\/kenkavero\/\">Facebook<\/a><\/p>\n<p>[\/vc_column_text][\/vc_column][\/vc_row]<\/p>\n","protected":false},"excerpt":{"rendered":"<p>[vc_row full_width=&#8221;stretch_row&#8221; parallax=&#8221;content-moving-fade&#8221; parallax_image=&#8221;14151&#8243; css=&#8221;.vc_custom_1573548131097{padding-top: 700px !important;}&#8221;][vc_column][\/vc_column][\/vc_row][vc_row][vc_column][vc_column_text] Kenk\u00e4vero Visitare la favolosa canonica Kenk\u00e4vero a Mikkeli, vicino alla strada statale n. 5 e in riva al lago Saimaa, \u00e8 un\u2019esperienza da [&hellip;]<\/p>\n","protected":false},"author":46,"featured_media":0,"parent":14759,"menu_order":0,"comment_status":"closed","ping_status":"closed","template":"","meta":{"footnotes":""},"relatedcontent":[],"class_list":{"0":"post-14772","1":"page","2":"type-page","3":"status-publish","4":"hentry","6":"priority-3"},"yoast_head":"<!-- This site is optimized with the Yoast SEO Premium plugin v27.3 (Yoast SEO v27.2) - https:\/\/yoast.com\/product\/yoast-seo-premium-wordpress\/ -->\n<title>Kenk\u00e4vero IT - Visit Saimaa<\/title>\n<meta name=\"description\" content=\"Kenk\u00e4vero Visitare la favolosa canonica Kenk\u00e4vero a Mikkeli, vicino alla strada statale n. 5 e in riva al lago Saimaa, \u00e8 un\u2019esperienza da non perdere\" \/>\n<meta name=\"robots\" content=\"index, follow, max-snippet:-1, max-image-preview:large, max-video-preview:-1\" \/>\n<link rel=\"canonical\" href=\"https:\/\/www.visitsaimaa.fi\/en\/charms-of-saimaa-it\/kenkavero-it\/\" \/>\n<meta property=\"og:locale\" content=\"en_US\" \/>\n<meta property=\"og:type\" content=\"article\" \/>\n<meta property=\"og:title\" content=\"Kenk\u00e4vero IT - Visit Saimaa\" \/>\n<meta property=\"og:description\" content=\"Kenk\u00e4vero Visitare la favolosa canonica Kenk\u00e4vero a Mikkeli, vicino alla strada statale n. 5 e in riva al lago Saimaa, \u00e8 un\u2019esperienza da non perdere\" \/>\n<meta property=\"og:url\" content=\"https:\/\/www.visitsaimaa.fi\/en\/charms-of-saimaa-it\/kenkavero-it\/\" \/>\n<meta property=\"og:site_name\" content=\"Visit Saimaa\" \/>\n<meta property=\"article:modified_time\" content=\"2019-11-12T09:03:18+00:00\" \/>\n<meta name=\"twitter:label1\" content=\"Est. reading time\" \/>\n\t<meta name=\"twitter:data1\" content=\"4 minutes\" \/>\n<script type=\"application\/ld+json\" class=\"yoast-schema-graph\">{\"@context\":\"https:\/\/schema.org\",\"@graph\":[{\"@type\":\"WebPage\",\"@id\":\"https:\/\/www.visitsaimaa.fi\/en\/charms-of-saimaa-it\/kenkavero-it\/\",\"url\":\"https:\/\/www.visitsaimaa.fi\/en\/charms-of-saimaa-it\/kenkavero-it\/\",\"name\":\"Kenk\u00e4vero IT - Visit Saimaa\",\"isPartOf\":{\"@id\":\"https:\/\/www.visitsaimaa.fi\/fi\/#website\"},\"datePublished\":\"2019-11-12T08:50:42+00:00\",\"dateModified\":\"2019-11-12T09:03:18+00:00\",\"description\":\"Kenk\u00e4vero Visitare la favolosa canonica Kenk\u00e4vero a Mikkeli, vicino alla strada statale n. 5 e in riva al lago Saimaa, \u00e8 un\u2019esperienza da non perdere\",\"breadcrumb\":{\"@id\":\"https:\/\/www.visitsaimaa.fi\/en\/charms-of-saimaa-it\/kenkavero-it\/#breadcrumb\"},\"inLanguage\":\"en-US\",\"potentialAction\":[{\"@type\":\"ReadAction\",\"target\":[\"https:\/\/www.visitsaimaa.fi\/en\/charms-of-saimaa-it\/kenkavero-it\/\"]}]},{\"@type\":\"BreadcrumbList\",\"@id\":\"https:\/\/www.visitsaimaa.fi\/en\/charms-of-saimaa-it\/kenkavero-it\/#breadcrumb\",\"itemListElement\":[{\"@type\":\"ListItem\",\"position\":1,\"name\":\"Visit Saimaa\",\"item\":\"https:\/\/www.visitsaimaa.fi\/en\/\"},{\"@type\":\"ListItem\",\"position\":2,\"name\":\"Charms Of Saimaa IT\",\"item\":\"https:\/\/www.visitsaimaa.fi\/en\/charms-of-saimaa-it\/\"},{\"@type\":\"ListItem\",\"position\":3,\"name\":\"Kenk\u00e4vero IT\"}]},{\"@type\":\"WebSite\",\"@id\":\"https:\/\/www.visitsaimaa.fi\/fi\/#website\",\"url\":\"https:\/\/www.visitsaimaa.fi\/fi\/\",\"name\":\"Visit Saimaa\",\"description\":\"The Official Travel Guide of Lakeland Saimaa\",\"potentialAction\":[{\"@type\":\"SearchAction\",\"target\":{\"@type\":\"EntryPoint\",\"urlTemplate\":\"https:\/\/www.visitsaimaa.fi\/fi\/?s={search_term_string}\"},\"query-input\":{\"@type\":\"PropertyValueSpecification\",\"valueRequired\":true,\"valueName\":\"search_term_string\"}}],\"inLanguage\":\"en-US\"}]}<\/script>\n<!-- \/ Yoast SEO Premium plugin. -->","yoast_head_json":{"title":"Kenk\u00e4vero IT - Visit Saimaa","description":"Kenk\u00e4vero Visitare la favolosa canonica Kenk\u00e4vero a Mikkeli, vicino alla strada statale n. 5 e in riva al lago Saimaa, \u00e8 un\u2019esperienza da non perdere","robots":{"index":"index","follow":"follow","max-snippet":"max-snippet:-1","max-image-preview":"max-image-preview:large","max-video-preview":"max-video-preview:-1"},"canonical":"https:\/\/www.visitsaimaa.fi\/en\/charms-of-saimaa-it\/kenkavero-it\/","og_locale":"en_US","og_type":"article","og_title":"Kenk\u00e4vero IT - Visit Saimaa","og_description":"Kenk\u00e4vero Visitare la favolosa canonica Kenk\u00e4vero a Mikkeli, vicino alla strada statale n. 5 e in riva al lago Saimaa, \u00e8 un\u2019esperienza da non perdere","og_url":"https:\/\/www.visitsaimaa.fi\/en\/charms-of-saimaa-it\/kenkavero-it\/","og_site_name":"Visit Saimaa","article_modified_time":"2019-11-12T09:03:18+00:00","twitter_misc":{"Est. reading time":"4 minutes"},"schema":{"@context":"https:\/\/schema.org","@graph":[{"@type":"WebPage","@id":"https:\/\/www.visitsaimaa.fi\/en\/charms-of-saimaa-it\/kenkavero-it\/","url":"https:\/\/www.visitsaimaa.fi\/en\/charms-of-saimaa-it\/kenkavero-it\/","name":"Kenk\u00e4vero IT - Visit Saimaa","isPartOf":{"@id":"https:\/\/www.visitsaimaa.fi\/fi\/#website"},"datePublished":"2019-11-12T08:50:42+00:00","dateModified":"2019-11-12T09:03:18+00:00","description":"Kenk\u00e4vero Visitare la favolosa canonica Kenk\u00e4vero a Mikkeli, vicino alla strada statale n. 5 e in riva al lago Saimaa, \u00e8 un\u2019esperienza da non perdere","breadcrumb":{"@id":"https:\/\/www.visitsaimaa.fi\/en\/charms-of-saimaa-it\/kenkavero-it\/#breadcrumb"},"inLanguage":"en-US","potentialAction":[{"@type":"ReadAction","target":["https:\/\/www.visitsaimaa.fi\/en\/charms-of-saimaa-it\/kenkavero-it\/"]}]},{"@type":"BreadcrumbList","@id":"https:\/\/www.visitsaimaa.fi\/en\/charms-of-saimaa-it\/kenkavero-it\/#breadcrumb","itemListElement":[{"@type":"ListItem","position":1,"name":"Visit Saimaa","item":"https:\/\/www.visitsaimaa.fi\/en\/"},{"@type":"ListItem","position":2,"name":"Charms Of Saimaa IT","item":"https:\/\/www.visitsaimaa.fi\/en\/charms-of-saimaa-it\/"},{"@type":"ListItem","position":3,"name":"Kenk\u00e4vero IT"}]},{"@type":"WebSite","@id":"https:\/\/www.visitsaimaa.fi\/fi\/#website","url":"https:\/\/www.visitsaimaa.fi\/fi\/","name":"Visit Saimaa","description":"The Official Travel Guide of Lakeland Saimaa","potentialAction":[{"@type":"SearchAction","target":{"@type":"EntryPoint","urlTemplate":"https:\/\/www.visitsaimaa.fi\/fi\/?s={search_term_string}"},"query-input":{"@type":"PropertyValueSpecification","valueRequired":true,"valueName":"search_term_string"}}],"inLanguage":"en-US"}]}},"_links":{"self":[{"href":"https:\/\/www.visitsaimaa.fi\/en\/wp-json\/wp\/v2\/pages\/14772","targetHints":{"allow":["GET"]}}],"collection":[{"href":"https:\/\/www.visitsaimaa.fi\/en\/wp-json\/wp\/v2\/pages"}],"about":[{"href":"https:\/\/www.visitsaimaa.fi\/en\/wp-json\/wp\/v2\/types\/page"}],"author":[{"embeddable":true,"href":"https:\/\/www.visitsaimaa.fi\/en\/wp-json\/wp\/v2\/users\/46"}],"replies":[{"embeddable":true,"href":"https:\/\/www.visitsaimaa.fi\/en\/wp-json\/wp\/v2\/comments?post=14772"}],"version-history":[{"count":0,"href":"https:\/\/www.visitsaimaa.fi\/en\/wp-json\/wp\/v2\/pages\/14772\/revisions"}],"up":[{"embeddable":true,"href":"https:\/\/www.visitsaimaa.fi\/en\/wp-json\/wp\/v2\/pages\/14759"}],"wp:attachment":[{"href":"https:\/\/www.visitsaimaa.fi\/en\/wp-json\/wp\/v2\/media?parent=14772"}],"wp:term":[{"taxonomy":"relatedcontent","embeddable":true,"href":"https:\/\/www.visitsaimaa.fi\/en\/wp-json\/wp\/v2\/relatedcontent?post=14772"}],"curies":[{"name":"wp","href":"https:\/\/api.w.org\/{rel}","templated":true}]}}