{"id":14738,"date":"2019-09-19T14:03:32","date_gmt":"2019-09-19T11:03:32","guid":{"rendered":"https:\/\/www.visitsaimaa.fi\/charms-of-saimaa\/tynkkylan-lomaniemi\/"},"modified":"2019-11-12T09:16:19","modified_gmt":"2019-11-12T07:16:19","slug":"tynkkylan-lomaniemi","status":"publish","type":"page","link":"https:\/\/www.visitsaimaa.fi\/en\/charms-of-saimaa\/tynkkylan-lomaniemi\/","title":{"rendered":"Tynkkyl\u00e4n Lomaniemi"},"content":{"rendered":"<p>[vc_row full_width=&#8221;stretch_row_content_no_spaces&#8221; parallax=&#8221;content-moving-fade&#8221; parallax_image=&#8221;13933&#8243; css=&#8221;.vc_custom_1569566319438{padding-top: 700px !important;}&#8221;][vc_column][\/vc_column][\/vc_row][vc_row][vc_column][vc_column_text]<\/p>\n<h1 style=\"text-align: center\">Tynkkyl\u00e4n Lomaniemi<\/h1>\n<p style=\"text-align: center\"><strong>Tynkkyl\u00e4n Lomaniemi is a family-owned company offering individual customer service in Punkaharju, right by the home waters of the Saimaa ringed seal. All the cottages are well-equipped and have a private beach. The landscape caf\u00e9 is open in the summer and by agreement, and catering services are available upon request. Boaters on Lake Saimaa are welcome to our guest harbour.<\/strong><\/p>\n<h2 style=\"text-align: center\">Holiday apartments and guest harbour<\/h2>\n<p style=\"text-align: center\">Tynkkyl\u00e4 has 14 cottages, all with a private beach, located in the quiet, pristine, scenic and safe M\u00f6kinniemi. Each cottage is unique. The guest harbour provides boaters with a hospitable rest stop. There are five separate docks and many buoy berths. Visitors are free to use the saunas, restroom and barbecue shelter.<\/p>\n<h2 style=\"text-align: center\">Selection of authentic local delicacies<\/h2>\n<p style=\"text-align: center\">In the summertime, the landscape caf\u00e9 is open daily from 9 a.m. to 8 p.m. In other times, the caf\u00e9 is open upon request. Every summer Sunday, Tynkkyl\u00e4 serves a Savo-Karelian buffet that is available from noon till 3 p.m. We also organise birthdays, training events, weddings and other happenings throughout the year.<\/p>\n<h2 style=\"text-align: center\">Activities \u2013 much to see and experience<\/h2>\n<p style=\"text-align: center\">There is a wide variety of activities to choose from in the Tynkkyl\u00e4n Lomaniemi surroundings: you can go SUP boarding, boating, cycling, kayaking, hiking along a nature trail, snowshoeing, ice fishing, and so on. In the nearby waters you may see a Saimaa ringed seal enjoying a swim, and in the courtyard, there are domestic animals to delight our visitors. Our home museum and textile boutique are also definitely worth a visit.<\/p>\n<p>[\/vc_column_text][vc_single_image image=&#8221;14363&#8243; img_size=&#8221;&#8221; alignment=&#8221;center&#8221;][\/vc_column][\/vc_row][vc_row][vc_column width=&#8221;1\/5&#8243;][vc_single_image image=&#8221;13929&#8243; img_size=&#8221;500&#215;500&#8243; alignment=&#8221;center&#8221; onclick=&#8221;link_image&#8221;][\/vc_column][vc_column width=&#8221;1\/5&#8243;][vc_single_image image=&#8221;13941&#8243; img_size=&#8221;500&#215;500&#8243; alignment=&#8221;center&#8221; onclick=&#8221;link_image&#8221;][\/vc_column][vc_column width=&#8221;1\/5&#8243;][vc_single_image image=&#8221;13945&#8243; img_size=&#8221;500&#215;500&#8243; alignment=&#8221;center&#8221; onclick=&#8221;link_image&#8221;][\/vc_column][vc_column width=&#8221;1\/5&#8243;][vc_single_image image=&#8221;13937&#8243; img_size=&#8221;500&#215;500&#8243; alignment=&#8221;center&#8221; onclick=&#8221;link_image&#8221;][\/vc_column][vc_column width=&#8221;1\/5&#8243;][vc_single_image image=&#8221;13951&#8243; img_size=&#8221;500&#215;500&#8243; alignment=&#8221;center&#8221; onclick=&#8221;link_image&#8221;][\/vc_column][\/vc_row][vc_row full_width=&#8221;stretch_row&#8221; css=&#8221;.vc_custom_1568890806525{padding-top: 50px !important;padding-bottom: 50px !important;background-color: #efefef !important;}&#8221;][vc_column][vc_column_text]<\/p>\n<p style=\"text-align: center\"><strong>Tynkkyl\u00e4n Lomaniemi<\/strong><br \/>\nLomaniementie 66<br \/>\n58580 Vuoriniemi<br \/>\n+358 40 732 6138<br \/>\njukka.heikkonen@lomaniemi.fi<\/p>\n<p style=\"text-align: center\">Open all year round.<\/p>\n<p style=\"text-align: center\"><a href=\"http:\/\/www.lomaniemi.fi\/\">www.lomaniemi.fi<\/a><br \/>\n<a href=\"https:\/\/www.facebook.com\/lomaniemi\/\">Facebook<\/a><\/p>\n<p>[\/vc_column_text][\/vc_column][\/vc_row]<\/p>\n","protected":false},"excerpt":{"rendered":"<p>[vc_row full_width=&#8221;stretch_row_content_no_spaces&#8221; parallax=&#8221;content-moving-fade&#8221; parallax_image=&#8221;13933&#8243; css=&#8221;.vc_custom_1569566319438{padding-top: 700px !important;}&#8221;][vc_column][\/vc_column][\/vc_row][vc_row][vc_column][vc_column_text] Tynkkyl\u00e4n Lomaniemi Tynkkyl\u00e4n Lomaniemi is a family-owned company offering individual customer service in Punkaharju, right by the home waters of the Saimaa ringed [&hellip;]<\/p>\n","protected":false},"author":46,"featured_media":0,"parent":14511,"menu_order":0,"comment_status":"closed","ping_status":"closed","template":"","meta":{"footnotes":""},"relatedcontent":[],"class_list":{"0":"post-14738","1":"page","2":"type-page","3":"status-publish","4":"hentry","6":"priority-3"},"yoast_head":"<!-- This site is optimized with the Yoast SEO Premium plugin v27.3 (Yoast SEO v27.5) - https:\/\/yoast.com\/product\/yoast-seo-premium-wordpress\/ -->\n<title>Tynkkyl\u00e4n Lomaniemi - Visit Saimaa<\/title>\n<meta name=\"description\" content=\"Tynkkyl\u00e4n Lomaniemi Tynkkyl\u00e4n Lomaniemi is a family-owned company offering individual customer service in Punkaharju, right by the home waters of the\" \/>\n<meta name=\"robots\" content=\"index, follow, max-snippet:-1, max-image-preview:large, max-video-preview:-1\" \/>\n<link rel=\"canonical\" href=\"https:\/\/www.visitsaimaa.fi\/en\/charms-of-saimaa\/tynkkylan-lomaniemi\/\" \/>\n<meta property=\"og:locale\" content=\"en_US\" \/>\n<meta property=\"og:type\" content=\"article\" \/>\n<meta property=\"og:title\" content=\"Tynkkyl\u00e4n Lomaniemi\" \/>\n<meta property=\"og:description\" content=\"Tynkkyl\u00e4n Lomaniemi Tynkkyl\u00e4n Lomaniemi is a family-owned company offering individual customer service in Punkaharju, right by the home waters of the\" \/>\n<meta property=\"og:url\" content=\"https:\/\/www.visitsaimaa.fi\/en\/charms-of-saimaa\/tynkkylan-lomaniemi\/\" \/>\n<meta property=\"og:site_name\" content=\"Visit Saimaa\" \/>\n<meta property=\"article:modified_time\" content=\"2019-11-12T07:16:19+00:00\" \/>\n<meta name=\"twitter:label1\" content=\"Est. reading time\" \/>\n\t<meta name=\"twitter:data1\" content=\"2 minutes\" \/>\n<script type=\"application\/ld+json\" class=\"yoast-schema-graph\">{\"@context\":\"https:\\\/\\\/schema.org\",\"@graph\":[{\"@type\":\"WebPage\",\"@id\":\"https:\\\/\\\/www.visitsaimaa.fi\\\/en\\\/charms-of-saimaa\\\/tynkkylan-lomaniemi\\\/\",\"url\":\"https:\\\/\\\/www.visitsaimaa.fi\\\/en\\\/charms-of-saimaa\\\/tynkkylan-lomaniemi\\\/\",\"name\":\"Tynkkyl\u00e4n Lomaniemi - Visit Saimaa\",\"isPartOf\":{\"@id\":\"https:\\\/\\\/www.visitsaimaa.fi\\\/fi\\\/#website\"},\"datePublished\":\"2019-09-19T11:03:32+00:00\",\"dateModified\":\"2019-11-12T07:16:19+00:00\",\"description\":\"Tynkkyl\u00e4n Lomaniemi Tynkkyl\u00e4n Lomaniemi is a family-owned company offering individual customer service in Punkaharju, right by the home waters of the\",\"breadcrumb\":{\"@id\":\"https:\\\/\\\/www.visitsaimaa.fi\\\/en\\\/charms-of-saimaa\\\/tynkkylan-lomaniemi\\\/#breadcrumb\"},\"inLanguage\":\"en-US\",\"potentialAction\":[{\"@type\":\"ReadAction\",\"target\":[\"https:\\\/\\\/www.visitsaimaa.fi\\\/en\\\/charms-of-saimaa\\\/tynkkylan-lomaniemi\\\/\"]}]},{\"@type\":\"BreadcrumbList\",\"@id\":\"https:\\\/\\\/www.visitsaimaa.fi\\\/en\\\/charms-of-saimaa\\\/tynkkylan-lomaniemi\\\/#breadcrumb\",\"itemListElement\":[{\"@type\":\"ListItem\",\"position\":1,\"name\":\"Visit Saimaa\",\"item\":\"https:\\\/\\\/www.visitsaimaa.fi\\\/en\\\/\"},{\"@type\":\"ListItem\",\"position\":2,\"name\":\"Charms of Saimaa\",\"item\":\"https:\\\/\\\/www.visitsaimaa.fi\\\/en\\\/charms-of-saimaa\\\/\"},{\"@type\":\"ListItem\",\"position\":3,\"name\":\"Tynkkyl\u00e4n Lomaniemi\"}]},{\"@type\":\"WebSite\",\"@id\":\"https:\\\/\\\/www.visitsaimaa.fi\\\/fi\\\/#website\",\"url\":\"https:\\\/\\\/www.visitsaimaa.fi\\\/fi\\\/\",\"name\":\"Visit Saimaa\",\"description\":\"The Official Travel Guide of Lakeland Saimaa\",\"potentialAction\":[{\"@type\":\"SearchAction\",\"target\":{\"@type\":\"EntryPoint\",\"urlTemplate\":\"https:\\\/\\\/www.visitsaimaa.fi\\\/fi\\\/?s={search_term_string}\"},\"query-input\":{\"@type\":\"PropertyValueSpecification\",\"valueRequired\":true,\"valueName\":\"search_term_string\"}}],\"inLanguage\":\"en-US\"}]}<\/script>\n<!-- \/ Yoast SEO Premium plugin. -->","yoast_head_json":{"title":"Tynkkyl\u00e4n Lomaniemi - Visit Saimaa","description":"Tynkkyl\u00e4n Lomaniemi Tynkkyl\u00e4n Lomaniemi is a family-owned company offering individual customer service in Punkaharju, right by the home waters of the","robots":{"index":"index","follow":"follow","max-snippet":"max-snippet:-1","max-image-preview":"max-image-preview:large","max-video-preview":"max-video-preview:-1"},"canonical":"https:\/\/www.visitsaimaa.fi\/en\/charms-of-saimaa\/tynkkylan-lomaniemi\/","og_locale":"en_US","og_type":"article","og_title":"Tynkkyl\u00e4n Lomaniemi","og_description":"Tynkkyl\u00e4n Lomaniemi Tynkkyl\u00e4n Lomaniemi is a family-owned company offering individual customer service in Punkaharju, right by the home waters of the","og_url":"https:\/\/www.visitsaimaa.fi\/en\/charms-of-saimaa\/tynkkylan-lomaniemi\/","og_site_name":"Visit Saimaa","article_modified_time":"2019-11-12T07:16:19+00:00","twitter_misc":{"Est. reading time":"2 minutes"},"schema":{"@context":"https:\/\/schema.org","@graph":[{"@type":"WebPage","@id":"https:\/\/www.visitsaimaa.fi\/en\/charms-of-saimaa\/tynkkylan-lomaniemi\/","url":"https:\/\/www.visitsaimaa.fi\/en\/charms-of-saimaa\/tynkkylan-lomaniemi\/","name":"Tynkkyl\u00e4n Lomaniemi - Visit Saimaa","isPartOf":{"@id":"https:\/\/www.visitsaimaa.fi\/fi\/#website"},"datePublished":"2019-09-19T11:03:32+00:00","dateModified":"2019-11-12T07:16:19+00:00","description":"Tynkkyl\u00e4n Lomaniemi Tynkkyl\u00e4n Lomaniemi is a family-owned company offering individual customer service in Punkaharju, right by the home waters of the","breadcrumb":{"@id":"https:\/\/www.visitsaimaa.fi\/en\/charms-of-saimaa\/tynkkylan-lomaniemi\/#breadcrumb"},"inLanguage":"en-US","potentialAction":[{"@type":"ReadAction","target":["https:\/\/www.visitsaimaa.fi\/en\/charms-of-saimaa\/tynkkylan-lomaniemi\/"]}]},{"@type":"BreadcrumbList","@id":"https:\/\/www.visitsaimaa.fi\/en\/charms-of-saimaa\/tynkkylan-lomaniemi\/#breadcrumb","itemListElement":[{"@type":"ListItem","position":1,"name":"Visit Saimaa","item":"https:\/\/www.visitsaimaa.fi\/en\/"},{"@type":"ListItem","position":2,"name":"Charms of Saimaa","item":"https:\/\/www.visitsaimaa.fi\/en\/charms-of-saimaa\/"},{"@type":"ListItem","position":3,"name":"Tynkkyl\u00e4n Lomaniemi"}]},{"@type":"WebSite","@id":"https:\/\/www.visitsaimaa.fi\/fi\/#website","url":"https:\/\/www.visitsaimaa.fi\/fi\/","name":"Visit Saimaa","description":"The Official Travel Guide of Lakeland Saimaa","potentialAction":[{"@type":"SearchAction","target":{"@type":"EntryPoint","urlTemplate":"https:\/\/www.visitsaimaa.fi\/fi\/?s={search_term_string}"},"query-input":{"@type":"PropertyValueSpecification","valueRequired":true,"valueName":"search_term_string"}}],"inLanguage":"en-US"}]}},"_links":{"self":[{"href":"https:\/\/www.visitsaimaa.fi\/en\/wp-json\/wp\/v2\/pages\/14738","targetHints":{"allow":["GET"]}}],"collection":[{"href":"https:\/\/www.visitsaimaa.fi\/en\/wp-json\/wp\/v2\/pages"}],"about":[{"href":"https:\/\/www.visitsaimaa.fi\/en\/wp-json\/wp\/v2\/types\/page"}],"author":[{"embeddable":true,"href":"https:\/\/www.visitsaimaa.fi\/en\/wp-json\/wp\/v2\/users\/46"}],"replies":[{"embeddable":true,"href":"https:\/\/www.visitsaimaa.fi\/en\/wp-json\/wp\/v2\/comments?post=14738"}],"version-history":[{"count":0,"href":"https:\/\/www.visitsaimaa.fi\/en\/wp-json\/wp\/v2\/pages\/14738\/revisions"}],"up":[{"embeddable":true,"href":"https:\/\/www.visitsaimaa.fi\/en\/wp-json\/wp\/v2\/pages\/14511"}],"wp:attachment":[{"href":"https:\/\/www.visitsaimaa.fi\/en\/wp-json\/wp\/v2\/media?parent=14738"}],"wp:term":[{"taxonomy":"relatedcontent","embeddable":true,"href":"https:\/\/www.visitsaimaa.fi\/en\/wp-json\/wp\/v2\/relatedcontent?post=14738"}],"curies":[{"name":"wp","href":"https:\/\/api.w.org\/{rel}","templated":true}]}}