{"id":14465,"date":"2019-10-11T09:17:46","date_gmt":"2019-10-11T06:17:46","guid":{"rendered":"https:\/\/www.visitsaimaa.fi\/?page_id=14465"},"modified":"2019-10-11T09:17:46","modified_gmt":"2019-10-11T06:17:46","slug":"saimaa-gastronomy-it","status":"publish","type":"page","link":"https:\/\/www.visitsaimaa.fi\/en\/saimaa-gastronomy-it\/","title":{"rendered":"Saimaa Gastronomy IT"},"content":{"rendered":"<p>[vc_row full_width=&#8221;stretch_row_content_no_spaces&#8221; parallax=&#8221;content-moving-fade&#8221; parallax_image=&#8221;13866&#8243; css=&#8221;.vc_custom_1568807955006{padding-top: 250px !important;padding-bottom: 250px !important;}&#8221;][vc_column][vc_column_text]<\/p>\n<h1 style=\"text-align: center\"><img loading=\"lazy\" decoding=\"async\" class=\"alignnone wp-image-13500 size-full\" src=\"https:\/\/www.visitsaimaa.fi\/wp-content\/uploads\/2019\/09\/SaimaaGastronomy_leima_nega.png\" alt=\"\" width=\"220\" height=\"223\" srcset=\"https:\/\/www.visitsaimaa.fi\/wp-content\/uploads\/2019\/09\/SaimaaGastronomy_leima_nega.png 220w, https:\/\/www.visitsaimaa.fi\/wp-content\/uploads\/2019\/09\/SaimaaGastronomy_leima_nega-80x80.png 80w\" sizes=\"auto, (max-width: 220px) 100vw, 220px\" \/><\/h1>\n<h1 style=\"text-align: center\"><span style=\"color: #ffffff\">Prego, la tavola \u00e8 apparecchiata!<\/span><\/h1>\n<p>[\/vc_column_text][\/vc_column][\/vc_row][vc_row][vc_column][vc_column_text]<\/p>\n<h2 style=\"text-align: center\">Deliziose storie uniscono gli amici della buona cucina<\/h2>\n<p style=\"text-align: center\"><strong>Hotelli Punkaharju | Sahanlahti Resort | TeaHouse of Wehmais | Tertin Kartano<\/strong><\/p>\n<p style=\"text-align: center\">Ciascuna azienda di Saimaa Gastronomy ha la propria storia.<br \/>\nLeggi e vieni a trovarci.<\/p>\n<p>[\/vc_column_text][\/vc_column][\/vc_row][vc_row css=&#8221;.vc_custom_1567749030908{padding-top: 50px !important;padding-bottom: 50px !important;}&#8221;][vc_column][vc_zigzag color=&#8221;turquoise&#8221; css_animation=&#8221;fadeIn&#8221;][\/vc_column][\/vc_row][vc_row parallax=&#8221;content-moving&#8221; parallax_image=&#8221;7345&#8243; css=&#8221;.vc_custom_1568807711835{padding-top: 250px !important;padding-bottom: 250px !important;}&#8221;][vc_column][vc_column_text]<\/p>\n<h2 style=\"text-align: center\"><span style=\"color: #ffffff\">Hotelli Punkaharju<\/span><\/h2>\n<p>[\/vc_column_text][\/vc_column][\/vc_row][vc_row][vc_column][vc_column_text]<\/p>\n<h2>L\u2019Hotel Punkaharju ti porta nel mondo dei sapori finlandesi<\/h2>\n<p>[\/vc_column_text][\/vc_column][\/vc_row][vc_row][vc_column width=&#8221;2\/3&#8243;][vc_column_text]La proprietaria dell\u2019hotel, <strong><em>Saimi Hoyer<\/em><\/strong>, in precedenza ha attraversato le passarelle mondiali come top model. Rientrata in Finlandia dalle metropoli mondiali, Saimi si \u00e8 trasferita nei cari paesaggi estivi della sua infanzia, Punkaharju. Quando il vecchio hotel Punkaharjun Valtionhotelli \u00e8 stato messo in vendita, Saimi e l\u2019allora marito, Thomas Hoyer, hanno deciso di restaurarlo facendolo diventare uno dei tesori nazionali finlandesi.<\/p>\n<p>\u201dPunkaharju e tutta la regione del Saimaa sono stati per troppo tempo nascosti ai turisti. Avendo vissuto a lungo all\u2019estero, ho visto nell\u2019hotel Punkaharju un luogo dove le persone possono godere della pace e dei frutti della natura .\u201d<\/p>\n<p>Il ristorante dell\u2019hotel Punkaharju \u00e8 diventato un luogo dove vengono serviti i tesori delle fattorie locali, dei boschi che circondano l\u2019hotel e del Saimaa. L\u2019hotel Punkaharju \u00e8 noto soprattutto per l\u2019uso versatile e fantasioso dei funghi.[\/vc_column_text][\/vc_column][vc_column width=&#8221;1\/3&#8243;][vc_single_image image=&#8221;13812&#8243; img_size=&#8221;&#8221; alignment=&#8221;center&#8221;][vc_column_text]<\/p>\n<p style=\"text-align: center\">Punkaharjun Harjutie 596,<br \/>\n58450 Punkaharju<br \/>\n<a href=\"https:\/\/goo.gl\/maps\/P1LpAoPL2EGHdMEp9\" target=\"_blank\" rel=\"noopener noreferrer\">&gt; Google Maps<\/a><\/p>\n<p style=\"text-align: center\">Telefono +358 15 511 311<br \/>\n<strong><a href=\"https:\/\/hotellipunkaharju.fi\/\" target=\"_blank\" rel=\"noopener noreferrer\">hotellipunkaharju.fi<\/a><\/strong><\/p>\n<p>[\/vc_column_text][\/vc_column][\/vc_row][vc_row css=&#8221;.vc_custom_1567749030908{padding-top: 50px !important;padding-bottom: 50px !important;}&#8221;][vc_column][vc_zigzag color=&#8221;turquoise&#8221; css_animation=&#8221;fadeIn&#8221;][\/vc_column][\/vc_row][vc_row parallax=&#8221;content-moving&#8221; parallax_image=&#8221;13846&#8243; css=&#8221;.vc_custom_1568807894091{padding-top: 250px !important;padding-bottom: 250px !important;}&#8221;][vc_column][vc_column_text]<\/p>\n<h2 style=\"text-align: center\"><span style=\"color: #ffffff\">Sahanlahti Resort<\/span><\/h2>\n<p>[\/vc_column_text][\/vc_column][\/vc_row][vc_row][vc_column][vc_column_text]<\/p>\n<h2>Il meglio del Saimaa al Sahanlahti Resort<\/h2>\n<p>[\/vc_column_text][\/vc_column][\/vc_row][vc_row][vc_column width=&#8221;2\/3&#8243;][vc_column_text]Una delle segherie pi\u00f9 antiche della regione del Saimaa, Sahanlahti, \u00e8 nata nell\u2019area della segheria ad acqua, che oggi non esiste pi\u00f9, fondata intorno al 1740. La segheria fu in funzione nel paesaggio di Sahanlahti per quasi 200 anni.<\/p>\n<p>Oggigiorno Sahanlahti \u00e8 un centro turistico famoso e tradizionale che si trova nella bella Puumala, a meno di un\u2019ora di macchina da Savonlinna, Mikkeli e Imatra. Il paesaggio della segheria sulla riva del Saimaa, unico dal punto di vista storico e culturale, e gli ambienti dotati di tutti i comfort creano un luogo fantastico sia per le vacanze che per le occasioni di festa. Dalla terrazza del ristorante Koskivahti si pu\u00f2 godere della vista sul Saimaa, descritta come una delle pi\u00f9 uniche al mondo \u2013 e non a caso visto che \u00e8 difficile incontrare spettacoli simili.<\/p>\n<p>Oggigiorno Sahanlahti \u00e8 di propriet\u00e0 della coppia di imprenditori \u00a0<strong><em>Jaana e Janne Kuivalainen<\/em><\/strong>, che con il loro lavoro a lungo termine hanno modernizzato l\u2019attivit\u00e0 e reso Sahanlahti una delle mete migliori del turismo gastronomico finlandese. Hanno creato a Sahanlahti un\u2019atmosfera accogliente e familiare in cui gli ospiti si sentono a proprio agio e si sentono i benvenuti.<\/p>\n<p>Sahanlahti \u00e8 stato premiato nel 2014 come azienda del turismo gastromonico del Savo meridionale e Sahanlahti \u00e8 anche il porto dell\u2019anno 2015 del bacino idrografico di Vuoksi. Nel 2017 Sahanlahti ha vinto il premio organizzato da Visit Finland come azienda al vertice per il suo concetto volto al mercato internazionale.[\/vc_column_text][\/vc_column][vc_column width=&#8221;1\/3&#8243;][vc_single_image image=&#8221;13804&#8243; img_size=&#8221;&#8221; alignment=&#8221;center&#8221;][vc_column_text]<\/p>\n<p style=\"text-align: center\">Lietvedentie 830,<br \/>\n52200 Puumala<br \/>\n<a href=\"https:\/\/goo.gl\/maps\/dnoitC8h5J8KHQqV9\" target=\"_blank\" rel=\"noopener noreferrer\">&gt; Google Maps<\/a><\/p>\n<p style=\"text-align: center\">Telefono +358 40 7799 896<br \/>\n<strong><a href=\"https:\/\/www.sahanlahtiresort.fi\/\" target=\"_blank\" rel=\"noopener noreferrer\">sahanlahtiresort.fi<\/a><\/strong><\/p>\n<p>[\/vc_column_text][\/vc_column][\/vc_row][vc_row css=&#8221;.vc_custom_1567749030908{padding-top: 50px !important;padding-bottom: 50px !important;}&#8221;][vc_column][vc_zigzag color=&#8221;turquoise&#8221; css_animation=&#8221;fadeIn&#8221;][\/vc_column][\/vc_row][vc_row parallax=&#8221;content-moving&#8221; parallax_image=&#8221;13850&#8243; css=&#8221;.vc_custom_1568807910881{padding-top: 250px !important;padding-bottom: 250px !important;}&#8221;][vc_column][vc_column_text]<\/p>\n<h2 style=\"text-align: center\"><span style=\"color: #ffffff\">TeaHouse of Wehmais<\/span><\/h2>\n<p>[\/vc_column_text][\/vc_column][\/vc_row][vc_row][vc_column][vc_column_text]<\/p>\n<h2>Tea House of Wehmais affascina in un paesaggio idilliaco<\/h2>\n<p>[\/vc_column_text][\/vc_column][\/vc_row][vc_row][vc_column width=&#8221;2\/3&#8243;][vc_column_text]La proprietaria di TeaHouse of Wehmais, <strong><em>Anna Grotenfelt-Paunonen<\/em><\/strong>, ha fondato la prima ed ancora unica sala da t\u00e8 della Finladia, specializzata nelle tradizioni inglesi del t\u00e8, nell\u2019autunno 2010. La sala da t\u00e8 \u00e8 situata nelle vecchie stalle che si trovano nel cortile della tenuta di Wehmaa ed \u00e8 arredata con tessuti decorati da rose e carta da parati a fiori. Nelle caratteristiche stanze \u00e8 possibile godere di menu quali Afternoon Tea e Cream Tea. Anna \u00e8 una dei due unici sommelier del t\u00e8 della Finlandia e ha scelto personalmente per la sua sala da t\u00e8 circa 100 qualit\u00e0 di t\u00e8, tra cui ciascuno trover\u00e0 il suo preferito \u2013 anche da portare a casa. Nella parte opposta dell\u2019edificio \u00e8 situato il negozio Deli&amp;Deco, che vende cibi di produttori locali, prodotti organici e oggetti d\u2019arredo di qualit\u00e0.<\/p>\n<p>L\u2019arrivo stesso alla sala da t\u00e8 \u00e8 di per s\u00e9 un\u2019esperienza. Dalla strada circondata da un bel paesaggio di campagna inizia un viale di betulle pieno di atmosfera che porta al cortile della Tenuta di Wehmaa, dove si trova anche una stalla di mattoni. In estate gli ospiti possono ammirare l\u2019allevamento biologico di bovini da latte in diversi punti della fattoria o dando un\u2019occhiata all\u2019interno della stalla. Nella vecchia stalla dei cavalli e nel cortile vengono organizzati diversi eventi e iniziative tutto l\u2019anno. Ad esempio durante il tradizionale mercato natalizio di Wehmaa nel paesaggio di campagna ricco di atmosfera si riuniscono i piccoli produttori locali. Anna con molto lavoro e buon gusto ha fatto diventare la Tenuta di Wehmaa una delle migliori mete del turismo gastronomico finlandese.[\/vc_column_text][\/vc_column][vc_column width=&#8221;1\/3&#8243;][vc_single_image image=&#8221;13808&#8243; img_size=&#8221;&#8221; alignment=&#8221;center&#8221;][vc_column_text]<\/p>\n<p style=\"text-align: center\">Pieks\u00e4m\u00e4entie 234,<br \/>\n51900 Juva<br \/>\n<a href=\"https:\/\/goo.gl\/maps\/xgJ1WQxCY8mMLQd96\" target=\"_blank\" rel=\"noopener noreferrer\">&gt; Google Maps<\/a><\/p>\n<p style=\"text-align: center\">Telefono +358 40 4101 626<br \/>\n<strong><a href=\"https:\/\/teahouse.fi\/\" target=\"_blank\" rel=\"noopener noreferrer\">teahouse.fi<\/a><\/strong><\/p>\n<p>[\/vc_column_text][\/vc_column][\/vc_row][vc_row css=&#8221;.vc_custom_1567749030908{padding-top: 50px !important;padding-bottom: 50px !important;}&#8221;][vc_column][vc_zigzag color=&#8221;turquoise&#8221; css_animation=&#8221;fadeIn&#8221;][\/vc_column][\/vc_row][vc_row parallax=&#8221;content-moving&#8221; parallax_image=&#8221;13870&#8243; css=&#8221;.vc_custom_1568807927283{padding-top: 250px !important;padding-bottom: 250px !important;}&#8221;][vc_column][vc_column_text]<\/p>\n<h2 style=\"text-align: center\"><span style=\"color: #ffffff\">Tertin Kartano<\/span><\/h2>\n<p>[\/vc_column_text][\/vc_column][\/vc_row][vc_row][vc_column][vc_column_text]<\/p>\n<h2>Tertin Kartano invita ad un moderno viaggio nel gusto<\/h2>\n<p>[\/vc_column_text][\/vc_column][\/vc_row][vc_row][vc_column width=&#8221;2\/3&#8243;][vc_column_text]I proprietari attuali di Tertin Kartano (Tenuta di Tertti), <strong><em>Matti e Pepita Pylkk\u00e4nen<\/em><\/strong>, hanno iniziato nel 1978 a sviluppare la fattoria di famiglia facendola diventare una delle fattorie finlandesi pi\u00f9 importanti dal punto di vista del turismo e dell\u2019allevamento. Nella tenuta \u00e8 stato aperto il Ristorante della Tenuta, il cortile e i l\u2019ambiente circostante con i giardini \u00e8 stato modificato secondo lo stile della fine del 1800 e sono stati costruiti la Caffetteria e il Negozio. I frutti dei campi, degli orti e dei giardini sono stati trasformati in prodotti gourmet di qualit\u00e0, ideali per gli ospiti del ristorante. Traendo ispirazione dalle lunghe tradizioni culinarie, \u00e8 stato pubblicato anche un libro di ricette.<\/p>\n<p>Nella fattoria e tenuta di cavalli fondata nel 1500 si coltiva la terra, si allevano i cavalli, le pecore e le mucche da latte da secoli.Durante gli anni nella fattoria sono stati attivi un ovile, un caseificio ed addirittura una scuola casearia. Nelle spettacolari sale della tenuta e nelle terre della fattoria c\u2019\u00e8 sempre stata una grande quantit\u00e0 di persone. Oltre ai propri dipendenti, ad esempio nella Tenuta di Tertti c\u2019era il personale militare della guerra d\u2019inverno e della guerra di continuazione tra Finlandia e Russia. Durante i secoli nella cucina di Tertti si \u00e8 imparato a preparare cibo di qualit\u00e0 per i presidenti della Finlandia e per altri ospiti importanti, nonch\u00e9 per tutti gli amici della buona cucina. I frutti della propria terra hanno sempre svolto un grande ruolo nella vita di tutti i giorni e nelle occasioni di festa della tenuta. Una lunga storia ed un lavoro persistente hanno reso la Tenuta di Tertti una delle mete finlandesi migliori del turismo gastronomico.[\/vc_column_text][\/vc_column][vc_column width=&#8221;1\/3&#8243;][vc_single_image image=&#8221;13800&#8243; img_size=&#8221;&#8221; alignment=&#8221;center&#8221;][vc_column_text]<\/p>\n<p style=\"text-align: center\">Kuopiontie 68,<br \/>\n50350 Mikkeli<\/p>\n<p style=\"text-align: center\"><a href=\"https:\/\/g.page\/tertti?share\" target=\"_blank\" rel=\"noopener noreferrer\">&gt; katso kohde kartalla<\/a><\/p>\n<p style=\"text-align: center\">Puhelin 015 176 012<br \/>\n<strong><a href=\"http:\/\/www.tertinkartano.fi\/\" target=\"_blank\" rel=\"noopener noreferrer\">tertinkartano.fi<\/a><\/strong>[\/vc_column_text][\/vc_column][\/vc_row]<\/p>\n","protected":false},"excerpt":{"rendered":"<p>[vc_row full_width=&#8221;stretch_row_content_no_spaces&#8221; parallax=&#8221;content-moving-fade&#8221; parallax_image=&#8221;13866&#8243; css=&#8221;.vc_custom_1568807955006{padding-top: 250px !important;padding-bottom: 250px !important;}&#8221;][vc_column][vc_column_text] Prego, la tavola \u00e8 apparecchiata! [\/vc_column_text][\/vc_column][\/vc_row][vc_row][vc_column][vc_column_text] Deliziose storie uniscono gli amici della buona cucina Hotelli Punkaharju | Sahanlahti Resort | TeaHouse [&hellip;]<\/p>\n","protected":false},"author":46,"featured_media":0,"parent":0,"menu_order":0,"comment_status":"closed","ping_status":"closed","template":"","meta":{"footnotes":""},"relatedcontent":[],"class_list":{"0":"post-14465","1":"page","2":"type-page","3":"status-publish","4":"hentry","6":"priority-3"},"yoast_head":"<!-- This site is optimized with the Yoast SEO Premium plugin v27.3 (Yoast SEO v27.4) - https:\/\/yoast.com\/product\/yoast-seo-premium-wordpress\/ -->\n<title>Saimaa Gastronomy IT - Visit Saimaa<\/title>\n<meta name=\"description\" content=\"Prego, la tavola \u00e8 apparecchiata! Deliziose storie uniscono gli amici della buona cucina Hotelli Punkaharju | Sahanlahti Resort | TeaHouse of Wehmais |\" \/>\n<meta name=\"robots\" content=\"index, follow, max-snippet:-1, max-image-preview:large, max-video-preview:-1\" \/>\n<link rel=\"canonical\" href=\"https:\/\/www.visitsaimaa.fi\/en\/saimaa-gastronomy-it\/\" \/>\n<meta property=\"og:locale\" content=\"en_US\" \/>\n<meta property=\"og:type\" content=\"article\" \/>\n<meta property=\"og:title\" content=\"Saimaa Gastronomy IT\" \/>\n<meta property=\"og:description\" content=\"Prego, la tavola \u00e8 apparecchiata! Deliziose storie uniscono gli amici della buona cucina Hotelli Punkaharju | Sahanlahti Resort | TeaHouse of Wehmais |\" \/>\n<meta property=\"og:url\" content=\"https:\/\/www.visitsaimaa.fi\/en\/saimaa-gastronomy-it\/\" \/>\n<meta property=\"og:site_name\" content=\"Visit Saimaa\" \/>\n<meta property=\"og:image\" content=\"https:\/\/www.visitsaimaa.fi\/wp-content\/uploads\/2019\/09\/SaimaaGastronomy_leima_nega.png\" \/>\n<meta name=\"twitter:label1\" content=\"Est. reading time\" \/>\n\t<meta name=\"twitter:data1\" content=\"7 minutes\" \/>\n<script type=\"application\/ld+json\" class=\"yoast-schema-graph\">{\"@context\":\"https:\\\/\\\/schema.org\",\"@graph\":[{\"@type\":\"WebPage\",\"@id\":\"https:\\\/\\\/www.visitsaimaa.fi\\\/en\\\/saimaa-gastronomy-it\\\/\",\"url\":\"https:\\\/\\\/www.visitsaimaa.fi\\\/en\\\/saimaa-gastronomy-it\\\/\",\"name\":\"Saimaa Gastronomy IT - Visit Saimaa\",\"isPartOf\":{\"@id\":\"https:\\\/\\\/www.visitsaimaa.fi\\\/fi\\\/#website\"},\"primaryImageOfPage\":{\"@id\":\"https:\\\/\\\/www.visitsaimaa.fi\\\/en\\\/saimaa-gastronomy-it\\\/#primaryimage\"},\"image\":{\"@id\":\"https:\\\/\\\/www.visitsaimaa.fi\\\/en\\\/saimaa-gastronomy-it\\\/#primaryimage\"},\"thumbnailUrl\":\"https:\\\/\\\/www.visitsaimaa.fi\\\/wp-content\\\/uploads\\\/2019\\\/09\\\/SaimaaGastronomy_leima_nega.png\",\"datePublished\":\"2019-10-11T06:17:46+00:00\",\"description\":\"Prego, la tavola \u00e8 apparecchiata! Deliziose storie uniscono gli amici della buona cucina Hotelli Punkaharju | Sahanlahti Resort | TeaHouse of Wehmais |\",\"breadcrumb\":{\"@id\":\"https:\\\/\\\/www.visitsaimaa.fi\\\/en\\\/saimaa-gastronomy-it\\\/#breadcrumb\"},\"inLanguage\":\"en-US\",\"potentialAction\":[{\"@type\":\"ReadAction\",\"target\":[\"https:\\\/\\\/www.visitsaimaa.fi\\\/en\\\/saimaa-gastronomy-it\\\/\"]}]},{\"@type\":\"ImageObject\",\"inLanguage\":\"en-US\",\"@id\":\"https:\\\/\\\/www.visitsaimaa.fi\\\/en\\\/saimaa-gastronomy-it\\\/#primaryimage\",\"url\":\"https:\\\/\\\/www.visitsaimaa.fi\\\/wp-content\\\/uploads\\\/2019\\\/09\\\/SaimaaGastronomy_leima_nega.png\",\"contentUrl\":\"https:\\\/\\\/www.visitsaimaa.fi\\\/wp-content\\\/uploads\\\/2019\\\/09\\\/SaimaaGastronomy_leima_nega.png\"},{\"@type\":\"BreadcrumbList\",\"@id\":\"https:\\\/\\\/www.visitsaimaa.fi\\\/en\\\/saimaa-gastronomy-it\\\/#breadcrumb\",\"itemListElement\":[{\"@type\":\"ListItem\",\"position\":1,\"name\":\"Visit Saimaa\",\"item\":\"https:\\\/\\\/www.visitsaimaa.fi\\\/en\\\/\"},{\"@type\":\"ListItem\",\"position\":2,\"name\":\"Saimaa Gastronomy IT\"}]},{\"@type\":\"WebSite\",\"@id\":\"https:\\\/\\\/www.visitsaimaa.fi\\\/fi\\\/#website\",\"url\":\"https:\\\/\\\/www.visitsaimaa.fi\\\/fi\\\/\",\"name\":\"Visit Saimaa\",\"description\":\"The Official Travel Guide of Lakeland Saimaa\",\"potentialAction\":[{\"@type\":\"SearchAction\",\"target\":{\"@type\":\"EntryPoint\",\"urlTemplate\":\"https:\\\/\\\/www.visitsaimaa.fi\\\/fi\\\/?s={search_term_string}\"},\"query-input\":{\"@type\":\"PropertyValueSpecification\",\"valueRequired\":true,\"valueName\":\"search_term_string\"}}],\"inLanguage\":\"en-US\"}]}<\/script>\n<!-- \/ Yoast SEO Premium plugin. -->","yoast_head_json":{"title":"Saimaa Gastronomy IT - Visit Saimaa","description":"Prego, la tavola \u00e8 apparecchiata! Deliziose storie uniscono gli amici della buona cucina Hotelli Punkaharju | Sahanlahti Resort | TeaHouse of Wehmais |","robots":{"index":"index","follow":"follow","max-snippet":"max-snippet:-1","max-image-preview":"max-image-preview:large","max-video-preview":"max-video-preview:-1"},"canonical":"https:\/\/www.visitsaimaa.fi\/en\/saimaa-gastronomy-it\/","og_locale":"en_US","og_type":"article","og_title":"Saimaa Gastronomy IT","og_description":"Prego, la tavola \u00e8 apparecchiata! Deliziose storie uniscono gli amici della buona cucina Hotelli Punkaharju | Sahanlahti Resort | TeaHouse of Wehmais |","og_url":"https:\/\/www.visitsaimaa.fi\/en\/saimaa-gastronomy-it\/","og_site_name":"Visit Saimaa","og_image":[{"url":"https:\/\/www.visitsaimaa.fi\/wp-content\/uploads\/2019\/09\/SaimaaGastronomy_leima_nega.png","type":"","width":"","height":""}],"twitter_misc":{"Est. reading time":"7 minutes"},"schema":{"@context":"https:\/\/schema.org","@graph":[{"@type":"WebPage","@id":"https:\/\/www.visitsaimaa.fi\/en\/saimaa-gastronomy-it\/","url":"https:\/\/www.visitsaimaa.fi\/en\/saimaa-gastronomy-it\/","name":"Saimaa Gastronomy IT - Visit Saimaa","isPartOf":{"@id":"https:\/\/www.visitsaimaa.fi\/fi\/#website"},"primaryImageOfPage":{"@id":"https:\/\/www.visitsaimaa.fi\/en\/saimaa-gastronomy-it\/#primaryimage"},"image":{"@id":"https:\/\/www.visitsaimaa.fi\/en\/saimaa-gastronomy-it\/#primaryimage"},"thumbnailUrl":"https:\/\/www.visitsaimaa.fi\/wp-content\/uploads\/2019\/09\/SaimaaGastronomy_leima_nega.png","datePublished":"2019-10-11T06:17:46+00:00","description":"Prego, la tavola \u00e8 apparecchiata! Deliziose storie uniscono gli amici della buona cucina Hotelli Punkaharju | Sahanlahti Resort | TeaHouse of Wehmais |","breadcrumb":{"@id":"https:\/\/www.visitsaimaa.fi\/en\/saimaa-gastronomy-it\/#breadcrumb"},"inLanguage":"en-US","potentialAction":[{"@type":"ReadAction","target":["https:\/\/www.visitsaimaa.fi\/en\/saimaa-gastronomy-it\/"]}]},{"@type":"ImageObject","inLanguage":"en-US","@id":"https:\/\/www.visitsaimaa.fi\/en\/saimaa-gastronomy-it\/#primaryimage","url":"https:\/\/www.visitsaimaa.fi\/wp-content\/uploads\/2019\/09\/SaimaaGastronomy_leima_nega.png","contentUrl":"https:\/\/www.visitsaimaa.fi\/wp-content\/uploads\/2019\/09\/SaimaaGastronomy_leima_nega.png"},{"@type":"BreadcrumbList","@id":"https:\/\/www.visitsaimaa.fi\/en\/saimaa-gastronomy-it\/#breadcrumb","itemListElement":[{"@type":"ListItem","position":1,"name":"Visit Saimaa","item":"https:\/\/www.visitsaimaa.fi\/en\/"},{"@type":"ListItem","position":2,"name":"Saimaa Gastronomy IT"}]},{"@type":"WebSite","@id":"https:\/\/www.visitsaimaa.fi\/fi\/#website","url":"https:\/\/www.visitsaimaa.fi\/fi\/","name":"Visit Saimaa","description":"The Official Travel Guide of Lakeland Saimaa","potentialAction":[{"@type":"SearchAction","target":{"@type":"EntryPoint","urlTemplate":"https:\/\/www.visitsaimaa.fi\/fi\/?s={search_term_string}"},"query-input":{"@type":"PropertyValueSpecification","valueRequired":true,"valueName":"search_term_string"}}],"inLanguage":"en-US"}]}},"_links":{"self":[{"href":"https:\/\/www.visitsaimaa.fi\/en\/wp-json\/wp\/v2\/pages\/14465","targetHints":{"allow":["GET"]}}],"collection":[{"href":"https:\/\/www.visitsaimaa.fi\/en\/wp-json\/wp\/v2\/pages"}],"about":[{"href":"https:\/\/www.visitsaimaa.fi\/en\/wp-json\/wp\/v2\/types\/page"}],"author":[{"embeddable":true,"href":"https:\/\/www.visitsaimaa.fi\/en\/wp-json\/wp\/v2\/users\/46"}],"replies":[{"embeddable":true,"href":"https:\/\/www.visitsaimaa.fi\/en\/wp-json\/wp\/v2\/comments?post=14465"}],"version-history":[{"count":0,"href":"https:\/\/www.visitsaimaa.fi\/en\/wp-json\/wp\/v2\/pages\/14465\/revisions"}],"wp:attachment":[{"href":"https:\/\/www.visitsaimaa.fi\/en\/wp-json\/wp\/v2\/media?parent=14465"}],"wp:term":[{"taxonomy":"relatedcontent","embeddable":true,"href":"https:\/\/www.visitsaimaa.fi\/en\/wp-json\/wp\/v2\/relatedcontent?post=14465"}],"curies":[{"name":"wp","href":"https:\/\/api.w.org\/{rel}","templated":true}]}}