{"id":708,"date":"2015-10-14T15:01:00","date_gmt":"2015-10-14T12:01:00","guid":{"rendered":"https:\/\/www.visitsaimaa.fi\/de\/?page_id=708"},"modified":"2024-03-18T14:34:19","modified_gmt":"2024-03-18T12:34:19","slug":"finnland-saimaa-info","status":"publish","type":"page","link":"https:\/\/www.visitsaimaa.fi\/de\/finnland-saimaa-info\/","title":{"rendered":"Saimaa Info &#8211; Wissenswertes \u00fcber die Region"},"content":{"rendered":"<p>[vc_row full_width=&#8220;stretch_row_content_no_spaces&#8220;][vc_column]<div class=\"main_header big\">\n    <figure style=\"background-image: url('https:\/\/www.visitsaimaa.fi\/wp-content\/uploads\/2023\/06\/visitsaimaa_seudunparhaat_puumala2-1500x600.png'); background-position: center center;\"><\/figure>\n    <div class=\"main_header_content\" style=\"\">\n        <div class=\"container\">\n            \n<h1 style=\"text-align: center;\">Unz\u00e4hlige Inseln, weite Seenlandschaft &#8211; das ist Saimaa!<\/h1>\n<p style=\"text-align: center;\">#saimaamoments<\/p>\n    \n        <\/div>\n    <\/div><!-- \/.container -->\n<\/div><!-- \/.main_header -->\n\n[\/vc_column][\/vc_row][vc_row][vc_column width=&#8220;1\/2&#8243;][vc_column_text]<\/p>\n<h2>Die Seenplatte Saimaa ist einzigartig in der Welt<\/h2>\n<p>[\/vc_column_text][\/vc_column][\/vc_row][vc_row][vc_column width=&#8220;1\/2&#8243;][vc_column_text]<strong>Der Saimaa ist Finnlands gr\u00f6\u00dfter See und Europas viertgr\u00f6\u00dfter S\u00fc\u03b2wassersee und die sogenannte Seenplatte z\u00e4hlt nicht nur nach einer Aufstellung des Wall Street Journal (2014) zu den f\u00fcnf sch\u00f6nsten Seen der Welt.<\/strong><\/p>\n<p>Die Seenlandschaft liegt in Ostfinnland, in der sogenannten finnischen Seenplatte und ist ein einzigartiges Gebiet, das einen idealen Rahmen f\u00fcr ein unvergessliches aber sicheres Abenteuer bietet.<\/p>\n<p><!--more--><\/p>\n<h3>Kein einzelner See, sondern ein Verbund aus vielen Gew\u00e4ssern<\/h3>\n<p>Der Saimaa bildet mit seinen unz\u00e4hligen Gew\u00e4ssern und Inseln ein einzigartig, labyrinthf\u00f6rmig verzweigtes Seenland, in dem Sie jeden Tag eine neue mystische Landschaft bewundern k\u00f6nnen. Der See besteht aus weiten Fl\u00e4chen, die \u00fcber Wasserengen miteinander verbunden sind und den gleichen Wasserspegel aufweisen. Die gr\u00f6\u00dften Seen des Systems sind Suur-Saimaa (Finnisch f\u00fcr \u201cGro\u03b2er Saimaa\u201d), Pihlajavesi, Haukivesi und Pyh\u00e4selk\u00e4. Andere bekannte Ausl\u00e4ufer sind der kristallklare Puruvesi, der stolze Kolovesi und der Wildmarksee Luonteri.<\/p>\n<p>Die K\u00fcstenlinie ist mehr als 14 500 km lang und damit der l\u00e4ngste Uferstreifen der Welt. Inseln gibt es hier mehr als 13 700. Der See erstreckt sich auf einer Fl\u00e4che von insgesamt etwa 4 400 km2.<\/p>\n<h3>Kein Ufer gleicht dem anderen<\/h3>\n<p>Selbst die Spuren der letzten Eiszeit sind noch deutlich zu erkennen: Form und Ausrichtung der Seebecken sowie die sanft geschwungenen Konturen der Inseln und die glatten Uferfelsen entstanden unter Einwirkung von Kontinentaleis und Eisschmelze.<\/p>\n<p>Die gro\u03b2artigen Inseln, Halbinseln und Str\u00e4nde sind ein unvergessliches Erlebnis. Die Landschaften variieren von felsigen Ufern bis zu Sandstr\u00e4nden und von dunklen Gew\u00e4ssern bis zu blau glitzernden und klaren Seen. Die kleinen Inseln sind meist aus purem Fels, bewachsen mit Moos und verziert mit B\u00e4umen und Str\u00e4uchern.<\/p>\n<h3>Der klare See inmitten von W\u00e4ldern und Inseln versorgt die ganze Region<\/h3>\n<p>Der See ist au\u00dferdem f\u00fcr sein sauberes Wasser bekannt. Die Wasserqualit\u00e4t ist zum gr\u00f6\u00dften Teil ausgezeichnet oder gut. Das Wasser ist so sauber, dass man es direkt aus dem See trinken kann.<\/p>\n<p>Der See ist au\u00dferdem die Heimat der <a href=\"\/?p=705\" target=\"_blank\" rel=\"noopener\">kleinen Mar\u00e4ne<\/a>, auf Finnisch \u201cMuikku\u201d, des wichtigsten Speisefisches Finnlands. Der Saimaa-Ausl\u00e4ufer Puruvesi mit seinem kristallklaren Wasser in der N\u00e4he von Savonlinna ist einer der klarsten gro\u00dfen Seen Finnlands. Aufgrund seiner besonderen Merkmale und des speziellen Charakters seiner Heimatgew\u00e4sser wurde der \u201cPuruveden Muikku\u201d in das Register der gesch\u00fctzten Ursprungsbezeichnungen eingetragen.<\/p>\n<p>Der Fischfang ist ein wichtiger Erwerbszweig, aber auch ein beliebtes Hobby.<\/p>\n<h3>Seltene Saimaa-Ringelrobbe<\/h3>\n<p><a href=\"\/?p=711\" target=\"_blank\" rel=\"noopener\">Die Saimaa-Ringelrobbe<\/a>, die nur hier vorkommende Spezies steht kurz vor dem Aussterben. Sie wurde vor etwa 8 000 Jahren von anderen Robbenarten isoliert, als das Seenland infolge der Landhebung von den Meeresgebieten getrennt wurde. Heutzutage gibt es nur noch etwa 310 Tiere.<\/p>\n<h3>Eines der beliebtesten H\u00fcttengebiete Finnlands<\/h3>\n<p>Die Region geh\u00f6rt zu den beliebtesten Freizeitgebieten Finnlands. Hier haben viele Finnen ihre <a href=\"\/?page_id=1267\" target=\"_blank\" rel=\"noopener\">Sommerh\u00fctte<\/a>.<\/p>\n<p>Neben der Hauptstadtregion und Lappland ist das Seenland Saimaa eines der wichtigsten und sch\u00f6nsten Reisegebiete des Landes. Die Region bietet hervorragende Bedingungen f\u00fcr einen erholsamen H\u00fcttenurlaub inmitten ruhiger Natur, aber auch eine Vielfalt an kulturellen Angeboten, Aktivit\u00e4ten und <a href=\"\/?page_id=1215\" target=\"_blank\" rel=\"noopener\">Sehensw\u00fcrdigkeiten<\/a>.[\/vc_column_text][\/vc_column][\/vc_row][vc_row][vc_column width=&#8220;1\/2&#8243;][vc_column_text]<\/p>\n<h2>Tipps f\u00fcr mehr Inspiration<\/h2>\n<p>[\/vc_column_text][\/vc_column][vc_column width=&#8220;1\/2&#8243;][\/vc_column][\/vc_row][vc_row][vc_column]<div class=\"posts-list-grid wpb_content_element\">\n                            <div class=\"row no-gutter\"><div class=\"row no-gutter\"><div class=\"col-xs-10 col-sm-5 col-lg-4 col-main row-two \">    <div class=\"post-box post-stub has-excerpt post-2108 post type-post status-publish format-standard has-post-thumbnail hentry category-erlebnisse category-planen category-reisetipps tag-huette tag-mikkeli tag-natur tag-restaurants tag-ruhe tag-saimaa tag-saimaa-ringelrobbe tag-sauna tag-savonlinna tag-savonlinna-opernfestspiele tag-seenlandschaft priority-3\" data-openid=\"10-gruende-fuer-einen-saimaa-besuch-1-2108-1\" data-contentid=\"1:2108\" data-showrelated=\"1\" id=\"10-gruende-fuer-einen-saimaa-besuch-1-2108-1\">\n\n        <div class=\"vs_post_thumbnail\" style=\"background-image: url('https:\/\/www.visitsaimaa.fi\/wp-content\/themes\/visitsaimaa2019\/images\/default_visitsaimaa_2016.jpg')\" data-attachment=\"4560-1\"><\/div>\n        <div class=\"image_overlay\"><\/div>\n                \n                <a href=\"https:\/\/www.visitsaimaa.fi\/de\/10-gruende-fuer-einen-saimaa-besuch\/\"  class=\" get-post-details\" title=\"10 Gr\u00fcnde f\u00fcr einen Saimaa Besuch\">\n            <span class=\"info\">\n                \n                                <span class=\"h3\">Das spricht f\u00fcr den Saimaa<\/span>\n                                    <span>Der Saimaa ist der gr\u00f6\u00dfte See Finnlands..<\/span>\n                                            <\/span><!-- \/.info -->\n        <\/a>\n\n    <\/div>\n    <\/div><!-- box-main --><div class=\"col-xs-10 col-sm-5 col-lg-6 col-rest row-two\"><div class=\"row no-gutter\"><div class=\"col-xs-10 col-lg-66\">    <div class=\"post-box post-stub has-excerpt post-947 post type-post status-publish format-standard has-post-thumbnail hentry category-kultur-und-sehenswuerdigkeiten tag-elektrosauna tag-finnland-sauna-urlaub tag-holzsauna tag-lebensphilosophie tag-rauchsauna tag-sauna-in-finnland priority-3\" data-openid=\"finnland-sauna-1-947-2\" data-contentid=\"1:947\" data-showrelated=\"1\" id=\"finnland-sauna-1-947-2\">\n\n        <div class=\"vs_post_thumbnail\" style=\"background-image: url('https:\/\/www.visitsaimaa.fi\/wp-content\/themes\/visitsaimaa2019\/images\/default_visitsaimaa_2016.jpg')\" data-attachment=\"3256-1\"><\/div>\n        <div class=\"image_overlay\"><\/div>\n                \n                <a href=\"https:\/\/www.visitsaimaa.fi\/de\/finnland-sauna\/\"  class=\" get-post-details\" title=\"Finnland Sauna Urlaub: Freizeitbesch\u00e4ftigung und Lebensphilosophie\">\n            <span class=\"info\">\n                \n                                <span class=\"h3\">Finnische Saunakultur<\/span>\n                                    <span>Finnland Sauna Urlaub in der Seenplatte Saimaa..<\/span>\n                                            <\/span><!-- \/.info -->\n        <\/a>\n\n    <\/div>\n    <\/div><div class=\"col-xs-5 col-lg-33\">    <div class=\"post-box post-stub has-excerpt post-573 post type-post status-publish format-standard has-post-thumbnail hentry category-media-hits-de tag-mikkeli tag-saimaa tag-seenland priority-3\" data-openid=\"saimaa-in-ostfinnland-der-see-der-14-000-inseln-1-573-3\" data-contentid=\"1:573\" data-showrelated=\"1\" id=\"saimaa-in-ostfinnland-der-see-der-14-000-inseln-1-573-3\">\n\n        <div class=\"vs_post_thumbnail\" style=\"background-image: url('https:\/\/www.visitsaimaa.fi\/wp-content\/themes\/visitsaimaa2019\/images\/default_visitsaimaa_2016.jpg')\" data-attachment=\"248-1\"><\/div>\n        <div class=\"image_overlay\"><\/div>\n                \n                <a href=\"https:\/\/www.visitsaimaa.fi\/de\/saimaa-in-ostfinnland-der-see-der-14-000-inseln\/\"  class=\" get-post-details\" title=\"Saimaa in Ostfinnland: Der See der 14.000 Inseln\">\n            <span class=\"info\">\n                \n                                <span class=\"h3\">Der See Saimaa<\/span>\n                                    <span>Der Saimaa ist \u00fcberall: In unz\u00e4hlige Arme, Buchten..<\/span>\n                                            <\/span><!-- \/.info -->\n        <\/a>\n\n    <\/div>\n    <\/div><div class=\"col-xs-5 col-lg-33\">    <div class=\"post-box post-stub has-excerpt post-705 post type-post status-publish format-standard has-post-thumbnail hentry category-erlebnisse category-finnland-kulinarisches-im-saimaa tag-angeln tag-finnische-tradition tag-fischen tag-kerimaeki tag-kitee tag-kleine-maraene tag-muikku tag-puruveden-muikku tag-puruvesi tag-savonlinna tag-spezialitaeten priority-3\" data-openid=\"kleine-maraene-1-705-4\" data-contentid=\"1:705\" data-showrelated=\"1\" id=\"kleine-maraene-1-705-4\">\n\n        <div class=\"vs_post_thumbnail\" style=\"background-image: url('https:\/\/www.visitsaimaa.fi\/wp-content\/themes\/visitsaimaa2019\/images\/default_visitsaimaa_2016.jpg')\" data-attachment=\"1467-1\"><\/div>\n        <div class=\"image_overlay\"><\/div>\n                \n                <a href=\"https:\/\/www.visitsaimaa.fi\/de\/kleine-maraene\/\"  class=\" get-post-details\" title=\"Kleine Mar\u00e4ne (Muikku) \u2013 Fisch, Leckerbissen und Sehensw\u00fcrdigkeit\">\n            <span class=\"info\">\n                \n                                <span class=\"h3\">Muikku &#8211; eine finnische Fischdelikatesse<\/span>\n                                    <span>Muikku, die \u201eKleine Mar\u00e4ne\u201c, ist nicht nur ein sehr..<\/span>\n                                            <\/span><!-- \/.info -->\n        <\/a>\n\n    <\/div>\n    <\/div><div class=\"col-xs-10 col-lg-66\">    <div class=\"post-box post-stub has-excerpt post-711 post type-post status-publish format-standard has-post-thumbnail hentry category-erlebnisse category-natur-erleben-im-sommer category-yleinen-de tag-saimaa-robbben priority-3\" data-openid=\"saimaa-robben-in-finnland-ringelrobbe-1-711-5\" data-contentid=\"1:711\" data-showrelated=\"1\" id=\"saimaa-robben-in-finnland-ringelrobbe-1-711-5\">\n\n        <div class=\"vs_post_thumbnail\" style=\"background-image: url('https:\/\/www.visitsaimaa.fi\/wp-content\/themes\/visitsaimaa2019\/images\/default_visitsaimaa_2016.jpg')\" data-attachment=\"2637-1\"><\/div>\n        <div class=\"image_overlay\"><\/div>\n                \n                <a href=\"https:\/\/www.visitsaimaa.fi\/de\/saimaa-robben-in-finnland-ringelrobbe\/\"  class=\" get-post-details\" title=\"Saimaa Robben in Finnland &#8211; die Ringelrobbe\">\n            <span class=\"info\">\n                \n                                <span class=\"h3\">Die Saimaa-Ringelrobbe<\/span>\n                                    <span>In der Seenlandschaft Saimaa in Finnland lebt die Ringelrobbe..<\/span>\n                                            <\/span><!-- \/.info -->\n        <\/a>\n\n    <\/div>\n    <\/div><\/div><!-- row --><\/div><!-- .rest --><\/div><!-- \/.row --><\/div><!-- \/.row -->\n                            <\/div><!--\/.posts-list-grid -->[\/vc_column][\/vc_row][vc_row][vc_column width=&#8220;1\/2&#8243;][vc_video link=&#8220;https:\/\/www.youtube.com\/watch?v=MOvzmXGURZc&#8220;][\/vc_column][vc_column width=&#8220;1\/2&#8243;][vc_video link=&#8220;https:\/\/www.youtube.com\/watch?v=46pM5V00mv4&#8243;][\/vc_column][\/vc_row][vc_row][vc_column][vc_column_text]<\/p>\n<h2>Wir empfehlen auch&#8230;<\/h2>\n<p>[\/vc_column_text][\/vc_column][\/vc_row][vc_row][vc_column]<div class=\"posts-list-grid wpb_content_element\">\n                            <div class=\"row no-gutter\"><div class=\"row no-gutter\"><div class=\"col-xs-10 col-sm-5 col-lg-4 col-main row-two \">    <div class=\"post-box post-stub post-1213 page type-page status-publish has-post-thumbnail hentry priority-3\"  data-contentid=\"1:1213\" data-showrelated=\"1\" id=\"finnland-urlaub-erlebnisse-1-1213-6\">\n\n        <div class=\"vs_post_thumbnail\" style=\"background-image: url('https:\/\/www.visitsaimaa.fi\/wp-content\/themes\/visitsaimaa2019\/images\/default_visitsaimaa_2016.jpg')\" data-attachment=\"2904-1\"><\/div>\n        <div class=\"image_overlay\"><\/div>\n                \n                <a href=\"https:\/\/www.visitsaimaa.fi\/de\/finnland-urlaub-erlebnisse\/\"  class=\"back-to-canonical \" title=\"Finnland-Urlaub im Seenland Saimaa: weite Natur und spannende Erlebnisse\">\n            <span class=\"info\">\n                \n                                <span class=\"h3\">Weite Natur und Outdoor-Erlebnisse<\/span>\n                                            <\/span><!-- \/.info -->\n        <\/a>\n\n    <\/div>\n    <\/div><!-- box-main --><div class=\"col-xs-10 col-sm-5 col-lg-6 col-rest row-two\"><div class=\"row no-gutter\"><div class=\"col-xs-10 col-lg-66\">    <div class=\"post-box post-stub post-1087 page type-page status-publish has-post-thumbnail hentry priority-3\"  data-contentid=\"1:1087\" data-showrelated=\"1\" id=\"planen-1-1087-7\">\n\n        <div class=\"vs_post_thumbnail\" style=\"background-image: url('https:\/\/www.visitsaimaa.fi\/wp-content\/themes\/visitsaimaa2019\/images\/default_visitsaimaa_2016.jpg')\" data-attachment=\"1139-1\"><\/div>\n        <div class=\"image_overlay\"><\/div>\n                \n                <a href=\"https:\/\/www.visitsaimaa.fi\/de\/planen\/\"  class=\"back-to-canonical \" title=\"Planen\">\n            <span class=\"info\">\n                \n                                <span class=\"h3\">Planen Sie Ihre Reise zum Saimaa<\/span>\n                                            <\/span><!-- \/.info -->\n        <\/a>\n\n    <\/div>\n    <\/div><div class=\"col-xs-5 col-lg-33\">    <div class=\"post-box filler social\" style=\"background-color: #3F729B;\">\n        <div class=\"icon\"><\/div>\n                    <div class=\"background-icon\" style=\" background-image: url('https:\/\/www.visitsaimaa.fi\/wp-content\/themes\/visitsaimaa2019\/images\/icons\/instagram-128.png');\" ><\/div>\n        \n        \n                    <a href=\"https:\/\/www.instagram.com\/visitsaimaa.fi\/\" target=\"_blank\" >\n                    <span class=\"info\">\n                                            <\/span>\n                    <\/a>\n        \n    <\/div>\n\n    <\/div><div class=\"col-xs-5 col-lg-33\">    <div class=\"post-box filler social\" style=\"background-color: #CD332D;\">\n        <div class=\"icon\"><\/div>\n                    <div class=\"background-icon\" style=\" background-image: url('https:\/\/www.visitsaimaa.fi\/wp-content\/themes\/visitsaimaa2019\/images\/icons\/youtube-128.png');\" ><\/div>\n        \n        \n                    <a href=\"https:\/\/www.youtube.com\/channel\/UCiH-1ug1BXX0lft1tL4Jayw\" target=\"_blank\" >\n                    <span class=\"info\">\n                                            <\/span>\n                    <\/a>\n        \n    <\/div>\n\n    <\/div><div class=\"col-xs-10 col-lg-66\">    <div class=\"post-box post-stub post-1211 page type-page status-publish has-post-thumbnail hentry priority-3\"  data-contentid=\"1:1211\" data-showrelated=\"1\" id=\"saimaa-urlaub-1-1211-8\">\n\n        <div class=\"vs_post_thumbnail\" style=\"background-image: url('https:\/\/www.visitsaimaa.fi\/wp-content\/themes\/visitsaimaa2019\/images\/default_visitsaimaa_2016.jpg')\" data-attachment=\"4308-1\"><\/div>\n        <div class=\"image_overlay\"><\/div>\n                \n                <a href=\"https:\/\/www.visitsaimaa.fi\/de\/saimaa-urlaub\/\"  class=\"back-to-canonical \" title=\"Saimaa Urlaub Unterk\u00fcnfte\">\n            <span class=\"info\">\n                \n                                <span class=\"h3\">Unterk\u00fcnfte im &#8222;Seenland Saimaa&#8220;<\/span>\n                                            <\/span><!-- \/.info -->\n        <\/a>\n\n    <\/div>\n    <\/div><\/div><!-- row --><\/div><!-- .rest --><\/div><!-- \/.row --><\/div><!-- \/.row -->\n                            <\/div><!--\/.posts-list-grid -->[\/vc_column][\/vc_row]<\/p>\n","protected":false},"excerpt":{"rendered":"<p>[vc_row full_width=&#8220;stretch_row_content_no_spaces&#8220;][vc_column][\/vc_column][\/vc_row][vc_row][vc_column width=&#8220;1\/2&#8243;][vc_column_text] Die Seenplatte Saimaa ist einzigartig in der Welt [\/vc_column_text][\/vc_column][\/vc_row][vc_row][vc_column width=&#8220;1\/2&#8243;][vc_column_text]Der Saimaa ist Finnlands gr\u00f6\u00dfter See und Europas viertgr\u00f6\u00dfter S\u00fc\u03b2wassersee und die sogenannte Seenplatte z\u00e4hlt nicht nur nach [&hellip;]<\/p>\n","protected":false},"author":14,"featured_media":248,"parent":0,"menu_order":0,"comment_status":"closed","ping_status":"closed","template":"","meta":{"footnotes":""},"relatedcontent":[],"class_list":{"0":"post-708","1":"page","2":"type-page","3":"status-publish","4":"has-post-thumbnail","5":"hentry","7":"priority-3"},"yoast_head":"<!-- This site is optimized with the Yoast SEO Premium plugin v27.3 (Yoast SEO v27.5) - https:\/\/yoast.com\/product\/yoast-seo-premium-wordpress\/ -->\n<title>Saimaa Info - Wissenswertes \u00fcber die Region - Visit Saimaa<\/title>\n<meta name=\"description\" content=\"Finnlands gr\u00f6sster See Saimaa z\u00e4hlt zu den 5 sch\u00f6nsten Seen der Welt. Outdoor-Aktivit\u00e4ten im Sommer und Winter. Dein eigenes Haus am See mitten in der Natur.\" \/>\n<meta name=\"robots\" content=\"index, follow, max-snippet:-1, max-image-preview:large, max-video-preview:-1\" \/>\n<link rel=\"canonical\" href=\"https:\/\/www.visitsaimaa.fi\/de\/finnland-saimaa-info\/\" \/>\n<meta property=\"og:locale\" content=\"de_DE\" \/>\n<meta property=\"og:type\" content=\"article\" \/>\n<meta property=\"og:title\" content=\"Saimaa Info - Wissenswertes \u00fcber die Region\" \/>\n<meta property=\"og:description\" content=\"Finnlands gr\u00f6sster See Saimaa z\u00e4hlt zu den 5 sch\u00f6nsten Seen der Welt. Outdoor-Aktivit\u00e4ten im Sommer und Winter. Dein eigenes Haus am See mitten in der Natur.\" \/>\n<meta property=\"og:url\" content=\"https:\/\/www.visitsaimaa.fi\/de\/finnland-saimaa-info\/\" \/>\n<meta property=\"og:site_name\" content=\"Visit Saimaa\" \/>\n<meta property=\"article:modified_time\" content=\"2024-03-18T12:34:19+00:00\" \/>\n<meta property=\"og:image\" content=\"https:\/\/www.visitsaimaa.fi\/wp-content\/uploads\/2015\/09\/SCENERY3.jpg\" \/>\n\t<meta property=\"og:image:width\" content=\"2304\" \/>\n\t<meta property=\"og:image:height\" content=\"1849\" \/>\n\t<meta property=\"og:image:type\" content=\"image\/jpeg\" \/>\n<meta name=\"twitter:label1\" content=\"Gesch\u00e4tzte Lesezeit\" \/>\n\t<meta name=\"twitter:data1\" content=\"3 minutes\" \/>\n<script type=\"application\/ld+json\" class=\"yoast-schema-graph\">{\"@context\":\"https:\\\/\\\/schema.org\",\"@graph\":[{\"@type\":\"WebPage\",\"@id\":\"https:\\\/\\\/www.visitsaimaa.fi\\\/de\\\/finnland-saimaa-info\\\/\",\"url\":\"https:\\\/\\\/www.visitsaimaa.fi\\\/de\\\/finnland-saimaa-info\\\/\",\"name\":\"Saimaa Info - Wissenswertes \u00fcber die Region - Visit Saimaa\",\"isPartOf\":{\"@id\":\"https:\\\/\\\/www.visitsaimaa.fi\\\/fi\\\/#website\"},\"primaryImageOfPage\":{\"@id\":\"https:\\\/\\\/www.visitsaimaa.fi\\\/de\\\/finnland-saimaa-info\\\/#primaryimage\"},\"image\":{\"@id\":\"https:\\\/\\\/www.visitsaimaa.fi\\\/de\\\/finnland-saimaa-info\\\/#primaryimage\"},\"thumbnailUrl\":\"https:\\\/\\\/www.visitsaimaa.fi\\\/wp-content\\\/uploads\\\/2015\\\/09\\\/SCENERY3.jpg\",\"datePublished\":\"2015-10-14T12:01:00+00:00\",\"dateModified\":\"2024-03-18T12:34:19+00:00\",\"description\":\"Finnlands gr\u00f6sster See Saimaa z\u00e4hlt zu den 5 sch\u00f6nsten Seen der Welt. Outdoor-Aktivit\u00e4ten im Sommer und Winter. Dein eigenes Haus am See mitten in der Natur.\",\"breadcrumb\":{\"@id\":\"https:\\\/\\\/www.visitsaimaa.fi\\\/de\\\/finnland-saimaa-info\\\/#breadcrumb\"},\"inLanguage\":\"de-DE\",\"potentialAction\":[{\"@type\":\"ReadAction\",\"target\":[\"https:\\\/\\\/www.visitsaimaa.fi\\\/de\\\/finnland-saimaa-info\\\/\"]}]},{\"@type\":\"ImageObject\",\"inLanguage\":\"de-DE\",\"@id\":\"https:\\\/\\\/www.visitsaimaa.fi\\\/de\\\/finnland-saimaa-info\\\/#primaryimage\",\"url\":\"https:\\\/\\\/www.visitsaimaa.fi\\\/wp-content\\\/uploads\\\/2015\\\/09\\\/SCENERY3.jpg\",\"contentUrl\":\"https:\\\/\\\/www.visitsaimaa.fi\\\/wp-content\\\/uploads\\\/2015\\\/09\\\/SCENERY3.jpg\",\"width\":2304,\"height\":1849,\"caption\":\"Saimaa Info - Wissenswertes \u00fcber die Region\"},{\"@type\":\"BreadcrumbList\",\"@id\":\"https:\\\/\\\/www.visitsaimaa.fi\\\/de\\\/finnland-saimaa-info\\\/#breadcrumb\",\"itemListElement\":[{\"@type\":\"ListItem\",\"position\":1,\"name\":\"Visit Saimaa\",\"item\":\"https:\\\/\\\/www.visitsaimaa.fi\\\/de\\\/\"},{\"@type\":\"ListItem\",\"position\":2,\"name\":\"Saimaa Info &#8211; Wissenswertes \u00fcber die Region\"}]},{\"@type\":\"WebSite\",\"@id\":\"https:\\\/\\\/www.visitsaimaa.fi\\\/fi\\\/#website\",\"url\":\"https:\\\/\\\/www.visitsaimaa.fi\\\/fi\\\/\",\"name\":\"Visit Saimaa\",\"description\":\"The Official Travel Guide of Lakeland Saimaa\",\"potentialAction\":[{\"@type\":\"SearchAction\",\"target\":{\"@type\":\"EntryPoint\",\"urlTemplate\":\"https:\\\/\\\/www.visitsaimaa.fi\\\/fi\\\/?s={search_term_string}\"},\"query-input\":{\"@type\":\"PropertyValueSpecification\",\"valueRequired\":true,\"valueName\":\"search_term_string\"}}],\"inLanguage\":\"de-DE\"}]}<\/script>\n<!-- \/ Yoast SEO Premium plugin. -->","yoast_head_json":{"title":"Saimaa Info - Wissenswertes \u00fcber die Region - Visit Saimaa","description":"Finnlands gr\u00f6sster See Saimaa z\u00e4hlt zu den 5 sch\u00f6nsten Seen der Welt. Outdoor-Aktivit\u00e4ten im Sommer und Winter. Dein eigenes Haus am See mitten in der Natur.","robots":{"index":"index","follow":"follow","max-snippet":"max-snippet:-1","max-image-preview":"max-image-preview:large","max-video-preview":"max-video-preview:-1"},"canonical":"https:\/\/www.visitsaimaa.fi\/de\/finnland-saimaa-info\/","og_locale":"de_DE","og_type":"article","og_title":"Saimaa Info - Wissenswertes \u00fcber die Region","og_description":"Finnlands gr\u00f6sster See Saimaa z\u00e4hlt zu den 5 sch\u00f6nsten Seen der Welt. Outdoor-Aktivit\u00e4ten im Sommer und Winter. Dein eigenes Haus am See mitten in der Natur.","og_url":"https:\/\/www.visitsaimaa.fi\/de\/finnland-saimaa-info\/","og_site_name":"Visit Saimaa","article_modified_time":"2024-03-18T12:34:19+00:00","og_image":[{"width":2304,"height":1849,"url":"https:\/\/www.visitsaimaa.fi\/wp-content\/uploads\/2015\/09\/SCENERY3.jpg","type":"image\/jpeg"}],"twitter_misc":{"Gesch\u00e4tzte Lesezeit":"3 minutes"},"schema":{"@context":"https:\/\/schema.org","@graph":[{"@type":"WebPage","@id":"https:\/\/www.visitsaimaa.fi\/de\/finnland-saimaa-info\/","url":"https:\/\/www.visitsaimaa.fi\/de\/finnland-saimaa-info\/","name":"Saimaa Info - Wissenswertes \u00fcber die Region - Visit Saimaa","isPartOf":{"@id":"https:\/\/www.visitsaimaa.fi\/fi\/#website"},"primaryImageOfPage":{"@id":"https:\/\/www.visitsaimaa.fi\/de\/finnland-saimaa-info\/#primaryimage"},"image":{"@id":"https:\/\/www.visitsaimaa.fi\/de\/finnland-saimaa-info\/#primaryimage"},"thumbnailUrl":"https:\/\/www.visitsaimaa.fi\/wp-content\/uploads\/2015\/09\/SCENERY3.jpg","datePublished":"2015-10-14T12:01:00+00:00","dateModified":"2024-03-18T12:34:19+00:00","description":"Finnlands gr\u00f6sster See Saimaa z\u00e4hlt zu den 5 sch\u00f6nsten Seen der Welt. Outdoor-Aktivit\u00e4ten im Sommer und Winter. Dein eigenes Haus am See mitten in der Natur.","breadcrumb":{"@id":"https:\/\/www.visitsaimaa.fi\/de\/finnland-saimaa-info\/#breadcrumb"},"inLanguage":"de-DE","potentialAction":[{"@type":"ReadAction","target":["https:\/\/www.visitsaimaa.fi\/de\/finnland-saimaa-info\/"]}]},{"@type":"ImageObject","inLanguage":"de-DE","@id":"https:\/\/www.visitsaimaa.fi\/de\/finnland-saimaa-info\/#primaryimage","url":"https:\/\/www.visitsaimaa.fi\/wp-content\/uploads\/2015\/09\/SCENERY3.jpg","contentUrl":"https:\/\/www.visitsaimaa.fi\/wp-content\/uploads\/2015\/09\/SCENERY3.jpg","width":2304,"height":1849,"caption":"Saimaa Info - Wissenswertes \u00fcber die Region"},{"@type":"BreadcrumbList","@id":"https:\/\/www.visitsaimaa.fi\/de\/finnland-saimaa-info\/#breadcrumb","itemListElement":[{"@type":"ListItem","position":1,"name":"Visit Saimaa","item":"https:\/\/www.visitsaimaa.fi\/de\/"},{"@type":"ListItem","position":2,"name":"Saimaa Info &#8211; Wissenswertes \u00fcber die Region"}]},{"@type":"WebSite","@id":"https:\/\/www.visitsaimaa.fi\/fi\/#website","url":"https:\/\/www.visitsaimaa.fi\/fi\/","name":"Visit Saimaa","description":"The Official Travel Guide of Lakeland Saimaa","potentialAction":[{"@type":"SearchAction","target":{"@type":"EntryPoint","urlTemplate":"https:\/\/www.visitsaimaa.fi\/fi\/?s={search_term_string}"},"query-input":{"@type":"PropertyValueSpecification","valueRequired":true,"valueName":"search_term_string"}}],"inLanguage":"de-DE"}]}},"_links":{"self":[{"href":"https:\/\/www.visitsaimaa.fi\/de\/wp-json\/wp\/v2\/pages\/708","targetHints":{"allow":["GET"]}}],"collection":[{"href":"https:\/\/www.visitsaimaa.fi\/de\/wp-json\/wp\/v2\/pages"}],"about":[{"href":"https:\/\/www.visitsaimaa.fi\/de\/wp-json\/wp\/v2\/types\/page"}],"author":[{"embeddable":true,"href":"https:\/\/www.visitsaimaa.fi\/de\/wp-json\/wp\/v2\/users\/14"}],"replies":[{"embeddable":true,"href":"https:\/\/www.visitsaimaa.fi\/de\/wp-json\/wp\/v2\/comments?post=708"}],"version-history":[{"count":2,"href":"https:\/\/www.visitsaimaa.fi\/de\/wp-json\/wp\/v2\/pages\/708\/revisions"}],"predecessor-version":[{"id":29784,"href":"https:\/\/www.visitsaimaa.fi\/de\/wp-json\/wp\/v2\/pages\/708\/revisions\/29784"}],"wp:featuredmedia":[{"embeddable":true,"href":"https:\/\/www.visitsaimaa.fi\/de\/wp-json\/wp\/v2\/media\/248"}],"wp:attachment":[{"href":"https:\/\/www.visitsaimaa.fi\/de\/wp-json\/wp\/v2\/media?parent=708"}],"wp:term":[{"taxonomy":"relatedcontent","embeddable":true,"href":"https:\/\/www.visitsaimaa.fi\/de\/wp-json\/wp\/v2\/relatedcontent?post=708"}],"curies":[{"name":"wp","href":"https:\/\/api.w.org\/{rel}","templated":true}]}}