{"id":4183,"date":"2016-09-13T13:33:56","date_gmt":"2016-09-13T10:33:56","guid":{"rendered":"https:\/\/www.visitsaimaa.fi\/de\/?page_id=4183"},"modified":"2016-12-18T12:31:44","modified_gmt":"2016-12-18T10:31:44","slug":"finnland-ferienhauser-und-sauna","status":"publish","type":"page","link":"https:\/\/www.visitsaimaa.fi\/de\/finnland-ferienhaeuser-saimaa-lake-villas\/finnland-ferienhauser-und-sauna\/","title":{"rendered":"Finnland Ferienh\u00e4user und Sauna"},"content":{"rendered":"<p>[vc_row full_width=&#8220;stretch_row_content_no_spaces&#8220;][vc_column]<div class=\"main_header big\">\n    <figure style=\"background-image: url('https:\/\/www.visitsaimaa.fi\/wp-content\/uploads\/2016\/04\/sauna-ferienhaus-finnland-1920x600.jpg'); background-position: center center;\"><\/figure>\n    <div class=\"main_header_content\" style=\"\">\n        <div class=\"container\">\n            \n<h1 style=\"text-align: center\">Saunavillen<\/h1>\n    \n        <\/div>\n    <\/div><!-- \/.container -->\n<\/div><!-- \/.main_header -->\n\n[\/vc_column][\/vc_row][vc_row][vc_column][vc_column_text]<\/p>\n<h2>Finnland Ferienh\u00e4user und\u00a0Sauna<\/h2>\n<p>[\/vc_column_text][\/vc_column][\/vc_row][vc_row][vc_column width=&#8220;1\/2&#8243;][vc_column_text css=&#8220;.vc_custom_1473763359560{padding-right: 10px !important;}&#8220;]<em><strong>Finnland Ferienh\u00e4user und Sauna geh\u00f6ren einfach zusammen, und ein Ferienhaus ohne Sauna w\u00e4re wie ein Auto ohne R\u00e4der. Wenn das Saunaerlebnis f\u00fcr Sie ein herausragender Bestandteil Ihres Urlaubs sein soll, empfehlen wir Ihnen w\u00e4rmstens eine Saunavilla von Saimaa Lake Villas mit einer Top-Saunaausstattung.<\/strong><\/em><\/p>\n<h2>Ferienh\u00e4user und Sauna Bestandteile finnischer Kultur<\/h2>\n<p>Die Finnen sind ein traditionelles Saunavolk und in einigen Ferienh\u00e4usern von Saimaa Lake Villas\u00a0gibt es nicht\u00a0nur eine Sauna, sondern gar mehrere.\u00a0Die meisten Finnland\u00a0Ferienh\u00e4user und Sauna verf\u00fcgen \u00fcber eine traditionelle, mit Holz beheizbare Sauna.<\/p>\n<p>F\u00fcr Liebhaber von traditionellen Saunaerlebnissen sind auch Rauchsaunen vorhanden, deren sanfte Aufg\u00fcsse zur perfekten Entspannung beitragen. Moderne Saunaerlebnisse bieten die Dampf- und Infrarotsaunen, Wasserfont\u00e4nen sowie Innen- und Au\u00dfen-Whirlpools in den Sauna-Oasen der Ferienh\u00e4user. In einem Teil der Saunavillen gibt es auch Elektrosaunen, die schnell zu beheizen und zum Beispiel nach\u00a0einem Bootsausflug sofort bereit sind.<\/p>\n<h2>Finnland Ferienh\u00e4user und Sauna am See<\/h2>\n<p>Zu jedem Saunaerlebnis geh\u00f6rt ein See in unmittelbarer N\u00e4he, in den Sie nach einem entspannenden Saunagang zur Abk\u00fchlung und Erfrischung hineinspringen k\u00f6nnen.[\/vc_column_text][\/vc_column][vc_column width=&#8220;1\/2&#8243;][vc_column_text]Als Zusatzleistung kann ein Teil der Ferienh\u00e4user\u00a0mit beheizbaren Au\u00dfenbecken, Badezubern oder im Winter mit einem Eisloch ausgestattet werden. Lassen Sie zwischen den Saunag\u00e4ngen die Seele inmitten der sch\u00f6nen Seenlandschaft baumeln.<\/p>\n<h2>Sauna richtig genie\u00dfen<\/h2>\n<p>F\u00fcr den optimalen Saunagenuss haben wir f\u00fcr Anf\u00e4nger und auch erfahrene Saunafreunde eine Saunaanleitung von\u00a0Saimaa Lake Villas zusammengefasst. Hinsichtlich Entspannung und seiner positiven Auswirkungen auf Gesundheit und Wohlbefinden ist das Saunen ein nicht mehr wegzudenkender Bestandteil der Wellness-Kultur.<\/p>\n<p>Die Zutaten f\u00fcr ein belebendes Fu\u00dfbad k\u00f6nnen Sie zum Beispiel in der nahen Natur selbst sammeln.<\/p>\n<p>Wir hei\u00dfen Sie herzlich willkommen in der Ferienh\u00e4usern mit Sauna von\u00a0Saimaa Lake Villas, wo der Alltagsstress im Nu verfliegt.[\/vc_column_text][\/vc_column][\/vc_row][vc_row][vc_column]<div class=\"posts-list-grid wpb_content_element no-list-items\"><\/div>[\/vc_column][\/vc_row]<\/p>\n","protected":false},"excerpt":{"rendered":"<p>[vc_row full_width=&#8220;stretch_row_content_no_spaces&#8220;][vc_column][\/vc_column][\/vc_row][vc_row][vc_column][vc_column_text] Finnland Ferienh\u00e4user und\u00a0Sauna [\/vc_column_text][\/vc_column][\/vc_row][vc_row][vc_column width=&#8220;1\/2&#8243;][vc_column_text css=&#8220;.vc_custom_1473763359560{padding-right: 10px !important;}&#8220;]Finnland Ferienh\u00e4user und Sauna geh\u00f6ren einfach zusammen, und ein Ferienhaus ohne Sauna w\u00e4re wie ein Auto ohne R\u00e4der. Wenn das Saunaerlebnis [&hellip;]<\/p>\n","protected":false},"author":14,"featured_media":4186,"parent":637,"menu_order":0,"comment_status":"closed","ping_status":"closed","template":"","meta":{"footnotes":""},"relatedcontent":[],"class_list":{"0":"post-4183","1":"page","2":"type-page","3":"status-publish","4":"has-post-thumbnail","5":"hentry","7":"priority-3"},"yoast_head":"<!-- This site is optimized with the Yoast SEO Premium plugin v27.3 (Yoast SEO v27.5) - https:\/\/yoast.com\/product\/yoast-seo-premium-wordpress\/ -->\n<title>Finnland Ferienh\u00e4user und Sauna - Visit Saimaa<\/title>\n<meta name=\"description\" content=\"Finnland Ferienh\u00e4user und Sauna geh\u00f6ren einfach zusammen. Wir empfehlen Ihnen eine Saunavilla von Saimaa Lake Villas mit einer Top-Saunaausstattung.\" \/>\n<meta name=\"robots\" content=\"index, follow, max-snippet:-1, max-image-preview:large, max-video-preview:-1\" \/>\n<link rel=\"canonical\" href=\"https:\/\/www.visitsaimaa.fi\/de\/finnland-ferienhaeuser-saimaa-lake-villas\/finnland-ferienhauser-und-sauna\/\" \/>\n<meta property=\"og:locale\" content=\"de_DE\" \/>\n<meta property=\"og:type\" content=\"article\" \/>\n<meta property=\"og:title\" content=\"Finnland Ferienh\u00e4user und Sauna\" \/>\n<meta property=\"og:description\" content=\"Finnland Ferienh\u00e4user und Sauna geh\u00f6ren einfach zusammen. Wir empfehlen Ihnen eine Saunavilla von Saimaa Lake Villas mit einer Top-Saunaausstattung.\" \/>\n<meta property=\"og:url\" content=\"https:\/\/www.visitsaimaa.fi\/de\/finnland-ferienhaeuser-saimaa-lake-villas\/finnland-ferienhauser-und-sauna\/\" \/>\n<meta property=\"og:site_name\" content=\"Visit Saimaa\" \/>\n<meta property=\"article:modified_time\" content=\"2016-12-18T10:31:44+00:00\" \/>\n<meta property=\"og:image\" content=\"https:\/\/www.visitsaimaa.fi\/wp-content\/uploads\/2016\/04\/sauna-ferienhaus-finnland-1024x571.jpg\" \/>\n\t<meta property=\"og:image:width\" content=\"1024\" \/>\n\t<meta property=\"og:image:height\" content=\"571\" \/>\n\t<meta property=\"og:image:type\" content=\"image\/jpeg\" \/>\n<meta name=\"twitter:label1\" content=\"Gesch\u00e4tzte Lesezeit\" \/>\n\t<meta name=\"twitter:data1\" content=\"2 minutes\" \/>\n<script type=\"application\/ld+json\" class=\"yoast-schema-graph\">{\"@context\":\"https:\\\/\\\/schema.org\",\"@graph\":[{\"@type\":\"WebPage\",\"@id\":\"https:\\\/\\\/www.visitsaimaa.fi\\\/de\\\/finnland-ferienhaeuser-saimaa-lake-villas\\\/finnland-ferienhauser-und-sauna\\\/\",\"url\":\"https:\\\/\\\/www.visitsaimaa.fi\\\/de\\\/finnland-ferienhaeuser-saimaa-lake-villas\\\/finnland-ferienhauser-und-sauna\\\/\",\"name\":\"Finnland Ferienh\u00e4user und Sauna - Visit Saimaa\",\"isPartOf\":{\"@id\":\"https:\\\/\\\/www.visitsaimaa.fi\\\/fi\\\/#website\"},\"primaryImageOfPage\":{\"@id\":\"https:\\\/\\\/www.visitsaimaa.fi\\\/de\\\/finnland-ferienhaeuser-saimaa-lake-villas\\\/finnland-ferienhauser-und-sauna\\\/#primaryimage\"},\"image\":{\"@id\":\"https:\\\/\\\/www.visitsaimaa.fi\\\/de\\\/finnland-ferienhaeuser-saimaa-lake-villas\\\/finnland-ferienhauser-und-sauna\\\/#primaryimage\"},\"thumbnailUrl\":\"https:\\\/\\\/www.visitsaimaa.fi\\\/wp-content\\\/uploads\\\/2016\\\/04\\\/sauna-ferienhaus-finnland.jpg\",\"datePublished\":\"2016-09-13T10:33:56+00:00\",\"dateModified\":\"2016-12-18T10:31:44+00:00\",\"description\":\"Finnland Ferienh\u00e4user und Sauna geh\u00f6ren einfach zusammen. Wir empfehlen Ihnen eine Saunavilla von Saimaa Lake Villas mit einer Top-Saunaausstattung.\",\"breadcrumb\":{\"@id\":\"https:\\\/\\\/www.visitsaimaa.fi\\\/de\\\/finnland-ferienhaeuser-saimaa-lake-villas\\\/finnland-ferienhauser-und-sauna\\\/#breadcrumb\"},\"inLanguage\":\"de-DE\",\"potentialAction\":[{\"@type\":\"ReadAction\",\"target\":[\"https:\\\/\\\/www.visitsaimaa.fi\\\/de\\\/finnland-ferienhaeuser-saimaa-lake-villas\\\/finnland-ferienhauser-und-sauna\\\/\"]}]},{\"@type\":\"ImageObject\",\"inLanguage\":\"de-DE\",\"@id\":\"https:\\\/\\\/www.visitsaimaa.fi\\\/de\\\/finnland-ferienhaeuser-saimaa-lake-villas\\\/finnland-ferienhauser-und-sauna\\\/#primaryimage\",\"url\":\"https:\\\/\\\/www.visitsaimaa.fi\\\/wp-content\\\/uploads\\\/2016\\\/04\\\/sauna-ferienhaus-finnland.jpg\",\"contentUrl\":\"https:\\\/\\\/www.visitsaimaa.fi\\\/wp-content\\\/uploads\\\/2016\\\/04\\\/sauna-ferienhaus-finnland.jpg\",\"width\":2000,\"height\":1115,\"caption\":\"Sauna Finnland\"},{\"@type\":\"BreadcrumbList\",\"@id\":\"https:\\\/\\\/www.visitsaimaa.fi\\\/de\\\/finnland-ferienhaeuser-saimaa-lake-villas\\\/finnland-ferienhauser-und-sauna\\\/#breadcrumb\",\"itemListElement\":[{\"@type\":\"ListItem\",\"position\":1,\"name\":\"Visit Saimaa\",\"item\":\"https:\\\/\\\/www.visitsaimaa.fi\\\/de\\\/\"},{\"@type\":\"ListItem\",\"position\":2,\"name\":\"Finnland Ferienh\u00e4user von Saimaa Lake Villas\",\"item\":\"https:\\\/\\\/www.visitsaimaa.fi\\\/de\\\/finnland-ferienhaeuser-saimaa-lake-villas\\\/\"},{\"@type\":\"ListItem\",\"position\":3,\"name\":\"Finnland Ferienh\u00e4user und Sauna\"}]},{\"@type\":\"WebSite\",\"@id\":\"https:\\\/\\\/www.visitsaimaa.fi\\\/fi\\\/#website\",\"url\":\"https:\\\/\\\/www.visitsaimaa.fi\\\/fi\\\/\",\"name\":\"Visit Saimaa\",\"description\":\"The Official Travel Guide of Lakeland Saimaa\",\"potentialAction\":[{\"@type\":\"SearchAction\",\"target\":{\"@type\":\"EntryPoint\",\"urlTemplate\":\"https:\\\/\\\/www.visitsaimaa.fi\\\/fi\\\/?s={search_term_string}\"},\"query-input\":{\"@type\":\"PropertyValueSpecification\",\"valueRequired\":true,\"valueName\":\"search_term_string\"}}],\"inLanguage\":\"de-DE\"}]}<\/script>\n<!-- \/ Yoast SEO Premium plugin. -->","yoast_head_json":{"title":"Finnland Ferienh\u00e4user und Sauna - Visit Saimaa","description":"Finnland Ferienh\u00e4user und Sauna geh\u00f6ren einfach zusammen. Wir empfehlen Ihnen eine Saunavilla von Saimaa Lake Villas mit einer Top-Saunaausstattung.","robots":{"index":"index","follow":"follow","max-snippet":"max-snippet:-1","max-image-preview":"max-image-preview:large","max-video-preview":"max-video-preview:-1"},"canonical":"https:\/\/www.visitsaimaa.fi\/de\/finnland-ferienhaeuser-saimaa-lake-villas\/finnland-ferienhauser-und-sauna\/","og_locale":"de_DE","og_type":"article","og_title":"Finnland Ferienh\u00e4user und Sauna","og_description":"Finnland Ferienh\u00e4user und Sauna geh\u00f6ren einfach zusammen. Wir empfehlen Ihnen eine Saunavilla von Saimaa Lake Villas mit einer Top-Saunaausstattung.","og_url":"https:\/\/www.visitsaimaa.fi\/de\/finnland-ferienhaeuser-saimaa-lake-villas\/finnland-ferienhauser-und-sauna\/","og_site_name":"Visit Saimaa","article_modified_time":"2016-12-18T10:31:44+00:00","og_image":[{"width":1024,"height":571,"url":"https:\/\/www.visitsaimaa.fi\/wp-content\/uploads\/2016\/04\/sauna-ferienhaus-finnland-1024x571.jpg","type":"image\/jpeg"}],"twitter_misc":{"Gesch\u00e4tzte Lesezeit":"2 minutes"},"schema":{"@context":"https:\/\/schema.org","@graph":[{"@type":"WebPage","@id":"https:\/\/www.visitsaimaa.fi\/de\/finnland-ferienhaeuser-saimaa-lake-villas\/finnland-ferienhauser-und-sauna\/","url":"https:\/\/www.visitsaimaa.fi\/de\/finnland-ferienhaeuser-saimaa-lake-villas\/finnland-ferienhauser-und-sauna\/","name":"Finnland Ferienh\u00e4user und Sauna - Visit Saimaa","isPartOf":{"@id":"https:\/\/www.visitsaimaa.fi\/fi\/#website"},"primaryImageOfPage":{"@id":"https:\/\/www.visitsaimaa.fi\/de\/finnland-ferienhaeuser-saimaa-lake-villas\/finnland-ferienhauser-und-sauna\/#primaryimage"},"image":{"@id":"https:\/\/www.visitsaimaa.fi\/de\/finnland-ferienhaeuser-saimaa-lake-villas\/finnland-ferienhauser-und-sauna\/#primaryimage"},"thumbnailUrl":"https:\/\/www.visitsaimaa.fi\/wp-content\/uploads\/2016\/04\/sauna-ferienhaus-finnland.jpg","datePublished":"2016-09-13T10:33:56+00:00","dateModified":"2016-12-18T10:31:44+00:00","description":"Finnland Ferienh\u00e4user und Sauna geh\u00f6ren einfach zusammen. Wir empfehlen Ihnen eine Saunavilla von Saimaa Lake Villas mit einer Top-Saunaausstattung.","breadcrumb":{"@id":"https:\/\/www.visitsaimaa.fi\/de\/finnland-ferienhaeuser-saimaa-lake-villas\/finnland-ferienhauser-und-sauna\/#breadcrumb"},"inLanguage":"de-DE","potentialAction":[{"@type":"ReadAction","target":["https:\/\/www.visitsaimaa.fi\/de\/finnland-ferienhaeuser-saimaa-lake-villas\/finnland-ferienhauser-und-sauna\/"]}]},{"@type":"ImageObject","inLanguage":"de-DE","@id":"https:\/\/www.visitsaimaa.fi\/de\/finnland-ferienhaeuser-saimaa-lake-villas\/finnland-ferienhauser-und-sauna\/#primaryimage","url":"https:\/\/www.visitsaimaa.fi\/wp-content\/uploads\/2016\/04\/sauna-ferienhaus-finnland.jpg","contentUrl":"https:\/\/www.visitsaimaa.fi\/wp-content\/uploads\/2016\/04\/sauna-ferienhaus-finnland.jpg","width":2000,"height":1115,"caption":"Sauna Finnland"},{"@type":"BreadcrumbList","@id":"https:\/\/www.visitsaimaa.fi\/de\/finnland-ferienhaeuser-saimaa-lake-villas\/finnland-ferienhauser-und-sauna\/#breadcrumb","itemListElement":[{"@type":"ListItem","position":1,"name":"Visit Saimaa","item":"https:\/\/www.visitsaimaa.fi\/de\/"},{"@type":"ListItem","position":2,"name":"Finnland Ferienh\u00e4user von Saimaa Lake Villas","item":"https:\/\/www.visitsaimaa.fi\/de\/finnland-ferienhaeuser-saimaa-lake-villas\/"},{"@type":"ListItem","position":3,"name":"Finnland Ferienh\u00e4user und Sauna"}]},{"@type":"WebSite","@id":"https:\/\/www.visitsaimaa.fi\/fi\/#website","url":"https:\/\/www.visitsaimaa.fi\/fi\/","name":"Visit Saimaa","description":"The Official Travel Guide of Lakeland Saimaa","potentialAction":[{"@type":"SearchAction","target":{"@type":"EntryPoint","urlTemplate":"https:\/\/www.visitsaimaa.fi\/fi\/?s={search_term_string}"},"query-input":{"@type":"PropertyValueSpecification","valueRequired":true,"valueName":"search_term_string"}}],"inLanguage":"de-DE"}]}},"_links":{"self":[{"href":"https:\/\/www.visitsaimaa.fi\/de\/wp-json\/wp\/v2\/pages\/4183","targetHints":{"allow":["GET"]}}],"collection":[{"href":"https:\/\/www.visitsaimaa.fi\/de\/wp-json\/wp\/v2\/pages"}],"about":[{"href":"https:\/\/www.visitsaimaa.fi\/de\/wp-json\/wp\/v2\/types\/page"}],"author":[{"embeddable":true,"href":"https:\/\/www.visitsaimaa.fi\/de\/wp-json\/wp\/v2\/users\/14"}],"replies":[{"embeddable":true,"href":"https:\/\/www.visitsaimaa.fi\/de\/wp-json\/wp\/v2\/comments?post=4183"}],"version-history":[{"count":0,"href":"https:\/\/www.visitsaimaa.fi\/de\/wp-json\/wp\/v2\/pages\/4183\/revisions"}],"up":[{"embeddable":true,"href":"https:\/\/www.visitsaimaa.fi\/de\/wp-json\/wp\/v2\/pages\/637"}],"wp:featuredmedia":[{"embeddable":true,"href":"https:\/\/www.visitsaimaa.fi\/de\/wp-json\/wp\/v2\/media\/4186"}],"wp:attachment":[{"href":"https:\/\/www.visitsaimaa.fi\/de\/wp-json\/wp\/v2\/media?parent=4183"}],"wp:term":[{"taxonomy":"relatedcontent","embeddable":true,"href":"https:\/\/www.visitsaimaa.fi\/de\/wp-json\/wp\/v2\/relatedcontent?post=4183"}],"curies":[{"name":"wp","href":"https:\/\/api.w.org\/{rel}","templated":true}]}}