{"id":4178,"date":"2016-09-13T13:32:32","date_gmt":"2016-09-13T10:32:32","guid":{"rendered":"https:\/\/www.visitsaimaa.fi\/de\/?page_id=4178"},"modified":"2016-12-18T12:34:21","modified_gmt":"2016-12-18T10:34:21","slug":"finnland-ferienhaeuser-fuer-familien","status":"publish","type":"page","link":"https:\/\/www.visitsaimaa.fi\/de\/finnland-ferienhaeuser-fuer-familien\/","title":{"rendered":"Finnland Ferienh\u00e4user f\u00fcr Familien"},"content":{"rendered":"<p>[vc_row full_width=&#8220;stretch_row_content_no_spaces&#8220;][vc_column]<div class=\"main_header big\">\n    <figure style=\"background-image: url('https:\/\/www.visitsaimaa.fi\/wp-content\/uploads\/2016\/04\/finnland-urlaub-familie-ferienhaus-1920x600.jpg'); background-position: center center;\"><\/figure>\n    <div class=\"main_header_content\" style=\"\">\n        <div class=\"container\">\n            \n<h1 style=\"text-align: center\">Familienvillen<\/h1>\n    \n        <\/div>\n    <\/div><!-- \/.container -->\n<\/div><!-- \/.main_header -->\n\n[\/vc_column][\/vc_row][vc_row][vc_column][vc_column_text]<\/p>\n<h2>Finnland Ferienh\u00e4user f\u00fcr Familien<\/h2>\n<p><strong>[\/vc_column_text][\/vc_column][\/vc_row][vc_row][vc_column width=&#8220;1\/2&#8243;][vc_column_text css=&#8220;.vc_custom_1473764064930{padding-right: 10px !important;}&#8220;]<strong><em>Die Finnland Ferienh\u00e4user f\u00fcr Familien von Saimaa Lake\u00a0Villas sind f\u00fcr das Wohlbefinden der ganzen Familie ausgelegt. In den Ferienh\u00e4usern und\u00a0ihrer\u00a0Umgebung wird Sicherheit f\u00fcr Kinder gro\u00df geschrieben, damit Sie einen unbeschwerten Urlaub haben.<\/em><\/strong><\/strong><\/p>\n<h3>Speziell f\u00fcr Familien mit Kindern<\/h3>\n<p>In den Finnland Ferienh\u00e4usern f\u00fcr Familien\u00a0lassen sich auf Wunsch u.a. eine separate Babyausstattung und passende Schwimmwesten f\u00fcr Kinder bereitstellen. Alle Ferienh\u00e4user von Saimaa Lake Villas liegen am See. Das Ufer von\u00a0Ferienh\u00e4usern, die speziell f\u00fcr Familien mit Kleinkindern geeignet sind, ist immer seicht und hat einen festen Unterboden.\u00a0Um das Haus herum\u00a0und am Ufer der Ferienh\u00e4user ist reichlich Platz zum spielen und Sandburgen bauen.<\/p>\n<h3>Natur genie\u00dfen und entspannen<\/h3>\n<p>Vom Ufer aus k\u00f6nnen Sie mit einer Wurfangel oder einer einfachen Angelrute mit Wurmk\u00f6der ihr Gl\u00fcck versuchen und die sich je nach Jahreszeit wechselnde Landschaft genie\u00dfen. Die umgebende Natur bietet f\u00fcr Gro\u00df und Klein interessante Besch\u00e4ftigung. Egal ob Sie zum Beispiel Tiere in der Natur beobachten oder ausgedehnte Spazierg\u00e4nge unternehmen. Dabei k\u00f6nnen Sie durchaus auf interessante Wasserv\u00f6gel oder Waldtiere treffen.<\/p>\n<h3>Finnland Ferienh\u00e4user f\u00fcr Familien\u00a0zu allen Jahreszeiten<\/h3>\n<p>Die Ferienh\u00e4user von Saimaa Lake Villas stehen zu jeder Jahreszeit zur Verf\u00fcgung. Sie eignen sich auch\u00a0f\u00fcr einen \u00a0Winterurlaub der besonderen art. So finden Sie in der N\u00e4he der Ferienh\u00e4user gute Rodelm\u00f6glichkeiten,[\/vc_column_text][\/vc_column][vc_column width=&#8220;1\/2&#8243;][vc_column_text]pr\u00e4parierte Langlaufloipen, Gelegenheit zum Schlittschuhlaufen und vielleicht auch ein traditionelles finnisches Schlittenkarussell (napakelkka) auf Natureis. Wenn die Seen im Winter zugefroren sind und eine solide Eisdecke haben, sollten Sie \u00a0das Eisangeln ausprobieren. Sie k\u00f6nnen dann direkt vom Ferienhaus aufs Eis gehen und Ihr Angelgl\u00fcck probieren.<\/p>\n<h3>Alle Informationen direkt zur Hand<\/h3>\n<p>In den Finnland Ferienh\u00e4usern f\u00fcr Familien finden Sie umfangreiche Informationen zu Ausflugszielen und Einkaufsm\u00f6glichkeiten in der Gegend. Besch\u00e4ftigung und Kurzweil f\u00fcr Kinder findet man im SaimaaLakeVillas-Heft mit Anleitungen zum Basteln eine &#8222;Zapfenkuh&#8220; (ein traditionelles Spielzeug aus Zweigen und Kiefernzapfen) sowie die Spielregeln f\u00fcr das landestypische Fang-mich-Spiel und \u201eEntdecke das Land\u201c-Beobachtungsbingo.<\/p>\n<p>Wir hei\u00dfen Sie und Ihre Familie in den Ferienh\u00e4usern von Saimaa Lake Villas herzlich willkommen![\/vc_column_text][\/vc_column][\/vc_row][vc_row][vc_column]<div class=\"posts-list-grid wpb_content_element no-list-items\"><\/div>[\/vc_column][\/vc_row][vc_row][vc_column]<div class=\"posts-list-grid wpb_content_element no-list-items\"><\/div>[\/vc_column][\/vc_row]<\/p>\n","protected":false},"excerpt":{"rendered":"<p>[vc_row full_width=&#8220;stretch_row_content_no_spaces&#8220;][vc_column][\/vc_column][\/vc_row][vc_row][vc_column][vc_column_text] Finnland Ferienh\u00e4user f\u00fcr Familien [\/vc_column_text][\/vc_column][\/vc_row][vc_row][vc_column width=&#8220;1\/2&#8243;][vc_column_text css=&#8220;.vc_custom_1473764064930{padding-right: 10px !important;}&#8220;]Die Finnland Ferienh\u00e4user f\u00fcr Familien von Saimaa Lake\u00a0Villas sind f\u00fcr das Wohlbefinden der ganzen Familie ausgelegt. In den Ferienh\u00e4usern und\u00a0ihrer\u00a0Umgebung [&hellip;]<\/p>\n","protected":false},"author":14,"featured_media":4180,"parent":0,"menu_order":0,"comment_status":"closed","ping_status":"closed","template":"","meta":{"footnotes":""},"relatedcontent":[],"class_list":{"0":"post-4178","1":"page","2":"type-page","3":"status-publish","4":"has-post-thumbnail","5":"hentry","7":"priority-3"},"yoast_head":"<!-- This site is optimized with the Yoast SEO Premium plugin v27.3 (Yoast SEO v27.2) - https:\/\/yoast.com\/product\/yoast-seo-premium-wordpress\/ -->\n<title>Finnland Ferienh\u00e4user f\u00fcr Familien - Visit Saimaa<\/title>\n<meta name=\"description\" content=\"Die Finnland Ferienh\u00e4user f\u00fcr Familien sind ganz auf die Bed\u00fcrfnisse von Familien mit Kindern ausgelegt.Sie bieten abwechslungsreiche Urlaubstage.\" \/>\n<meta name=\"robots\" content=\"index, follow, max-snippet:-1, max-image-preview:large, max-video-preview:-1\" \/>\n<link rel=\"canonical\" href=\"https:\/\/www.visitsaimaa.fi\/de\/finnland-ferienhaeuser-fuer-familien\/\" \/>\n<meta property=\"og:locale\" content=\"de_DE\" \/>\n<meta property=\"og:type\" content=\"article\" \/>\n<meta property=\"og:title\" content=\"Finnland Ferienh\u00e4user f\u00fcr Familien - Visit Saimaa\" \/>\n<meta property=\"og:description\" content=\"Die Finnland Ferienh\u00e4user f\u00fcr Familien sind ganz auf die Bed\u00fcrfnisse von Familien mit Kindern ausgelegt.Sie bieten abwechslungsreiche Urlaubstage.\" \/>\n<meta property=\"og:url\" content=\"https:\/\/www.visitsaimaa.fi\/de\/finnland-ferienhaeuser-fuer-familien\/\" \/>\n<meta property=\"og:site_name\" content=\"Visit Saimaa\" \/>\n<meta property=\"article:modified_time\" content=\"2016-12-18T10:34:21+00:00\" \/>\n<meta property=\"og:image\" content=\"https:\/\/www.visitsaimaa.fi\/wp-content\/uploads\/2016\/04\/finnland-urlaub-familie-ferienhaus-1024x582.jpg\" \/>\n\t<meta property=\"og:image:width\" content=\"1024\" \/>\n\t<meta property=\"og:image:height\" content=\"582\" \/>\n\t<meta property=\"og:image:type\" content=\"image\/jpeg\" \/>\n<meta name=\"twitter:label1\" content=\"Gesch\u00e4tzte Lesezeit\" \/>\n\t<meta name=\"twitter:data1\" content=\"2 minutes\" \/>\n<script type=\"application\/ld+json\" class=\"yoast-schema-graph\">{\"@context\":\"https:\/\/schema.org\",\"@graph\":[{\"@type\":\"WebPage\",\"@id\":\"https:\/\/www.visitsaimaa.fi\/de\/finnland-ferienhaeuser-fuer-familien\/\",\"url\":\"https:\/\/www.visitsaimaa.fi\/de\/finnland-ferienhaeuser-fuer-familien\/\",\"name\":\"Finnland Ferienh\u00e4user f\u00fcr Familien - Visit Saimaa\",\"isPartOf\":{\"@id\":\"https:\/\/www.visitsaimaa.fi\/fi\/#website\"},\"primaryImageOfPage\":{\"@id\":\"https:\/\/www.visitsaimaa.fi\/de\/finnland-ferienhaeuser-fuer-familien\/#primaryimage\"},\"image\":{\"@id\":\"https:\/\/www.visitsaimaa.fi\/de\/finnland-ferienhaeuser-fuer-familien\/#primaryimage\"},\"thumbnailUrl\":\"https:\/\/www.visitsaimaa.fi\/wp-content\/uploads\/2016\/04\/finnland-urlaub-familie-ferienhaus.jpg\",\"datePublished\":\"2016-09-13T10:32:32+00:00\",\"dateModified\":\"2016-12-18T10:34:21+00:00\",\"description\":\"Die Finnland Ferienh\u00e4user f\u00fcr Familien sind ganz auf die Bed\u00fcrfnisse von Familien mit Kindern ausgelegt.Sie bieten abwechslungsreiche Urlaubstage.\",\"breadcrumb\":{\"@id\":\"https:\/\/www.visitsaimaa.fi\/de\/finnland-ferienhaeuser-fuer-familien\/#breadcrumb\"},\"inLanguage\":\"de-DE\",\"potentialAction\":[{\"@type\":\"ReadAction\",\"target\":[\"https:\/\/www.visitsaimaa.fi\/de\/finnland-ferienhaeuser-fuer-familien\/\"]}]},{\"@type\":\"ImageObject\",\"inLanguage\":\"de-DE\",\"@id\":\"https:\/\/www.visitsaimaa.fi\/de\/finnland-ferienhaeuser-fuer-familien\/#primaryimage\",\"url\":\"https:\/\/www.visitsaimaa.fi\/wp-content\/uploads\/2016\/04\/finnland-urlaub-familie-ferienhaus.jpg\",\"contentUrl\":\"https:\/\/www.visitsaimaa.fi\/wp-content\/uploads\/2016\/04\/finnland-urlaub-familie-ferienhaus.jpg\",\"width\":2000,\"height\":1136,\"caption\":\"Familienvillen\"},{\"@type\":\"BreadcrumbList\",\"@id\":\"https:\/\/www.visitsaimaa.fi\/de\/finnland-ferienhaeuser-fuer-familien\/#breadcrumb\",\"itemListElement\":[{\"@type\":\"ListItem\",\"position\":1,\"name\":\"Visit Saimaa\",\"item\":\"https:\/\/www.visitsaimaa.fi\/de\/\"},{\"@type\":\"ListItem\",\"position\":2,\"name\":\"Finnland Ferienh\u00e4user f\u00fcr Familien\"}]},{\"@type\":\"WebSite\",\"@id\":\"https:\/\/www.visitsaimaa.fi\/fi\/#website\",\"url\":\"https:\/\/www.visitsaimaa.fi\/fi\/\",\"name\":\"Visit Saimaa\",\"description\":\"The Official Travel Guide of Lakeland Saimaa\",\"potentialAction\":[{\"@type\":\"SearchAction\",\"target\":{\"@type\":\"EntryPoint\",\"urlTemplate\":\"https:\/\/www.visitsaimaa.fi\/fi\/?s={search_term_string}\"},\"query-input\":{\"@type\":\"PropertyValueSpecification\",\"valueRequired\":true,\"valueName\":\"search_term_string\"}}],\"inLanguage\":\"de-DE\"}]}<\/script>\n<!-- \/ Yoast SEO Premium plugin. -->","yoast_head_json":{"title":"Finnland Ferienh\u00e4user f\u00fcr Familien - Visit Saimaa","description":"Die Finnland Ferienh\u00e4user f\u00fcr Familien sind ganz auf die Bed\u00fcrfnisse von Familien mit Kindern ausgelegt.Sie bieten abwechslungsreiche Urlaubstage.","robots":{"index":"index","follow":"follow","max-snippet":"max-snippet:-1","max-image-preview":"max-image-preview:large","max-video-preview":"max-video-preview:-1"},"canonical":"https:\/\/www.visitsaimaa.fi\/de\/finnland-ferienhaeuser-fuer-familien\/","og_locale":"de_DE","og_type":"article","og_title":"Finnland Ferienh\u00e4user f\u00fcr Familien - Visit Saimaa","og_description":"Die Finnland Ferienh\u00e4user f\u00fcr Familien sind ganz auf die Bed\u00fcrfnisse von Familien mit Kindern ausgelegt.Sie bieten abwechslungsreiche Urlaubstage.","og_url":"https:\/\/www.visitsaimaa.fi\/de\/finnland-ferienhaeuser-fuer-familien\/","og_site_name":"Visit Saimaa","article_modified_time":"2016-12-18T10:34:21+00:00","og_image":[{"width":1024,"height":582,"url":"https:\/\/www.visitsaimaa.fi\/wp-content\/uploads\/2016\/04\/finnland-urlaub-familie-ferienhaus-1024x582.jpg","type":"image\/jpeg"}],"twitter_misc":{"Gesch\u00e4tzte Lesezeit":"2 minutes"},"schema":{"@context":"https:\/\/schema.org","@graph":[{"@type":"WebPage","@id":"https:\/\/www.visitsaimaa.fi\/de\/finnland-ferienhaeuser-fuer-familien\/","url":"https:\/\/www.visitsaimaa.fi\/de\/finnland-ferienhaeuser-fuer-familien\/","name":"Finnland Ferienh\u00e4user f\u00fcr Familien - Visit Saimaa","isPartOf":{"@id":"https:\/\/www.visitsaimaa.fi\/fi\/#website"},"primaryImageOfPage":{"@id":"https:\/\/www.visitsaimaa.fi\/de\/finnland-ferienhaeuser-fuer-familien\/#primaryimage"},"image":{"@id":"https:\/\/www.visitsaimaa.fi\/de\/finnland-ferienhaeuser-fuer-familien\/#primaryimage"},"thumbnailUrl":"https:\/\/www.visitsaimaa.fi\/wp-content\/uploads\/2016\/04\/finnland-urlaub-familie-ferienhaus.jpg","datePublished":"2016-09-13T10:32:32+00:00","dateModified":"2016-12-18T10:34:21+00:00","description":"Die Finnland Ferienh\u00e4user f\u00fcr Familien sind ganz auf die Bed\u00fcrfnisse von Familien mit Kindern ausgelegt.Sie bieten abwechslungsreiche Urlaubstage.","breadcrumb":{"@id":"https:\/\/www.visitsaimaa.fi\/de\/finnland-ferienhaeuser-fuer-familien\/#breadcrumb"},"inLanguage":"de-DE","potentialAction":[{"@type":"ReadAction","target":["https:\/\/www.visitsaimaa.fi\/de\/finnland-ferienhaeuser-fuer-familien\/"]}]},{"@type":"ImageObject","inLanguage":"de-DE","@id":"https:\/\/www.visitsaimaa.fi\/de\/finnland-ferienhaeuser-fuer-familien\/#primaryimage","url":"https:\/\/www.visitsaimaa.fi\/wp-content\/uploads\/2016\/04\/finnland-urlaub-familie-ferienhaus.jpg","contentUrl":"https:\/\/www.visitsaimaa.fi\/wp-content\/uploads\/2016\/04\/finnland-urlaub-familie-ferienhaus.jpg","width":2000,"height":1136,"caption":"Familienvillen"},{"@type":"BreadcrumbList","@id":"https:\/\/www.visitsaimaa.fi\/de\/finnland-ferienhaeuser-fuer-familien\/#breadcrumb","itemListElement":[{"@type":"ListItem","position":1,"name":"Visit Saimaa","item":"https:\/\/www.visitsaimaa.fi\/de\/"},{"@type":"ListItem","position":2,"name":"Finnland Ferienh\u00e4user f\u00fcr Familien"}]},{"@type":"WebSite","@id":"https:\/\/www.visitsaimaa.fi\/fi\/#website","url":"https:\/\/www.visitsaimaa.fi\/fi\/","name":"Visit Saimaa","description":"The Official Travel Guide of Lakeland Saimaa","potentialAction":[{"@type":"SearchAction","target":{"@type":"EntryPoint","urlTemplate":"https:\/\/www.visitsaimaa.fi\/fi\/?s={search_term_string}"},"query-input":{"@type":"PropertyValueSpecification","valueRequired":true,"valueName":"search_term_string"}}],"inLanguage":"de-DE"}]}},"_links":{"self":[{"href":"https:\/\/www.visitsaimaa.fi\/de\/wp-json\/wp\/v2\/pages\/4178","targetHints":{"allow":["GET"]}}],"collection":[{"href":"https:\/\/www.visitsaimaa.fi\/de\/wp-json\/wp\/v2\/pages"}],"about":[{"href":"https:\/\/www.visitsaimaa.fi\/de\/wp-json\/wp\/v2\/types\/page"}],"author":[{"embeddable":true,"href":"https:\/\/www.visitsaimaa.fi\/de\/wp-json\/wp\/v2\/users\/14"}],"replies":[{"embeddable":true,"href":"https:\/\/www.visitsaimaa.fi\/de\/wp-json\/wp\/v2\/comments?post=4178"}],"version-history":[{"count":0,"href":"https:\/\/www.visitsaimaa.fi\/de\/wp-json\/wp\/v2\/pages\/4178\/revisions"}],"wp:featuredmedia":[{"embeddable":true,"href":"https:\/\/www.visitsaimaa.fi\/de\/wp-json\/wp\/v2\/media\/4180"}],"wp:attachment":[{"href":"https:\/\/www.visitsaimaa.fi\/de\/wp-json\/wp\/v2\/media?parent=4178"}],"wp:term":[{"taxonomy":"relatedcontent","embeddable":true,"href":"https:\/\/www.visitsaimaa.fi\/de\/wp-json\/wp\/v2\/relatedcontent?post=4178"}],"curies":[{"name":"wp","href":"https:\/\/api.w.org\/{rel}","templated":true}]}}