{"id":2861,"date":"2015-12-17T16:08:56","date_gmt":"2015-12-17T14:08:56","guid":{"rendered":"https:\/\/www.visitsaimaa.fi\/de\/?page_id=2861"},"modified":"2017-11-29T09:46:37","modified_gmt":"2017-11-29T07:46:37","slug":"buchen","status":"publish","type":"page","link":"https:\/\/www.visitsaimaa.fi\/de\/buchen\/","title":{"rendered":"Info &#038; Buchen"},"content":{"rendered":"<p>[vc_row full_width=&#8220;stretch_row_content_no_spaces&#8220;][vc_column]<div class=\"main_header big\">\n    <figure style=\"background-image: url('https:\/\/www.visitsaimaa.fi\/wp-content\/uploads\/2015\/12\/Seenland-Saimaa-Info-Buchen1-1920x600.jpg'); background-position: center center;\"><\/figure>\n    <div class=\"main_header_content\" style=\"\">\n        <div class=\"container\">\n            \n<h1 style=\"text-align: center\">Info &amp; Buchen<\/h1>\n<p style=\"text-align: center\">#saimaamoments<\/p>\n    \n        <\/div>\n    <\/div><!-- \/.container -->\n<\/div><!-- \/.main_header -->\n\n[\/vc_column][\/vc_row][vc_row][vc_column width=&#8220;1\/2&#8243;][vc_column_text]<\/p>\n<h2><strong>Info &amp; Buchen<\/strong><\/h2>\n<p><strong>Kontaktieren Sie uns, wir helfen Ihnen gern!<\/strong><\/p>\n<p>Ben\u00f6tigen Sie Informationen oder Buchungsmaterial zum Seenland Saimaa und Tipps f\u00fcr ihren Urlaub am Saimaa? Schreiben Sie uns eine E-Mail oder schauen Sie auf unten stehenden Link, um n\u00e4here Informationen zu Produkten und Leistungen sowie Ausk\u00fcnfte zu gew\u00fcnschten Aktivit\u00e4ten am Saimaa zu erhalten.<\/p>\n<p>VisitMikkeli, VisitSavonlinna und VisitVarkaus sind die regionalen Tourismusorganisationen des Seenlands Saimaa. Hier steht man gern hilfreich mit Informationen und Tipps zur Seite. In Varkaus werden Sie in finnischer und englischer Sprache, in Mikkeli und Savonlinna zus\u00e4tzlich auch in deutscher Sprache beraten.[\/vc_column_text][\/vc_column][vc_column width=&#8220;1\/2&#8243;][vc_column_text]<\/p>\n<h2><strong>Newsletter-Bestellung<br \/>\n<\/strong><\/h2>\n<p>Bestellen Sie den kostenlosen E-Newsletter von VisitSaimaa und erfahren Sie mehr \u00fcber Erlebnisse, Aktivit\u00e4ten und Angebote im Seenland Saimaa. Der Newsletter erscheint 4 mal im Jahr.[\/vc_column_text][\/vc_column][\/vc_row][vc_row][vc_column width=&#8220;1\/2&#8243;][vc_column_text]\n<div class=\"wpcf7 no-js\" id=\"wpcf7-f2169-o1\" lang=\"de-DE\" dir=\"ltr\" data-wpcf7-id=\"2169\">\n<div class=\"screen-reader-response\"><p role=\"status\" aria-live=\"polite\" aria-atomic=\"true\"><\/p> <ul><\/ul><\/div>\n<form action=\"\/de\/wp-json\/wp\/v2\/pages\/2861#wpcf7-f2169-o1\" method=\"post\" class=\"wpcf7-form init\" aria-label=\"Contact form\" novalidate=\"novalidate\" data-status=\"init\">\n<fieldset class=\"hidden-fields-container\"><input type=\"hidden\" name=\"_wpcf7\" value=\"2169\" \/><input type=\"hidden\" name=\"_wpcf7_version\" value=\"6.1.5\" \/><input type=\"hidden\" name=\"_wpcf7_locale\" value=\"de_DE\" \/><input type=\"hidden\" name=\"_wpcf7_unit_tag\" value=\"wpcf7-f2169-o1\" \/><input type=\"hidden\" name=\"_wpcf7_container_post\" value=\"0\" \/><input type=\"hidden\" name=\"_wpcf7_posted_data_hash\" value=\"\" \/>\n<\/fieldset>\n<p><span class=\"wpcf7-form-control-wrap\" data-name=\"your-name\"><input size=\"40\" maxlength=\"400\" class=\"wpcf7-form-control wpcf7-text wpcf7-validates-as-required\" aria-required=\"true\" aria-invalid=\"false\" value=\"\" type=\"text\" name=\"your-name\" \/><\/span><br \/>\n<span class=\"wpcf7-form-control-wrap\" data-name=\"your-email\"><input size=\"40\" maxlength=\"400\" class=\"wpcf7-form-control wpcf7-email wpcf7-validates-as-required wpcf7-text wpcf7-validates-as-email\" aria-required=\"true\" aria-invalid=\"false\" value=\"\" type=\"email\" name=\"your-email\" \/><\/span><br \/>\n[honeypot your-address]<br \/>\n<span class=\"wpcf7-form-control-wrap\" data-name=\"your-subject\"><input size=\"40\" maxlength=\"400\" class=\"wpcf7-form-control wpcf7-text\" aria-invalid=\"false\" value=\"\" type=\"text\" name=\"your-subject\" \/><\/span><br \/>\n<span class=\"wpcf7-form-control-wrap\" data-name=\"your-message\"><textarea cols=\"40\" rows=\"10\" maxlength=\"2000\" class=\"wpcf7-form-control wpcf7-textarea\" aria-invalid=\"false\" name=\"your-message\">Ihre Nachricht<\/textarea><\/span><br \/>\n<input class=\"wpcf7-form-control wpcf7-submit has-spinner\" type=\"submit\" value=\"Send\" \/>\n<\/p><p style=\"display: none !important;\" class=\"akismet-fields-container\" data-prefix=\"_wpcf7_ak_\"><label>&#916;<textarea name=\"_wpcf7_ak_hp_textarea\" cols=\"45\" rows=\"8\" maxlength=\"100\"><\/textarea><\/label><input type=\"hidden\" id=\"ak_js_1\" name=\"_wpcf7_ak_js\" value=\"149\"\/><script>document.getElementById( \"ak_js_1\" ).setAttribute( \"value\", ( new Date() ).getTime() );<\/script><\/p><div class=\"wpcf7-response-output\" aria-hidden=\"true\"><\/div>\n<\/form>\n<\/div>\n[\/vc_column_text][\/vc_column][vc_column width=&#8220;1\/2&#8243;][vc_column_text]<script>(function() {\n\twindow.mc4wp = window.mc4wp || {\n\t\tlisteners: [],\n\t\tforms: {\n\t\t\ton: function(evt, cb) {\n\t\t\t\twindow.mc4wp.listeners.push(\n\t\t\t\t\t{\n\t\t\t\t\t\tevent   : evt,\n\t\t\t\t\t\tcallback: cb\n\t\t\t\t\t}\n\t\t\t\t);\n\t\t\t}\n\t\t}\n\t}\n})();\n<\/script><!-- Mailchimp for WordPress v4.12.1 - https:\/\/wordpress.org\/plugins\/mailchimp-for-wp\/ --><form id=\"mc4wp-form-1\" class=\"mc4wp-form mc4wp-form-3326\" method=\"post\" data-id=\"3326\" data-name=\"Visit Saimaa Newsletter DE\" ><div class=\"mc4wp-form-fields\"><input type=\"hidden\" name=\"MC_LANGUAGE\" value=\"de_DE\" \/>\r\n<input name=\"_mc4wp_lists[]\" type=\"hidden\" value=\"1ee4f1e6e1\">\r\n\r\n<div class=\"form-group\">\r\n  <label>Name <span class=\"required\">*<\/span><\/label>\r\n  <input class=\"form-control\" name=\"NAME\" value=\"\" aria-invalid=\"false\" aria-required=\"true\" required=\"\" type=\"text\" \/>\r\n<\/div>\r\n<div class=\"form-group\">\r\n  <label>Mail <span class=\"required\">*<\/span><\/label>\r\n  <input class=\"form-control\" name=\"EMAIL\" value=\"\" aria-invalid=\"false\" aria-required=\"true\" required=\"\" type=\"email\" \/>\r\n<\/div>\r\n<div class=\"form-group\">\r\n  <label>Stadt <span class=\"required\">*<\/span><\/label>\r\n  <input class=\"form-control\" name=\"STADT\" value=\"\" aria-invalid=\"false\" aria-required=\"true\" required=\"\" type=\"text\" \/>\r\n<\/div>\r\n<div class=\"form-group\">\r\n  <label>Land <span class=\"required\">*<\/span><\/label>\r\n  <input class=\"form-control\" name=\"LAND\" value=\"\" aria-invalid=\"false\" aria-required=\"true\" required=\"\" type=\"text\" \/>\r\n<\/div>\r\n<div class=\"form-group\">\r\n  <div class=\"checkbox\">\r\n    <label><input name=\"INTERESTS[da60e1182d][]\" value=\"e3a0467c42\" aria-invalid=\"false\" type=\"checkbox\" \/>Naturaktivit\u00e4ten am Saimaa<\/label>\r\n  <\/div>\r\n  <div class=\"checkbox\">\r\n    <label><input name=\"INTERESTS[da60e1182d][]\" value=\"4819a94e32\" aria-invalid=\"false\" type=\"checkbox\" \/>Kulinarisches und Wohlbefinden am Saimaa<\/label><\/div>\r\n  <div class=\"checkbox\">\r\n    <label><input name=\"INTERESTS[da60e1182d][]\" value=\"059806b5ac\" aria-invalid=\"false\" type=\"checkbox\" \/>Kulturerlebnisse am Saimaa<\/label>\r\n  <\/div>\r\n  <div class=\"checkbox\">\r\n    <label><input name=\"INTERESTS[da60e1182d][]\" value=\"93650fb759\" aria-invalid=\"false\" type=\"checkbox\" \/>Familienurlaub am Saimaa<\/label>\r\n  <\/div>\r\n<\/div>\r\n\r\n<div class=\"form-group\">\r\n  <div>\r\n    <input class=\"wpcf7-form-control wpcf7-submit btn btn-primary\" value=\"F&Uuml;r Liste anmelden\" type=\"submit\" \/>\r\n  <\/div>\r\n<\/div>\r\n<\/div><label style=\"display: none !important;\">Wenn du ein Mensch bist, lasse das Feld leer: <input type=\"text\" name=\"_mc4wp_honeypot\" value=\"\" tabindex=\"-1\" autocomplete=\"off\" \/><\/label><input type=\"hidden\" name=\"_mc4wp_timestamp\" value=\"1776324088\" \/><input type=\"hidden\" name=\"_mc4wp_form_id\" value=\"3326\" \/><input type=\"hidden\" name=\"_mc4wp_form_element_id\" value=\"mc4wp-form-1\" \/><div class=\"mc4wp-response\"><\/div><\/form><!-- \/ Mailchimp for WordPress Plugin -->[\/vc_column_text][\/vc_column][\/vc_row][vc_row][vc_column width=&#8220;1\/2&#8243;][vc_column_text]<\/p>\n<h3><strong>Mikkeli Region Tourist-Information<br \/>\n<\/strong><\/h3>\n<p><strong><a href=\"https:\/\/www.visitmikkeli.fi\/de\/page\/2\" target=\"_blank\" rel=\"noopener\">VisitMikkeli<\/a><\/strong><\/p>\n<p>Maaherrankatu 22, FI-50100 Mikkeli<br \/>\nTel. + 358 44 794 5669<br \/>\nEmail matkailu@mikkeli.fi<\/p>\n<p>Die Touristeninformation von Mikkeli befindet sich direkt im Zentrum der Stadt Mikkeli, in der Maaherrankatu 22. Die Touristeninformation bietet Reiseinformationen \u00fcber die Stadt Mikkeli und das Seenland Saimaa. Gerne k\u00f6nnen Sie sich auch \u00fcber touristische Aktivit\u00e4ten und Veranstaltungen informieren.<\/p>\n<p><a href=\"https:\/\/www.visitmikkeli.fi\/de\/page\/2\" target=\"_blank\" rel=\"noopener\"><img loading=\"lazy\" decoding=\"async\" class=\"alignnone wp-image-664 size-thumbnail\" src=\"https:\/\/www.visitsaimaa.fi\/wp-content\/uploads\/2015\/09\/logo_480x480-150x150.jpg\" alt=\"Visit Mikkeli\" width=\"150\" height=\"150\" srcset=\"https:\/\/www.visitsaimaa.fi\/wp-content\/uploads\/2015\/09\/logo_480x480-150x150.jpg 150w, https:\/\/www.visitsaimaa.fi\/wp-content\/uploads\/2015\/09\/logo_480x480-300x300.jpg 300w, https:\/\/www.visitsaimaa.fi\/wp-content\/uploads\/2015\/09\/logo_480x480-80x80.jpg 80w, https:\/\/www.visitsaimaa.fi\/wp-content\/uploads\/2015\/09\/logo_480x480.jpg 480w, https:\/\/www.visitsaimaa.fi\/wp-content\/uploads\/2015\/09\/logo_480x480-390x390.jpg 390w\" sizes=\"auto, (max-width: 150px) 100vw, 150px\" \/><\/a>[\/vc_column_text][vc_column_text]<\/p>\n<h3><\/h3>\n<h3><span style=\"color: #000000;\"><strong>Varkaus Tourist-Information<\/strong><\/span><\/h3>\n<p><span style=\"color: #3366ff;\"><a href=\"http:\/\/www.visitvarkaus.fi\"><strong>VisitVarkaus<\/strong><\/a><\/span><\/p>\n<p>Hotel Oscar<br \/>\nKauppatori 4, 78250 Varkaus<br \/>\nEmail: hotel@hoteloscar.fi<br \/>\nTel. + 358 (0) 17 579 011<br \/>\nwww.visitvarkaus.fi<\/p>\n<p>Die Touristeninformation VisitVarkaus befindet sich im Hotel Oscar und bietet Reiseinformationen \u00fcber die Stadt Varkaus, das Seenland Saimaa, touristische Aktivit\u00e4ten und Veranstaltungen. Sie k\u00f6nnen auch gern nach Tipps fragen, wie Sie Ihren Urlaub oder Ihren Besuch nach Ihren eigenen W\u00fcnschen und Vorlieben gestalten m\u00f6chten.<\/p>\n<p>&nbsp;<\/p>\n<p><img loading=\"lazy\" decoding=\"async\" class=\"irc_mi\" src=\"http:\/\/www.visitvarkaus.fi\/wp-content\/themes\/visitvarkaus\/images\/visit_varkaus_logo.png\" alt=\"Bildergebnis f\u00fcr visit varkaus logo\" width=\"239\" height=\"81\" \/>[\/vc_column_text][\/vc_column][vc_column width=&#8220;1\/2&#8243;][vc_column_text]<\/p>\n<h3><strong>Savonlinna Tours<br \/>\n<\/strong><\/h3>\n<p><strong><a href=\"http:\/\/visitsavonlinna.fi\/de\/\" target=\"_blank\" rel=\"noopener\">VisitSavonlinna<\/a><\/strong><\/p>\n<p>Tel. +358 50 548 4004<br \/>\nEmail: <a href=\"mailto:sales@savonlinnatours.fi\">sales@savonlinnatours.fi<\/a><\/p>\n<p>Die Touristeninformation VisitSavonlinna bedient Sie in den Fremdenverkehrsangelegenheiten der Region Savonlinna und Saimaa: bei Reservierungen von Unterk\u00fcnften, Buchungen von Schiffsausfl\u00fcgen, Programmgestaltung, Vermittlung von Fremdenf\u00fchrern und Reisebegleitern, Organisation von Transfers, Beschaffung von Opern-, Konzert- und anderen Eintrittskarten, Versorgung mit Fremdenverkehrsprospekten und Karten der Region sowie mit Ausk\u00fcnften \u00fcber Veranstaltungen und Fahrpl\u00e4ne. Alles unter einem Dach!<\/p>\n<p><strong>Von Montag bis Freitag gibt es zwischen Helsinki und Savonlinna t\u00e4glich zwei Hin- und R\u00fcckfl\u00fcge.<\/strong><br \/>\n<strong>Budapest Aircraft Service \u2013 BASe Airlines unter <a href=\"http:\/\/www.airlink.fi\" target=\"_blank\" rel=\"noopener\">www.airlink.fi<\/a><\/strong><\/p>\n<p><a href=\"http:\/\/visitsavonlinna.fi\/de\/\" target=\"_blank\" rel=\"noopener\"><img loading=\"lazy\" decoding=\"async\" class=\"alignnone size-medium wp-image-392\" src=\"https:\/\/www.visitsaimaa.fi\/wp-content\/uploads\/2015\/09\/Visit-savonlinna-logo_iso_pienennetty-300x78.jpg\" alt=\"Visit Savonlinna\" width=\"300\" height=\"78\" srcset=\"https:\/\/www.visitsaimaa.fi\/wp-content\/uploads\/2015\/09\/Visit-savonlinna-logo_iso_pienennetty-300x78.jpg 300w, https:\/\/www.visitsaimaa.fi\/wp-content\/uploads\/2015\/09\/Visit-savonlinna-logo_iso_pienennetty-1024x266.jpg 1024w\" sizes=\"auto, (max-width: 300px) 100vw, 300px\" \/><\/a>[\/vc_column_text][\/vc_column][\/vc_row][vc_row][vc_column][vc_column_text]<\/p>\n<h2>Wir empfehlen auch..<\/h2>\n<p>[\/vc_column_text][\/vc_column][\/vc_row][vc_row][vc_column]<div class=\"posts-list-grid wpb_content_element\">\n                            <div class=\"row no-gutter\"><div class=\"row no-gutter\"><div class=\"col-xs-10 col-sm-5 col-lg-4 col-main row-two \">    <div class=\"post-box post-stub post-3231 page type-page status-publish has-post-thumbnail hentry priority-3\"  data-contentid=\"1:3231\" data-showrelated=\"1\" id=\"finnland-beste-reisezeit-in-saimaa-1-3231-1\">\n\n        <div class=\"vs_post_thumbnail\" style=\"background-image: url('https:\/\/www.visitsaimaa.fi\/wp-content\/themes\/visitsaimaa2019\/images\/default_visitsaimaa_2016.jpg')\" data-attachment=\"2891-1\"><\/div>\n        <div class=\"image_overlay\"><\/div>\n                \n                <a href=\"https:\/\/www.visitsaimaa.fi\/de\/finnland-beste-reisezeit-in-saimaa\/\"  class=\"back-to-canonical \" title=\"Finnland beste Reisezeit &#8211; Saimaa in 4 verschiedenen Jahreszeiten erleben\">\n            <span class=\"info\">\n                \n                                <span class=\"h3\">Vier Jahreszeiten im &#8222;Seenland Saimaa&#8220;<\/span>\n                                            <\/span><!-- \/.info -->\n        <\/a>\n\n    <\/div>\n    <\/div><!-- box-main --><div class=\"col-xs-10 col-sm-5 col-lg-6 col-rest row-two\"><div class=\"row no-gutter\"><div class=\"col-xs-10 col-lg-66\">    <div class=\"post-box post-stub post-3090 page type-page status-publish has-post-thumbnail hentry priority-3\"  data-contentid=\"1:3090\" data-showrelated=\"1\" id=\"saimaa-anreise-1-3090-2\">\n\n        <div class=\"vs_post_thumbnail\" style=\"background-image: url('https:\/\/www.visitsaimaa.fi\/wp-content\/themes\/visitsaimaa2019\/images\/default_visitsaimaa_2016.jpg')\" data-attachment=\"1760-1\"><\/div>\n        <div class=\"image_overlay\"><\/div>\n                \n                <a href=\"https:\/\/www.visitsaimaa.fi\/de\/saimaa-anreise\/\"  class=\"back-to-canonical \" title=\"Saimaa Anreise &#8211; Wie man am besten in die Saimaa-Region kommt\">\n            <span class=\"info\">\n                \n                                <span class=\"h3\">Anreise ins &#8222;Seenland Saimaa&#8220;<\/span>\n                                            <\/span><!-- \/.info -->\n        <\/a>\n\n    <\/div>\n    <\/div><div class=\"col-xs-5 col-lg-33\">    <div class=\"post-box post-stub post-1087 page type-page status-publish has-post-thumbnail hentry priority-3\"  data-contentid=\"1:1087\" data-showrelated=\"1\" id=\"planen-1-1087-3\">\n\n        <div class=\"vs_post_thumbnail\" style=\"background-image: url('https:\/\/www.visitsaimaa.fi\/wp-content\/themes\/visitsaimaa2019\/images\/default_visitsaimaa_2016.jpg')\" data-attachment=\"1139-1\"><\/div>\n        <div class=\"image_overlay\"><\/div>\n                \n                <a href=\"https:\/\/www.visitsaimaa.fi\/de\/planen\/\"  class=\"back-to-canonical \" title=\"Planen\">\n            <span class=\"info\">\n                \n                                <span class=\"h3\">Planen Sie Ihre Reise zum Saimaa<\/span>\n                                            <\/span><!-- \/.info -->\n        <\/a>\n\n    <\/div>\n    <\/div><div class=\"col-xs-5 col-lg-33\">    <div class=\"post-box post-stub post-708 page type-page status-publish has-post-thumbnail hentry priority-3\"  data-contentid=\"1:708\" data-showrelated=\"1\" id=\"finnland-saimaa-info-1-708-4\">\n\n        <div class=\"vs_post_thumbnail\" style=\"background-image: url('https:\/\/www.visitsaimaa.fi\/wp-content\/themes\/visitsaimaa2019\/images\/default_visitsaimaa_2016.jpg')\" data-attachment=\"248-1\"><\/div>\n        <div class=\"image_overlay\"><\/div>\n                \n                <a href=\"https:\/\/www.visitsaimaa.fi\/de\/finnland-saimaa-info\/\"  class=\"back-to-canonical \" title=\"Saimaa Info &#8211; Wissenswertes \u00fcber die Region\">\n            <span class=\"info\">\n                \n                                <span class=\"h3\">Wissenswertes zum &#8222;Seenland Saimaa&#8220;<\/span>\n                                            <\/span><!-- \/.info -->\n        <\/a>\n\n    <\/div>\n    <\/div><div class=\"col-xs-10 col-lg-66\">    <div class=\"post-box post-stub post-1213 page type-page status-publish has-post-thumbnail hentry priority-3\"  data-contentid=\"1:1213\" data-showrelated=\"1\" id=\"finnland-urlaub-erlebnisse-1-1213-5\">\n\n        <div class=\"vs_post_thumbnail\" style=\"background-image: url('https:\/\/www.visitsaimaa.fi\/wp-content\/themes\/visitsaimaa2019\/images\/default_visitsaimaa_2016.jpg')\" data-attachment=\"2904-1\"><\/div>\n        <div class=\"image_overlay\"><\/div>\n                \n                <a href=\"https:\/\/www.visitsaimaa.fi\/de\/finnland-urlaub-erlebnisse\/\"  class=\"back-to-canonical \" title=\"Finnland-Urlaub im Seenland Saimaa: weite Natur und spannende Erlebnisse\">\n            <span class=\"info\">\n                \n                                <span class=\"h3\">Weite Natur und Outdoor-Erlebnisse<\/span>\n                                            <\/span><!-- \/.info -->\n        <\/a>\n\n    <\/div>\n    <\/div><\/div><!-- row --><\/div><!-- .rest --><\/div><!-- \/.row --><\/div><!-- \/.row -->\n                            <\/div><!--\/.posts-list-grid -->[\/vc_column][\/vc_row]<\/p>\n","protected":false},"excerpt":{"rendered":"<p>[vc_row full_width=&#8220;stretch_row_content_no_spaces&#8220;][vc_column][\/vc_column][\/vc_row][vc_row][vc_column width=&#8220;1\/2&#8243;][vc_column_text] Info &amp; Buchen Kontaktieren Sie uns, wir helfen Ihnen gern! Ben\u00f6tigen Sie Informationen oder Buchungsmaterial zum Seenland Saimaa und Tipps f\u00fcr ihren Urlaub am Saimaa? Schreiben Sie [&hellip;]<\/p>\n","protected":false},"author":2,"featured_media":3008,"parent":0,"menu_order":0,"comment_status":"closed","ping_status":"closed","template":"","meta":{"footnotes":""},"relatedcontent":[],"class_list":{"0":"post-2861","1":"page","2":"type-page","3":"status-publish","4":"has-post-thumbnail","5":"hentry","7":"priority-3"},"yoast_head":"<!-- This site is optimized with the Yoast SEO Premium plugin v27.3 (Yoast SEO v27.4) - https:\/\/yoast.com\/product\/yoast-seo-premium-wordpress\/ -->\n<title>Info &amp; Buchen - Visit Saimaa<\/title>\n<meta name=\"description\" content=\"Ben\u00f6tigen Sie Informationen zum Seenland Saimaa und Tipps f\u00fcr einen Urlaub am Saimaa?\u00a0Kontaktieren Sie uns, wir helfen Ihnen gern mit Info und Buchen!\" \/>\n<meta name=\"robots\" content=\"index, follow, max-snippet:-1, max-image-preview:large, max-video-preview:-1\" \/>\n<link rel=\"canonical\" href=\"https:\/\/www.visitsaimaa.fi\/de\/buchen\/\" \/>\n<meta property=\"og:locale\" content=\"de_DE\" \/>\n<meta property=\"og:type\" content=\"article\" \/>\n<meta property=\"og:title\" content=\"Info &amp; Buchen\" \/>\n<meta property=\"og:description\" content=\"Ben\u00f6tigen Sie Informationen zum Seenland Saimaa und Tipps f\u00fcr einen Urlaub am Saimaa?\u00a0Kontaktieren Sie uns, wir helfen Ihnen gern mit Info und Buchen!\" \/>\n<meta property=\"og:url\" content=\"https:\/\/www.visitsaimaa.fi\/de\/buchen\/\" \/>\n<meta property=\"og:site_name\" content=\"Visit Saimaa\" \/>\n<meta property=\"article:modified_time\" content=\"2017-11-29T07:46:37+00:00\" \/>\n<meta property=\"og:image\" content=\"https:\/\/www.visitsaimaa.fi\/wp-content\/uploads\/2015\/12\/Seenland-Saimaa-Info-Buchen1.jpg\" \/>\n\t<meta property=\"og:image:width\" content=\"2000\" \/>\n\t<meta property=\"og:image:height\" content=\"1335\" \/>\n\t<meta property=\"og:image:type\" content=\"image\/jpeg\" \/>\n<meta name=\"twitter:label1\" content=\"Gesch\u00e4tzte Lesezeit\" \/>\n\t<meta name=\"twitter:data1\" content=\"2 minutes\" \/>\n<script type=\"application\/ld+json\" class=\"yoast-schema-graph\">{\"@context\":\"https:\\\/\\\/schema.org\",\"@graph\":[{\"@type\":\"WebPage\",\"@id\":\"https:\\\/\\\/www.visitsaimaa.fi\\\/de\\\/buchen\\\/\",\"url\":\"https:\\\/\\\/www.visitsaimaa.fi\\\/de\\\/buchen\\\/\",\"name\":\"Info & Buchen - Visit Saimaa\",\"isPartOf\":{\"@id\":\"https:\\\/\\\/www.visitsaimaa.fi\\\/fi\\\/#website\"},\"primaryImageOfPage\":{\"@id\":\"https:\\\/\\\/www.visitsaimaa.fi\\\/de\\\/buchen\\\/#primaryimage\"},\"image\":{\"@id\":\"https:\\\/\\\/www.visitsaimaa.fi\\\/de\\\/buchen\\\/#primaryimage\"},\"thumbnailUrl\":\"https:\\\/\\\/www.visitsaimaa.fi\\\/wp-content\\\/uploads\\\/2015\\\/12\\\/Seenland-Saimaa-Info-Buchen1.jpg\",\"datePublished\":\"2015-12-17T14:08:56+00:00\",\"dateModified\":\"2017-11-29T07:46:37+00:00\",\"description\":\"Ben\u00f6tigen Sie Informationen zum Seenland Saimaa und Tipps f\u00fcr einen Urlaub am Saimaa?\u00a0Kontaktieren Sie uns, wir helfen Ihnen gern mit Info und Buchen!\",\"breadcrumb\":{\"@id\":\"https:\\\/\\\/www.visitsaimaa.fi\\\/de\\\/buchen\\\/#breadcrumb\"},\"inLanguage\":\"de-DE\",\"potentialAction\":[{\"@type\":\"ReadAction\",\"target\":[\"https:\\\/\\\/www.visitsaimaa.fi\\\/de\\\/buchen\\\/\"]}]},{\"@type\":\"ImageObject\",\"inLanguage\":\"de-DE\",\"@id\":\"https:\\\/\\\/www.visitsaimaa.fi\\\/de\\\/buchen\\\/#primaryimage\",\"url\":\"https:\\\/\\\/www.visitsaimaa.fi\\\/wp-content\\\/uploads\\\/2015\\\/12\\\/Seenland-Saimaa-Info-Buchen1.jpg\",\"contentUrl\":\"https:\\\/\\\/www.visitsaimaa.fi\\\/wp-content\\\/uploads\\\/2015\\\/12\\\/Seenland-Saimaa-Info-Buchen1.jpg\",\"width\":2000,\"height\":1335,\"caption\":\"Seenland Saimaa\"},{\"@type\":\"BreadcrumbList\",\"@id\":\"https:\\\/\\\/www.visitsaimaa.fi\\\/de\\\/buchen\\\/#breadcrumb\",\"itemListElement\":[{\"@type\":\"ListItem\",\"position\":1,\"name\":\"Visit Saimaa\",\"item\":\"https:\\\/\\\/www.visitsaimaa.fi\\\/de\\\/\"},{\"@type\":\"ListItem\",\"position\":2,\"name\":\"Info &#038; Buchen\"}]},{\"@type\":\"WebSite\",\"@id\":\"https:\\\/\\\/www.visitsaimaa.fi\\\/fi\\\/#website\",\"url\":\"https:\\\/\\\/www.visitsaimaa.fi\\\/fi\\\/\",\"name\":\"Visit Saimaa\",\"description\":\"The Official Travel Guide of Lakeland Saimaa\",\"potentialAction\":[{\"@type\":\"SearchAction\",\"target\":{\"@type\":\"EntryPoint\",\"urlTemplate\":\"https:\\\/\\\/www.visitsaimaa.fi\\\/fi\\\/?s={search_term_string}\"},\"query-input\":{\"@type\":\"PropertyValueSpecification\",\"valueRequired\":true,\"valueName\":\"search_term_string\"}}],\"inLanguage\":\"de-DE\"}]}<\/script>\n<!-- \/ Yoast SEO Premium plugin. -->","yoast_head_json":{"title":"Info & Buchen - Visit Saimaa","description":"Ben\u00f6tigen Sie Informationen zum Seenland Saimaa und Tipps f\u00fcr einen Urlaub am Saimaa?\u00a0Kontaktieren Sie uns, wir helfen Ihnen gern mit Info und Buchen!","robots":{"index":"index","follow":"follow","max-snippet":"max-snippet:-1","max-image-preview":"max-image-preview:large","max-video-preview":"max-video-preview:-1"},"canonical":"https:\/\/www.visitsaimaa.fi\/de\/buchen\/","og_locale":"de_DE","og_type":"article","og_title":"Info & Buchen","og_description":"Ben\u00f6tigen Sie Informationen zum Seenland Saimaa und Tipps f\u00fcr einen Urlaub am Saimaa?\u00a0Kontaktieren Sie uns, wir helfen Ihnen gern mit Info und Buchen!","og_url":"https:\/\/www.visitsaimaa.fi\/de\/buchen\/","og_site_name":"Visit Saimaa","article_modified_time":"2017-11-29T07:46:37+00:00","og_image":[{"width":2000,"height":1335,"url":"https:\/\/www.visitsaimaa.fi\/wp-content\/uploads\/2015\/12\/Seenland-Saimaa-Info-Buchen1.jpg","type":"image\/jpeg"}],"twitter_misc":{"Gesch\u00e4tzte Lesezeit":"2 minutes"},"schema":{"@context":"https:\/\/schema.org","@graph":[{"@type":"WebPage","@id":"https:\/\/www.visitsaimaa.fi\/de\/buchen\/","url":"https:\/\/www.visitsaimaa.fi\/de\/buchen\/","name":"Info & Buchen - Visit Saimaa","isPartOf":{"@id":"https:\/\/www.visitsaimaa.fi\/fi\/#website"},"primaryImageOfPage":{"@id":"https:\/\/www.visitsaimaa.fi\/de\/buchen\/#primaryimage"},"image":{"@id":"https:\/\/www.visitsaimaa.fi\/de\/buchen\/#primaryimage"},"thumbnailUrl":"https:\/\/www.visitsaimaa.fi\/wp-content\/uploads\/2015\/12\/Seenland-Saimaa-Info-Buchen1.jpg","datePublished":"2015-12-17T14:08:56+00:00","dateModified":"2017-11-29T07:46:37+00:00","description":"Ben\u00f6tigen Sie Informationen zum Seenland Saimaa und Tipps f\u00fcr einen Urlaub am Saimaa?\u00a0Kontaktieren Sie uns, wir helfen Ihnen gern mit Info und Buchen!","breadcrumb":{"@id":"https:\/\/www.visitsaimaa.fi\/de\/buchen\/#breadcrumb"},"inLanguage":"de-DE","potentialAction":[{"@type":"ReadAction","target":["https:\/\/www.visitsaimaa.fi\/de\/buchen\/"]}]},{"@type":"ImageObject","inLanguage":"de-DE","@id":"https:\/\/www.visitsaimaa.fi\/de\/buchen\/#primaryimage","url":"https:\/\/www.visitsaimaa.fi\/wp-content\/uploads\/2015\/12\/Seenland-Saimaa-Info-Buchen1.jpg","contentUrl":"https:\/\/www.visitsaimaa.fi\/wp-content\/uploads\/2015\/12\/Seenland-Saimaa-Info-Buchen1.jpg","width":2000,"height":1335,"caption":"Seenland Saimaa"},{"@type":"BreadcrumbList","@id":"https:\/\/www.visitsaimaa.fi\/de\/buchen\/#breadcrumb","itemListElement":[{"@type":"ListItem","position":1,"name":"Visit Saimaa","item":"https:\/\/www.visitsaimaa.fi\/de\/"},{"@type":"ListItem","position":2,"name":"Info &#038; Buchen"}]},{"@type":"WebSite","@id":"https:\/\/www.visitsaimaa.fi\/fi\/#website","url":"https:\/\/www.visitsaimaa.fi\/fi\/","name":"Visit Saimaa","description":"The Official Travel Guide of Lakeland Saimaa","potentialAction":[{"@type":"SearchAction","target":{"@type":"EntryPoint","urlTemplate":"https:\/\/www.visitsaimaa.fi\/fi\/?s={search_term_string}"},"query-input":{"@type":"PropertyValueSpecification","valueRequired":true,"valueName":"search_term_string"}}],"inLanguage":"de-DE"}]}},"_links":{"self":[{"href":"https:\/\/www.visitsaimaa.fi\/de\/wp-json\/wp\/v2\/pages\/2861","targetHints":{"allow":["GET"]}}],"collection":[{"href":"https:\/\/www.visitsaimaa.fi\/de\/wp-json\/wp\/v2\/pages"}],"about":[{"href":"https:\/\/www.visitsaimaa.fi\/de\/wp-json\/wp\/v2\/types\/page"}],"author":[{"embeddable":true,"href":"https:\/\/www.visitsaimaa.fi\/de\/wp-json\/wp\/v2\/users\/2"}],"replies":[{"embeddable":true,"href":"https:\/\/www.visitsaimaa.fi\/de\/wp-json\/wp\/v2\/comments?post=2861"}],"version-history":[{"count":0,"href":"https:\/\/www.visitsaimaa.fi\/de\/wp-json\/wp\/v2\/pages\/2861\/revisions"}],"wp:featuredmedia":[{"embeddable":true,"href":"https:\/\/www.visitsaimaa.fi\/de\/wp-json\/wp\/v2\/media\/3008"}],"wp:attachment":[{"href":"https:\/\/www.visitsaimaa.fi\/de\/wp-json\/wp\/v2\/media?parent=2861"}],"wp:term":[{"taxonomy":"relatedcontent","embeddable":true,"href":"https:\/\/www.visitsaimaa.fi\/de\/wp-json\/wp\/v2\/relatedcontent?post=2861"}],"curies":[{"name":"wp","href":"https:\/\/api.w.org\/{rel}","templated":true}]}}