{"id":2197,"date":"2015-12-11T10:56:45","date_gmt":"2015-12-11T08:56:45","guid":{"rendered":"https:\/\/www.visitsaimaa.fi\/de\/?page_id=2197"},"modified":"2021-03-19T14:20:56","modified_gmt":"2021-03-19T12:20:56","slug":"finnland-schwimmen","status":"publish","type":"page","link":"https:\/\/www.visitsaimaa.fi\/de\/finnland-schwimmen\/","title":{"rendered":"Schwimmen in Finnland &#8211; Eintauchen in die weiten Gew\u00e4sser des Saimaa-Sees"},"content":{"rendered":"<p>[vc_row full_width=&#8220;stretch_row_content_no_spaces&#8220;][vc_column]<div class=\"main_header big\">\n    <figure style=\"background-image: url('https:\/\/www.visitsaimaa.fi\/wp-content\/uploads\/2015\/12\/Finnland-Urlaub-Schwimmen-1920x600.jpg'); background-position: center center;\"><\/figure>\n    <div class=\"main_header_content\" style=\"\">\n        <div class=\"container\">\n            \n<h1 style=\"text-align: center\">Schwimmen im Seenland Saimaa<\/h1>\n<p style=\"text-align: center\">#saimaamoments<\/p>\n    \n        <\/div>\n    <\/div><!-- \/.container -->\n<\/div><!-- \/.main_header -->\n\n[\/vc_column][\/vc_row][vc_row][vc_column width=&#8220;1\/2&#8243;][vc_column_text]<\/p>\n<h2>Schwimmen in den weiten Gew\u00e4ssern des Seenlandes Saimaa, Finnland<\/h2>\n<p>[\/vc_column_text][vc_column_text]<strong>In Finnland schwimmen: Die Sanftheit des Wassers auf Ihrer Haut. Das Gef\u00fchl der Leichtigkeit. Ger\u00e4usche der Natur. Das Pl\u00e4tschern der Wellen, die Schreie der V\u00f6gel, das Platschen der Fische. D\u00fcfte um Sie herum&#8230;. Eintauchen in den Saimaa<br \/>\n<\/strong><\/p>\n<p>In dem Land der 188 000 Seen gibt es reichlich sch\u00f6ne Badepl\u00e4tze. Sie k\u00f6nnen an den offiziellen Badestr\u00e4nden oder in der wilden Natur schwimmen \u2013 ganz wie Sie m\u00f6chten.<\/p>\n<p><!--more--><\/p>\n<p>\u00d6ffentliche gepflegte Badestr\u00e4nde finden sich in jedem Ort. Die \u00f6ffentlichen Badestr\u00e4nde sind mit Schildern gekennzeichnet und Badestr\u00e4nde gibt es auch an Campingpl\u00e4tzen. Wenn Sie einen H\u00fcttenurlaub machen, haben Sie Ihren Badestrand nur einige Schritte von der Au\u00dfentreppe entfernt.<\/p>\n<h3>Schwimmen in Finnland: am Besten nach der Sauna oder Regen<\/h3>\n<p>Beim Schwimmen in den Naturgew\u00e4ssern begegnen Sie der Natur Auge in Auge \u2013 was spannend, sogar mystisch ist. Probieren Sie das Schwimmen nach der Sauna oder bei Regen, genie\u00dfen Sie das Spiel der Sonne auf den Wellen oder die ruhige Stille der Sommernacht.<\/p>\n<p>F\u00fcr das sehr beliebte \u201eWildschwimmen\u201c finden sich am Saimaa unendlich viele Str\u00e4nde.\u00a0 Entdecken Sie verschiedene Badepl\u00e4tze rund um die Saimaa-Region und teilen Sie mit Freunden. Sie k\u00f6nnen fast \u00fcberall schwimmen gehen, ganz spontan, immer wenn Sie Lust dazu haben.<\/p>\n<p>M\u00f6gen Sie ein sandiges Ufer oder eher einen glatten Felsen? Am Saimaa-See ist beides vorhanden, ebenso wie seichte oder tiefe Ufer, gesch\u00fctzte und auch offenere Stellen. Auf offenen Gew\u00e4ssern ist die Wassertemperatur k\u00fchler als in gesch\u00fctzten Buchten.<\/p>\n<p>Aber denken Sie an Ihre Sicherheit \u2013 niemals alleine schwimmen gehen, vor allem nicht nach der Sauna, dem Essen oder im Hochsommer!<\/p>\n<h3>Saimaa &#8211; ein See mit h\u00f6chster Wasser-Qualit\u00e4t<\/h3>\n<p>Das Wasser von Saimaa ist bekanntlich sehr sauber \u2013 das belegt die Kleine Mar\u00e4ne, der wichtigste Speisefisch von Saimaa und ganz Finnland, auf Finnisch Muikku, die sich nur in sauberen Gew\u00e4ssern wohlf\u00fchlt.<\/p>\n<p>Wasser k\u00f6nnen Sie am Saimaa auch direkt aus dem See trinken. Auch das Schwimmen darin ist ein angenehmes Erlebnis.[\/vc_column_text][\/vc_column][vc_column width=&#8220;1\/2&#8243;][vc_column_text][\/vc_column_text][vc_single_image image=&#8220;19710&#8243; img_size=&#8220;large&#8220; css=&#8220;.vc_custom_1616156430128{padding-top: 20px !important;}&#8220;][\/vc_column][\/vc_row][vc_row][vc_column][vc_column_text]<\/p>\n<h2>Wir empfehlen auch&#8230;<\/h2>\n<p>[\/vc_column_text][\/vc_column][\/vc_row][vc_row][vc_column]<div class=\"posts-list-grid wpb_content_element\">\n                            <div class=\"row no-gutter\"><div class=\"row no-gutter\"><div class=\"col-xs-10 col-sm-5 col-lg-4 col-main row-two \">    <div class=\"post-box post-stub post-1218 page type-page status-publish has-post-thumbnail hentry priority-3\"  data-contentid=\"1:1218\" data-showrelated=\"1\" id=\"finnland-urlaub-outdoor-sommer-1-1218-1\">\n\n        <div class=\"vs_post_thumbnail\" style=\"background-image: url('https:\/\/www.visitsaimaa.fi\/wp-content\/themes\/visitsaimaa2019\/images\/default_visitsaimaa_2016.jpg')\" data-attachment=\"2984-1\"><\/div>\n        <div class=\"image_overlay\"><\/div>\n                \n                <a href=\"https:\/\/www.visitsaimaa.fi\/de\/finnland-urlaub-outdoor-sommer\/\"  class=\"back-to-canonical \" title=\"Finnland Outdoor Urlaub im Sommer: Wo Natur und Abenteuer zu Hause sind\">\n            <span class=\"info\">\n                \n                                <span class=\"h3\">Outdoor-Urlaub am Saimaa<\/span>\n                                            <\/span><!-- \/.info -->\n        <\/a>\n\n    <\/div>\n    <\/div><!-- box-main --><div class=\"col-xs-10 col-sm-5 col-lg-6 col-rest row-two\"><div class=\"row no-gutter\"><div class=\"col-xs-10 col-lg-66\">    <div class=\"post-box post-stub post-708 page type-page status-publish has-post-thumbnail hentry priority-3\"  data-contentid=\"1:708\" data-showrelated=\"1\" id=\"finnland-saimaa-info-1-708-2\">\n\n        <div class=\"vs_post_thumbnail\" style=\"background-image: url('https:\/\/www.visitsaimaa.fi\/wp-content\/themes\/visitsaimaa2019\/images\/default_visitsaimaa_2016.jpg')\" data-attachment=\"248-1\"><\/div>\n        <div class=\"image_overlay\"><\/div>\n                \n                <a href=\"https:\/\/www.visitsaimaa.fi\/de\/finnland-saimaa-info\/\"  class=\"back-to-canonical \" title=\"Saimaa Info &#8211; Wissenswertes \u00fcber die Region\">\n            <span class=\"info\">\n                \n                                <span class=\"h3\">Wissenswertes zum &#8222;Seenland Saimaa&#8220;<\/span>\n                                            <\/span><!-- \/.info -->\n        <\/a>\n\n    <\/div>\n    <\/div><div class=\"col-xs-5 col-lg-33\">    <div class=\"post-box post-stub post-1437 page type-page status-publish has-post-thumbnail hentry priority-3\"  data-contentid=\"1:1437\" data-showrelated=\"1\" id=\"finnland-bootstour-saimaa-1-1437-3\">\n\n        <div class=\"vs_post_thumbnail\" style=\"background-image: url('https:\/\/www.visitsaimaa.fi\/wp-content\/themes\/visitsaimaa2019\/images\/default_visitsaimaa_2016.jpg')\" data-attachment=\"2025-1\"><\/div>\n        <div class=\"image_overlay\"><\/div>\n                \n                <a href=\"https:\/\/www.visitsaimaa.fi\/de\/finnland-bootstour-saimaa\/\"  class=\"back-to-canonical \" title=\"Finnland Bootstour: Auf dem Saimaa unterwegs\">\n            <span class=\"info\">\n                \n                                <span class=\"h3\">Bootstouren auf dem Saimaa<\/span>\n                                            <\/span><!-- \/.info -->\n        <\/a>\n\n    <\/div>\n    <\/div><div class=\"col-xs-5 col-lg-33\">    <div class=\"post-box post-stub post-1977 page type-page status-publish has-post-thumbnail hentry priority-3\"  data-contentid=\"1:1977\" data-showrelated=\"1\" id=\"finnland-urlaub-familie-1-1977-4\">\n\n        <div class=\"vs_post_thumbnail\" style=\"background-image: url('https:\/\/www.visitsaimaa.fi\/wp-content\/themes\/visitsaimaa2019\/images\/default_visitsaimaa_2016.jpg')\" data-attachment=\"3125-1\"><\/div>\n        <div class=\"image_overlay\"><\/div>\n                \n                <a href=\"https:\/\/www.visitsaimaa.fi\/de\/finnland-urlaub-familie\/\"  class=\"back-to-canonical \" title=\"Finnland Urlaub mit der Familie &#8211; sicheres Abenteuer f\u00fcr Kinder im Seenland Saimaa\">\n            <span class=\"info\">\n                \n                                <span class=\"h3\">Familienurlaub im &#8222;Seenland Saimaa&#8220;<\/span>\n                                            <\/span><!-- \/.info -->\n        <\/a>\n\n    <\/div>\n    <\/div><div class=\"col-xs-10 col-lg-66\">    <div class=\"post-box post-stub post-1211 page type-page status-publish has-post-thumbnail hentry priority-3\"  data-contentid=\"1:1211\" data-showrelated=\"1\" id=\"saimaa-urlaub-1-1211-5\">\n\n        <div class=\"vs_post_thumbnail\" style=\"background-image: url('https:\/\/www.visitsaimaa.fi\/wp-content\/themes\/visitsaimaa2019\/images\/default_visitsaimaa_2016.jpg')\" data-attachment=\"4308-1\"><\/div>\n        <div class=\"image_overlay\"><\/div>\n                \n                <a href=\"https:\/\/www.visitsaimaa.fi\/de\/saimaa-urlaub\/\"  class=\"back-to-canonical \" title=\"Saimaa Urlaub Unterk\u00fcnfte\">\n            <span class=\"info\">\n                \n                                <span class=\"h3\">Unterk\u00fcnfte im &#8222;Seenland Saimaa&#8220;<\/span>\n                                            <\/span><!-- \/.info -->\n        <\/a>\n\n    <\/div>\n    <\/div><\/div><!-- row --><\/div><!-- .rest --><\/div><!-- \/.row --><\/div><!-- \/.row -->\n                            <\/div><!--\/.posts-list-grid -->[\/vc_column][\/vc_row]<\/p>\n","protected":false},"excerpt":{"rendered":"<p>[vc_row full_width=&#8220;stretch_row_content_no_spaces&#8220;][vc_column][\/vc_column][\/vc_row][vc_row][vc_column width=&#8220;1\/2&#8243;][vc_column_text] Schwimmen in den weiten Gew\u00e4ssern des Seenlandes Saimaa, Finnland [\/vc_column_text][vc_column_text]In Finnland schwimmen: Die Sanftheit des Wassers auf Ihrer Haut. Das Gef\u00fchl der Leichtigkeit. Ger\u00e4usche der Natur. Das [&hellip;]<\/p>\n","protected":false},"author":2,"featured_media":2208,"parent":0,"menu_order":0,"comment_status":"closed","ping_status":"closed","template":"","meta":{"footnotes":""},"relatedcontent":[],"class_list":{"0":"post-2197","1":"page","2":"type-page","3":"status-publish","4":"has-post-thumbnail","5":"hentry","7":"priority-3"},"yoast_head":"<!-- This site is optimized with the Yoast SEO Premium plugin v27.3 (Yoast SEO v27.5) - https:\/\/yoast.com\/product\/yoast-seo-premium-wordpress\/ -->\n<title>Schwimmen in Finnland - Eintauchen in die weiten Gew\u00e4sser des Saimaa-Sees - Visit Saimaa<\/title>\n<meta name=\"description\" content=\"Felsen, Holzsteg oder Sandstrand. Schwimmen in Finnland ist jedesmal anders. Alle Informationen \u00fcber Schwimmen im Seenland Saimaa.\" \/>\n<meta name=\"robots\" content=\"index, follow, max-snippet:-1, max-image-preview:large, max-video-preview:-1\" \/>\n<link rel=\"canonical\" href=\"https:\/\/www.visitsaimaa.fi\/de\/finnland-schwimmen\/\" \/>\n<meta property=\"og:locale\" content=\"de_DE\" \/>\n<meta property=\"og:type\" content=\"article\" \/>\n<meta property=\"og:title\" content=\"Schwimmen in Finnland - Eintauchen in die weiten Gew\u00e4sser des Saimaa-Sees\" \/>\n<meta property=\"og:description\" content=\"Felsen, Holzsteg oder Sandstrand. Schwimmen in Finnland ist jedesmal anders. Alle Informationen \u00fcber Schwimmen im Seenland Saimaa.\" \/>\n<meta property=\"og:url\" content=\"https:\/\/www.visitsaimaa.fi\/de\/finnland-schwimmen\/\" \/>\n<meta property=\"og:site_name\" content=\"Visit Saimaa\" \/>\n<meta property=\"article:modified_time\" content=\"2021-03-19T12:20:56+00:00\" \/>\n<meta property=\"og:image\" content=\"https:\/\/www.visitsaimaa.fi\/wp-content\/uploads\/2015\/12\/Finnland-Urlaub-Schwimmen.jpg\" \/>\n\t<meta property=\"og:image:width\" content=\"1966\" \/>\n\t<meta property=\"og:image:height\" content=\"1311\" \/>\n\t<meta property=\"og:image:type\" content=\"image\/jpeg\" \/>\n<meta name=\"twitter:label1\" content=\"Gesch\u00e4tzte Lesezeit\" \/>\n\t<meta name=\"twitter:data1\" content=\"2 minutes\" \/>\n<script type=\"application\/ld+json\" class=\"yoast-schema-graph\">{\"@context\":\"https:\\\/\\\/schema.org\",\"@graph\":[{\"@type\":\"WebPage\",\"@id\":\"https:\\\/\\\/www.visitsaimaa.fi\\\/de\\\/finnland-schwimmen\\\/\",\"url\":\"https:\\\/\\\/www.visitsaimaa.fi\\\/de\\\/finnland-schwimmen\\\/\",\"name\":\"Schwimmen in Finnland - Eintauchen in die weiten Gew\u00e4sser des Saimaa-Sees - Visit Saimaa\",\"isPartOf\":{\"@id\":\"https:\\\/\\\/www.visitsaimaa.fi\\\/fi\\\/#website\"},\"primaryImageOfPage\":{\"@id\":\"https:\\\/\\\/www.visitsaimaa.fi\\\/de\\\/finnland-schwimmen\\\/#primaryimage\"},\"image\":{\"@id\":\"https:\\\/\\\/www.visitsaimaa.fi\\\/de\\\/finnland-schwimmen\\\/#primaryimage\"},\"thumbnailUrl\":\"https:\\\/\\\/www.visitsaimaa.fi\\\/wp-content\\\/uploads\\\/2015\\\/12\\\/Finnland-Urlaub-Schwimmen.jpg\",\"datePublished\":\"2015-12-11T08:56:45+00:00\",\"dateModified\":\"2021-03-19T12:20:56+00:00\",\"description\":\"Felsen, Holzsteg oder Sandstrand. Schwimmen in Finnland ist jedesmal anders. Alle Informationen \u00fcber Schwimmen im Seenland Saimaa.\",\"breadcrumb\":{\"@id\":\"https:\\\/\\\/www.visitsaimaa.fi\\\/de\\\/finnland-schwimmen\\\/#breadcrumb\"},\"inLanguage\":\"de-DE\",\"potentialAction\":[{\"@type\":\"ReadAction\",\"target\":[\"https:\\\/\\\/www.visitsaimaa.fi\\\/de\\\/finnland-schwimmen\\\/\"]}]},{\"@type\":\"ImageObject\",\"inLanguage\":\"de-DE\",\"@id\":\"https:\\\/\\\/www.visitsaimaa.fi\\\/de\\\/finnland-schwimmen\\\/#primaryimage\",\"url\":\"https:\\\/\\\/www.visitsaimaa.fi\\\/wp-content\\\/uploads\\\/2015\\\/12\\\/Finnland-Urlaub-Schwimmen.jpg\",\"contentUrl\":\"https:\\\/\\\/www.visitsaimaa.fi\\\/wp-content\\\/uploads\\\/2015\\\/12\\\/Finnland-Urlaub-Schwimmen.jpg\",\"width\":1966,\"height\":1311,\"caption\":\"Schwimmen in Finnland - Eintauchen in die weiten Gew\u00e4sser des Saimaa-Sees\"},{\"@type\":\"BreadcrumbList\",\"@id\":\"https:\\\/\\\/www.visitsaimaa.fi\\\/de\\\/finnland-schwimmen\\\/#breadcrumb\",\"itemListElement\":[{\"@type\":\"ListItem\",\"position\":1,\"name\":\"Visit Saimaa\",\"item\":\"https:\\\/\\\/www.visitsaimaa.fi\\\/de\\\/\"},{\"@type\":\"ListItem\",\"position\":2,\"name\":\"Schwimmen in Finnland &#8211; Eintauchen in die weiten Gew\u00e4sser des Saimaa-Sees\"}]},{\"@type\":\"WebSite\",\"@id\":\"https:\\\/\\\/www.visitsaimaa.fi\\\/fi\\\/#website\",\"url\":\"https:\\\/\\\/www.visitsaimaa.fi\\\/fi\\\/\",\"name\":\"Visit Saimaa\",\"description\":\"The Official Travel Guide of Lakeland Saimaa\",\"potentialAction\":[{\"@type\":\"SearchAction\",\"target\":{\"@type\":\"EntryPoint\",\"urlTemplate\":\"https:\\\/\\\/www.visitsaimaa.fi\\\/fi\\\/?s={search_term_string}\"},\"query-input\":{\"@type\":\"PropertyValueSpecification\",\"valueRequired\":true,\"valueName\":\"search_term_string\"}}],\"inLanguage\":\"de-DE\"}]}<\/script>\n<!-- \/ Yoast SEO Premium plugin. -->","yoast_head_json":{"title":"Schwimmen in Finnland - Eintauchen in die weiten Gew\u00e4sser des Saimaa-Sees - Visit Saimaa","description":"Felsen, Holzsteg oder Sandstrand. Schwimmen in Finnland ist jedesmal anders. Alle Informationen \u00fcber Schwimmen im Seenland Saimaa.","robots":{"index":"index","follow":"follow","max-snippet":"max-snippet:-1","max-image-preview":"max-image-preview:large","max-video-preview":"max-video-preview:-1"},"canonical":"https:\/\/www.visitsaimaa.fi\/de\/finnland-schwimmen\/","og_locale":"de_DE","og_type":"article","og_title":"Schwimmen in Finnland - Eintauchen in die weiten Gew\u00e4sser des Saimaa-Sees","og_description":"Felsen, Holzsteg oder Sandstrand. Schwimmen in Finnland ist jedesmal anders. Alle Informationen \u00fcber Schwimmen im Seenland Saimaa.","og_url":"https:\/\/www.visitsaimaa.fi\/de\/finnland-schwimmen\/","og_site_name":"Visit Saimaa","article_modified_time":"2021-03-19T12:20:56+00:00","og_image":[{"width":1966,"height":1311,"url":"https:\/\/www.visitsaimaa.fi\/wp-content\/uploads\/2015\/12\/Finnland-Urlaub-Schwimmen.jpg","type":"image\/jpeg"}],"twitter_misc":{"Gesch\u00e4tzte Lesezeit":"2 minutes"},"schema":{"@context":"https:\/\/schema.org","@graph":[{"@type":"WebPage","@id":"https:\/\/www.visitsaimaa.fi\/de\/finnland-schwimmen\/","url":"https:\/\/www.visitsaimaa.fi\/de\/finnland-schwimmen\/","name":"Schwimmen in Finnland - Eintauchen in die weiten Gew\u00e4sser des Saimaa-Sees - Visit Saimaa","isPartOf":{"@id":"https:\/\/www.visitsaimaa.fi\/fi\/#website"},"primaryImageOfPage":{"@id":"https:\/\/www.visitsaimaa.fi\/de\/finnland-schwimmen\/#primaryimage"},"image":{"@id":"https:\/\/www.visitsaimaa.fi\/de\/finnland-schwimmen\/#primaryimage"},"thumbnailUrl":"https:\/\/www.visitsaimaa.fi\/wp-content\/uploads\/2015\/12\/Finnland-Urlaub-Schwimmen.jpg","datePublished":"2015-12-11T08:56:45+00:00","dateModified":"2021-03-19T12:20:56+00:00","description":"Felsen, Holzsteg oder Sandstrand. Schwimmen in Finnland ist jedesmal anders. Alle Informationen \u00fcber Schwimmen im Seenland Saimaa.","breadcrumb":{"@id":"https:\/\/www.visitsaimaa.fi\/de\/finnland-schwimmen\/#breadcrumb"},"inLanguage":"de-DE","potentialAction":[{"@type":"ReadAction","target":["https:\/\/www.visitsaimaa.fi\/de\/finnland-schwimmen\/"]}]},{"@type":"ImageObject","inLanguage":"de-DE","@id":"https:\/\/www.visitsaimaa.fi\/de\/finnland-schwimmen\/#primaryimage","url":"https:\/\/www.visitsaimaa.fi\/wp-content\/uploads\/2015\/12\/Finnland-Urlaub-Schwimmen.jpg","contentUrl":"https:\/\/www.visitsaimaa.fi\/wp-content\/uploads\/2015\/12\/Finnland-Urlaub-Schwimmen.jpg","width":1966,"height":1311,"caption":"Schwimmen in Finnland - Eintauchen in die weiten Gew\u00e4sser des Saimaa-Sees"},{"@type":"BreadcrumbList","@id":"https:\/\/www.visitsaimaa.fi\/de\/finnland-schwimmen\/#breadcrumb","itemListElement":[{"@type":"ListItem","position":1,"name":"Visit Saimaa","item":"https:\/\/www.visitsaimaa.fi\/de\/"},{"@type":"ListItem","position":2,"name":"Schwimmen in Finnland &#8211; Eintauchen in die weiten Gew\u00e4sser des Saimaa-Sees"}]},{"@type":"WebSite","@id":"https:\/\/www.visitsaimaa.fi\/fi\/#website","url":"https:\/\/www.visitsaimaa.fi\/fi\/","name":"Visit Saimaa","description":"The Official Travel Guide of Lakeland Saimaa","potentialAction":[{"@type":"SearchAction","target":{"@type":"EntryPoint","urlTemplate":"https:\/\/www.visitsaimaa.fi\/fi\/?s={search_term_string}"},"query-input":{"@type":"PropertyValueSpecification","valueRequired":true,"valueName":"search_term_string"}}],"inLanguage":"de-DE"}]}},"_links":{"self":[{"href":"https:\/\/www.visitsaimaa.fi\/de\/wp-json\/wp\/v2\/pages\/2197","targetHints":{"allow":["GET"]}}],"collection":[{"href":"https:\/\/www.visitsaimaa.fi\/de\/wp-json\/wp\/v2\/pages"}],"about":[{"href":"https:\/\/www.visitsaimaa.fi\/de\/wp-json\/wp\/v2\/types\/page"}],"author":[{"embeddable":true,"href":"https:\/\/www.visitsaimaa.fi\/de\/wp-json\/wp\/v2\/users\/2"}],"replies":[{"embeddable":true,"href":"https:\/\/www.visitsaimaa.fi\/de\/wp-json\/wp\/v2\/comments?post=2197"}],"version-history":[{"count":2,"href":"https:\/\/www.visitsaimaa.fi\/de\/wp-json\/wp\/v2\/pages\/2197\/revisions"}],"predecessor-version":[{"id":19714,"href":"https:\/\/www.visitsaimaa.fi\/de\/wp-json\/wp\/v2\/pages\/2197\/revisions\/19714"}],"wp:featuredmedia":[{"embeddable":true,"href":"https:\/\/www.visitsaimaa.fi\/de\/wp-json\/wp\/v2\/media\/2208"}],"wp:attachment":[{"href":"https:\/\/www.visitsaimaa.fi\/de\/wp-json\/wp\/v2\/media?parent=2197"}],"wp:term":[{"taxonomy":"relatedcontent","embeddable":true,"href":"https:\/\/www.visitsaimaa.fi\/de\/wp-json\/wp\/v2\/relatedcontent?post=2197"}],"curies":[{"name":"wp","href":"https:\/\/api.w.org\/{rel}","templated":true}]}}