{"id":2137,"date":"2015-12-11T11:50:36","date_gmt":"2015-12-11T09:50:36","guid":{"rendered":"https:\/\/www.visitsaimaa.fi\/de\/?page_id=2137"},"modified":"2017-11-28T15:40:41","modified_gmt":"2017-11-28T13:40:41","slug":"finnland-blockhaus-saimaa","status":"publish","type":"page","link":"https:\/\/www.visitsaimaa.fi\/de\/finnland-blockhaus-saimaa\/","title":{"rendered":"Finnland Blockhaus &#8211; Urige \u00dcbernachtungsalternative"},"content":{"rendered":"<p>[vc_row full_width=&#8220;stretch_row_content_no_spaces&#8220;][vc_column]<div class=\"main_header big\">\n    <figure style=\"background-image: url('https:\/\/www.visitsaimaa.fi\/wp-content\/uploads\/2015\/12\/finnland-blockhaus-1920x600.jpg'); background-position: center center;\"><\/figure>\n    <div class=\"main_header_content\" style=\"\">\n        <div class=\"container\">\n            \n<h1 style=\"text-align: center\">\u00dcbernachten wie die Finnen<\/h1>\n<p style=\"text-align: center\">#saimaamoments<\/p>\n    \n        <\/div>\n    <\/div><!-- \/.container -->\n<\/div><!-- \/.main_header -->\n\n[\/vc_column][\/vc_row][vc_row][vc_column width=&#8220;1\/2&#8243;][vc_column_text]<\/p>\n<h2>Finnland Blockhaus im Seenland Saimaa<\/h2>\n<p>[\/vc_column_text][\/vc_column][\/vc_row][vc_row][vc_column width=&#8220;1\/2&#8243;][vc_column_text]<strong>Sie geh\u00f6ren einfach zusammen: Finnland und das Blockhaus. Das traditionelle Finnland Blockhaus verwendet Rundbohlen und verdeckt so nicht die oft sehr sch\u00f6ne Holzform und -maserung. Im Hintergrund der finnische Wald, durch dessen B\u00e4ume ein See schimmert.<\/strong><\/p>\n<p>Die Finnen lieben ihr Blockhaus. Viele Finnen w\u00e4hlen Blockh\u00e4user daher auch als Sommerh\u00fctte. Eine aus Massivholz gebaute H\u00fctte bietet ein gem\u00fctliches, stimmungsvolles und naturnahes Ambiente \u2013 ein Haus, das im Einklang mit der Natur steht.<\/p>\n<h3>Blockh\u00e4user mit allem Komfort<\/h3>\n<p>Auch wenn es sich um eine uralte Bauweise und -form handelt, so kann ein Blockhaus auch mit s\u00e4mtlichem Komfort ausgestattet werden. Strom, moderne K\u00fcche, Innen-WC geh\u00f6ren zur Ausstattung der Mieth\u00fctten. Viele haben auch WLAN.<\/p>\n<p>Nat\u00fcrlich gibt es auch nach wie vor traditionelle einfache H\u00fctten ohne Stromanschluss f\u00fcr G\u00e4ste, die diese Art von Unterkunft bevorzugen.[\/vc_column_text][\/vc_column][vc_column width=&#8220;1\/2&#8243;][vc_column_text]Alle H\u00e4user haben selbstverst\u00e4ndlich eine Sauna &#8211; meist die klassische Holzsauna, die eine viel weichere Luft erzeugt. Den G\u00e4sten steht auch Brennholz zur Verf\u00fcgung.<\/p>\n<h3>Preisniveau der Blockh\u00fctten<\/h3>\n<p>Die Mietpreise f\u00fcr Blockh\u00e4user richten sich ebenfalls nach Ausstattung, Lage und Gr\u00f6\u00dfe und entsprechen in etwa denen f\u00fcr andere H\u00fctten. In der Hauptsaison liegt der Wochenpreis bei 500\u2013800 Euro, in der Nebensaison ist das Preisniveau niedriger. Im Preis sind Strom, Sauna und Brennholz sowie gew\u00f6hnlich auch ein Ruderboot inbegriffen.[\/vc_column_text][\/vc_column][\/vc_row][vc_row][vc_column][vc_column_text]<\/p>\n<h2>Bitte sehen Sie<\/h2>\n<p>[\/vc_column_text][\/vc_column][\/vc_row][vc_row][vc_column]<div class=\"posts-list-grid wpb_content_element\">\n                            <div class=\"row no-gutter\"><div class=\"row no-gutter\"><div class=\"col-xs-10 col-sm-5 col-md-2\">    <div class=\"post-box post-stub post-1267 page type-page status-publish has-post-thumbnail hentry priority-3\"  data-contentid=\"1:1267\" data-showrelated=\"1\" id=\"finnische-seenplatte-ferienhaus-finnland-1-1267-1\">\n\n        <div class=\"vs_post_thumbnail\" style=\"background-image: url('https:\/\/www.visitsaimaa.fi\/wp-content\/themes\/visitsaimaa2019\/images\/default_visitsaimaa_2016.jpg')\" data-attachment=\"1272-1\"><\/div>\n        <div class=\"image_overlay\"><\/div>\n                \n                <a href=\"https:\/\/www.visitsaimaa.fi\/de\/finnische-seenplatte-ferienhaus-finnland\/\"  class=\"back-to-canonical \" title=\"Finnland Ferienhaus Urlaub &#8211; Mein Haus am Wasser\">\n            <span class=\"info\">\n                \n                                <span class=\"h3\">Ferienh\u00e4user im &#8222;Seenland Saimaa&#8220;<\/span>\n                                            <\/span><!-- \/.info -->\n        <\/a>\n\n    <\/div>\n    <\/div><div class=\"col-xs-5 col-sm-5 col-md-2\">    <div class=\"post-box filler social\" style=\"background-color: #3F729B;\">\n        <div class=\"icon\"><\/div>\n                    <div class=\"background-icon\" style=\" background-image: url('https:\/\/www.visitsaimaa.fi\/wp-content\/themes\/visitsaimaa2019\/images\/icons\/instagram-128.png');\" ><\/div>\n        \n        \n                    <a href=\"https:\/\/www.instagram.com\/visitsaimaa.fi\/\" target=\"_blank\" >\n                    <span class=\"info\">\n                                            <\/span>\n                    <\/a>\n        \n    <\/div>\n\n    <\/div><div class=\"col-xs-5 col-sm-5 col-md-2\">    <div class=\"post-box filler \" style=\"background-color: #360032;\">\n        <div class=\"icon\"><\/div>\n                    <div class=\"background-icon\" style=\" background-image: url('');\" ><\/div>\n        \n        \n                    <span class=\"info\">\n                                            <\/span>\n        \n    <\/div>\n\n    <\/div><div class=\"col-xs-5 col-sm-25 col-md-2\">    <div class=\"post-box filler \" style=\"background-color: #450440;\">\n        <div class=\"icon\"><\/div>\n                    <div class=\"background-icon\" style=\" background-image: url('');\" ><\/div>\n        \n        \n                    <span class=\"info\">\n                                            <\/span>\n        \n    <\/div>\n\n    <\/div><div class=\"col-xs-5 col-sm-25 col-md-2\">    <div class=\"post-box filler \" style=\"background-color: #5F385C;\">\n        <div class=\"icon\"><\/div>\n                    <div class=\"background-icon\" style=\" background-image: url('');\" ><\/div>\n        \n        \n                    <span class=\"info\">\n                                            <\/span>\n        \n    <\/div>\n\n    <\/div><\/div><!-- row --><\/div><!-- \/.row -->\n                            <\/div><!--\/.posts-list-grid -->[\/vc_column][\/vc_row][vc_row][vc_column][vc_column_text]<\/p>\n<h2>Wir empfehlen auch&#8230;<\/h2>\n<p>[\/vc_column_text][\/vc_column][\/vc_row][vc_row][vc_column]<div class=\"posts-list-grid wpb_content_element\">\n                            <div class=\"row no-gutter\"><div class=\"row no-gutter\"><div class=\"col-xs-10 col-sm-5 col-lg-4 col-main row-two \">    <div class=\"post-box post-stub post-1213 page type-page status-publish has-post-thumbnail hentry priority-3\"  data-contentid=\"1:1213\" data-showrelated=\"1\" id=\"finnland-urlaub-erlebnisse-1-1213-2\">\n\n        <div class=\"vs_post_thumbnail\" style=\"background-image: url('https:\/\/www.visitsaimaa.fi\/wp-content\/themes\/visitsaimaa2019\/images\/default_visitsaimaa_2016.jpg')\" data-attachment=\"2904-1\"><\/div>\n        <div class=\"image_overlay\"><\/div>\n                \n                <a href=\"https:\/\/www.visitsaimaa.fi\/de\/finnland-urlaub-erlebnisse\/\"  class=\"back-to-canonical \" title=\"Finnland-Urlaub im Seenland Saimaa: weite Natur und spannende Erlebnisse\">\n            <span class=\"info\">\n                \n                                <span class=\"h3\">Weite Natur und Outdoor-Erlebnisse<\/span>\n                                            <\/span><!-- \/.info -->\n        <\/a>\n\n    <\/div>\n    <\/div><!-- box-main --><div class=\"col-xs-10 col-sm-5 col-lg-6 col-rest row-two\"><div class=\"row no-gutter\"><div class=\"col-xs-10 col-lg-66\">    <div class=\"post-box post-stub post-1977 page type-page status-publish has-post-thumbnail hentry priority-3\"  data-contentid=\"1:1977\" data-showrelated=\"1\" id=\"finnland-urlaub-familie-1-1977-3\">\n\n        <div class=\"vs_post_thumbnail\" style=\"background-image: url('https:\/\/www.visitsaimaa.fi\/wp-content\/themes\/visitsaimaa2019\/images\/default_visitsaimaa_2016.jpg')\" data-attachment=\"3125-1\"><\/div>\n        <div class=\"image_overlay\"><\/div>\n                \n                <a href=\"https:\/\/www.visitsaimaa.fi\/de\/finnland-urlaub-familie\/\"  class=\"back-to-canonical \" title=\"Finnland Urlaub mit der Familie &#8211; sicheres Abenteuer f\u00fcr Kinder im Seenland Saimaa\">\n            <span class=\"info\">\n                \n                                <span class=\"h3\">Familienurlaub im &#8222;Seenland Saimaa&#8220;<\/span>\n                                            <\/span><!-- \/.info -->\n        <\/a>\n\n    <\/div>\n    <\/div><div class=\"col-xs-5 col-lg-33\">    <div class=\"post-box post-stub post-1215 page type-page status-publish has-post-thumbnail hentry priority-3\"  data-contentid=\"1:1215\" data-showrelated=\"1\" id=\"finnische-seenplatte-sehenswuerdigkeiten-1-1215-4\">\n\n        <div class=\"vs_post_thumbnail\" style=\"background-image: url('https:\/\/www.visitsaimaa.fi\/wp-content\/themes\/visitsaimaa2019\/images\/default_visitsaimaa_2016.jpg')\" data-attachment=\"5736-1\"><\/div>\n        <div class=\"image_overlay\"><\/div>\n                \n                <a href=\"https:\/\/www.visitsaimaa.fi\/de\/finnische-seenplatte-sehenswuerdigkeiten\/\"  class=\"back-to-canonical \" title=\"Sehensw\u00fcrdigkeiten der finnischen Seenplatte: Kultur und Natur in Harmonie\">\n            <span class=\"info\">\n                \n                                <span class=\"h3\">Kultur &#038; Natur am Saimaa<\/span>\n                                            <\/span><!-- \/.info -->\n        <\/a>\n\n    <\/div>\n    <\/div><div class=\"col-xs-5 col-lg-33\">    <div class=\"post-box post-stub post-1218 page type-page status-publish has-post-thumbnail hentry priority-3\"  data-contentid=\"1:1218\" data-showrelated=\"1\" id=\"finnland-urlaub-outdoor-sommer-1-1218-5\">\n\n        <div class=\"vs_post_thumbnail\" style=\"background-image: url('https:\/\/www.visitsaimaa.fi\/wp-content\/themes\/visitsaimaa2019\/images\/default_visitsaimaa_2016.jpg')\" data-attachment=\"2984-1\"><\/div>\n        <div class=\"image_overlay\"><\/div>\n                \n                <a href=\"https:\/\/www.visitsaimaa.fi\/de\/finnland-urlaub-outdoor-sommer\/\"  class=\"back-to-canonical \" title=\"Finnland Outdoor Urlaub im Sommer: Wo Natur und Abenteuer zu Hause sind\">\n            <span class=\"info\">\n                \n                                <span class=\"h3\">Outdoor-Urlaub am Saimaa<\/span>\n                                            <\/span><!-- \/.info -->\n        <\/a>\n\n    <\/div>\n    <\/div><div class=\"col-xs-10 col-lg-66\">    <div class=\"post-box post-stub post-1211 page type-page status-publish has-post-thumbnail hentry priority-3\"  data-contentid=\"1:1211\" data-showrelated=\"1\" id=\"saimaa-urlaub-1-1211-6\">\n\n        <div class=\"vs_post_thumbnail\" style=\"background-image: url('https:\/\/www.visitsaimaa.fi\/wp-content\/themes\/visitsaimaa2019\/images\/default_visitsaimaa_2016.jpg')\" data-attachment=\"4308-1\"><\/div>\n        <div class=\"image_overlay\"><\/div>\n                \n                <a href=\"https:\/\/www.visitsaimaa.fi\/de\/saimaa-urlaub\/\"  class=\"back-to-canonical \" title=\"Saimaa Urlaub Unterk\u00fcnfte\">\n            <span class=\"info\">\n                \n                                <span class=\"h3\">Unterk\u00fcnfte im &#8222;Seenland Saimaa&#8220;<\/span>\n                                            <\/span><!-- \/.info -->\n        <\/a>\n\n    <\/div>\n    <\/div><\/div><!-- row --><\/div><!-- .rest --><\/div><!-- \/.row --><\/div><!-- \/.row -->\n                            <\/div><!--\/.posts-list-grid -->[\/vc_column][\/vc_row]<\/p>\n","protected":false},"excerpt":{"rendered":"<p>[vc_row full_width=&#8220;stretch_row_content_no_spaces&#8220;][vc_column][\/vc_column][\/vc_row][vc_row][vc_column width=&#8220;1\/2&#8243;][vc_column_text] Finnland Blockhaus im Seenland Saimaa [\/vc_column_text][\/vc_column][\/vc_row][vc_row][vc_column width=&#8220;1\/2&#8243;][vc_column_text]Sie geh\u00f6ren einfach zusammen: Finnland und das Blockhaus. Das traditionelle Finnland Blockhaus verwendet Rundbohlen und verdeckt so nicht die oft sehr [&hellip;]<\/p>\n","protected":false},"author":2,"featured_media":2787,"parent":0,"menu_order":0,"comment_status":"closed","ping_status":"closed","template":"","meta":{"footnotes":""},"relatedcontent":[],"class_list":{"0":"post-2137","1":"page","2":"type-page","3":"status-publish","4":"has-post-thumbnail","5":"hentry","7":"priority-3"},"yoast_head":"<!-- This site is optimized with the Yoast SEO Premium plugin v27.3 (Yoast SEO v27.5) - https:\/\/yoast.com\/product\/yoast-seo-premium-wordpress\/ -->\n<title>Finnland Blockhaus - Urige \u00dcbernachtungsalternative - Visit Saimaa<\/title>\n<meta name=\"description\" content=\"Finnland Blockhaus mieten. Alle Informationen \u00fcber Blockh\u00fctten in Saimaa. Blockh\u00e4user sind die traditionellen Sommerunterk\u00fcnfte der Finnen.\" \/>\n<meta name=\"robots\" content=\"index, follow, max-snippet:-1, max-image-preview:large, max-video-preview:-1\" \/>\n<link rel=\"canonical\" href=\"https:\/\/www.visitsaimaa.fi\/de\/finnland-blockhaus-saimaa\/\" \/>\n<meta property=\"og:locale\" content=\"de_DE\" \/>\n<meta property=\"og:type\" content=\"article\" \/>\n<meta property=\"og:title\" content=\"Finnland Blockhaus - Urige \u00dcbernachtungsalternative\" \/>\n<meta property=\"og:description\" content=\"Finnland Blockhaus mieten. Alle Informationen \u00fcber Blockh\u00fctten in Saimaa. Blockh\u00e4user sind die traditionellen Sommerunterk\u00fcnfte der Finnen.\" \/>\n<meta property=\"og:url\" content=\"https:\/\/www.visitsaimaa.fi\/de\/finnland-blockhaus-saimaa\/\" \/>\n<meta property=\"og:site_name\" content=\"Visit Saimaa\" \/>\n<meta property=\"article:modified_time\" content=\"2017-11-28T13:40:41+00:00\" \/>\n<meta property=\"og:image\" content=\"https:\/\/www.visitsaimaa.fi\/wp-content\/uploads\/2015\/12\/finnland-blockhaus-1024x579.jpg\" \/>\n\t<meta property=\"og:image:width\" content=\"1024\" \/>\n\t<meta property=\"og:image:height\" content=\"579\" \/>\n\t<meta property=\"og:image:type\" content=\"image\/jpeg\" \/>\n<meta name=\"twitter:label1\" content=\"Gesch\u00e4tzte Lesezeit\" \/>\n\t<meta name=\"twitter:data1\" content=\"2 minutes\" \/>\n<script type=\"application\/ld+json\" class=\"yoast-schema-graph\">{\"@context\":\"https:\\\/\\\/schema.org\",\"@graph\":[{\"@type\":\"WebPage\",\"@id\":\"https:\\\/\\\/www.visitsaimaa.fi\\\/de\\\/finnland-blockhaus-saimaa\\\/\",\"url\":\"https:\\\/\\\/www.visitsaimaa.fi\\\/de\\\/finnland-blockhaus-saimaa\\\/\",\"name\":\"Finnland Blockhaus - Urige \u00dcbernachtungsalternative - Visit Saimaa\",\"isPartOf\":{\"@id\":\"https:\\\/\\\/www.visitsaimaa.fi\\\/fi\\\/#website\"},\"primaryImageOfPage\":{\"@id\":\"https:\\\/\\\/www.visitsaimaa.fi\\\/de\\\/finnland-blockhaus-saimaa\\\/#primaryimage\"},\"image\":{\"@id\":\"https:\\\/\\\/www.visitsaimaa.fi\\\/de\\\/finnland-blockhaus-saimaa\\\/#primaryimage\"},\"thumbnailUrl\":\"https:\\\/\\\/www.visitsaimaa.fi\\\/wp-content\\\/uploads\\\/2015\\\/12\\\/finnland-blockhaus.jpg\",\"datePublished\":\"2015-12-11T09:50:36+00:00\",\"dateModified\":\"2017-11-28T13:40:41+00:00\",\"description\":\"Finnland Blockhaus mieten. Alle Informationen \u00fcber Blockh\u00fctten in Saimaa. Blockh\u00e4user sind die traditionellen Sommerunterk\u00fcnfte der Finnen.\",\"breadcrumb\":{\"@id\":\"https:\\\/\\\/www.visitsaimaa.fi\\\/de\\\/finnland-blockhaus-saimaa\\\/#breadcrumb\"},\"inLanguage\":\"de-DE\",\"potentialAction\":[{\"@type\":\"ReadAction\",\"target\":[\"https:\\\/\\\/www.visitsaimaa.fi\\\/de\\\/finnland-blockhaus-saimaa\\\/\"]}]},{\"@type\":\"ImageObject\",\"inLanguage\":\"de-DE\",\"@id\":\"https:\\\/\\\/www.visitsaimaa.fi\\\/de\\\/finnland-blockhaus-saimaa\\\/#primaryimage\",\"url\":\"https:\\\/\\\/www.visitsaimaa.fi\\\/wp-content\\\/uploads\\\/2015\\\/12\\\/finnland-blockhaus.jpg\",\"contentUrl\":\"https:\\\/\\\/www.visitsaimaa.fi\\\/wp-content\\\/uploads\\\/2015\\\/12\\\/finnland-blockhaus.jpg\",\"width\":2000,\"height\":1130,\"caption\":\"Finnland Blockhaus\"},{\"@type\":\"BreadcrumbList\",\"@id\":\"https:\\\/\\\/www.visitsaimaa.fi\\\/de\\\/finnland-blockhaus-saimaa\\\/#breadcrumb\",\"itemListElement\":[{\"@type\":\"ListItem\",\"position\":1,\"name\":\"Visit Saimaa\",\"item\":\"https:\\\/\\\/www.visitsaimaa.fi\\\/de\\\/\"},{\"@type\":\"ListItem\",\"position\":2,\"name\":\"Finnland Blockhaus &#8211; Urige \u00dcbernachtungsalternative\"}]},{\"@type\":\"WebSite\",\"@id\":\"https:\\\/\\\/www.visitsaimaa.fi\\\/fi\\\/#website\",\"url\":\"https:\\\/\\\/www.visitsaimaa.fi\\\/fi\\\/\",\"name\":\"Visit Saimaa\",\"description\":\"The Official Travel Guide of Lakeland Saimaa\",\"potentialAction\":[{\"@type\":\"SearchAction\",\"target\":{\"@type\":\"EntryPoint\",\"urlTemplate\":\"https:\\\/\\\/www.visitsaimaa.fi\\\/fi\\\/?s={search_term_string}\"},\"query-input\":{\"@type\":\"PropertyValueSpecification\",\"valueRequired\":true,\"valueName\":\"search_term_string\"}}],\"inLanguage\":\"de-DE\"}]}<\/script>\n<!-- \/ Yoast SEO Premium plugin. -->","yoast_head_json":{"title":"Finnland Blockhaus - Urige \u00dcbernachtungsalternative - Visit Saimaa","description":"Finnland Blockhaus mieten. Alle Informationen \u00fcber Blockh\u00fctten in Saimaa. Blockh\u00e4user sind die traditionellen Sommerunterk\u00fcnfte der Finnen.","robots":{"index":"index","follow":"follow","max-snippet":"max-snippet:-1","max-image-preview":"max-image-preview:large","max-video-preview":"max-video-preview:-1"},"canonical":"https:\/\/www.visitsaimaa.fi\/de\/finnland-blockhaus-saimaa\/","og_locale":"de_DE","og_type":"article","og_title":"Finnland Blockhaus - Urige \u00dcbernachtungsalternative","og_description":"Finnland Blockhaus mieten. Alle Informationen \u00fcber Blockh\u00fctten in Saimaa. Blockh\u00e4user sind die traditionellen Sommerunterk\u00fcnfte der Finnen.","og_url":"https:\/\/www.visitsaimaa.fi\/de\/finnland-blockhaus-saimaa\/","og_site_name":"Visit Saimaa","article_modified_time":"2017-11-28T13:40:41+00:00","og_image":[{"width":1024,"height":579,"url":"https:\/\/www.visitsaimaa.fi\/wp-content\/uploads\/2015\/12\/finnland-blockhaus-1024x579.jpg","type":"image\/jpeg"}],"twitter_misc":{"Gesch\u00e4tzte Lesezeit":"2 minutes"},"schema":{"@context":"https:\/\/schema.org","@graph":[{"@type":"WebPage","@id":"https:\/\/www.visitsaimaa.fi\/de\/finnland-blockhaus-saimaa\/","url":"https:\/\/www.visitsaimaa.fi\/de\/finnland-blockhaus-saimaa\/","name":"Finnland Blockhaus - Urige \u00dcbernachtungsalternative - Visit Saimaa","isPartOf":{"@id":"https:\/\/www.visitsaimaa.fi\/fi\/#website"},"primaryImageOfPage":{"@id":"https:\/\/www.visitsaimaa.fi\/de\/finnland-blockhaus-saimaa\/#primaryimage"},"image":{"@id":"https:\/\/www.visitsaimaa.fi\/de\/finnland-blockhaus-saimaa\/#primaryimage"},"thumbnailUrl":"https:\/\/www.visitsaimaa.fi\/wp-content\/uploads\/2015\/12\/finnland-blockhaus.jpg","datePublished":"2015-12-11T09:50:36+00:00","dateModified":"2017-11-28T13:40:41+00:00","description":"Finnland Blockhaus mieten. Alle Informationen \u00fcber Blockh\u00fctten in Saimaa. Blockh\u00e4user sind die traditionellen Sommerunterk\u00fcnfte der Finnen.","breadcrumb":{"@id":"https:\/\/www.visitsaimaa.fi\/de\/finnland-blockhaus-saimaa\/#breadcrumb"},"inLanguage":"de-DE","potentialAction":[{"@type":"ReadAction","target":["https:\/\/www.visitsaimaa.fi\/de\/finnland-blockhaus-saimaa\/"]}]},{"@type":"ImageObject","inLanguage":"de-DE","@id":"https:\/\/www.visitsaimaa.fi\/de\/finnland-blockhaus-saimaa\/#primaryimage","url":"https:\/\/www.visitsaimaa.fi\/wp-content\/uploads\/2015\/12\/finnland-blockhaus.jpg","contentUrl":"https:\/\/www.visitsaimaa.fi\/wp-content\/uploads\/2015\/12\/finnland-blockhaus.jpg","width":2000,"height":1130,"caption":"Finnland Blockhaus"},{"@type":"BreadcrumbList","@id":"https:\/\/www.visitsaimaa.fi\/de\/finnland-blockhaus-saimaa\/#breadcrumb","itemListElement":[{"@type":"ListItem","position":1,"name":"Visit Saimaa","item":"https:\/\/www.visitsaimaa.fi\/de\/"},{"@type":"ListItem","position":2,"name":"Finnland Blockhaus &#8211; Urige \u00dcbernachtungsalternative"}]},{"@type":"WebSite","@id":"https:\/\/www.visitsaimaa.fi\/fi\/#website","url":"https:\/\/www.visitsaimaa.fi\/fi\/","name":"Visit Saimaa","description":"The Official Travel Guide of Lakeland Saimaa","potentialAction":[{"@type":"SearchAction","target":{"@type":"EntryPoint","urlTemplate":"https:\/\/www.visitsaimaa.fi\/fi\/?s={search_term_string}"},"query-input":{"@type":"PropertyValueSpecification","valueRequired":true,"valueName":"search_term_string"}}],"inLanguage":"de-DE"}]}},"_links":{"self":[{"href":"https:\/\/www.visitsaimaa.fi\/de\/wp-json\/wp\/v2\/pages\/2137","targetHints":{"allow":["GET"]}}],"collection":[{"href":"https:\/\/www.visitsaimaa.fi\/de\/wp-json\/wp\/v2\/pages"}],"about":[{"href":"https:\/\/www.visitsaimaa.fi\/de\/wp-json\/wp\/v2\/types\/page"}],"author":[{"embeddable":true,"href":"https:\/\/www.visitsaimaa.fi\/de\/wp-json\/wp\/v2\/users\/2"}],"replies":[{"embeddable":true,"href":"https:\/\/www.visitsaimaa.fi\/de\/wp-json\/wp\/v2\/comments?post=2137"}],"version-history":[{"count":0,"href":"https:\/\/www.visitsaimaa.fi\/de\/wp-json\/wp\/v2\/pages\/2137\/revisions"}],"wp:featuredmedia":[{"embeddable":true,"href":"https:\/\/www.visitsaimaa.fi\/de\/wp-json\/wp\/v2\/media\/2787"}],"wp:attachment":[{"href":"https:\/\/www.visitsaimaa.fi\/de\/wp-json\/wp\/v2\/media?parent=2137"}],"wp:term":[{"taxonomy":"relatedcontent","embeddable":true,"href":"https:\/\/www.visitsaimaa.fi\/de\/wp-json\/wp\/v2\/relatedcontent?post=2137"}],"curies":[{"name":"wp","href":"https:\/\/api.w.org\/{rel}","templated":true}]}}