{"id":19839,"date":"2021-03-26T12:57:08","date_gmt":"2021-03-26T10:57:08","guid":{"rendered":"https:\/\/www.visitsaimaa.fi\/?page_id=19839"},"modified":"2021-03-26T13:00:50","modified_gmt":"2021-03-26T11:00:50","slug":"rundreisen-in-der-region-saimaa","status":"publish","type":"page","link":"https:\/\/www.visitsaimaa.fi\/de\/rundreisen-in-der-region-saimaa\/","title":{"rendered":"Rundreisen in der Region Saimaa"},"content":{"rendered":"<p>[vc_row full_width=&#8220;stretch_row_content_no_spaces&#8220;][vc_column]<div class=\"main_header big\">\n    <figure style=\"background-image: url('https:\/\/www.visitsaimaa.fi\/wp-content\/uploads\/2020\/10\/savonlinna-10-2017-1700x600.png'); background-position: center bottom;\"><\/figure>\n    <div class=\"main_header_content\" style=\"\">\n        <div class=\"container\">\n            \n<h1 style=\"text-align: center\">Rundreisen in der Region Saimaa<\/h1>\n<p style=\"text-align: center\">#saimaamoments<\/p>\n    \n        <\/div>\n    <\/div><!-- \/.container -->\n<\/div><!-- \/.main_header -->\n\n[\/vc_column][\/vc_row][vc_row][vc_column width=&#8220;1\/2&#8243;][vc_column_text]<\/p>\n<h2>Die Region Saimaa bei einer Rundreise entdecken<\/h2>\n<p>[\/vc_column_text][vc_column_text]<strong>Der Saimaa See ist sowohl f\u00fcr Besucher als auch f\u00fcr Einheimische ein ganz besonderer Ort. Im Herzen von Europas gr\u00f6\u00dftem Seengebiet gelegen, bietet die Gegend gro\u00dfartige Outdoor-, Urlaubs- und Reisem\u00f6glichkeiten. Und da die Region wirklich viel zu bieten hat, unternimmt man am besten eine Rundreise, um alles zu entdecken.<\/strong><\/p>\n<p>Egal, ob <a href=\"https:\/\/www.visitsaimaa.fi\/de\/aktivurlaub-am-saimaa\/\">Aktivurlaub<\/a> mit spannenden Outdoor-Abenteuern, <a href=\"https:\/\/www.visitsaimaa.fi\/de\/kulturelle-erlebnisse\/\">kulturelle Highlights<\/a> oder eine Rundreise f\u00fcr <a href=\"https:\/\/www.visitsaimaa.fi\/de\/saimaa-fuer-feinschmecker\/\">Feinschmecker<\/a> &#8211; bei unseren Routenvorschl\u00e4gen ist f\u00fcr jeden was dabei.<\/p>\n<h3>Unvergessliche Erlebnisse in der Region Saimaa<\/h3>\n<p>Wer nach ganz besonderen Orten sucht, dem empfehlen wir einen Besuch der Inselgemeinde <a href=\"https:\/\/www.visitsaimaa.fi\/de\/puumala-im-herzen-des-saimaa-sees\/\">Puumala<\/a> oder den Ferienort <a href=\"https:\/\/www.visitsaimaa.fi\/de\/das-lake-spa-und-der-nationalpark-linnansaari\/\">J\u00e4rvisyd\u00e4n samt Nationalpark Linnansaari<\/a>. Auch das <a href=\"https:\/\/www.visitsaimaa.fi\/de\/luxusvilla-kulturerbe\/\">Tertti Anwesen<\/a> ist Pflicht, wenn man in der Region Saimaa unterwegs ist.[\/vc_column_text][\/vc_column][vc_column width=&#8220;1\/2&#8243;][vc_single_image image=&#8220;17188&#8243; img_size=&#8220;large&#8220; css=&#8220;.vc_custom_1616756217401{padding-top: 20px !important;}&#8220;][\/vc_column][\/vc_row][vc_row][vc_column][vc_column_text]<\/p>\n<h2>Rundreisen am Saimaa-See<\/h2>\n<p>[\/vc_column_text][\/vc_column][\/vc_row][vc_row][vc_column]<div class=\"posts-list-grid wpb_content_element\">\n                            <div class=\"row no-gutter\"><div class=\"row no-gutter\"><div class=\"col-xs-10 col-sm-5 col-lg-4 col-main row-two \">    <div class=\"post-box post-stub post-19779 page type-page status-publish has-post-thumbnail hentry\"  data-contentid=\"1:19779\" data-showrelated=\"1\" id=\"das-lake-spa-und-der-nationalpark-linnansaari-1-19779-1\">\n\n        <div class=\"vs_post_thumbnail\" style=\"background-image: url('https:\/\/www.visitsaimaa.fi\/wp-content\/themes\/visitsaimaa2019\/images\/default_visitsaimaa_2016.jpg')\" data-attachment=\"17644-1\"><\/div>\n        <div class=\"image_overlay\"><\/div>\n                \n                <a href=\"https:\/\/www.visitsaimaa.fi\/de\/das-lake-spa-und-der-nationalpark-linnansaari\/\"  class=\"back-to-canonical \" title=\"Das Lake SPA und der Nationalpark Linnansaari\">\n            <span class=\"info\">\n                \n                                <span class=\"h3\">Das Lake SPA und der Nationalpark Linnansaari<\/span>\n                                            <\/span><!-- \/.info -->\n        <\/a>\n\n    <\/div>\n    <\/div><!-- box-main --><div class=\"col-xs-10 col-sm-5 col-lg-6 col-rest row-two\"><div class=\"row no-gutter\"><div class=\"col-xs-5 col-lg-33\">    <div class=\"post-box post-stub post-19775 page type-page status-publish has-post-thumbnail hentry\"  data-contentid=\"1:19775\" data-showrelated=\"1\" id=\"saimaa-fuer-feinschmecker-1-19775-2\">\n\n        <div class=\"vs_post_thumbnail\" style=\"background-image: url('https:\/\/www.visitsaimaa.fi\/wp-content\/themes\/visitsaimaa2019\/images\/default_visitsaimaa_2016.jpg')\" data-attachment=\"14035-1\"><\/div>\n        <div class=\"image_overlay\"><\/div>\n                \n                <a href=\"https:\/\/www.visitsaimaa.fi\/de\/saimaa-fuer-feinschmecker\/\"  class=\"back-to-canonical \" title=\"Saimaa f\u00fcr Feinschmecker\">\n            <span class=\"info\">\n                \n                                <span class=\"h3\">Saimaa f\u00fcr Feinschmecker<\/span>\n                                            <\/span><!-- \/.info -->\n        <\/a>\n\n    <\/div>\n    <\/div><div class=\"col-xs-5 col-lg-33\">    <div class=\"post-box post-stub post-19771 page type-page status-publish has-post-thumbnail hentry\"  data-contentid=\"1:19771\" data-showrelated=\"1\" id=\"aktivurlaub-am-saimaa-1-19771-3\">\n\n        <div class=\"vs_post_thumbnail\" style=\"background-image: url('https:\/\/www.visitsaimaa.fi\/wp-content\/themes\/visitsaimaa2019\/images\/default_visitsaimaa_2016.jpg')\" data-attachment=\"16560-1\"><\/div>\n        <div class=\"image_overlay\"><\/div>\n                \n                <a href=\"https:\/\/www.visitsaimaa.fi\/de\/aktivurlaub-am-saimaa\/\"  class=\"back-to-canonical \" title=\"Aktivurlaub am Saimaa\">\n            <span class=\"info\">\n                \n                                <span class=\"h3\">Aktivurlaub am Saimaa<\/span>\n                                            <\/span><!-- \/.info -->\n        <\/a>\n\n    <\/div>\n    <\/div><div class=\"col-xs-5 col-lg-33\">    <div class=\"post-box filler social\" style=\"background-color: #3B5998;\">\n        <div class=\"icon\"><\/div>\n                    <div class=\"background-icon\" style=\" background-image: url('https:\/\/www.visitsaimaa.fi\/wp-content\/themes\/visitsaimaa2019\/images\/icons\/facebook-128.png');\" ><\/div>\n        \n        \n                    <a href=\"https:\/\/www.facebook.com\/visitsaimaa\/\" target=\"_blank\" >\n                    <span class=\"info\">\n                                            <\/span>\n                    <\/a>\n        \n    <\/div>\n\n    <\/div><div class=\"col-xs-5 col-lg-33\">    <div class=\"post-box post-stub post-19766 page type-page status-publish has-post-thumbnail hentry\"  data-contentid=\"1:19766\" data-showrelated=\"1\" id=\"puumala-im-herzen-des-saimaa-sees-1-19766-4\">\n\n        <div class=\"vs_post_thumbnail\" style=\"background-image: url('https:\/\/www.visitsaimaa.fi\/wp-content\/themes\/visitsaimaa2019\/images\/default_visitsaimaa_2016.jpg')\" data-attachment=\"17691-1\"><\/div>\n        <div class=\"image_overlay\"><\/div>\n                \n                <a href=\"https:\/\/www.visitsaimaa.fi\/de\/puumala-im-herzen-des-saimaa-sees\/\"  class=\"back-to-canonical \" title=\"Puumala &#8211; Im Herzen des Saimaa Sees\">\n            <span class=\"info\">\n                \n                                <span class=\"h3\">Puumala &#8211; Im Herzen des Saimaa Sees<\/span>\n                                            <\/span><!-- \/.info -->\n        <\/a>\n\n    <\/div>\n    <\/div><div class=\"col-xs-10 col-lg-66\">    <div class=\"post-box post-stub post-19742 page type-page status-publish has-post-thumbnail hentry\"  data-contentid=\"1:19742\" data-showrelated=\"1\" id=\"die-saimaa-gastronomy-tour-1-19742-5\">\n\n        <div class=\"vs_post_thumbnail\" style=\"background-image: url('https:\/\/www.visitsaimaa.fi\/wp-content\/themes\/visitsaimaa2019\/images\/default_visitsaimaa_2016.jpg')\" data-attachment=\"17193-1\"><\/div>\n        <div class=\"image_overlay\"><\/div>\n                \n                <a href=\"https:\/\/www.visitsaimaa.fi\/de\/die-saimaa-gastronomy-tour\/\"  class=\"back-to-canonical \" title=\"Die Saimaa Gastronomy Tour\">\n            <span class=\"info\">\n                \n                                <span class=\"h3\">Die Saimaa Gastronomy Tour<\/span>\n                                            <\/span><!-- \/.info -->\n        <\/a>\n\n    <\/div>\n    <\/div><\/div><!-- row --><\/div><!-- .rest --><\/div><!-- \/.row --><div class=\"row no-gutter\"><div class=\"col-xs-10 col-sm-5 col-lg-4 col-main \">    <div class=\"post-box post-stub post-19649 page type-page status-publish has-post-thumbnail hentry\"  data-contentid=\"1:19649\" data-showrelated=\"1\" id=\"hoehepunkte-der-saimaa-wintertour-1-19649-6\">\n\n        <div class=\"vs_post_thumbnail\" style=\"background-image: url('https:\/\/www.visitsaimaa.fi\/wp-content\/themes\/visitsaimaa2019\/images\/default_visitsaimaa_2016.jpg')\" data-attachment=\"19002-1\"><\/div>\n        <div class=\"image_overlay\"><\/div>\n                \n                <a href=\"https:\/\/www.visitsaimaa.fi\/de\/hoehepunkte-der-saimaa-wintertour\/\"  class=\"back-to-canonical \" title=\"H\u00f6hepunkte der Saimaa-Wintertour\">\n            <span class=\"info\">\n                \n                                <span class=\"h3\">H\u00f6hepunkte der Saimaa-Wintertour<\/span>\n                                            <\/span><!-- \/.info -->\n        <\/a>\n\n    <\/div>\n    <\/div><!-- box-main --><div class=\"col-xs-10 col-sm-5 col-lg-6 col-rest row-one\"><div class=\"row no-gutter\"><div class=\"col-xs-10 col-sm-5 col-lg-66\">    <div class=\"post-box post-stub post-19642 page type-page status-publish has-post-thumbnail hentry\"  data-contentid=\"1:19642\" data-showrelated=\"1\" id=\"kulturelle-erlebnisse-1-19642-7\">\n\n        <div class=\"vs_post_thumbnail\" style=\"background-image: url('https:\/\/www.visitsaimaa.fi\/wp-content\/themes\/visitsaimaa2019\/images\/default_visitsaimaa_2016.jpg')\" data-attachment=\"16975-1\"><\/div>\n        <div class=\"image_overlay\"><\/div>\n                \n                <a href=\"https:\/\/www.visitsaimaa.fi\/de\/kulturelle-erlebnisse\/\"  class=\"back-to-canonical \" title=\"Kulturelle Erlebnisse\">\n            <span class=\"info\">\n                \n                                <span class=\"h3\">Kulturelle Erlebnisse<\/span>\n                                            <\/span><!-- \/.info -->\n        <\/a>\n\n    <\/div>\n    <\/div><div class=\"col-xs-10 col-sm-5 col-lg-33\">    <div class=\"post-box post-stub post-19599 page type-page status-publish has-post-thumbnail hentry\"  data-contentid=\"1:19599\" data-showrelated=\"1\" id=\"wunder-des-saimaa-sees-1-19599-8\">\n\n        <div class=\"vs_post_thumbnail\" style=\"background-image: url('https:\/\/www.visitsaimaa.fi\/wp-content\/themes\/visitsaimaa2019\/images\/default_visitsaimaa_2016.jpg')\" data-attachment=\"17263-1\"><\/div>\n        <div class=\"image_overlay\"><\/div>\n                \n                <a href=\"https:\/\/www.visitsaimaa.fi\/de\/wunder-des-saimaa-sees\/\"  class=\"back-to-canonical \" title=\"Die Wunder des Saimaa Sees: 5 Tage Rundreise\">\n            <span class=\"info\">\n                \n                                <span class=\"h3\">Die Wunder des Saimaa Sees: 5 Tage Rundreise<\/span>\n                                            <\/span><!-- \/.info -->\n        <\/a>\n\n    <\/div>\n    <\/div><\/div><!-- row --><\/div><!-- .rest --><\/div><!-- \/.row --><\/div><!-- \/.row -->\n                            <\/div><!--\/.posts-list-grid -->[\/vc_column][\/vc_row]<\/p>\n","protected":false},"excerpt":{"rendered":"<p>[vc_row full_width=&#8220;stretch_row_content_no_spaces&#8220;][vc_column][\/vc_column][\/vc_row][vc_row][vc_column width=&#8220;1\/2&#8243;][vc_column_text] Die Region Saimaa bei einer Rundreise entdecken [\/vc_column_text][vc_column_text]Der Saimaa See ist sowohl f\u00fcr Besucher als auch f\u00fcr Einheimische ein ganz besonderer Ort. Im Herzen von Europas gr\u00f6\u00dftem [&hellip;]<\/p>\n","protected":false},"author":60,"featured_media":0,"parent":0,"menu_order":0,"comment_status":"closed","ping_status":"closed","template":"","meta":{"footnotes":""},"relatedcontent":[],"class_list":["post-19839","page","type-page","status-publish","hentry"],"yoast_head":"<!-- This site is optimized with the Yoast SEO Premium plugin v27.3 (Yoast SEO v27.2) - https:\/\/yoast.com\/product\/yoast-seo-premium-wordpress\/ -->\n<title>Rundreisen in der Region Saimaa - Visit Saimaa<\/title>\n<meta name=\"description\" content=\"Die Region Saimaa bei einer Rundreise entdecken Der Saimaa See ist sowohl f\u00fcr Besucher als auch f\u00fcr Einheimische ein ganz besonderer Ort. Im Herzen von\" \/>\n<meta name=\"robots\" content=\"index, follow, max-snippet:-1, max-image-preview:large, max-video-preview:-1\" \/>\n<link rel=\"canonical\" href=\"https:\/\/www.visitsaimaa.fi\/de\/rundreisen-in-der-region-saimaa\/\" \/>\n<meta property=\"og:locale\" content=\"de_DE\" \/>\n<meta property=\"og:type\" content=\"article\" \/>\n<meta property=\"og:title\" content=\"Rundreisen in der Region Saimaa - Visit Saimaa\" \/>\n<meta property=\"og:description\" content=\"Die Region Saimaa bei einer Rundreise entdecken Der Saimaa See ist sowohl f\u00fcr Besucher als auch f\u00fcr Einheimische ein ganz besonderer Ort. Im Herzen von\" \/>\n<meta property=\"og:url\" content=\"https:\/\/www.visitsaimaa.fi\/de\/rundreisen-in-der-region-saimaa\/\" \/>\n<meta property=\"og:site_name\" content=\"Visit Saimaa\" \/>\n<meta property=\"article:modified_time\" content=\"2021-03-26T11:00:50+00:00\" \/>\n<meta name=\"twitter:label1\" content=\"Gesch\u00e4tzte Lesezeit\" \/>\n\t<meta name=\"twitter:data1\" content=\"2 minutes\" \/>\n<script type=\"application\/ld+json\" class=\"yoast-schema-graph\">{\"@context\":\"https:\/\/schema.org\",\"@graph\":[{\"@type\":\"WebPage\",\"@id\":\"https:\/\/www.visitsaimaa.fi\/de\/rundreisen-in-der-region-saimaa\/\",\"url\":\"https:\/\/www.visitsaimaa.fi\/de\/rundreisen-in-der-region-saimaa\/\",\"name\":\"Rundreisen in der Region Saimaa - Visit Saimaa\",\"isPartOf\":{\"@id\":\"https:\/\/www.visitsaimaa.fi\/fi\/#website\"},\"datePublished\":\"2021-03-26T10:57:08+00:00\",\"dateModified\":\"2021-03-26T11:00:50+00:00\",\"description\":\"Die Region Saimaa bei einer Rundreise entdecken Der Saimaa See ist sowohl f\u00fcr Besucher als auch f\u00fcr Einheimische ein ganz besonderer Ort. Im Herzen von\",\"breadcrumb\":{\"@id\":\"https:\/\/www.visitsaimaa.fi\/de\/rundreisen-in-der-region-saimaa\/#breadcrumb\"},\"inLanguage\":\"de-DE\",\"potentialAction\":[{\"@type\":\"ReadAction\",\"target\":[\"https:\/\/www.visitsaimaa.fi\/de\/rundreisen-in-der-region-saimaa\/\"]}]},{\"@type\":\"BreadcrumbList\",\"@id\":\"https:\/\/www.visitsaimaa.fi\/de\/rundreisen-in-der-region-saimaa\/#breadcrumb\",\"itemListElement\":[{\"@type\":\"ListItem\",\"position\":1,\"name\":\"Visit Saimaa\",\"item\":\"https:\/\/www.visitsaimaa.fi\/de\/\"},{\"@type\":\"ListItem\",\"position\":2,\"name\":\"Rundreisen in der Region Saimaa\"}]},{\"@type\":\"WebSite\",\"@id\":\"https:\/\/www.visitsaimaa.fi\/fi\/#website\",\"url\":\"https:\/\/www.visitsaimaa.fi\/fi\/\",\"name\":\"Visit Saimaa\",\"description\":\"The Official Travel Guide of Lakeland Saimaa\",\"potentialAction\":[{\"@type\":\"SearchAction\",\"target\":{\"@type\":\"EntryPoint\",\"urlTemplate\":\"https:\/\/www.visitsaimaa.fi\/fi\/?s={search_term_string}\"},\"query-input\":{\"@type\":\"PropertyValueSpecification\",\"valueRequired\":true,\"valueName\":\"search_term_string\"}}],\"inLanguage\":\"de-DE\"}]}<\/script>\n<!-- \/ Yoast SEO Premium plugin. -->","yoast_head_json":{"title":"Rundreisen in der Region Saimaa - Visit Saimaa","description":"Die Region Saimaa bei einer Rundreise entdecken Der Saimaa See ist sowohl f\u00fcr Besucher als auch f\u00fcr Einheimische ein ganz besonderer Ort. Im Herzen von","robots":{"index":"index","follow":"follow","max-snippet":"max-snippet:-1","max-image-preview":"max-image-preview:large","max-video-preview":"max-video-preview:-1"},"canonical":"https:\/\/www.visitsaimaa.fi\/de\/rundreisen-in-der-region-saimaa\/","og_locale":"de_DE","og_type":"article","og_title":"Rundreisen in der Region Saimaa - Visit Saimaa","og_description":"Die Region Saimaa bei einer Rundreise entdecken Der Saimaa See ist sowohl f\u00fcr Besucher als auch f\u00fcr Einheimische ein ganz besonderer Ort. Im Herzen von","og_url":"https:\/\/www.visitsaimaa.fi\/de\/rundreisen-in-der-region-saimaa\/","og_site_name":"Visit Saimaa","article_modified_time":"2021-03-26T11:00:50+00:00","twitter_misc":{"Gesch\u00e4tzte Lesezeit":"2 minutes"},"schema":{"@context":"https:\/\/schema.org","@graph":[{"@type":"WebPage","@id":"https:\/\/www.visitsaimaa.fi\/de\/rundreisen-in-der-region-saimaa\/","url":"https:\/\/www.visitsaimaa.fi\/de\/rundreisen-in-der-region-saimaa\/","name":"Rundreisen in der Region Saimaa - Visit Saimaa","isPartOf":{"@id":"https:\/\/www.visitsaimaa.fi\/fi\/#website"},"datePublished":"2021-03-26T10:57:08+00:00","dateModified":"2021-03-26T11:00:50+00:00","description":"Die Region Saimaa bei einer Rundreise entdecken Der Saimaa See ist sowohl f\u00fcr Besucher als auch f\u00fcr Einheimische ein ganz besonderer Ort. Im Herzen von","breadcrumb":{"@id":"https:\/\/www.visitsaimaa.fi\/de\/rundreisen-in-der-region-saimaa\/#breadcrumb"},"inLanguage":"de-DE","potentialAction":[{"@type":"ReadAction","target":["https:\/\/www.visitsaimaa.fi\/de\/rundreisen-in-der-region-saimaa\/"]}]},{"@type":"BreadcrumbList","@id":"https:\/\/www.visitsaimaa.fi\/de\/rundreisen-in-der-region-saimaa\/#breadcrumb","itemListElement":[{"@type":"ListItem","position":1,"name":"Visit Saimaa","item":"https:\/\/www.visitsaimaa.fi\/de\/"},{"@type":"ListItem","position":2,"name":"Rundreisen in der Region Saimaa"}]},{"@type":"WebSite","@id":"https:\/\/www.visitsaimaa.fi\/fi\/#website","url":"https:\/\/www.visitsaimaa.fi\/fi\/","name":"Visit Saimaa","description":"The Official Travel Guide of Lakeland Saimaa","potentialAction":[{"@type":"SearchAction","target":{"@type":"EntryPoint","urlTemplate":"https:\/\/www.visitsaimaa.fi\/fi\/?s={search_term_string}"},"query-input":{"@type":"PropertyValueSpecification","valueRequired":true,"valueName":"search_term_string"}}],"inLanguage":"de-DE"}]}},"_links":{"self":[{"href":"https:\/\/www.visitsaimaa.fi\/de\/wp-json\/wp\/v2\/pages\/19839","targetHints":{"allow":["GET"]}}],"collection":[{"href":"https:\/\/www.visitsaimaa.fi\/de\/wp-json\/wp\/v2\/pages"}],"about":[{"href":"https:\/\/www.visitsaimaa.fi\/de\/wp-json\/wp\/v2\/types\/page"}],"author":[{"embeddable":true,"href":"https:\/\/www.visitsaimaa.fi\/de\/wp-json\/wp\/v2\/users\/60"}],"replies":[{"embeddable":true,"href":"https:\/\/www.visitsaimaa.fi\/de\/wp-json\/wp\/v2\/comments?post=19839"}],"version-history":[{"count":7,"href":"https:\/\/www.visitsaimaa.fi\/de\/wp-json\/wp\/v2\/pages\/19839\/revisions"}],"predecessor-version":[{"id":19850,"href":"https:\/\/www.visitsaimaa.fi\/de\/wp-json\/wp\/v2\/pages\/19839\/revisions\/19850"}],"wp:attachment":[{"href":"https:\/\/www.visitsaimaa.fi\/de\/wp-json\/wp\/v2\/media?parent=19839"}],"wp:term":[{"taxonomy":"relatedcontent","embeddable":true,"href":"https:\/\/www.visitsaimaa.fi\/de\/wp-json\/wp\/v2\/relatedcontent?post=19839"}],"curies":[{"name":"wp","href":"https:\/\/api.w.org\/{rel}","templated":true}]}}