{"id":1983,"date":"2016-05-03T16:51:57","date_gmt":"2016-05-03T13:51:57","guid":{"rendered":"https:\/\/www.visitsaimaa.fi\/de\/?page_id=1983"},"modified":"2020-11-20T09:56:11","modified_gmt":"2020-11-20T07:56:11","slug":"finnland-reise","status":"publish","type":"page","link":"https:\/\/www.visitsaimaa.fi\/de\/finnland-reise\/","title":{"rendered":"Angebote f\u00fcr Ihre Finnland Reise im Seenland Saimaa"},"content":{"rendered":"<p>[vc_row full_width=&#8220;stretch_row_content_no_spaces&#8220;][vc_column] \n<div id=\"vs_carousel-0\" class=\"carousel slide vs_carousel\" data-ride=\"carousel\">\n  \n        <ol class=\"carousel-indicators\">\n                    <li data-target=\"#vs_carousel-0\" data-slide-to=\"0\" class=\"active\"><\/li>\n                    <li data-target=\"#vs_carousel-0\" data-slide-to=\"1\" ><\/li>\n            <\/ol>\n    \n  <!-- Wrapper for slides -->\n  <div class=\"carousel-inner\" role=\"listbox\">\n     \n        <div class=\"item jumbo large-promo main_header active\">\n            <figure style=\"background-image: url('https:\/\/www.visitsaimaa.fi\/wp-content\/uploads\/2015\/11\/finnland-urlaub-erlebnisse-1920x600.jpg');\"><\/figure>\n            <div class=\"main_header_content\">\n                <div class=\"container\">\n                    <h2 class=\"h1\">\n                                                    Die besten Angebote f\u00fcr Ihre Finnland Reise                                            <\/h2>\n                                                            \n                <\/div>\n            <\/div><!-- \/.main_header_content -->\n        <\/div><!-- \/item -->\n     \n        <div class=\"item jumbo large-promo main_header \">\n            <figure style=\"background-image: url('https:\/\/www.visitsaimaa.fi\/wp-content\/uploads\/2015\/12\/finnland-urlaub-wohlbefinde-1920x600.jpg');\"><\/figure>\n            <div class=\"main_header_content\">\n                <div class=\"container\">\n                    <h2 class=\"h1\">\n                                                    Die besten Angebote f\u00fcr Ihre Finnland Reise                                            <\/h2>\n                                                            \n                <\/div>\n            <\/div><!-- \/.main_header_content -->\n        <\/div><!-- \/item -->\n        <\/div><!-- carousel-inner -->\n    \n            <a class=\"left carousel-control\" href=\"#vs_carousel-0\" role=\"button\" data-slide=\"prev\">\n            <span class=\"glyphicon glyphicon-chevron-left\" aria-hidden=\"true\"><\/span>\n            <span class=\"sr-only\">Zur\u00fcck<\/span>\n        <\/a>\n        <a class=\"right carousel-control\" href=\"#vs_carousel-0\" role=\"button\" data-slide=\"next\">\n            <span class=\"glyphicon glyphicon-chevron-right\" aria-hidden=\"true\"><\/span>\n            <span class=\"sr-only\">Weiter<\/span>\n        <\/a>    \n    <\/div><!-- \/carousel -->[\/vc_column][\/vc_row][vc_row][vc_column width=&#8220;1\/2&#8243;][vc_column_text]<\/p>\n<h2>Die besten Angebote f\u00fcr Ihre Reise in das Seenland Saimaa<\/h2>\n<p>[\/vc_column_text][\/vc_column][vc_column width=&#8220;1\/2&#8243;][vc_column_text][\/vc_column_text][\/vc_column][\/vc_row][vc_row][vc_column width=&#8220;1\/2&#8243;][vc_column_text]<strong>Auf dieser Seite finden Sie die besten Angebote f\u00fcr Ihre Reise nach Finnland: Top-Unterk\u00fcnfte und Aktivit\u00e4ten f\u00fcr einen einmaligen Urlaub in sch\u00f6nster Natur!<\/strong><\/p>\n<p>Ob mit der Familie und Kindern, in einer Gruppe, zu Zweit oder allein, jeder Gast findet im Seenland Saimaa das Richtige. Beobachten Sie die ber\u00fchmten Saimaa-Ringelrobben, paddeln Sie durch den Nationalpark oder genie\u00dfen Sie einfach die Ruhe in einer einzigartigen Landschaft. Eine Reise nach Finnland wird so zu Ihrem besonderen Erlebnis![\/vc_column_text][\/vc_column][vc_column width=&#8220;1\/2&#8243;][vc_column_text]Rund um das Seenland Saimma bieten Ihnen kompetente und erfahrene Outdoor-Veranstalter eine Vielzahl an Aktivit\u00e4ten und Erlebnissen. Ausgezeichnete Hotels und Unterk\u00fcnfte stehen Ihnen nicht nur als \u00dcbernachtungsm\u00f6glichkeit zur Verf\u00fcgung, sondern lassen Sie Finnland mit landestypischen Angeboten wie Sauna und lokalen Spezialit\u00e4ten hautnah genie\u00dfen.<\/p>\n<p>\u00dcberzeugen Sie sich selbst und st\u00f6bern Sie durch unsere Angebote![\/vc_column_text][\/vc_column][\/vc_row][vc_row][vc_column]<div class=\"posts-list-grid wpb_content_element no-list-items\"><\/div>[\/vc_column][\/vc_row][vc_row][vc_column][vc_column_text]<\/p>\n<h2>Tipps f\u00fcr mehr Inspiration<\/h2>\n<p>[\/vc_column_text][\/vc_column][\/vc_row][vc_row][vc_column]<div class=\"posts-list-grid wpb_content_element\">\n                            <div class=\"row no-gutter\"><div class=\"row no-gutter\"><div class=\"col-xs-10 col-sm-5 col-lg-4 col-main row-two \">    <div class=\"post-box post-stub has-excerpt post-4404 post type-post status-publish format-standard has-post-thumbnail hentry category-yleinen-de tag-biodiversitaet tag-energie tag-epi tag-luftqualitaet tag-ressourcen tag-umweltgesundheit tag-oekobilanz priority-3\" data-openid=\"finnland-oekobilanz-1-4404-1\" data-contentid=\"1:4404\" data-showrelated=\"1\" id=\"finnland-oekobilanz-1-4404-1\">\n\n        <div class=\"vs_post_thumbnail\" style=\"background-image: url('https:\/\/www.visitsaimaa.fi\/wp-content\/themes\/visitsaimaa2019\/images\/default_visitsaimaa_2016.jpg')\" data-attachment=\"4464-1\"><\/div>\n        <div class=\"image_overlay\"><\/div>\n                \n                <a href=\"https:\/\/www.visitsaimaa.fi\/de\/finnland-oekobilanz\/\"  class=\" get-post-details\" title=\"Finnland \u00d6kobilanz\">\n            <span class=\"info\">\n                \n                                <span class=\"h3\">Finnlands \u00d6kobilanz<\/span>\n                                    <span>Man kann sagen, dass Finnland seine Hausaufgaben..<\/span>\n                                            <\/span><!-- \/.info -->\n        <\/a>\n\n    <\/div>\n    <\/div><!-- box-main --><div class=\"col-xs-10 col-sm-5 col-lg-6 col-rest row-two\"><div class=\"row no-gutter\"><div class=\"col-xs-5 col-lg-33\">    <div class=\"post-box post-stub has-excerpt post-965 post type-post status-publish format-standard has-post-thumbnail hentry category-planen tag-aktivitaeten tag-aktivurlaub tag-finnland tag-kenkaevero tag-mikkeli tag-mikkelipuisto tag-outdoor tag-rundfahrten tag-sternenfahrten priority-3\" data-openid=\"finnland-mikkeli-reisetipps-1-965-2\" data-contentid=\"1:965\" data-showrelated=\"1\" id=\"finnland-mikkeli-reisetipps-1-965-2\">\n\n        <div class=\"vs_post_thumbnail\" style=\"background-image: url('https:\/\/www.visitsaimaa.fi\/wp-content\/themes\/visitsaimaa2019\/images\/default_visitsaimaa_2016.jpg')\" data-attachment=\"1178-1\"><\/div>\n        <div class=\"image_overlay\"><\/div>\n                \n                <a href=\"https:\/\/www.visitsaimaa.fi\/de\/finnland-mikkeli-reisetipps\/\"  class=\" get-post-details\" title=\"Finnland Mikkeli Reisetipps &#8211; Aktivurlaub, Design und Kultur\">\n            <span class=\"info\">\n                \n                                <span class=\"h3\">Reisetipps zu Mikkeli<\/span>\n                                    <span>Die Stadt Mikkeli in Finnland war vor mehr als 6.000 Jahren..<\/span>\n                                            <\/span><!-- \/.info -->\n        <\/a>\n\n    <\/div>\n    <\/div><div class=\"col-xs-5 col-lg-33\">    <div class=\"post-box post-stub has-excerpt post-979 post type-post status-publish format-standard has-post-thumbnail hentry category-planen tag-bootsfahrten tag-boutiquen tag-historische-bootstouren tag-lossiranta-lodge tag-lusto tag-olavinlinna tag-saimaa tag-savonlinna-opera-festival tag-savonlinna-urlaub-reisetipps tag-seenlandschaft tag-seenplatte priority-3\" data-openid=\"finnland-savonlinna-urlaub-reisetipps-1-979-3\" data-contentid=\"1:979\" data-showrelated=\"1\" id=\"finnland-savonlinna-urlaub-reisetipps-1-979-3\">\n\n        <div class=\"vs_post_thumbnail\" style=\"background-image: url('https:\/\/www.visitsaimaa.fi\/wp-content\/themes\/visitsaimaa2019\/images\/default_visitsaimaa_2016.jpg')\" data-attachment=\"1200-1\"><\/div>\n        <div class=\"image_overlay\"><\/div>\n                \n                <a href=\"https:\/\/www.visitsaimaa.fi\/de\/finnland-savonlinna-urlaub-reisetipps\/\"  class=\" get-post-details\" title=\"Savonlinna Urlaub Reisetipps \u2013 Kleinstadt im Herzen Saimaas\">\n            <span class=\"info\">\n                \n                                <span class=\"h3\">Reisetipps zu Savonlinna<\/span>\n                                    <span>Savonlinna ist ein Ort mitten im Seenland von Saimaa..<\/span>\n                                            <\/span><!-- \/.info -->\n        <\/a>\n\n    <\/div>\n    <\/div><div class=\"col-xs-5 col-lg-33\">    <div class=\"post-box post-stub has-excerpt post-2108 post type-post status-publish format-standard has-post-thumbnail hentry category-erlebnisse category-planen category-reisetipps tag-huette tag-mikkeli tag-natur tag-restaurants tag-ruhe tag-saimaa tag-saimaa-ringelrobbe tag-sauna tag-savonlinna tag-savonlinna-opernfestspiele tag-seenlandschaft priority-3\" data-openid=\"10-gruende-fuer-einen-saimaa-besuch-1-2108-4\" data-contentid=\"1:2108\" data-showrelated=\"1\" id=\"10-gruende-fuer-einen-saimaa-besuch-1-2108-4\">\n\n        <div class=\"vs_post_thumbnail\" style=\"background-image: url('https:\/\/www.visitsaimaa.fi\/wp-content\/themes\/visitsaimaa2019\/images\/default_visitsaimaa_2016.jpg')\" data-attachment=\"4560-1\"><\/div>\n        <div class=\"image_overlay\"><\/div>\n                \n                <a href=\"https:\/\/www.visitsaimaa.fi\/de\/10-gruende-fuer-einen-saimaa-besuch\/\"  class=\" get-post-details\" title=\"10 Gr\u00fcnde f\u00fcr einen Saimaa Besuch\">\n            <span class=\"info\">\n                \n                                <span class=\"h3\">Das spricht f\u00fcr den Saimaa<\/span>\n                                    <span>Der Saimaa ist der gr\u00f6\u00dfte See Finnlands..<\/span>\n                                            <\/span><!-- \/.info -->\n        <\/a>\n\n    <\/div>\n    <\/div><div class=\"col-xs-5 col-lg-33\">    <div class=\"post-box post-stub has-excerpt post-711 post type-post status-publish format-standard has-post-thumbnail hentry category-erlebnisse category-natur-erleben-im-sommer category-yleinen-de tag-saimaa-robbben priority-3\" data-openid=\"saimaa-robben-in-finnland-ringelrobbe-1-711-5\" data-contentid=\"1:711\" data-showrelated=\"1\" id=\"saimaa-robben-in-finnland-ringelrobbe-1-711-5\">\n\n        <div class=\"vs_post_thumbnail\" style=\"background-image: url('https:\/\/www.visitsaimaa.fi\/wp-content\/themes\/visitsaimaa2019\/images\/default_visitsaimaa_2016.jpg')\" data-attachment=\"2637-1\"><\/div>\n        <div class=\"image_overlay\"><\/div>\n                \n                <a href=\"https:\/\/www.visitsaimaa.fi\/de\/saimaa-robben-in-finnland-ringelrobbe\/\"  class=\" get-post-details\" title=\"Saimaa Robben in Finnland &#8211; die Ringelrobbe\">\n            <span class=\"info\">\n                \n                                <span class=\"h3\">Die Saimaa-Ringelrobbe<\/span>\n                                    <span>In der Seenlandschaft Saimaa in Finnland lebt die Ringelrobbe..<\/span>\n                                            <\/span><!-- \/.info -->\n        <\/a>\n\n    <\/div>\n    <\/div><div class=\"col-xs-5 col-lg-33\">    <div class=\"post-box post-stub has-excerpt post-3359 post type-post status-publish format-standard has-post-thumbnail hentry category-erlebnisse category-finnland-urlaub-wohlbefinden category-natur-erleben-im-sommer category-reisetipps category-sauna category-yleinen-de tag-finnland tag-johannisfeuer tag-juhanuskokko tag-mittsommer tag-saimaa tag-sauna tag-sommerhaus priority-3\" data-openid=\"finnland-mittsommer-1-3359-6\" data-contentid=\"1:3359\" data-showrelated=\"1\" id=\"finnland-mittsommer-1-3359-6\">\n\n        <div class=\"vs_post_thumbnail\" style=\"background-image: url('https:\/\/www.visitsaimaa.fi\/wp-content\/themes\/visitsaimaa2019\/images\/default_visitsaimaa_2016.jpg')\" data-attachment=\"3407-1\"><\/div>\n        <div class=\"image_overlay\"><\/div>\n                \n                <a href=\"https:\/\/www.visitsaimaa.fi\/de\/finnland-mittsommer\/\"  class=\" get-post-details\" title=\"Finnland Mittsommer im Seenland Saimaa &#8211; ein einzigartiges Erlebnis\">\n            <span class=\"info\">\n                \n                                <span class=\"h3\">Mittsommer am Saimaa<\/span>\n                                    <span>Zur Sommersonnenwende Finnland Mittsommer..<\/span>\n                                            <\/span><!-- \/.info -->\n        <\/a>\n\n    <\/div>\n    <\/div><div class=\"col-xs-5 col-lg-33\">    <div class=\"post-box post-stub post-4586 page type-page status-publish has-post-thumbnail hentry priority-3\"  data-contentid=\"1:4586\" data-showrelated=\"1\" id=\"finnland-rundreisen-1-4586-7\">\n\n        <div class=\"vs_post_thumbnail\" style=\"background-image: url('https:\/\/www.visitsaimaa.fi\/wp-content\/themes\/visitsaimaa2019\/images\/default_visitsaimaa_2016.jpg')\" data-attachment=\"5245-1\"><\/div>\n        <div class=\"image_overlay\"><\/div>\n                \n                <a href=\"https:\/\/www.visitsaimaa.fi\/de\/finnland-rundreisen\/\"  class=\"back-to-canonical \" title=\"Finnland Rundreisen &#8211; Seenland Saimaa auf Rundreisen kennen lernen\">\n            <span class=\"info\">\n                \n                                <span class=\"h3\">Rundreisen im &#8222;Seenland Saimaa&#8220;<\/span>\n                                            <\/span><!-- \/.info -->\n        <\/a>\n\n    <\/div>\n    <\/div><\/div><!-- row --><\/div><!-- .rest --><\/div><!-- \/.row --><\/div><!-- \/.row -->\n                            <\/div><!--\/.posts-list-grid -->[\/vc_column][\/vc_row]<\/p>\n","protected":false},"excerpt":{"rendered":"<p>[vc_row full_width=&#8220;stretch_row_content_no_spaces&#8220;][vc_column][\/vc_column][\/vc_row][vc_row][vc_column width=&#8220;1\/2&#8243;][vc_column_text] Die besten Angebote f\u00fcr Ihre Reise in das Seenland Saimaa [\/vc_column_text][\/vc_column][vc_column width=&#8220;1\/2&#8243;][vc_column_text][\/vc_column_text][\/vc_column][\/vc_row][vc_row][vc_column width=&#8220;1\/2&#8243;][vc_column_text]Auf dieser Seite finden Sie die besten Angebote f\u00fcr Ihre Reise nach Finnland: Top-Unterk\u00fcnfte und [&hellip;]<\/p>\n","protected":false},"author":2,"featured_media":2904,"parent":0,"menu_order":0,"comment_status":"closed","ping_status":"closed","template":"","meta":{"footnotes":""},"relatedcontent":[],"class_list":{"0":"post-1983","1":"page","2":"type-page","3":"status-publish","4":"has-post-thumbnail","5":"hentry","7":"priority-3"},"yoast_head":"<!-- This site is optimized with the Yoast SEO Premium plugin v27.3 (Yoast SEO v27.5) - https:\/\/yoast.com\/product\/yoast-seo-premium-wordpress\/ -->\n<title>Angebote f\u00fcr Ihre Finnland Reise im Seenland Saimaa - Visit Saimaa<\/title>\n<meta name=\"description\" content=\"Eine Finnland Reise im Seenland Saimaa bietet zu jeder Jahreszeit einzigartige Erlebnisse. F\u00fcr jeden Gast findet man im Seenland Saimaa das Richtige.\" \/>\n<meta name=\"robots\" content=\"index, follow, max-snippet:-1, max-image-preview:large, max-video-preview:-1\" \/>\n<link rel=\"canonical\" href=\"https:\/\/www.visitsaimaa.fi\/de\/finnland-reise\/\" \/>\n<meta property=\"og:locale\" content=\"de_DE\" \/>\n<meta property=\"og:type\" content=\"article\" \/>\n<meta property=\"og:title\" content=\"Angebote f\u00fcr Ihre Finnland Reise im Seenland Saimaa\" \/>\n<meta property=\"og:description\" content=\"Eine Finnland Reise im Seenland Saimaa bietet zu jeder Jahreszeit einzigartige Erlebnisse. F\u00fcr jeden Gast findet man im Seenland Saimaa das Richtige.\" \/>\n<meta property=\"og:url\" content=\"https:\/\/www.visitsaimaa.fi\/de\/finnland-reise\/\" \/>\n<meta property=\"og:site_name\" content=\"Visit Saimaa\" \/>\n<meta property=\"article:modified_time\" content=\"2020-11-20T07:56:11+00:00\" \/>\n<meta property=\"og:image\" content=\"https:\/\/www.visitsaimaa.fi\/wp-content\/uploads\/2015\/11\/finnland-urlaub-erlebnisse-1024x682.jpg\" \/>\n\t<meta property=\"og:image:width\" content=\"1024\" \/>\n\t<meta property=\"og:image:height\" content=\"682\" \/>\n\t<meta property=\"og:image:type\" content=\"image\/jpeg\" \/>\n<meta name=\"twitter:label1\" content=\"Gesch\u00e4tzte Lesezeit\" \/>\n\t<meta name=\"twitter:data1\" content=\"1 minute\" \/>\n<script type=\"application\/ld+json\" class=\"yoast-schema-graph\">{\"@context\":\"https:\\\/\\\/schema.org\",\"@graph\":[{\"@type\":\"WebPage\",\"@id\":\"https:\\\/\\\/www.visitsaimaa.fi\\\/de\\\/finnland-reise\\\/\",\"url\":\"https:\\\/\\\/www.visitsaimaa.fi\\\/de\\\/finnland-reise\\\/\",\"name\":\"Angebote f\u00fcr Ihre Finnland Reise im Seenland Saimaa - Visit Saimaa\",\"isPartOf\":{\"@id\":\"https:\\\/\\\/www.visitsaimaa.fi\\\/fi\\\/#website\"},\"primaryImageOfPage\":{\"@id\":\"https:\\\/\\\/www.visitsaimaa.fi\\\/de\\\/finnland-reise\\\/#primaryimage\"},\"image\":{\"@id\":\"https:\\\/\\\/www.visitsaimaa.fi\\\/de\\\/finnland-reise\\\/#primaryimage\"},\"thumbnailUrl\":\"https:\\\/\\\/www.visitsaimaa.fi\\\/wp-content\\\/uploads\\\/2015\\\/11\\\/finnland-urlaub-erlebnisse.jpg\",\"datePublished\":\"2016-05-03T13:51:57+00:00\",\"dateModified\":\"2020-11-20T07:56:11+00:00\",\"description\":\"Eine Finnland Reise im Seenland Saimaa bietet zu jeder Jahreszeit einzigartige Erlebnisse. F\u00fcr jeden Gast findet man im Seenland Saimaa das Richtige.\",\"breadcrumb\":{\"@id\":\"https:\\\/\\\/www.visitsaimaa.fi\\\/de\\\/finnland-reise\\\/#breadcrumb\"},\"inLanguage\":\"de-DE\",\"potentialAction\":[{\"@type\":\"ReadAction\",\"target\":[\"https:\\\/\\\/www.visitsaimaa.fi\\\/de\\\/finnland-reise\\\/\"]}]},{\"@type\":\"ImageObject\",\"inLanguage\":\"de-DE\",\"@id\":\"https:\\\/\\\/www.visitsaimaa.fi\\\/de\\\/finnland-reise\\\/#primaryimage\",\"url\":\"https:\\\/\\\/www.visitsaimaa.fi\\\/wp-content\\\/uploads\\\/2015\\\/11\\\/finnland-urlaub-erlebnisse.jpg\",\"contentUrl\":\"https:\\\/\\\/www.visitsaimaa.fi\\\/wp-content\\\/uploads\\\/2015\\\/11\\\/finnland-urlaub-erlebnisse.jpg\",\"width\":2000,\"height\":1333,\"caption\":\"finnland urlaub erlebnisse\"},{\"@type\":\"BreadcrumbList\",\"@id\":\"https:\\\/\\\/www.visitsaimaa.fi\\\/de\\\/finnland-reise\\\/#breadcrumb\",\"itemListElement\":[{\"@type\":\"ListItem\",\"position\":1,\"name\":\"Visit Saimaa\",\"item\":\"https:\\\/\\\/www.visitsaimaa.fi\\\/de\\\/\"},{\"@type\":\"ListItem\",\"position\":2,\"name\":\"Angebote f\u00fcr Ihre Finnland Reise im Seenland Saimaa\"}]},{\"@type\":\"WebSite\",\"@id\":\"https:\\\/\\\/www.visitsaimaa.fi\\\/fi\\\/#website\",\"url\":\"https:\\\/\\\/www.visitsaimaa.fi\\\/fi\\\/\",\"name\":\"Visit Saimaa\",\"description\":\"The Official Travel Guide of Lakeland Saimaa\",\"potentialAction\":[{\"@type\":\"SearchAction\",\"target\":{\"@type\":\"EntryPoint\",\"urlTemplate\":\"https:\\\/\\\/www.visitsaimaa.fi\\\/fi\\\/?s={search_term_string}\"},\"query-input\":{\"@type\":\"PropertyValueSpecification\",\"valueRequired\":true,\"valueName\":\"search_term_string\"}}],\"inLanguage\":\"de-DE\"}]}<\/script>\n<!-- \/ Yoast SEO Premium plugin. -->","yoast_head_json":{"title":"Angebote f\u00fcr Ihre Finnland Reise im Seenland Saimaa - Visit Saimaa","description":"Eine Finnland Reise im Seenland Saimaa bietet zu jeder Jahreszeit einzigartige Erlebnisse. F\u00fcr jeden Gast findet man im Seenland Saimaa das Richtige.","robots":{"index":"index","follow":"follow","max-snippet":"max-snippet:-1","max-image-preview":"max-image-preview:large","max-video-preview":"max-video-preview:-1"},"canonical":"https:\/\/www.visitsaimaa.fi\/de\/finnland-reise\/","og_locale":"de_DE","og_type":"article","og_title":"Angebote f\u00fcr Ihre Finnland Reise im Seenland Saimaa","og_description":"Eine Finnland Reise im Seenland Saimaa bietet zu jeder Jahreszeit einzigartige Erlebnisse. F\u00fcr jeden Gast findet man im Seenland Saimaa das Richtige.","og_url":"https:\/\/www.visitsaimaa.fi\/de\/finnland-reise\/","og_site_name":"Visit Saimaa","article_modified_time":"2020-11-20T07:56:11+00:00","og_image":[{"width":1024,"height":682,"url":"https:\/\/www.visitsaimaa.fi\/wp-content\/uploads\/2015\/11\/finnland-urlaub-erlebnisse-1024x682.jpg","type":"image\/jpeg"}],"twitter_misc":{"Gesch\u00e4tzte Lesezeit":"1 minute"},"schema":{"@context":"https:\/\/schema.org","@graph":[{"@type":"WebPage","@id":"https:\/\/www.visitsaimaa.fi\/de\/finnland-reise\/","url":"https:\/\/www.visitsaimaa.fi\/de\/finnland-reise\/","name":"Angebote f\u00fcr Ihre Finnland Reise im Seenland Saimaa - Visit Saimaa","isPartOf":{"@id":"https:\/\/www.visitsaimaa.fi\/fi\/#website"},"primaryImageOfPage":{"@id":"https:\/\/www.visitsaimaa.fi\/de\/finnland-reise\/#primaryimage"},"image":{"@id":"https:\/\/www.visitsaimaa.fi\/de\/finnland-reise\/#primaryimage"},"thumbnailUrl":"https:\/\/www.visitsaimaa.fi\/wp-content\/uploads\/2015\/11\/finnland-urlaub-erlebnisse.jpg","datePublished":"2016-05-03T13:51:57+00:00","dateModified":"2020-11-20T07:56:11+00:00","description":"Eine Finnland Reise im Seenland Saimaa bietet zu jeder Jahreszeit einzigartige Erlebnisse. F\u00fcr jeden Gast findet man im Seenland Saimaa das Richtige.","breadcrumb":{"@id":"https:\/\/www.visitsaimaa.fi\/de\/finnland-reise\/#breadcrumb"},"inLanguage":"de-DE","potentialAction":[{"@type":"ReadAction","target":["https:\/\/www.visitsaimaa.fi\/de\/finnland-reise\/"]}]},{"@type":"ImageObject","inLanguage":"de-DE","@id":"https:\/\/www.visitsaimaa.fi\/de\/finnland-reise\/#primaryimage","url":"https:\/\/www.visitsaimaa.fi\/wp-content\/uploads\/2015\/11\/finnland-urlaub-erlebnisse.jpg","contentUrl":"https:\/\/www.visitsaimaa.fi\/wp-content\/uploads\/2015\/11\/finnland-urlaub-erlebnisse.jpg","width":2000,"height":1333,"caption":"finnland urlaub erlebnisse"},{"@type":"BreadcrumbList","@id":"https:\/\/www.visitsaimaa.fi\/de\/finnland-reise\/#breadcrumb","itemListElement":[{"@type":"ListItem","position":1,"name":"Visit Saimaa","item":"https:\/\/www.visitsaimaa.fi\/de\/"},{"@type":"ListItem","position":2,"name":"Angebote f\u00fcr Ihre Finnland Reise im Seenland Saimaa"}]},{"@type":"WebSite","@id":"https:\/\/www.visitsaimaa.fi\/fi\/#website","url":"https:\/\/www.visitsaimaa.fi\/fi\/","name":"Visit Saimaa","description":"The Official Travel Guide of Lakeland Saimaa","potentialAction":[{"@type":"SearchAction","target":{"@type":"EntryPoint","urlTemplate":"https:\/\/www.visitsaimaa.fi\/fi\/?s={search_term_string}"},"query-input":{"@type":"PropertyValueSpecification","valueRequired":true,"valueName":"search_term_string"}}],"inLanguage":"de-DE"}]}},"_links":{"self":[{"href":"https:\/\/www.visitsaimaa.fi\/de\/wp-json\/wp\/v2\/pages\/1983","targetHints":{"allow":["GET"]}}],"collection":[{"href":"https:\/\/www.visitsaimaa.fi\/de\/wp-json\/wp\/v2\/pages"}],"about":[{"href":"https:\/\/www.visitsaimaa.fi\/de\/wp-json\/wp\/v2\/types\/page"}],"author":[{"embeddable":true,"href":"https:\/\/www.visitsaimaa.fi\/de\/wp-json\/wp\/v2\/users\/2"}],"replies":[{"embeddable":true,"href":"https:\/\/www.visitsaimaa.fi\/de\/wp-json\/wp\/v2\/comments?post=1983"}],"version-history":[{"count":0,"href":"https:\/\/www.visitsaimaa.fi\/de\/wp-json\/wp\/v2\/pages\/1983\/revisions"}],"wp:featuredmedia":[{"embeddable":true,"href":"https:\/\/www.visitsaimaa.fi\/de\/wp-json\/wp\/v2\/media\/2904"}],"wp:attachment":[{"href":"https:\/\/www.visitsaimaa.fi\/de\/wp-json\/wp\/v2\/media?parent=1983"}],"wp:term":[{"taxonomy":"relatedcontent","embeddable":true,"href":"https:\/\/www.visitsaimaa.fi\/de\/wp-json\/wp\/v2\/relatedcontent?post=1983"}],"curies":[{"name":"wp","href":"https:\/\/api.w.org\/{rel}","templated":true}]}}