{"id":19822,"date":"2021-03-25T13:24:10","date_gmt":"2021-03-25T11:24:10","guid":{"rendered":"https:\/\/www.visitsaimaa.fi\/?page_id=19822"},"modified":"2021-07-21T17:17:04","modified_gmt":"2021-07-21T14:17:04","slug":"willkommen-region-saimaa","status":"publish","type":"page","link":"https:\/\/www.visitsaimaa.fi\/de\/willkommen-region-saimaa\/","title":{"rendered":"Willkommen in der Region Saimaa"},"content":{"rendered":"<p>[vc_row full_width=&#8220;stretch_row_content_no_spaces&#8220; parallax=&#8220;content-moving-fade&#8220; parallax_image=&#8220;17866&#8243; css=&#8220;.vc_custom_1600271289329{padding-top: 200px !important;padding-bottom: 200px !important;}&#8220;][vc_column][vc_column_text]<\/p>\n<h1 class=\"montserrat\" style=\"text-align: center\"><span style=\"font-size: 5rem;letter-spacing: 0.3em;color: #ffffff\"><span style=\"font-weight: 500\">REGION SAIMAA<\/span><\/span><\/h1>\n<h2 style=\"text-align: center\"><span style=\"color: #ffffff\">#saimaamoments<\/span><\/h2>\n<p>[\/vc_column_text][\/vc_column][\/vc_row][vc_row css=&#8220;.vc_custom_1567421184936{margin-bottom: 50px !important;}&#8220;][vc_column width=&#8220;1\/4&#8243;][\/vc_column][vc_column width=&#8220;1\/2&#8243;][vc_column_text]<\/p>\n<h2 style=\"text-align: center\">Unz\u00e4hlige Inseln, weite Seenlandschaft \u2013 das ist das Saimaa-Seengebiet!<\/h2>\n<p style=\"text-align: center\">Endlich wieder reisen: Wir freuen uns, Sie wieder in Finnland und im Saimaa-Seengebiet begr\u00fc\u00dfen zu d\u00fcrfen. Alle Informationen zu den aktuellen Einreisebestimmungen nach Finnland finden Sie bei <a href=\"https:\/\/www.visitfinland.com\/de\/artikel\/informationen-fuer-reisende-nach-finnland-waehrend-der-corona-pandemie\/\" target=\"_blank\" rel=\"noopener\">Visit Finland<\/a>.<\/p>\n<p style=\"text-align: center\">Finnland ist eine gro\u00dfartige Wahl f\u00fcr die n\u00e4chste Reise!<br \/>\nWussten Sie, dass Finnland laut World Happiness Report bereits zum 4. Mal in Folge das gl\u00fccklichste Land der Welt ist?<br \/>\nIn der wundersch\u00f6nen und einzigartigen Region des Saimaa-Sees haben Sie allen Platz, den Sie brauchen, um Ihren Urlaub abseits der Menschenmassen zu verbringen.<\/p>\n<h3 style=\"text-align: center\">Urlaub an Europas viertgr\u00f6\u00dftem S\u00fc\u00dfwassersee<\/h3>\n<p style=\"text-align: center\">Das au\u00dfergew\u00f6hnlich sch\u00f6ne <a href=\"https:\/\/www.visitsaimaa.fi\/de\/finnland-saimaa-info\/\">Saimaa-Seengebiet<\/a> ist ein beliebtes Reiseziel in Finnland. Der Saimaa ist Finnlands gr\u00f6\u00dfter See und Europas viertgr\u00f6\u00dfter S\u00fc\u00dfwassersee. Laut Wall Street Journal (2014) geh\u00f6rt der Saimaa zu den f\u00fcnf sch\u00f6nsten Seen der Welt.<\/p>\n<p style=\"text-align: center\">Kristallklares Wasser und ein Archipel aus 14.000 Inseln &#8211; der Saimaa ist ein Labyrinth reich an atemberaubender Landschaft und reinster Natur.<\/p>\n<h4 style=\"text-align: center\">Wir freuen uns,<br \/>\nSie wieder in der Region Saimaa zu begr\u00fc\u00dfen!<\/h4>\n<p>[\/vc_column_text][vc_icon icon_fontawesome=&#8220;fas fa-chevron-down&#8220; color=&#8220;black&#8220; align=&#8220;center&#8220; css_animation=&#8220;fadeInDown&#8220;][\/vc_column][vc_column width=&#8220;1\/4&#8243;][\/vc_column][\/vc_row][vc_row equal_height=&#8220;yes&#8220;][vc_column width=&#8220;1\/4&#8243; css=&#8220;.vc_custom_1616661677815{padding-top: 260px !important;padding-bottom: 20px !important;background-image: url(https:\/\/www.visitsaimaa.fi\/wp-content\/uploads\/2019\/10\/VisitSaimaa_OllinmaenViinitila9._sfw.jpg?id=14448) !important;background-position: center !important;background-repeat: no-repeat !important;background-size: cover !important;}&#8220;][vc_btn title=&#8220;Ferienh\u00e4user&#8220; style=&#8220;flat&#8220; shape=&#8220;square&#8220; color=&#8220;black&#8220; size=&#8220;lg&#8220; align=&#8220;center&#8220; el_class=&#8220;btn-saimaa&#8220; link=&#8220;url:https%3A%2F%2Fwww.visitsaimaa.fi%2Fde%2Ffinnische-seenplatte-ferienhaus-finnland%2F|title:Mehr%20dazu&#8220;][\/vc_column][vc_column width=&#8220;1\/4&#8243; css=&#8220;.vc_custom_1616661160932{padding-top: 260px !important;padding-bottom: 20px !important;background-image: url(https:\/\/www.visitsaimaa.fi\/wp-content\/uploads\/2016\/07\/attractions-for-kids-in-Finland-mikkeli-savonlinna-saimaa.jpg?id=10989) !important;background-position: center !important;background-repeat: no-repeat !important;background-size: cover !important;}&#8220;][vc_btn title=&#8220;Jahreszeiten&#8220; style=&#8220;flat&#8220; shape=&#8220;square&#8220; color=&#8220;black&#8220; size=&#8220;lg&#8220; align=&#8220;center&#8220; el_class=&#8220;btn-saimaa&#8220; link=&#8220;url:https%3A%2F%2Fwww.visitsaimaa.fi%2Fde%2Ffinnland-beste-reisezeit-in-saimaa%2F|title:Mehr%20dazu&#8220;][\/vc_column][vc_column width=&#8220;1\/4&#8243; css=&#8220;.vc_custom_1616661214650{padding-top: 260px !important;padding-bottom: 20px !important;background-image: url(https:\/\/www.visitsaimaa.fi\/wp-content\/uploads\/2015\/11\/Sehensw-rdigkeiten-der-finnischen-Seenplatte-savonlinna-opera-saimaa-kullervo.jpg?id=11097) !important;background-position: center !important;background-repeat: no-repeat !important;background-size: cover !important;}&#8220;][vc_btn title=&#8220;Kultur&#8220; style=&#8220;flat&#8220; shape=&#8220;square&#8220; color=&#8220;black&#8220; size=&#8220;lg&#8220; align=&#8220;center&#8220; el_class=&#8220;btn-saimaa&#8220; link=&#8220;url:https%3A%2F%2Fwww.visitsaimaa.fi%2Fde%2Ffinnische-seenplatte-sehenswuerdigkeiten%2F|title:Mehr%20dazu&#8220;][\/vc_column][vc_column width=&#8220;1\/4&#8243; css=&#8220;.vc_custom_1616668156244{padding-top: 260px !important;padding-bottom: 20px !important;background-image: url(https:\/\/www.visitsaimaa.fi\/wp-content\/uploads\/2015\/11\/Seenland-Saimaa-Radfahren.jpg?id=10542) !important;background-position: center !important;background-repeat: no-repeat !important;background-size: cover !important;}&#8220;][vc_btn title=&#8220;Outdoor&#8220; style=&#8220;flat&#8220; shape=&#8220;square&#8220; color=&#8220;black&#8220; size=&#8220;lg&#8220; align=&#8220;center&#8220; el_class=&#8220;btn-saimaa&#8220; link=&#8220;url:https%3A%2F%2Fwww.visitsaimaa.fi%2Fde%2Ffinnland-urlaub-outdoor-sommer%2F|title:Mehr%20dazu&#8220;][\/vc_column][\/vc_row][vc_row][vc_column][vc_empty_space height=&#8220;45px&#8220;][vc_row_inner css=&#8220;.vc_custom_1600685073206{margin-bottom: 80px !important;}&#8220;][vc_column_inner width=&#8220;1\/4&#8243;][vc_empty_space][\/vc_column_inner][vc_column_inner width=&#8220;1\/2&#8243;][vc_column_text]<\/p>\n<h3 style=\"text-align: center\">Die finnische Art Urlaub zu machen<\/h3>\n<p class=\"more-708\" style=\"text-align: center\">Der Saimaa-See ist der perfekte Ort, um die liebste Urlaubsart der Finnen kennenzulernen: Ferienhaus-Urlaub. Hier haben auch viele Finnen ihre <a href=\"https:\/\/www.visitsaimaa.fi\/?page_id=1267\" rel=\"noopener\">Sommerh\u00fctte<\/a>.<\/p>\n<p class=\"more-708\" style=\"text-align: center\">Neben der Hauptstadtregion und Lappland ist das Seenland Saimaa eines der wichtigsten und sch\u00f6nsten Reisegebiete des Landes. Entlang des weitl\u00e4ufigen Ufers des Saimaa-Sees gibt es Zehntausende von H\u00fctten.<\/p>\n<p class=\"more-708\" style=\"text-align: center\">Ganz egal zu welcher <a href=\"https:\/\/www.visitsaimaa.fi\/de\/finnland-beste-reisezeit-in-saimaa\/\">Jahreszeit<\/a>, die Region bietet hervorragende Bedingungen f\u00fcr einen erholsamen H\u00fcttenurlaub inmitten ruhiger Natur. Aber auch eine Vielfalt an kulturellen Angeboten, Aktivit\u00e4ten und <a href=\"https:\/\/www.visitsaimaa.fi\/?page_id=1215\" rel=\"noopener\">Sehensw\u00fcrdigkeiten<\/a> wird geboten.<\/p>\n<p>[\/vc_column_text][\/vc_column_inner][vc_column_inner width=&#8220;1\/4&#8243;][vc_empty_space][\/vc_column_inner][\/vc_row_inner][\/vc_column][\/vc_row][vc_row full_width=&#8220;stretch_row_content_no_spaces&#8220; content_placement=&#8220;top&#8220; parallax=&#8220;content-moving-fade&#8220; parallax_image=&#8220;16917&#8243; css=&#8220;.vc_custom_1616677790288{padding-top: 150px !important;padding-bottom: 150px !important;}&#8220;][vc_column][vc_column_text css_animation=&#8220;fadeInUp&#8220;]<\/p>\n<h2 style=\"text-align: center\"><span style=\"color: #ffffff\">Die Sch\u00f6nheit der Region Saimaa<br \/>\nentdeckt man am besten auf Reisen rund durch die Region<\/span><\/h2>\n<p>[\/vc_column_text][vc_btn title=&#8220;Rundreisen in der Region Saimaa&#8220; style=&#8220;flat&#8220; shape=&#8220;square&#8220; color=&#8220;white&#8220; size=&#8220;lg&#8220; align=&#8220;center&#8220; el_class=&#8220;btn-saimaa&#8220; link=&#8220;url:https%3A%2F%2Fwww.visitsaimaa.fi%2Fde%2Frundreisen-in-der-region-saimaa%2F|target:_blank&#8220;][\/vc_column][\/vc_row][vc_row][vc_column][\/vc_column][\/vc_row][vc_row][vc_column width=&#8220;1\/4&#8243;][vc_empty_space][\/vc_column][vc_column width=&#8220;1\/2&#8243;][vc_column_text]<\/p>\n<h2 style=\"text-align: center\">Highlights im Saimaa-Seengebiet erleben<\/h2>\n<p>[\/vc_column_text][vc_column_text]<\/p>\n<h3 style=\"text-align: center\">Outdoor-Aktivit\u00e4ten im Sommer<\/h3>\n<p style=\"text-align: center\">Der finnische Sommer: Lange Tage, viel Licht und damit beste Bedingungen f\u00fcr einen <a href=\"https:\/\/www.visitsaimaa.fi\/de\/finnland-urlaub-outdoor-sommer\/\">aktiven Urlaub<\/a>. Egal, ob Wandern, Radfahren oder Aktivit\u00e4ten rund ums Wasser &#8211; hier findet jeder das Richtige.<\/p>\n<p>&nbsp;<\/p>\n<h3 style=\"text-align: center\">Seltene Saimaa-Ringelrobbe<\/h3>\n<p class=\"more-708\" style=\"text-align: center\"><a href=\"https:\/\/www.visitsaimaa.fi\/?p=711\" rel=\"noopener\">Die Saimaa-Ringelrobbe<\/a> geh\u00f6rt auf jeden Fall zu den Highlights der Region. Die selten vorkommende S\u00fc\u00dfwasser-Robbenart steht kurz vor dem Aussterben. Sie wurde vor etwa 8 000 Jahren von anderen Robbenarten isoliert, als das Seenland infolge der Landhebung von den Meeresgebieten getrennt wurde.<\/p>\n<p class=\"more-708\" style=\"text-align: center\">Heutzutage gibt es nur noch etwa 310 Tiere. Die werden nat\u00fcrlich stark gesch\u00fctzt. Dank der Schutzma\u00dfnahmen ist der Robbenbestand seit 1979 stabil bzw. leicht zunehmend.<\/p>\n<p style=\"text-align: center\">Wer die Ringelrobben selbst entdecken m\u00f6chte, der hat in den Nationalparks die beste Chance. <a href=\"http:\/\/visitsavonlinna.fi\/de\/products\/linnansaari-nationalpark\/\" rel=\"noopener\">Der Nationalpark Linnansaari\u00a0<\/a>in der Savonlinna-Region ist eines der besten Gebiete, um die Ringelrobben zu entdecken. Zu den anderen wichtigen Lebensr\u00e4umen geh\u00f6ren\u00a0<a href=\"http:\/\/visitsavonlinna.fi\/de\/products\/kolovesi-nationalpark\/\" rel=\"noopener\">der Nationalpark Kolovesi<\/a>\u00a0sowie der Pihlajavesi-See in der Savonlinna-Region.<\/p>\n<p>&nbsp;<\/p>\n<h3 style=\"text-align: center\">Savonlinna Opera Festival<\/h3>\n<p style=\"text-align: center\">Zu den kulturellen Highlights geh\u00f6rt das <a href=\"https:\/\/www.visitsaimaa.fi\/de\/savonlinna-opera-festival\/\">Savonlinna Opera Festival<\/a>. Seit \u00fcber 100 Jahren verwandelt sich j\u00e4hrlich im Juli die mittelalterliche Burg Olavinlinna in einen Schauplatz f\u00fcr das Musiktheater.<\/p>\n<p style=\"text-align: center\">Die Opernfestspiele in Savonlinna sind eine harmonische Kombination von sch\u00f6ner Seenlandschaft, viel gr\u00fcner Natur, Opernauff\u00fchrungen auf Weltniveau und historischer Umgebung der Burg Olavinlinna.<\/p>\n<p>[\/vc_column_text][\/vc_column][vc_column width=&#8220;1\/4&#8243;][vc_empty_space][\/vc_column][\/vc_row][vc_row][vc_column][vc_empty_space height=&#8220;20px&#8220;][\/vc_column][\/vc_row][vc_row][vc_column width=&#8220;1\/2&#8243;][vc_video link=&#8220;https:\/\/www.youtube.com\/watch?v=MOvzmXGURZc&#8220;][\/vc_column][vc_column width=&#8220;1\/2&#8243;][vc_video link=&#8220;https:\/\/www.youtube.com\/watch?v=46pM5V00mv4&#8243;][\/vc_column][\/vc_row][vc_row][vc_column width=&#8220;1\/2&#8243;][vc_cta h2=&#8220;Anreise&#8220; txt_align=&#8220;center&#8220; shape=&#8220;square&#8220; style=&#8220;flat&#8220; color=&#8220;chino&#8220; add_button=&#8220;bottom&#8220; btn_title=&#8220;Informationen&#8220; btn_style=&#8220;flat&#8220; btn_shape=&#8220;square&#8220; btn_color=&#8220;black&#8220; btn_align=&#8220;center&#8220; btn_i_icon_fontawesome=&#8220;fas fa-angle-right&#8220; btn_add_icon=&#8220;true&#8220; btn_link=&#8220;url:https%3A%2F%2Fwww.visitsaimaa.fi%2Fde%2Fsaimaa-anreise%2F|title:Mehr%20dazu&#8220;]<\/p>\n<h5 style=\"text-align: center\">Wie Sie am besten in die Saimaa-Region kommen<\/h5>\n<p>[\/vc_cta][vc_empty_space height=&#8220;45px&#8220;][\/vc_column][vc_column width=&#8220;1\/2&#8243;][vc_cta h2=&#8220;\u00dcber die Region&#8220; txt_align=&#8220;center&#8220; shape=&#8220;square&#8220; style=&#8220;flat&#8220; color=&#8220;chino&#8220; add_button=&#8220;bottom&#8220; btn_title=&#8220;Informationen&#8220; btn_style=&#8220;flat&#8220; btn_shape=&#8220;square&#8220; btn_color=&#8220;black&#8220; btn_align=&#8220;center&#8220; btn_i_icon_fontawesome=&#8220;fas fa-angle-right&#8220; btn_add_icon=&#8220;true&#8220; btn_link=&#8220;url:https%3A%2F%2Fwww.visitsaimaa.fi%2Fde%2Ffinnland-saimaa-info%2F|title:Mehr%20dazu|target:_blank&#8220;]<\/p>\n<h5 style=\"text-align: center\">Die Seenplatte Saimaa ist einzigartig in der Welt<\/h5>\n<p>[\/vc_cta][\/vc_column][\/vc_row][vc_row][vc_column][vc_empty_space height=&#8220;20px&#8220;][\/vc_column][\/vc_row]<\/p>\n","protected":false},"excerpt":{"rendered":"<p>[vc_row full_width=&#8220;stretch_row_content_no_spaces&#8220; parallax=&#8220;content-moving-fade&#8220; parallax_image=&#8220;17866&#8243; css=&#8220;.vc_custom_1600271289329{padding-top: 200px !important;padding-bottom: 200px !important;}&#8220;][vc_column][vc_column_text] REGION SAIMAA #saimaamoments [\/vc_column_text][\/vc_column][\/vc_row][vc_row css=&#8220;.vc_custom_1567421184936{margin-bottom: 50px !important;}&#8220;][vc_column width=&#8220;1\/4&#8243;][\/vc_column][vc_column width=&#8220;1\/2&#8243;][vc_column_text] Unz\u00e4hlige Inseln, weite Seenlandschaft \u2013 das ist das Saimaa-Seengebiet! Endlich wieder reisen: [&hellip;]<\/p>\n","protected":false},"author":60,"featured_media":17868,"parent":0,"menu_order":0,"comment_status":"closed","ping_status":"closed","template":"","meta":{"footnotes":""},"relatedcontent":[],"class_list":["post-19822","page","type-page","status-publish","has-post-thumbnail","hentry"],"yoast_head":"<!-- This site is optimized with the Yoast SEO Premium plugin v27.3 (Yoast SEO v27.2) - https:\/\/yoast.com\/product\/yoast-seo-premium-wordpress\/ -->\n<title>Willkommen im sch\u00f6nen Saimaa-Seengebiet - Visit Saimaa<\/title>\n<meta name=\"description\" content=\"Das Saimaa-Seengebiet ist ein beliebtes Reiseziel in Finnland. Der Saimaa ist Finnlands gr\u00f6\u00dfter See und Europas viertgr\u00f6\u00dfter S\u00fc\u00dfwassersee.\" \/>\n<meta name=\"robots\" content=\"index, follow, max-snippet:-1, max-image-preview:large, max-video-preview:-1\" \/>\n<link rel=\"canonical\" href=\"https:\/\/www.visitsaimaa.fi\/de\/willkommen-region-saimaa\/\" \/>\n<meta property=\"og:locale\" content=\"de_DE\" \/>\n<meta property=\"og:type\" content=\"article\" \/>\n<meta property=\"og:title\" content=\"Willkommen im sch\u00f6nen Saimaa-Seengebiet - Visit Saimaa\" \/>\n<meta property=\"og:description\" content=\"Das Saimaa-Seengebiet ist ein beliebtes Reiseziel in Finnland. Der Saimaa ist Finnlands gr\u00f6\u00dfter See und Europas viertgr\u00f6\u00dfter S\u00fc\u00dfwassersee.\" \/>\n<meta property=\"og:url\" content=\"https:\/\/www.visitsaimaa.fi\/de\/willkommen-region-saimaa\/\" \/>\n<meta property=\"og:site_name\" content=\"Visit Saimaa\" \/>\n<meta property=\"article:modified_time\" content=\"2021-07-21T14:17:04+00:00\" \/>\n<meta property=\"og:image\" content=\"https:\/\/www.visitsaimaa.fi\/wp-content\/uploads\/2020\/09\/Sulkava_Linnavuori_kesa_ilta_DJI_0070_web2-1024x430.png\" \/>\n\t<meta property=\"og:image:width\" content=\"1024\" \/>\n\t<meta property=\"og:image:height\" content=\"430\" \/>\n\t<meta property=\"og:image:type\" content=\"image\/png\" \/>\n<meta name=\"twitter:label1\" content=\"Gesch\u00e4tzte Lesezeit\" \/>\n\t<meta name=\"twitter:data1\" content=\"3 minutes\" \/>\n<script type=\"application\/ld+json\" class=\"yoast-schema-graph\">{\"@context\":\"https:\/\/schema.org\",\"@graph\":[{\"@type\":\"WebPage\",\"@id\":\"https:\/\/www.visitsaimaa.fi\/de\/willkommen-region-saimaa\/\",\"url\":\"https:\/\/www.visitsaimaa.fi\/de\/willkommen-region-saimaa\/\",\"name\":\"Willkommen im sch\u00f6nen Saimaa-Seengebiet - Visit Saimaa\",\"isPartOf\":{\"@id\":\"https:\/\/www.visitsaimaa.fi\/fi\/#website\"},\"primaryImageOfPage\":{\"@id\":\"https:\/\/www.visitsaimaa.fi\/de\/willkommen-region-saimaa\/#primaryimage\"},\"image\":{\"@id\":\"https:\/\/www.visitsaimaa.fi\/de\/willkommen-region-saimaa\/#primaryimage\"},\"thumbnailUrl\":\"https:\/\/www.visitsaimaa.fi\/wp-content\/uploads\/2020\/09\/Sulkava_Linnavuori_kesa_ilta_DJI_0070_web2.png\",\"datePublished\":\"2021-03-25T11:24:10+00:00\",\"dateModified\":\"2021-07-21T14:17:04+00:00\",\"description\":\"Das Saimaa-Seengebiet ist ein beliebtes Reiseziel in Finnland. Der Saimaa ist Finnlands gr\u00f6\u00dfter See und Europas viertgr\u00f6\u00dfter S\u00fc\u00dfwassersee.\",\"breadcrumb\":{\"@id\":\"https:\/\/www.visitsaimaa.fi\/de\/willkommen-region-saimaa\/#breadcrumb\"},\"inLanguage\":\"de-DE\",\"potentialAction\":[{\"@type\":\"ReadAction\",\"target\":[\"https:\/\/www.visitsaimaa.fi\/de\/willkommen-region-saimaa\/\"]}]},{\"@type\":\"ImageObject\",\"inLanguage\":\"de-DE\",\"@id\":\"https:\/\/www.visitsaimaa.fi\/de\/willkommen-region-saimaa\/#primaryimage\",\"url\":\"https:\/\/www.visitsaimaa.fi\/wp-content\/uploads\/2020\/09\/Sulkava_Linnavuori_kesa_ilta_DJI_0070_web2.png\",\"contentUrl\":\"https:\/\/www.visitsaimaa.fi\/wp-content\/uploads\/2020\/09\/Sulkava_Linnavuori_kesa_ilta_DJI_0070_web2.png\",\"width\":2000,\"height\":839,\"caption\":\"Saimaa-Seengebiet\"},{\"@type\":\"BreadcrumbList\",\"@id\":\"https:\/\/www.visitsaimaa.fi\/de\/willkommen-region-saimaa\/#breadcrumb\",\"itemListElement\":[{\"@type\":\"ListItem\",\"position\":1,\"name\":\"Visit Saimaa\",\"item\":\"https:\/\/www.visitsaimaa.fi\/de\/\"},{\"@type\":\"ListItem\",\"position\":2,\"name\":\"Willkommen in der Region Saimaa\"}]},{\"@type\":\"WebSite\",\"@id\":\"https:\/\/www.visitsaimaa.fi\/fi\/#website\",\"url\":\"https:\/\/www.visitsaimaa.fi\/fi\/\",\"name\":\"Visit Saimaa\",\"description\":\"The Official Travel Guide of Lakeland Saimaa\",\"potentialAction\":[{\"@type\":\"SearchAction\",\"target\":{\"@type\":\"EntryPoint\",\"urlTemplate\":\"https:\/\/www.visitsaimaa.fi\/fi\/?s={search_term_string}\"},\"query-input\":{\"@type\":\"PropertyValueSpecification\",\"valueRequired\":true,\"valueName\":\"search_term_string\"}}],\"inLanguage\":\"de-DE\"}]}<\/script>\n<!-- \/ Yoast SEO Premium plugin. -->","yoast_head_json":{"title":"Willkommen im sch\u00f6nen Saimaa-Seengebiet - Visit Saimaa","description":"Das Saimaa-Seengebiet ist ein beliebtes Reiseziel in Finnland. Der Saimaa ist Finnlands gr\u00f6\u00dfter See und Europas viertgr\u00f6\u00dfter S\u00fc\u00dfwassersee.","robots":{"index":"index","follow":"follow","max-snippet":"max-snippet:-1","max-image-preview":"max-image-preview:large","max-video-preview":"max-video-preview:-1"},"canonical":"https:\/\/www.visitsaimaa.fi\/de\/willkommen-region-saimaa\/","og_locale":"de_DE","og_type":"article","og_title":"Willkommen im sch\u00f6nen Saimaa-Seengebiet - Visit Saimaa","og_description":"Das Saimaa-Seengebiet ist ein beliebtes Reiseziel in Finnland. Der Saimaa ist Finnlands gr\u00f6\u00dfter See und Europas viertgr\u00f6\u00dfter S\u00fc\u00dfwassersee.","og_url":"https:\/\/www.visitsaimaa.fi\/de\/willkommen-region-saimaa\/","og_site_name":"Visit Saimaa","article_modified_time":"2021-07-21T14:17:04+00:00","og_image":[{"width":1024,"height":430,"url":"https:\/\/www.visitsaimaa.fi\/wp-content\/uploads\/2020\/09\/Sulkava_Linnavuori_kesa_ilta_DJI_0070_web2-1024x430.png","type":"image\/png"}],"twitter_misc":{"Gesch\u00e4tzte Lesezeit":"3 minutes"},"schema":{"@context":"https:\/\/schema.org","@graph":[{"@type":"WebPage","@id":"https:\/\/www.visitsaimaa.fi\/de\/willkommen-region-saimaa\/","url":"https:\/\/www.visitsaimaa.fi\/de\/willkommen-region-saimaa\/","name":"Willkommen im sch\u00f6nen Saimaa-Seengebiet - Visit Saimaa","isPartOf":{"@id":"https:\/\/www.visitsaimaa.fi\/fi\/#website"},"primaryImageOfPage":{"@id":"https:\/\/www.visitsaimaa.fi\/de\/willkommen-region-saimaa\/#primaryimage"},"image":{"@id":"https:\/\/www.visitsaimaa.fi\/de\/willkommen-region-saimaa\/#primaryimage"},"thumbnailUrl":"https:\/\/www.visitsaimaa.fi\/wp-content\/uploads\/2020\/09\/Sulkava_Linnavuori_kesa_ilta_DJI_0070_web2.png","datePublished":"2021-03-25T11:24:10+00:00","dateModified":"2021-07-21T14:17:04+00:00","description":"Das Saimaa-Seengebiet ist ein beliebtes Reiseziel in Finnland. Der Saimaa ist Finnlands gr\u00f6\u00dfter See und Europas viertgr\u00f6\u00dfter S\u00fc\u00dfwassersee.","breadcrumb":{"@id":"https:\/\/www.visitsaimaa.fi\/de\/willkommen-region-saimaa\/#breadcrumb"},"inLanguage":"de-DE","potentialAction":[{"@type":"ReadAction","target":["https:\/\/www.visitsaimaa.fi\/de\/willkommen-region-saimaa\/"]}]},{"@type":"ImageObject","inLanguage":"de-DE","@id":"https:\/\/www.visitsaimaa.fi\/de\/willkommen-region-saimaa\/#primaryimage","url":"https:\/\/www.visitsaimaa.fi\/wp-content\/uploads\/2020\/09\/Sulkava_Linnavuori_kesa_ilta_DJI_0070_web2.png","contentUrl":"https:\/\/www.visitsaimaa.fi\/wp-content\/uploads\/2020\/09\/Sulkava_Linnavuori_kesa_ilta_DJI_0070_web2.png","width":2000,"height":839,"caption":"Saimaa-Seengebiet"},{"@type":"BreadcrumbList","@id":"https:\/\/www.visitsaimaa.fi\/de\/willkommen-region-saimaa\/#breadcrumb","itemListElement":[{"@type":"ListItem","position":1,"name":"Visit Saimaa","item":"https:\/\/www.visitsaimaa.fi\/de\/"},{"@type":"ListItem","position":2,"name":"Willkommen in der Region Saimaa"}]},{"@type":"WebSite","@id":"https:\/\/www.visitsaimaa.fi\/fi\/#website","url":"https:\/\/www.visitsaimaa.fi\/fi\/","name":"Visit Saimaa","description":"The Official Travel Guide of Lakeland Saimaa","potentialAction":[{"@type":"SearchAction","target":{"@type":"EntryPoint","urlTemplate":"https:\/\/www.visitsaimaa.fi\/fi\/?s={search_term_string}"},"query-input":{"@type":"PropertyValueSpecification","valueRequired":true,"valueName":"search_term_string"}}],"inLanguage":"de-DE"}]}},"_links":{"self":[{"href":"https:\/\/www.visitsaimaa.fi\/de\/wp-json\/wp\/v2\/pages\/19822","targetHints":{"allow":["GET"]}}],"collection":[{"href":"https:\/\/www.visitsaimaa.fi\/de\/wp-json\/wp\/v2\/pages"}],"about":[{"href":"https:\/\/www.visitsaimaa.fi\/de\/wp-json\/wp\/v2\/types\/page"}],"author":[{"embeddable":true,"href":"https:\/\/www.visitsaimaa.fi\/de\/wp-json\/wp\/v2\/users\/60"}],"replies":[{"embeddable":true,"href":"https:\/\/www.visitsaimaa.fi\/de\/wp-json\/wp\/v2\/comments?post=19822"}],"version-history":[{"count":26,"href":"https:\/\/www.visitsaimaa.fi\/de\/wp-json\/wp\/v2\/pages\/19822\/revisions"}],"predecessor-version":[{"id":23202,"href":"https:\/\/www.visitsaimaa.fi\/de\/wp-json\/wp\/v2\/pages\/19822\/revisions\/23202"}],"wp:featuredmedia":[{"embeddable":true,"href":"https:\/\/www.visitsaimaa.fi\/de\/wp-json\/wp\/v2\/media\/17868"}],"wp:attachment":[{"href":"https:\/\/www.visitsaimaa.fi\/de\/wp-json\/wp\/v2\/media?parent=19822"}],"wp:term":[{"taxonomy":"relatedcontent","embeddable":true,"href":"https:\/\/www.visitsaimaa.fi\/de\/wp-json\/wp\/v2\/relatedcontent?post=19822"}],"curies":[{"name":"wp","href":"https:\/\/api.w.org\/{rel}","templated":true}]}}