{"id":19779,"date":"2021-03-24T11:43:56","date_gmt":"2021-03-24T09:43:56","guid":{"rendered":"https:\/\/www.visitsaimaa.fi\/?page_id=19779"},"modified":"2024-03-18T14:22:52","modified_gmt":"2024-03-18T12:22:52","slug":"das-lake-spa-und-der-nationalpark-linnansaari","status":"publish","type":"page","link":"https:\/\/www.visitsaimaa.fi\/de\/das-lake-spa-und-der-nationalpark-linnansaari\/","title":{"rendered":"Das Lake SPA und der Nationalpark Linnansaari"},"content":{"rendered":"<p>[vc_row full_width=&#8220;stretch_row_content_no_spaces&#8220; full_height=&#8220;yes&#8220; parallax=&#8220;content-moving-fade&#8220; parallax_image=&#8220;17642&#8243;][vc_column][vc_column_text]<\/p>\n<h2 class=\"montserrat\" style=\"text-align: center\"><strong><span style=\"color: #ffffff;font-size: 5rem;letter-spacing: .3em\"> Das Lake SPA\u2028&amp;<br \/>\nder Nationalpark Linnansaari <\/span><\/strong><\/h2>\n<p>[\/vc_column_text][\/vc_column][\/vc_row][vc_row css=&#8220;.vc_custom_1596089572144{margin-right: 200px !important;margin-left: 200px !important;}&#8220;][vc_column width=&#8220;1\/2&#8243;][vc_custom_heading text=&#8220;Erleben Sie das einzigartige Lake SPA<br \/>\nund den Nationalpark Linnansaari&#8220; font_container=&#8220;tag:h2|text_align:center&#8220;][vc_empty_space][\/vc_column][vc_column width=&#8220;1\/2&#8243;][vc_empty_space][vc_column_text]<\/p>\n<p class=\"p1\"><b>Linnansaari<\/b>, im Herzen des finnischen Seengebiets, ist ein idealer Ort, um seltene Robben und majest\u00e4tische Fischadler zu beobachten. Die Gew\u00e4sser des Parks sind mit \u00fcppig gr\u00fcnen Inseln und felsigen Sch\u00e4ren \u00fcbers\u00e4t. Auf dem kleinen Hof von Linnansaari (Linnansaari Croft) werden die traditionellen Methoden der Brandrodung bis heute bewahrt. Die Landschaft des Seengebiets ist das ganze Jahr \u00fcber ein absoluter Genuss.<\/p>\n<p>[\/vc_column_text][\/vc_column][\/vc_row][vc_row css=&#8220;.vc_custom_1596089772051{margin-right: 200px !important;margin-left: 200px !important;}&#8220;][vc_column][vc_single_image image=&#8220;17618&#8243; img_size=&#8220;full&#8220; alignment=&#8220;center&#8220;][\/vc_column][\/vc_row][vc_row css=&#8220;.vc_custom_1596089572144{margin-right: 200px !important;margin-left: 200px !important;}&#8220;][vc_column][vc_column_text]<\/p>\n<p class=\"p1\"><b>Sie suchen eine einzigartige Unterkunft mit guten M\u00f6glichkeiten f\u00fcr einen Aktivurlaub? Besuchen Sie den Ferienort J\u00e4rvisyd\u00e4n sowie den gro\u00dfartigen Nationalpark Linnansaari mit seiner weltber\u00fchmten Saimaa-Ringelrobbe<\/b><\/p>\n<p class=\"p1\">Bereits seit dem Jahr 1685 bietet die Familie Heiskanen Reisenden, die Porosalmi am n\u00f6rdlichen Teil des sch\u00f6nen Saimaa-Sees besuchen, herzliche Gastfreundschaft und vielf\u00e4ltigen Service. Ausschlaggebend f\u00fcr die Gr\u00fcndung des Kurortes war einst eine Vereinbarung zwischen dem Zaren von Russland und dem K\u00f6nig von Schweden, eine Stra\u00dfe (im Winter auf dem Eis) durch Finnland zu bauen und instand zu halten. Damals wurde festgelegt, dass in Abst\u00e4nden von 30 km entlang des Weges ein Posten zur F\u00fctterung der Pferde und zur Unterbringung der Reisenden eingerichtet werden musste. Porosalmi befand sich zuf\u00e4llig an einem dieser Orte.<\/p>\n<p>[\/vc_column_text][\/vc_column][\/vc_row][vc_row css=&#8220;.vc_custom_1596089572144{margin-right: 200px !important;margin-left: 200px !important;}&#8220;][vc_column width=&#8220;2\/3&#8243;][vc_column_text]<\/p>\n<p class=\"p1\"><b>Ankunft in der Region Saimaa, Unterkunft in J\u00e4rvisyd\u00e4n und vollste Entspannung im umweltfreundlichen Lake Spa<\/b><\/p>\n<p class=\"p1\">J\u00e4rvisyd\u00e4n liegt in der N\u00e4he der Stadt Savonlinna und ihrer ber\u00fchmten Burg Olavinlinna. Sie erreichen J\u00e4rvisyd\u00e4n, indem Sie nach Helsinki fliegen und von dort aus mit einem Mietwagen weiterreisen oder indem Sie einen Flug von Helsinki nach Savonlinna nehmen. J\u00e4rvisyd\u00e4n organisiert Transfers vom und zum Flughafen Savonlinna (Vorbuchung erforderlich).<\/p>\n<p class=\"p1\">Das <b>Lake Spa in J\u00e4rvisyd\u00e4n<\/b> bietet Ihnen ein ganz neuartiges Wellness-Erlebnis, unmittelbar an einem finnischen See gelegen. Es wurde direkt in den Naturfelsen gebaut und von den gro\u00dfen Fenstern aus haben Sie einen Blick \u00fcber den Saimaa See. F\u00fcr ein echtes und aufregendes Spa-Erlebnis wurden nat\u00fcrliche Materialien verwendet. Das Geb\u00e4ude selbst verbirgt sich unter bewaldetem Terrain, was die urspr\u00fcngliche Atmosph\u00e4re noch verst\u00e4rkt.<\/p>\n<p class=\"p1\">In J\u00e4rvisyd\u00e4n finden Sie sicherlich die passende Unterkunft &#8211; egal ob Sie nur kurz bleiben oder einen l\u00e4ngeren Urlaub bei uns verbringen. Alle Hotelzimmer befinden sich in der N\u00e4he des Restaurants und des Lake Spa.<\/p>\n<p><a href=\"http:\/\/www.jarvisydan.com\" target=\"_blank\" rel=\"noopener noreferrer\">www.jarvisydan.com<\/a>[\/vc_column_text][\/vc_column][vc_column width=&#8220;1\/3&#8243;][vc_empty_space height=&#8220;52px&#8220;][vc_single_image image=&#8220;17650&#8243; img_size=&#8220;full&#8220;][\/vc_column][\/vc_row][vc_row][vc_column][vc_single_image image=&#8220;17622&#8243; img_size=&#8220;full&#8220; alignment=&#8220;center&#8220;][\/vc_column][\/vc_row][vc_row css=&#8220;.vc_custom_1596089572144{margin-right: 200px !important;margin-left: 200px !important;}&#8220;][vc_column width=&#8220;2\/3&#8243;][vc_column_text]<\/p>\n<p class=\"p1\"><b>Machen Sie eine Sightseeing-Kreuzfahrt zu den Saimaa-Ringelrobben im Nationalpark Linnansaari<\/b><\/p>\n<p class=\"p1\">Die Saimaa-Ringelrobbe ist eine vom Aussterben bedrohte Art, die nur im Saimaa See lebt. Linnansaari ist wohl einer der besten Orte, um diese seltenen Tiere zu Gesicht zu bekommen. Das Holzboot der Robben-Safari bewegt sich langsam und geschmeidig durch die Gew\u00e4sser des Nationalparks, um ihre geheimen Verstecke auszukundschaften. Unterwegs k\u00f6nnen Sie Fischadler-Horste und viele andere V\u00f6gel beobachten.<\/p>\n<p class=\"p1\">Der Nationalpark ist ein 40 km langes und 5 &#8211; 10 km breites Gebiet in der Mitte des Haukivesi, einem Teil des Saimaa Sees. Die herrliche Landschaft ist ein echtes Labyrinth aus gesch\u00fctzten Inseln und breiteren offenen Gew\u00e4ssern. Der Park umfasst mehr als 130 solcher Inseln sowie Hunderte von kleineren Holmen und schroffen Felsen. Die Kerngebiete des Nationalparks wurden aufgrund ihrer nat\u00fcrliche Sch\u00f6nheit ausgew\u00e4hlt. Die Errichtung des Parks soll dem Erhalt der urspr\u00fcnglichen finnischen Seenlandschaft f\u00fcr zuk\u00fcnftige Generationen sowie Forschungszwecken dienen.<\/p>\n<p class=\"p1\">Der Fischadler (<i>Pandion haliaetus<\/i>) gleitet \u00fcber die offenen Gew\u00e4sser des Saimaa und bietet einen majest\u00e4tischen Anblick. Er ist einer der gr\u00f6\u00dften Raubv\u00f6gel Finnlands und Linnansaari weist eine der dichtesten Populationen des Landes auf. Fischadler nisten in den stabilen Wipfeln der Kiefern am Ufer. In den gro\u00dfen, aus Zweigen gebauten Horsten versorgen sie meist 1 &#8211; 3 Jungv\u00f6gel. Der Fischadler ist sehr geschickt bei der Beutesuche. Seichte Seen mit klarem Wasser sind ideale Orte f\u00fcr sie, um Fische zu ersp\u00e4hen. Es ist faszinierend, die Tiere dabei zu beobachten, wie sie sich auf ihre Beute st\u00fcrzen und mit dem Fisch in den Krallen wieder in die L\u00fcfte abheben.<\/p>\n<p>[\/vc_column_text][\/vc_column][vc_column width=&#8220;1\/3&#8243;][vc_single_image image=&#8220;17632&#8243; img_size=&#8220;full&#8220;][\/vc_column][\/vc_row][vc_row][vc_column][vc_single_image image=&#8220;17627&#8243; img_size=&#8220;full&#8220; alignment=&#8220;center&#8220;][\/vc_column][\/vc_row][vc_row css=&#8220;.vc_custom_1596089572144{margin-right: 200px !important;margin-left: 200px !important;}&#8220;][vc_column][vc_column_text]<\/p>\n<p class=\"p1\"><b>Besuchen Sie Savonlinna und die Burg Olavinlinna\u00a0<\/b><\/p>\n<p class=\"p1\"><a href=\"https:\/\/visitsavonlinna.fi\/en\/\" target=\"_blank\" rel=\"noopener noreferrer\"><strong>Savonlinna<\/strong><\/a>, ein beliebtes Reiseziel an der K\u00fcste des Saimaa, bietet vielf\u00e4ltige Kultur und zauberhaften Kleinstadtcharme. Mit der n\u00f6rdlichsten mittelalterlichen Burg der Welt, dem ber\u00fchmten Opernfestival sowie der historischen Altstadt mit ihren Holzh\u00e4usern und den urigen Gesch\u00e4ften sowie Caf\u00e9s ist Savonlinna ein absolutes Muss f\u00fcr jeden Besucher der Region Saimaa.<\/p>\n<p class=\"p1\"><span class=\"s1\">Im Sommer sind in Savonlinna und Umgebung<b> See-Kreuzfahrten <\/b><\/span>\u00e4u\u00dferst beliebt. Auf einem nostalgischen Dampfschiff oder mit einem wendigen Motorboot l\u00e4sst sich ein sonniger Sommertag auf ganz entspannte Weise verbringen &#8211; und gleichzeitig die Landschaft rund um Savonlinna genie\u00dfen.<span class=\"Apple-converted-space\">\u00a0<\/span><\/p>\n<p class=\"p1\"><b>Sehen und genie\u00dfen<\/b>:<\/p>\n<p class=\"p1\">Die<span class=\"s1\"><b>\u00a0<a href=\"https:\/\/visitsavonlinna.fi\/en\/olavinlinna\/\" target=\"_blank\" rel=\"noopener noreferrer\"><strong>Burg Olavinlinna<\/strong><\/a><\/b><\/span> ist das Kronjuwel von Savonlinna. Die majest\u00e4tische Anlage hat viele faszinierende Geschichten zu erz\u00e4hlen &#8211; darunter auch jene \u00fcber ein M\u00e4dchen, das wegen Verrats in der Burgmauer begraben wurde. Das nahe gelegene <a href=\"https:\/\/visitsavonlinna.fi\/en\/products\/riihisaari-lake-saimaa-nature-and-culture-centre\/\" target=\"_blank\" rel=\"noopener noreferrer\"><strong>Riihisaari Museum<\/strong><\/a>\u00a0erweckt die historische Vergangenheit des Saimaa und seiner Bewohner zum Leben.<\/p>\n<p class=\"p1\">Wenn Sie ein oder zwei N\u00e4chte im Zentrum von Savonlinna \u00fcbernachten m\u00f6chten, empfehlen wir Ihnen, im <strong><a href=\"http:\/\/spahotelcasino.fi\/en\">Spahotel Casino<\/a><\/strong> zu \u00fcbernachten.<\/p>\n<p>[\/vc_column_text][\/vc_column][\/vc_row][vc_row][vc_column width=&#8220;1\/6&#8243;][\/vc_column][vc_column width=&#8220;2\/3&#8243;][vc_raw_html]JTNDaWZyYW1lJTIwc3JjJTNEJTIyaHR0cHMlM0ElMkYlMkZ3d3cuZ29vZ2xlLmNvbSUyRm1hcHMlMkZlbWJlZCUzRnBiJTNEJTIxMW0zNCUyMTFtMTIlMjExbTMlMjExZDk4NTk4MC4zNjA3NTE0ODklMjEyZDI1Ljc5NzU4MzQ4NzY2NCUyMTNkNjEuMTQwNDQyODc0ODA5MjElMjEybTMlMjExZjAlMjEyZjAlMjEzZjAlMjEzbTIlMjExaTEwMjQlMjEyaTc2OCUyMTRmMTMuMSUyMTRtMTklMjEzZTAlMjE0bTUlMjExczB4NDY5MjBiYzc5NjIxMDY5MSUyNTNBMHhjZDRlYmQ4NDNiZTJmNzYzJTIxMnNIZWxzaW5raSUyMTNtMiUyMTFkNjAuMTY5ODU1NyUyMTJkMjQuOTM4Mzc5MSUyMTRtNSUyMTFzMHg0NjlhZTMzOGUxNjI3NjY3JTI1M0EweDY2Yzc0YmVkYjk0MDFhOGQlMjEyc0hvdGVsJTI1MjAlMjUyNiUyNTIwU3BhJTI1MjBSZXNvcnQlMjUyMEolMjVDMyUyNUE0cnZpc3lkJTI1QzMlMjVBNG4lMjUyQyUyNTIwUG9yb3NhbG1lbnRpZSUyNTJDJTI1MjBSYW50YXNhbG1pJTIxM20yJTIxMWQ2Mi4xMjA3NDM5OTk5OTk5OTUlMjEyZDI4LjMxMjEwOTk5OTk5OTk5NyUyMTRtNSUyMTFzMHg0NjlhNTA3ODU3ZjcxZGE1JTI1M0EweGFkMTU5ZDQ4Y2Q2N2JjNGUlMjEyc1Nhdm9ubGlubmElMjEzbTIlMjExZDYxLjg2Nzk3MjglMjEyZDI4Ljg4NjM4NDMlMjE1ZTAlMjEzbTIlMjExc2ZpJTIxMnNmaSUyMTR2MTYwMDA3ODQ1MjMwMiUyMTVtMiUyMTFzZmklMjEyc2ZpJTIyJTIwd2lkdGglM0QlMjIxMDI0JTIyJTIwaGVpZ2h0JTNEJTIyNjAwJTIyJTIwZnJhbWVib3JkZXIlM0QlMjIwJTIyJTIwc3R5bGUlM0QlMjJib3JkZXIlM0EwJTNCJTIyJTIwYWxsb3dmdWxsc2NyZWVuJTNEJTIyJTIyJTIwYXJpYS1oaWRkZW4lM0QlMjJmYWxzZSUyMiUyMHRhYmluZGV4JTNEJTIyMCUyMiUzRSUzQyUyRmlmcmFtZSUzRQ==[\/vc_raw_html][\/vc_column][vc_column width=&#8220;1\/6&#8243;][\/vc_column][\/vc_row]<\/p>\n","protected":false},"excerpt":{"rendered":"<p>[vc_row full_width=&#8220;stretch_row_content_no_spaces&#8220; full_height=&#8220;yes&#8220; parallax=&#8220;content-moving-fade&#8220; parallax_image=&#8220;17642&#8243;][vc_column][vc_column_text] Das Lake SPA\u2028&amp; der Nationalpark Linnansaari [\/vc_column_text][\/vc_column][\/vc_row][vc_row css=&#8220;.vc_custom_1596089572144{margin-right: 200px !important;margin-left: 200px !important;}&#8220;][vc_column width=&#8220;1\/2&#8243;][vc_custom_heading text=&#8220;Erleben Sie das einzigartige Lake SPA und den Nationalpark Linnansaari&#8220; font_container=&#8220;tag:h2|text_align:center&#8220;][vc_empty_space][\/vc_column][vc_column width=&#8220;1\/2&#8243;][vc_empty_space][vc_column_text] [&hellip;]<\/p>\n","protected":false},"author":60,"featured_media":17644,"parent":0,"menu_order":0,"comment_status":"closed","ping_status":"closed","template":"","meta":{"footnotes":""},"relatedcontent":[],"class_list":["post-19779","page","type-page","status-publish","has-post-thumbnail","hentry"],"yoast_head":"<!-- This site is optimized with the Yoast SEO Premium plugin v27.3 (Yoast SEO v27.2) - https:\/\/yoast.com\/product\/yoast-seo-premium-wordpress\/ -->\n<title>Das Lake SPA und der Nationalpark Linnansaari - Visit Saimaa<\/title>\n<meta name=\"description\" content=\"Linnansaari, im Herzen des finnischen Seengebiets, ist ein idealer Ort, um seltene Robben und majest\u00e4tische Fischadler zu beobachten.\" \/>\n<meta name=\"robots\" content=\"index, follow, max-snippet:-1, max-image-preview:large, max-video-preview:-1\" \/>\n<link rel=\"canonical\" href=\"https:\/\/www.visitsaimaa.fi\/de\/das-lake-spa-und-der-nationalpark-linnansaari\/\" \/>\n<meta property=\"og:locale\" content=\"de_DE\" \/>\n<meta property=\"og:type\" content=\"article\" \/>\n<meta property=\"og:title\" content=\"Das Lake SPA und der Nationalpark Linnansaari - Visit Saimaa\" \/>\n<meta property=\"og:description\" content=\"Linnansaari, im Herzen des finnischen Seengebiets, ist ein idealer Ort, um seltene Robben und majest\u00e4tische Fischadler zu beobachten.\" \/>\n<meta property=\"og:url\" content=\"https:\/\/www.visitsaimaa.fi\/de\/das-lake-spa-und-der-nationalpark-linnansaari\/\" \/>\n<meta property=\"og:site_name\" content=\"Visit Saimaa\" \/>\n<meta property=\"article:modified_time\" content=\"2024-03-18T12:22:52+00:00\" \/>\n<meta property=\"og:image\" content=\"https:\/\/www.visitsaimaa.fi\/wp-content\/uploads\/2020\/09\/Lin.jpg\" \/>\n\t<meta property=\"og:image:width\" content=\"2048\" \/>\n\t<meta property=\"og:image:height\" content=\"1262\" \/>\n\t<meta property=\"og:image:type\" content=\"image\/jpeg\" \/>\n<meta name=\"twitter:label1\" content=\"Gesch\u00e4tzte Lesezeit\" \/>\n\t<meta name=\"twitter:data1\" content=\"7 minutes\" \/>\n<script type=\"application\/ld+json\" class=\"yoast-schema-graph\">{\"@context\":\"https:\/\/schema.org\",\"@graph\":[{\"@type\":\"WebPage\",\"@id\":\"https:\/\/www.visitsaimaa.fi\/de\/das-lake-spa-und-der-nationalpark-linnansaari\/\",\"url\":\"https:\/\/www.visitsaimaa.fi\/de\/das-lake-spa-und-der-nationalpark-linnansaari\/\",\"name\":\"Das Lake SPA und der Nationalpark Linnansaari - Visit Saimaa\",\"isPartOf\":{\"@id\":\"https:\/\/www.visitsaimaa.fi\/fi\/#website\"},\"primaryImageOfPage\":{\"@id\":\"https:\/\/www.visitsaimaa.fi\/de\/das-lake-spa-und-der-nationalpark-linnansaari\/#primaryimage\"},\"image\":{\"@id\":\"https:\/\/www.visitsaimaa.fi\/de\/das-lake-spa-und-der-nationalpark-linnansaari\/#primaryimage\"},\"thumbnailUrl\":\"https:\/\/www.visitsaimaa.fi\/wp-content\/uploads\/2020\/09\/Lin.jpg\",\"datePublished\":\"2021-03-24T09:43:56+00:00\",\"dateModified\":\"2024-03-18T12:22:52+00:00\",\"description\":\"Linnansaari, im Herzen des finnischen Seengebiets, ist ein idealer Ort, um seltene Robben und majest\u00e4tische Fischadler zu beobachten.\",\"breadcrumb\":{\"@id\":\"https:\/\/www.visitsaimaa.fi\/de\/das-lake-spa-und-der-nationalpark-linnansaari\/#breadcrumb\"},\"inLanguage\":\"de-DE\",\"potentialAction\":[{\"@type\":\"ReadAction\",\"target\":[\"https:\/\/www.visitsaimaa.fi\/de\/das-lake-spa-und-der-nationalpark-linnansaari\/\"]}]},{\"@type\":\"ImageObject\",\"inLanguage\":\"de-DE\",\"@id\":\"https:\/\/www.visitsaimaa.fi\/de\/das-lake-spa-und-der-nationalpark-linnansaari\/#primaryimage\",\"url\":\"https:\/\/www.visitsaimaa.fi\/wp-content\/uploads\/2020\/09\/Lin.jpg\",\"contentUrl\":\"https:\/\/www.visitsaimaa.fi\/wp-content\/uploads\/2020\/09\/Lin.jpg\",\"width\":2048,\"height\":1262},{\"@type\":\"BreadcrumbList\",\"@id\":\"https:\/\/www.visitsaimaa.fi\/de\/das-lake-spa-und-der-nationalpark-linnansaari\/#breadcrumb\",\"itemListElement\":[{\"@type\":\"ListItem\",\"position\":1,\"name\":\"Visit Saimaa\",\"item\":\"https:\/\/www.visitsaimaa.fi\/de\/\"},{\"@type\":\"ListItem\",\"position\":2,\"name\":\"Das Lake SPA und der Nationalpark Linnansaari\"}]},{\"@type\":\"WebSite\",\"@id\":\"https:\/\/www.visitsaimaa.fi\/fi\/#website\",\"url\":\"https:\/\/www.visitsaimaa.fi\/fi\/\",\"name\":\"Visit Saimaa\",\"description\":\"The Official Travel Guide of Lakeland Saimaa\",\"potentialAction\":[{\"@type\":\"SearchAction\",\"target\":{\"@type\":\"EntryPoint\",\"urlTemplate\":\"https:\/\/www.visitsaimaa.fi\/fi\/?s={search_term_string}\"},\"query-input\":{\"@type\":\"PropertyValueSpecification\",\"valueRequired\":true,\"valueName\":\"search_term_string\"}}],\"inLanguage\":\"de-DE\"}]}<\/script>\n<!-- \/ Yoast SEO Premium plugin. -->","yoast_head_json":{"title":"Das Lake SPA und der Nationalpark Linnansaari - Visit Saimaa","description":"Linnansaari, im Herzen des finnischen Seengebiets, ist ein idealer Ort, um seltene Robben und majest\u00e4tische Fischadler zu beobachten.","robots":{"index":"index","follow":"follow","max-snippet":"max-snippet:-1","max-image-preview":"max-image-preview:large","max-video-preview":"max-video-preview:-1"},"canonical":"https:\/\/www.visitsaimaa.fi\/de\/das-lake-spa-und-der-nationalpark-linnansaari\/","og_locale":"de_DE","og_type":"article","og_title":"Das Lake SPA und der Nationalpark Linnansaari - Visit Saimaa","og_description":"Linnansaari, im Herzen des finnischen Seengebiets, ist ein idealer Ort, um seltene Robben und majest\u00e4tische Fischadler zu beobachten.","og_url":"https:\/\/www.visitsaimaa.fi\/de\/das-lake-spa-und-der-nationalpark-linnansaari\/","og_site_name":"Visit Saimaa","article_modified_time":"2024-03-18T12:22:52+00:00","og_image":[{"width":2048,"height":1262,"url":"https:\/\/www.visitsaimaa.fi\/wp-content\/uploads\/2020\/09\/Lin.jpg","type":"image\/jpeg"}],"twitter_misc":{"Gesch\u00e4tzte Lesezeit":"7 minutes"},"schema":{"@context":"https:\/\/schema.org","@graph":[{"@type":"WebPage","@id":"https:\/\/www.visitsaimaa.fi\/de\/das-lake-spa-und-der-nationalpark-linnansaari\/","url":"https:\/\/www.visitsaimaa.fi\/de\/das-lake-spa-und-der-nationalpark-linnansaari\/","name":"Das Lake SPA und der Nationalpark Linnansaari - Visit Saimaa","isPartOf":{"@id":"https:\/\/www.visitsaimaa.fi\/fi\/#website"},"primaryImageOfPage":{"@id":"https:\/\/www.visitsaimaa.fi\/de\/das-lake-spa-und-der-nationalpark-linnansaari\/#primaryimage"},"image":{"@id":"https:\/\/www.visitsaimaa.fi\/de\/das-lake-spa-und-der-nationalpark-linnansaari\/#primaryimage"},"thumbnailUrl":"https:\/\/www.visitsaimaa.fi\/wp-content\/uploads\/2020\/09\/Lin.jpg","datePublished":"2021-03-24T09:43:56+00:00","dateModified":"2024-03-18T12:22:52+00:00","description":"Linnansaari, im Herzen des finnischen Seengebiets, ist ein idealer Ort, um seltene Robben und majest\u00e4tische Fischadler zu beobachten.","breadcrumb":{"@id":"https:\/\/www.visitsaimaa.fi\/de\/das-lake-spa-und-der-nationalpark-linnansaari\/#breadcrumb"},"inLanguage":"de-DE","potentialAction":[{"@type":"ReadAction","target":["https:\/\/www.visitsaimaa.fi\/de\/das-lake-spa-und-der-nationalpark-linnansaari\/"]}]},{"@type":"ImageObject","inLanguage":"de-DE","@id":"https:\/\/www.visitsaimaa.fi\/de\/das-lake-spa-und-der-nationalpark-linnansaari\/#primaryimage","url":"https:\/\/www.visitsaimaa.fi\/wp-content\/uploads\/2020\/09\/Lin.jpg","contentUrl":"https:\/\/www.visitsaimaa.fi\/wp-content\/uploads\/2020\/09\/Lin.jpg","width":2048,"height":1262},{"@type":"BreadcrumbList","@id":"https:\/\/www.visitsaimaa.fi\/de\/das-lake-spa-und-der-nationalpark-linnansaari\/#breadcrumb","itemListElement":[{"@type":"ListItem","position":1,"name":"Visit Saimaa","item":"https:\/\/www.visitsaimaa.fi\/de\/"},{"@type":"ListItem","position":2,"name":"Das Lake SPA und der Nationalpark Linnansaari"}]},{"@type":"WebSite","@id":"https:\/\/www.visitsaimaa.fi\/fi\/#website","url":"https:\/\/www.visitsaimaa.fi\/fi\/","name":"Visit Saimaa","description":"The Official Travel Guide of Lakeland Saimaa","potentialAction":[{"@type":"SearchAction","target":{"@type":"EntryPoint","urlTemplate":"https:\/\/www.visitsaimaa.fi\/fi\/?s={search_term_string}"},"query-input":{"@type":"PropertyValueSpecification","valueRequired":true,"valueName":"search_term_string"}}],"inLanguage":"de-DE"}]}},"_links":{"self":[{"href":"https:\/\/www.visitsaimaa.fi\/de\/wp-json\/wp\/v2\/pages\/19779","targetHints":{"allow":["GET"]}}],"collection":[{"href":"https:\/\/www.visitsaimaa.fi\/de\/wp-json\/wp\/v2\/pages"}],"about":[{"href":"https:\/\/www.visitsaimaa.fi\/de\/wp-json\/wp\/v2\/types\/page"}],"author":[{"embeddable":true,"href":"https:\/\/www.visitsaimaa.fi\/de\/wp-json\/wp\/v2\/users\/60"}],"replies":[{"embeddable":true,"href":"https:\/\/www.visitsaimaa.fi\/de\/wp-json\/wp\/v2\/comments?post=19779"}],"version-history":[{"count":4,"href":"https:\/\/www.visitsaimaa.fi\/de\/wp-json\/wp\/v2\/pages\/19779\/revisions"}],"predecessor-version":[{"id":29780,"href":"https:\/\/www.visitsaimaa.fi\/de\/wp-json\/wp\/v2\/pages\/19779\/revisions\/29780"}],"wp:featuredmedia":[{"embeddable":true,"href":"https:\/\/www.visitsaimaa.fi\/de\/wp-json\/wp\/v2\/media\/17644"}],"wp:attachment":[{"href":"https:\/\/www.visitsaimaa.fi\/de\/wp-json\/wp\/v2\/media?parent=19779"}],"wp:term":[{"taxonomy":"relatedcontent","embeddable":true,"href":"https:\/\/www.visitsaimaa.fi\/de\/wp-json\/wp\/v2\/relatedcontent?post=19779"}],"curies":[{"name":"wp","href":"https:\/\/api.w.org\/{rel}","templated":true}]}}