{"id":19775,"date":"2021-03-24T10:46:15","date_gmt":"2021-03-24T08:46:15","guid":{"rendered":"https:\/\/www.visitsaimaa.fi\/?page_id=19775"},"modified":"2024-03-18T14:09:42","modified_gmt":"2024-03-18T12:09:42","slug":"saimaa-fuer-feinschmecker","status":"publish","type":"page","link":"https:\/\/www.visitsaimaa.fi\/de\/saimaa-fuer-feinschmecker\/","title":{"rendered":"Saimaa f\u00fcr Feinschmecker"},"content":{"rendered":"<p>[vc_row full_width=&#8220;stretch_row_content_no_spaces&#8220; full_height=&#8220;yes&#8220; parallax=&#8220;content-moving-fade&#8220; parallax_image=&#8220;17214&#8243;][vc_column][vc_column_text]<\/p>\n<h2 class=\"montserrat\" style=\"text-align: center;\"><strong><span style=\"color: #ffffff; font-size: 5rem; letter-spacing: .3em;\"> Saimaa f\u00fcr Feinschmecker<br \/>\n3-Tages-Tour <\/span><\/strong><\/h2>\n<p>[\/vc_column_text][\/vc_column][\/vc_row][vc_row css=&#8220;.vc_custom_1596089572144{margin-right: 200px !important;margin-left: 200px !important;}&#8220;][vc_column width=&#8220;1\/2&#8243;][vc_custom_heading text=&#8220;Dies ist ein Land<br \/>\nder W\u00e4lder und Seen,<br \/>\nund das zeigt sich<br \/>\nauch in der finnischen K\u00fcche&#8220; font_container=&#8220;tag:h2|text_align:center&#8220;][\/vc_column][vc_column width=&#8220;1\/2&#8243;][vc_column_text]Die finnische K\u00fcche basiert auf den vielf\u00e4ltigen und gesunden Zutaten aus der wundersch\u00f6nen Natur dieses Landes. In den reinen, glitzernden S\u00fc\u00dfwasserseen tummeln sich Fische, w\u00e4hrend die gr\u00fcnen W\u00e4lder voller saftiger Beeren, leckerer Pilze und majest\u00e4tischem Wild sind. Auf den Feldern, die von weiten Waldfl\u00e4chen ges\u00e4umt sind, w\u00e4chst frisches Obst und Gem\u00fcse, das Vieh weidet auf sonnigen Wiesen. Dank diesem reichhaltigen Angebot ist die K\u00fcche Finnlands ein wahrer Genuss!<\/p>\n<p>Dies ist ein Land der W\u00e4lder und Seen &#8211; das zeigt sich auch in der finnischen K\u00fcche. So k\u00f6nnen Sie zum Beispiel im riesigen Gew\u00e4ssersystem des Saimaa selbst angeln gehen oder ganz einfach lokal gefangene S\u00fc\u00dfwasserfische kaufen. Die gebratene Mar\u00e4ne, auf Finnisch <em>muikku<\/em> genannt, ist ein beliebtes Gericht, das in Restaurants entlang der K\u00fcste ebenso serviert wird, wie als Imbiss auf dem Marktplatz.[\/vc_column_text][\/vc_column][\/vc_row][vc_row css=&#8220;.vc_custom_1596089772051{margin-right: 200px !important;margin-left: 200px !important;}&#8220;][vc_column][vc_single_image image=&#8220;17191&#8243; img_size=&#8220;full&#8220; alignment=&#8220;center&#8220;][\/vc_column][\/vc_row][vc_row css=&#8220;.vc_custom_1596089572144{margin-right: 200px !important;margin-left: 200px !important;}&#8220;][vc_column][vc_column_text]<strong>Tag 1 \u2013 Mikkeli<\/strong><\/p>\n<p><a href=\"http:\/\/www.visitmikkeli.fi\/en\" target=\"_blank\" rel=\"noopener noreferrer\"><strong>Mikkeli<\/strong><\/a>, das in drei verschiedenen Kriegen als Hauptquartier diente, liegt in S\u00fcd-Savo im Herzen des finnischen Seengebiets. Die 1838 gegr\u00fcndete Stadt ist vor allem f\u00fcr ihre Milit\u00e4rgeschichte bekannt. Doch Mikkeli hat auch sch\u00f6ne Herrenh\u00e4user, zahlreiche Ausflugsziele in der Natur und den Saimaa-See zu bieten. Dar\u00fcber hinaus ist sie die Ferienhauptstadt Finnlands \u2013 in der Region gibt es \u00fcber 29.000 Ferienh\u00e4user!<\/p>\n<p class=\"p1\">Genie\u00dfen Sie das authentische finnische Herrenhaus-Ambiente auf dem <a href=\"https:\/\/tertinkartano.fi\/en\/home\/\" target=\"_blank\" rel=\"noopener\"><span class=\"s1\"><b>Tertti Anwesen<\/b><\/span><\/a> &#8211; im Caf\u00e9, im Laden, in den eleganten Unterk\u00fcnften und sch\u00f6nen G\u00e4rten. Cafe und Shop sind ganzj\u00e4hrig jeden Tag von 10 bis 18 Uhr ge\u00f6ffnet. Mittagessen gibt es t\u00e4glich von 12 bis 16 Uhr. Der Laden verkauft finnische Lebensmittel und Deko-Artikel. Das Restaurant des Herrenhauses ist im Sommer und in der Weihnachtszeit ebenfalls t\u00e4glich ge\u00f6ffnet.<\/p>\n<p><a href=\"https:\/\/www.kenkavero.fi\/home\" target=\"_blank\" rel=\"noopener noreferrer\"><strong>Kenk\u00e4vero<\/strong><\/a> r\u00fchmt sich, das gr\u00f6\u00dfte sowie sch\u00f6nste Pfarrhaus in ganz Finnland zu haben. Die bekannte Sehensw\u00fcrdigkeit bietet ein beeindruckendes, einzigartiges Ambiente. Hier ist das ganze Jahr \u00fcber f\u00fcr jeden etwas Interessantes geboten: H\u00fcbsch restaurierte Geb\u00e4ude, spannende Ausstellungen und Veranstaltungen, erlesenes Kunsthandwerk als Geschenk, Souvenir oder einfach nur zum Genie\u00dfen. Im Sommer locken ein toller Garten sowie verschiedene Bastelkurse, im Restaurant wird das ganze Jahr \u00fcber t\u00e4glich leckeres Essen serviert.<\/p>\n<p>Das <a href=\"http:\/\/saimaanrantaresort.fi\" target=\"_blank\" rel=\"noopener noreferrer\"><strong>Saimaanranta Resort by Anttolanhovi<\/strong><\/a> ist das perfekte Urlaubsziel \u2013 hier ist f\u00fcr jeden etwas dabei! Von privaten Luxusvillen, umgeben von wundervoller Natur, bis hin zu leckerem lokalen Essen, serviert vor der traumhaften Kulisse des Saimaa Sees. Wenn Sie sich lieber im Spa verw\u00f6hnen lassen oder sportlich aktiv sein m\u00f6chten, dann werden Sie hier ebenso f\u00fcndig!<\/p>\n<p>In Mikkeliss\u00e4 kannst du auch an den von <a href=\"https:\/\/uhkua.fi\/in-english\/\"><strong>Uhkua<\/strong> <\/a>organisierten kulinarischen Erlebnissen, Abendessen und Ausfl\u00fcgen teilnehmen<\/p>\n<p class=\"p1\"><i>Mikkeli ist auch f\u00fcr seinen lebendigen Marktplatz und die riesige Auswahl an lokalen, frischen Produkten bekannt. Setzen Sie sich in eines der Caf\u00e9s und tauchen Sie ein in die gem\u00fctliche Atmosph\u00e4re der Stadt.<\/i><\/p>\n<p>[\/vc_column_text][\/vc_column][\/vc_row][vc_row][vc_column][vc_single_image image=&#8220;17196&#8243; img_size=&#8220;full&#8220; alignment=&#8220;center&#8220;][\/vc_column][\/vc_row][vc_row css=&#8220;.vc_custom_1596089572144{margin-right: 200px !important;margin-left: 200px !important;}&#8220;][vc_column][vc_column_text]<\/p>\n<p class=\"p1\"><b>Tag 2 \u2013 Puumala und die Insel Niinisaari<\/b><\/p>\n<p class=\"p1\">W\u00e4hrend der Fahrt auf der Stra\u00dfe 62 von Mikkeli nach Puumala k\u00f6nnen Sie entlang der \u201e<i>Gr\u00fcnen Kulturstra\u00dfe<\/i>\u201c eine der atemberaubendsten Landschaften Finnlands bewundern. Unterwegs gibt es einige Haltestellen, an denen sich gro\u00dfartige Erinnerungsfotos Ihrer Reise knipsen lassen.<\/p>\n<p><a href=\"https:\/\/www.sahanlahtiresort.fi\/en\/\" target=\"_blank\" rel=\"noopener noreferrer\"><strong>Sahanlahti Resort<\/strong><\/a> ist ein kleiner, familiengef\u00fchrter Ferienresort mit Hotel- und H\u00fcttenunterk\u00fcnften sowie zwei Restaurants, die saisonale K\u00f6stlichkeiten der lokalen K\u00fcche servieren. Beide Restaurants bieten eine herrliche Aussicht auf den See und der kleine G\u00e4stehafen begr\u00fc\u00dft im Sommer Besucher aus nah und fern. Sahanlahti entstand um ein altes S\u00e4gewerk herum und hat durch diese historische Vergangenheit durchaus die eine oder andere Geschichte auf Lager, wenn Sie durch den Ort spazieren.<\/p>\n<p class=\"p1\">Hochwertige, frische und lokale Produkte sowie die Unterst\u00fctzung einer moralisch vertretbaren, verantwortungsvollen Landwirtschaft sind die Eckpfeiler unserer K\u00fcche. Diese Leidenschaft sowie das K\u00f6nnen der Menschen, die unsere Lebensmittel anbauen und zubereiten, werden Sie im stimmungsvollen Restaurant Koskivahti in Sahanlahti deutlich auf Ihrem Teller schmecken.<\/p>\n<p><a href=\"https:\/\/www.okkolanlomamokit.com\/en\/\" target=\"_blank\" rel=\"noopener noreferrer\"><strong>Okkola Holiday Cottages<\/strong><\/a> ist ein familiengef\u00fchrter Betrieb auf der Insel Niinisaari im idyllischen Puumala-Archipel. Paula, die Dame des Hauses in Okkola, l\u00e4dt Sie in ihr Heim ein, in dem der w\u00e4rmende Holzofen das Herzst\u00fcck darstellt und die Familiengeschichte \u00fcberall sp\u00fcrbar ist.<\/p>\n<p class=\"p1\">Je nach Saison und Anglergl\u00fcck serviert das <span class=\"s1\"><b>Restaurant Niinipuu<\/b><\/span> Wei\u00dffisch, der in der Nacht zuvor im Saimaa See gefangen wurde oder tischt Pfifferlinge aus Niinisaari auf. Die Spezialit\u00e4t des Hauses ist eine auf einer Holzplanke gegrillte Regenbogenforelle aus Puumala.<\/p>\n<p class=\"p1\">Und vergessen Sie nicht, eine Saimaa-Ringelrobben-Kreuzfahrt auf einem vollelektrischen Boot von <a href=\"https:\/\/www.lakelandgte.fi\/en\/puumala-seal-watching-cruise\/\" target=\"_blank\" rel=\"noopener noreferrer\"><strong>LakelandGTE<\/strong><\/a>\u00a0zu unternehmen, das von Okkola oder Sahanlahti aus startet! Mit etwas Gl\u00fcck k\u00f6nnen Sie diese seltenen Tiere beobachten, die nur im Saimaa leben!<\/p>\n<p>[\/vc_column_text][\/vc_column][\/vc_row][vc_row][vc_column][vc_single_image image=&#8220;17200&#8243; img_size=&#8220;full&#8220; alignment=&#8220;center&#8220;][\/vc_column][\/vc_row][vc_row css=&#8220;.vc_custom_1596089968262{margin-right: 200px !important;margin-left: 200px !important;}&#8220;][vc_column][vc_column_text]<\/p>\n<p class=\"p1\"><b>Tag 3 &#8211; Juva-Savonlinna<\/b><\/p>\n<p class=\"p1\"><a href=\"https:\/\/visitsavonlinna.fi\/en\/\" target=\"_blank\" rel=\"noopener noreferrer\"><strong>Savonlinna<\/strong><\/a>, ein beliebtes Reiseziel an der K\u00fcste des Saimaa, bietet vielf\u00e4ltige Kultur und zauberhaften Kleinstadtcharme. Mit der n\u00f6rdlichsten mittelalterlichen Burg der Welt, dem ber\u00fchmten Opernfestival sowie der historischen Altstadt mit ihren Holzh\u00e4usern und den urigen Gesch\u00e4ften sowie Caf\u00e9s ist Savonlinna ein absolutes Muss f\u00fcr jeden Besucher der Region Saimaa.<\/p>\n<p class=\"p1\">Ein Spaziergang durch die Stadt, ein Abstecher in ein paar der Designl\u00e4den und ein Besuch auf dem Marktplatz, um in das Leben der Einheimischen einzutauchen, sind der perfekte Start in den Tag.<\/p>\n<p class=\"p1\">Die <span class=\"s1\"><b>Burg <a href=\"https:\/\/visitsavonlinna.fi\/en\/olavinlinna\/\" target=\"_blank\" rel=\"noopener noreferrer\"><strong>Olavinlinna<\/strong><\/a><\/b><\/span>\u00a0ist das Kronjuwel von Savonlinna. Die majest\u00e4tische Anlage hat viele faszinierende Geschichten zu erz\u00e4hlen &#8211; darunter auch jene \u00fcber ein M\u00e4dchen, das wegen Verrats in der Burgmauer begraben wurde.<span class=\"Apple-converted-space\">\u00a0<\/span><\/p>\n<p class=\"p1\">Das <a href=\"http:\/\/www.teahouse.fi\/en\/home\/\" target=\"_blank\" rel=\"noopener noreferrer\"><strong>TeaHouse of Wehmais<\/strong><\/a>\u00a0in Juva ist die einzige Teestube in Finnland, die sich auf die britische Teekultur spezialisiert hat. Es befindet sich in den alten Stallungen eines herrschaftlichen Familiensitzes. In mit Rosenstoffen und Blumentapeten dekorierten R\u00e4umen kann man Teemen\u00fcs wie Afternoon Tea, Cream Tea und Royal Tea mit dem gewissen Saimaa-Touch genie\u00dfen. Alle Produkte stammen aus lokalem Anbau und sind perfekt auf die Hunderte von verschiedenen Teesorten abgestimmt.<span class=\"Apple-converted-space\">\u00a0<\/span><\/p>\n<p class=\"p1\"><i>Schauen Sie bei Ihrer Erkundungstour durch Savonlinna auf dem \u00f6rtlichen Markt vorbei und probieren Sie die lokale Spezialit\u00e4t &#8211; L\u00f6rtsy (Piroggen mit herzhafter oder s\u00fc\u00dfer F\u00fcllung)!<\/i><\/p>\n<p>[\/vc_column_text][\/vc_column][\/vc_row][vc_row][vc_column width=&#8220;1\/6&#8243;][\/vc_column][vc_column width=&#8220;1\/6&#8243;][\/vc_column][\/vc_row]<\/p>\n","protected":false},"excerpt":{"rendered":"<p>[vc_row full_width=&#8220;stretch_row_content_no_spaces&#8220; full_height=&#8220;yes&#8220; parallax=&#8220;content-moving-fade&#8220; parallax_image=&#8220;17214&#8243;][vc_column][vc_column_text] Saimaa f\u00fcr Feinschmecker 3-Tages-Tour [\/vc_column_text][\/vc_column][\/vc_row][vc_row css=&#8220;.vc_custom_1596089572144{margin-right: 200px !important;margin-left: 200px !important;}&#8220;][vc_column width=&#8220;1\/2&#8243;][vc_custom_heading text=&#8220;Dies ist ein Land der W\u00e4lder und Seen, und das zeigt sich auch in [&hellip;]<\/p>\n","protected":false},"author":60,"featured_media":14035,"parent":0,"menu_order":0,"comment_status":"closed","ping_status":"closed","template":"","meta":{"footnotes":""},"relatedcontent":[],"class_list":["post-19775","page","type-page","status-publish","has-post-thumbnail","hentry"],"yoast_head":"<!-- This site is optimized with the Yoast SEO Premium plugin v27.3 (Yoast SEO v27.5) - https:\/\/yoast.com\/product\/yoast-seo-premium-wordpress\/ -->\n<title>Saimaa f\u00fcr Feinschmecker - Visit Saimaa<\/title>\n<meta name=\"description\" content=\"Die finnische K\u00fcche basiert auf den vielf\u00e4ltigen und gesunden Zutaten aus der wundersch\u00f6nen Natur dieses Landes.\" \/>\n<meta name=\"robots\" content=\"index, follow, max-snippet:-1, max-image-preview:large, max-video-preview:-1\" \/>\n<link rel=\"canonical\" href=\"https:\/\/www.visitsaimaa.fi\/de\/saimaa-fuer-feinschmecker\/\" \/>\n<meta property=\"og:locale\" content=\"de_DE\" \/>\n<meta property=\"og:type\" content=\"article\" \/>\n<meta property=\"og:title\" content=\"Saimaa f\u00fcr Feinschmecker\" \/>\n<meta property=\"og:description\" content=\"Die finnische K\u00fcche basiert auf den vielf\u00e4ltigen und gesunden Zutaten aus der wundersch\u00f6nen Natur dieses Landes.\" \/>\n<meta property=\"og:url\" content=\"https:\/\/www.visitsaimaa.fi\/de\/saimaa-fuer-feinschmecker\/\" \/>\n<meta property=\"og:site_name\" content=\"Visit Saimaa\" \/>\n<meta property=\"article:modified_time\" content=\"2024-03-18T12:09:42+00:00\" \/>\n<meta property=\"og:image\" content=\"https:\/\/www.visitsaimaa.fi\/wp-content\/uploads\/2019\/09\/TeaHouse_Of_Wehmais_lasit.jpg\" \/>\n\t<meta property=\"og:image:width\" content=\"1086\" \/>\n\t<meta property=\"og:image:height\" content=\"724\" \/>\n\t<meta property=\"og:image:type\" content=\"image\/jpeg\" \/>\n<meta name=\"twitter:label1\" content=\"Gesch\u00e4tzte Lesezeit\" \/>\n\t<meta name=\"twitter:data1\" content=\"6 minutes\" \/>\n<script type=\"application\/ld+json\" class=\"yoast-schema-graph\">{\"@context\":\"https:\\\/\\\/schema.org\",\"@graph\":[{\"@type\":\"WebPage\",\"@id\":\"https:\\\/\\\/www.visitsaimaa.fi\\\/de\\\/saimaa-fuer-feinschmecker\\\/\",\"url\":\"https:\\\/\\\/www.visitsaimaa.fi\\\/de\\\/saimaa-fuer-feinschmecker\\\/\",\"name\":\"Saimaa f\u00fcr Feinschmecker - Visit Saimaa\",\"isPartOf\":{\"@id\":\"https:\\\/\\\/www.visitsaimaa.fi\\\/fi\\\/#website\"},\"primaryImageOfPage\":{\"@id\":\"https:\\\/\\\/www.visitsaimaa.fi\\\/de\\\/saimaa-fuer-feinschmecker\\\/#primaryimage\"},\"image\":{\"@id\":\"https:\\\/\\\/www.visitsaimaa.fi\\\/de\\\/saimaa-fuer-feinschmecker\\\/#primaryimage\"},\"thumbnailUrl\":\"https:\\\/\\\/www.visitsaimaa.fi\\\/wp-content\\\/uploads\\\/2019\\\/09\\\/TeaHouse_Of_Wehmais_lasit.jpg\",\"datePublished\":\"2021-03-24T08:46:15+00:00\",\"dateModified\":\"2024-03-18T12:09:42+00:00\",\"description\":\"Die finnische K\u00fcche basiert auf den vielf\u00e4ltigen und gesunden Zutaten aus der wundersch\u00f6nen Natur dieses Landes.\",\"breadcrumb\":{\"@id\":\"https:\\\/\\\/www.visitsaimaa.fi\\\/de\\\/saimaa-fuer-feinschmecker\\\/#breadcrumb\"},\"inLanguage\":\"de-DE\",\"potentialAction\":[{\"@type\":\"ReadAction\",\"target\":[\"https:\\\/\\\/www.visitsaimaa.fi\\\/de\\\/saimaa-fuer-feinschmecker\\\/\"]}]},{\"@type\":\"ImageObject\",\"inLanguage\":\"de-DE\",\"@id\":\"https:\\\/\\\/www.visitsaimaa.fi\\\/de\\\/saimaa-fuer-feinschmecker\\\/#primaryimage\",\"url\":\"https:\\\/\\\/www.visitsaimaa.fi\\\/wp-content\\\/uploads\\\/2019\\\/09\\\/TeaHouse_Of_Wehmais_lasit.jpg\",\"contentUrl\":\"https:\\\/\\\/www.visitsaimaa.fi\\\/wp-content\\\/uploads\\\/2019\\\/09\\\/TeaHouse_Of_Wehmais_lasit.jpg\",\"width\":1086,\"height\":724},{\"@type\":\"BreadcrumbList\",\"@id\":\"https:\\\/\\\/www.visitsaimaa.fi\\\/de\\\/saimaa-fuer-feinschmecker\\\/#breadcrumb\",\"itemListElement\":[{\"@type\":\"ListItem\",\"position\":1,\"name\":\"Visit Saimaa\",\"item\":\"https:\\\/\\\/www.visitsaimaa.fi\\\/de\\\/\"},{\"@type\":\"ListItem\",\"position\":2,\"name\":\"Saimaa f\u00fcr Feinschmecker\"}]},{\"@type\":\"WebSite\",\"@id\":\"https:\\\/\\\/www.visitsaimaa.fi\\\/fi\\\/#website\",\"url\":\"https:\\\/\\\/www.visitsaimaa.fi\\\/fi\\\/\",\"name\":\"Visit Saimaa\",\"description\":\"The Official Travel Guide of Lakeland Saimaa\",\"potentialAction\":[{\"@type\":\"SearchAction\",\"target\":{\"@type\":\"EntryPoint\",\"urlTemplate\":\"https:\\\/\\\/www.visitsaimaa.fi\\\/fi\\\/?s={search_term_string}\"},\"query-input\":{\"@type\":\"PropertyValueSpecification\",\"valueRequired\":true,\"valueName\":\"search_term_string\"}}],\"inLanguage\":\"de-DE\"}]}<\/script>\n<!-- \/ Yoast SEO Premium plugin. -->","yoast_head_json":{"title":"Saimaa f\u00fcr Feinschmecker - Visit Saimaa","description":"Die finnische K\u00fcche basiert auf den vielf\u00e4ltigen und gesunden Zutaten aus der wundersch\u00f6nen Natur dieses Landes.","robots":{"index":"index","follow":"follow","max-snippet":"max-snippet:-1","max-image-preview":"max-image-preview:large","max-video-preview":"max-video-preview:-1"},"canonical":"https:\/\/www.visitsaimaa.fi\/de\/saimaa-fuer-feinschmecker\/","og_locale":"de_DE","og_type":"article","og_title":"Saimaa f\u00fcr Feinschmecker","og_description":"Die finnische K\u00fcche basiert auf den vielf\u00e4ltigen und gesunden Zutaten aus der wundersch\u00f6nen Natur dieses Landes.","og_url":"https:\/\/www.visitsaimaa.fi\/de\/saimaa-fuer-feinschmecker\/","og_site_name":"Visit Saimaa","article_modified_time":"2024-03-18T12:09:42+00:00","og_image":[{"width":1086,"height":724,"url":"https:\/\/www.visitsaimaa.fi\/wp-content\/uploads\/2019\/09\/TeaHouse_Of_Wehmais_lasit.jpg","type":"image\/jpeg"}],"twitter_misc":{"Gesch\u00e4tzte Lesezeit":"6 minutes"},"schema":{"@context":"https:\/\/schema.org","@graph":[{"@type":"WebPage","@id":"https:\/\/www.visitsaimaa.fi\/de\/saimaa-fuer-feinschmecker\/","url":"https:\/\/www.visitsaimaa.fi\/de\/saimaa-fuer-feinschmecker\/","name":"Saimaa f\u00fcr Feinschmecker - Visit Saimaa","isPartOf":{"@id":"https:\/\/www.visitsaimaa.fi\/fi\/#website"},"primaryImageOfPage":{"@id":"https:\/\/www.visitsaimaa.fi\/de\/saimaa-fuer-feinschmecker\/#primaryimage"},"image":{"@id":"https:\/\/www.visitsaimaa.fi\/de\/saimaa-fuer-feinschmecker\/#primaryimage"},"thumbnailUrl":"https:\/\/www.visitsaimaa.fi\/wp-content\/uploads\/2019\/09\/TeaHouse_Of_Wehmais_lasit.jpg","datePublished":"2021-03-24T08:46:15+00:00","dateModified":"2024-03-18T12:09:42+00:00","description":"Die finnische K\u00fcche basiert auf den vielf\u00e4ltigen und gesunden Zutaten aus der wundersch\u00f6nen Natur dieses Landes.","breadcrumb":{"@id":"https:\/\/www.visitsaimaa.fi\/de\/saimaa-fuer-feinschmecker\/#breadcrumb"},"inLanguage":"de-DE","potentialAction":[{"@type":"ReadAction","target":["https:\/\/www.visitsaimaa.fi\/de\/saimaa-fuer-feinschmecker\/"]}]},{"@type":"ImageObject","inLanguage":"de-DE","@id":"https:\/\/www.visitsaimaa.fi\/de\/saimaa-fuer-feinschmecker\/#primaryimage","url":"https:\/\/www.visitsaimaa.fi\/wp-content\/uploads\/2019\/09\/TeaHouse_Of_Wehmais_lasit.jpg","contentUrl":"https:\/\/www.visitsaimaa.fi\/wp-content\/uploads\/2019\/09\/TeaHouse_Of_Wehmais_lasit.jpg","width":1086,"height":724},{"@type":"BreadcrumbList","@id":"https:\/\/www.visitsaimaa.fi\/de\/saimaa-fuer-feinschmecker\/#breadcrumb","itemListElement":[{"@type":"ListItem","position":1,"name":"Visit Saimaa","item":"https:\/\/www.visitsaimaa.fi\/de\/"},{"@type":"ListItem","position":2,"name":"Saimaa f\u00fcr Feinschmecker"}]},{"@type":"WebSite","@id":"https:\/\/www.visitsaimaa.fi\/fi\/#website","url":"https:\/\/www.visitsaimaa.fi\/fi\/","name":"Visit Saimaa","description":"The Official Travel Guide of Lakeland Saimaa","potentialAction":[{"@type":"SearchAction","target":{"@type":"EntryPoint","urlTemplate":"https:\/\/www.visitsaimaa.fi\/fi\/?s={search_term_string}"},"query-input":{"@type":"PropertyValueSpecification","valueRequired":true,"valueName":"search_term_string"}}],"inLanguage":"de-DE"}]}},"_links":{"self":[{"href":"https:\/\/www.visitsaimaa.fi\/de\/wp-json\/wp\/v2\/pages\/19775","targetHints":{"allow":["GET"]}}],"collection":[{"href":"https:\/\/www.visitsaimaa.fi\/de\/wp-json\/wp\/v2\/pages"}],"about":[{"href":"https:\/\/www.visitsaimaa.fi\/de\/wp-json\/wp\/v2\/types\/page"}],"author":[{"embeddable":true,"href":"https:\/\/www.visitsaimaa.fi\/de\/wp-json\/wp\/v2\/users\/60"}],"replies":[{"embeddable":true,"href":"https:\/\/www.visitsaimaa.fi\/de\/wp-json\/wp\/v2\/comments?post=19775"}],"version-history":[{"count":2,"href":"https:\/\/www.visitsaimaa.fi\/de\/wp-json\/wp\/v2\/pages\/19775\/revisions"}],"predecessor-version":[{"id":29778,"href":"https:\/\/www.visitsaimaa.fi\/de\/wp-json\/wp\/v2\/pages\/19775\/revisions\/29778"}],"wp:featuredmedia":[{"embeddable":true,"href":"https:\/\/www.visitsaimaa.fi\/de\/wp-json\/wp\/v2\/media\/14035"}],"wp:attachment":[{"href":"https:\/\/www.visitsaimaa.fi\/de\/wp-json\/wp\/v2\/media?parent=19775"}],"wp:term":[{"taxonomy":"relatedcontent","embeddable":true,"href":"https:\/\/www.visitsaimaa.fi\/de\/wp-json\/wp\/v2\/relatedcontent?post=19775"}],"curies":[{"name":"wp","href":"https:\/\/api.w.org\/{rel}","templated":true}]}}