{"id":19766,"date":"2021-03-24T10:20:04","date_gmt":"2021-03-24T08:20:04","guid":{"rendered":"https:\/\/www.visitsaimaa.fi\/?page_id=19766"},"modified":"2021-10-29T12:45:33","modified_gmt":"2021-10-29T09:45:33","slug":"puumala-im-herzen-des-saimaa-sees","status":"publish","type":"page","link":"https:\/\/www.visitsaimaa.fi\/de\/puumala-im-herzen-des-saimaa-sees\/","title":{"rendered":"Puumala &#8211; Im Herzen des Saimaa Sees"},"content":{"rendered":"<p>[vc_row full_width=&#8220;stretch_row_content_no_spaces&#8220; full_height=&#8220;yes&#8220; parallax=&#8220;content-moving-fade&#8220; parallax_image=&#8220;17689&#8243;][vc_column][vc_column_text]<\/p>\n<h2 class=\"montserrat\" style=\"text-align: center\"><strong><span style=\"color: #ffffff;font-size: 5rem;letter-spacing: .3em\">Puumala<br \/>\nIm Herzen des Saimaa Sees<\/span><\/strong><\/h2>\n<p>[\/vc_column_text][\/vc_column][\/vc_row][vc_row css=&#8220;.vc_custom_1596089572144{margin-right: 200px !important;margin-left: 200px !important;}&#8220;][vc_column width=&#8220;1\/2&#8243;][vc_custom_heading text=&#8220;Eintausend Inseln,<br \/>\ndreitausend Kilometer<br \/>\nK\u00fcstenlinie&#8220; font_container=&#8220;tag:h2|text_align:center&#8220;][vc_empty_space][\/vc_column][vc_column width=&#8220;1\/2&#8243;][vc_empty_space][vc_column_text]Die Inselgemeinde Puumala liegt zwischen Savonlinna und Lappeenranta an der Wasserstra\u00dfe des Saimaa Sees. Das Gebiet an der Panoramastra\u00dfe Lietvesi ist von herausragender Natursch\u00f6nheit und eine der meistfotografierten Seenlandschaften Finnlands. Atemberaubende Szenerie bietet sich auch von der Puumalansalmi Br\u00fccke und dem malerischen Aussichtscaf\u00e9 an der Spitze des Br\u00fcckenturms.[\/vc_column_text][\/vc_column][\/vc_row][vc_row css=&#8220;.vc_custom_1596089772051{margin-right: 200px !important;margin-left: 200px !important;}&#8220;][vc_column][vc_single_image image=&#8220;17679&#8243; img_size=&#8220;full&#8220; alignment=&#8220;center&#8220;][\/vc_column][\/vc_row][vc_row css=&#8220;.vc_custom_1596089572144{margin-right: 200px !important;margin-left: 200px !important;}&#8220;][vc_column][vc_column_text]<strong>Tag 1: Ankunft in Puumala, \u00dcbernachtung und lokales Fine Dining im Sahanlahti Resort<\/strong><\/p>\n<p>In den weiten Gew\u00e4ssern des Saimaa gibt es verschiedene Mar\u00e4nenarten und einen tollen Lachsbestand. Gem\u00fctliche H\u00fctten lassen sich f\u00fcr einen Urlaubsaufenthalt mieten und ziehen j\u00e4hrlich unz\u00e4hlige Besucher an, die hier eine Vielfalt an Aktivit\u00e4ten erwartet. Dutzende uralte Felsmalereien zeugen von der langen Geschichte menschlicher Besiedlung. Gepr\u00e4gt ist die Gegend von der gro\u00dfen Br\u00fccke, der reizenden Kirche, dem quirligen Hafen und dem Dampfschiff Wenno, das Sie durch die wundervolle Landschaft von Puumala bringt![\/vc_column_text][\/vc_column][\/vc_row][vc_row css=&#8220;.vc_custom_1596089572144{margin-right: 200px !important;margin-left: 200px !important;}&#8220;][vc_column width=&#8220;2\/3&#8243;][vc_column_text]<strong>Sahanlahti<\/strong> ist ein kleiner, familiengef\u00fchrter Ferienresort mit Hotel- und H\u00fcttenunterk\u00fcnften sowie zwei Restaurants, die saisonale K\u00f6stlichkeiten der lokalen K\u00fcche servieren. Beide Restaurants bieten eine herrliche Aussicht auf den See und der kleine G\u00e4stehafen begr\u00fc\u00dft im Sommer Besucher aus nah und fern. Sahanlahti entstand um ein altes S\u00e4gewerk herum und hat durch diese historische Vergangenheit durchaus die eine oder andere Geschichte auf Lager, wenn Sie durch den Ort spazieren.<\/p>\n<p>Hochwertige, frische und lokale Produkte sowie die Unterst\u00fctzung einer moralisch vertretbaren, verantwortungsvollen Landwirtschaft sind die Eckpfeiler unserer K\u00fcche. Diese Leidenschaft sowie das K\u00f6nnen der Menschen, die unsere Lebensmittel anbauen und zubereiten, werden Sie im stimmungsvollen Restaurant Koskivahti in Sahanlahti deutlich auf Ihrem Teller schmecken.<\/p>\n<p><em>Und vergessen Sie nicht, die traditionelle finnische Sauna des Sahanlahti Resort auszuprobieren! <\/em><\/p>\n<p><a href=\"https:\/\/www.sahanlahtiresort.fi\/en\/\" target=\"_blank\" rel=\"noopener noreferrer\">www.sahanlahtiresort.fi<\/a>[\/vc_column_text][\/vc_column][vc_column width=&#8220;1\/3&#8243;][vc_empty_space height=&#8220;52px&#8220;][vc_single_image image=&#8220;17670&#8243; img_size=&#8220;full&#8220;][\/vc_column][\/vc_row][vc_row][vc_column][vc_single_image image=&#8220;17684&#8243; img_size=&#8220;full&#8220; alignment=&#8220;center&#8220;][\/vc_column][\/vc_row][vc_row css=&#8220;.vc_custom_1596089572144{margin-right: 200px !important;margin-left: 200px !important;}&#8220;][vc_column width=&#8220;1\/4&#8243;][vc_single_image image=&#8220;18781&#8243; img_size=&#8220;full&#8220;][\/vc_column][vc_column width=&#8220;3\/4&#8243;][vc_empty_space height=&#8220;50px&#8220;][vc_column_text]<strong>Tag 2: Erkundung der lokalen Natur &amp; Beobachtung der Saimaa-Ringelrobbe &#8211; Kreuzfahrt zum Puumala-Archipel<\/strong><\/p>\n<p>Die Saimaa-Ringelrobbe, die ausschlie\u00dflich im Saimaa See lebt, ist eine der seltensten Robben der Welt. Die Gegend um Puumala ist ein idealer Lebensraum f\u00fcr \u00fcber 20 Robben.<\/p>\n<p class=\"p1\">In den ersten f\u00fcnf Wochen, nachdem der See eisfrei geworden ist, hat man die beste Chance, die Tiere zu ersp\u00e4hen. Die ausgewachsenen Robben befinden sich in dieser Zeit im Fellwechsel und liegen dann gerne beim Sonnenbaden auf einem Felsen. Sp\u00e4ter im Jahr lassen sie sich normalerweise nur noch im Wasser beobachten, wenn sie zum Atmen an die Oberfl\u00e4che kommen. Gehen Sie mit dem freundlichen Kapit\u00e4n Arto auf eine Robben-Beobachtungstour und erfahren Sie mehr \u00fcber diese besonderen Tiere, ihre Gewohnheiten, ihren Lebensraum und mit etwas Gl\u00fcck \u2026 <b>bekommen Sie Ringelrobben sogar pers\u00f6nlich zu Gesicht<\/b>.<\/p>\n<p>Das Ecoboat von Arto ist das robbenfreundlichste Boot auf dem Saimaa-See und bringt Sie den ganzen Sommer \u00fcber auf die glitzernd blaue Wasserfl\u00e4che. Es ist sehr komfortabel und wetterfest, in der \u00fcberdachten Kabine wird es angenehm warm und es eignet sich hervorragend zum Fotografieren. In der Sommersaison erfolgen t\u00e4glich Abfahrten vom Hafen Puumala.<\/p>\n<p><a href=\"http:\/\/www.lakelandgte.fi\" target=\"_blank\" rel=\"noopener noreferrer\">www.lakelandgte.fi<\/a>[\/vc_column_text][\/vc_column][\/vc_row][vc_row][vc_column][vc_single_image image=&#8220;17200&#8243; img_size=&#8220;full&#8220; alignment=&#8220;center&#8220;][\/vc_column][\/vc_row][vc_row css=&#8220;.vc_custom_1596089572144{margin-right: 200px !important;margin-left: 200px !important;}&#8220;][vc_column][vc_column_text]<\/p>\n<p class=\"p1\"><b>Tag 3: Backen Sie \u201cKarelische Piroggen\u201d mit Paula<\/b><\/p>\n<p class=\"p1\">Okkola Holiday Cottages ist ein familiengef\u00fchrter Betrieb auf der Insel Niinisaari im idyllischen Puumala-Archipel. Paula hei\u00dft Sie zusammen mit ihrer Familie und Hund Pomppu in ihrem Haus willkommen, um Sie in das lokale Leben in Saimaa eintauchen zu lassen.<\/p>\n<p class=\"p1\">Die einfachen, aber dennoch schon fast k\u00f6niglichen <b>karelischen Piroggen<\/b> sind eine lebende Legende aus Ostfinnland. Diese mit cremigem Reisbrei gef\u00fcllten Roggenk\u00fcchlein sind f\u00fcr viele Ausl\u00e4nder eine Kuriosit\u00e4t. Sie werden in einem traditionellen Holzofen gebacken und mit viel Eierbutter serviert. Das herzhafte und k\u00f6stliche Geb\u00e4ck wird seit Jahrhunderten in der Region hergestellt und ist ein wichtiger Teil des kulturellen sowie gastronomischen Erbes von Saimaa.<\/p>\n<p>Paula, the lady of the house at Okkola, invites you to her home where the woodburning oven is the heart of the house and the family history evident all around you. Their lovely dog, Pomppu, has his own miniature cottage on the grounds.<\/p>\n<p class=\"p1\">Paula, die Dame des Hauses in Okkola, l\u00e4dt Sie gerne in ihr Heim ein, in dem der w\u00e4rmende Holzofen das Herzst\u00fcck darstellt und die Familiengeschichte \u00fcberall sp\u00fcrbar ist. Ihr liebenswerter Hund Pomppu hat auf dem Grundst\u00fcck sogar sein eigenes Mini-H\u00e4uschen.<\/p>\n<p><a href=\"https:\/\/www.okkolanlomamokit.com\/en\/\" target=\"_blank\" rel=\"noopener noreferrer\">www.okkola.fi<\/a><\/p>\n<p class=\"p1\"><i>Wir empfehlen au\u00dferdem einen Besuch des Freilichtmuseums Liehtalanniemi. Der Museumsgutshof mit dazugeh\u00f6rigem Naturschutzgebiet, in einer gesch\u00fctzten Bucht auf Niinisaari gelegen, nimmt Sie mit in die Vergangenheit. Entdecken Sie, wie das Leben in den Sch\u00e4ren zu Beginn des 20. Jahrhunderts war und erfahren Sie mehr \u00fcber die Geschichte von Jalmari Reponen, dem letzten Besitzer des Anwesens.<\/i><\/p>\n<p>[\/vc_column_text][\/vc_column][\/vc_row][vc_row][vc_column width=&#8220;1\/6&#8243;][\/vc_column][vc_column width=&#8220;2\/3&#8243;][vc_raw_html]JTNDaWZyYW1lJTIwc3JjJTNEJTIyaHR0cHMlM0ElMkYlMkZ3d3cuZ29vZ2xlLmNvbSUyRm1hcHMlMkZlbWJlZCUzRnBiJTNEJTIxMW00NiUyMTFtMTIlMjExbTMlMjExZDExOTUzMDAuOTYzMTc0Nzc5MiUyMTJkMjQuMzE3OTUzMzg0Mzg4NzE2JTIxM2Q2MS4wNDUzNjM4Mzg5MzQ4MiUyMTJtMyUyMTFmMCUyMTJmMCUyMTNmMCUyMTNtMiUyMTFpMTAyNCUyMTJpNzY4JTIxNGYxMy4xJTIxNG0zMSUyMTNlMCUyMTRtNSUyMTFzMHg0NjkyMGJjNzk2MjEwNjkxJTI1M0EweGNkNGViZDg0M2JlMmY3NjMlMjEyc0hlbHNpbmtpJTIxM20yJTIxMWQ2MC4xNjk4NTU3JTIxMmQyNC45MzgzNzkxJTIxNG01JTIxMXMweDQ2OWE3ZDA1YjBjNGE3NzMlMjUzQTB4ODg0YWYxOGQ3NGJlYzQyYiUyMTJzU2FoYW5sYWh0aSUyNTIwUmVzb3J0JTI1MjBPeSUyNTJDJTI1MjBMaWV0dmVkZW50aWUlMjUyQyUyNTIwUHV1bWFsYSUyMTNtMiUyMTFkNjEuNTc0NDg1OCUyMTJkMjguMTQ2MjgyMTk5OTk5OTk4JTIxNG01JTIxMXMweDQ2OWE3OGRjN2UwMTk0YzElMjUzQTB4MjE4NTlkZTY0Y2NiMjg5NiUyMTJzT2trb2xhbiUyNTIwbG9tYW0lMjVDMyUyNUI2a2l0JTI1MjBqYSUyNTIwcmF2aW50b2xhJTI1MjBOaWluaXB1dSUyNTJDJTI1MjBZbCUyNUMzJTI1QjZzc2FhcmVudGllJTI1MkMlMjUyMFB1dW1hbGElMjEzbTIlMjExZDYxLjQ1MzQ3NTk5OTk5OTk5NSUyMTJkMjguMTU0ODg4OSUyMTRtNSUyMTFzMHg0NjlhN2YwMmQ5MzRiMTM3JTI1M0EweGExNWQ3NjU2Y2E4NWU3ZDYlMjEyc0xpZWh0YWxhbm5pZW1lbiUyNTIwbXVzZW90aWxhJTI1MkMlMjUyMFlsJTI1QzMlMjVCNnNzYWFyZW50aWUlMjUyQyUyNTIwTmlpbmlzYWFyaSUyMTNtMiUyMTFkNjEuNDYxMTUzMSUyMTJkMjguMTI0MTY5OSUyMTRtNSUyMTFzMHg0NjkyMGJjNzk2MjEwNjkxJTI1M0EweGNkNGViZDg0M2JlMmY3NjMlMjEyc0hlbHNpbmtpJTIxM20yJTIxMWQ2MC4xNjk4NTU3JTIxMmQyNC45MzgzNzkxJTIxNWUwJTIxM20yJTIxMXNmaSUyMTJzZmklMjE0djE2MDAxNTQwMDI0MjklMjE1bTIlMjExc2ZpJTIxMnNmaSUyMiUyMHdpZHRoJTNEJTIyMTAyNCUyMiUyMGhlaWdodCUzRCUyMjYwMCUyMiUyMGZyYW1lYm9yZGVyJTNEJTIyMCUyMiUyMHN0eWxlJTNEJTIyYm9yZGVyJTNBMCUzQiUyMiUyMGFsbG93ZnVsbHNjcmVlbiUzRCUyMiUyMiUyMGFyaWEtaGlkZGVuJTNEJTIyZmFsc2UlMjIlMjB0YWJpbmRleCUzRCUyMjAlMjIlM0UlM0MlMkZpZnJhbWUlM0U=[\/vc_raw_html][\/vc_column][vc_column width=&#8220;1\/6&#8243;][\/vc_column][\/vc_row]<\/p>\n","protected":false},"excerpt":{"rendered":"<p>[vc_row full_width=&#8220;stretch_row_content_no_spaces&#8220; full_height=&#8220;yes&#8220; parallax=&#8220;content-moving-fade&#8220; parallax_image=&#8220;17689&#8243;][vc_column][vc_column_text] Puumala Im Herzen des Saimaa Sees [\/vc_column_text][\/vc_column][\/vc_row][vc_row css=&#8220;.vc_custom_1596089572144{margin-right: 200px !important;margin-left: 200px !important;}&#8220;][vc_column width=&#8220;1\/2&#8243;][vc_custom_heading text=&#8220;Eintausend Inseln, dreitausend Kilometer K\u00fcstenlinie&#8220; font_container=&#8220;tag:h2|text_align:center&#8220;][vc_empty_space][\/vc_column][vc_column width=&#8220;1\/2&#8243;][vc_empty_space][vc_column_text]Die Inselgemeinde Puumala liegt zwischen Savonlinna [&hellip;]<\/p>\n","protected":false},"author":60,"featured_media":17691,"parent":0,"menu_order":0,"comment_status":"closed","ping_status":"closed","template":"","meta":{"footnotes":""},"relatedcontent":[],"class_list":["post-19766","page","type-page","status-publish","has-post-thumbnail","hentry"],"yoast_head":"<!-- This site is optimized with the Yoast SEO Premium plugin v27.3 (Yoast SEO v27.2) - https:\/\/yoast.com\/product\/yoast-seo-premium-wordpress\/ -->\n<title>Puumala - Im Herzen des Saimaa Sees - Visit Saimaa<\/title>\n<meta name=\"description\" content=\"Die Inselgemeinde Puumala liegt zwischen Savonlinna und Lappeenranta an der Wasserstra\u00dfe des Saimaa Sees.\" \/>\n<meta name=\"robots\" content=\"index, follow, max-snippet:-1, max-image-preview:large, max-video-preview:-1\" \/>\n<link rel=\"canonical\" href=\"https:\/\/www.visitsaimaa.fi\/de\/puumala-im-herzen-des-saimaa-sees\/\" \/>\n<meta property=\"og:locale\" content=\"de_DE\" \/>\n<meta property=\"og:type\" content=\"article\" \/>\n<meta property=\"og:title\" content=\"Puumala - Im Herzen des Saimaa Sees - Visit Saimaa\" \/>\n<meta property=\"og:description\" content=\"Die Inselgemeinde Puumala liegt zwischen Savonlinna und Lappeenranta an der Wasserstra\u00dfe des Saimaa Sees.\" \/>\n<meta property=\"og:url\" content=\"https:\/\/www.visitsaimaa.fi\/de\/puumala-im-herzen-des-saimaa-sees\/\" \/>\n<meta property=\"og:site_name\" content=\"Visit Saimaa\" \/>\n<meta property=\"article:modified_time\" content=\"2021-10-29T09:45:33+00:00\" \/>\n<meta property=\"og:image\" content=\"https:\/\/www.visitsaimaa.fi\/wp-content\/uploads\/2020\/09\/Puum.jpg\" \/>\n\t<meta property=\"og:image:width\" content=\"2048\" \/>\n\t<meta property=\"og:image:height\" content=\"1009\" \/>\n\t<meta property=\"og:image:type\" content=\"image\/jpeg\" \/>\n<meta name=\"twitter:label1\" content=\"Gesch\u00e4tzte Lesezeit\" \/>\n\t<meta name=\"twitter:data1\" content=\"4 minutes\" \/>\n<script type=\"application\/ld+json\" class=\"yoast-schema-graph\">{\"@context\":\"https:\/\/schema.org\",\"@graph\":[{\"@type\":\"WebPage\",\"@id\":\"https:\/\/www.visitsaimaa.fi\/de\/puumala-im-herzen-des-saimaa-sees\/\",\"url\":\"https:\/\/www.visitsaimaa.fi\/de\/puumala-im-herzen-des-saimaa-sees\/\",\"name\":\"Puumala - Im Herzen des Saimaa Sees - Visit Saimaa\",\"isPartOf\":{\"@id\":\"https:\/\/www.visitsaimaa.fi\/fi\/#website\"},\"primaryImageOfPage\":{\"@id\":\"https:\/\/www.visitsaimaa.fi\/de\/puumala-im-herzen-des-saimaa-sees\/#primaryimage\"},\"image\":{\"@id\":\"https:\/\/www.visitsaimaa.fi\/de\/puumala-im-herzen-des-saimaa-sees\/#primaryimage\"},\"thumbnailUrl\":\"https:\/\/www.visitsaimaa.fi\/wp-content\/uploads\/2020\/09\/Puum.jpg\",\"datePublished\":\"2021-03-24T08:20:04+00:00\",\"dateModified\":\"2021-10-29T09:45:33+00:00\",\"description\":\"Die Inselgemeinde Puumala liegt zwischen Savonlinna und Lappeenranta an der Wasserstra\u00dfe des Saimaa Sees.\",\"breadcrumb\":{\"@id\":\"https:\/\/www.visitsaimaa.fi\/de\/puumala-im-herzen-des-saimaa-sees\/#breadcrumb\"},\"inLanguage\":\"de-DE\",\"potentialAction\":[{\"@type\":\"ReadAction\",\"target\":[\"https:\/\/www.visitsaimaa.fi\/de\/puumala-im-herzen-des-saimaa-sees\/\"]}]},{\"@type\":\"ImageObject\",\"inLanguage\":\"de-DE\",\"@id\":\"https:\/\/www.visitsaimaa.fi\/de\/puumala-im-herzen-des-saimaa-sees\/#primaryimage\",\"url\":\"https:\/\/www.visitsaimaa.fi\/wp-content\/uploads\/2020\/09\/Puum.jpg\",\"contentUrl\":\"https:\/\/www.visitsaimaa.fi\/wp-content\/uploads\/2020\/09\/Puum.jpg\",\"width\":2048,\"height\":1009},{\"@type\":\"BreadcrumbList\",\"@id\":\"https:\/\/www.visitsaimaa.fi\/de\/puumala-im-herzen-des-saimaa-sees\/#breadcrumb\",\"itemListElement\":[{\"@type\":\"ListItem\",\"position\":1,\"name\":\"Visit Saimaa\",\"item\":\"https:\/\/www.visitsaimaa.fi\/de\/\"},{\"@type\":\"ListItem\",\"position\":2,\"name\":\"Puumala &#8211; Im Herzen des Saimaa Sees\"}]},{\"@type\":\"WebSite\",\"@id\":\"https:\/\/www.visitsaimaa.fi\/fi\/#website\",\"url\":\"https:\/\/www.visitsaimaa.fi\/fi\/\",\"name\":\"Visit Saimaa\",\"description\":\"The Official Travel Guide of Lakeland Saimaa\",\"potentialAction\":[{\"@type\":\"SearchAction\",\"target\":{\"@type\":\"EntryPoint\",\"urlTemplate\":\"https:\/\/www.visitsaimaa.fi\/fi\/?s={search_term_string}\"},\"query-input\":{\"@type\":\"PropertyValueSpecification\",\"valueRequired\":true,\"valueName\":\"search_term_string\"}}],\"inLanguage\":\"de-DE\"}]}<\/script>\n<!-- \/ Yoast SEO Premium plugin. -->","yoast_head_json":{"title":"Puumala - Im Herzen des Saimaa Sees - Visit Saimaa","description":"Die Inselgemeinde Puumala liegt zwischen Savonlinna und Lappeenranta an der Wasserstra\u00dfe des Saimaa Sees.","robots":{"index":"index","follow":"follow","max-snippet":"max-snippet:-1","max-image-preview":"max-image-preview:large","max-video-preview":"max-video-preview:-1"},"canonical":"https:\/\/www.visitsaimaa.fi\/de\/puumala-im-herzen-des-saimaa-sees\/","og_locale":"de_DE","og_type":"article","og_title":"Puumala - Im Herzen des Saimaa Sees - Visit Saimaa","og_description":"Die Inselgemeinde Puumala liegt zwischen Savonlinna und Lappeenranta an der Wasserstra\u00dfe des Saimaa Sees.","og_url":"https:\/\/www.visitsaimaa.fi\/de\/puumala-im-herzen-des-saimaa-sees\/","og_site_name":"Visit Saimaa","article_modified_time":"2021-10-29T09:45:33+00:00","og_image":[{"width":2048,"height":1009,"url":"https:\/\/www.visitsaimaa.fi\/wp-content\/uploads\/2020\/09\/Puum.jpg","type":"image\/jpeg"}],"twitter_misc":{"Gesch\u00e4tzte Lesezeit":"4 minutes"},"schema":{"@context":"https:\/\/schema.org","@graph":[{"@type":"WebPage","@id":"https:\/\/www.visitsaimaa.fi\/de\/puumala-im-herzen-des-saimaa-sees\/","url":"https:\/\/www.visitsaimaa.fi\/de\/puumala-im-herzen-des-saimaa-sees\/","name":"Puumala - Im Herzen des Saimaa Sees - Visit Saimaa","isPartOf":{"@id":"https:\/\/www.visitsaimaa.fi\/fi\/#website"},"primaryImageOfPage":{"@id":"https:\/\/www.visitsaimaa.fi\/de\/puumala-im-herzen-des-saimaa-sees\/#primaryimage"},"image":{"@id":"https:\/\/www.visitsaimaa.fi\/de\/puumala-im-herzen-des-saimaa-sees\/#primaryimage"},"thumbnailUrl":"https:\/\/www.visitsaimaa.fi\/wp-content\/uploads\/2020\/09\/Puum.jpg","datePublished":"2021-03-24T08:20:04+00:00","dateModified":"2021-10-29T09:45:33+00:00","description":"Die Inselgemeinde Puumala liegt zwischen Savonlinna und Lappeenranta an der Wasserstra\u00dfe des Saimaa Sees.","breadcrumb":{"@id":"https:\/\/www.visitsaimaa.fi\/de\/puumala-im-herzen-des-saimaa-sees\/#breadcrumb"},"inLanguage":"de-DE","potentialAction":[{"@type":"ReadAction","target":["https:\/\/www.visitsaimaa.fi\/de\/puumala-im-herzen-des-saimaa-sees\/"]}]},{"@type":"ImageObject","inLanguage":"de-DE","@id":"https:\/\/www.visitsaimaa.fi\/de\/puumala-im-herzen-des-saimaa-sees\/#primaryimage","url":"https:\/\/www.visitsaimaa.fi\/wp-content\/uploads\/2020\/09\/Puum.jpg","contentUrl":"https:\/\/www.visitsaimaa.fi\/wp-content\/uploads\/2020\/09\/Puum.jpg","width":2048,"height":1009},{"@type":"BreadcrumbList","@id":"https:\/\/www.visitsaimaa.fi\/de\/puumala-im-herzen-des-saimaa-sees\/#breadcrumb","itemListElement":[{"@type":"ListItem","position":1,"name":"Visit Saimaa","item":"https:\/\/www.visitsaimaa.fi\/de\/"},{"@type":"ListItem","position":2,"name":"Puumala &#8211; Im Herzen des Saimaa Sees"}]},{"@type":"WebSite","@id":"https:\/\/www.visitsaimaa.fi\/fi\/#website","url":"https:\/\/www.visitsaimaa.fi\/fi\/","name":"Visit Saimaa","description":"The Official Travel Guide of Lakeland Saimaa","potentialAction":[{"@type":"SearchAction","target":{"@type":"EntryPoint","urlTemplate":"https:\/\/www.visitsaimaa.fi\/fi\/?s={search_term_string}"},"query-input":{"@type":"PropertyValueSpecification","valueRequired":true,"valueName":"search_term_string"}}],"inLanguage":"de-DE"}]}},"_links":{"self":[{"href":"https:\/\/www.visitsaimaa.fi\/de\/wp-json\/wp\/v2\/pages\/19766","targetHints":{"allow":["GET"]}}],"collection":[{"href":"https:\/\/www.visitsaimaa.fi\/de\/wp-json\/wp\/v2\/pages"}],"about":[{"href":"https:\/\/www.visitsaimaa.fi\/de\/wp-json\/wp\/v2\/types\/page"}],"author":[{"embeddable":true,"href":"https:\/\/www.visitsaimaa.fi\/de\/wp-json\/wp\/v2\/users\/60"}],"replies":[{"embeddable":true,"href":"https:\/\/www.visitsaimaa.fi\/de\/wp-json\/wp\/v2\/comments?post=19766"}],"version-history":[{"count":3,"href":"https:\/\/www.visitsaimaa.fi\/de\/wp-json\/wp\/v2\/pages\/19766\/revisions"}],"predecessor-version":[{"id":24365,"href":"https:\/\/www.visitsaimaa.fi\/de\/wp-json\/wp\/v2\/pages\/19766\/revisions\/24365"}],"wp:featuredmedia":[{"embeddable":true,"href":"https:\/\/www.visitsaimaa.fi\/de\/wp-json\/wp\/v2\/media\/17691"}],"wp:attachment":[{"href":"https:\/\/www.visitsaimaa.fi\/de\/wp-json\/wp\/v2\/media?parent=19766"}],"wp:term":[{"taxonomy":"relatedcontent","embeddable":true,"href":"https:\/\/www.visitsaimaa.fi\/de\/wp-json\/wp\/v2\/relatedcontent?post=19766"}],"curies":[{"name":"wp","href":"https:\/\/api.w.org\/{rel}","templated":true}]}}