{"id":19649,"date":"2021-03-18T13:41:35","date_gmt":"2021-03-18T11:41:35","guid":{"rendered":"https:\/\/www.visitsaimaa.fi\/?page_id=19649"},"modified":"2024-03-18T14:04:42","modified_gmt":"2024-03-18T12:04:42","slug":"hoehepunkte-der-saimaa-wintertour","status":"publish","type":"page","link":"https:\/\/www.visitsaimaa.fi\/de\/hoehepunkte-der-saimaa-wintertour\/","title":{"rendered":"H\u00f6hepunkte der Saimaa-Wintertour"},"content":{"rendered":"<p>[vc_row full_width=&#8220;stretch_row_content_no_spaces&#8220; full_height=&#8220;yes&#8220; parallax=&#8220;content-moving-fade&#8220; parallax_image=&#8220;17965&#8243;][vc_column][vc_column_text]<\/p>\n<h2 class=\"montserrat\" style=\"text-align: center\"><strong><span style=\"color: #ffffff;font-size: 5rem;letter-spacing: .3em\">H\u00f6hepunkte der Saimaa-Wintertour<\/span><\/strong><\/h2>\n<p>[\/vc_column_text][\/vc_column][\/vc_row][vc_row css=&#8220;.vc_custom_1596089572144{margin-right: 200px !important;margin-left: 200px !important;}&#8220;][vc_column width=&#8220;1\/2&#8243;][vc_custom_heading text=&#8220;Aktiv werden<br \/>\nim Winterurlaub&#8220; font_container=&#8220;tag:h2|text_align:center&#8220;][vc_empty_space][\/vc_column][vc_column width=&#8220;1\/2&#8243;][vc_empty_space][vc_column_text]<\/p>\n<p class=\"p1\">Im Winter ist von der blauen Wasserlandschaft des Saimaa nichts mehr zu sehen. Nun dominieren schneebedeckte B\u00e4ume und vereiste Geb\u00e4ude, die riesigen Seen sind zu einer einzigen wei\u00dfen, weitl\u00e4ufigen Fl\u00e4che geworden. Wenn Sie gerne einen aktiven Winterurlaub in Finnland verbringen m\u00f6chten, so werden Sie am Saimaa garantiert f\u00fcndig.<\/p>\n<p>[\/vc_column_text][\/vc_column][\/vc_row][vc_row css=&#8220;.vc_custom_1596089772051{margin-right: 200px !important;margin-left: 200px !important;}&#8220;][vc_column][vc_single_image image=&#8220;17978&#8243; img_size=&#8220;full&#8220; alignment=&#8220;center&#8220;][\/vc_column][\/vc_row][vc_row css=&#8220;.vc_custom_1596089572144{margin-right: 200px !important;margin-left: 200px !important;}&#8220;][vc_column][vc_column_text]<\/p>\n<p class=\"p1\"><b>Rauch- oder Eissauna im Sahanlahti Resort &amp; ein lokales Gourmet-Dinner<span class=\"Apple-converted-space\">\u00a0<\/span><\/b><\/p>\n<p class=\"p1\">Die Tradition der finnischen Sauna ist sch\u00e4tzungsweise 10.000 Jahre alt. Von den ersten pr\u00e4historischen Versionen bis hin zu den modernen, elektrischen Saunen mit ihren High-Tech-\u00d6fen war es ein weiter Weg. Die holzbeheizte Sauna oder auch die Rauchsauna sind aber immer noch die beliebtesten Modelle in den finnischen Ferienh\u00e4usern.<\/p>\n<p class=\"p1\"><i>Seit Jahrhunderten wei\u00df man um den gesundheitlichen Nutzen eines Saunabesuchs. Hauttemperatur und Puls steigen, der Stoffwechsel wird angekurbelt und schmerzende Muskeln entspannen sich. Sie hat eine beruhigende Wirkung und verbessert zudem Ihren Schlaf. Die Sauna ist also Gesundheit pur!<\/i><\/p>\n<p>[\/vc_column_text][\/vc_column][\/vc_row][vc_row css=&#8220;.vc_custom_1596089572144{margin-right: 200px !important;margin-left: 200px !important;}&#8220;][vc_column width=&#8220;2\/3&#8243;][vc_column_text]<a href=\"http:\/\/www.sahanlahtiresort.fi\" target=\"_blank\" rel=\"noopener noreferrer\"><strong>Sahanlahti<\/strong><\/a> ist ein kleiner, familiengef\u00fchrter Ferienresort mit Hotel- und H\u00fcttenunterk\u00fcnften sowie zwei Restaurants, die saisonale K\u00f6stlichkeiten der lokalen K\u00fcche servieren. Beide Restaurants bieten eine herrliche Aussicht auf den See und der kleine G\u00e4stehafen begr\u00fc\u00dft im Sommer Besucher aus nah und fern. Sahanlahti entstand um ein altes S\u00e4gewerk herum und hat durch diese historische Vergangenheit durchaus die eine oder andere Geschichte auf Lager, wenn Sie durch den Ort spazieren.<\/p>\n<p class=\"p1\">Hochwertige, frische und lokale Produkte sowie die Unterst\u00fctzung einer moralisch vertretbaren, verantwortungsvollen Landwirtschaft sind die Eckpfeiler unserer K\u00fcche. Diese Leidenschaft sowie das K\u00f6nnen der Menschen, die unsere Lebensmittel anbauen und zubereiten, werden Sie im stimmungsvollen Restaurant Koskivahti in Sahanlahti deutlich auf Ihrem Teller schmecken.<\/p>\n<p class=\"p1\"><i>Komplettiert wird Ihr Saunaerlebnis durch den traditionellen Snack aus W\u00fcrstchen, die auf dem Saunaofen gebraten werden. Lassen Sie es sich auf der Terrasse mit einem erfrischenden Drink schmecken.<\/i><\/p>\n<p>[\/vc_column_text][\/vc_column][vc_column width=&#8220;1\/3&#8243;][vc_empty_space height=&#8220;52px&#8220;][vc_single_image image=&#8220;17987&#8243; img_size=&#8220;full&#8220;][\/vc_column][\/vc_row][vc_row css=&#8220;.vc_custom_1596089572144{margin-right: 200px !important;margin-left: 200px !important;}&#8220;][vc_column width=&#8220;1\/4&#8243;][vc_empty_space][vc_single_image image=&#8220;18680&#8243; img_size=&#8220;large&#8220;][\/vc_column][vc_column width=&#8220;3\/4&#8243;][vc_column_text]<\/p>\n<p class=\"p1\"><b>Skilanglauf &amp; Winterwandern in Punkaharju<\/b><\/p>\n<p class=\"p1\">In unmittelbarer N\u00e4he der Ferienh\u00e4user befinden sich insgesamt \u00fcber 30 km gut pr\u00e4parierte Langlaufloipen. Die Strecken des <a href=\"http:\/\/kruunupuisto.fi\/en\">Kruunupuisto<\/a> f\u00fchren entlang des traumhaften Gebirgskamms Punkaharju. Langlaufausr\u00fcstung f\u00fcr den klassischen Stil ist beim \u00f6rtlichen Verleih erh\u00e4ltlich.<span class=\"Apple-converted-space\">\u00a0<\/span><\/p>\n<p class=\"p1\">Echtzeit-Informationen \u00fcber die Skirouten sind auf der folgenden Seite einsehbar (auf Finnisch): <span class=\"s1\"><a href=\"http:\/\/www.harjureitit.net\/\" target=\"_blank\" rel=\"noopener\">http:\/\/www.harjureitit.net<\/a><\/span><\/p>\n<p class=\"p1\">Beim Schneeschuhwandern k\u00f6nnen Sie die winterliche Natur auf ganz au\u00dfergew\u00f6hnliche Art und Weise erleben. Sie f\u00fchren rund um die Berge des Naturreservats Punkaharju sowie durch anderes spannendes Gel\u00e4nde.<\/p>\n<p class=\"p1\">Angelegt wurden verschiedene, allen Alters- und Fitnessstufen entsprechende Strecken. F\u00fcr die leichteren Wege sind keine Vorkenntnisse in dieser Sportart erforderlich. Der Punkaharju Schneeschuhpark bietet aber auch erfahrenen Wanderern und Spazierg\u00e4ngern viele tolle Herausforderungen.<\/p>\n<p class=\"p1\">W\u00e4hrend Ihres Aufenthalts in Punkaharju sollten Sie auch das <a href=\"http:\/\/www.lusto.fi\/en\/\" target=\"_blank\" rel=\"noopener\"><span class=\"s1\"><b>finnische Waldmuseum Lusto<\/b><\/span><\/a> besichtigen. Das nationale Museum f\u00fcr Forstkultur zeigt die Interaktion zwischen Mensch und Wald von der Vergangenheit bis in die Zukunft. Die dortigen Ausstellungen, Veranstaltungen, Arbeitsvorf\u00fchrungen und Thementage geben einen ebenso vielf\u00e4ltigen wie anschaulichen Einblick in die Bedeutung des Waldes f\u00fcr das finnische Leben. Im Lusto ist f\u00fcr alle Altersgruppen etwas dabei.<\/p>\n<p>[\/vc_column_text][\/vc_column][\/vc_row][vc_row][vc_column][vc_single_image image=&#8220;18686&#8243; img_size=&#8220;full&#8220; alignment=&#8220;center&#8220;][\/vc_column][\/vc_row][vc_row css=&#8220;.vc_custom_1596089572144{margin-right: 200px !important;margin-left: 200px !important;}&#8220;][vc_column][vc_column_text]<\/p>\n<p class=\"p1\"><b>Tourenskaten im wundersch\u00f6nen Dorf Oravi<\/b><\/p>\n<p class=\"p1\">Das idyllische Dorf <a href=\"https:\/\/www.oravivillage.com\/en\" target=\"_blank\" rel=\"noopener\"><span class=\"s1\"><b>Oravi<\/b><\/span><\/a> liegt zwischen den Nationalparks Linnansaari und Kolovesi. Es bietet eine Vielzahl von gef\u00fchrten Naturaktivit\u00e4ten, das gr\u00f6\u00dfte Kanuzentrum in der Region Saimaa, 17 Villen am See sowie Hotel- und Restaurantdienstleistungen. <span class=\"s1\">Oravi<\/span> wurde sogar zum &#8222;Besten Dorf Finnlands&#8220; gek\u00fcrt.<\/p>\n<p class=\"p1\">Erleben Sie den sch\u00f6nsten Ice Trail des Landes, der von <a href=\"https:\/\/www.oravivillage.com\/en\/Activities\/Winter\/Tour-skating,-skiing-and-hiking-on-the-frozen-lake\" target=\"_blank\" rel=\"noopener\"><span class=\"s1\"><b>Oravi<\/b><\/span><\/a> durch den Linnansaari Nationalpark nach Rantasalmi f\u00fchrt. Die Gesamtl\u00e4nge der pr\u00e4parierten Strecke betr\u00e4gt je nach Wetterbedingungen 20-40 km. Sie ist bei guter Witterung f\u00fcr Wanderer, Mountainbiker, Tretschlittenfahrer, Langl\u00e4ufer und Schlittschuhl\u00e4ufer freigegeben. Unterwegs laden mehrere Feuerstellen sowie eine Cafeteria in Linnansaari (in der Winter-Hauptsaison ge\u00f6ffnet) zum Verweilen ein.<\/p>\n<p>[\/vc_column_text][\/vc_column][\/vc_row][vc_row][vc_column][vc_single_image image=&#8220;17321&#8243; img_size=&#8220;full&#8220; alignment=&#8220;center&#8220;][\/vc_column][\/vc_row][vc_row css=&#8220;.vc_custom_1596089572144{margin-right: 200px !important;margin-left: 200px !important;}&#8220;][vc_column][vc_column_text]<\/p>\n<p class=\"p1\"><b>Das Museum \u201eWunder der mechanischen Musik\u201c in Varkaus<\/b><\/p>\n<p class=\"p1\">Die sich bis ins Stadtzentrum erstreckenden Wasserwege des Saimaa-Sees, die \u00fcppige Natur und die vielen Ausflugsziele bieten Urlaubern in der <a href=\"http:\/\/www.visitvarkaus.fi\/en\/\" target=\"_blank\" rel=\"noopener\"><b>Region Varkaus<\/b><\/a> zahlreiche M\u00f6glichkeiten. Zu den regionalen Besonderheiten z\u00e4hlen die lokalen Kaviar- und St\u00f6rdelikatessen sowie das Museum f\u00fcr mechanische Musik, die Heimat au\u00dfergew\u00f6hnlicher Instrumente.<\/p>\n<p class=\"p1\">Die Attraktion schlechthin in Varkaus ist das einzigartige <a href=\"http:\/\/mekaanisenmusiikinmuseo.fi\/index.php?page=aukioloajat_ja_hinnasto_en\" target=\"_blank\" rel=\"noopener\"><span class=\"s1\"><b>Museum f\u00fcr Mechanische Musik<\/b><\/span><\/a>. Es gilt als eines der besten dieser Art in Europa und wird in ausl\u00e4ndischen Reisef\u00fchrern unter den Top Ten Reisezielen in Finnland gef\u00fchrt. Besucher k\u00f6nnen in einer lustigen Stand-up-Tour eine Reise in vergangene Zeiten unternehmen. Die Sammlung an Instrumenten ist schier unglaublich; Musikboxen, automatische Pianos und Orchester, Geigen und Akkordeons sowie Drehleiern &#8211; von kleinen Tischmodellen bis hin zum riesigen Amadeus. Das spektakul\u00e4rste Exponat ist wohl der 75-Mann starke Popper Goliath, das gr\u00f6\u00dfte Orchester der Welt. Jedes Jahr restauriert das Museumspersonal neue Ausstellungsst\u00fccke.<\/p>\n<p>[\/vc_column_text][\/vc_column][\/vc_row][vc_row][vc_column][vc_single_image image=&#8220;17970&#8243; img_size=&#8220;full&#8220; alignment=&#8220;center&#8220;][\/vc_column][\/vc_row][vc_row css=&#8220;.vc_custom_1596089572144{margin-right: 200px !important;margin-left: 200px !important;}&#8220;][vc_column][vc_column_text]<\/p>\n<p class=\"p1\"><b>\u00dcbernachtung in der Scenery Suite &#8211; mit Blick auf den Nachthimmel<\/b><\/p>\n<p><a href=\"https:\/\/www.jarvisydan.com\/en\/\" target=\"_blank\" rel=\"noopener noreferrer\"><strong>J\u00e4rvisyd\u00e4n<\/strong><\/a> ist ein lebendiger Ferienort, der sowohl spannende Erlebnisse als auch Ruhe und Entspannung verspricht \u2013 ganz so, wie Sie m\u00f6chten. Das Resort befindet sich in einer Bucht des Saimaa-Sees und umfasst luxuri\u00f6se Unterk\u00fcnfte, ein tolles Spa sowie viele Aktivit\u00e4ten in der Natur. Die traditionsreiche Anlage wird seit 1658 von der Familie Heiskanen betrieben. Vielleicht entdecken Sie hier sogar eine neugierige Saimaa-Ringelrobbe &#8211; mit einer Population von nur 400 Tieren die seltenste Robbe der Welt.<\/p>\n<p class=\"p1\">Das <b>Lake Spa in J\u00e4rvisyd\u00e4n<\/b> bietet Ihnen ein ganz neuartiges Wellness-Erlebnis, unmittelbar an einem finnischen See gelegen. Es wurde direkt in die Naturfelsen gebaut und von den gro\u00dfen Fenstern aus haben Sie einen Blick \u00fcber den Saimaa See. In der Mitte des Spas befindet sich ein nat\u00fcrlicher Teich in Form eines Herzens.<\/p>\n<p class=\"p1\">Die <b>Scenery Suites von J\u00e4rvisyd\u00e4n<\/b> befinden sich in Ufern\u00e4he. So k\u00f6nnen Sie die sch\u00f6ne Aussicht auf den See sowie die Landschaft des Nationalparks Linnansaari genie\u00dfen. Dank der Dachfenster lassen sich im Sommer die hellen N\u00e4chte, im Herbst die allm\u00e4hlich einsetzende Dunkelheit und die strahlenden Herbstfarben, im Winter der wundersch\u00f6ne glitzernde Sternenhimmel sowie mit etwas Gl\u00fcck die tanzenden Nordlichter und im Fr\u00fchling das Erwachen der Natur hautnah erleben.<\/p>\n<p>[\/vc_column_text][\/vc_column][\/vc_row][vc_row][vc_column width=&#8220;1\/6&#8243;][\/vc_column][vc_column width=&#8220;2\/3&#8243;][vc_raw_html]JTNDaWZyYW1lJTIwc3JjJTNEJTIyaHR0cHMlM0ElMkYlMkZ3d3cuZ29vZ2xlLmNvbSUyRm1hcHMlMkZlbWJlZCUzRnBiJTNEJTIxMW01OCUyMTFtMTIlMjExbTMlMjExZDE5NjUxNDkuMzI1MjQ1Nzg3OSUyMTJkMjQuODY5MDAxMjY3NzE1MjY2JTIxM2Q2MS4yNDk0NTM5Njg2ODY5OSUyMTJtMyUyMTFmMCUyMTJmMCUyMTNmMCUyMTNtMiUyMTFpMTAyNCUyMTJpNzY4JTIxNGYxMy4xJTIxNG00MyUyMTNlMCUyMTRtNSUyMTFzMHg0NjkyMGJjNzk2MjEwNjkxJTI1M0EweGNkNGViZDg0M2JlMmY3NjMlMjEyc0hlbHNpbmtpJTIxM20yJTIxMWQ2MC4xNjk4NTU3JTIxMmQyNC45MzgzNzkxJTIxNG01JTIxMXMweDQ2OWE3ZDA1YjBjNGE3NzMlMjUzQTB4ODg0YWYxOGQ3NGJlYzQyYiUyMTJzU2FoYW5sYWh0aSUyNTIwUmVzb3J0JTI1MjBPeSUyNTJDJTI1MjBMaWV0dmVkZW50aWUlMjUyQyUyNTIwUHV1bWFsYSUyMTNtMiUyMTFkNjEuNTc0NDg1OCUyMTJkMjguMTQ2MjgyMTk5OTk5OTk4JTIxNG01JTIxMXMweDQ2OWEzN2E1ZWVjNjRkNGYlMjUzQTB4ZGZmNDZmNWY3OGQ4YTU2OCUyMTJzTWF0a2FpbHVrZXNrdXMlMjUyMEhhcmp1biUyNTIwUG9ydHRpJTI1MkMlMjUyMFR1dW5hYW5zYWFyZW50aWUlMjUyQyUyNTIwUHVua2FoYXJqdSUyMTNtMiUyMTFkNjEuODAyNzg3MiUyMTJkMjkuMjkzNzIzNSUyMTRtNSUyMTFzMHg0NjlhZmUxN2IxNGJkZGEzJTI1M0EweGEwMGI1NTNiOTkyMmZmMCUyMTJzT3JhdmklMjEzbTIlMjExZDYyLjExMzQ2MDM5OTk5OTk5NCUyMTJkMjguNjA4MzU2NSUyMTRtNSUyMTFzMHg0NjliMWZhZTc3MmM5NjUzJTI1M0EweDQwMTQ2ZDYzYzc1YzM5MCUyMTJzVmFya2F1cyUyMTNtMiUyMTFkNjIuMzI0NjU4NCUyMTJkMjcuODk2MTAwMiUyMTRtNSUyMTFzMHg0NjlhZTMzOGUxNjI3NjY3JTI1M0EweDY2Yzc0YmVkYjk0MDFhOGQlMjEyc0hvdGVsJTI1MjAlMjUyNiUyNTIwU3BhJTI1MjBSZXNvcnQlMjUyMEolMjVDMyUyNUE0cnZpc3lkJTI1QzMlMjVBNG4lMjUyQyUyNTIwUG9yb3NhbG1lbnRpZSUyNTJDJTI1MjBSYW50YXNhbG1pJTIxM20yJTIxMWQ2Mi4xMjA3NDM5OTk5OTk5OTUlMjEyZDI4LjMxMjEwOTk5OTk5OTk5NyUyMTRtNSUyMTFzMHg0NjkyMGJjNzk2MjEwNjkxJTI1M0EweGNkNGViZDg0M2JlMmY3NjMlMjEyc0hlbHNpbmtpJTIxM20yJTIxMWQ2MC4xNjk4NTU3JTIxMmQyNC45MzgzNzkxJTIxNWUwJTIxM20yJTIxMXNmaSUyMTJzZmklMjE0djE2MDU4NzQ0ODA0NzklMjE1bTIlMjExc2ZpJTIxMnNmaSUyMiUyMHdpZHRoJTNEJTIyMTAyNCUyMiUyMGhlaWdodCUzRCUyMjYwMCUyMiUyMGZyYW1lYm9yZGVyJTNEJTIyMCUyMiUyMHN0eWxlJTNEJTIyYm9yZGVyJTNBMCUzQiUyMiUyMGFsbG93ZnVsbHNjcmVlbiUzRCUyMiUyMiUyMGFyaWEtaGlkZGVuJTNEJTIyZmFsc2UlMjIlMjB0YWJpbmRleCUzRCUyMjAlMjIlM0UlM0MlMkZpZnJhbWUlM0U=[\/vc_raw_html][\/vc_column][vc_column width=&#8220;1\/6&#8243;][\/vc_column][\/vc_row]<\/p>\n","protected":false},"excerpt":{"rendered":"<p>[vc_row full_width=&#8220;stretch_row_content_no_spaces&#8220; full_height=&#8220;yes&#8220; parallax=&#8220;content-moving-fade&#8220; parallax_image=&#8220;17965&#8243;][vc_column][vc_column_text] H\u00f6hepunkte der Saimaa-Wintertour [\/vc_column_text][\/vc_column][\/vc_row][vc_row css=&#8220;.vc_custom_1596089572144{margin-right: 200px !important;margin-left: 200px !important;}&#8220;][vc_column width=&#8220;1\/2&#8243;][vc_custom_heading text=&#8220;Aktiv werden im Winterurlaub&#8220; font_container=&#8220;tag:h2|text_align:center&#8220;][vc_empty_space][\/vc_column][vc_column width=&#8220;1\/2&#8243;][vc_empty_space][vc_column_text] Im Winter ist von der blauen Wasserlandschaft des Saimaa [&hellip;]<\/p>\n","protected":false},"author":60,"featured_media":19002,"parent":0,"menu_order":0,"comment_status":"closed","ping_status":"closed","template":"","meta":{"footnotes":""},"relatedcontent":[],"class_list":["post-19649","page","type-page","status-publish","has-post-thumbnail","hentry"],"yoast_head":"<!-- This site is optimized with the Yoast SEO Premium plugin v27.3 (Yoast SEO v27.5) - https:\/\/yoast.com\/product\/yoast-seo-premium-wordpress\/ -->\n<title>H\u00f6hepunkte der Saimaa-Wintertour am Saimaa-See - Visit Saimaa<\/title>\n<meta name=\"description\" content=\"Wenn Sie gerne einen aktiven Urlaub im Winter verbringen m\u00f6chten, so werden Sie am Saimaa in Finnland garantiert f\u00fcndig.\" \/>\n<meta name=\"robots\" content=\"index, follow, max-snippet:-1, max-image-preview:large, max-video-preview:-1\" \/>\n<link rel=\"canonical\" href=\"https:\/\/www.visitsaimaa.fi\/de\/hoehepunkte-der-saimaa-wintertour\/\" \/>\n<meta property=\"og:locale\" content=\"de_DE\" \/>\n<meta property=\"og:type\" content=\"article\" \/>\n<meta property=\"og:title\" content=\"H\u00f6hepunkte der Saimaa-Wintertour\" \/>\n<meta property=\"og:description\" content=\"Wenn Sie gerne einen aktiven Urlaub im Winter verbringen m\u00f6chten, so werden Sie am Saimaa in Finnland garantiert f\u00fcndig.\" \/>\n<meta property=\"og:url\" content=\"https:\/\/www.visitsaimaa.fi\/de\/hoehepunkte-der-saimaa-wintertour\/\" \/>\n<meta property=\"og:site_name\" content=\"Visit Saimaa\" \/>\n<meta property=\"article:modified_time\" content=\"2024-03-18T12:04:42+00:00\" \/>\n<meta property=\"og:image\" content=\"https:\/\/www.visitsaimaa.fi\/wp-content\/uploads\/2021\/01\/snowy-view-in-punkaharju.jpg\" \/>\n\t<meta property=\"og:image:width\" content=\"2048\" \/>\n\t<meta property=\"og:image:height\" content=\"972\" \/>\n\t<meta property=\"og:image:type\" content=\"image\/jpeg\" \/>\n<meta name=\"twitter:label1\" content=\"Gesch\u00e4tzte Lesezeit\" \/>\n\t<meta name=\"twitter:data1\" content=\"5 minutes\" \/>\n<script type=\"application\/ld+json\" class=\"yoast-schema-graph\">{\"@context\":\"https:\\\/\\\/schema.org\",\"@graph\":[{\"@type\":\"WebPage\",\"@id\":\"https:\\\/\\\/www.visitsaimaa.fi\\\/de\\\/hoehepunkte-der-saimaa-wintertour\\\/\",\"url\":\"https:\\\/\\\/www.visitsaimaa.fi\\\/de\\\/hoehepunkte-der-saimaa-wintertour\\\/\",\"name\":\"H\u00f6hepunkte der Saimaa-Wintertour am Saimaa-See - Visit Saimaa\",\"isPartOf\":{\"@id\":\"https:\\\/\\\/www.visitsaimaa.fi\\\/fi\\\/#website\"},\"primaryImageOfPage\":{\"@id\":\"https:\\\/\\\/www.visitsaimaa.fi\\\/de\\\/hoehepunkte-der-saimaa-wintertour\\\/#primaryimage\"},\"image\":{\"@id\":\"https:\\\/\\\/www.visitsaimaa.fi\\\/de\\\/hoehepunkte-der-saimaa-wintertour\\\/#primaryimage\"},\"thumbnailUrl\":\"https:\\\/\\\/www.visitsaimaa.fi\\\/wp-content\\\/uploads\\\/2021\\\/01\\\/snowy-view-in-punkaharju.jpg\",\"datePublished\":\"2021-03-18T11:41:35+00:00\",\"dateModified\":\"2024-03-18T12:04:42+00:00\",\"description\":\"Wenn Sie gerne einen aktiven Urlaub im Winter verbringen m\u00f6chten, so werden Sie am Saimaa in Finnland garantiert f\u00fcndig.\",\"breadcrumb\":{\"@id\":\"https:\\\/\\\/www.visitsaimaa.fi\\\/de\\\/hoehepunkte-der-saimaa-wintertour\\\/#breadcrumb\"},\"inLanguage\":\"de-DE\",\"potentialAction\":[{\"@type\":\"ReadAction\",\"target\":[\"https:\\\/\\\/www.visitsaimaa.fi\\\/de\\\/hoehepunkte-der-saimaa-wintertour\\\/\"]}]},{\"@type\":\"ImageObject\",\"inLanguage\":\"de-DE\",\"@id\":\"https:\\\/\\\/www.visitsaimaa.fi\\\/de\\\/hoehepunkte-der-saimaa-wintertour\\\/#primaryimage\",\"url\":\"https:\\\/\\\/www.visitsaimaa.fi\\\/wp-content\\\/uploads\\\/2021\\\/01\\\/snowy-view-in-punkaharju.jpg\",\"contentUrl\":\"https:\\\/\\\/www.visitsaimaa.fi\\\/wp-content\\\/uploads\\\/2021\\\/01\\\/snowy-view-in-punkaharju.jpg\",\"width\":2048,\"height\":972},{\"@type\":\"BreadcrumbList\",\"@id\":\"https:\\\/\\\/www.visitsaimaa.fi\\\/de\\\/hoehepunkte-der-saimaa-wintertour\\\/#breadcrumb\",\"itemListElement\":[{\"@type\":\"ListItem\",\"position\":1,\"name\":\"Visit Saimaa\",\"item\":\"https:\\\/\\\/www.visitsaimaa.fi\\\/de\\\/\"},{\"@type\":\"ListItem\",\"position\":2,\"name\":\"H\u00f6hepunkte der Saimaa-Wintertour\"}]},{\"@type\":\"WebSite\",\"@id\":\"https:\\\/\\\/www.visitsaimaa.fi\\\/fi\\\/#website\",\"url\":\"https:\\\/\\\/www.visitsaimaa.fi\\\/fi\\\/\",\"name\":\"Visit Saimaa\",\"description\":\"The Official Travel Guide of Lakeland Saimaa\",\"potentialAction\":[{\"@type\":\"SearchAction\",\"target\":{\"@type\":\"EntryPoint\",\"urlTemplate\":\"https:\\\/\\\/www.visitsaimaa.fi\\\/fi\\\/?s={search_term_string}\"},\"query-input\":{\"@type\":\"PropertyValueSpecification\",\"valueRequired\":true,\"valueName\":\"search_term_string\"}}],\"inLanguage\":\"de-DE\"}]}<\/script>\n<!-- \/ Yoast SEO Premium plugin. -->","yoast_head_json":{"title":"H\u00f6hepunkte der Saimaa-Wintertour am Saimaa-See - Visit Saimaa","description":"Wenn Sie gerne einen aktiven Urlaub im Winter verbringen m\u00f6chten, so werden Sie am Saimaa in Finnland garantiert f\u00fcndig.","robots":{"index":"index","follow":"follow","max-snippet":"max-snippet:-1","max-image-preview":"max-image-preview:large","max-video-preview":"max-video-preview:-1"},"canonical":"https:\/\/www.visitsaimaa.fi\/de\/hoehepunkte-der-saimaa-wintertour\/","og_locale":"de_DE","og_type":"article","og_title":"H\u00f6hepunkte der Saimaa-Wintertour","og_description":"Wenn Sie gerne einen aktiven Urlaub im Winter verbringen m\u00f6chten, so werden Sie am Saimaa in Finnland garantiert f\u00fcndig.","og_url":"https:\/\/www.visitsaimaa.fi\/de\/hoehepunkte-der-saimaa-wintertour\/","og_site_name":"Visit Saimaa","article_modified_time":"2024-03-18T12:04:42+00:00","og_image":[{"width":2048,"height":972,"url":"https:\/\/www.visitsaimaa.fi\/wp-content\/uploads\/2021\/01\/snowy-view-in-punkaharju.jpg","type":"image\/jpeg"}],"twitter_misc":{"Gesch\u00e4tzte Lesezeit":"5 minutes"},"schema":{"@context":"https:\/\/schema.org","@graph":[{"@type":"WebPage","@id":"https:\/\/www.visitsaimaa.fi\/de\/hoehepunkte-der-saimaa-wintertour\/","url":"https:\/\/www.visitsaimaa.fi\/de\/hoehepunkte-der-saimaa-wintertour\/","name":"H\u00f6hepunkte der Saimaa-Wintertour am Saimaa-See - Visit Saimaa","isPartOf":{"@id":"https:\/\/www.visitsaimaa.fi\/fi\/#website"},"primaryImageOfPage":{"@id":"https:\/\/www.visitsaimaa.fi\/de\/hoehepunkte-der-saimaa-wintertour\/#primaryimage"},"image":{"@id":"https:\/\/www.visitsaimaa.fi\/de\/hoehepunkte-der-saimaa-wintertour\/#primaryimage"},"thumbnailUrl":"https:\/\/www.visitsaimaa.fi\/wp-content\/uploads\/2021\/01\/snowy-view-in-punkaharju.jpg","datePublished":"2021-03-18T11:41:35+00:00","dateModified":"2024-03-18T12:04:42+00:00","description":"Wenn Sie gerne einen aktiven Urlaub im Winter verbringen m\u00f6chten, so werden Sie am Saimaa in Finnland garantiert f\u00fcndig.","breadcrumb":{"@id":"https:\/\/www.visitsaimaa.fi\/de\/hoehepunkte-der-saimaa-wintertour\/#breadcrumb"},"inLanguage":"de-DE","potentialAction":[{"@type":"ReadAction","target":["https:\/\/www.visitsaimaa.fi\/de\/hoehepunkte-der-saimaa-wintertour\/"]}]},{"@type":"ImageObject","inLanguage":"de-DE","@id":"https:\/\/www.visitsaimaa.fi\/de\/hoehepunkte-der-saimaa-wintertour\/#primaryimage","url":"https:\/\/www.visitsaimaa.fi\/wp-content\/uploads\/2021\/01\/snowy-view-in-punkaharju.jpg","contentUrl":"https:\/\/www.visitsaimaa.fi\/wp-content\/uploads\/2021\/01\/snowy-view-in-punkaharju.jpg","width":2048,"height":972},{"@type":"BreadcrumbList","@id":"https:\/\/www.visitsaimaa.fi\/de\/hoehepunkte-der-saimaa-wintertour\/#breadcrumb","itemListElement":[{"@type":"ListItem","position":1,"name":"Visit Saimaa","item":"https:\/\/www.visitsaimaa.fi\/de\/"},{"@type":"ListItem","position":2,"name":"H\u00f6hepunkte der Saimaa-Wintertour"}]},{"@type":"WebSite","@id":"https:\/\/www.visitsaimaa.fi\/fi\/#website","url":"https:\/\/www.visitsaimaa.fi\/fi\/","name":"Visit Saimaa","description":"The Official Travel Guide of Lakeland Saimaa","potentialAction":[{"@type":"SearchAction","target":{"@type":"EntryPoint","urlTemplate":"https:\/\/www.visitsaimaa.fi\/fi\/?s={search_term_string}"},"query-input":{"@type":"PropertyValueSpecification","valueRequired":true,"valueName":"search_term_string"}}],"inLanguage":"de-DE"}]}},"_links":{"self":[{"href":"https:\/\/www.visitsaimaa.fi\/de\/wp-json\/wp\/v2\/pages\/19649","targetHints":{"allow":["GET"]}}],"collection":[{"href":"https:\/\/www.visitsaimaa.fi\/de\/wp-json\/wp\/v2\/pages"}],"about":[{"href":"https:\/\/www.visitsaimaa.fi\/de\/wp-json\/wp\/v2\/types\/page"}],"author":[{"embeddable":true,"href":"https:\/\/www.visitsaimaa.fi\/de\/wp-json\/wp\/v2\/users\/60"}],"replies":[{"embeddable":true,"href":"https:\/\/www.visitsaimaa.fi\/de\/wp-json\/wp\/v2\/comments?post=19649"}],"version-history":[{"count":3,"href":"https:\/\/www.visitsaimaa.fi\/de\/wp-json\/wp\/v2\/pages\/19649\/revisions"}],"predecessor-version":[{"id":29777,"href":"https:\/\/www.visitsaimaa.fi\/de\/wp-json\/wp\/v2\/pages\/19649\/revisions\/29777"}],"wp:featuredmedia":[{"embeddable":true,"href":"https:\/\/www.visitsaimaa.fi\/de\/wp-json\/wp\/v2\/media\/19002"}],"wp:attachment":[{"href":"https:\/\/www.visitsaimaa.fi\/de\/wp-json\/wp\/v2\/media?parent=19649"}],"wp:term":[{"taxonomy":"relatedcontent","embeddable":true,"href":"https:\/\/www.visitsaimaa.fi\/de\/wp-json\/wp\/v2\/relatedcontent?post=19649"}],"curies":[{"name":"wp","href":"https:\/\/api.w.org\/{rel}","templated":true}]}}