{"id":1658,"date":"2015-12-04T12:16:25","date_gmt":"2015-12-04T10:16:25","guid":{"rendered":"https:\/\/www.visitsaimaa.fi\/de\/?page_id=1658"},"modified":"2024-03-18T14:30:58","modified_gmt":"2024-03-18T12:30:58","slug":"finnische-seenplatte-hotel-saimaa","status":"publish","type":"page","link":"https:\/\/www.visitsaimaa.fi\/de\/finnische-seenplatte-hotel-saimaa\/","title":{"rendered":"Finnische Seenplatte Hotel &#8211; Finnisches Design und Lebensweise sp\u00fcren"},"content":{"rendered":"<p>[vc_row full_width=&#8220;stretch_row_content_no_spaces&#8220;][vc_column]<div class=\"main_header big\">\n    <figure style=\"background-image: url('https:\/\/www.visitsaimaa.fi\/wp-content\/uploads\/2015\/12\/Saimaa-urlaub-hotel-1920x600.jpg'); background-position: center center;\"><\/figure>\n    <div class=\"main_header_content\" style=\"\">\n        <div class=\"container\">\n            \n<h1 style=\"text-align: center\">Hotels im Seenland Saimaa<\/h1>\n<p style=\"text-align: center\">#saimaamoments<\/p>\n    \n        <\/div>\n    <\/div><!-- \/.container -->\n<\/div><!-- \/.main_header -->\n\n[\/vc_column][\/vc_row][vc_row][vc_column width=&#8220;1\/2&#8243;][vc_column_text]<\/p>\n<h2>Hotels in Saimaa, Finnland &#8211; Gast sein und nicht &#8222;Tourist&#8220;<\/h2>\n<p>[\/vc_column_text][\/vc_column][vc_column width=&#8220;1\/2&#8243;][\/vc_column][\/vc_row][vc_row][vc_column width=&#8220;1\/2&#8243;][vc_column_text]<strong>In der finnischen Seenlandschaft findet man Hotelunterk\u00fcnfte f\u00fcr jeden Geschmack und jeden Geldbeutel, von traditionsreichen Gutshotels mit stimmungsvollem Ambiente, \u00fcber tolle Design-Villas bis zu modernen Cityhotels. <\/strong><\/p>\n<p>Oder vielleicht bevorzugen Sie ja auch, individuell in einem Apartmenthotel zu \u00fcbernachten? Das Beste ist nat\u00fcrlich, dass viele der Hotels in wunderbarer Seen\u00e4he liegen und alle eine eigene Sauna haben.<\/p>\n<p><!--more--><\/p>\n<h3>Finnische Seenplatte Hotel: Richtpreise in Finnland<\/h3>\n<p>F\u00fcr ein Hotelzimmer (Doppel-\/Zweibettzimmer mit Bad) zahlt man in Finnland im Schnitt etwa 94 Euro (in Helsinki etwa 120 Euro). Der Preis f\u00fcr eine B&amp;B \u00dcbernachtung liegt zwischen 40 und 60 Euro pro Nacht. Die Hotels der Saimaa-Region bieten auch immer wieder g\u00fcnstige \u00dcbernachtungsangebote an.<\/p>\n<p>Finnland ist \u00fcbrigens das einzige Land Skandinaviens, in dem Hotels nicht mit Sternen bewertet werden. Das ist auch nicht n\u00f6tig, denn jedes Hotel hat etwas Einzigartiges. Design wird hier gro\u00df geschrieben und \u00fcberall herrscht eine gleichm\u00e4\u00dfige hohe Qualit\u00e4t in den finnischen Hotels.<\/p>\n<h3>Ausgefallene \u00dcbernachtungsm\u00f6glichkeiten<\/h3>\n<p>M\u00f6chte man finnisches Design und finnische Lebensweise erleben, dann findet man diese in den ausgesprochen sch\u00f6nen und tollen Villen und traditionellen H\u00e4usern der Betriebskette\u201eCharms of Saimaa\u201c.<\/p>\n<p>Die &#8222;Charms of Saimaa&#8220; bieten neue und alte, besonders sch\u00f6ne Unterk\u00fcnfte. Gemeinsam haben sie die Liebe zum Design, der finnischen Lebensphilosophie und der einzigartigen Architektur.<\/p>\n<p><strong>Hier ist man Gast und kein Tourist!<\/strong>[\/vc_column_text][\/vc_column][vc_column width=&#8220;1\/2&#8243;][vc_column_text]<\/p>\n<h3>Hotels in Savonlinna, Mikkeli und Varkaus<\/h3>\n<p>Lokale Hotels bieten Designzimmer und idyllische Landschaften mit Schwerpunkt auf gutem Service und einem einzigartigen Erlebnis.<\/p>\n<p><strong>Empfehlungen f\u00fcr einen Hotelaufenthalt in der Region Savonlinna<\/strong><\/p>\n<ul>\n<li><a href=\"http:\/\/spahotelcasino.fi\">Spahotel Casino<\/a> in der N\u00e4he des Stadtzentrums von Savonlinna<\/li>\n<li><a href=\"http:\/\/kruunupuisto.fi\">Kruunupuisto<\/a> in Punkaharju<\/li>\n<li><a href=\"http:\/\/jarvisydan.fi\">Hotel &amp; Spa Resort J\u00e4rvisyd\u00e4n<\/a> in Rantasalmi<\/li>\n<li><a href=\"http:\/\/oravivillage.com\">SaimaaHoliday Oravi<\/a> im Dorf Oravi Empfehlungen f\u00fcr eine<\/li>\n<\/ul>\n<p><strong>Hotelaufenthalt in der Region Mikkeli:<\/strong><\/p>\n<ul>\n<li><a href=\"http:\/\/tertti.fi\">Tertti Manor<\/a> in Mikkeli<\/li>\n<li><a href=\"http:\/\/sahanlahtiresort.fi\">Sahanlahti Resort<\/a> in Puumala<\/li>\n<li><a href=\"http:\/\/saimaanrantaresort.fi\"> Saimaanranta Resort by Anttolanhovi<\/a> in Anttola, Mikkeli<\/li>\n<\/ul>\n<p><strong>Empfehlungen f\u00fcr einen Hotelaufenthalt in der Region Varkaus:<\/strong><\/p>\n<ul>\n<li><a href=\"http:\/\/hoteloscar.fi\">Hotel Oscar<\/a> im Stadtzentrum von Varkaus<\/li>\n<\/ul>\n<p>[\/vc_column_text][vc_column_text]<\/p>\n<h3>Alternative Unterkunftsm\u00f6glichkeiten<\/h3>\n<p>Luxuri\u00f6se Designvillen, Sommerh\u00e4user und die reizvoll renovierten Bauernh\u00f6fe, die als &#8222;Charms of Saimaa&#8220; bekannt sind, stehen ebenfalls als Alternative zu den Hotels in Mikkeli und Savonlinna zur Verf\u00fcgung. In der N\u00e4he der St\u00e4dte gelegen, bieten sie eine Vielzahl von Unterkunftsm\u00f6glichkeiten von gem\u00fctlichen Einzelzimmern bis hin zu \u00d6kovillen, die f\u00fcr gro\u00dfe Gruppen und Konferenzen ausgelegt sind. Vielleicht erleben Sie eine Nacht auf einem schwimmenden Flo\u00df in <a href=\"http:\/\/uhkua.fi\">Uhkua<\/a>? Egal, welchen Stil von Unterkunft Sie ben\u00f6tigen, Sie werden es in Saimaa finden!<\/p>\n<p><strong>Empfehlungen f\u00fcr Luxusunterk\u00fcnfte in der Seenregion Saimaa:<\/strong><\/p>\n<ul>\n<li><a href=\"http:\/\/pihlasresort.com\">PihlasResort<\/a> in Joroinen<\/li>\n<li><a href=\"http:\/\/elsanranta.fi\">Elsanranta Saimaa Villas<\/a> in Puumala<\/li>\n<li><a href=\"http:\/\/kururesort.fi\">KuruResort<\/a> in Rantasalmi<\/li>\n<\/ul>\n<p>[\/vc_column_text][\/vc_column][\/vc_row][vc_row][vc_column]<div class=\"posts-list-grid wpb_content_element no-list-items\"><\/div>[\/vc_column][\/vc_row][vc_row][vc_column][vc_column_text]<\/p>\n<h2>Wir empfehlen auch&#8230;<\/h2>\n<p>[\/vc_column_text][\/vc_column][\/vc_row][vc_row][vc_column]<div class=\"posts-list-grid wpb_content_element\">\n                            <div class=\"row no-gutter\"><div class=\"row no-gutter\"><div class=\"col-xs-10 col-sm-5 col-lg-4 col-main row-two \">    <div class=\"post-box post-stub post-1267 page type-page status-publish has-post-thumbnail hentry priority-3\"  data-contentid=\"1:1267\" data-showrelated=\"1\" id=\"finnische-seenplatte-ferienhaus-finnland-1-1267-1\">\n\n        <div class=\"vs_post_thumbnail\" style=\"background-image: url('https:\/\/www.visitsaimaa.fi\/wp-content\/themes\/visitsaimaa2019\/images\/default_visitsaimaa_2016.jpg')\" data-attachment=\"1272-1\"><\/div>\n        <div class=\"image_overlay\"><\/div>\n                \n                <a href=\"https:\/\/www.visitsaimaa.fi\/de\/finnische-seenplatte-ferienhaus-finnland\/\"  class=\"back-to-canonical \" title=\"Finnland Ferienhaus Urlaub &#8211; Mein Haus am Wasser\">\n            <span class=\"info\">\n                \n                                <span class=\"h3\">Ferienh\u00e4user im &#8222;Seenland Saimaa&#8220;<\/span>\n                                            <\/span><!-- \/.info -->\n        <\/a>\n\n    <\/div>\n    <\/div><!-- box-main --><div class=\"col-xs-10 col-sm-5 col-lg-6 col-rest row-two\"><div class=\"row no-gutter\"><div class=\"col-xs-10 col-lg-66\">    <div class=\"post-box post-stub post-1211 page type-page status-publish has-post-thumbnail hentry priority-3\"  data-contentid=\"1:1211\" data-showrelated=\"1\" id=\"saimaa-urlaub-1-1211-2\">\n\n        <div class=\"vs_post_thumbnail\" style=\"background-image: url('https:\/\/www.visitsaimaa.fi\/wp-content\/themes\/visitsaimaa2019\/images\/default_visitsaimaa_2016.jpg')\" data-attachment=\"4308-1\"><\/div>\n        <div class=\"image_overlay\"><\/div>\n                \n                <a href=\"https:\/\/www.visitsaimaa.fi\/de\/saimaa-urlaub\/\"  class=\"back-to-canonical \" title=\"Saimaa Urlaub Unterk\u00fcnfte\">\n            <span class=\"info\">\n                \n                                <span class=\"h3\">Unterk\u00fcnfte im &#8222;Seenland Saimaa&#8220;<\/span>\n                                            <\/span><!-- \/.info -->\n        <\/a>\n\n    <\/div>\n    <\/div><div class=\"col-xs-5 col-lg-33\">    <div class=\"post-box post-stub post-1241 page type-page status-publish has-post-thumbnail hentry priority-3\"  data-contentid=\"1:1241\" data-showrelated=\"1\" id=\"finnland-urlaub-wohlbefinden-1-1241-3\">\n\n        <div class=\"vs_post_thumbnail\" style=\"background-image: url('https:\/\/www.visitsaimaa.fi\/wp-content\/themes\/visitsaimaa2019\/images\/default_visitsaimaa_2016.jpg')\" data-attachment=\"2896-1\"><\/div>\n        <div class=\"image_overlay\"><\/div>\n                \n                <a href=\"https:\/\/www.visitsaimaa.fi\/de\/finnland-urlaub-wohlbefinden\/\"  class=\"back-to-canonical \" title=\"Wohlbefinden im Finnland Urlaub: Energie tanken in der Natur\">\n            <span class=\"info\">\n                \n                                <span class=\"h3\">Entspannter Urlaub inmitten der Natur<\/span>\n                                            <\/span><!-- \/.info -->\n        <\/a>\n\n    <\/div>\n    <\/div><div class=\"col-xs-5 col-lg-33\">    <div class=\"post-box post-stub post-1942 page type-page status-publish has-post-thumbnail hentry priority-3\"  data-contentid=\"1:1942\" data-showrelated=\"1\" id=\"finnland-urlaub-wohnmobil-saimaa-1-1942-4\">\n\n        <div class=\"vs_post_thumbnail\" style=\"background-image: url('https:\/\/www.visitsaimaa.fi\/wp-content\/themes\/visitsaimaa2019\/images\/default_visitsaimaa_2016.jpg')\" data-attachment=\"2086-1\"><\/div>\n        <div class=\"image_overlay\"><\/div>\n                \n                <a href=\"https:\/\/www.visitsaimaa.fi\/de\/finnland-urlaub-wohnmobil-saimaa\/\"  class=\"back-to-canonical \" title=\"Finnland Urlaub Wohnmobil und Camping &#8211; Im Einklang mit der Natur\">\n            <span class=\"info\">\n                \n                                <span class=\"h3\">Camping &#038; Caravan im &#8222;Seenland Saimaa&#8220;<\/span>\n                                            <\/span><!-- \/.info -->\n        <\/a>\n\n    <\/div>\n    <\/div><div class=\"col-xs-10 col-lg-66\">    <div class=\"post-box post-stub post-1213 page type-page status-publish has-post-thumbnail hentry priority-3\"  data-contentid=\"1:1213\" data-showrelated=\"1\" id=\"finnland-urlaub-erlebnisse-1-1213-5\">\n\n        <div class=\"vs_post_thumbnail\" style=\"background-image: url('https:\/\/www.visitsaimaa.fi\/wp-content\/themes\/visitsaimaa2019\/images\/default_visitsaimaa_2016.jpg')\" data-attachment=\"2904-1\"><\/div>\n        <div class=\"image_overlay\"><\/div>\n                \n                <a href=\"https:\/\/www.visitsaimaa.fi\/de\/finnland-urlaub-erlebnisse\/\"  class=\"back-to-canonical \" title=\"Finnland-Urlaub im Seenland Saimaa: weite Natur und spannende Erlebnisse\">\n            <span class=\"info\">\n                \n                                <span class=\"h3\">Weite Natur und Outdoor-Erlebnisse<\/span>\n                                            <\/span><!-- \/.info -->\n        <\/a>\n\n    <\/div>\n    <\/div><\/div><!-- row --><\/div><!-- .rest --><\/div><!-- \/.row --><\/div><!-- \/.row -->\n                            <\/div><!--\/.posts-list-grid -->[\/vc_column][\/vc_row]<\/p>\n","protected":false},"excerpt":{"rendered":"<p>[vc_row full_width=&#8220;stretch_row_content_no_spaces&#8220;][vc_column][\/vc_column][\/vc_row][vc_row][vc_column width=&#8220;1\/2&#8243;][vc_column_text] Hotels in Saimaa, Finnland &#8211; Gast sein und nicht &#8222;Tourist&#8220; [\/vc_column_text][\/vc_column][vc_column width=&#8220;1\/2&#8243;][\/vc_column][\/vc_row][vc_row][vc_column width=&#8220;1\/2&#8243;][vc_column_text]In der finnischen Seenlandschaft findet man Hotelunterk\u00fcnfte f\u00fcr jeden Geschmack und jeden Geldbeutel, von traditionsreichen [&hellip;]<\/p>\n","protected":false},"author":14,"featured_media":1891,"parent":0,"menu_order":0,"comment_status":"closed","ping_status":"closed","template":"","meta":{"footnotes":""},"relatedcontent":[],"class_list":{"0":"post-1658","1":"page","2":"type-page","3":"status-publish","4":"has-post-thumbnail","5":"hentry","7":"priority-3"},"yoast_head":"<!-- This site is optimized with the Yoast SEO Premium plugin v27.3 (Yoast SEO v27.4) - https:\/\/yoast.com\/product\/yoast-seo-premium-wordpress\/ -->\n<title>Finnische Seenplatte Hotel - Finnisches Design und Lebensweise sp\u00fcren - Visit Saimaa<\/title>\n<meta name=\"description\" content=\"Alle Informationen \u00fcber Finnische Seenplatte Hotel. Hotels in Saimaa, Finnland zeichnen sich durch Design, Atmosph\u00e4re und Komfort aus.\" \/>\n<meta name=\"robots\" content=\"index, follow, max-snippet:-1, max-image-preview:large, max-video-preview:-1\" \/>\n<link rel=\"canonical\" href=\"https:\/\/www.visitsaimaa.fi\/de\/finnische-seenplatte-hotel-saimaa\/\" \/>\n<meta property=\"og:locale\" content=\"de_DE\" \/>\n<meta property=\"og:type\" content=\"article\" \/>\n<meta property=\"og:title\" content=\"Finnische Seenplatte Hotel - Finnisches Design und Lebensweise sp\u00fcren\" \/>\n<meta property=\"og:description\" content=\"Alle Informationen \u00fcber Finnische Seenplatte Hotel. Hotels in Saimaa, Finnland zeichnen sich durch Design, Atmosph\u00e4re und Komfort aus.\" \/>\n<meta property=\"og:url\" content=\"https:\/\/www.visitsaimaa.fi\/de\/finnische-seenplatte-hotel-saimaa\/\" \/>\n<meta property=\"og:site_name\" content=\"Visit Saimaa\" \/>\n<meta property=\"article:modified_time\" content=\"2024-03-18T12:30:58+00:00\" \/>\n<meta property=\"og:image\" content=\"https:\/\/www.visitsaimaa.fi\/wp-content\/uploads\/2015\/12\/Saimaa-urlaub-hotel.jpg\" \/>\n\t<meta property=\"og:image:width\" content=\"2000\" \/>\n\t<meta property=\"og:image:height\" content=\"1335\" \/>\n\t<meta property=\"og:image:type\" content=\"image\/jpeg\" \/>\n<meta name=\"twitter:label1\" content=\"Gesch\u00e4tzte Lesezeit\" \/>\n\t<meta name=\"twitter:data1\" content=\"4 minutes\" \/>\n<script type=\"application\/ld+json\" class=\"yoast-schema-graph\">{\"@context\":\"https:\\\/\\\/schema.org\",\"@graph\":[{\"@type\":\"WebPage\",\"@id\":\"https:\\\/\\\/www.visitsaimaa.fi\\\/de\\\/finnische-seenplatte-hotel-saimaa\\\/\",\"url\":\"https:\\\/\\\/www.visitsaimaa.fi\\\/de\\\/finnische-seenplatte-hotel-saimaa\\\/\",\"name\":\"Finnische Seenplatte Hotel - Finnisches Design und Lebensweise sp\u00fcren - Visit Saimaa\",\"isPartOf\":{\"@id\":\"https:\\\/\\\/www.visitsaimaa.fi\\\/fi\\\/#website\"},\"primaryImageOfPage\":{\"@id\":\"https:\\\/\\\/www.visitsaimaa.fi\\\/de\\\/finnische-seenplatte-hotel-saimaa\\\/#primaryimage\"},\"image\":{\"@id\":\"https:\\\/\\\/www.visitsaimaa.fi\\\/de\\\/finnische-seenplatte-hotel-saimaa\\\/#primaryimage\"},\"thumbnailUrl\":\"https:\\\/\\\/www.visitsaimaa.fi\\\/wp-content\\\/uploads\\\/2015\\\/12\\\/Saimaa-urlaub-hotel.jpg\",\"datePublished\":\"2015-12-04T10:16:25+00:00\",\"dateModified\":\"2024-03-18T12:30:58+00:00\",\"description\":\"Alle Informationen \u00fcber Finnische Seenplatte Hotel. Hotels in Saimaa, Finnland zeichnen sich durch Design, Atmosph\u00e4re und Komfort aus.\",\"breadcrumb\":{\"@id\":\"https:\\\/\\\/www.visitsaimaa.fi\\\/de\\\/finnische-seenplatte-hotel-saimaa\\\/#breadcrumb\"},\"inLanguage\":\"de-DE\",\"potentialAction\":[{\"@type\":\"ReadAction\",\"target\":[\"https:\\\/\\\/www.visitsaimaa.fi\\\/de\\\/finnische-seenplatte-hotel-saimaa\\\/\"]}]},{\"@type\":\"ImageObject\",\"inLanguage\":\"de-DE\",\"@id\":\"https:\\\/\\\/www.visitsaimaa.fi\\\/de\\\/finnische-seenplatte-hotel-saimaa\\\/#primaryimage\",\"url\":\"https:\\\/\\\/www.visitsaimaa.fi\\\/wp-content\\\/uploads\\\/2015\\\/12\\\/Saimaa-urlaub-hotel.jpg\",\"contentUrl\":\"https:\\\/\\\/www.visitsaimaa.fi\\\/wp-content\\\/uploads\\\/2015\\\/12\\\/Saimaa-urlaub-hotel.jpg\",\"width\":2000,\"height\":1335,\"caption\":\"Saimaa urlaub hotel\"},{\"@type\":\"BreadcrumbList\",\"@id\":\"https:\\\/\\\/www.visitsaimaa.fi\\\/de\\\/finnische-seenplatte-hotel-saimaa\\\/#breadcrumb\",\"itemListElement\":[{\"@type\":\"ListItem\",\"position\":1,\"name\":\"Visit Saimaa\",\"item\":\"https:\\\/\\\/www.visitsaimaa.fi\\\/de\\\/\"},{\"@type\":\"ListItem\",\"position\":2,\"name\":\"Finnische Seenplatte Hotel &#8211; Finnisches Design und Lebensweise sp\u00fcren\"}]},{\"@type\":\"WebSite\",\"@id\":\"https:\\\/\\\/www.visitsaimaa.fi\\\/fi\\\/#website\",\"url\":\"https:\\\/\\\/www.visitsaimaa.fi\\\/fi\\\/\",\"name\":\"Visit Saimaa\",\"description\":\"The Official Travel Guide of Lakeland Saimaa\",\"potentialAction\":[{\"@type\":\"SearchAction\",\"target\":{\"@type\":\"EntryPoint\",\"urlTemplate\":\"https:\\\/\\\/www.visitsaimaa.fi\\\/fi\\\/?s={search_term_string}\"},\"query-input\":{\"@type\":\"PropertyValueSpecification\",\"valueRequired\":true,\"valueName\":\"search_term_string\"}}],\"inLanguage\":\"de-DE\"}]}<\/script>\n<!-- \/ Yoast SEO Premium plugin. -->","yoast_head_json":{"title":"Finnische Seenplatte Hotel - Finnisches Design und Lebensweise sp\u00fcren - Visit Saimaa","description":"Alle Informationen \u00fcber Finnische Seenplatte Hotel. Hotels in Saimaa, Finnland zeichnen sich durch Design, Atmosph\u00e4re und Komfort aus.","robots":{"index":"index","follow":"follow","max-snippet":"max-snippet:-1","max-image-preview":"max-image-preview:large","max-video-preview":"max-video-preview:-1"},"canonical":"https:\/\/www.visitsaimaa.fi\/de\/finnische-seenplatte-hotel-saimaa\/","og_locale":"de_DE","og_type":"article","og_title":"Finnische Seenplatte Hotel - Finnisches Design und Lebensweise sp\u00fcren","og_description":"Alle Informationen \u00fcber Finnische Seenplatte Hotel. Hotels in Saimaa, Finnland zeichnen sich durch Design, Atmosph\u00e4re und Komfort aus.","og_url":"https:\/\/www.visitsaimaa.fi\/de\/finnische-seenplatte-hotel-saimaa\/","og_site_name":"Visit Saimaa","article_modified_time":"2024-03-18T12:30:58+00:00","og_image":[{"width":2000,"height":1335,"url":"https:\/\/www.visitsaimaa.fi\/wp-content\/uploads\/2015\/12\/Saimaa-urlaub-hotel.jpg","type":"image\/jpeg"}],"twitter_misc":{"Gesch\u00e4tzte Lesezeit":"4 minutes"},"schema":{"@context":"https:\/\/schema.org","@graph":[{"@type":"WebPage","@id":"https:\/\/www.visitsaimaa.fi\/de\/finnische-seenplatte-hotel-saimaa\/","url":"https:\/\/www.visitsaimaa.fi\/de\/finnische-seenplatte-hotel-saimaa\/","name":"Finnische Seenplatte Hotel - Finnisches Design und Lebensweise sp\u00fcren - Visit Saimaa","isPartOf":{"@id":"https:\/\/www.visitsaimaa.fi\/fi\/#website"},"primaryImageOfPage":{"@id":"https:\/\/www.visitsaimaa.fi\/de\/finnische-seenplatte-hotel-saimaa\/#primaryimage"},"image":{"@id":"https:\/\/www.visitsaimaa.fi\/de\/finnische-seenplatte-hotel-saimaa\/#primaryimage"},"thumbnailUrl":"https:\/\/www.visitsaimaa.fi\/wp-content\/uploads\/2015\/12\/Saimaa-urlaub-hotel.jpg","datePublished":"2015-12-04T10:16:25+00:00","dateModified":"2024-03-18T12:30:58+00:00","description":"Alle Informationen \u00fcber Finnische Seenplatte Hotel. Hotels in Saimaa, Finnland zeichnen sich durch Design, Atmosph\u00e4re und Komfort aus.","breadcrumb":{"@id":"https:\/\/www.visitsaimaa.fi\/de\/finnische-seenplatte-hotel-saimaa\/#breadcrumb"},"inLanguage":"de-DE","potentialAction":[{"@type":"ReadAction","target":["https:\/\/www.visitsaimaa.fi\/de\/finnische-seenplatte-hotel-saimaa\/"]}]},{"@type":"ImageObject","inLanguage":"de-DE","@id":"https:\/\/www.visitsaimaa.fi\/de\/finnische-seenplatte-hotel-saimaa\/#primaryimage","url":"https:\/\/www.visitsaimaa.fi\/wp-content\/uploads\/2015\/12\/Saimaa-urlaub-hotel.jpg","contentUrl":"https:\/\/www.visitsaimaa.fi\/wp-content\/uploads\/2015\/12\/Saimaa-urlaub-hotel.jpg","width":2000,"height":1335,"caption":"Saimaa urlaub hotel"},{"@type":"BreadcrumbList","@id":"https:\/\/www.visitsaimaa.fi\/de\/finnische-seenplatte-hotel-saimaa\/#breadcrumb","itemListElement":[{"@type":"ListItem","position":1,"name":"Visit Saimaa","item":"https:\/\/www.visitsaimaa.fi\/de\/"},{"@type":"ListItem","position":2,"name":"Finnische Seenplatte Hotel &#8211; Finnisches Design und Lebensweise sp\u00fcren"}]},{"@type":"WebSite","@id":"https:\/\/www.visitsaimaa.fi\/fi\/#website","url":"https:\/\/www.visitsaimaa.fi\/fi\/","name":"Visit Saimaa","description":"The Official Travel Guide of Lakeland Saimaa","potentialAction":[{"@type":"SearchAction","target":{"@type":"EntryPoint","urlTemplate":"https:\/\/www.visitsaimaa.fi\/fi\/?s={search_term_string}"},"query-input":{"@type":"PropertyValueSpecification","valueRequired":true,"valueName":"search_term_string"}}],"inLanguage":"de-DE"}]}},"_links":{"self":[{"href":"https:\/\/www.visitsaimaa.fi\/de\/wp-json\/wp\/v2\/pages\/1658","targetHints":{"allow":["GET"]}}],"collection":[{"href":"https:\/\/www.visitsaimaa.fi\/de\/wp-json\/wp\/v2\/pages"}],"about":[{"href":"https:\/\/www.visitsaimaa.fi\/de\/wp-json\/wp\/v2\/types\/page"}],"author":[{"embeddable":true,"href":"https:\/\/www.visitsaimaa.fi\/de\/wp-json\/wp\/v2\/users\/14"}],"replies":[{"embeddable":true,"href":"https:\/\/www.visitsaimaa.fi\/de\/wp-json\/wp\/v2\/comments?post=1658"}],"version-history":[{"count":5,"href":"https:\/\/www.visitsaimaa.fi\/de\/wp-json\/wp\/v2\/pages\/1658\/revisions"}],"predecessor-version":[{"id":29782,"href":"https:\/\/www.visitsaimaa.fi\/de\/wp-json\/wp\/v2\/pages\/1658\/revisions\/29782"}],"wp:featuredmedia":[{"embeddable":true,"href":"https:\/\/www.visitsaimaa.fi\/de\/wp-json\/wp\/v2\/media\/1891"}],"wp:attachment":[{"href":"https:\/\/www.visitsaimaa.fi\/de\/wp-json\/wp\/v2\/media?parent=1658"}],"wp:term":[{"taxonomy":"relatedcontent","embeddable":true,"href":"https:\/\/www.visitsaimaa.fi\/de\/wp-json\/wp\/v2\/relatedcontent?post=1658"}],"curies":[{"name":"wp","href":"https:\/\/api.w.org\/{rel}","templated":true}]}}