{"id":1549,"date":"2015-12-11T12:50:15","date_gmt":"2015-12-11T10:50:15","guid":{"rendered":"https:\/\/www.visitsaimaa.fi\/de\/?page_id=1549"},"modified":"2017-12-04T11:09:16","modified_gmt":"2017-12-04T09:09:16","slug":"eisbaden-in-finnland-skandinavien","status":"publish","type":"page","link":"https:\/\/www.visitsaimaa.fi\/de\/eisbaden-in-finnland-skandinavien\/","title":{"rendered":"Eisbaden in Finnland &#8211; Sp\u00fcre das Leben"},"content":{"rendered":"<p>[vc_row full_width=&#8220;stretch_row_content_no_spaces&#8220;][vc_column]<div class=\"main_header big\">\n    <figure style=\"background-image: url('https:\/\/www.visitsaimaa.fi\/wp-content\/uploads\/2015\/11\/eisbaden-finnland-1920x600.jpg'); background-position: center center;\"><\/figure>\n    <div class=\"main_header_content\" style=\"\">\n        <div class=\"container\">\n            \n<h1 style=\"text-align: center\">Eisbaden im Seenland Saimaa<\/h1>\n<p style=\"text-align: center\">#saimaamoments<\/p>\n    \n        <\/div>\n    <\/div><!-- \/.container -->\n<\/div><!-- \/.main_header -->\n\n[\/vc_column][\/vc_row][vc_row][vc_column][vc_column_text]<\/p>\n<h2>Eisbaden im Seenland Saimaa, Finnland<\/h2>\n<p>[\/vc_column_text][\/vc_column][\/vc_row][vc_row][vc_column width=&#8220;1\/2&#8243;][vc_column_text]<strong>Blaue D\u00e4mmerung eines Winterabends, Dampf steigt aus dem Eisloch, ein Sternenhimmel \u00fcber Ihnen. Sie gehen die Treppe hinunter in das erfrischende Wasser und f\u00fchlen wie der Stress verfliegt. Ein Eisbad im Seenland Saimaa \u2013 was kann erfrischender sein?<\/strong><\/p>\n<p>Eisbaden in Finnland hei\u00dft Schwimmen in einem ausreichend gro\u00df gehackten Loch im Eis &#8230; oder \u201eWinterschwimmen\u201c, falls sich noch keine durchgehende Eisdecke gebildet hat.<\/p>\n<p><!--more--><\/p>\n<h3>Eisbaden vor, nach oder ohne Sauna<\/h3>\n<p>Das Eisbaden macht man idealerweise vor und nach der <a href=\"\/?page_id=1235\" target=\"_blank\" rel=\"noopener\">Sauna<\/a> \u2013 oder auch mal ganz ohne Sauna um den Kreislauf so richtig in Schwung zu bekommen. Das Eisbaden bietet au\u00dferdem viele Vorteile f\u00fcr die Gesundheit.<\/p>\n<p>Es erfrischt K\u00f6rper und Geist, reduziert den Stress sowie verbessert den Blutkreislauf und K\u00e4ltewiderstandsf\u00e4higkeit. Die k\u00f6rpereigenen Endorphine werden freigesetzt und Sie haben einfach gute Laune.<\/p>\n<p>In den Regionen Mikkeli, Savonlinna und Varkaus wird das Eisbaden in vielen Herbergsbetrieben angeboten und wir empfehlen es zumindest einmal auszuprobieren &#8211; so lebendig hat man sich noch nie gef\u00fchlt!<\/p>\n<h3>Eisbaden in Finnland: Auf Begleitung und Sicherheit achten!<\/h3>\n<p><strong>Vorsicht: <\/strong>Das Eisbaden kann f\u00fcr Menschen mit Herz- und Blutkreislaufbeschwerden ein gesundheitliches Risiko bedeuten, was einem bewusst sein soll.<\/p>\n<p>Au\u00dfer dem Eisloch sind ein sicherer Gehweg in das Eisloch und eine Anlage n\u00f6tig, die das Wasser in Bewegung setzt und somit das Zufrieren verhindert.<\/p>\n<p>Eisbaden sollte daher nur in Begleitung von erfahrenen Schwimmern passieren. Die lokalen Betriebe und Anbieter helfen hier gerne weiter und f\u00fchren die G\u00e4ste sicher und sorgsam in die Materie ein![\/vc_column_text][\/vc_column][\/vc_row][vc_row][vc_column][vc_column_text]<\/p>\n<h2>Betriebe, die M\u00f6glichkeit zum Eisbaden anbieten<\/h2>\n<p>[\/vc_column_text][\/vc_column][\/vc_row][vc_row][vc_column]<div class=\"posts-list-grid wpb_content_element\">\n                            <div class=\"row no-gutter\"><div class=\"row no-gutter\"><div class=\"col-xs-10 col-sm-5 col-lg-4 col-main row-two \">    <div class=\"post-box post-stub has-excerpt post-999 post type-post status-publish format-standard has-post-thumbnail hentry category-planen category-urlaub-mit-kindern tag-burg-olavinlinna tag-familienausflug tag-finnland-familienurlaub-savonlinna tag-kanu-touren tag-savonlinna-card tag-savonlinna-urlaub-reisetipps priority-3\" data-openid=\"finnland-familienurlaub-savonlinna-1-999-1\" data-contentid=\"1:999\" data-showrelated=\"1\" id=\"finnland-familienurlaub-savonlinna-1-999-1\">\n\n        <div class=\"vs_post_thumbnail\" style=\"background-image: url('https:\/\/www.visitsaimaa.fi\/wp-content\/themes\/visitsaimaa2019\/images\/default_visitsaimaa_2016.jpg')\" data-attachment=\"2799-1\"><\/div>\n        <div class=\"image_overlay\"><\/div>\n                \n                <a href=\"https:\/\/www.visitsaimaa.fi\/de\/finnland-familienurlaub-savonlinna\/\"  class=\" get-post-details\" title=\"Unvergesslicher Finnland Familienurlaub in Savonlinna\">\n            <span class=\"info\">\n                \n                                <span class=\"h3\">Familienurlaub in Savonlinna<\/span>\n                                    <span>Finnland Familienurlaub Savonlinna hei\u00dft Abendteuer, Spa\u00df und Spannung..<\/span>\n                                            <\/span><!-- \/.info -->\n        <\/a>\n\n    <\/div>\n    <\/div><!-- box-main --><div class=\"col-xs-10 col-sm-5 col-lg-6 col-rest row-two\"><div class=\"row no-gutter\"><div class=\"col-xs-10 col-lg-66\">    <div class=\"post-box filler social\" style=\"background-color: #3B5998;\">\n        <div class=\"icon\"><\/div>\n                    <div class=\"background-icon\" style=\" background-image: url('https:\/\/www.visitsaimaa.fi\/wp-content\/themes\/visitsaimaa2019\/images\/icons\/facebook-128.png');\" ><\/div>\n        \n        \n                    <a href=\"https:\/\/www.facebook.com\/visitsaimaa\/?fref=ts\" target=\"_blank\" >\n                    <span class=\"info\">\n                                            <\/span>\n                    <\/a>\n        \n    <\/div>\n\n    <\/div><div class=\"col-xs-5 col-lg-33\">    <div class=\"post-box filler social\" style=\"background-color: #3F729B;\">\n        <div class=\"icon\"><\/div>\n                    <div class=\"background-icon\" style=\" background-image: url('https:\/\/www.visitsaimaa.fi\/wp-content\/themes\/visitsaimaa2019\/images\/icons\/instagram-128.png');\" ><\/div>\n        \n        \n                    <a href=\"https:\/\/www.instagram.com\/visitsaimaa.fi\/\" target=\"_blank\" >\n                    <span class=\"info\">\n                                            <\/span>\n                    <\/a>\n        \n    <\/div>\n\n    <\/div><div class=\"col-xs-5 col-lg-33\">    <div class=\"post-box filler social\" style=\"background-color: #CD332D;\">\n        <div class=\"icon\"><\/div>\n                    <div class=\"background-icon\" style=\" background-image: url('https:\/\/www.visitsaimaa.fi\/wp-content\/themes\/visitsaimaa2019\/images\/icons\/youtube-128.png');\" ><\/div>\n        \n        \n                    <a href=\"https:\/\/www.youtube.com\/channel\/UCiH-1ug1BXX0lft1tL4Jayw\" target=\"_blank\" >\n                    <span class=\"info\">\n                                            <\/span>\n                    <\/a>\n        \n    <\/div>\n\n    <\/div><div class=\"col-xs-10 col-lg-66\">    <div class=\"post-box filler \" style=\"background-color: #360032;\">\n        <div class=\"icon\"><\/div>\n                    <div class=\"background-icon\" style=\" background-image: url('');\" ><\/div>\n        \n        \n                    <span class=\"info\">\n                                            <\/span>\n        \n    <\/div>\n\n    <\/div><\/div><!-- row --><\/div><!-- .rest --><\/div><!-- \/.row --><\/div><!-- \/.row -->\n                            <\/div><!--\/.posts-list-grid -->[\/vc_column][\/vc_row][vc_row][vc_column width=&#8220;1\/2&#8243;][vc_video link=&#8220;https:\/\/www.youtube.com\/watch?v=1yhfSJyDvZQ&#8220;][\/vc_column][vc_column width=&#8220;1\/2&#8243;][vc_video link=&#8220;https:\/\/www.youtube.com\/watch?v=sIEfOu7IzK4&#8243;][\/vc_column][\/vc_row][vc_row][vc_column][vc_column_text]<\/p>\n<h2>Wir empfehlen auch&#8230;<\/h2>\n<p>[\/vc_column_text][\/vc_column][\/vc_row][vc_row][vc_column]<div class=\"posts-list-grid wpb_content_element\">\n                            <div class=\"row no-gutter\"><div class=\"row no-gutter\"><div class=\"col-xs-10 col-sm-5 col-lg-4 col-main row-two \">    <div class=\"post-box post-stub post-1241 page type-page status-publish has-post-thumbnail hentry priority-3\"  data-contentid=\"1:1241\" data-showrelated=\"1\" id=\"finnland-urlaub-wohlbefinden-1-1241-2\">\n\n        <div class=\"vs_post_thumbnail\" style=\"background-image: url('https:\/\/www.visitsaimaa.fi\/wp-content\/themes\/visitsaimaa2019\/images\/default_visitsaimaa_2016.jpg')\" data-attachment=\"2896-1\"><\/div>\n        <div class=\"image_overlay\"><\/div>\n                \n                <a href=\"https:\/\/www.visitsaimaa.fi\/de\/finnland-urlaub-wohlbefinden\/\"  class=\"back-to-canonical \" title=\"Wohlbefinden im Finnland Urlaub: Energie tanken in der Natur\">\n            <span class=\"info\">\n                \n                                <span class=\"h3\">Entspannter Urlaub inmitten der Natur<\/span>\n                                            <\/span><!-- \/.info -->\n        <\/a>\n\n    <\/div>\n    <\/div><!-- box-main --><div class=\"col-xs-10 col-sm-5 col-lg-6 col-rest row-two\"><div class=\"row no-gutter\"><div class=\"col-xs-10 col-lg-66\">    <div class=\"post-box post-stub post-1222 page type-page status-publish has-post-thumbnail hentry priority-3\"  data-contentid=\"1:1222\" data-showrelated=\"1\" id=\"finnland-urlaub-winter-saimaa-1-1222-3\">\n\n        <div class=\"vs_post_thumbnail\" style=\"background-image: url('https:\/\/www.visitsaimaa.fi\/wp-content\/themes\/visitsaimaa2019\/images\/default_visitsaimaa_2016.jpg')\" data-attachment=\"1141-1\"><\/div>\n        <div class=\"image_overlay\"><\/div>\n                \n                <a href=\"https:\/\/www.visitsaimaa.fi\/de\/finnland-urlaub-winter-saimaa\/\"  class=\"back-to-canonical \" title=\"Finnland Urlaub im Winter: Saimaa unter einer weiten, wei\u00dfen Landschaft entdecken\">\n            <span class=\"info\">\n                \n                                <span class=\"h3\">Wintererlebnisse am Saimaa<\/span>\n                                            <\/span><!-- \/.info -->\n        <\/a>\n\n    <\/div>\n    <\/div><div class=\"col-xs-5 col-lg-33\">    <div class=\"post-box post-stub post-1213 page type-page status-publish has-post-thumbnail hentry priority-3\"  data-contentid=\"1:1213\" data-showrelated=\"1\" id=\"finnland-urlaub-erlebnisse-1-1213-4\">\n\n        <div class=\"vs_post_thumbnail\" style=\"background-image: url('https:\/\/www.visitsaimaa.fi\/wp-content\/themes\/visitsaimaa2019\/images\/default_visitsaimaa_2016.jpg')\" data-attachment=\"2904-1\"><\/div>\n        <div class=\"image_overlay\"><\/div>\n                \n                <a href=\"https:\/\/www.visitsaimaa.fi\/de\/finnland-urlaub-erlebnisse\/\"  class=\"back-to-canonical \" title=\"Finnland-Urlaub im Seenland Saimaa: weite Natur und spannende Erlebnisse\">\n            <span class=\"info\">\n                \n                                <span class=\"h3\">Weite Natur und Outdoor-Erlebnisse<\/span>\n                                            <\/span><!-- \/.info -->\n        <\/a>\n\n    <\/div>\n    <\/div><div class=\"col-xs-5 col-lg-33\">    <div class=\"post-box post-stub post-1211 page type-page status-publish has-post-thumbnail hentry priority-3\"  data-contentid=\"1:1211\" data-showrelated=\"1\" id=\"saimaa-urlaub-1-1211-5\">\n\n        <div class=\"vs_post_thumbnail\" style=\"background-image: url('https:\/\/www.visitsaimaa.fi\/wp-content\/themes\/visitsaimaa2019\/images\/default_visitsaimaa_2016.jpg')\" data-attachment=\"4308-1\"><\/div>\n        <div class=\"image_overlay\"><\/div>\n                \n                <a href=\"https:\/\/www.visitsaimaa.fi\/de\/saimaa-urlaub\/\"  class=\"back-to-canonical \" title=\"Saimaa Urlaub Unterk\u00fcnfte\">\n            <span class=\"info\">\n                \n                                <span class=\"h3\">Unterk\u00fcnfte im &#8222;Seenland Saimaa&#8220;<\/span>\n                                            <\/span><!-- \/.info -->\n        <\/a>\n\n    <\/div>\n    <\/div><div class=\"col-xs-10 col-lg-66\">    <div class=\"post-box post-stub post-1496 page type-page status-publish has-post-thumbnail hentry priority-3\"  data-contentid=\"1:1496\" data-showrelated=\"1\" id=\"finnland-langlaufen-urlaub-langlauf-1-1496-6\">\n\n        <div class=\"vs_post_thumbnail\" style=\"background-image: url('https:\/\/www.visitsaimaa.fi\/wp-content\/themes\/visitsaimaa2019\/images\/default_visitsaimaa_2016.jpg')\" data-attachment=\"1506-1\"><\/div>\n        <div class=\"image_overlay\"><\/div>\n                \n                <a href=\"https:\/\/www.visitsaimaa.fi\/de\/finnland-langlaufen-urlaub-langlauf\/\"  class=\"back-to-canonical \" title=\"Langlaufen im Finnland Urlaub: beste Loipen, ein zugefrorener See und sch\u00f6nste Winterlandschaft\">\n            <span class=\"info\">\n                \n                                <span class=\"h3\">Auf Skiern durchs &#8222;Seenland Saimaa&#8220;<\/span>\n                                            <\/span><!-- \/.info -->\n        <\/a>\n\n    <\/div>\n    <\/div><\/div><!-- row --><\/div><!-- .rest --><\/div><!-- \/.row --><\/div><!-- \/.row -->\n                            <\/div><!--\/.posts-list-grid -->[\/vc_column][\/vc_row]<\/p>\n","protected":false},"excerpt":{"rendered":"<p>[vc_row full_width=&#8220;stretch_row_content_no_spaces&#8220;][vc_column][\/vc_column][\/vc_row][vc_row][vc_column][vc_column_text] Eisbaden im Seenland Saimaa, Finnland [\/vc_column_text][\/vc_column][\/vc_row][vc_row][vc_column width=&#8220;1\/2&#8243;][vc_column_text]Blaue D\u00e4mmerung eines Winterabends, Dampf steigt aus dem Eisloch, ein Sternenhimmel \u00fcber Ihnen. Sie gehen die Treppe hinunter in das erfrischende Wasser [&hellip;]<\/p>\n","protected":false},"author":14,"featured_media":1551,"parent":0,"menu_order":0,"comment_status":"closed","ping_status":"closed","template":"","meta":{"footnotes":""},"relatedcontent":[],"class_list":{"0":"post-1549","1":"page","2":"type-page","3":"status-publish","4":"has-post-thumbnail","5":"hentry","7":"priority-3"},"yoast_head":"<!-- This site is optimized with the Yoast SEO Premium plugin v27.3 (Yoast SEO v27.5) - https:\/\/yoast.com\/product\/yoast-seo-premium-wordpress\/ -->\n<title>Eisbaden in Finnland - Sp\u00fcre das Leben - Visit Saimaa<\/title>\n<meta name=\"description\" content=\"Alle Informationen \u00fcber Eisbaden in Finnland. Schwimmen in einem Eisloch in Skandinavien um den Kreislauf anzuregen und Stress abzubauen.\" \/>\n<meta name=\"robots\" content=\"index, follow, max-snippet:-1, max-image-preview:large, max-video-preview:-1\" \/>\n<link rel=\"canonical\" href=\"https:\/\/www.visitsaimaa.fi\/de\/eisbaden-in-finnland-skandinavien\/\" \/>\n<meta property=\"og:locale\" content=\"de_DE\" \/>\n<meta property=\"og:type\" content=\"article\" \/>\n<meta property=\"og:title\" content=\"Eisbaden in Finnland - Sp\u00fcre das Leben\" \/>\n<meta property=\"og:description\" content=\"Alle Informationen \u00fcber Eisbaden in Finnland. Schwimmen in einem Eisloch in Skandinavien um den Kreislauf anzuregen und Stress abzubauen.\" \/>\n<meta property=\"og:url\" content=\"https:\/\/www.visitsaimaa.fi\/de\/eisbaden-in-finnland-skandinavien\/\" \/>\n<meta property=\"og:site_name\" content=\"Visit Saimaa\" \/>\n<meta property=\"article:modified_time\" content=\"2017-12-04T09:09:16+00:00\" \/>\n<meta property=\"og:image\" content=\"https:\/\/www.visitsaimaa.fi\/wp-content\/uploads\/2015\/11\/eisbaden-finnland.jpg\" \/>\n\t<meta property=\"og:image:width\" content=\"2000\" \/>\n\t<meta property=\"og:image:height\" content=\"1333\" \/>\n\t<meta property=\"og:image:type\" content=\"image\/jpeg\" \/>\n<meta name=\"twitter:label1\" content=\"Gesch\u00e4tzte Lesezeit\" \/>\n\t<meta name=\"twitter:data1\" content=\"2 minutes\" \/>\n<script type=\"application\/ld+json\" class=\"yoast-schema-graph\">{\"@context\":\"https:\\\/\\\/schema.org\",\"@graph\":[{\"@type\":\"WebPage\",\"@id\":\"https:\\\/\\\/www.visitsaimaa.fi\\\/de\\\/eisbaden-in-finnland-skandinavien\\\/\",\"url\":\"https:\\\/\\\/www.visitsaimaa.fi\\\/de\\\/eisbaden-in-finnland-skandinavien\\\/\",\"name\":\"Eisbaden in Finnland - Sp\u00fcre das Leben - Visit Saimaa\",\"isPartOf\":{\"@id\":\"https:\\\/\\\/www.visitsaimaa.fi\\\/fi\\\/#website\"},\"primaryImageOfPage\":{\"@id\":\"https:\\\/\\\/www.visitsaimaa.fi\\\/de\\\/eisbaden-in-finnland-skandinavien\\\/#primaryimage\"},\"image\":{\"@id\":\"https:\\\/\\\/www.visitsaimaa.fi\\\/de\\\/eisbaden-in-finnland-skandinavien\\\/#primaryimage\"},\"thumbnailUrl\":\"https:\\\/\\\/www.visitsaimaa.fi\\\/wp-content\\\/uploads\\\/2015\\\/11\\\/eisbaden-finnland.jpg\",\"datePublished\":\"2015-12-11T10:50:15+00:00\",\"dateModified\":\"2017-12-04T09:09:16+00:00\",\"description\":\"Alle Informationen \u00fcber Eisbaden in Finnland. Schwimmen in einem Eisloch in Skandinavien um den Kreislauf anzuregen und Stress abzubauen.\",\"breadcrumb\":{\"@id\":\"https:\\\/\\\/www.visitsaimaa.fi\\\/de\\\/eisbaden-in-finnland-skandinavien\\\/#breadcrumb\"},\"inLanguage\":\"de-DE\",\"potentialAction\":[{\"@type\":\"ReadAction\",\"target\":[\"https:\\\/\\\/www.visitsaimaa.fi\\\/de\\\/eisbaden-in-finnland-skandinavien\\\/\"]}]},{\"@type\":\"ImageObject\",\"inLanguage\":\"de-DE\",\"@id\":\"https:\\\/\\\/www.visitsaimaa.fi\\\/de\\\/eisbaden-in-finnland-skandinavien\\\/#primaryimage\",\"url\":\"https:\\\/\\\/www.visitsaimaa.fi\\\/wp-content\\\/uploads\\\/2015\\\/11\\\/eisbaden-finnland.jpg\",\"contentUrl\":\"https:\\\/\\\/www.visitsaimaa.fi\\\/wp-content\\\/uploads\\\/2015\\\/11\\\/eisbaden-finnland.jpg\",\"width\":2000,\"height\":1333,\"caption\":\"eisbaden finnland saimaa\"},{\"@type\":\"BreadcrumbList\",\"@id\":\"https:\\\/\\\/www.visitsaimaa.fi\\\/de\\\/eisbaden-in-finnland-skandinavien\\\/#breadcrumb\",\"itemListElement\":[{\"@type\":\"ListItem\",\"position\":1,\"name\":\"Visit Saimaa\",\"item\":\"https:\\\/\\\/www.visitsaimaa.fi\\\/de\\\/\"},{\"@type\":\"ListItem\",\"position\":2,\"name\":\"Eisbaden in Finnland &#8211; Sp\u00fcre das Leben\"}]},{\"@type\":\"WebSite\",\"@id\":\"https:\\\/\\\/www.visitsaimaa.fi\\\/fi\\\/#website\",\"url\":\"https:\\\/\\\/www.visitsaimaa.fi\\\/fi\\\/\",\"name\":\"Visit Saimaa\",\"description\":\"The Official Travel Guide of Lakeland Saimaa\",\"potentialAction\":[{\"@type\":\"SearchAction\",\"target\":{\"@type\":\"EntryPoint\",\"urlTemplate\":\"https:\\\/\\\/www.visitsaimaa.fi\\\/fi\\\/?s={search_term_string}\"},\"query-input\":{\"@type\":\"PropertyValueSpecification\",\"valueRequired\":true,\"valueName\":\"search_term_string\"}}],\"inLanguage\":\"de-DE\"}]}<\/script>\n<!-- \/ Yoast SEO Premium plugin. -->","yoast_head_json":{"title":"Eisbaden in Finnland - Sp\u00fcre das Leben - Visit Saimaa","description":"Alle Informationen \u00fcber Eisbaden in Finnland. Schwimmen in einem Eisloch in Skandinavien um den Kreislauf anzuregen und Stress abzubauen.","robots":{"index":"index","follow":"follow","max-snippet":"max-snippet:-1","max-image-preview":"max-image-preview:large","max-video-preview":"max-video-preview:-1"},"canonical":"https:\/\/www.visitsaimaa.fi\/de\/eisbaden-in-finnland-skandinavien\/","og_locale":"de_DE","og_type":"article","og_title":"Eisbaden in Finnland - Sp\u00fcre das Leben","og_description":"Alle Informationen \u00fcber Eisbaden in Finnland. Schwimmen in einem Eisloch in Skandinavien um den Kreislauf anzuregen und Stress abzubauen.","og_url":"https:\/\/www.visitsaimaa.fi\/de\/eisbaden-in-finnland-skandinavien\/","og_site_name":"Visit Saimaa","article_modified_time":"2017-12-04T09:09:16+00:00","og_image":[{"width":2000,"height":1333,"url":"https:\/\/www.visitsaimaa.fi\/wp-content\/uploads\/2015\/11\/eisbaden-finnland.jpg","type":"image\/jpeg"}],"twitter_misc":{"Gesch\u00e4tzte Lesezeit":"2 minutes"},"schema":{"@context":"https:\/\/schema.org","@graph":[{"@type":"WebPage","@id":"https:\/\/www.visitsaimaa.fi\/de\/eisbaden-in-finnland-skandinavien\/","url":"https:\/\/www.visitsaimaa.fi\/de\/eisbaden-in-finnland-skandinavien\/","name":"Eisbaden in Finnland - Sp\u00fcre das Leben - Visit Saimaa","isPartOf":{"@id":"https:\/\/www.visitsaimaa.fi\/fi\/#website"},"primaryImageOfPage":{"@id":"https:\/\/www.visitsaimaa.fi\/de\/eisbaden-in-finnland-skandinavien\/#primaryimage"},"image":{"@id":"https:\/\/www.visitsaimaa.fi\/de\/eisbaden-in-finnland-skandinavien\/#primaryimage"},"thumbnailUrl":"https:\/\/www.visitsaimaa.fi\/wp-content\/uploads\/2015\/11\/eisbaden-finnland.jpg","datePublished":"2015-12-11T10:50:15+00:00","dateModified":"2017-12-04T09:09:16+00:00","description":"Alle Informationen \u00fcber Eisbaden in Finnland. Schwimmen in einem Eisloch in Skandinavien um den Kreislauf anzuregen und Stress abzubauen.","breadcrumb":{"@id":"https:\/\/www.visitsaimaa.fi\/de\/eisbaden-in-finnland-skandinavien\/#breadcrumb"},"inLanguage":"de-DE","potentialAction":[{"@type":"ReadAction","target":["https:\/\/www.visitsaimaa.fi\/de\/eisbaden-in-finnland-skandinavien\/"]}]},{"@type":"ImageObject","inLanguage":"de-DE","@id":"https:\/\/www.visitsaimaa.fi\/de\/eisbaden-in-finnland-skandinavien\/#primaryimage","url":"https:\/\/www.visitsaimaa.fi\/wp-content\/uploads\/2015\/11\/eisbaden-finnland.jpg","contentUrl":"https:\/\/www.visitsaimaa.fi\/wp-content\/uploads\/2015\/11\/eisbaden-finnland.jpg","width":2000,"height":1333,"caption":"eisbaden finnland saimaa"},{"@type":"BreadcrumbList","@id":"https:\/\/www.visitsaimaa.fi\/de\/eisbaden-in-finnland-skandinavien\/#breadcrumb","itemListElement":[{"@type":"ListItem","position":1,"name":"Visit Saimaa","item":"https:\/\/www.visitsaimaa.fi\/de\/"},{"@type":"ListItem","position":2,"name":"Eisbaden in Finnland &#8211; Sp\u00fcre das Leben"}]},{"@type":"WebSite","@id":"https:\/\/www.visitsaimaa.fi\/fi\/#website","url":"https:\/\/www.visitsaimaa.fi\/fi\/","name":"Visit Saimaa","description":"The Official Travel Guide of Lakeland Saimaa","potentialAction":[{"@type":"SearchAction","target":{"@type":"EntryPoint","urlTemplate":"https:\/\/www.visitsaimaa.fi\/fi\/?s={search_term_string}"},"query-input":{"@type":"PropertyValueSpecification","valueRequired":true,"valueName":"search_term_string"}}],"inLanguage":"de-DE"}]}},"_links":{"self":[{"href":"https:\/\/www.visitsaimaa.fi\/de\/wp-json\/wp\/v2\/pages\/1549","targetHints":{"allow":["GET"]}}],"collection":[{"href":"https:\/\/www.visitsaimaa.fi\/de\/wp-json\/wp\/v2\/pages"}],"about":[{"href":"https:\/\/www.visitsaimaa.fi\/de\/wp-json\/wp\/v2\/types\/page"}],"author":[{"embeddable":true,"href":"https:\/\/www.visitsaimaa.fi\/de\/wp-json\/wp\/v2\/users\/14"}],"replies":[{"embeddable":true,"href":"https:\/\/www.visitsaimaa.fi\/de\/wp-json\/wp\/v2\/comments?post=1549"}],"version-history":[{"count":0,"href":"https:\/\/www.visitsaimaa.fi\/de\/wp-json\/wp\/v2\/pages\/1549\/revisions"}],"wp:featuredmedia":[{"embeddable":true,"href":"https:\/\/www.visitsaimaa.fi\/de\/wp-json\/wp\/v2\/media\/1551"}],"wp:attachment":[{"href":"https:\/\/www.visitsaimaa.fi\/de\/wp-json\/wp\/v2\/media?parent=1549"}],"wp:term":[{"taxonomy":"relatedcontent","embeddable":true,"href":"https:\/\/www.visitsaimaa.fi\/de\/wp-json\/wp\/v2\/relatedcontent?post=1549"}],"curies":[{"name":"wp","href":"https:\/\/api.w.org\/{rel}","templated":true}]}}