{"id":1544,"date":"2015-12-11T16:45:18","date_gmt":"2015-12-11T14:45:18","guid":{"rendered":"https:\/\/www.visitsaimaa.fi\/de\/?page_id=1544"},"modified":"2017-11-29T15:22:33","modified_gmt":"2017-11-29T13:22:33","slug":"schlittschuhlaufen-finnland","status":"publish","type":"page","link":"https:\/\/www.visitsaimaa.fi\/de\/schlittschuhlaufen-finnland\/","title":{"rendered":"Schlittschuhlaufen in Finnland: Nie die gleichen Runden drehen!"},"content":{"rendered":"<p>[vc_row full_width=&#8220;stretch_row_content_no_spaces&#8220;][vc_column]<div class=\"main_header big\">\n    <figure style=\"background-image: url('https:\/\/www.visitsaimaa.fi\/wp-content\/uploads\/2015\/11\/Finnland-Urlaub-Schlittschuhlaufen-1920x600.jpg'); background-position: center center;\"><\/figure>\n    <div class=\"main_header_content\" style=\"\">\n        <div class=\"container\">\n            \n<h1 style=\"text-align: center\">Schlittschuhlaufen im Seenland Saimaa<\/h1>\n<p style=\"text-align: center\">#saimaamoments<\/p>\n    \n        <\/div>\n    <\/div><!-- \/.container -->\n<\/div><!-- \/.main_header -->\n\n[\/vc_column][\/vc_row][vc_row][vc_column width=&#8220;1\/2&#8243;][vc_column_text]<\/p>\n<h2>Schlittschuhlaufen in Finnland: unterwegs in die endlosen wei\u00dfen Weiten des Saimaa-Sees<\/h2>\n<p>[\/vc_column_text][\/vc_column][\/vc_row][vc_row][vc_column width=&#8220;1\/2&#8243;][vc_column_text]<strong>Eine breit pr\u00e4parierte Eisbahn auf dem See, ebenes Eis, Proviant im Rucksack, umgeben von einer verschneiten Seenlandschaft, ein leichter Wind im Gesicht. Das ist Schlittschuhlaufen im finnischen Seenland Saimaa.<\/strong><\/p>\n<p class=\"leadtext textsize\">Eislaufen ist ein beliebter Wintersport in Finnland. Und zwar nicht nur, weil er leicht zu erlernen ist und viel Spa\u00df macht \u2013 Eislaufen ist auch sehr gesund. Ist es einmal viel zu kalt, dann gibt es nur eine M\u00f6glichkeit: schnell in die Sauna!<\/p>\n<p class=\"leadtext textsize\"><!--more--><\/p>\n<h3 class=\"leadtext textsize\">Schlittschuhlaufen in Finnland: Eislaufen den ganzen Winter lang<\/h3>\n<p>Die Schlittschuhlaufsaison in Finnland dauert vom Dezember, wenn der See festgefroren ist, bis M\u00e4rz, wenn nur noch die Mutigen auf dem See spazieren. Schlittschuhlaufen kann man aber nicht nur auf dem Natureis des Saimaas, sondern auch auf einem der vielen Eislaufpl\u00e4tzen.<\/p>\n<p>Die Sportpl\u00e4tze vieler finnischer Schulen werden im Winter zu Schlittschuhpl\u00e4tzen vereist, die nicht nur f\u00fcr Sch\u00fcler zur Verf\u00fcgung stehen. In Mikkeli findet sich auch eine Kunsteisbahn f\u00fcr besonders ge\u00fcbte Fahrer.<\/p>\n<p>Das Schlittschuhwandern ist f\u00fcr jedermann mit normaler Kondition geeignet.<\/p>\n<h3>Schlittschuhwandern &#8211; \u00dcber Eis und See Saimaa erkunden<\/h3>\n<p>Schlittschuhwandern ist eine f\u00fcr die ganze Familie passende Outdoor-Aktivit\u00e4t, denn die Kleinsten der Familie k\u00f6nnen in der Pulka mitgezogen werden. In der Savonlinna-Region finden sich gut pr\u00e4parierte Strecken in sch\u00f6ner abwechslungsreicher Landschaft.<\/p>\n<p>Die Ausr\u00fcstung f\u00fcr das Schlittschuhlaufen kann gemietet werden. Wir empfehlen gen\u00fcgend warme Kleidung mitzubringen![\/vc_column_text][\/vc_column][\/vc_row][vc_row][vc_column]<div class=\"posts-list-grid wpb_content_element\">\n                            <div class=\"row no-gutter\"><div class=\"row no-gutter\"><div class=\"col-xs-10 col-sm-5 col-lg-4 col-main row-two \">    <div class=\"post-box post-stub has-excerpt post-830 post type-post status-publish format-standard has-post-thumbnail hentry category-natur-erleben-im-winter tag-nationalpark-linnansaari tag-outdoor-aktivitaeten tag-saimaa tag-schlittschuhlaufen tag-schlittschuhwandern tag-seenplatte tag-winter-in-finnland tag-winter-in-saimaa priority-3\" data-openid=\"schlittschuhlaufen-finnland-schlittschuhwandern-1-830-1\" data-contentid=\"1:830\" data-showrelated=\"1\" id=\"schlittschuhlaufen-finnland-schlittschuhwandern-1-830-1\">\n\n        <div class=\"vs_post_thumbnail\" style=\"background-image: url('https:\/\/www.visitsaimaa.fi\/wp-content\/themes\/visitsaimaa2019\/images\/default_visitsaimaa_2016.jpg')\" data-attachment=\"1483-1\"><\/div>\n        <div class=\"image_overlay\"><\/div>\n                \n                <a href=\"https:\/\/www.visitsaimaa.fi\/de\/schlittschuhlaufen-finnland-schlittschuhwandern\/\"  class=\" get-post-details\" title=\"Nur auf der Seenplatte Saimaa in Finnland: tagelang Schlittschuhwandern\">\n            <span class=\"info\">\n                \n                                <span class=\"h3\">Schlittschuhwandern auf dem Saimaa<\/span>\n                                    <span>In Finnland Schlittschuhwandern geht am besten in Oravi und Rantasalmi. <\/span>\n                                            <\/span><!-- \/.info -->\n        <\/a>\n\n    <\/div>\n    <\/div><!-- box-main --><div class=\"col-xs-10 col-sm-5 col-lg-6 col-rest row-two\"><div class=\"row no-gutter\"><div class=\"col-xs-10 col-lg-66\">    <div class=\"post-box post-stub has-excerpt post-3289 post type-post status-publish format-standard has-post-thumbnail hentry category-yleinen-de priority-3\" data-openid=\"mit-schlittschuhen-ueber-36-kilometer-natureisbahn-1-3289-2\" data-contentid=\"1:3289\" data-showrelated=\"1\" id=\"mit-schlittschuhen-ueber-36-kilometer-natureisbahn-1-3289-2\">\n\n        <div class=\"vs_post_thumbnail\" style=\"background-image: url('https:\/\/www.visitsaimaa.fi\/wp-content\/themes\/visitsaimaa2019\/images\/default_visitsaimaa_2016.jpg')\" data-attachment=\"3292-1\"><\/div>\n        <div class=\"image_overlay\"><\/div>\n                \n                <a href=\"https:\/\/www.visitsaimaa.fi\/de\/mit-schlittschuhen-ueber-36-kilometer-natureisbahn\/\"  class=\" get-post-details\" title=\"Mit Schlittschuhen \u00fcber 36 Kilometer Natureisbahn\">\n            <span class=\"info\">\n                \n                                <span class=\"h3\">Schlittschuhlaufen auf Natureis<\/span>\n                                    <span>Rutschpartie im Robbenreich..<\/span>\n                                            <\/span><!-- \/.info -->\n        <\/a>\n\n    <\/div>\n    <\/div><div class=\"col-xs-5 col-lg-33\">    <div class=\"post-box filler social\" style=\"background-color: #CD332D;\">\n        <div class=\"icon\"><\/div>\n                    <div class=\"background-icon\" style=\" background-image: url('https:\/\/www.visitsaimaa.fi\/wp-content\/themes\/visitsaimaa2019\/images\/icons\/youtube-128.png');\" ><\/div>\n        \n        \n                    <a href=\"https:\/\/www.youtube.com\/channel\/UCiH-1ug1BXX0lft1tL4Jayw\" target=\"_blank\" >\n                    <span class=\"info\">\n                                            <\/span>\n                    <\/a>\n        \n    <\/div>\n\n    <\/div><div class=\"col-xs-5 col-lg-33\">    <div class=\"post-box filler social\" style=\"background-color: #3B5998;\">\n        <div class=\"icon\"><\/div>\n                    <div class=\"background-icon\" style=\" background-image: url('https:\/\/www.visitsaimaa.fi\/wp-content\/themes\/visitsaimaa2019\/images\/icons\/facebook-128.png');\" ><\/div>\n        \n        \n                    <a href=\"https:\/\/www.facebook.com\/visitsaimaa\/?fref=ts\" target=\"_blank\" >\n                    <span class=\"info\">\n                                            <\/span>\n                    <\/a>\n        \n    <\/div>\n\n    <\/div><div class=\"col-xs-10 col-lg-66\">    <div class=\"post-box filler social\" style=\"background-color: #3F729B;\">\n        <div class=\"icon\"><\/div>\n                    <div class=\"background-icon\" style=\" background-image: url('https:\/\/www.visitsaimaa.fi\/wp-content\/themes\/visitsaimaa2019\/images\/icons\/instagram-128.png');\" ><\/div>\n        \n        \n                    <a href=\"https:\/\/www.instagram.com\/visitsaimaa.fi\/\" target=\"_blank\" >\n                    <span class=\"info\">\n                                            <\/span>\n                    <\/a>\n        \n    <\/div>\n\n    <\/div><\/div><!-- row --><\/div><!-- .rest --><\/div><!-- \/.row --><\/div><!-- \/.row -->\n                            <\/div><!--\/.posts-list-grid -->[\/vc_column][\/vc_row][vc_row][vc_column][vc_column_text]<\/p>\n<h2>Unternehmen und Produkte<\/h2>\n<p>[\/vc_column_text][\/vc_column][\/vc_row][vc_row][vc_column]<div class=\"posts-list-grid wpb_content_element\">\n                            <div class=\"row no-gutter\"><div class=\"row no-gutter\"><div class=\"col-xs-10 col-sm-5 col-lg-4 col-main row-two \">    <div class=\"post-box post-stub has-excerpt post-999 post type-post status-publish format-standard has-post-thumbnail hentry category-planen category-urlaub-mit-kindern tag-burg-olavinlinna tag-familienausflug tag-finnland-familienurlaub-savonlinna tag-kanu-touren tag-savonlinna-card tag-savonlinna-urlaub-reisetipps priority-3\" data-openid=\"finnland-familienurlaub-savonlinna-1-999-3\" data-contentid=\"1:999\" data-showrelated=\"1\" id=\"finnland-familienurlaub-savonlinna-1-999-3\">\n\n        <div class=\"vs_post_thumbnail\" style=\"background-image: url('https:\/\/www.visitsaimaa.fi\/wp-content\/themes\/visitsaimaa2019\/images\/default_visitsaimaa_2016.jpg')\" data-attachment=\"2799-1\"><\/div>\n        <div class=\"image_overlay\"><\/div>\n                \n                <a href=\"https:\/\/www.visitsaimaa.fi\/de\/finnland-familienurlaub-savonlinna\/\"  class=\" get-post-details\" title=\"Unvergesslicher Finnland Familienurlaub in Savonlinna\">\n            <span class=\"info\">\n                \n                                <span class=\"h3\">Familienurlaub in Savonlinna<\/span>\n                                    <span>Finnland Familienurlaub Savonlinna hei\u00dft Abendteuer, Spa\u00df und Spannung..<\/span>\n                                            <\/span><!-- \/.info -->\n        <\/a>\n\n    <\/div>\n    <\/div><!-- box-main --><div class=\"col-xs-10 col-sm-5 col-lg-6 col-rest row-two\"><div class=\"row no-gutter\"><div class=\"col-xs-10 col-lg-66\">    <div class=\"post-box filler \" style=\"background-color: #360032;\">\n        <div class=\"icon\"><\/div>\n                    <div class=\"background-icon\" style=\" background-image: url('');\" ><\/div>\n        \n        \n                    <span class=\"info\">\n                                            <\/span>\n        \n    <\/div>\n\n    <\/div><div class=\"col-xs-5 col-lg-33\">    <div class=\"post-box filler \" style=\"background-color: #450440;\">\n        <div class=\"icon\"><\/div>\n                    <div class=\"background-icon\" style=\" background-image: url('');\" ><\/div>\n        \n        \n                    <span class=\"info\">\n                                            <\/span>\n        \n    <\/div>\n\n    <\/div><div class=\"col-xs-5 col-lg-33\">    <div class=\"post-box filler \" style=\"background-color: #5F385C;\">\n        <div class=\"icon\"><\/div>\n                    <div class=\"background-icon\" style=\" background-image: url('');\" ><\/div>\n        \n        \n                    <span class=\"info\">\n                                            <\/span>\n        \n    <\/div>\n\n    <\/div><div class=\"col-xs-10 col-lg-66\">    <div class=\"post-box filler \" style=\"background-color: #5A1E55;\">\n        <div class=\"icon\"><\/div>\n                    <div class=\"background-icon\" style=\" background-image: url('');\" ><\/div>\n        \n        \n                    <span class=\"info\">\n                                            <\/span>\n        \n    <\/div>\n\n    <\/div><\/div><!-- row --><\/div><!-- .rest --><\/div><!-- \/.row --><\/div><!-- \/.row -->\n                            <\/div><!--\/.posts-list-grid -->[\/vc_column][\/vc_row][vc_row][vc_column][vc_column_text]<\/p>\n<h2>Wir empfehlen auch&#8230;<\/h2>\n<p>[\/vc_column_text][\/vc_column][\/vc_row][vc_row][vc_column]<div class=\"posts-list-grid wpb_content_element\">\n                            <div class=\"row no-gutter\"><div class=\"row no-gutter\"><div class=\"col-xs-10 col-sm-5 col-lg-4 col-main row-two \">    <div class=\"post-box post-stub post-1222 page type-page status-publish has-post-thumbnail hentry priority-3\"  data-contentid=\"1:1222\" data-showrelated=\"1\" id=\"finnland-urlaub-winter-saimaa-1-1222-4\">\n\n        <div class=\"vs_post_thumbnail\" style=\"background-image: url('https:\/\/www.visitsaimaa.fi\/wp-content\/themes\/visitsaimaa2019\/images\/default_visitsaimaa_2016.jpg')\" data-attachment=\"1141-1\"><\/div>\n        <div class=\"image_overlay\"><\/div>\n                \n                <a href=\"https:\/\/www.visitsaimaa.fi\/de\/finnland-urlaub-winter-saimaa\/\"  class=\"back-to-canonical \" title=\"Finnland Urlaub im Winter: Saimaa unter einer weiten, wei\u00dfen Landschaft entdecken\">\n            <span class=\"info\">\n                \n                                <span class=\"h3\">Wintererlebnisse am Saimaa<\/span>\n                                            <\/span><!-- \/.info -->\n        <\/a>\n\n    <\/div>\n    <\/div><!-- box-main --><div class=\"col-xs-10 col-sm-5 col-lg-6 col-rest row-two\"><div class=\"row no-gutter\"><div class=\"col-xs-10 col-lg-66\">    <div class=\"post-box post-stub post-1211 page type-page status-publish has-post-thumbnail hentry priority-3\"  data-contentid=\"1:1211\" data-showrelated=\"1\" id=\"saimaa-urlaub-1-1211-5\">\n\n        <div class=\"vs_post_thumbnail\" style=\"background-image: url('https:\/\/www.visitsaimaa.fi\/wp-content\/themes\/visitsaimaa2019\/images\/default_visitsaimaa_2016.jpg')\" data-attachment=\"4308-1\"><\/div>\n        <div class=\"image_overlay\"><\/div>\n                \n                <a href=\"https:\/\/www.visitsaimaa.fi\/de\/saimaa-urlaub\/\"  class=\"back-to-canonical \" title=\"Saimaa Urlaub Unterk\u00fcnfte\">\n            <span class=\"info\">\n                \n                                <span class=\"h3\">Unterk\u00fcnfte im &#8222;Seenland Saimaa&#8220;<\/span>\n                                            <\/span><!-- \/.info -->\n        <\/a>\n\n    <\/div>\n    <\/div><div class=\"col-xs-5 col-lg-33\">    <div class=\"post-box post-stub post-708 page type-page status-publish has-post-thumbnail hentry priority-3\"  data-contentid=\"1:708\" data-showrelated=\"1\" id=\"finnland-saimaa-info-1-708-6\">\n\n        <div class=\"vs_post_thumbnail\" style=\"background-image: url('https:\/\/www.visitsaimaa.fi\/wp-content\/themes\/visitsaimaa2019\/images\/default_visitsaimaa_2016.jpg')\" data-attachment=\"248-1\"><\/div>\n        <div class=\"image_overlay\"><\/div>\n                \n                <a href=\"https:\/\/www.visitsaimaa.fi\/de\/finnland-saimaa-info\/\"  class=\"back-to-canonical \" title=\"Saimaa Info &#8211; Wissenswertes \u00fcber die Region\">\n            <span class=\"info\">\n                \n                                <span class=\"h3\">Wissenswertes zum &#8222;Seenland Saimaa&#8220;<\/span>\n                                            <\/span><!-- \/.info -->\n        <\/a>\n\n    <\/div>\n    <\/div><div class=\"col-xs-5 col-lg-33\">    <div class=\"post-box post-stub post-1239 page type-page status-publish has-post-thumbnail hentry priority-3\"  data-contentid=\"1:1239\" data-showrelated=\"1\" id=\"finnland-kulinarisches-im-saimaa-1-1239-7\">\n\n        <div class=\"vs_post_thumbnail\" style=\"background-image: url('https:\/\/www.visitsaimaa.fi\/wp-content\/themes\/visitsaimaa2019\/images\/default_visitsaimaa_2016.jpg')\" data-attachment=\"5610-1\"><\/div>\n        <div class=\"image_overlay\"><\/div>\n                \n                <a href=\"https:\/\/www.visitsaimaa.fi\/de\/finnland-kulinarisches-im-saimaa\/\"  class=\"back-to-canonical \" title=\"Kulinarisches aus dem Seenland Saimaa: direkt aus der Region\">\n            <span class=\"info\">\n                \n                                <span class=\"h3\">&#8222;Seenland Saimaa&#8220; kulinarisch<\/span>\n                                            <\/span><!-- \/.info -->\n        <\/a>\n\n    <\/div>\n    <\/div><div class=\"col-xs-10 col-lg-66\">    <div class=\"post-box post-stub post-1544 page type-page status-publish has-post-thumbnail hentry priority-3\"  data-contentid=\"1:1544\" data-showrelated=\"1\" id=\"schlittschuhlaufen-finnland-1-1544-8\">\n\n        <div class=\"vs_post_thumbnail\" style=\"background-image: url('https:\/\/www.visitsaimaa.fi\/wp-content\/themes\/visitsaimaa2019\/images\/default_visitsaimaa_2016.jpg')\" data-attachment=\"1666-1\"><\/div>\n        <div class=\"image_overlay\"><\/div>\n                \n                <a href=\"https:\/\/www.visitsaimaa.fi\/de\/schlittschuhlaufen-finnland\/\"  class=\"back-to-canonical \" title=\"Schlittschuhlaufen in Finnland: Nie die gleichen Runden drehen!\">\n            <span class=\"info\">\n                \n                                <span class=\"h3\">Schlittschuhlaufen auf dem Saimaa<\/span>\n                                            <\/span><!-- \/.info -->\n        <\/a>\n\n    <\/div>\n    <\/div><\/div><!-- row --><\/div><!-- .rest --><\/div><!-- \/.row --><\/div><!-- \/.row -->\n                            <\/div><!--\/.posts-list-grid -->[\/vc_column][\/vc_row]<\/p>\n","protected":false},"excerpt":{"rendered":"<p>[vc_row full_width=&#8220;stretch_row_content_no_spaces&#8220;][vc_column][\/vc_column][\/vc_row][vc_row][vc_column width=&#8220;1\/2&#8243;][vc_column_text] Schlittschuhlaufen in Finnland: unterwegs in die endlosen wei\u00dfen Weiten des Saimaa-Sees [\/vc_column_text][\/vc_column][\/vc_row][vc_row][vc_column width=&#8220;1\/2&#8243;][vc_column_text]Eine breit pr\u00e4parierte Eisbahn auf dem See, ebenes Eis, Proviant im Rucksack, umgeben von einer [&hellip;]<\/p>\n","protected":false},"author":14,"featured_media":1666,"parent":0,"menu_order":0,"comment_status":"closed","ping_status":"closed","template":"","meta":{"footnotes":""},"relatedcontent":[],"class_list":{"0":"post-1544","1":"page","2":"type-page","3":"status-publish","4":"has-post-thumbnail","5":"hentry","7":"priority-3"},"yoast_head":"<!-- This site is optimized with the Yoast SEO Premium plugin v27.3 (Yoast SEO v27.5) - https:\/\/yoast.com\/product\/yoast-seo-premium-wordpress\/ -->\n<title>Schlittschuhlaufen in Finnland: Nie die gleichen Runden drehen! - Visit Saimaa<\/title>\n<meta name=\"description\" content=\"Alle Informationen \u00fcber Schlittschuhlaufen in Finnland. Kilometerweit Schlittschuhwandern. Natureisbahnen und sch\u00f6ne Winterlandschaft wohin das Auge blickt.\" \/>\n<meta name=\"robots\" content=\"index, follow, max-snippet:-1, max-image-preview:large, max-video-preview:-1\" \/>\n<link rel=\"canonical\" href=\"https:\/\/www.visitsaimaa.fi\/de\/schlittschuhlaufen-finnland\/\" \/>\n<meta property=\"og:locale\" content=\"de_DE\" \/>\n<meta property=\"og:type\" content=\"article\" \/>\n<meta property=\"og:title\" content=\"Schlittschuhlaufen in Finnland: Nie die gleichen Runden drehen!\" \/>\n<meta property=\"og:description\" content=\"Alle Informationen \u00fcber Schlittschuhlaufen in Finnland. Kilometerweit Schlittschuhwandern. Natureisbahnen und sch\u00f6ne Winterlandschaft wohin das Auge blickt.\" \/>\n<meta property=\"og:url\" content=\"https:\/\/www.visitsaimaa.fi\/de\/schlittschuhlaufen-finnland\/\" \/>\n<meta property=\"og:site_name\" content=\"Visit Saimaa\" \/>\n<meta property=\"article:modified_time\" content=\"2017-11-29T13:22:33+00:00\" \/>\n<meta property=\"og:image\" content=\"https:\/\/www.visitsaimaa.fi\/wp-content\/uploads\/2015\/11\/Finnland-Urlaub-Schlittschuhlaufen.jpg\" \/>\n\t<meta property=\"og:image:width\" content=\"2000\" \/>\n\t<meta property=\"og:image:height\" content=\"1302\" \/>\n\t<meta property=\"og:image:type\" content=\"image\/jpeg\" \/>\n<meta name=\"twitter:label1\" content=\"Gesch\u00e4tzte Lesezeit\" \/>\n\t<meta name=\"twitter:data1\" content=\"2 minutes\" \/>\n<script type=\"application\/ld+json\" class=\"yoast-schema-graph\">{\"@context\":\"https:\\\/\\\/schema.org\",\"@graph\":[{\"@type\":\"WebPage\",\"@id\":\"https:\\\/\\\/www.visitsaimaa.fi\\\/de\\\/schlittschuhlaufen-finnland\\\/\",\"url\":\"https:\\\/\\\/www.visitsaimaa.fi\\\/de\\\/schlittschuhlaufen-finnland\\\/\",\"name\":\"Schlittschuhlaufen in Finnland: Nie die gleichen Runden drehen! - Visit Saimaa\",\"isPartOf\":{\"@id\":\"https:\\\/\\\/www.visitsaimaa.fi\\\/fi\\\/#website\"},\"primaryImageOfPage\":{\"@id\":\"https:\\\/\\\/www.visitsaimaa.fi\\\/de\\\/schlittschuhlaufen-finnland\\\/#primaryimage\"},\"image\":{\"@id\":\"https:\\\/\\\/www.visitsaimaa.fi\\\/de\\\/schlittschuhlaufen-finnland\\\/#primaryimage\"},\"thumbnailUrl\":\"https:\\\/\\\/www.visitsaimaa.fi\\\/wp-content\\\/uploads\\\/2015\\\/11\\\/Finnland-Urlaub-Schlittschuhlaufen.jpg\",\"datePublished\":\"2015-12-11T14:45:18+00:00\",\"dateModified\":\"2017-11-29T13:22:33+00:00\",\"description\":\"Alle Informationen \u00fcber Schlittschuhlaufen in Finnland. Kilometerweit Schlittschuhwandern. Natureisbahnen und sch\u00f6ne Winterlandschaft wohin das Auge blickt.\",\"breadcrumb\":{\"@id\":\"https:\\\/\\\/www.visitsaimaa.fi\\\/de\\\/schlittschuhlaufen-finnland\\\/#breadcrumb\"},\"inLanguage\":\"de-DE\",\"potentialAction\":[{\"@type\":\"ReadAction\",\"target\":[\"https:\\\/\\\/www.visitsaimaa.fi\\\/de\\\/schlittschuhlaufen-finnland\\\/\"]}]},{\"@type\":\"ImageObject\",\"inLanguage\":\"de-DE\",\"@id\":\"https:\\\/\\\/www.visitsaimaa.fi\\\/de\\\/schlittschuhlaufen-finnland\\\/#primaryimage\",\"url\":\"https:\\\/\\\/www.visitsaimaa.fi\\\/wp-content\\\/uploads\\\/2015\\\/11\\\/Finnland-Urlaub-Schlittschuhlaufen.jpg\",\"contentUrl\":\"https:\\\/\\\/www.visitsaimaa.fi\\\/wp-content\\\/uploads\\\/2015\\\/11\\\/Finnland-Urlaub-Schlittschuhlaufen.jpg\",\"width\":2000,\"height\":1302,\"caption\":\"Schlittschuhlaufen in Finnland: Nie die gleichen Runden drehen!\"},{\"@type\":\"BreadcrumbList\",\"@id\":\"https:\\\/\\\/www.visitsaimaa.fi\\\/de\\\/schlittschuhlaufen-finnland\\\/#breadcrumb\",\"itemListElement\":[{\"@type\":\"ListItem\",\"position\":1,\"name\":\"Visit Saimaa\",\"item\":\"https:\\\/\\\/www.visitsaimaa.fi\\\/de\\\/\"},{\"@type\":\"ListItem\",\"position\":2,\"name\":\"Schlittschuhlaufen in Finnland: Nie die gleichen Runden drehen!\"}]},{\"@type\":\"WebSite\",\"@id\":\"https:\\\/\\\/www.visitsaimaa.fi\\\/fi\\\/#website\",\"url\":\"https:\\\/\\\/www.visitsaimaa.fi\\\/fi\\\/\",\"name\":\"Visit Saimaa\",\"description\":\"The Official Travel Guide of Lakeland Saimaa\",\"potentialAction\":[{\"@type\":\"SearchAction\",\"target\":{\"@type\":\"EntryPoint\",\"urlTemplate\":\"https:\\\/\\\/www.visitsaimaa.fi\\\/fi\\\/?s={search_term_string}\"},\"query-input\":{\"@type\":\"PropertyValueSpecification\",\"valueRequired\":true,\"valueName\":\"search_term_string\"}}],\"inLanguage\":\"de-DE\"}]}<\/script>\n<!-- \/ Yoast SEO Premium plugin. -->","yoast_head_json":{"title":"Schlittschuhlaufen in Finnland: Nie die gleichen Runden drehen! - Visit Saimaa","description":"Alle Informationen \u00fcber Schlittschuhlaufen in Finnland. Kilometerweit Schlittschuhwandern. Natureisbahnen und sch\u00f6ne Winterlandschaft wohin das Auge blickt.","robots":{"index":"index","follow":"follow","max-snippet":"max-snippet:-1","max-image-preview":"max-image-preview:large","max-video-preview":"max-video-preview:-1"},"canonical":"https:\/\/www.visitsaimaa.fi\/de\/schlittschuhlaufen-finnland\/","og_locale":"de_DE","og_type":"article","og_title":"Schlittschuhlaufen in Finnland: Nie die gleichen Runden drehen!","og_description":"Alle Informationen \u00fcber Schlittschuhlaufen in Finnland. Kilometerweit Schlittschuhwandern. Natureisbahnen und sch\u00f6ne Winterlandschaft wohin das Auge blickt.","og_url":"https:\/\/www.visitsaimaa.fi\/de\/schlittschuhlaufen-finnland\/","og_site_name":"Visit Saimaa","article_modified_time":"2017-11-29T13:22:33+00:00","og_image":[{"width":2000,"height":1302,"url":"https:\/\/www.visitsaimaa.fi\/wp-content\/uploads\/2015\/11\/Finnland-Urlaub-Schlittschuhlaufen.jpg","type":"image\/jpeg"}],"twitter_misc":{"Gesch\u00e4tzte Lesezeit":"2 minutes"},"schema":{"@context":"https:\/\/schema.org","@graph":[{"@type":"WebPage","@id":"https:\/\/www.visitsaimaa.fi\/de\/schlittschuhlaufen-finnland\/","url":"https:\/\/www.visitsaimaa.fi\/de\/schlittschuhlaufen-finnland\/","name":"Schlittschuhlaufen in Finnland: Nie die gleichen Runden drehen! - Visit Saimaa","isPartOf":{"@id":"https:\/\/www.visitsaimaa.fi\/fi\/#website"},"primaryImageOfPage":{"@id":"https:\/\/www.visitsaimaa.fi\/de\/schlittschuhlaufen-finnland\/#primaryimage"},"image":{"@id":"https:\/\/www.visitsaimaa.fi\/de\/schlittschuhlaufen-finnland\/#primaryimage"},"thumbnailUrl":"https:\/\/www.visitsaimaa.fi\/wp-content\/uploads\/2015\/11\/Finnland-Urlaub-Schlittschuhlaufen.jpg","datePublished":"2015-12-11T14:45:18+00:00","dateModified":"2017-11-29T13:22:33+00:00","description":"Alle Informationen \u00fcber Schlittschuhlaufen in Finnland. Kilometerweit Schlittschuhwandern. Natureisbahnen und sch\u00f6ne Winterlandschaft wohin das Auge blickt.","breadcrumb":{"@id":"https:\/\/www.visitsaimaa.fi\/de\/schlittschuhlaufen-finnland\/#breadcrumb"},"inLanguage":"de-DE","potentialAction":[{"@type":"ReadAction","target":["https:\/\/www.visitsaimaa.fi\/de\/schlittschuhlaufen-finnland\/"]}]},{"@type":"ImageObject","inLanguage":"de-DE","@id":"https:\/\/www.visitsaimaa.fi\/de\/schlittschuhlaufen-finnland\/#primaryimage","url":"https:\/\/www.visitsaimaa.fi\/wp-content\/uploads\/2015\/11\/Finnland-Urlaub-Schlittschuhlaufen.jpg","contentUrl":"https:\/\/www.visitsaimaa.fi\/wp-content\/uploads\/2015\/11\/Finnland-Urlaub-Schlittschuhlaufen.jpg","width":2000,"height":1302,"caption":"Schlittschuhlaufen in Finnland: Nie die gleichen Runden drehen!"},{"@type":"BreadcrumbList","@id":"https:\/\/www.visitsaimaa.fi\/de\/schlittschuhlaufen-finnland\/#breadcrumb","itemListElement":[{"@type":"ListItem","position":1,"name":"Visit Saimaa","item":"https:\/\/www.visitsaimaa.fi\/de\/"},{"@type":"ListItem","position":2,"name":"Schlittschuhlaufen in Finnland: Nie die gleichen Runden drehen!"}]},{"@type":"WebSite","@id":"https:\/\/www.visitsaimaa.fi\/fi\/#website","url":"https:\/\/www.visitsaimaa.fi\/fi\/","name":"Visit Saimaa","description":"The Official Travel Guide of Lakeland Saimaa","potentialAction":[{"@type":"SearchAction","target":{"@type":"EntryPoint","urlTemplate":"https:\/\/www.visitsaimaa.fi\/fi\/?s={search_term_string}"},"query-input":{"@type":"PropertyValueSpecification","valueRequired":true,"valueName":"search_term_string"}}],"inLanguage":"de-DE"}]}},"_links":{"self":[{"href":"https:\/\/www.visitsaimaa.fi\/de\/wp-json\/wp\/v2\/pages\/1544","targetHints":{"allow":["GET"]}}],"collection":[{"href":"https:\/\/www.visitsaimaa.fi\/de\/wp-json\/wp\/v2\/pages"}],"about":[{"href":"https:\/\/www.visitsaimaa.fi\/de\/wp-json\/wp\/v2\/types\/page"}],"author":[{"embeddable":true,"href":"https:\/\/www.visitsaimaa.fi\/de\/wp-json\/wp\/v2\/users\/14"}],"replies":[{"embeddable":true,"href":"https:\/\/www.visitsaimaa.fi\/de\/wp-json\/wp\/v2\/comments?post=1544"}],"version-history":[{"count":0,"href":"https:\/\/www.visitsaimaa.fi\/de\/wp-json\/wp\/v2\/pages\/1544\/revisions"}],"wp:featuredmedia":[{"embeddable":true,"href":"https:\/\/www.visitsaimaa.fi\/de\/wp-json\/wp\/v2\/media\/1666"}],"wp:attachment":[{"href":"https:\/\/www.visitsaimaa.fi\/de\/wp-json\/wp\/v2\/media?parent=1544"}],"wp:term":[{"taxonomy":"relatedcontent","embeddable":true,"href":"https:\/\/www.visitsaimaa.fi\/de\/wp-json\/wp\/v2\/relatedcontent?post=1544"}],"curies":[{"name":"wp","href":"https:\/\/api.w.org\/{rel}","templated":true}]}}