{"id":1496,"date":"2015-12-11T13:43:55","date_gmt":"2015-12-11T11:43:55","guid":{"rendered":"https:\/\/www.visitsaimaa.fi\/de\/?page_id=1496"},"modified":"2024-03-18T13:35:46","modified_gmt":"2024-03-18T11:35:46","slug":"finnland-langlaufen-urlaub-langlauf","status":"publish","type":"page","link":"https:\/\/www.visitsaimaa.fi\/de\/finnland-langlaufen-urlaub-langlauf\/","title":{"rendered":"Langlaufen im Finnland Urlaub: beste Loipen, ein zugefrorener See und sch\u00f6nste Winterlandschaft"},"content":{"rendered":"<p>[vc_row full_width=&#8220;stretch_row_content_no_spaces&#8220;][vc_column]<div class=\"main_header big\">\n    <figure style=\"background-image: url('https:\/\/www.visitsaimaa.fi\/wp-content\/uploads\/2015\/11\/langlaufen-mantyharju-1920x600.jpg'); background-position: center center;\"><\/figure>\n    <div class=\"main_header_content\" style=\"\">\n        <div class=\"container\">\n            \n<h1 style=\"text-align: center\">Langlaufen im Seenland Saimaa<\/h1>\n<p style=\"text-align: center\">#saimaamoments<\/p>\n    \n        <\/div>\n    <\/div><!-- \/.container -->\n<\/div><!-- \/.main_header -->\n\n[\/vc_column][\/vc_row][vc_row][vc_column width=&#8220;1\/2&#8243;][vc_column_text]<\/p>\n<h2>Langlaufen im Seenland Saimaa: beste Loipen, ein zugefrorener See und sch\u00f6nste Winterlandschaft<\/h2>\n<p>[\/vc_column_text][\/vc_column][vc_column width=&#8220;1\/2&#8243;][\/vc_column][\/vc_row][vc_row][vc_column width=&#8220;1\/2&#8243;][vc_column_text]<strong>Wer gerne im Winter Langlaufen geht, erlebt im Seenland Saimaa einen Langlaufurlaub par excellence im Scho\u00df der Natur. Und wenn Sie m\u00f6glichst viele Skikilometer bew\u00e4ltigen m\u00f6chten, sind Sie hier richtig.<br \/>\n<\/strong><\/p>\n<p>Langlaufen h\u00e4lt fit und jung. Dieser Sport st\u00e4rkt und bewegt den ganzen K\u00f6rper. Damit ist Langlaufen ein sehr gesunder Sport, der die Ausdauer auf Vordermann bringt.<\/p>\n<p>Die finnische Saimaa-Region verf\u00fcgt \u00fcber ein weites, hunderte Kilometer reichendes, pr\u00e4pariertes Loipennetz. Die zugefrorene Seenlandschaft bietet gen\u00fcgend Platz, Strecken und die passende Kulisse, um die Langl\u00e4ufer zu versorgen.<\/p>\n<p><!--more--><\/p>\n<h3>Langlaufen im Finnland Urlaub &#8211; Entlang von Rastpl\u00e4tzen, Feuerstellen und Loipencaf\u00e9s<\/h3>\n<p>Das Langlaufgel\u00e4nde variiert vom Leichten zum Anspruchsvollen und die Routen schl\u00e4ngeln sich durch die atemberaubende finnische Waldnatur.<\/p>\n<p>An vielen gespurten Routen sind Rastpl\u00e4tze mit Feuerstellen f\u00fcr eine Proviantpause vorhanden. An den Routen gibt es auch in alten Geb\u00e4uden untergebrachte Loipencaf\u00e9s.<\/p>\n<p>In Saimaa bestimmt nicht nur die eigene Ausdauer und K\u00f6nnen die L\u00e4nge der Tour, sondern auch das Wetter. Bei Wind bleibt man im Schutz der W\u00e4lder und bei Sonne genie\u00dft man die tolle Weite der Seen in noch nie gesehenen Landschaften.<\/p>\n<h3>Selbst Langlaufen oder bei einem Event zuschauen<\/h3>\n<p>Im Seenland Saimaa k\u00f6nnen Sie auch an Skiveranstaltungen und -ausfl\u00fcgen f\u00fcr die ganze Familie oder an Wettk\u00e4mpfen teilnehmen. Die Events werden durch die kurzen Tage und die atmosph\u00e4rische Beleuchtung der Loipen eine spannende Erfahrung. Wir empfehlen warme Kleidung!<\/p>\n<p>Alle, die selber gerne fahren wollen &#8211; ein Skiverleih ist vorhanden.[\/vc_column_text][\/vc_column][vc_column width=&#8220;1\/2&#8243;][\/vc_column][\/vc_row][vc_row][vc_column][vc_column_text]<\/p>\n<h2>Wir empfehlen auch&#8230;<\/h2>\n<p>[\/vc_column_text][\/vc_column][\/vc_row][vc_row][vc_column]<div class=\"posts-list-grid wpb_content_element\">\n                            <div class=\"row no-gutter\"><div class=\"row no-gutter\"><div class=\"col-xs-10 col-sm-5 col-lg-4 col-main row-two \">    <div class=\"post-box post-stub post-1549 page type-page status-publish has-post-thumbnail hentry priority-3\"  data-contentid=\"1:1549\" data-showrelated=\"1\" id=\"eisbaden-in-finnland-skandinavien-1-1549-1\">\n\n        <div class=\"vs_post_thumbnail\" style=\"background-image: url('https:\/\/www.visitsaimaa.fi\/wp-content\/themes\/visitsaimaa2019\/images\/default_visitsaimaa_2016.jpg')\" data-attachment=\"1551-1\"><\/div>\n        <div class=\"image_overlay\"><\/div>\n                \n                <a href=\"https:\/\/www.visitsaimaa.fi\/de\/eisbaden-in-finnland-skandinavien\/\"  class=\"back-to-canonical \" title=\"Eisbaden in Finnland &#8211; Sp\u00fcre das Leben\">\n            <span class=\"info\">\n                \n                                <span class=\"h3\">Erfrischendes Eislochschwimmen<\/span>\n                                            <\/span><!-- \/.info -->\n        <\/a>\n\n    <\/div>\n    <\/div><!-- box-main --><div class=\"col-xs-10 col-sm-5 col-lg-6 col-rest row-two\"><div class=\"row no-gutter\"><div class=\"col-xs-10 col-lg-66\">    <div class=\"post-box post-stub post-1211 page type-page status-publish has-post-thumbnail hentry priority-3\"  data-contentid=\"1:1211\" data-showrelated=\"1\" id=\"saimaa-urlaub-1-1211-2\">\n\n        <div class=\"vs_post_thumbnail\" style=\"background-image: url('https:\/\/www.visitsaimaa.fi\/wp-content\/themes\/visitsaimaa2019\/images\/default_visitsaimaa_2016.jpg')\" data-attachment=\"4308-1\"><\/div>\n        <div class=\"image_overlay\"><\/div>\n                \n                <a href=\"https:\/\/www.visitsaimaa.fi\/de\/saimaa-urlaub\/\"  class=\"back-to-canonical \" title=\"Saimaa Urlaub Unterk\u00fcnfte\">\n            <span class=\"info\">\n                \n                                <span class=\"h3\">Unterk\u00fcnfte im &#8222;Seenland Saimaa&#8220;<\/span>\n                                            <\/span><!-- \/.info -->\n        <\/a>\n\n    <\/div>\n    <\/div><div class=\"col-xs-5 col-lg-33\">    <div class=\"post-box post-stub post-1241 page type-page status-publish has-post-thumbnail hentry priority-3\"  data-contentid=\"1:1241\" data-showrelated=\"1\" id=\"finnland-urlaub-wohlbefinden-1-1241-3\">\n\n        <div class=\"vs_post_thumbnail\" style=\"background-image: url('https:\/\/www.visitsaimaa.fi\/wp-content\/themes\/visitsaimaa2019\/images\/default_visitsaimaa_2016.jpg')\" data-attachment=\"2896-1\"><\/div>\n        <div class=\"image_overlay\"><\/div>\n                \n                <a href=\"https:\/\/www.visitsaimaa.fi\/de\/finnland-urlaub-wohlbefinden\/\"  class=\"back-to-canonical \" title=\"Wohlbefinden im Finnland Urlaub: Energie tanken in der Natur\">\n            <span class=\"info\">\n                \n                                <span class=\"h3\">Entspannter Urlaub inmitten der Natur<\/span>\n                                            <\/span><!-- \/.info -->\n        <\/a>\n\n    <\/div>\n    <\/div><div class=\"col-xs-5 col-lg-33\">    <div class=\"post-box post-stub post-1213 page type-page status-publish has-post-thumbnail hentry priority-3\"  data-contentid=\"1:1213\" data-showrelated=\"1\" id=\"finnland-urlaub-erlebnisse-1-1213-4\">\n\n        <div class=\"vs_post_thumbnail\" style=\"background-image: url('https:\/\/www.visitsaimaa.fi\/wp-content\/themes\/visitsaimaa2019\/images\/default_visitsaimaa_2016.jpg')\" data-attachment=\"2904-1\"><\/div>\n        <div class=\"image_overlay\"><\/div>\n                \n                <a href=\"https:\/\/www.visitsaimaa.fi\/de\/finnland-urlaub-erlebnisse\/\"  class=\"back-to-canonical \" title=\"Finnland-Urlaub im Seenland Saimaa: weite Natur und spannende Erlebnisse\">\n            <span class=\"info\">\n                \n                                <span class=\"h3\">Weite Natur und Outdoor-Erlebnisse<\/span>\n                                            <\/span><!-- \/.info -->\n        <\/a>\n\n    <\/div>\n    <\/div><div class=\"col-xs-10 col-lg-66\">    <div class=\"post-box post-stub post-1544 page type-page status-publish has-post-thumbnail hentry priority-3\"  data-contentid=\"1:1544\" data-showrelated=\"1\" id=\"schlittschuhlaufen-finnland-1-1544-5\">\n\n        <div class=\"vs_post_thumbnail\" style=\"background-image: url('https:\/\/www.visitsaimaa.fi\/wp-content\/themes\/visitsaimaa2019\/images\/default_visitsaimaa_2016.jpg')\" data-attachment=\"1666-1\"><\/div>\n        <div class=\"image_overlay\"><\/div>\n                \n                <a href=\"https:\/\/www.visitsaimaa.fi\/de\/schlittschuhlaufen-finnland\/\"  class=\"back-to-canonical \" title=\"Schlittschuhlaufen in Finnland: Nie die gleichen Runden drehen!\">\n            <span class=\"info\">\n                \n                                <span class=\"h3\">Schlittschuhlaufen auf dem Saimaa<\/span>\n                                            <\/span><!-- \/.info -->\n        <\/a>\n\n    <\/div>\n    <\/div><\/div><!-- row --><\/div><!-- .rest --><\/div><!-- \/.row --><\/div><!-- \/.row -->\n                            <\/div><!--\/.posts-list-grid -->[\/vc_column][\/vc_row]<\/p>\n","protected":false},"excerpt":{"rendered":"<p>[vc_row full_width=&#8220;stretch_row_content_no_spaces&#8220;][vc_column][\/vc_column][\/vc_row][vc_row][vc_column width=&#8220;1\/2&#8243;][vc_column_text] Langlaufen im Seenland Saimaa: beste Loipen, ein zugefrorener See und sch\u00f6nste Winterlandschaft [\/vc_column_text][\/vc_column][vc_column width=&#8220;1\/2&#8243;][\/vc_column][\/vc_row][vc_row][vc_column width=&#8220;1\/2&#8243;][vc_column_text]Wer gerne im Winter Langlaufen geht, erlebt im Seenland Saimaa einen Langlaufurlaub par [&hellip;]<\/p>\n","protected":false},"author":14,"featured_media":1506,"parent":0,"menu_order":0,"comment_status":"closed","ping_status":"closed","template":"","meta":{"footnotes":""},"relatedcontent":[],"class_list":{"0":"post-1496","1":"page","2":"type-page","3":"status-publish","4":"has-post-thumbnail","5":"hentry","7":"priority-3"},"yoast_head":"<!-- This site is optimized with the Yoast SEO Premium plugin v27.3 (Yoast SEO v27.5) - https:\/\/yoast.com\/product\/yoast-seo-premium-wordpress\/ -->\n<title>Langlaufen im Finnland Urlaub: beste Loipen, ein zugefrorener See und sch\u00f6nste Winterlandschaft - Visit Saimaa<\/title>\n<meta name=\"description\" content=\"Hunderte Kilometer beste Loipen und eine Winterlandschaft wie aus dem Bilderbuch wartet auf alle, die zum Langlaufen im Finnland Urlaub nach Saimaa kommen.\" \/>\n<meta name=\"robots\" content=\"index, follow, max-snippet:-1, max-image-preview:large, max-video-preview:-1\" \/>\n<link rel=\"canonical\" href=\"https:\/\/www.visitsaimaa.fi\/de\/finnland-langlaufen-urlaub-langlauf\/\" \/>\n<meta property=\"og:locale\" content=\"de_DE\" \/>\n<meta property=\"og:type\" content=\"article\" \/>\n<meta property=\"og:title\" content=\"Langlaufen im Finnland Urlaub: beste Loipen, ein zugefrorener See und sch\u00f6nste Winterlandschaft\" \/>\n<meta property=\"og:description\" content=\"Hunderte Kilometer beste Loipen und eine Winterlandschaft wie aus dem Bilderbuch wartet auf alle, die zum Langlaufen im Finnland Urlaub nach Saimaa kommen.\" \/>\n<meta property=\"og:url\" content=\"https:\/\/www.visitsaimaa.fi\/de\/finnland-langlaufen-urlaub-langlauf\/\" \/>\n<meta property=\"og:site_name\" content=\"Visit Saimaa\" \/>\n<meta property=\"article:modified_time\" content=\"2024-03-18T11:35:46+00:00\" \/>\n<meta property=\"og:image\" content=\"https:\/\/www.visitsaimaa.fi\/wp-content\/uploads\/2015\/11\/langlaufen-mantyharju.jpg\" \/>\n\t<meta property=\"og:image:width\" content=\"2048\" \/>\n\t<meta property=\"og:image:height\" content=\"1365\" \/>\n\t<meta property=\"og:image:type\" content=\"image\/jpeg\" \/>\n<meta name=\"twitter:label1\" content=\"Gesch\u00e4tzte Lesezeit\" \/>\n\t<meta name=\"twitter:data1\" content=\"2 minutes\" \/>\n<script type=\"application\/ld+json\" class=\"yoast-schema-graph\">{\"@context\":\"https:\\\/\\\/schema.org\",\"@graph\":[{\"@type\":\"WebPage\",\"@id\":\"https:\\\/\\\/www.visitsaimaa.fi\\\/de\\\/finnland-langlaufen-urlaub-langlauf\\\/\",\"url\":\"https:\\\/\\\/www.visitsaimaa.fi\\\/de\\\/finnland-langlaufen-urlaub-langlauf\\\/\",\"name\":\"Langlaufen im Finnland Urlaub: beste Loipen, ein zugefrorener See und sch\u00f6nste Winterlandschaft - Visit Saimaa\",\"isPartOf\":{\"@id\":\"https:\\\/\\\/www.visitsaimaa.fi\\\/fi\\\/#website\"},\"primaryImageOfPage\":{\"@id\":\"https:\\\/\\\/www.visitsaimaa.fi\\\/de\\\/finnland-langlaufen-urlaub-langlauf\\\/#primaryimage\"},\"image\":{\"@id\":\"https:\\\/\\\/www.visitsaimaa.fi\\\/de\\\/finnland-langlaufen-urlaub-langlauf\\\/#primaryimage\"},\"thumbnailUrl\":\"https:\\\/\\\/www.visitsaimaa.fi\\\/wp-content\\\/uploads\\\/2015\\\/11\\\/langlaufen-mantyharju.jpg\",\"datePublished\":\"2015-12-11T11:43:55+00:00\",\"dateModified\":\"2024-03-18T11:35:46+00:00\",\"description\":\"Hunderte Kilometer beste Loipen und eine Winterlandschaft wie aus dem Bilderbuch wartet auf alle, die zum Langlaufen im Finnland Urlaub nach Saimaa kommen.\",\"breadcrumb\":{\"@id\":\"https:\\\/\\\/www.visitsaimaa.fi\\\/de\\\/finnland-langlaufen-urlaub-langlauf\\\/#breadcrumb\"},\"inLanguage\":\"de-DE\",\"potentialAction\":[{\"@type\":\"ReadAction\",\"target\":[\"https:\\\/\\\/www.visitsaimaa.fi\\\/de\\\/finnland-langlaufen-urlaub-langlauf\\\/\"]}]},{\"@type\":\"ImageObject\",\"inLanguage\":\"de-DE\",\"@id\":\"https:\\\/\\\/www.visitsaimaa.fi\\\/de\\\/finnland-langlaufen-urlaub-langlauf\\\/#primaryimage\",\"url\":\"https:\\\/\\\/www.visitsaimaa.fi\\\/wp-content\\\/uploads\\\/2015\\\/11\\\/langlaufen-mantyharju.jpg\",\"contentUrl\":\"https:\\\/\\\/www.visitsaimaa.fi\\\/wp-content\\\/uploads\\\/2015\\\/11\\\/langlaufen-mantyharju.jpg\",\"width\":2048,\"height\":1365,\"caption\":\"Langlaufen im Finnland Urlaub: beste Loipen, ein zugefrorener See und sch\u00f6nste Winterlandschaft\"},{\"@type\":\"BreadcrumbList\",\"@id\":\"https:\\\/\\\/www.visitsaimaa.fi\\\/de\\\/finnland-langlaufen-urlaub-langlauf\\\/#breadcrumb\",\"itemListElement\":[{\"@type\":\"ListItem\",\"position\":1,\"name\":\"Visit Saimaa\",\"item\":\"https:\\\/\\\/www.visitsaimaa.fi\\\/de\\\/\"},{\"@type\":\"ListItem\",\"position\":2,\"name\":\"Langlaufen im Finnland Urlaub: beste Loipen, ein zugefrorener See und sch\u00f6nste Winterlandschaft\"}]},{\"@type\":\"WebSite\",\"@id\":\"https:\\\/\\\/www.visitsaimaa.fi\\\/fi\\\/#website\",\"url\":\"https:\\\/\\\/www.visitsaimaa.fi\\\/fi\\\/\",\"name\":\"Visit Saimaa\",\"description\":\"The Official Travel Guide of Lakeland Saimaa\",\"potentialAction\":[{\"@type\":\"SearchAction\",\"target\":{\"@type\":\"EntryPoint\",\"urlTemplate\":\"https:\\\/\\\/www.visitsaimaa.fi\\\/fi\\\/?s={search_term_string}\"},\"query-input\":{\"@type\":\"PropertyValueSpecification\",\"valueRequired\":true,\"valueName\":\"search_term_string\"}}],\"inLanguage\":\"de-DE\"}]}<\/script>\n<!-- \/ Yoast SEO Premium plugin. -->","yoast_head_json":{"title":"Langlaufen im Finnland Urlaub: beste Loipen, ein zugefrorener See und sch\u00f6nste Winterlandschaft - Visit Saimaa","description":"Hunderte Kilometer beste Loipen und eine Winterlandschaft wie aus dem Bilderbuch wartet auf alle, die zum Langlaufen im Finnland Urlaub nach Saimaa kommen.","robots":{"index":"index","follow":"follow","max-snippet":"max-snippet:-1","max-image-preview":"max-image-preview:large","max-video-preview":"max-video-preview:-1"},"canonical":"https:\/\/www.visitsaimaa.fi\/de\/finnland-langlaufen-urlaub-langlauf\/","og_locale":"de_DE","og_type":"article","og_title":"Langlaufen im Finnland Urlaub: beste Loipen, ein zugefrorener See und sch\u00f6nste Winterlandschaft","og_description":"Hunderte Kilometer beste Loipen und eine Winterlandschaft wie aus dem Bilderbuch wartet auf alle, die zum Langlaufen im Finnland Urlaub nach Saimaa kommen.","og_url":"https:\/\/www.visitsaimaa.fi\/de\/finnland-langlaufen-urlaub-langlauf\/","og_site_name":"Visit Saimaa","article_modified_time":"2024-03-18T11:35:46+00:00","og_image":[{"width":2048,"height":1365,"url":"https:\/\/www.visitsaimaa.fi\/wp-content\/uploads\/2015\/11\/langlaufen-mantyharju.jpg","type":"image\/jpeg"}],"twitter_misc":{"Gesch\u00e4tzte Lesezeit":"2 minutes"},"schema":{"@context":"https:\/\/schema.org","@graph":[{"@type":"WebPage","@id":"https:\/\/www.visitsaimaa.fi\/de\/finnland-langlaufen-urlaub-langlauf\/","url":"https:\/\/www.visitsaimaa.fi\/de\/finnland-langlaufen-urlaub-langlauf\/","name":"Langlaufen im Finnland Urlaub: beste Loipen, ein zugefrorener See und sch\u00f6nste Winterlandschaft - Visit Saimaa","isPartOf":{"@id":"https:\/\/www.visitsaimaa.fi\/fi\/#website"},"primaryImageOfPage":{"@id":"https:\/\/www.visitsaimaa.fi\/de\/finnland-langlaufen-urlaub-langlauf\/#primaryimage"},"image":{"@id":"https:\/\/www.visitsaimaa.fi\/de\/finnland-langlaufen-urlaub-langlauf\/#primaryimage"},"thumbnailUrl":"https:\/\/www.visitsaimaa.fi\/wp-content\/uploads\/2015\/11\/langlaufen-mantyharju.jpg","datePublished":"2015-12-11T11:43:55+00:00","dateModified":"2024-03-18T11:35:46+00:00","description":"Hunderte Kilometer beste Loipen und eine Winterlandschaft wie aus dem Bilderbuch wartet auf alle, die zum Langlaufen im Finnland Urlaub nach Saimaa kommen.","breadcrumb":{"@id":"https:\/\/www.visitsaimaa.fi\/de\/finnland-langlaufen-urlaub-langlauf\/#breadcrumb"},"inLanguage":"de-DE","potentialAction":[{"@type":"ReadAction","target":["https:\/\/www.visitsaimaa.fi\/de\/finnland-langlaufen-urlaub-langlauf\/"]}]},{"@type":"ImageObject","inLanguage":"de-DE","@id":"https:\/\/www.visitsaimaa.fi\/de\/finnland-langlaufen-urlaub-langlauf\/#primaryimage","url":"https:\/\/www.visitsaimaa.fi\/wp-content\/uploads\/2015\/11\/langlaufen-mantyharju.jpg","contentUrl":"https:\/\/www.visitsaimaa.fi\/wp-content\/uploads\/2015\/11\/langlaufen-mantyharju.jpg","width":2048,"height":1365,"caption":"Langlaufen im Finnland Urlaub: beste Loipen, ein zugefrorener See und sch\u00f6nste Winterlandschaft"},{"@type":"BreadcrumbList","@id":"https:\/\/www.visitsaimaa.fi\/de\/finnland-langlaufen-urlaub-langlauf\/#breadcrumb","itemListElement":[{"@type":"ListItem","position":1,"name":"Visit Saimaa","item":"https:\/\/www.visitsaimaa.fi\/de\/"},{"@type":"ListItem","position":2,"name":"Langlaufen im Finnland Urlaub: beste Loipen, ein zugefrorener See und sch\u00f6nste Winterlandschaft"}]},{"@type":"WebSite","@id":"https:\/\/www.visitsaimaa.fi\/fi\/#website","url":"https:\/\/www.visitsaimaa.fi\/fi\/","name":"Visit Saimaa","description":"The Official Travel Guide of Lakeland Saimaa","potentialAction":[{"@type":"SearchAction","target":{"@type":"EntryPoint","urlTemplate":"https:\/\/www.visitsaimaa.fi\/fi\/?s={search_term_string}"},"query-input":{"@type":"PropertyValueSpecification","valueRequired":true,"valueName":"search_term_string"}}],"inLanguage":"de-DE"}]}},"_links":{"self":[{"href":"https:\/\/www.visitsaimaa.fi\/de\/wp-json\/wp\/v2\/pages\/1496","targetHints":{"allow":["GET"]}}],"collection":[{"href":"https:\/\/www.visitsaimaa.fi\/de\/wp-json\/wp\/v2\/pages"}],"about":[{"href":"https:\/\/www.visitsaimaa.fi\/de\/wp-json\/wp\/v2\/types\/page"}],"author":[{"embeddable":true,"href":"https:\/\/www.visitsaimaa.fi\/de\/wp-json\/wp\/v2\/users\/14"}],"replies":[{"embeddable":true,"href":"https:\/\/www.visitsaimaa.fi\/de\/wp-json\/wp\/v2\/comments?post=1496"}],"version-history":[{"count":1,"href":"https:\/\/www.visitsaimaa.fi\/de\/wp-json\/wp\/v2\/pages\/1496\/revisions"}],"predecessor-version":[{"id":29770,"href":"https:\/\/www.visitsaimaa.fi\/de\/wp-json\/wp\/v2\/pages\/1496\/revisions\/29770"}],"wp:featuredmedia":[{"embeddable":true,"href":"https:\/\/www.visitsaimaa.fi\/de\/wp-json\/wp\/v2\/media\/1506"}],"wp:attachment":[{"href":"https:\/\/www.visitsaimaa.fi\/de\/wp-json\/wp\/v2\/media?parent=1496"}],"wp:term":[{"taxonomy":"relatedcontent","embeddable":true,"href":"https:\/\/www.visitsaimaa.fi\/de\/wp-json\/wp\/v2\/relatedcontent?post=1496"}],"curies":[{"name":"wp","href":"https:\/\/api.w.org\/{rel}","templated":true}]}}