{"id":14748,"date":"2019-09-09T13:02:23","date_gmt":"2019-09-09T10:02:23","guid":{"rendered":"https:\/\/www.visitsaimaa.fi\/saimaan-charmantit\/"},"modified":"2019-11-12T09:59:06","modified_gmt":"2019-11-12T07:59:06","slug":"saimaan-charmantit","status":"publish","type":"page","link":"https:\/\/www.visitsaimaa.fi\/de\/saimaan-charmantit\/","title":{"rendered":"Saimaan Charmantit"},"content":{"rendered":"<p>[vc_row full_width=&#8220;stretch_row_content_no_spaces&#8220; parallax=&#8220;content-moving-fade&#8220; parallax_image=&#8220;14182&#8243; css=&#8220;.vc_custom_1569583444824{padding-top: 250px !important;padding-bottom: 250px !important;}&#8220;][vc_column][vc_column_text]<\/p>\n<h2 class=\"montserrat\" style=\"text-align: center\"><span style=\"color: #ffffff;font-size: 5rem;letter-spacing: .3em\"><span style=\"font-weight: 500\"><a href=\"https:\/\/www.visitsaimaa.fi\/wp-content\/uploads\/2019\/09\/SaimaanCharmantit_Quality250.png\"><img loading=\"lazy\" decoding=\"async\" class=\"alignnone size-full wp-image-14363\" src=\"https:\/\/www.visitsaimaa.fi\/wp-content\/uploads\/2019\/09\/SaimaanCharmantit_Quality250.png\" alt=\"\" width=\"250\" height=\"256\" \/><\/a><\/span><\/span><\/h2>\n<h2 class=\"montserrat\" style=\"text-align: center\"><span style=\"color: #ffffff;font-size: 5rem;letter-spacing: .3em\"><span style=\"font-weight: 500\">SAIMAAN CHARMANTIT<\/span><\/span><\/h2>\n<p>[\/vc_column_text][\/vc_column][\/vc_row][vc_row css=&#8220;.vc_custom_1567421184936{margin-bottom: 50px !important;}&#8220;][vc_column][vc_column_text]<\/p>\n<h1 class=\"playfair\" style=\"text-align: center\">Einzigartige Besuchsziele<\/h1>\n<p style=\"text-align: center\">Wir hei\u00dfen Sie bei uns willkommen &#8211; die Charmanten vom Saimaa-See! Wir sind insgesamt 12 kleine, hochwertige, gleichgesinnte Tourismusunternehmen. Jeder von uns hat eine interessante und lange Geschichte, unsere Umgebung ist sch\u00f6n und unsere K\u00fcche auf Speisen aus der Region spezialisiert. Bei uns schlafen Sie in bester Qualit\u00e4t. Wir verzaubern Sie mit Geschmackserlebnissen Bei uns genie\u00dfen Sie liebevoll zubereitetes Essen in unseren gem\u00fctlichen Restaurants. Sie probieren lokale Fischdelikatessen und kosten die besten Backwaren des Landes. Bei uns vergessen Sie Ihren gesch\u00e4ftigen Alltag. In unseren alten G\u00e4rten f\u00fchlen Sie sich auf wundersame Weise gl\u00fccklich. Sie finden Waldpfade und wundersch\u00f6ne Seenlandschaften. Sie gehen in Sauna, schwimmen und angeln. Sie h\u00f6ren den magischen Stimmen der Sommernacht zu. Sie shoppen. Machen Schn\u00e4ppchen in unseren Boutiquen. F\u00fcr sich selbst, f\u00fcr Ihr Heim und als Mitbringsel. W\u00fcnschen Sie sich Tanzveranstaltungen im Freien und Sommertheater? Freuen Sie sich auf Marktveranstaltungen, Kunstausstellungen, Konzerte, Oper&#8230;. das l\u00e4sst sich machen!<\/p>\n<p style=\"text-align: center\"><strong>Wir sind die Charmanten vom Saimaa-See. Wir kennen einander. Wir trauen uns, uns gegenseitig zu empfehlen, denn wir arbeiten bereits seit 2003 zusammen, damit unsere G\u00e4ste sich wohlf\u00fchlen. Hier in S\u00fcd-Savo finden Sie wirklich alles! Lockere Veranstaltungen, nette Leute. Selbst Dampfschiffe.<\/strong><\/p>\n<h3 style=\"text-align: center\"><strong>Wir warten bereits auf Sie, herzlich willkommen!<\/strong><\/h3>\n<p>[\/vc_column_text][\/vc_column][\/vc_row][vc_row equal_height=&#8220;yes&#8220;][vc_column width=&#8220;1\/3&#8243; css=&#8220;.vc_custom_1570100144250{padding-top: 260px !important;padding-bottom: 20px !important;background-image: url(https:\/\/www.visitsaimaa.fi\/wp-content\/uploads\/2019\/09\/Anttolanhovi_ilmakuva.jpg?id=14002) !important;background-position: center !important;background-repeat: no-repeat !important;background-size: cover !important;}&#8220;][vc_btn title=&#8220;Anttolanhovi&#8220; style=&#8220;flat&#8220; shape=&#8220;square&#8220; color=&#8220;black&#8220; size=&#8220;lg&#8220; align=&#8220;center&#8220; el_class=&#8220;btn-saimaa&#8220; link=&#8220;url:https%3A%2F%2Fwww.visitsaimaa.fi%2Fde%2Fsaimaan-charmantit%2Fanttolanhovi%2F|title:Anttolanhovi||&#8220;][\/vc_column][vc_column width=&#8220;1\/3&#8243; css=&#8220;.vc_custom_1570100138485{padding-top: 260px !important;padding-bottom: 20px !important;background-image: url(https:\/\/www.visitsaimaa.fi\/wp-content\/uploads\/2019\/09\/Kenkavero_1.jpg?id=14150) !important;background-position: center !important;background-repeat: no-repeat !important;background-size: cover !important;}&#8220;][vc_btn title=&#8220;Kenk\u00e4vero&#8220; style=&#8220;flat&#8220; shape=&#8220;square&#8220; color=&#8220;black&#8220; size=&#8220;lg&#8220; align=&#8220;center&#8220; el_class=&#8220;btn-saimaa&#8220; link=&#8220;url:https%3A%2F%2Fwww.visitsaimaa.fi%2Fde%2Fsaimaan-charmantit%2Fkenkavero%2F|title:Kenk%C3%A4vero||&#8220;][\/vc_column][vc_column width=&#8220;1\/3&#8243; css=&#8220;.vc_custom_1570100159348{padding-top: 260px !important;padding-bottom: 20px !important;background-image: url(https:\/\/www.visitsaimaa.fi\/wp-content\/uploads\/2019\/09\/Kyyhkyla_Kartanokuva.jpg?id=14134) !important;background-position: center !important;background-repeat: no-repeat !important;background-size: cover !important;}&#8220;][vc_btn title=&#8220;Gutshof und Hotel Kyyhkyl\u00e4&#8220; style=&#8220;flat&#8220; shape=&#8220;square&#8220; color=&#8220;black&#8220; size=&#8220;lg&#8220; align=&#8220;center&#8220; el_class=&#8220;btn-saimaa&#8220; link=&#8220;url:https%3A%2F%2Fwww.visitsaimaa.fi%2Fde%2Fsaimaan-charmantit%2Fkyyhkylan-kartano-ja-hotelli%2F|title:Kyyhkyl%C3%A4n%20Kartano%20ja%20Hotelli||&#8220;][\/vc_column][\/vc_row][vc_row equal_height=&#8220;yes&#8220;][vc_column width=&#8220;1\/3&#8243; css=&#8220;.vc_custom_1570100176898{padding-top: 260px !important;padding-bottom: 20px !important;background-image: url(https:\/\/www.visitsaimaa.fi\/wp-content\/uploads\/2019\/09\/Loikansaaren_lomamokit_1.jpg?id=14099) !important;background-position: center !important;background-repeat: no-repeat !important;background-size: cover !important;}&#8220;][vc_btn title=&#8220;Ferienh\u00e4user Loikansaari&#8220; style=&#8220;flat&#8220; shape=&#8220;square&#8220; color=&#8220;black&#8220; size=&#8220;lg&#8220; align=&#8220;center&#8220; el_class=&#8220;btn-saimaa&#8220; link=&#8220;url:https%3A%2F%2Fwww.visitsaimaa.fi%2Fde%2Fsaimaan-charmantit%2Floikansaaren-lomamokit%2F|title:Loikansaaren%20lomam%C3%B6kit||&#8220;][\/vc_column][vc_column width=&#8220;1\/3&#8243; css=&#8220;.vc_custom_1570100182977{padding-top: 260px !important;padding-bottom: 20px !important;background-image: url(https:\/\/www.visitsaimaa.fi\/wp-content\/uploads\/2019\/09\/Lomamokkila_1.jpg?id=14198) !important;background-position: center !important;background-repeat: no-repeat !important;background-size: cover !important;}&#8220;][vc_btn title=&#8220;Lomamokkila&#8220; style=&#8220;flat&#8220; shape=&#8220;square&#8220; color=&#8220;black&#8220; size=&#8220;lg&#8220; align=&#8220;center&#8220; el_class=&#8220;btn-saimaa&#8220; link=&#8220;url:https%3A%2F%2Fwww.visitsaimaa.fi%2Fde%2Fsaimaan-charmantit%2Flomamokkila%2F|title:Lomamokkila||&#8220;][\/vc_column][vc_column width=&#8220;1\/3&#8243; css=&#8220;.vc_custom_1570100188098{padding-top: 260px !important;padding-bottom: 20px !important;background-image: url(https:\/\/www.visitsaimaa.fi\/wp-content\/uploads\/2019\/09\/Punkaharjun_Lomamatkailu_1.jpg?id=14058) !important;background-position: center !important;background-repeat: no-repeat !important;background-size: cover !important;}&#8220;][vc_btn title=&#8220;Hotel Punkaharju&#8220; style=&#8220;flat&#8220; shape=&#8220;square&#8220; color=&#8220;black&#8220; size=&#8220;lg&#8220; align=&#8220;center&#8220; el_class=&#8220;btn-saimaa&#8220; link=&#8220;url:https%3A%2F%2Fwww.visitsaimaa.fi%2Fde%2Fsaimaan-charmantit%2Fpunkaharjun-luontomatkailu-oy%2F|title:Punkaharjun%20Luontomatkailu%20Oy||&#8220;][\/vc_column][\/vc_row][vc_row equal_height=&#8220;yes&#8220;][vc_column width=&#8220;1\/3&#8243; css=&#8220;.vc_custom_1570100547169{padding-top: 260px !important;padding-bottom: 20px !important;background-image: url(https:\/\/www.visitsaimaa.fi\/wp-content\/uploads\/2019\/10\/Ollinmaen_Viinitila_Viinitila.jpg?id=14431) !important;background-position: center !important;background-repeat: no-repeat !important;background-size: cover !important;}&#8220;][vc_btn title=&#8220;Weingut Ollinm\u00e4ki&#8220; style=&#8220;flat&#8220; shape=&#8220;square&#8220; color=&#8220;black&#8220; size=&#8220;lg&#8220; align=&#8220;center&#8220; el_class=&#8220;btn-saimaa&#8220; link=&#8220;url:https%3A%2F%2Fwww.visitsaimaa.fi%2Fde%2Fsaimaan-charmantit%2Follinmaen-viinitila%2F|title:Tynkkyl%C3%A4n%20Lomaniemi||&#8220;][\/vc_column][vc_column width=&#8220;1\/3&#8243; css=&#8220;.vc_custom_1570100540967{padding-top: 260px !important;padding-bottom: 20px !important;background-image: url(https:\/\/www.visitsaimaa.fi\/wp-content\/uploads\/2019\/09\/ss_Punkaharju_Ship-e1569570180651.jpg?id=14093) !important;background-position: center !important;background-repeat: no-repeat !important;background-size: cover !important;}&#8220;][vc_btn title=&#8220;s\/s Punkaharju&#8220; style=&#8220;flat&#8220; shape=&#8220;square&#8220; color=&#8220;black&#8220; size=&#8220;lg&#8220; align=&#8220;center&#8220; el_class=&#8220;btn-saimaa&#8220; link=&#8220;url:https%3A%2F%2Fwww.visitsaimaa.fi%2Fde%2Fsaimaan-charmantit%2Fs-s-punkaharju%2F|title:s%2Fs%20Punkaharju||&#8220;][\/vc_column][vc_column width=&#8220;1\/3&#8243; css=&#8220;.vc_custom_1570100534917{padding-top: 260px !important;padding-bottom: 20px !important;background-image: url(https:\/\/www.visitsaimaa.fi\/wp-content\/uploads\/2019\/09\/Sahanlahti_1.jpg?id=13969) !important;background-position: center !important;background-repeat: no-repeat !important;background-size: cover !important;}&#8220;][vc_btn title=&#8220;Sahanlahti Resort&#8220; style=&#8220;flat&#8220; shape=&#8220;square&#8220; color=&#8220;black&#8220; size=&#8220;lg&#8220; align=&#8220;center&#8220; el_class=&#8220;btn-saimaa&#8220; link=&#8220;url:https%3A%2F%2Fwww.visitsaimaa.fi%2Fde%2Fsaimaan-charmantit%2Fsahanlahti-resort%2F|title:Sahanlahti%20Resort||&#8220;][\/vc_column][\/vc_row][vc_row equal_height=&#8220;yes&#8220; css=&#8220;.vc_custom_1569415567405{margin-bottom: 50px !important;}&#8220;][vc_column width=&#8220;1\/3&#8243; css=&#8220;.vc_custom_1570100528834{padding-top: 260px !important;padding-bottom: 20px !important;background-image: url(https:\/\/www.visitsaimaa.fi\/wp-content\/uploads\/2019\/09\/VisitSaimaa_TeahouseOfWehmais14sfw.jpg?id=14334) !important;background-position: center !important;background-repeat: no-repeat !important;background-size: cover !important;}&#8220;][vc_btn title=&#8220;TeaHouse of Wehmais&#8220; style=&#8220;flat&#8220; shape=&#8220;square&#8220; color=&#8220;black&#8220; size=&#8220;lg&#8220; align=&#8220;center&#8220; el_class=&#8220;btn-saimaa&#8220; link=&#8220;url:https%3A%2F%2Fwww.visitsaimaa.fi%2Fde%2Fsaimaan-charmantit%2Fteahouse-of-wehmais%2F|title:TeaHouse%20of%20Wehmais||&#8220;][\/vc_column][vc_column width=&#8220;1\/3&#8243; css=&#8220;.vc_custom_1570100523733{padding-top: 260px !important;padding-bottom: 20px !important;background-image: url(https:\/\/www.visitsaimaa.fi\/wp-content\/uploads\/2019\/09\/Tertin_Kartano_KARTANO_LUXURY.jpg?id=13667) !important;background-position: center !important;background-repeat: no-repeat !important;background-size: cover !important;}&#8220;][vc_btn title=&#8220;Gutshof Tertti&#8220; style=&#8220;flat&#8220; shape=&#8220;square&#8220; color=&#8220;black&#8220; size=&#8220;lg&#8220; align=&#8220;center&#8220; el_class=&#8220;btn-saimaa&#8220; link=&#8220;url:https%3A%2F%2Fwww.visitsaimaa.fi%2Fde%2Fsaimaan-charmantit%2Ftertin-kartano%2F|title:Tertin%20Kartano||&#8220;][\/vc_column][vc_column width=&#8220;1\/3&#8243; css=&#8220;.vc_custom_1570100518283{padding-top: 260px !important;padding-bottom: 20px !important;background: #ffffff url(https:\/\/www.visitsaimaa.fi\/wp-content\/uploads\/2019\/09\/Lomaniemi_Ilma.png?id=13933) !important;background-position: center !important;background-repeat: no-repeat !important;background-size: cover !important;}&#8220;][vc_btn title=&#8220;Tynkkyl\u00e4n Lomaniemi&#8220; style=&#8220;flat&#8220; shape=&#8220;square&#8220; color=&#8220;black&#8220; size=&#8220;lg&#8220; align=&#8220;center&#8220; el_class=&#8220;btn-saimaa&#8220; link=&#8220;url:https%3A%2F%2Fwww.visitsaimaa.fi%2Fde%2Fsaimaan-charmantit%2Ftynkkylan-lomaniemi%2F|title:Tynkkyl%C3%A4n%20Lomaniemi||&#8220;][\/vc_column][\/vc_row]<\/p>\n","protected":false},"excerpt":{"rendered":"<p>[vc_row full_width=&#8220;stretch_row_content_no_spaces&#8220; parallax=&#8220;content-moving-fade&#8220; parallax_image=&#8220;14182&#8243; css=&#8220;.vc_custom_1569583444824{padding-top: 250px !important;padding-bottom: 250px !important;}&#8220;][vc_column][vc_column_text] SAIMAAN CHARMANTIT [\/vc_column_text][\/vc_column][\/vc_row][vc_row css=&#8220;.vc_custom_1567421184936{margin-bottom: 50px !important;}&#8220;][vc_column][vc_column_text] Einzigartige Besuchsziele Wir hei\u00dfen Sie bei uns willkommen &#8211; die Charmanten vom Saimaa-See! Wir sind [&hellip;]<\/p>\n","protected":false},"author":46,"featured_media":0,"parent":0,"menu_order":0,"comment_status":"closed","ping_status":"closed","template":"","meta":{"footnotes":""},"relatedcontent":[],"class_list":{"0":"post-14748","1":"page","2":"type-page","3":"status-publish","4":"hentry","6":"priority-3"},"yoast_head":"<!-- This site is optimized with the Yoast SEO Premium plugin v27.3 (Yoast SEO v27.5) - https:\/\/yoast.com\/product\/yoast-seo-premium-wordpress\/ -->\n<title>Saimaan Charmantit - Visit Saimaa<\/title>\n<meta name=\"description\" content=\"SAIMAAN CHARMANTIT Einzigartige Besuchsziele Wir hei\u00dfen Sie bei uns willkommen - die Charmanten vom Saimaa-See! Wir sind insgesamt 12 kleine, hochwertige,\" \/>\n<meta name=\"robots\" content=\"index, follow, max-snippet:-1, max-image-preview:large, max-video-preview:-1\" \/>\n<link rel=\"canonical\" href=\"https:\/\/www.visitsaimaa.fi\/de\/saimaan-charmantit\/\" \/>\n<meta property=\"og:locale\" content=\"de_DE\" \/>\n<meta property=\"og:type\" content=\"article\" \/>\n<meta property=\"og:title\" content=\"Saimaan Charmantit\" \/>\n<meta property=\"og:description\" content=\"SAIMAAN CHARMANTIT Einzigartige Besuchsziele Wir hei\u00dfen Sie bei uns willkommen - die Charmanten vom Saimaa-See! Wir sind insgesamt 12 kleine, hochwertige,\" \/>\n<meta property=\"og:url\" content=\"https:\/\/www.visitsaimaa.fi\/de\/saimaan-charmantit\/\" \/>\n<meta property=\"og:site_name\" content=\"Visit Saimaa\" \/>\n<meta property=\"article:modified_time\" content=\"2019-11-12T07:59:06+00:00\" \/>\n<meta property=\"og:image\" content=\"https:\/\/www.visitsaimaa.fi\/wp-content\/uploads\/2019\/09\/SaimaanCharmantit_Quality250.png\" \/>\n<meta name=\"twitter:label1\" content=\"Gesch\u00e4tzte Lesezeit\" \/>\n\t<meta name=\"twitter:data1\" content=\"6 minutes\" \/>\n<script type=\"application\/ld+json\" class=\"yoast-schema-graph\">{\"@context\":\"https:\\\/\\\/schema.org\",\"@graph\":[{\"@type\":\"WebPage\",\"@id\":\"https:\\\/\\\/www.visitsaimaa.fi\\\/de\\\/saimaan-charmantit\\\/\",\"url\":\"https:\\\/\\\/www.visitsaimaa.fi\\\/de\\\/saimaan-charmantit\\\/\",\"name\":\"Saimaan Charmantit - Visit Saimaa\",\"isPartOf\":{\"@id\":\"https:\\\/\\\/www.visitsaimaa.fi\\\/fi\\\/#website\"},\"primaryImageOfPage\":{\"@id\":\"https:\\\/\\\/www.visitsaimaa.fi\\\/de\\\/saimaan-charmantit\\\/#primaryimage\"},\"image\":{\"@id\":\"https:\\\/\\\/www.visitsaimaa.fi\\\/de\\\/saimaan-charmantit\\\/#primaryimage\"},\"thumbnailUrl\":\"https:\\\/\\\/www.visitsaimaa.fi\\\/wp-content\\\/uploads\\\/2019\\\/09\\\/SaimaanCharmantit_Quality250.png\",\"datePublished\":\"2019-09-09T10:02:23+00:00\",\"dateModified\":\"2019-11-12T07:59:06+00:00\",\"description\":\"SAIMAAN CHARMANTIT Einzigartige Besuchsziele Wir hei\u00dfen Sie bei uns willkommen - die Charmanten vom Saimaa-See! Wir sind insgesamt 12 kleine, hochwertige,\",\"breadcrumb\":{\"@id\":\"https:\\\/\\\/www.visitsaimaa.fi\\\/de\\\/saimaan-charmantit\\\/#breadcrumb\"},\"inLanguage\":\"de-DE\",\"potentialAction\":[{\"@type\":\"ReadAction\",\"target\":[\"https:\\\/\\\/www.visitsaimaa.fi\\\/de\\\/saimaan-charmantit\\\/\"]}]},{\"@type\":\"ImageObject\",\"inLanguage\":\"de-DE\",\"@id\":\"https:\\\/\\\/www.visitsaimaa.fi\\\/de\\\/saimaan-charmantit\\\/#primaryimage\",\"url\":\"https:\\\/\\\/www.visitsaimaa.fi\\\/wp-content\\\/uploads\\\/2019\\\/09\\\/SaimaanCharmantit_Quality250.png\",\"contentUrl\":\"https:\\\/\\\/www.visitsaimaa.fi\\\/wp-content\\\/uploads\\\/2019\\\/09\\\/SaimaanCharmantit_Quality250.png\"},{\"@type\":\"BreadcrumbList\",\"@id\":\"https:\\\/\\\/www.visitsaimaa.fi\\\/de\\\/saimaan-charmantit\\\/#breadcrumb\",\"itemListElement\":[{\"@type\":\"ListItem\",\"position\":1,\"name\":\"Visit Saimaa\",\"item\":\"https:\\\/\\\/www.visitsaimaa.fi\\\/de\\\/\"},{\"@type\":\"ListItem\",\"position\":2,\"name\":\"Saimaan Charmantit\"}]},{\"@type\":\"WebSite\",\"@id\":\"https:\\\/\\\/www.visitsaimaa.fi\\\/fi\\\/#website\",\"url\":\"https:\\\/\\\/www.visitsaimaa.fi\\\/fi\\\/\",\"name\":\"Visit Saimaa\",\"description\":\"The Official Travel Guide of Lakeland Saimaa\",\"potentialAction\":[{\"@type\":\"SearchAction\",\"target\":{\"@type\":\"EntryPoint\",\"urlTemplate\":\"https:\\\/\\\/www.visitsaimaa.fi\\\/fi\\\/?s={search_term_string}\"},\"query-input\":{\"@type\":\"PropertyValueSpecification\",\"valueRequired\":true,\"valueName\":\"search_term_string\"}}],\"inLanguage\":\"de-DE\"}]}<\/script>\n<!-- \/ Yoast SEO Premium plugin. -->","yoast_head_json":{"title":"Saimaan Charmantit - Visit Saimaa","description":"SAIMAAN CHARMANTIT Einzigartige Besuchsziele Wir hei\u00dfen Sie bei uns willkommen - die Charmanten vom Saimaa-See! Wir sind insgesamt 12 kleine, hochwertige,","robots":{"index":"index","follow":"follow","max-snippet":"max-snippet:-1","max-image-preview":"max-image-preview:large","max-video-preview":"max-video-preview:-1"},"canonical":"https:\/\/www.visitsaimaa.fi\/de\/saimaan-charmantit\/","og_locale":"de_DE","og_type":"article","og_title":"Saimaan Charmantit","og_description":"SAIMAAN CHARMANTIT Einzigartige Besuchsziele Wir hei\u00dfen Sie bei uns willkommen - die Charmanten vom Saimaa-See! Wir sind insgesamt 12 kleine, hochwertige,","og_url":"https:\/\/www.visitsaimaa.fi\/de\/saimaan-charmantit\/","og_site_name":"Visit Saimaa","article_modified_time":"2019-11-12T07:59:06+00:00","og_image":[{"url":"https:\/\/www.visitsaimaa.fi\/wp-content\/uploads\/2019\/09\/SaimaanCharmantit_Quality250.png","type":"","width":"","height":""}],"twitter_misc":{"Gesch\u00e4tzte Lesezeit":"6 minutes"},"schema":{"@context":"https:\/\/schema.org","@graph":[{"@type":"WebPage","@id":"https:\/\/www.visitsaimaa.fi\/de\/saimaan-charmantit\/","url":"https:\/\/www.visitsaimaa.fi\/de\/saimaan-charmantit\/","name":"Saimaan Charmantit - Visit Saimaa","isPartOf":{"@id":"https:\/\/www.visitsaimaa.fi\/fi\/#website"},"primaryImageOfPage":{"@id":"https:\/\/www.visitsaimaa.fi\/de\/saimaan-charmantit\/#primaryimage"},"image":{"@id":"https:\/\/www.visitsaimaa.fi\/de\/saimaan-charmantit\/#primaryimage"},"thumbnailUrl":"https:\/\/www.visitsaimaa.fi\/wp-content\/uploads\/2019\/09\/SaimaanCharmantit_Quality250.png","datePublished":"2019-09-09T10:02:23+00:00","dateModified":"2019-11-12T07:59:06+00:00","description":"SAIMAAN CHARMANTIT Einzigartige Besuchsziele Wir hei\u00dfen Sie bei uns willkommen - die Charmanten vom Saimaa-See! Wir sind insgesamt 12 kleine, hochwertige,","breadcrumb":{"@id":"https:\/\/www.visitsaimaa.fi\/de\/saimaan-charmantit\/#breadcrumb"},"inLanguage":"de-DE","potentialAction":[{"@type":"ReadAction","target":["https:\/\/www.visitsaimaa.fi\/de\/saimaan-charmantit\/"]}]},{"@type":"ImageObject","inLanguage":"de-DE","@id":"https:\/\/www.visitsaimaa.fi\/de\/saimaan-charmantit\/#primaryimage","url":"https:\/\/www.visitsaimaa.fi\/wp-content\/uploads\/2019\/09\/SaimaanCharmantit_Quality250.png","contentUrl":"https:\/\/www.visitsaimaa.fi\/wp-content\/uploads\/2019\/09\/SaimaanCharmantit_Quality250.png"},{"@type":"BreadcrumbList","@id":"https:\/\/www.visitsaimaa.fi\/de\/saimaan-charmantit\/#breadcrumb","itemListElement":[{"@type":"ListItem","position":1,"name":"Visit Saimaa","item":"https:\/\/www.visitsaimaa.fi\/de\/"},{"@type":"ListItem","position":2,"name":"Saimaan Charmantit"}]},{"@type":"WebSite","@id":"https:\/\/www.visitsaimaa.fi\/fi\/#website","url":"https:\/\/www.visitsaimaa.fi\/fi\/","name":"Visit Saimaa","description":"The Official Travel Guide of Lakeland Saimaa","potentialAction":[{"@type":"SearchAction","target":{"@type":"EntryPoint","urlTemplate":"https:\/\/www.visitsaimaa.fi\/fi\/?s={search_term_string}"},"query-input":{"@type":"PropertyValueSpecification","valueRequired":true,"valueName":"search_term_string"}}],"inLanguage":"de-DE"}]}},"_links":{"self":[{"href":"https:\/\/www.visitsaimaa.fi\/de\/wp-json\/wp\/v2\/pages\/14748","targetHints":{"allow":["GET"]}}],"collection":[{"href":"https:\/\/www.visitsaimaa.fi\/de\/wp-json\/wp\/v2\/pages"}],"about":[{"href":"https:\/\/www.visitsaimaa.fi\/de\/wp-json\/wp\/v2\/types\/page"}],"author":[{"embeddable":true,"href":"https:\/\/www.visitsaimaa.fi\/de\/wp-json\/wp\/v2\/users\/46"}],"replies":[{"embeddable":true,"href":"https:\/\/www.visitsaimaa.fi\/de\/wp-json\/wp\/v2\/comments?post=14748"}],"version-history":[{"count":0,"href":"https:\/\/www.visitsaimaa.fi\/de\/wp-json\/wp\/v2\/pages\/14748\/revisions"}],"wp:attachment":[{"href":"https:\/\/www.visitsaimaa.fi\/de\/wp-json\/wp\/v2\/media?parent=14748"}],"wp:term":[{"taxonomy":"relatedcontent","embeddable":true,"href":"https:\/\/www.visitsaimaa.fi\/de\/wp-json\/wp\/v2\/relatedcontent?post=14748"}],"curies":[{"name":"wp","href":"https:\/\/api.w.org\/{rel}","templated":true}]}}