{"id":14739,"date":"2019-09-19T14:03:32","date_gmt":"2019-09-19T11:03:32","guid":{"rendered":"https:\/\/www.visitsaimaa.fi\/tynkkylan-lomaniemi\/"},"modified":"2019-11-12T09:18:03","modified_gmt":"2019-11-12T07:18:03","slug":"tynkkylan-lomaniemi","status":"publish","type":"page","link":"https:\/\/www.visitsaimaa.fi\/de\/saimaan-charmantit\/tynkkylan-lomaniemi\/","title":{"rendered":"Tynkkyl\u00e4n Lomaniemi"},"content":{"rendered":"<p>[vc_row full_width=&#8220;stretch_row_content_no_spaces&#8220; parallax=&#8220;content-moving-fade&#8220; parallax_image=&#8220;13933&#8243; css=&#8220;.vc_custom_1569566319438{padding-top: 700px !important;}&#8220;][vc_column][\/vc_column][\/vc_row][vc_row][vc_column][vc_column_text]<\/p>\n<h1 style=\"text-align: center\">Tynkkyl\u00e4n Lomaniemi<\/h1>\n<p style=\"text-align: center\"><strong>Tynkkyl\u00e4n Lomaniemi ist ein an dem Heimatgew\u00e4sser der Saimaa-Kegelrobbe in Punkaharju gelegenes Familienunternehmen, in dem jeder Kunde individuellen Service bekommt. Die Villen sind alle gut ausgestattet und haben einen eigenen Strand. Das Landschaftscaf\u00e9 ist im Sommer oder auf Bestellung ge\u00f6ffnet, Catering gibt es ebenfalls auf Bestellung. Der G\u00e4stebootssteg steht allen Bootsfahrern auf dem Saimaa-See zur Verf\u00fcgung.<\/strong><\/p>\n<h2 style=\"text-align: center\">Ferienwohnungen und G\u00e4stebootssteg<\/h2>\n<p style=\"text-align: center\">14 Villen mit eigenem Strand, die sich auf der ruhigen, sauberen, sch\u00f6nen und sicheren Halbinsel M\u00f6kinniemi befinden. Jede Villa wurde individuell gestaltet. Der G\u00e4stebootssteg bietet Bootsfahrern einen gastfreundlichen Pausenplatz. F\u00fcnf getrennte Bootsstege und Bojenpl\u00e4tze. Saunen, Toilette und Grillunterstand stehen den Reisenden zur Verf\u00fcgung.<\/p>\n<h2 style=\"text-align: center\">Angeboten werden echte lokale Delikatessen<\/h2>\n<p style=\"text-align: center\">Das Landschaftscaf\u00e9 ist im Sommer t\u00e4glich von 9-20 Uhr ge\u00f6ffnet, zu anderen Zeiten auf Bestellung. An Sommersonntagen wird hier der Festtisch nach savo-karelischer Art von 12-15 Uhr gedeckt. Bei uns k\u00f6nnen auch das ganze Jahr \u00fcber Geburtstage, Schulungen, Hochzeiten u.a. Veranstaltungen abgehalten werden.<\/p>\n<h2 style=\"text-align: center\">Aktivit\u00e4ten, Sehenswertes und Erlebenswertes<\/h2>\n<p style=\"text-align: center\">In der Umgebung von Lomaniemi gibt es viele verschiedene Aktivit\u00e4ten, Sie k\u00f6nnen SUP-paddeln, Boot fahren, Fahrrad fahren, Kanu fahren, auf dem Naturpfad wandern, auf Schneeschuhen laufen, im Eisloch fischen usw. In den Gew\u00e4ssern der Gegend k\u00f6nnen Sie die Saimaa-Kegelrobbe beobachten, und direkt vor Ort k\u00f6nnen Sie sich an den Haustieren erfreuen. Unbedingt einen Besuch wert sind auch das Heimatmuseum und der Textilladen.<\/p>\n<p>[\/vc_column_text][vc_single_image image=&#8220;14363&#8243; img_size=&#8220;&#8220; alignment=&#8220;center&#8220;][\/vc_column][\/vc_row][vc_row][vc_column width=&#8220;1\/5&#8243;][vc_single_image image=&#8220;13929&#8243; img_size=&#8220;500&#215;500&#8243; alignment=&#8220;center&#8220; onclick=&#8220;link_image&#8220;][\/vc_column][vc_column width=&#8220;1\/5&#8243;][vc_single_image image=&#8220;13941&#8243; img_size=&#8220;500&#215;500&#8243; alignment=&#8220;center&#8220; onclick=&#8220;link_image&#8220;][\/vc_column][vc_column width=&#8220;1\/5&#8243;][vc_single_image image=&#8220;13945&#8243; img_size=&#8220;500&#215;500&#8243; alignment=&#8220;center&#8220; onclick=&#8220;link_image&#8220;][\/vc_column][vc_column width=&#8220;1\/5&#8243;][vc_single_image image=&#8220;13937&#8243; img_size=&#8220;500&#215;500&#8243; alignment=&#8220;center&#8220; onclick=&#8220;link_image&#8220;][\/vc_column][vc_column width=&#8220;1\/5&#8243;][vc_single_image image=&#8220;13951&#8243; img_size=&#8220;500&#215;500&#8243; alignment=&#8220;center&#8220; onclick=&#8220;link_image&#8220;][\/vc_column][\/vc_row][vc_row full_width=&#8220;stretch_row&#8220; css=&#8220;.vc_custom_1568890806525{padding-top: 50px !important;padding-bottom: 50px !important;background-color: #efefef !important;}&#8220;][vc_column][vc_column_text]<\/p>\n<p style=\"text-align: center\"><strong>Tynkkyl\u00e4n Lomaniemi<\/strong><br \/>\nLomaniementie 66<br \/>\n58580 Vuoriniemi<br \/>\n+358 40 732 6138<br \/>\njukka.heikkonen@lomaniemi.fi<\/p>\n<p style=\"text-align: center\">Das ganze Jahr \u00fcber ge\u00f6ffnet.<\/p>\n<p style=\"text-align: center\"><a href=\"http:\/\/www.lomaniemi.fi\/\">www.lomaniemi.fi<\/a><br \/>\n<a href=\"https:\/\/www.facebook.com\/lomaniemi\/\">Facebook<\/a><\/p>\n<p>[\/vc_column_text][\/vc_column][\/vc_row]<\/p>\n","protected":false},"excerpt":{"rendered":"<p>[vc_row full_width=&#8220;stretch_row_content_no_spaces&#8220; parallax=&#8220;content-moving-fade&#8220; parallax_image=&#8220;13933&#8243; css=&#8220;.vc_custom_1569566319438{padding-top: 700px !important;}&#8220;][vc_column][\/vc_column][\/vc_row][vc_row][vc_column][vc_column_text] Tynkkyl\u00e4n Lomaniemi Tynkkyl\u00e4n Lomaniemi ist ein an dem Heimatgew\u00e4sser der Saimaa-Kegelrobbe in Punkaharju gelegenes Familienunternehmen, in dem jeder Kunde individuellen Service bekommt. Die [&hellip;]<\/p>\n","protected":false},"author":46,"featured_media":0,"parent":14748,"menu_order":0,"comment_status":"closed","ping_status":"closed","template":"","meta":{"footnotes":""},"relatedcontent":[],"class_list":{"0":"post-14739","1":"page","2":"type-page","3":"status-publish","4":"hentry","6":"priority-3"},"yoast_head":"<!-- This site is optimized with the Yoast SEO Premium plugin v27.3 (Yoast SEO v27.5) - https:\/\/yoast.com\/product\/yoast-seo-premium-wordpress\/ -->\n<title>Tynkkyl\u00e4n Lomaniemi - Visit Saimaa<\/title>\n<meta name=\"description\" content=\"Tynkkyl\u00e4n Lomaniemi Tynkkyl\u00e4n Lomaniemi ist ein an dem Heimatgew\u00e4sser der Saimaa-Kegelrobbe in Punkaharju gelegenes Familienunternehmen, in dem jeder\" \/>\n<meta name=\"robots\" content=\"index, follow, max-snippet:-1, max-image-preview:large, max-video-preview:-1\" \/>\n<link rel=\"canonical\" href=\"https:\/\/www.visitsaimaa.fi\/de\/saimaan-charmantit\/tynkkylan-lomaniemi\/\" \/>\n<meta property=\"og:locale\" content=\"de_DE\" \/>\n<meta property=\"og:type\" content=\"article\" \/>\n<meta property=\"og:title\" content=\"Tynkkyl\u00e4n Lomaniemi\" \/>\n<meta property=\"og:description\" content=\"Tynkkyl\u00e4n Lomaniemi Tynkkyl\u00e4n Lomaniemi ist ein an dem Heimatgew\u00e4sser der Saimaa-Kegelrobbe in Punkaharju gelegenes Familienunternehmen, in dem jeder\" \/>\n<meta property=\"og:url\" content=\"https:\/\/www.visitsaimaa.fi\/de\/saimaan-charmantit\/tynkkylan-lomaniemi\/\" \/>\n<meta property=\"og:site_name\" content=\"Visit Saimaa\" \/>\n<meta property=\"article:modified_time\" content=\"2019-11-12T07:18:03+00:00\" \/>\n<meta name=\"twitter:label1\" content=\"Gesch\u00e4tzte Lesezeit\" \/>\n\t<meta name=\"twitter:data1\" content=\"2 minutes\" \/>\n<script type=\"application\/ld+json\" class=\"yoast-schema-graph\">{\"@context\":\"https:\\\/\\\/schema.org\",\"@graph\":[{\"@type\":\"WebPage\",\"@id\":\"https:\\\/\\\/www.visitsaimaa.fi\\\/de\\\/saimaan-charmantit\\\/tynkkylan-lomaniemi\\\/\",\"url\":\"https:\\\/\\\/www.visitsaimaa.fi\\\/de\\\/saimaan-charmantit\\\/tynkkylan-lomaniemi\\\/\",\"name\":\"Tynkkyl\u00e4n Lomaniemi - Visit Saimaa\",\"isPartOf\":{\"@id\":\"https:\\\/\\\/www.visitsaimaa.fi\\\/fi\\\/#website\"},\"datePublished\":\"2019-09-19T11:03:32+00:00\",\"dateModified\":\"2019-11-12T07:18:03+00:00\",\"description\":\"Tynkkyl\u00e4n Lomaniemi Tynkkyl\u00e4n Lomaniemi ist ein an dem Heimatgew\u00e4sser der Saimaa-Kegelrobbe in Punkaharju gelegenes Familienunternehmen, in dem jeder\",\"breadcrumb\":{\"@id\":\"https:\\\/\\\/www.visitsaimaa.fi\\\/de\\\/saimaan-charmantit\\\/tynkkylan-lomaniemi\\\/#breadcrumb\"},\"inLanguage\":\"de-DE\",\"potentialAction\":[{\"@type\":\"ReadAction\",\"target\":[\"https:\\\/\\\/www.visitsaimaa.fi\\\/de\\\/saimaan-charmantit\\\/tynkkylan-lomaniemi\\\/\"]}]},{\"@type\":\"BreadcrumbList\",\"@id\":\"https:\\\/\\\/www.visitsaimaa.fi\\\/de\\\/saimaan-charmantit\\\/tynkkylan-lomaniemi\\\/#breadcrumb\",\"itemListElement\":[{\"@type\":\"ListItem\",\"position\":1,\"name\":\"Visit Saimaa\",\"item\":\"https:\\\/\\\/www.visitsaimaa.fi\\\/de\\\/\"},{\"@type\":\"ListItem\",\"position\":2,\"name\":\"Saimaan Charmantit\",\"item\":\"https:\\\/\\\/www.visitsaimaa.fi\\\/de\\\/saimaan-charmantit\\\/\"},{\"@type\":\"ListItem\",\"position\":3,\"name\":\"Tynkkyl\u00e4n Lomaniemi\"}]},{\"@type\":\"WebSite\",\"@id\":\"https:\\\/\\\/www.visitsaimaa.fi\\\/fi\\\/#website\",\"url\":\"https:\\\/\\\/www.visitsaimaa.fi\\\/fi\\\/\",\"name\":\"Visit Saimaa\",\"description\":\"The Official Travel Guide of Lakeland Saimaa\",\"potentialAction\":[{\"@type\":\"SearchAction\",\"target\":{\"@type\":\"EntryPoint\",\"urlTemplate\":\"https:\\\/\\\/www.visitsaimaa.fi\\\/fi\\\/?s={search_term_string}\"},\"query-input\":{\"@type\":\"PropertyValueSpecification\",\"valueRequired\":true,\"valueName\":\"search_term_string\"}}],\"inLanguage\":\"de-DE\"}]}<\/script>\n<!-- \/ Yoast SEO Premium plugin. -->","yoast_head_json":{"title":"Tynkkyl\u00e4n Lomaniemi - Visit Saimaa","description":"Tynkkyl\u00e4n Lomaniemi Tynkkyl\u00e4n Lomaniemi ist ein an dem Heimatgew\u00e4sser der Saimaa-Kegelrobbe in Punkaharju gelegenes Familienunternehmen, in dem jeder","robots":{"index":"index","follow":"follow","max-snippet":"max-snippet:-1","max-image-preview":"max-image-preview:large","max-video-preview":"max-video-preview:-1"},"canonical":"https:\/\/www.visitsaimaa.fi\/de\/saimaan-charmantit\/tynkkylan-lomaniemi\/","og_locale":"de_DE","og_type":"article","og_title":"Tynkkyl\u00e4n Lomaniemi","og_description":"Tynkkyl\u00e4n Lomaniemi Tynkkyl\u00e4n Lomaniemi ist ein an dem Heimatgew\u00e4sser der Saimaa-Kegelrobbe in Punkaharju gelegenes Familienunternehmen, in dem jeder","og_url":"https:\/\/www.visitsaimaa.fi\/de\/saimaan-charmantit\/tynkkylan-lomaniemi\/","og_site_name":"Visit Saimaa","article_modified_time":"2019-11-12T07:18:03+00:00","twitter_misc":{"Gesch\u00e4tzte Lesezeit":"2 minutes"},"schema":{"@context":"https:\/\/schema.org","@graph":[{"@type":"WebPage","@id":"https:\/\/www.visitsaimaa.fi\/de\/saimaan-charmantit\/tynkkylan-lomaniemi\/","url":"https:\/\/www.visitsaimaa.fi\/de\/saimaan-charmantit\/tynkkylan-lomaniemi\/","name":"Tynkkyl\u00e4n Lomaniemi - Visit Saimaa","isPartOf":{"@id":"https:\/\/www.visitsaimaa.fi\/fi\/#website"},"datePublished":"2019-09-19T11:03:32+00:00","dateModified":"2019-11-12T07:18:03+00:00","description":"Tynkkyl\u00e4n Lomaniemi Tynkkyl\u00e4n Lomaniemi ist ein an dem Heimatgew\u00e4sser der Saimaa-Kegelrobbe in Punkaharju gelegenes Familienunternehmen, in dem jeder","breadcrumb":{"@id":"https:\/\/www.visitsaimaa.fi\/de\/saimaan-charmantit\/tynkkylan-lomaniemi\/#breadcrumb"},"inLanguage":"de-DE","potentialAction":[{"@type":"ReadAction","target":["https:\/\/www.visitsaimaa.fi\/de\/saimaan-charmantit\/tynkkylan-lomaniemi\/"]}]},{"@type":"BreadcrumbList","@id":"https:\/\/www.visitsaimaa.fi\/de\/saimaan-charmantit\/tynkkylan-lomaniemi\/#breadcrumb","itemListElement":[{"@type":"ListItem","position":1,"name":"Visit Saimaa","item":"https:\/\/www.visitsaimaa.fi\/de\/"},{"@type":"ListItem","position":2,"name":"Saimaan Charmantit","item":"https:\/\/www.visitsaimaa.fi\/de\/saimaan-charmantit\/"},{"@type":"ListItem","position":3,"name":"Tynkkyl\u00e4n Lomaniemi"}]},{"@type":"WebSite","@id":"https:\/\/www.visitsaimaa.fi\/fi\/#website","url":"https:\/\/www.visitsaimaa.fi\/fi\/","name":"Visit Saimaa","description":"The Official Travel Guide of Lakeland Saimaa","potentialAction":[{"@type":"SearchAction","target":{"@type":"EntryPoint","urlTemplate":"https:\/\/www.visitsaimaa.fi\/fi\/?s={search_term_string}"},"query-input":{"@type":"PropertyValueSpecification","valueRequired":true,"valueName":"search_term_string"}}],"inLanguage":"de-DE"}]}},"_links":{"self":[{"href":"https:\/\/www.visitsaimaa.fi\/de\/wp-json\/wp\/v2\/pages\/14739","targetHints":{"allow":["GET"]}}],"collection":[{"href":"https:\/\/www.visitsaimaa.fi\/de\/wp-json\/wp\/v2\/pages"}],"about":[{"href":"https:\/\/www.visitsaimaa.fi\/de\/wp-json\/wp\/v2\/types\/page"}],"author":[{"embeddable":true,"href":"https:\/\/www.visitsaimaa.fi\/de\/wp-json\/wp\/v2\/users\/46"}],"replies":[{"embeddable":true,"href":"https:\/\/www.visitsaimaa.fi\/de\/wp-json\/wp\/v2\/comments?post=14739"}],"version-history":[{"count":0,"href":"https:\/\/www.visitsaimaa.fi\/de\/wp-json\/wp\/v2\/pages\/14739\/revisions"}],"up":[{"embeddable":true,"href":"https:\/\/www.visitsaimaa.fi\/de\/wp-json\/wp\/v2\/pages\/14748"}],"wp:attachment":[{"href":"https:\/\/www.visitsaimaa.fi\/de\/wp-json\/wp\/v2\/media?parent=14739"}],"wp:term":[{"taxonomy":"relatedcontent","embeddable":true,"href":"https:\/\/www.visitsaimaa.fi\/de\/wp-json\/wp\/v2\/relatedcontent?post=14739"}],"curies":[{"name":"wp","href":"https:\/\/api.w.org\/{rel}","templated":true}]}}