{"id":14729,"date":"2019-09-11T10:26:56","date_gmt":"2019-09-11T07:26:56","guid":{"rendered":"https:\/\/www.visitsaimaa.fi\/tertin-kartano\/"},"modified":"2019-11-12T09:10:11","modified_gmt":"2019-11-12T07:10:11","slug":"tertin-kartano","status":"publish","type":"page","link":"https:\/\/www.visitsaimaa.fi\/de\/saimaan-charmantit\/tertin-kartano\/","title":{"rendered":"Tertin kartano"},"content":{"rendered":"<p>[vc_row full_width=&#8220;stretch_row_content_no_spaces&#8220; parallax=&#8220;content-moving-fade&#8220; parallax_image=&#8220;14339&#8243; css=&#8220;.vc_custom_1569584798006{padding-top: 700px !important;}&#8220;][vc_column][\/vc_column][\/vc_row][vc_row][vc_column][vc_column_text]<\/p>\n<h1 style=\"text-align: center\">Gutshof Tertti<\/h1>\n<p style=\"text-align: center\"><strong>\u201eAm Ende einer Birkenallee spiegelt sich im Teich das Tor zum stimmungsvollen Gutshof Tertti. Wenn die W\u00e4nde reden k\u00f6nnten, w\u00fcrden wir erfahren, was auf dem Guts- und Pferdehof im 17. Jahrhundert geschehen ist. Wor\u00fcber hat man beim Abendessen gesprochen, und wie sah der Alltag der Herrschaft aus? Die Gutshoftraditionen der Familien leben auch heute im s\u00fcdlichen Savo, im Gutshof Tertti, fort. Herzlich willkommen auf unserem Gutshof der Erlebnisse\u201c<\/strong><\/p>\n<p style=\"text-align: center\"><strong>Auf dem Gel\u00e4nde befindet sich das Gutshofrestaurant, die Delikatessboutique, das Caf\u00e9 und das gem\u00fctliche Farmhotel. Das Caf\u00e9 und die Delikatessboutique sowie das Hotel sind das ganze Jahr \u00fcber ge\u00f6ffnet. Wir haben bereits seit mehr als 40 Jahren Erfahrung mit der Organisation von Versammlungen, Aktivit\u00e4ten und Feiern aller Art.<\/strong><\/p>\n<h2 style=\"text-align: center\">Der Gutshof Tertti l\u00e4dt zu einer modernen Geschmacksreise ein<\/h2>\n<p style=\"text-align: center\">Der Hof des Erlebnisgutshofes l\u00e4dt zu Schlemmermomenten, zum Einkauf von Delikatessen und Einrichtungsgegenst\u00e4nden sowie zur \u00dcbernachtung im Hotel ein. Die Gaben der eigenen Felder, Gem\u00fcsebeete und G\u00e4rten werden zu hochwertigen Gourmet-Produkten veredelt und f\u00fcr die Restaurantg\u00e4ste konserviert. Die lange Speisetradition diente auch als Inspiration zur Ver\u00f6ffentlichung eines eigenen Kochbuchs. Das Gutshofgel\u00e4nde ist das ganze Jahr \u00fcber ge\u00f6ffnet. Bei einem Besuch lohnt es sich unbedingt, auch die G\u00e4rten und die Landschaft rund um den Gutshof anzusehen. Neben den Restaurant-, Caf\u00e9-, Boutique- und Hoteldienstleistungen bietet der Gutshof auch umfassende Fest- und Aktivit\u00e4tsdienstleistungen.<\/p>\n<h2 style=\"text-align: center\">Lange Tradition, die bis ins 17. Jahrhundert zur\u00fcckreicht<\/h2>\n<p style=\"text-align: center\">Der Gutshof befindet sich bereits seit vier Generationen im Besitz der Familie Pylkk\u00e4nen. In dem im 17. Jahrhundert als Reiter- und Pferdehof gegr\u00fcndeten Gutshof wird das Land bereits seit Jahrhunderten bestellt, es werden Pferde und Schafe gez\u00fcchtet sowie Milchk\u00fche gehalten. Im Laufe der Jahre hat es auf dem Hof eine Schafveredelung, eine eigene Meierei und sogar eine Meiereischule gegeben. Und in der K\u00fcche von Tertti lernte man bereits vor Jahrhunderten, schmackhafte Mahlzeiten f\u00fcr Freunde guten Essens zuzubereiten.<\/p>\n<h2 style=\"text-align: center\">Das beste finnische Genussreiseprodukt 2019<\/h2>\n<p style=\"text-align: center\">Die Gaben des eigenen Landes haben im Alltag des Gutshofes ebenso wie bei Festen immer schon eine gro\u00dfe Rolle gespielt. Die lange Geschichte und die ausdauernde Arbeit haben den Gutshof Tertti zu einem der besten finnischen Genussreiseziele gemacht. Der Gutshof Tertti ist eines der vier Saimaa-Gastronomy-Unternehmen. Die Themenwochenende des Netzwerks Saimaa Gastronomy haben die Auszeichnung Suomen paras ruokamatkailutuote 2019 (Bestes finnisches Genussreiseprodukt) in dem nationalen Gastronimiewettbewerb Hungry for Finland gewonnen.<\/p>\n<p>[\/vc_column_text][vc_single_image image=&#8220;14363&#8243; img_size=&#8220;&#8220; alignment=&#8220;center&#8220;][\/vc_column][\/vc_row][vc_row equal_height=&#8220;yes&#8220;][vc_column width=&#8220;1\/5&#8243;][vc_single_image image=&#8220;13671&#8243; img_size=&#8220;500&#215;500&#8243; onclick=&#8220;link_image&#8220;][\/vc_column][vc_column width=&#8220;1\/5&#8243;][vc_single_image image=&#8220;13679&#8243; img_size=&#8220;500&#215;500&#8243; onclick=&#8220;link_image&#8220;][\/vc_column][vc_column width=&#8220;1\/5&#8243;][vc_single_image image=&#8220;13683&#8243; img_size=&#8220;500&#215;500&#8243; onclick=&#8220;link_image&#8220;][\/vc_column][vc_column width=&#8220;1\/5&#8243;][vc_single_image image=&#8220;13675&#8243; img_size=&#8220;500&#215;500&#8243; onclick=&#8220;link_image&#8220;][\/vc_column][vc_column width=&#8220;1\/5&#8243;][vc_single_image image=&#8220;13687&#8243; img_size=&#8220;500&#215;500&#8243; onclick=&#8220;link_image&#8220;][\/vc_column][\/vc_row][vc_row full_width=&#8220;stretch_row&#8220; css=&#8220;.vc_custom_1568187635209{padding-top: 50px !important;padding-bottom: 50px !important;background-color: #efefef !important;}&#8220;][vc_column][vc_row_inner][vc_column_inner][vc_column_text]<\/p>\n<p style=\"text-align: center\"><strong>Tertin Kartano<\/strong><br \/>\nKuopiontie 68<br \/>\n50350 Mikkeli<br \/>\n+358 15 176012<br \/>\ntertti@tertinkartano.fi<\/p>\n<p style=\"text-align: center\">Das ganze Jahr \u00fcber ge\u00f6ffnet.<\/p>\n<p style=\"text-align: center\"><a href=\"https:\/\/www.tertinkartano.fi\">www.tertinkartano.fi<\/a><br \/>\n<a href=\"https:\/\/www.instagram.com\/tertti\/\">Instagram<\/a><br \/>\n<a href=\"https:\/\/www.facebook.com\/Tertinkartano\">Facebook<\/a><\/p>\n<p>[\/vc_column_text][\/vc_column_inner][\/vc_row_inner][\/vc_column][\/vc_row]<\/p>\n","protected":false},"excerpt":{"rendered":"<p>[vc_row full_width=&#8220;stretch_row_content_no_spaces&#8220; parallax=&#8220;content-moving-fade&#8220; parallax_image=&#8220;14339&#8243; css=&#8220;.vc_custom_1569584798006{padding-top: 700px !important;}&#8220;][vc_column][\/vc_column][\/vc_row][vc_row][vc_column][vc_column_text] Gutshof Tertti \u201eAm Ende einer Birkenallee spiegelt sich im Teich das Tor zum stimmungsvollen Gutshof Tertti. Wenn die W\u00e4nde reden k\u00f6nnten, w\u00fcrden wir [&hellip;]<\/p>\n","protected":false},"author":46,"featured_media":0,"parent":14748,"menu_order":0,"comment_status":"closed","ping_status":"closed","template":"","meta":{"footnotes":""},"relatedcontent":[],"class_list":{"0":"post-14729","1":"page","2":"type-page","3":"status-publish","4":"hentry","6":"priority-3"},"yoast_head":"<!-- This site is optimized with the Yoast SEO Premium plugin v27.3 (Yoast SEO v27.2) - https:\/\/yoast.com\/product\/yoast-seo-premium-wordpress\/ -->\n<title>Tertin kartano - Visit Saimaa<\/title>\n<meta name=\"description\" content=\"Gutshof Tertti \u201eAm Ende einer Birkenallee spiegelt sich im Teich das Tor zum stimmungsvollen Gutshof Tertti. Wenn die W\u00e4nde reden k\u00f6nnten, w\u00fcrden wir\" \/>\n<meta name=\"robots\" content=\"index, follow, max-snippet:-1, max-image-preview:large, max-video-preview:-1\" \/>\n<link rel=\"canonical\" href=\"https:\/\/www.visitsaimaa.fi\/de\/saimaan-charmantit\/tertin-kartano\/\" \/>\n<meta property=\"og:locale\" content=\"de_DE\" \/>\n<meta property=\"og:type\" content=\"article\" \/>\n<meta property=\"og:title\" content=\"Tertin kartano - Visit Saimaa\" \/>\n<meta property=\"og:description\" content=\"Gutshof Tertti \u201eAm Ende einer Birkenallee spiegelt sich im Teich das Tor zum stimmungsvollen Gutshof Tertti. Wenn die W\u00e4nde reden k\u00f6nnten, w\u00fcrden wir\" \/>\n<meta property=\"og:url\" content=\"https:\/\/www.visitsaimaa.fi\/de\/saimaan-charmantit\/tertin-kartano\/\" \/>\n<meta property=\"og:site_name\" content=\"Visit Saimaa\" \/>\n<meta property=\"article:modified_time\" content=\"2019-11-12T07:10:11+00:00\" \/>\n<meta name=\"twitter:label1\" content=\"Gesch\u00e4tzte Lesezeit\" \/>\n\t<meta name=\"twitter:data1\" content=\"3 minutes\" \/>\n<script type=\"application\/ld+json\" class=\"yoast-schema-graph\">{\"@context\":\"https:\/\/schema.org\",\"@graph\":[{\"@type\":\"WebPage\",\"@id\":\"https:\/\/www.visitsaimaa.fi\/de\/saimaan-charmantit\/tertin-kartano\/\",\"url\":\"https:\/\/www.visitsaimaa.fi\/de\/saimaan-charmantit\/tertin-kartano\/\",\"name\":\"Tertin kartano - Visit Saimaa\",\"isPartOf\":{\"@id\":\"https:\/\/www.visitsaimaa.fi\/fi\/#website\"},\"datePublished\":\"2019-09-11T07:26:56+00:00\",\"dateModified\":\"2019-11-12T07:10:11+00:00\",\"description\":\"Gutshof Tertti \u201eAm Ende einer Birkenallee spiegelt sich im Teich das Tor zum stimmungsvollen Gutshof Tertti. Wenn die W\u00e4nde reden k\u00f6nnten, w\u00fcrden wir\",\"breadcrumb\":{\"@id\":\"https:\/\/www.visitsaimaa.fi\/de\/saimaan-charmantit\/tertin-kartano\/#breadcrumb\"},\"inLanguage\":\"de-DE\",\"potentialAction\":[{\"@type\":\"ReadAction\",\"target\":[\"https:\/\/www.visitsaimaa.fi\/de\/saimaan-charmantit\/tertin-kartano\/\"]}]},{\"@type\":\"BreadcrumbList\",\"@id\":\"https:\/\/www.visitsaimaa.fi\/de\/saimaan-charmantit\/tertin-kartano\/#breadcrumb\",\"itemListElement\":[{\"@type\":\"ListItem\",\"position\":1,\"name\":\"Visit Saimaa\",\"item\":\"https:\/\/www.visitsaimaa.fi\/de\/\"},{\"@type\":\"ListItem\",\"position\":2,\"name\":\"Saimaan Charmantit\",\"item\":\"https:\/\/www.visitsaimaa.fi\/de\/saimaan-charmantit\/\"},{\"@type\":\"ListItem\",\"position\":3,\"name\":\"Tertin kartano\"}]},{\"@type\":\"WebSite\",\"@id\":\"https:\/\/www.visitsaimaa.fi\/fi\/#website\",\"url\":\"https:\/\/www.visitsaimaa.fi\/fi\/\",\"name\":\"Visit Saimaa\",\"description\":\"The Official Travel Guide of Lakeland Saimaa\",\"potentialAction\":[{\"@type\":\"SearchAction\",\"target\":{\"@type\":\"EntryPoint\",\"urlTemplate\":\"https:\/\/www.visitsaimaa.fi\/fi\/?s={search_term_string}\"},\"query-input\":{\"@type\":\"PropertyValueSpecification\",\"valueRequired\":true,\"valueName\":\"search_term_string\"}}],\"inLanguage\":\"de-DE\"}]}<\/script>\n<!-- \/ Yoast SEO Premium plugin. -->","yoast_head_json":{"title":"Tertin kartano - Visit Saimaa","description":"Gutshof Tertti \u201eAm Ende einer Birkenallee spiegelt sich im Teich das Tor zum stimmungsvollen Gutshof Tertti. Wenn die W\u00e4nde reden k\u00f6nnten, w\u00fcrden wir","robots":{"index":"index","follow":"follow","max-snippet":"max-snippet:-1","max-image-preview":"max-image-preview:large","max-video-preview":"max-video-preview:-1"},"canonical":"https:\/\/www.visitsaimaa.fi\/de\/saimaan-charmantit\/tertin-kartano\/","og_locale":"de_DE","og_type":"article","og_title":"Tertin kartano - Visit Saimaa","og_description":"Gutshof Tertti \u201eAm Ende einer Birkenallee spiegelt sich im Teich das Tor zum stimmungsvollen Gutshof Tertti. Wenn die W\u00e4nde reden k\u00f6nnten, w\u00fcrden wir","og_url":"https:\/\/www.visitsaimaa.fi\/de\/saimaan-charmantit\/tertin-kartano\/","og_site_name":"Visit Saimaa","article_modified_time":"2019-11-12T07:10:11+00:00","twitter_misc":{"Gesch\u00e4tzte Lesezeit":"3 minutes"},"schema":{"@context":"https:\/\/schema.org","@graph":[{"@type":"WebPage","@id":"https:\/\/www.visitsaimaa.fi\/de\/saimaan-charmantit\/tertin-kartano\/","url":"https:\/\/www.visitsaimaa.fi\/de\/saimaan-charmantit\/tertin-kartano\/","name":"Tertin kartano - Visit Saimaa","isPartOf":{"@id":"https:\/\/www.visitsaimaa.fi\/fi\/#website"},"datePublished":"2019-09-11T07:26:56+00:00","dateModified":"2019-11-12T07:10:11+00:00","description":"Gutshof Tertti \u201eAm Ende einer Birkenallee spiegelt sich im Teich das Tor zum stimmungsvollen Gutshof Tertti. Wenn die W\u00e4nde reden k\u00f6nnten, w\u00fcrden wir","breadcrumb":{"@id":"https:\/\/www.visitsaimaa.fi\/de\/saimaan-charmantit\/tertin-kartano\/#breadcrumb"},"inLanguage":"de-DE","potentialAction":[{"@type":"ReadAction","target":["https:\/\/www.visitsaimaa.fi\/de\/saimaan-charmantit\/tertin-kartano\/"]}]},{"@type":"BreadcrumbList","@id":"https:\/\/www.visitsaimaa.fi\/de\/saimaan-charmantit\/tertin-kartano\/#breadcrumb","itemListElement":[{"@type":"ListItem","position":1,"name":"Visit Saimaa","item":"https:\/\/www.visitsaimaa.fi\/de\/"},{"@type":"ListItem","position":2,"name":"Saimaan Charmantit","item":"https:\/\/www.visitsaimaa.fi\/de\/saimaan-charmantit\/"},{"@type":"ListItem","position":3,"name":"Tertin kartano"}]},{"@type":"WebSite","@id":"https:\/\/www.visitsaimaa.fi\/fi\/#website","url":"https:\/\/www.visitsaimaa.fi\/fi\/","name":"Visit Saimaa","description":"The Official Travel Guide of Lakeland Saimaa","potentialAction":[{"@type":"SearchAction","target":{"@type":"EntryPoint","urlTemplate":"https:\/\/www.visitsaimaa.fi\/fi\/?s={search_term_string}"},"query-input":{"@type":"PropertyValueSpecification","valueRequired":true,"valueName":"search_term_string"}}],"inLanguage":"de-DE"}]}},"_links":{"self":[{"href":"https:\/\/www.visitsaimaa.fi\/de\/wp-json\/wp\/v2\/pages\/14729","targetHints":{"allow":["GET"]}}],"collection":[{"href":"https:\/\/www.visitsaimaa.fi\/de\/wp-json\/wp\/v2\/pages"}],"about":[{"href":"https:\/\/www.visitsaimaa.fi\/de\/wp-json\/wp\/v2\/types\/page"}],"author":[{"embeddable":true,"href":"https:\/\/www.visitsaimaa.fi\/de\/wp-json\/wp\/v2\/users\/46"}],"replies":[{"embeddable":true,"href":"https:\/\/www.visitsaimaa.fi\/de\/wp-json\/wp\/v2\/comments?post=14729"}],"version-history":[{"count":0,"href":"https:\/\/www.visitsaimaa.fi\/de\/wp-json\/wp\/v2\/pages\/14729\/revisions"}],"up":[{"embeddable":true,"href":"https:\/\/www.visitsaimaa.fi\/de\/wp-json\/wp\/v2\/pages\/14748"}],"wp:attachment":[{"href":"https:\/\/www.visitsaimaa.fi\/de\/wp-json\/wp\/v2\/media?parent=14729"}],"wp:term":[{"taxonomy":"relatedcontent","embeddable":true,"href":"https:\/\/www.visitsaimaa.fi\/de\/wp-json\/wp\/v2\/relatedcontent?post=14729"}],"curies":[{"name":"wp","href":"https:\/\/api.w.org\/{rel}","templated":true}]}}