{"id":14719,"date":"2019-09-19T16:03:18","date_gmt":"2019-09-19T13:03:18","guid":{"rendered":"https:\/\/www.visitsaimaa.fi\/teahouse-of-wehmais\/"},"modified":"2019-11-12T08:59:59","modified_gmt":"2019-11-12T06:59:59","slug":"teahouse-of-wehmais","status":"publish","type":"page","link":"https:\/\/www.visitsaimaa.fi\/de\/saimaan-charmantit\/teahouse-of-wehmais\/","title":{"rendered":"TeaHouse of Wehmais"},"content":{"rendered":"<p>[vc_row full_width=&#8220;stretch_row_content_no_spaces&#8220; parallax=&#8220;content-moving-fade&#8220; parallax_image=&#8220;14334&#8243; css=&#8220;.vc_custom_1569575581996{padding-top: 700px !important;}&#8220;][vc_column][\/vc_column][\/vc_row][vc_row][vc_column][vc_column_text]<\/p>\n<h1 style=\"text-align: center\">TeaHouse of Wehmais<\/h1>\n<p style=\"text-align: center\"><strong>TeaHouse of Wehmais ist das einzige finnische auf die englische Teetradition spezialisierte Teehaus. Unser Angebot umfasst rund 100 verschiedene Teesorten, die Sie vor Ort genie\u00dfen oder kaufen k\u00f6nnen. Wir fertigen den angebotenen Tee nach M\u00f6glichkeit aus regionalen und Biozutaten in unserer eigenen K\u00fcche. Ein Besuch bei uns ist ein einzigartiges Erlebnis, ein Hauch Luxus im Alltag in einem attraktiven Gutshofmilieu.<\/strong><\/p>\n<h2 style=\"text-align: center\">Die Palette des Teesommeliers umfasst 100 Teesorten<\/h2>\n<p style=\"text-align: center\">Die Eigent\u00fcmerin von TeaHouse of Wehmais, Anna Grotenfelt-Paunonen, hat im Herbst 2010 das erste und bisher immer noch einzige auf die englische Teetradition spezialisierte Teehaus gegr\u00fcndet. Das auf dem Gel\u00e4nde des Gutshofs Wehmaa im Stallgeb\u00e4ude gelegene Teehaus wurde mit Rosenstoffen und Blumentapeten dekoriert, und in diesen charmanten Zimmern kann man u.a. einen echten Afternoon Tea und Cream Tea mit allem Drum und Dran genie\u00dfen. Anna ist eine von nur zwei ausgebildeten Teesommeliers in Finnland, und sie hat die rund 100 Teesorten f\u00fcr die Palette ihres Teehauses pers\u00f6nlich ausgew\u00e4hlt. Hier finden auch Sie Ihre pers\u00f6nliche Lieblingssorte \u2013 auch zum Mitnehmen f\u00fcr zu Hause. Am anderen Ende des Geb\u00e4udes befindet sich der Laden Deli&amp;Deco, in dessen Produktangebot Sie Lebensmittelprodukte lokaler Erzeuger, Biolebensmittel sowie hochwertige Einrichtungsgegenst\u00e4nde finden.<\/p>\n<h2 style=\"text-align: center\">Schon die Ankunft im Teehaus ist ein Erlebnis<\/h2>\n<p style=\"text-align: center\">Von der Landstra\u00dfe, die sich durch eine wundersch\u00f6ne Landschaft schl\u00e4ngelt, biegt eine idyllische Birkenallee zum Gel\u00e4nde des Gutshofes Wehmaa ab, an dessen Rand sich ein pr\u00e4chtiger Steinstall befindet. Im Sommer k\u00f6nnen die Besucher die friedlichen Biomilchk\u00fche entweder auf der Weide rund um das Gel\u00e4nde oder auch im Stall bewundern. Auf dem Gel\u00e4nde und in den Geb\u00e4uden werden das ganze Jahr \u00fcber unterschiedliche Veranstaltungen und Events abgehalten. Zum Beispiel kommen auf dem traditionellen Weihnachtsmarkt von Wehmaa die Kleinerzeuger der Gegend in dieser Gutshoflandschaft mit viel Atmosph\u00e4re zusammen.<\/p>\n<h2 style=\"text-align: center\">Das beste finnische Genussreiseprodukt 2019<\/h2>\n<p style=\"text-align: center\">TeaHouse of Wehmais ist eines der vier Saimaa-Gastronomy-Unternehmen. Die Themenwochenende des Netzwerks Saimaa Gastronomy haben die Auszeichnung Suomen paras ruokamatkailutuote 2019 (Bestes finnisches Genussreiseprodukt) in dem nationalen Gastronimiewettbewerb Hungry for Finland gewonnen. Anna hat mit harter Arbeit und ausgezeichnetem Geschmack den Gutshof Wehmaa zu einem der besten finnischen Genussreiseziele ausgebaut.<\/p>\n<p>[\/vc_column_text][vc_single_image image=&#8220;14363&#8243; img_size=&#8220;&#8220; alignment=&#8220;center&#8220;][\/vc_column][\/vc_row][vc_row][vc_column width=&#8220;1\/5&#8243;][vc_single_image image=&#8220;14033&#8243; img_size=&#8220;500&#215;500&#8243; alignment=&#8220;center&#8220; onclick=&#8220;link_image&#8220;][\/vc_column][vc_column width=&#8220;1\/5&#8243;][vc_single_image image=&#8220;14045&#8243; img_size=&#8220;500&#215;500&#8243; alignment=&#8220;center&#8220; onclick=&#8220;link_image&#8220;][\/vc_column][vc_column width=&#8220;1\/5&#8243;][vc_single_image image=&#8220;14041&#8243; img_size=&#8220;500&#215;500&#8243; alignment=&#8220;center&#8220; onclick=&#8220;link_image&#8220;][\/vc_column][vc_column width=&#8220;1\/5&#8243;][vc_single_image image=&#8220;14025&#8243; img_size=&#8220;500&#215;500&#8243; alignment=&#8220;center&#8220; onclick=&#8220;link_image&#8220;][\/vc_column][vc_column width=&#8220;1\/5&#8243;][vc_single_image image=&#8220;14029&#8243; img_size=&#8220;500&#215;500&#8243; alignment=&#8220;center&#8220; onclick=&#8220;link_image&#8220;][\/vc_column][\/vc_row][vc_row full_width=&#8220;stretch_row&#8220; css=&#8220;.vc_custom_1568894759790{padding-top: 50px !important;padding-bottom: 50px !important;background-color: #efefef !important;}&#8220;][vc_column][vc_column_text]<\/p>\n<p style=\"text-align: center\"><strong>TeaHouse of Wehmais<\/strong><br \/>\nPieks\u00e4m\u00e4entie 234<br \/>\n51900 Juva<br \/>\n+358 40 410 1626<br \/>\ntee@teahouse.fi<\/p>\n<p style=\"text-align: center\">Das ganze Jahr \u00fcber ge\u00f6ffnet.<\/p>\n<p style=\"text-align: center\"><a href=\"https:\/\/www.teahouse.fi\">www.teahouse.fi<\/a><br \/>\n<a href=\"https:\/\/www.instagram.com\/teahousewehmais\/\">Instagram<\/a><br \/>\n<a href=\"https:\/\/www.facebook.com\/teahousewehmais\/\">Facebook<\/a><\/p>\n<p>[\/vc_column_text][\/vc_column][\/vc_row]<\/p>\n","protected":false},"excerpt":{"rendered":"<p>[vc_row full_width=&#8220;stretch_row_content_no_spaces&#8220; parallax=&#8220;content-moving-fade&#8220; parallax_image=&#8220;14334&#8243; css=&#8220;.vc_custom_1569575581996{padding-top: 700px !important;}&#8220;][vc_column][\/vc_column][\/vc_row][vc_row][vc_column][vc_column_text] TeaHouse of Wehmais TeaHouse of Wehmais ist das einzige finnische auf die englische Teetradition spezialisierte Teehaus. Unser Angebot umfasst rund 100 verschiedene Teesorten, [&hellip;]<\/p>\n","protected":false},"author":46,"featured_media":0,"parent":14748,"menu_order":0,"comment_status":"closed","ping_status":"closed","template":"","meta":{"footnotes":""},"relatedcontent":[],"class_list":{"0":"post-14719","1":"page","2":"type-page","3":"status-publish","4":"hentry","6":"priority-3"},"yoast_head":"<!-- This site is optimized with the Yoast SEO Premium plugin v27.3 (Yoast SEO v27.5) - https:\/\/yoast.com\/product\/yoast-seo-premium-wordpress\/ -->\n<title>TeaHouse of Wehmais - Visit Saimaa<\/title>\n<meta name=\"description\" content=\"TeaHouse of Wehmais TeaHouse of Wehmais ist das einzige finnische auf die englische Teetradition spezialisierte Teehaus. Unser Angebot umfasst rund 100\" \/>\n<meta name=\"robots\" content=\"index, follow, max-snippet:-1, max-image-preview:large, max-video-preview:-1\" \/>\n<link rel=\"canonical\" href=\"https:\/\/www.visitsaimaa.fi\/de\/saimaan-charmantit\/teahouse-of-wehmais\/\" \/>\n<meta property=\"og:locale\" content=\"de_DE\" \/>\n<meta property=\"og:type\" content=\"article\" \/>\n<meta property=\"og:title\" content=\"TeaHouse of Wehmais\" \/>\n<meta property=\"og:description\" content=\"TeaHouse of Wehmais TeaHouse of Wehmais ist das einzige finnische auf die englische Teetradition spezialisierte Teehaus. Unser Angebot umfasst rund 100\" \/>\n<meta property=\"og:url\" content=\"https:\/\/www.visitsaimaa.fi\/de\/saimaan-charmantit\/teahouse-of-wehmais\/\" \/>\n<meta property=\"og:site_name\" content=\"Visit Saimaa\" \/>\n<meta property=\"article:modified_time\" content=\"2019-11-12T06:59:59+00:00\" \/>\n<meta name=\"twitter:label1\" content=\"Gesch\u00e4tzte Lesezeit\" \/>\n\t<meta name=\"twitter:data1\" content=\"3 minutes\" \/>\n<script type=\"application\/ld+json\" class=\"yoast-schema-graph\">{\"@context\":\"https:\\\/\\\/schema.org\",\"@graph\":[{\"@type\":\"WebPage\",\"@id\":\"https:\\\/\\\/www.visitsaimaa.fi\\\/de\\\/saimaan-charmantit\\\/teahouse-of-wehmais\\\/\",\"url\":\"https:\\\/\\\/www.visitsaimaa.fi\\\/de\\\/saimaan-charmantit\\\/teahouse-of-wehmais\\\/\",\"name\":\"TeaHouse of Wehmais - Visit Saimaa\",\"isPartOf\":{\"@id\":\"https:\\\/\\\/www.visitsaimaa.fi\\\/fi\\\/#website\"},\"datePublished\":\"2019-09-19T13:03:18+00:00\",\"dateModified\":\"2019-11-12T06:59:59+00:00\",\"description\":\"TeaHouse of Wehmais TeaHouse of Wehmais ist das einzige finnische auf die englische Teetradition spezialisierte Teehaus. Unser Angebot umfasst rund 100\",\"breadcrumb\":{\"@id\":\"https:\\\/\\\/www.visitsaimaa.fi\\\/de\\\/saimaan-charmantit\\\/teahouse-of-wehmais\\\/#breadcrumb\"},\"inLanguage\":\"de-DE\",\"potentialAction\":[{\"@type\":\"ReadAction\",\"target\":[\"https:\\\/\\\/www.visitsaimaa.fi\\\/de\\\/saimaan-charmantit\\\/teahouse-of-wehmais\\\/\"]}]},{\"@type\":\"BreadcrumbList\",\"@id\":\"https:\\\/\\\/www.visitsaimaa.fi\\\/de\\\/saimaan-charmantit\\\/teahouse-of-wehmais\\\/#breadcrumb\",\"itemListElement\":[{\"@type\":\"ListItem\",\"position\":1,\"name\":\"Visit Saimaa\",\"item\":\"https:\\\/\\\/www.visitsaimaa.fi\\\/de\\\/\"},{\"@type\":\"ListItem\",\"position\":2,\"name\":\"Saimaan Charmantit\",\"item\":\"https:\\\/\\\/www.visitsaimaa.fi\\\/de\\\/saimaan-charmantit\\\/\"},{\"@type\":\"ListItem\",\"position\":3,\"name\":\"TeaHouse of Wehmais\"}]},{\"@type\":\"WebSite\",\"@id\":\"https:\\\/\\\/www.visitsaimaa.fi\\\/fi\\\/#website\",\"url\":\"https:\\\/\\\/www.visitsaimaa.fi\\\/fi\\\/\",\"name\":\"Visit Saimaa\",\"description\":\"The Official Travel Guide of Lakeland Saimaa\",\"potentialAction\":[{\"@type\":\"SearchAction\",\"target\":{\"@type\":\"EntryPoint\",\"urlTemplate\":\"https:\\\/\\\/www.visitsaimaa.fi\\\/fi\\\/?s={search_term_string}\"},\"query-input\":{\"@type\":\"PropertyValueSpecification\",\"valueRequired\":true,\"valueName\":\"search_term_string\"}}],\"inLanguage\":\"de-DE\"}]}<\/script>\n<!-- \/ Yoast SEO Premium plugin. -->","yoast_head_json":{"title":"TeaHouse of Wehmais - Visit Saimaa","description":"TeaHouse of Wehmais TeaHouse of Wehmais ist das einzige finnische auf die englische Teetradition spezialisierte Teehaus. Unser Angebot umfasst rund 100","robots":{"index":"index","follow":"follow","max-snippet":"max-snippet:-1","max-image-preview":"max-image-preview:large","max-video-preview":"max-video-preview:-1"},"canonical":"https:\/\/www.visitsaimaa.fi\/de\/saimaan-charmantit\/teahouse-of-wehmais\/","og_locale":"de_DE","og_type":"article","og_title":"TeaHouse of Wehmais","og_description":"TeaHouse of Wehmais TeaHouse of Wehmais ist das einzige finnische auf die englische Teetradition spezialisierte Teehaus. Unser Angebot umfasst rund 100","og_url":"https:\/\/www.visitsaimaa.fi\/de\/saimaan-charmantit\/teahouse-of-wehmais\/","og_site_name":"Visit Saimaa","article_modified_time":"2019-11-12T06:59:59+00:00","twitter_misc":{"Gesch\u00e4tzte Lesezeit":"3 minutes"},"schema":{"@context":"https:\/\/schema.org","@graph":[{"@type":"WebPage","@id":"https:\/\/www.visitsaimaa.fi\/de\/saimaan-charmantit\/teahouse-of-wehmais\/","url":"https:\/\/www.visitsaimaa.fi\/de\/saimaan-charmantit\/teahouse-of-wehmais\/","name":"TeaHouse of Wehmais - Visit Saimaa","isPartOf":{"@id":"https:\/\/www.visitsaimaa.fi\/fi\/#website"},"datePublished":"2019-09-19T13:03:18+00:00","dateModified":"2019-11-12T06:59:59+00:00","description":"TeaHouse of Wehmais TeaHouse of Wehmais ist das einzige finnische auf die englische Teetradition spezialisierte Teehaus. Unser Angebot umfasst rund 100","breadcrumb":{"@id":"https:\/\/www.visitsaimaa.fi\/de\/saimaan-charmantit\/teahouse-of-wehmais\/#breadcrumb"},"inLanguage":"de-DE","potentialAction":[{"@type":"ReadAction","target":["https:\/\/www.visitsaimaa.fi\/de\/saimaan-charmantit\/teahouse-of-wehmais\/"]}]},{"@type":"BreadcrumbList","@id":"https:\/\/www.visitsaimaa.fi\/de\/saimaan-charmantit\/teahouse-of-wehmais\/#breadcrumb","itemListElement":[{"@type":"ListItem","position":1,"name":"Visit Saimaa","item":"https:\/\/www.visitsaimaa.fi\/de\/"},{"@type":"ListItem","position":2,"name":"Saimaan Charmantit","item":"https:\/\/www.visitsaimaa.fi\/de\/saimaan-charmantit\/"},{"@type":"ListItem","position":3,"name":"TeaHouse of Wehmais"}]},{"@type":"WebSite","@id":"https:\/\/www.visitsaimaa.fi\/fi\/#website","url":"https:\/\/www.visitsaimaa.fi\/fi\/","name":"Visit Saimaa","description":"The Official Travel Guide of Lakeland Saimaa","potentialAction":[{"@type":"SearchAction","target":{"@type":"EntryPoint","urlTemplate":"https:\/\/www.visitsaimaa.fi\/fi\/?s={search_term_string}"},"query-input":{"@type":"PropertyValueSpecification","valueRequired":true,"valueName":"search_term_string"}}],"inLanguage":"de-DE"}]}},"_links":{"self":[{"href":"https:\/\/www.visitsaimaa.fi\/de\/wp-json\/wp\/v2\/pages\/14719","targetHints":{"allow":["GET"]}}],"collection":[{"href":"https:\/\/www.visitsaimaa.fi\/de\/wp-json\/wp\/v2\/pages"}],"about":[{"href":"https:\/\/www.visitsaimaa.fi\/de\/wp-json\/wp\/v2\/types\/page"}],"author":[{"embeddable":true,"href":"https:\/\/www.visitsaimaa.fi\/de\/wp-json\/wp\/v2\/users\/46"}],"replies":[{"embeddable":true,"href":"https:\/\/www.visitsaimaa.fi\/de\/wp-json\/wp\/v2\/comments?post=14719"}],"version-history":[{"count":0,"href":"https:\/\/www.visitsaimaa.fi\/de\/wp-json\/wp\/v2\/pages\/14719\/revisions"}],"up":[{"embeddable":true,"href":"https:\/\/www.visitsaimaa.fi\/de\/wp-json\/wp\/v2\/pages\/14748"}],"wp:attachment":[{"href":"https:\/\/www.visitsaimaa.fi\/de\/wp-json\/wp\/v2\/media?parent=14719"}],"wp:term":[{"taxonomy":"relatedcontent","embeddable":true,"href":"https:\/\/www.visitsaimaa.fi\/de\/wp-json\/wp\/v2\/relatedcontent?post=14719"}],"curies":[{"name":"wp","href":"https:\/\/api.w.org\/{rel}","templated":true}]}}