{"id":14666,"date":"2019-09-25T15:36:52","date_gmt":"2019-09-25T12:36:52","guid":{"rendered":"https:\/\/www.visitsaimaa.fi\/lomamokkila\/"},"modified":"2019-11-11T13:43:40","modified_gmt":"2019-11-11T11:43:40","slug":"lomamokkila","status":"publish","type":"page","link":"https:\/\/www.visitsaimaa.fi\/de\/saimaan-charmantit\/lomamokkila\/","title":{"rendered":"Lomamokkila"},"content":{"rendered":"<p>[vc_row full_width=&#8220;stretch_row&#8220; parallax=&#8220;content-moving-fade&#8220; parallax_image=&#8220;14198&#8243; css=&#8220;.vc_custom_1569577045774{padding-top: 700px !important;}&#8220;][vc_column][\/vc_column][\/vc_row][vc_row][vc_column][vc_column_text]<\/p>\n<h1 style=\"text-align: center\">Lomamokkila<\/h1>\n<p style=\"text-align: center\"><strong>Lomamokkila bietet den optimalen Rahmen f\u00fcr einen gelungenen Urlaub in Savonlinna. Sie k\u00f6nnen das ganze Jahr \u00fcber zwischen einer Unterbringung mit Fr\u00fchst\u00fcck in einem gem\u00fctlichen Zimmer oder dem Aufenthalt in einer Strandh\u00fctte inmitten der Natur w\u00e4hlen. Au\u00dferdem bieten wir k\u00f6stliches l\u00e4ndliches Essen, das wir aus den eigenen Erzeugnissen unseres Hofes zubereiten.<\/strong><\/p>\n<h2 style=\"text-align: center\">Urlaub im Seen-Finnland<\/h2>\n<p style=\"text-align: center\">In Lomamokkila k\u00f6nnen Sie einen entspannenden Urlaub im Bauernhofmilieu verbringen, rudern und in die Sauna am Seeufer gehen. In der n\u00e4heren Umgebung gibt es viel zu sehen und zu erleben &#8211; Savonlinna erreicht man in einer Viertelstunde und Punkaharju sowie die Nationalparks Linnansaari und Kolovesi in einer guten halben Stunde.<\/p>\n<h2 style=\"text-align: center\">Wenn Sie sich ein tolles Fr\u00fchst\u00fcck und ruhige N\u00e4chte w\u00fcnschen<\/h2>\n<p style=\"text-align: center\">Lomamokkila bietet Ihnen eine Auswahl an Zimmerunterk\u00fcnften. Sie k\u00f6nnen zum Beispiel ein romantisches Zimmer im Hauptgeb\u00e4ude oder ein gem\u00fctliches Zimmer in dem inmitten von Feldern gelegenen G\u00e4stehaus w\u00e4hlen. Die Unterbringung in den Zimmern schlie\u00dft ein Fr\u00fchst\u00fcck, Bettw\u00e4sche und die Reinigung mit ein. Die Zimmerg\u00e4ste k\u00f6nnen die Unterstandk\u00fcche, die Ruderboote und die Saunen auf dem Grundst\u00fcck und am Ufer benutzen. Auf dem Grundst\u00fcck gibt es auch WLAN.<\/p>\n<h2 style=\"text-align: center\">Eigener Strand, eigene Sauna und eigenes Boot<\/h2>\n<p style=\"text-align: center\">Lomamokkila bietet auch die Unterbringung in H\u00fctten. Sie k\u00f6nnen zwischen einer H\u00fctte mit allem Komfort und einem traditionellen einfach ausgestatteten Sommerhaus w\u00e4hlen. Jede H\u00fctte verf\u00fcgt \u00fcber einen eigenen Strand, ein Ruderboot, eine Sauna und Bettzeug. Auf Wunsch erhalten Sie von uns auch ein Kinderbett, ein Bettw\u00e4sche- und Handtuchpaket sowie die Endreinigung. Au\u00dferdem k\u00f6nnen Sie Fr\u00fchst\u00fcck und Abendessen bestellen, die im Hauptgeb\u00e4ude serviert werden.<\/p>\n<h2 style=\"text-align: center\">Von einer Generation zur n\u00e4chsten<\/h2>\n<p style=\"text-align: center\">Die Beherbergung von G\u00e4sten hat eine lange Tradition in Lomamokkila. Bei uns werden Sie bereits von der vierten Generation willkommen gehei\u00dfen. Die hervorragende Arbeit des Hofes wurde schon mehrfach anerkannt und u.a. mit den Preisen Vuoden maaseutumatkailuyritt\u00e4j\u00e4 (Ferien-auf-dem-Bauernhof-Unternehmer des Jahres) und Pro Maaseutu (Pro Landleben) ausgezeichnet.<\/p>\n<h2 style=\"text-align: center\">Unser neues Objekt B&amp;B Taipaleenniemi<\/h2>\n<p style=\"text-align: center\">Unser zweites Objekt, B&amp;B Taipaleenniemi, bietet eine idyllische Pensionsunterkunft in einem historischen Milieu am Ufer des Saimaa-Sees, nur zehn Fahrminuten von Lomamokkila und zwanzig Minuten von Savonlinna entfernt. In B&amp;B Taipaleenniemi k\u00f6nnen Sie einen entspannenden Urlaub im Wald verbringen, auf dem See rudern und in die Ufersauna gehen.<\/p>\n<p>[\/vc_column_text][vc_single_image image=&#8220;14363&#8243; img_size=&#8220;&#8220; alignment=&#8220;center&#8220;][\/vc_column][\/vc_row][vc_row][vc_column width=&#8220;1\/5&#8243;][vc_single_image image=&#8220;14190&#8243; img_size=&#8220;500&#215;500&#8243; onclick=&#8220;link_image&#8220;][\/vc_column][vc_column width=&#8220;1\/5&#8243;][vc_single_image image=&#8220;14178&#8243; img_size=&#8220;500&#215;500&#8243; onclick=&#8220;link_image&#8220;][\/vc_column][vc_column width=&#8220;1\/5&#8243;][vc_single_image image=&#8220;14182&#8243; img_size=&#8220;500&#215;500&#8243; onclick=&#8220;link_image&#8220;][\/vc_column][vc_column width=&#8220;1\/5&#8243;][vc_single_image image=&#8220;14194&#8243; img_size=&#8220;500&#215;500&#8243; onclick=&#8220;link_image&#8220;][\/vc_column][vc_column width=&#8220;1\/5&#8243;][vc_single_image image=&#8220;14186&#8243; img_size=&#8220;500&#215;500&#8243; onclick=&#8220;link_image&#8220;][\/vc_column][\/vc_row][vc_row full_width=&#8220;stretch_row&#8220; css=&#8220;.vc_custom_1569414433399{padding-top: 50px !important;padding-bottom: 50px !important;background-color: #efefef !important;}&#8220;][vc_column][vc_column_text]<\/p>\n<p style=\"text-align: center\"><strong>Lomamokkila<\/strong><br \/>\nMikonkiventie 209<br \/>\n57310 Savonlinna<br \/>\n+358 15 523117<br \/>\ninfo@lomamokkila.fi<\/p>\n<p style=\"text-align: center\">Das ganze Jahr \u00fcber ge\u00f6ffnet.<\/p>\n<p style=\"text-align: center\"><a href=\"https:\/\/www.lomamokkila.fi\/\">www.lomamokkila.fi<\/a><br \/>\n<a href=\"https:\/\/www.instagram.com\/lomamokkila\/\">Instagram<\/a><br \/>\n<a href=\"https:\/\/www.facebook.com\/lomamokkila\">Facebook<\/a><\/p>\n<p>[\/vc_column_text][\/vc_column][\/vc_row]<\/p>\n","protected":false},"excerpt":{"rendered":"<p>[vc_row full_width=&#8220;stretch_row&#8220; parallax=&#8220;content-moving-fade&#8220; parallax_image=&#8220;14198&#8243; css=&#8220;.vc_custom_1569577045774{padding-top: 700px !important;}&#8220;][vc_column][\/vc_column][\/vc_row][vc_row][vc_column][vc_column_text] Lomamokkila Lomamokkila bietet den optimalen Rahmen f\u00fcr einen gelungenen Urlaub in Savonlinna. Sie k\u00f6nnen das ganze Jahr \u00fcber zwischen einer Unterbringung mit Fr\u00fchst\u00fcck [&hellip;]<\/p>\n","protected":false},"author":46,"featured_media":0,"parent":14748,"menu_order":0,"comment_status":"closed","ping_status":"closed","template":"","meta":{"footnotes":""},"relatedcontent":[],"class_list":{"0":"post-14666","1":"page","2":"type-page","3":"status-publish","4":"hentry","6":"priority-3"},"yoast_head":"<!-- This site is optimized with the Yoast SEO Premium plugin v27.3 (Yoast SEO v27.5) - https:\/\/yoast.com\/product\/yoast-seo-premium-wordpress\/ -->\n<title>Lomamokkila - Visit Saimaa<\/title>\n<meta name=\"description\" content=\"Lomamokkila Lomamokkila bietet den optimalen Rahmen f\u00fcr einen gelungenen Urlaub in Savonlinna. Sie k\u00f6nnen das ganze Jahr \u00fcber zwischen einer Unterbringung\" \/>\n<meta name=\"robots\" content=\"index, follow, max-snippet:-1, max-image-preview:large, max-video-preview:-1\" \/>\n<link rel=\"canonical\" href=\"https:\/\/www.visitsaimaa.fi\/de\/saimaan-charmantit\/lomamokkila\/\" \/>\n<meta property=\"og:locale\" content=\"de_DE\" \/>\n<meta property=\"og:type\" content=\"article\" \/>\n<meta property=\"og:title\" content=\"Lomamokkila\" \/>\n<meta property=\"og:description\" content=\"Lomamokkila Lomamokkila bietet den optimalen Rahmen f\u00fcr einen gelungenen Urlaub in Savonlinna. Sie k\u00f6nnen das ganze Jahr \u00fcber zwischen einer Unterbringung\" \/>\n<meta property=\"og:url\" content=\"https:\/\/www.visitsaimaa.fi\/de\/saimaan-charmantit\/lomamokkila\/\" \/>\n<meta property=\"og:site_name\" content=\"Visit Saimaa\" \/>\n<meta property=\"article:modified_time\" content=\"2019-11-11T11:43:40+00:00\" \/>\n<meta name=\"twitter:label1\" content=\"Gesch\u00e4tzte Lesezeit\" \/>\n\t<meta name=\"twitter:data1\" content=\"3 minutes\" \/>\n<script type=\"application\/ld+json\" class=\"yoast-schema-graph\">{\"@context\":\"https:\\\/\\\/schema.org\",\"@graph\":[{\"@type\":\"WebPage\",\"@id\":\"https:\\\/\\\/www.visitsaimaa.fi\\\/de\\\/saimaan-charmantit\\\/lomamokkila\\\/\",\"url\":\"https:\\\/\\\/www.visitsaimaa.fi\\\/de\\\/saimaan-charmantit\\\/lomamokkila\\\/\",\"name\":\"Lomamokkila - Visit Saimaa\",\"isPartOf\":{\"@id\":\"https:\\\/\\\/www.visitsaimaa.fi\\\/fi\\\/#website\"},\"datePublished\":\"2019-09-25T12:36:52+00:00\",\"dateModified\":\"2019-11-11T11:43:40+00:00\",\"description\":\"Lomamokkila Lomamokkila bietet den optimalen Rahmen f\u00fcr einen gelungenen Urlaub in Savonlinna. Sie k\u00f6nnen das ganze Jahr \u00fcber zwischen einer Unterbringung\",\"breadcrumb\":{\"@id\":\"https:\\\/\\\/www.visitsaimaa.fi\\\/de\\\/saimaan-charmantit\\\/lomamokkila\\\/#breadcrumb\"},\"inLanguage\":\"de-DE\",\"potentialAction\":[{\"@type\":\"ReadAction\",\"target\":[\"https:\\\/\\\/www.visitsaimaa.fi\\\/de\\\/saimaan-charmantit\\\/lomamokkila\\\/\"]}]},{\"@type\":\"BreadcrumbList\",\"@id\":\"https:\\\/\\\/www.visitsaimaa.fi\\\/de\\\/saimaan-charmantit\\\/lomamokkila\\\/#breadcrumb\",\"itemListElement\":[{\"@type\":\"ListItem\",\"position\":1,\"name\":\"Visit Saimaa\",\"item\":\"https:\\\/\\\/www.visitsaimaa.fi\\\/de\\\/\"},{\"@type\":\"ListItem\",\"position\":2,\"name\":\"Saimaan Charmantit\",\"item\":\"https:\\\/\\\/www.visitsaimaa.fi\\\/de\\\/saimaan-charmantit\\\/\"},{\"@type\":\"ListItem\",\"position\":3,\"name\":\"Lomamokkila\"}]},{\"@type\":\"WebSite\",\"@id\":\"https:\\\/\\\/www.visitsaimaa.fi\\\/fi\\\/#website\",\"url\":\"https:\\\/\\\/www.visitsaimaa.fi\\\/fi\\\/\",\"name\":\"Visit Saimaa\",\"description\":\"The Official Travel Guide of Lakeland Saimaa\",\"potentialAction\":[{\"@type\":\"SearchAction\",\"target\":{\"@type\":\"EntryPoint\",\"urlTemplate\":\"https:\\\/\\\/www.visitsaimaa.fi\\\/fi\\\/?s={search_term_string}\"},\"query-input\":{\"@type\":\"PropertyValueSpecification\",\"valueRequired\":true,\"valueName\":\"search_term_string\"}}],\"inLanguage\":\"de-DE\"}]}<\/script>\n<!-- \/ Yoast SEO Premium plugin. -->","yoast_head_json":{"title":"Lomamokkila - Visit Saimaa","description":"Lomamokkila Lomamokkila bietet den optimalen Rahmen f\u00fcr einen gelungenen Urlaub in Savonlinna. Sie k\u00f6nnen das ganze Jahr \u00fcber zwischen einer Unterbringung","robots":{"index":"index","follow":"follow","max-snippet":"max-snippet:-1","max-image-preview":"max-image-preview:large","max-video-preview":"max-video-preview:-1"},"canonical":"https:\/\/www.visitsaimaa.fi\/de\/saimaan-charmantit\/lomamokkila\/","og_locale":"de_DE","og_type":"article","og_title":"Lomamokkila","og_description":"Lomamokkila Lomamokkila bietet den optimalen Rahmen f\u00fcr einen gelungenen Urlaub in Savonlinna. Sie k\u00f6nnen das ganze Jahr \u00fcber zwischen einer Unterbringung","og_url":"https:\/\/www.visitsaimaa.fi\/de\/saimaan-charmantit\/lomamokkila\/","og_site_name":"Visit Saimaa","article_modified_time":"2019-11-11T11:43:40+00:00","twitter_misc":{"Gesch\u00e4tzte Lesezeit":"3 minutes"},"schema":{"@context":"https:\/\/schema.org","@graph":[{"@type":"WebPage","@id":"https:\/\/www.visitsaimaa.fi\/de\/saimaan-charmantit\/lomamokkila\/","url":"https:\/\/www.visitsaimaa.fi\/de\/saimaan-charmantit\/lomamokkila\/","name":"Lomamokkila - Visit Saimaa","isPartOf":{"@id":"https:\/\/www.visitsaimaa.fi\/fi\/#website"},"datePublished":"2019-09-25T12:36:52+00:00","dateModified":"2019-11-11T11:43:40+00:00","description":"Lomamokkila Lomamokkila bietet den optimalen Rahmen f\u00fcr einen gelungenen Urlaub in Savonlinna. Sie k\u00f6nnen das ganze Jahr \u00fcber zwischen einer Unterbringung","breadcrumb":{"@id":"https:\/\/www.visitsaimaa.fi\/de\/saimaan-charmantit\/lomamokkila\/#breadcrumb"},"inLanguage":"de-DE","potentialAction":[{"@type":"ReadAction","target":["https:\/\/www.visitsaimaa.fi\/de\/saimaan-charmantit\/lomamokkila\/"]}]},{"@type":"BreadcrumbList","@id":"https:\/\/www.visitsaimaa.fi\/de\/saimaan-charmantit\/lomamokkila\/#breadcrumb","itemListElement":[{"@type":"ListItem","position":1,"name":"Visit Saimaa","item":"https:\/\/www.visitsaimaa.fi\/de\/"},{"@type":"ListItem","position":2,"name":"Saimaan Charmantit","item":"https:\/\/www.visitsaimaa.fi\/de\/saimaan-charmantit\/"},{"@type":"ListItem","position":3,"name":"Lomamokkila"}]},{"@type":"WebSite","@id":"https:\/\/www.visitsaimaa.fi\/fi\/#website","url":"https:\/\/www.visitsaimaa.fi\/fi\/","name":"Visit Saimaa","description":"The Official Travel Guide of Lakeland Saimaa","potentialAction":[{"@type":"SearchAction","target":{"@type":"EntryPoint","urlTemplate":"https:\/\/www.visitsaimaa.fi\/fi\/?s={search_term_string}"},"query-input":{"@type":"PropertyValueSpecification","valueRequired":true,"valueName":"search_term_string"}}],"inLanguage":"de-DE"}]}},"_links":{"self":[{"href":"https:\/\/www.visitsaimaa.fi\/de\/wp-json\/wp\/v2\/pages\/14666","targetHints":{"allow":["GET"]}}],"collection":[{"href":"https:\/\/www.visitsaimaa.fi\/de\/wp-json\/wp\/v2\/pages"}],"about":[{"href":"https:\/\/www.visitsaimaa.fi\/de\/wp-json\/wp\/v2\/types\/page"}],"author":[{"embeddable":true,"href":"https:\/\/www.visitsaimaa.fi\/de\/wp-json\/wp\/v2\/users\/46"}],"replies":[{"embeddable":true,"href":"https:\/\/www.visitsaimaa.fi\/de\/wp-json\/wp\/v2\/comments?post=14666"}],"version-history":[{"count":0,"href":"https:\/\/www.visitsaimaa.fi\/de\/wp-json\/wp\/v2\/pages\/14666\/revisions"}],"up":[{"embeddable":true,"href":"https:\/\/www.visitsaimaa.fi\/de\/wp-json\/wp\/v2\/pages\/14748"}],"wp:attachment":[{"href":"https:\/\/www.visitsaimaa.fi\/de\/wp-json\/wp\/v2\/media?parent=14666"}],"wp:term":[{"taxonomy":"relatedcontent","embeddable":true,"href":"https:\/\/www.visitsaimaa.fi\/de\/wp-json\/wp\/v2\/relatedcontent?post=14666"}],"curies":[{"name":"wp","href":"https:\/\/api.w.org\/{rel}","templated":true}]}}