{"id":14636,"date":"2019-09-25T15:21:55","date_gmt":"2019-09-25T12:21:55","guid":{"rendered":"https:\/\/www.visitsaimaa.fi\/kenkavero\/"},"modified":"2019-11-11T13:07:11","modified_gmt":"2019-11-11T11:07:11","slug":"kenkavero","status":"publish","type":"page","link":"https:\/\/www.visitsaimaa.fi\/de\/saimaan-charmantit\/kenkavero\/","title":{"rendered":"Kenk\u00e4vero"},"content":{"rendered":"<p>[vc_row full_width=&#8220;stretch_row&#8220; parallax=&#8220;content-moving-fade&#8220; parallax_image=&#8220;14150&#8243; css=&#8220;.vc_custom_1569564962405{padding-top: 700px !important;}&#8220;][vc_column][\/vc_column][\/vc_row][vc_row][vc_column][vc_column_text]<\/p>\n<h1 style=\"text-align: center\">Kenk\u00e4vero<\/h1>\n<p style=\"text-align: center\"><strong>Das wundervolle, einzigartige Pfarrhausmilieu von Kenk\u00e4vero in Mikkeli ist eine Sehensw\u00fcrdigkeit an der Landstra\u00dfe 5, am Ufer des Saimaa-Sees, die man gesehen haben muss. Das Hauptgeb\u00e4ude des gr\u00f6\u00dften und sch\u00f6nsten finnischen Pfarrhauses in seiner sorgf\u00e4ltig gepflegten Umgebung bietet das ganze Jahr \u00fcber einen hervorragenden Rahmen f\u00fcr Feiern und Versammlungen. Das schmackhafte lokale Essen in dem sch\u00f6nen Restaurant, die selbst gebackenen Backwaren im Caf\u00e9, die attraktiven L\u00e4den und die stimmungsvollen Veranstaltungen bilden eine Einheit, die man einfach erleben muss. Wir m\u00f6chten uns um Sie k\u00fcmmern, wie um Gott in Frankreich oder zumindest wie um einen Bischof im Pfarrhaus &#8211; kommen Sie und testen Sie, ob uns das gelingt.<\/strong><\/p>\n<p style=\"text-align: center\"><strong>Kenk\u00e4vero ist das ganze Jahr \u00fcber t\u00e4glich ge\u00f6ffnet.<\/strong><\/p>\n<h2 style=\"text-align: center\">Facettenreiche Geschichte<\/h2>\n<p style=\"text-align: center\">Die Geschichte von Kenk\u00e4vero reicht mehr als 550 Jahre zur\u00fcck. Die erste Wohnung f\u00fcr den Pfarrer wurde auf die damalige Insel bereits Mitte des 15. Jahrhunderts gebaut. Kenk\u00e4vero diente 1969 zum letzten Mal als Pfarrhaus. Danach verfiel das Hauptgeb\u00e4ude von Kenk\u00e4vero beinahe. Das neue goldene Zeitalter begann 1990, und dank einer sorgf\u00e4ltigen und gelungenen Restaurierung, der stimmungsvollen Einrichtung und der vielseitigen und modernen Dienstleistungen ist das Pfarrhaus Kenk\u00e4vero heute wieder voller Leben.<\/p>\n<h2 style=\"text-align: center\">Die Restaurants von Kenk\u00e4vero laden zum Schlemmen ein<\/h2>\n<p style=\"text-align: center\">G\u00f6nnen Sie sich eine Schlemmermahlzeit und einen Genuss, im Alltag sowohl wie an Festtagen. Bei uns f\u00fchlt sich auch der Alltag wie ein Fest an. Der Stolz unseres Restaurants sind die sorgf\u00e4ltig ausgew\u00e4hlten regionalen Zutaten, die Men\u00fcs, die an den Zeitgeist und den finnischen Geschmack angepasst sind, die in der eigenen B\u00e4ckerei gebackenen Backwaren und die einzigartigen, wundersch\u00f6nen R\u00e4ume. All dies wird von unserem gastfreundlichen Service im pr\u00e4chtigen Milieu am Ufer des Saimaa-Sees in der N\u00e4he des Zentrums von Mikkeli gekr\u00f6nt.<\/p>\n<p style=\"text-align: center\">Sie k\u00f6nnen das ganze Jahr \u00fcber allein oder mit Freunden zum Mittagessen, auf einen Kaffee oder auch auf ein belebendes Glas Wein vorbeischauen. F\u00fcr die Veranstaltung verschiedener Fest, von Geburtstagen bis zu Familienfeiern, k\u00f6nnen wir Ihnen mehrere einzigartige Alternativen anbieten.<\/p>\n<h2 style=\"text-align: center\">Die L\u00e4den von Kenk\u00e4vero<\/h2>\n<p style=\"text-align: center\">Auf dem sch\u00f6nen Hofgel\u00e4nde von Kenk\u00e4vero gibt es mehrere ganz besondere L\u00e4den, deren Produkte hervorragende Geschenke abgeben \u2013 f\u00fcr Ihre Lieben oder f\u00fcr sich selbst. Die L\u00e4den sind f\u00fcr ihre sch\u00f6ne Pr\u00e4sentation und f\u00fcr ihre Atmosph\u00e4re bekannt, in der das St\u00f6bern Spa\u00df macht. Kenk\u00e4vero ist eine der Hochburgen des finnischen Handarbeits- und Handwerks-Knowhows.<\/p>\n<p style=\"text-align: center\">Das ganze Jahr \u00fcber ge\u00f6ffnet sind der Kenk\u00e4vero-Laden und Pauliina Rundgrens HandiCrafts-Laden. Im Sommer gibt noch vielseitigere Einkaufsm\u00f6glichkeiten mit dem Laden Aittamyym\u00e4l\u00e4, der B\u00e4ckerei und der DeSavo-Sommerboutique mit Handarbeiten und Handwerk. Kommen Sie und verlieben Sie sich in diese bunten und einzigartigen L\u00e4den.<\/p>\n<h2 style=\"text-align: center\">Kommern Sie zum Feiern nach Kenk\u00e4vero<\/h2>\n<p style=\"text-align: center\">Geburtstage, Hochzeiten, Taufen, Firmenjubil\u00e4en\u2026 eine Feier im Kenk\u00e4vero ist auch f\u00fcr die Feiernden ein Geschenk. Die Bewirtung von G\u00e4sten war bereits in alten Zeiten auch in schlechten Zeiten reichlich. Pfarrh\u00e4user wurden fr\u00fcher mit Gasth\u00f6fen verglichen, in denen immer wieder mal Besucher vorbei kamen. Die Bewirtung von G\u00e4sten geh\u00f6rte zum Alltag, und auch das allt\u00e4gliche Leben f\u00fchlte sich oft wie ein Fest an.<\/p>\n<p style=\"text-align: center\">Unsere R\u00e4ume eignen sich f\u00fcr das Abhalten von Feiern vieler Gr\u00f6\u00dfen. Eine kleine Familienfeier kann beispielsweise im ehemaligen Bischofszimmer stattfinden. Der Saal des Pfarrhauses ist ein gro\u00dfer, zusammenh\u00e4ngender Raum, in den 40-50 Personen passen. Insgesamt gibt es im Restaurant des Pfarrhauses Platz f\u00fcr 170 Personen. Au\u00dferdem tr\u00e4gt unsere Terrasse zur Atmosph\u00e4re bei, und dort kann man, wenn die Witterung es zul\u00e4sst, weitere G\u00e4ste bewirten.<\/p>\n<p style=\"text-align: center\">Auch der auf dem Pfarrhausgrundst\u00fcck am Ufer des Saimaa-Sees gelegene gem\u00fctliche Strandpavillon bietet Platz f\u00fcr Feiern f\u00fcr rund 30 Personen.<\/p>\n<p>[\/vc_column_text][vc_single_image image=&#8220;14363&#8243; img_size=&#8220;&#8220; alignment=&#8220;center&#8220;][\/vc_column][\/vc_row][vc_row][vc_column width=&#8220;1\/5&#8243;][vc_single_image image=&#8220;14162&#8243; img_size=&#8220;500&#215;500&#8243; onclick=&#8220;link_image&#8220;][\/vc_column][vc_column width=&#8220;1\/5&#8243;][vc_single_image image=&#8220;14166&#8243; img_size=&#8220;500&#215;500&#8243; onclick=&#8220;link_image&#8220;][\/vc_column][vc_column width=&#8220;1\/5&#8243;][vc_single_image image=&#8220;14154&#8243; img_size=&#8220;500&#215;500&#8243; onclick=&#8220;link_image&#8220;][\/vc_column][vc_column width=&#8220;1\/5&#8243;][vc_single_image image=&#8220;14170&#8243; img_size=&#8220;500&#215;500&#8243; onclick=&#8220;link_image&#8220;][\/vc_column][vc_column width=&#8220;1\/5&#8243;][vc_single_image image=&#8220;14158&#8243; img_size=&#8220;500&#215;500&#8243; onclick=&#8220;link_image&#8220;][\/vc_column][\/vc_row][vc_row full_width=&#8220;stretch_row&#8220; css=&#8220;.vc_custom_1569413346069{padding-top: 50px !important;padding-bottom: 50px !important;background-color: #efefef !important;}&#8220;][vc_column][vc_column_text]<\/p>\n<p style=\"text-align: center\"><strong>Kenk\u00e4vero<\/strong><br \/>\nPursialankatu 6<br \/>\n50100 Mikkeli<br \/>\n+358 440 162 270<br \/>\nmyyntipalvelu@kenkavero.fi<\/p>\n<p style=\"text-align: center\">Das ganze Jahr \u00fcber ge\u00f6ffnet.<\/p>\n<p style=\"text-align: center\"><a href=\"https:\/\/www.kenkavero.fi\/\">www.kenkavero.fi<\/a><br \/>\n<a href=\"https:\/\/www.instagram.com\/kenkavero\/\">Instagram<\/a><br \/>\n<a href=\"https:\/\/www.facebook.com\/kenkavero\/\">Facebook<\/a><\/p>\n<p>[\/vc_column_text][\/vc_column][\/vc_row]<\/p>\n","protected":false},"excerpt":{"rendered":"<p>[vc_row full_width=&#8220;stretch_row&#8220; parallax=&#8220;content-moving-fade&#8220; parallax_image=&#8220;14150&#8243; css=&#8220;.vc_custom_1569564962405{padding-top: 700px !important;}&#8220;][vc_column][\/vc_column][\/vc_row][vc_row][vc_column][vc_column_text] Kenk\u00e4vero Das wundervolle, einzigartige Pfarrhausmilieu von Kenk\u00e4vero in Mikkeli ist eine Sehensw\u00fcrdigkeit an der Landstra\u00dfe 5, am Ufer des Saimaa-Sees, die man gesehen [&hellip;]<\/p>\n","protected":false},"author":46,"featured_media":0,"parent":14748,"menu_order":0,"comment_status":"closed","ping_status":"closed","template":"","meta":{"footnotes":""},"relatedcontent":[],"class_list":{"0":"post-14636","1":"page","2":"type-page","3":"status-publish","4":"hentry","6":"priority-3"},"yoast_head":"<!-- This site is optimized with the Yoast SEO Premium plugin v27.3 (Yoast SEO v27.5) - https:\/\/yoast.com\/product\/yoast-seo-premium-wordpress\/ -->\n<title>Kenk\u00e4vero - Visit Saimaa<\/title>\n<meta name=\"description\" content=\"Kenk\u00e4vero Das wundervolle, einzigartige Pfarrhausmilieu von Kenk\u00e4vero in Mikkeli ist eine Sehensw\u00fcrdigkeit an der Landstra\u00dfe 5, am Ufer des Saimaa-Sees,\" \/>\n<meta name=\"robots\" content=\"index, follow, max-snippet:-1, max-image-preview:large, max-video-preview:-1\" \/>\n<link rel=\"canonical\" href=\"https:\/\/www.visitsaimaa.fi\/de\/saimaan-charmantit\/kenkavero\/\" \/>\n<meta property=\"og:locale\" content=\"de_DE\" \/>\n<meta property=\"og:type\" content=\"article\" \/>\n<meta property=\"og:title\" content=\"Kenk\u00e4vero\" \/>\n<meta property=\"og:description\" content=\"Kenk\u00e4vero Das wundervolle, einzigartige Pfarrhausmilieu von Kenk\u00e4vero in Mikkeli ist eine Sehensw\u00fcrdigkeit an der Landstra\u00dfe 5, am Ufer des Saimaa-Sees,\" \/>\n<meta property=\"og:url\" content=\"https:\/\/www.visitsaimaa.fi\/de\/saimaan-charmantit\/kenkavero\/\" \/>\n<meta property=\"og:site_name\" content=\"Visit Saimaa\" \/>\n<meta property=\"article:modified_time\" content=\"2019-11-11T11:07:11+00:00\" \/>\n<meta name=\"twitter:label1\" content=\"Gesch\u00e4tzte Lesezeit\" \/>\n\t<meta name=\"twitter:data1\" content=\"4 minutes\" \/>\n<script type=\"application\/ld+json\" class=\"yoast-schema-graph\">{\"@context\":\"https:\\\/\\\/schema.org\",\"@graph\":[{\"@type\":\"WebPage\",\"@id\":\"https:\\\/\\\/www.visitsaimaa.fi\\\/de\\\/saimaan-charmantit\\\/kenkavero\\\/\",\"url\":\"https:\\\/\\\/www.visitsaimaa.fi\\\/de\\\/saimaan-charmantit\\\/kenkavero\\\/\",\"name\":\"Kenk\u00e4vero - Visit Saimaa\",\"isPartOf\":{\"@id\":\"https:\\\/\\\/www.visitsaimaa.fi\\\/fi\\\/#website\"},\"datePublished\":\"2019-09-25T12:21:55+00:00\",\"dateModified\":\"2019-11-11T11:07:11+00:00\",\"description\":\"Kenk\u00e4vero Das wundervolle, einzigartige Pfarrhausmilieu von Kenk\u00e4vero in Mikkeli ist eine Sehensw\u00fcrdigkeit an der Landstra\u00dfe 5, am Ufer des Saimaa-Sees,\",\"breadcrumb\":{\"@id\":\"https:\\\/\\\/www.visitsaimaa.fi\\\/de\\\/saimaan-charmantit\\\/kenkavero\\\/#breadcrumb\"},\"inLanguage\":\"de-DE\",\"potentialAction\":[{\"@type\":\"ReadAction\",\"target\":[\"https:\\\/\\\/www.visitsaimaa.fi\\\/de\\\/saimaan-charmantit\\\/kenkavero\\\/\"]}]},{\"@type\":\"BreadcrumbList\",\"@id\":\"https:\\\/\\\/www.visitsaimaa.fi\\\/de\\\/saimaan-charmantit\\\/kenkavero\\\/#breadcrumb\",\"itemListElement\":[{\"@type\":\"ListItem\",\"position\":1,\"name\":\"Visit Saimaa\",\"item\":\"https:\\\/\\\/www.visitsaimaa.fi\\\/de\\\/\"},{\"@type\":\"ListItem\",\"position\":2,\"name\":\"Saimaan Charmantit\",\"item\":\"https:\\\/\\\/www.visitsaimaa.fi\\\/de\\\/saimaan-charmantit\\\/\"},{\"@type\":\"ListItem\",\"position\":3,\"name\":\"Kenk\u00e4vero\"}]},{\"@type\":\"WebSite\",\"@id\":\"https:\\\/\\\/www.visitsaimaa.fi\\\/fi\\\/#website\",\"url\":\"https:\\\/\\\/www.visitsaimaa.fi\\\/fi\\\/\",\"name\":\"Visit Saimaa\",\"description\":\"The Official Travel Guide of Lakeland Saimaa\",\"potentialAction\":[{\"@type\":\"SearchAction\",\"target\":{\"@type\":\"EntryPoint\",\"urlTemplate\":\"https:\\\/\\\/www.visitsaimaa.fi\\\/fi\\\/?s={search_term_string}\"},\"query-input\":{\"@type\":\"PropertyValueSpecification\",\"valueRequired\":true,\"valueName\":\"search_term_string\"}}],\"inLanguage\":\"de-DE\"}]}<\/script>\n<!-- \/ Yoast SEO Premium plugin. -->","yoast_head_json":{"title":"Kenk\u00e4vero - Visit Saimaa","description":"Kenk\u00e4vero Das wundervolle, einzigartige Pfarrhausmilieu von Kenk\u00e4vero in Mikkeli ist eine Sehensw\u00fcrdigkeit an der Landstra\u00dfe 5, am Ufer des Saimaa-Sees,","robots":{"index":"index","follow":"follow","max-snippet":"max-snippet:-1","max-image-preview":"max-image-preview:large","max-video-preview":"max-video-preview:-1"},"canonical":"https:\/\/www.visitsaimaa.fi\/de\/saimaan-charmantit\/kenkavero\/","og_locale":"de_DE","og_type":"article","og_title":"Kenk\u00e4vero","og_description":"Kenk\u00e4vero Das wundervolle, einzigartige Pfarrhausmilieu von Kenk\u00e4vero in Mikkeli ist eine Sehensw\u00fcrdigkeit an der Landstra\u00dfe 5, am Ufer des Saimaa-Sees,","og_url":"https:\/\/www.visitsaimaa.fi\/de\/saimaan-charmantit\/kenkavero\/","og_site_name":"Visit Saimaa","article_modified_time":"2019-11-11T11:07:11+00:00","twitter_misc":{"Gesch\u00e4tzte Lesezeit":"4 minutes"},"schema":{"@context":"https:\/\/schema.org","@graph":[{"@type":"WebPage","@id":"https:\/\/www.visitsaimaa.fi\/de\/saimaan-charmantit\/kenkavero\/","url":"https:\/\/www.visitsaimaa.fi\/de\/saimaan-charmantit\/kenkavero\/","name":"Kenk\u00e4vero - Visit Saimaa","isPartOf":{"@id":"https:\/\/www.visitsaimaa.fi\/fi\/#website"},"datePublished":"2019-09-25T12:21:55+00:00","dateModified":"2019-11-11T11:07:11+00:00","description":"Kenk\u00e4vero Das wundervolle, einzigartige Pfarrhausmilieu von Kenk\u00e4vero in Mikkeli ist eine Sehensw\u00fcrdigkeit an der Landstra\u00dfe 5, am Ufer des Saimaa-Sees,","breadcrumb":{"@id":"https:\/\/www.visitsaimaa.fi\/de\/saimaan-charmantit\/kenkavero\/#breadcrumb"},"inLanguage":"de-DE","potentialAction":[{"@type":"ReadAction","target":["https:\/\/www.visitsaimaa.fi\/de\/saimaan-charmantit\/kenkavero\/"]}]},{"@type":"BreadcrumbList","@id":"https:\/\/www.visitsaimaa.fi\/de\/saimaan-charmantit\/kenkavero\/#breadcrumb","itemListElement":[{"@type":"ListItem","position":1,"name":"Visit Saimaa","item":"https:\/\/www.visitsaimaa.fi\/de\/"},{"@type":"ListItem","position":2,"name":"Saimaan Charmantit","item":"https:\/\/www.visitsaimaa.fi\/de\/saimaan-charmantit\/"},{"@type":"ListItem","position":3,"name":"Kenk\u00e4vero"}]},{"@type":"WebSite","@id":"https:\/\/www.visitsaimaa.fi\/fi\/#website","url":"https:\/\/www.visitsaimaa.fi\/fi\/","name":"Visit Saimaa","description":"The Official Travel Guide of Lakeland Saimaa","potentialAction":[{"@type":"SearchAction","target":{"@type":"EntryPoint","urlTemplate":"https:\/\/www.visitsaimaa.fi\/fi\/?s={search_term_string}"},"query-input":{"@type":"PropertyValueSpecification","valueRequired":true,"valueName":"search_term_string"}}],"inLanguage":"de-DE"}]}},"_links":{"self":[{"href":"https:\/\/www.visitsaimaa.fi\/de\/wp-json\/wp\/v2\/pages\/14636","targetHints":{"allow":["GET"]}}],"collection":[{"href":"https:\/\/www.visitsaimaa.fi\/de\/wp-json\/wp\/v2\/pages"}],"about":[{"href":"https:\/\/www.visitsaimaa.fi\/de\/wp-json\/wp\/v2\/types\/page"}],"author":[{"embeddable":true,"href":"https:\/\/www.visitsaimaa.fi\/de\/wp-json\/wp\/v2\/users\/46"}],"replies":[{"embeddable":true,"href":"https:\/\/www.visitsaimaa.fi\/de\/wp-json\/wp\/v2\/comments?post=14636"}],"version-history":[{"count":0,"href":"https:\/\/www.visitsaimaa.fi\/de\/wp-json\/wp\/v2\/pages\/14636\/revisions"}],"up":[{"embeddable":true,"href":"https:\/\/www.visitsaimaa.fi\/de\/wp-json\/wp\/v2\/pages\/14748"}],"wp:attachment":[{"href":"https:\/\/www.visitsaimaa.fi\/de\/wp-json\/wp\/v2\/media?parent=14636"}],"wp:term":[{"taxonomy":"relatedcontent","embeddable":true,"href":"https:\/\/www.visitsaimaa.fi\/de\/wp-json\/wp\/v2\/relatedcontent?post=14636"}],"curies":[{"name":"wp","href":"https:\/\/api.w.org\/{rel}","templated":true}]}}