{"id":1450,"date":"2015-12-03T12:13:53","date_gmt":"2015-12-03T10:13:53","guid":{"rendered":"https:\/\/www.visitsaimaa.fi\/de\/?page_id=1450"},"modified":"2024-03-18T13:38:52","modified_gmt":"2024-03-18T11:38:52","slug":"finnland-gaerten","status":"publish","type":"page","link":"https:\/\/www.visitsaimaa.fi\/de\/finnland-gaerten\/","title":{"rendered":"Finnland G\u00e4rten"},"content":{"rendered":"<p>[vc_row full_width=&#8220;stretch_row_content_no_spaces&#8220;][vc_column]<div class=\"main_header big\">\n    <figure style=\"background-image: url('https:\/\/www.visitsaimaa.fi\/wp-content\/uploads\/2015\/11\/kukkia-1089x600.jpg'); background-position: center center;\"><\/figure>\n    <div class=\"main_header_content\" style=\"\">\n        <div class=\"container\">\n            \n<h1 style=\"text-align: center\">G\u00e4rten im Seenland Saimaa<\/h1>\n<p style=\"text-align: center\">#saimaamoments<\/p>\n    \n        <\/div>\n    <\/div><!-- \/.container -->\n<\/div><!-- \/.main_header -->\n\n[\/vc_column][\/vc_row][vc_row][vc_column width=&#8220;1\/2&#8243;][vc_column_text]<\/p>\n<h2>Finnland G\u00e4rten &#8211; liebevolle G\u00e4rten und historische Geb\u00e4ude<\/h2>\n<p>[\/vc_column_text][\/vc_column][vc_column width=&#8220;1\/2&#8243;][\/vc_column][\/vc_row][vc_row][vc_column width=&#8220;1\/2&#8243;][vc_column_text]Moderates Klima, ausreichend Regen und viel Sonne sorgen f\u00fcr einzigartig sch\u00f6ne G\u00e4rten in Finnland. Die Verbindung mit finnischem Design, der finnischen Architektur und die Holzbauweise erm\u00f6glichen Gartenlandschaften, wie man sie sonst nur von den Profis kennt.<\/p>\n<p>Die Blumen und Str\u00e4ucher wiegen sich \u00fcppig im Wind, Sonnenblumen ranken sich die Holzfassaden hinauf, schicke St\u00fchle ruhen sich im Schatten voller Obstb\u00e4ume aus&#8230; Erde sieht man kaum, denn die viele Feuchtigkeit sorgt f\u00fcr ausreichend Moos und Farne.<\/p>\n<p><!--more--><\/p>\n<h3>Herrschaftsh\u00e4user und \u2013G\u00e4rten alter Zeit<\/h3>\n<p>Tertin Kartano ist ein alter Bauernhof &#8211; heute noch als solcher t\u00e4tig &#8211; und eines der tollen Design-Hotels der \u201e<a href=\"\/?page_id=2483\">Charms of Saimaa<\/a>\u201c in Finnland. Die alten Farmgeb\u00e4ude wurden nicht nur zu einem stilvollen, sympathischen kleinen Hotel verwandelt, sondern auch die G\u00e4rten wurden erhalten. Als eine alte Steinscheune abbrannte, wurden die Fundamente nicht kurzerhand abgerissen, sondern dienen jetzt als Umz\u00e4unung f\u00fcr den \u201eRuinen-Garten\u201c.<\/p>\n<p>Das Ergebnis ist ein stimmiger Ort mit sehr vielen kleinen versteckten Details: In liebevoller Kleinarbeit wurden unter der Erde Figuren geformt, welche nun mit Gras \u00fcberzogen sind, und von den Besucher entdeckt werden wollen. Die Blumen schmiegen sich in die Fensternischen, im Torbogen h\u00e4ngen handgeschmiedete Kunstwerke und im Garten befindet sich die eine oder andere Sitzbank unter einem Hain.<\/p>\n<p>Aber auch Kenk\u00e4vero ist einen Besuch wert. Kenk\u00e4vero ist eine ehemalige Pfarrei und hat nicht nur viele Wirtschaftsgeb\u00e4ude, die heute Restaurant, Shop f\u00fcr lokale Produkte sowie eine Design-Werkst\u00e4tte sind, sondern wartet auch mit einem gro\u00dfen Garten auf seine G\u00e4ste. Die Pflanzen dienen nicht nur der Erquickung der Besucher, gleichzeitig werden hier auch Kr\u00e4uter f\u00fcr die K\u00fcche und das Restaurant angepflanzt.<\/p>\n<p>N\u00e4he ist![\/vc_column_text][\/vc_column][\/vc_row][vc_row][vc_column]<div class=\"posts-list-grid wpb_content_element\">\n                            <div class=\"row no-gutter\"><div class=\"row no-gutter\"><div class=\"col-xs-10 col-sm-5 col-lg-4 col-main row-two \">    <div class=\"post-box post-stub\" data-openid=\"-1--1\" data-contentid=\"1:\" data-showrelated=\"1\" id=\"-1--1\">\n\n        <div class=\"vs_post_thumbnail\" style=\"background-image: url('https:\/\/www.visitsaimaa.fi\/wp-content\/themes\/visitsaimaa2019\/images\/default_visitsaimaa_2016.jpg')\" ><\/div>\n        <div class=\"image_overlay\"><\/div>\n                \n                <a href=\"\"  class=\" get-post-details\" title=\"\">\n            <span class=\"info\">\n                \n                                <span class=\"h3\"><\/span>\n                                            <\/span><!-- \/.info -->\n        <\/a>\n\n    <\/div>\n    <\/div><!-- box-main --><div class=\"col-xs-10 col-sm-5 col-lg-6 col-rest row-two\"><div class=\"row no-gutter\"><div class=\"col-xs-10 col-lg-66\">    <div class=\"post-box post-stub\" data-openid=\"-1--2\" data-contentid=\"1:\" data-showrelated=\"1\" id=\"-1--2\">\n\n        <div class=\"vs_post_thumbnail\" style=\"background-image: url('https:\/\/www.visitsaimaa.fi\/wp-content\/themes\/visitsaimaa2019\/images\/default_visitsaimaa_2016.jpg')\" ><\/div>\n        <div class=\"image_overlay\"><\/div>\n                \n                <a href=\"\"  class=\" get-post-details\" title=\"\">\n            <span class=\"info\">\n                \n                                <span class=\"h3\"><\/span>\n                                            <\/span><!-- \/.info -->\n        <\/a>\n\n    <\/div>\n    <\/div><div class=\"col-xs-5 col-lg-33\">    <div class=\"post-box filler social\" style=\"background-color: #3F729B;\">\n        <div class=\"icon\"><\/div>\n                    <div class=\"background-icon\" style=\" background-image: url('https:\/\/www.visitsaimaa.fi\/wp-content\/themes\/visitsaimaa2019\/images\/icons\/instagram-128.png');\" ><\/div>\n        \n        \n                    <a href=\"https:\/\/www.instagram.com\/visitsaimaa.fi\/\" target=\"_blank\" >\n                    <span class=\"info\">\n                                            <\/span>\n                    <\/a>\n        \n    <\/div>\n\n    <\/div><div class=\"col-xs-5 col-lg-33\">    <div class=\"post-box filler \" style=\"background-color: #360032;\">\n        <div class=\"icon\"><\/div>\n                    <div class=\"background-icon\" style=\" background-image: url('');\" ><\/div>\n        \n        \n                    <span class=\"info\">\n                                            <\/span>\n        \n    <\/div>\n\n    <\/div><div class=\"col-xs-10 col-lg-66\">    <div class=\"post-box filler \" style=\"background-color: #450440;\">\n        <div class=\"icon\"><\/div>\n                    <div class=\"background-icon\" style=\" background-image: url('');\" ><\/div>\n        \n        \n                    <span class=\"info\">\n                                            <\/span>\n        \n    <\/div>\n\n    <\/div><\/div><!-- row --><\/div><!-- .rest --><\/div><!-- \/.row --><\/div><!-- \/.row -->\n                            <\/div><!--\/.posts-list-grid -->[\/vc_column][\/vc_row][vc_row][vc_column][vc_column_text]<\/p>\n<h2>Wir empfehlen auch&#8230;<\/h2>\n<p>[\/vc_column_text][\/vc_column][\/vc_row][vc_row][vc_column]<div class=\"posts-list-grid wpb_content_element\">\n                            <div class=\"row no-gutter\"><div class=\"row no-gutter\"><div class=\"col-xs-10 col-sm-5 col-lg-4 col-main row-two \">    <div class=\"post-box post-stub post-1474 page type-page status-publish has-post-thumbnail hentry priority-3\"  data-contentid=\"1:1474\" data-showrelated=\"1\" id=\"sehenswuerdigkeiten-1-1474-3\">\n\n        <div class=\"vs_post_thumbnail\" style=\"background-image: url('https:\/\/www.visitsaimaa.fi\/wp-content\/themes\/visitsaimaa2019\/images\/default_visitsaimaa_2016.jpg')\" data-attachment=\"3582-1\"><\/div>\n        <div class=\"image_overlay\"><\/div>\n                \n                <a href=\"https:\/\/www.visitsaimaa.fi\/de\/sehenswuerdigkeiten\/\"  class=\"back-to-canonical \" title=\"Sehensw\u00fcrdigkeiten im Seenland Saimaa: Wo Geschichte und Tradition aufeinander treffen\">\n            <span class=\"info\">\n                \n                                <span class=\"h3\">Sehensw\u00fcrdigkeiten im &#8222;Seenland Saimaa&#8220;<\/span>\n                                            <\/span><!-- \/.info -->\n        <\/a>\n\n    <\/div>\n    <\/div><!-- box-main --><div class=\"col-xs-10 col-sm-5 col-lg-6 col-rest row-two\"><div class=\"row no-gutter\"><div class=\"col-xs-10 col-lg-66\">    <div class=\"post-box post-stub post-1235 page type-page status-publish has-post-thumbnail hentry priority-3\"  data-contentid=\"1:1235\" data-showrelated=\"1\" id=\"finnland-sauna-urlaub-1-1235-4\">\n\n        <div class=\"vs_post_thumbnail\" style=\"background-image: url('https:\/\/www.visitsaimaa.fi\/wp-content\/themes\/visitsaimaa2019\/images\/default_visitsaimaa_2016.jpg')\" data-attachment=\"5992-1\"><\/div>\n        <div class=\"image_overlay\"><\/div>\n                \n                <a href=\"https:\/\/www.visitsaimaa.fi\/de\/finnland-sauna-urlaub\/\"  class=\"back-to-canonical \" title=\"Finnland Sauna Urlaub: Sp\u00fcre den Ursprung der Sauna am eigenen Leib!\">\n            <span class=\"info\">\n                \n                                <span class=\"h3\">Sauna und Finnland<\/span>\n                                            <\/span><!-- \/.info -->\n        <\/a>\n\n    <\/div>\n    <\/div><div class=\"col-xs-5 col-lg-33\">    <div class=\"post-box post-stub post-1211 page type-page status-publish has-post-thumbnail hentry priority-3\"  data-contentid=\"1:1211\" data-showrelated=\"1\" id=\"saimaa-urlaub-1-1211-5\">\n\n        <div class=\"vs_post_thumbnail\" style=\"background-image: url('https:\/\/www.visitsaimaa.fi\/wp-content\/themes\/visitsaimaa2019\/images\/default_visitsaimaa_2016.jpg')\" data-attachment=\"4308-1\"><\/div>\n        <div class=\"image_overlay\"><\/div>\n                \n                <a href=\"https:\/\/www.visitsaimaa.fi\/de\/saimaa-urlaub\/\"  class=\"back-to-canonical \" title=\"Saimaa Urlaub Unterk\u00fcnfte\">\n            <span class=\"info\">\n                \n                                <span class=\"h3\">Unterk\u00fcnfte im &#8222;Seenland Saimaa&#8220;<\/span>\n                                            <\/span><!-- \/.info -->\n        <\/a>\n\n    <\/div>\n    <\/div><div class=\"col-xs-5 col-lg-33\">    <div class=\"post-box post-stub post-1927 page type-page status-publish has-post-thumbnail hentry priority-3\"  data-contentid=\"1:1927\" data-showrelated=\"1\" id=\"finnland-theater-1-1927-6\">\n\n        <div class=\"vs_post_thumbnail\" style=\"background-image: url('https:\/\/www.visitsaimaa.fi\/wp-content\/themes\/visitsaimaa2019\/images\/default_visitsaimaa_2016.jpg')\" data-attachment=\"1929-1\"><\/div>\n        <div class=\"image_overlay\"><\/div>\n                \n                <a href=\"https:\/\/www.visitsaimaa.fi\/de\/finnland-theater\/\"  class=\"back-to-canonical \" title=\"Finnland Theater im Seenland Saimaa &#8211; Natur und Kultur in Kombination\">\n            <span class=\"info\">\n                \n                                <span class=\"h3\">Theaterkultur am Saimaa<\/span>\n                                            <\/span><!-- \/.info -->\n        <\/a>\n\n    <\/div>\n    <\/div><div class=\"col-xs-10 col-lg-66\">    <div class=\"post-box post-stub post-2483 page type-page status-publish has-post-thumbnail hentry priority-3\"  data-contentid=\"1:2483\" data-showrelated=\"1\" id=\"charme-des-saimaa-1-2483-7\">\n\n        <div class=\"vs_post_thumbnail\" style=\"background-image: url('https:\/\/www.visitsaimaa.fi\/wp-content\/themes\/visitsaimaa2019\/images\/default_visitsaimaa_2016.jpg')\" data-attachment=\"2565-1\"><\/div>\n        <div class=\"image_overlay\"><\/div>\n                \n                <a href=\"https:\/\/www.visitsaimaa.fi\/de\/charme-des-saimaa\/\"  class=\"back-to-canonical \" title=\"&#8222;Charme des Saimaa&#8220; &#8211; eine Marke f\u00fcr exzellente Betriebe\">\n            <span class=\"info\">\n                \n                                <span class=\"h3\">Charme des Saimaa<\/span>\n                                            <\/span><!-- \/.info -->\n        <\/a>\n\n    <\/div>\n    <\/div><\/div><!-- row --><\/div><!-- .rest --><\/div><!-- \/.row --><\/div><!-- \/.row -->\n                            <\/div><!--\/.posts-list-grid -->[\/vc_column][\/vc_row]<\/p>\n","protected":false},"excerpt":{"rendered":"<p>[vc_row full_width=&#8220;stretch_row_content_no_spaces&#8220;][vc_column][\/vc_column][\/vc_row][vc_row][vc_column width=&#8220;1\/2&#8243;][vc_column_text] Finnland G\u00e4rten &#8211; liebevolle G\u00e4rten und historische Geb\u00e4ude [\/vc_column_text][\/vc_column][vc_column width=&#8220;1\/2&#8243;][\/vc_column][\/vc_row][vc_row][vc_column width=&#8220;1\/2&#8243;][vc_column_text]Moderates Klima, ausreichend Regen und viel Sonne sorgen f\u00fcr einzigartig sch\u00f6ne G\u00e4rten in Finnland. Die Verbindung mit [&hellip;]<\/p>\n","protected":false},"author":14,"featured_media":1295,"parent":0,"menu_order":0,"comment_status":"closed","ping_status":"closed","template":"","meta":{"footnotes":""},"relatedcontent":[],"class_list":{"0":"post-1450","1":"page","2":"type-page","3":"status-publish","4":"has-post-thumbnail","5":"hentry","7":"priority-3"},"yoast_head":"<!-- This site is optimized with the Yoast SEO Premium plugin v27.3 (Yoast SEO v27.4) - https:\/\/yoast.com\/product\/yoast-seo-premium-wordpress\/ -->\n<title>Finnland G\u00e4rten - Visit Saimaa<\/title>\n<meta name=\"description\" content=\"Finnland G\u00e4rten gedeihen durch das moderate Klima, dem Regen und der vielen Sonne besonders gut und man merkt, dass sie mit Herz und Liebe gepflegt werden.\" \/>\n<meta name=\"robots\" content=\"index, follow, max-snippet:-1, max-image-preview:large, max-video-preview:-1\" \/>\n<link rel=\"canonical\" href=\"https:\/\/www.visitsaimaa.fi\/de\/finnland-gaerten\/\" \/>\n<meta property=\"og:locale\" content=\"de_DE\" \/>\n<meta property=\"og:type\" content=\"article\" \/>\n<meta property=\"og:title\" content=\"Finnland G\u00e4rten\" \/>\n<meta property=\"og:description\" content=\"Finnland G\u00e4rten gedeihen durch das moderate Klima, dem Regen und der vielen Sonne besonders gut und man merkt, dass sie mit Herz und Liebe gepflegt werden.\" \/>\n<meta property=\"og:url\" content=\"https:\/\/www.visitsaimaa.fi\/de\/finnland-gaerten\/\" \/>\n<meta property=\"og:site_name\" content=\"Visit Saimaa\" \/>\n<meta property=\"article:modified_time\" content=\"2024-03-18T11:38:52+00:00\" \/>\n<meta property=\"og:image\" content=\"https:\/\/www.visitsaimaa.fi\/wp-content\/uploads\/2015\/11\/kukkia.jpg\" \/>\n\t<meta property=\"og:image:width\" content=\"1089\" \/>\n\t<meta property=\"og:image:height\" content=\"726\" \/>\n\t<meta property=\"og:image:type\" content=\"image\/jpeg\" \/>\n<meta name=\"twitter:label1\" content=\"Gesch\u00e4tzte Lesezeit\" \/>\n\t<meta name=\"twitter:data1\" content=\"2 minutes\" \/>\n<script type=\"application\/ld+json\" class=\"yoast-schema-graph\">{\"@context\":\"https:\\\/\\\/schema.org\",\"@graph\":[{\"@type\":\"WebPage\",\"@id\":\"https:\\\/\\\/www.visitsaimaa.fi\\\/de\\\/finnland-gaerten\\\/\",\"url\":\"https:\\\/\\\/www.visitsaimaa.fi\\\/de\\\/finnland-gaerten\\\/\",\"name\":\"Finnland G\u00e4rten - Visit Saimaa\",\"isPartOf\":{\"@id\":\"https:\\\/\\\/www.visitsaimaa.fi\\\/fi\\\/#website\"},\"primaryImageOfPage\":{\"@id\":\"https:\\\/\\\/www.visitsaimaa.fi\\\/de\\\/finnland-gaerten\\\/#primaryimage\"},\"image\":{\"@id\":\"https:\\\/\\\/www.visitsaimaa.fi\\\/de\\\/finnland-gaerten\\\/#primaryimage\"},\"thumbnailUrl\":\"https:\\\/\\\/www.visitsaimaa.fi\\\/wp-content\\\/uploads\\\/2015\\\/11\\\/kukkia.jpg\",\"datePublished\":\"2015-12-03T10:13:53+00:00\",\"dateModified\":\"2024-03-18T11:38:52+00:00\",\"description\":\"Finnland G\u00e4rten gedeihen durch das moderate Klima, dem Regen und der vielen Sonne besonders gut und man merkt, dass sie mit Herz und Liebe gepflegt werden.\",\"breadcrumb\":{\"@id\":\"https:\\\/\\\/www.visitsaimaa.fi\\\/de\\\/finnland-gaerten\\\/#breadcrumb\"},\"inLanguage\":\"de-DE\",\"potentialAction\":[{\"@type\":\"ReadAction\",\"target\":[\"https:\\\/\\\/www.visitsaimaa.fi\\\/de\\\/finnland-gaerten\\\/\"]}]},{\"@type\":\"ImageObject\",\"inLanguage\":\"de-DE\",\"@id\":\"https:\\\/\\\/www.visitsaimaa.fi\\\/de\\\/finnland-gaerten\\\/#primaryimage\",\"url\":\"https:\\\/\\\/www.visitsaimaa.fi\\\/wp-content\\\/uploads\\\/2015\\\/11\\\/kukkia.jpg\",\"contentUrl\":\"https:\\\/\\\/www.visitsaimaa.fi\\\/wp-content\\\/uploads\\\/2015\\\/11\\\/kukkia.jpg\",\"width\":1089,\"height\":726,\"caption\":\"Finnland g\u00e4rten\"},{\"@type\":\"BreadcrumbList\",\"@id\":\"https:\\\/\\\/www.visitsaimaa.fi\\\/de\\\/finnland-gaerten\\\/#breadcrumb\",\"itemListElement\":[{\"@type\":\"ListItem\",\"position\":1,\"name\":\"Visit Saimaa\",\"item\":\"https:\\\/\\\/www.visitsaimaa.fi\\\/de\\\/\"},{\"@type\":\"ListItem\",\"position\":2,\"name\":\"Finnland G\u00e4rten\"}]},{\"@type\":\"WebSite\",\"@id\":\"https:\\\/\\\/www.visitsaimaa.fi\\\/fi\\\/#website\",\"url\":\"https:\\\/\\\/www.visitsaimaa.fi\\\/fi\\\/\",\"name\":\"Visit Saimaa\",\"description\":\"The Official Travel Guide of Lakeland Saimaa\",\"potentialAction\":[{\"@type\":\"SearchAction\",\"target\":{\"@type\":\"EntryPoint\",\"urlTemplate\":\"https:\\\/\\\/www.visitsaimaa.fi\\\/fi\\\/?s={search_term_string}\"},\"query-input\":{\"@type\":\"PropertyValueSpecification\",\"valueRequired\":true,\"valueName\":\"search_term_string\"}}],\"inLanguage\":\"de-DE\"}]}<\/script>\n<!-- \/ Yoast SEO Premium plugin. -->","yoast_head_json":{"title":"Finnland G\u00e4rten - Visit Saimaa","description":"Finnland G\u00e4rten gedeihen durch das moderate Klima, dem Regen und der vielen Sonne besonders gut und man merkt, dass sie mit Herz und Liebe gepflegt werden.","robots":{"index":"index","follow":"follow","max-snippet":"max-snippet:-1","max-image-preview":"max-image-preview:large","max-video-preview":"max-video-preview:-1"},"canonical":"https:\/\/www.visitsaimaa.fi\/de\/finnland-gaerten\/","og_locale":"de_DE","og_type":"article","og_title":"Finnland G\u00e4rten","og_description":"Finnland G\u00e4rten gedeihen durch das moderate Klima, dem Regen und der vielen Sonne besonders gut und man merkt, dass sie mit Herz und Liebe gepflegt werden.","og_url":"https:\/\/www.visitsaimaa.fi\/de\/finnland-gaerten\/","og_site_name":"Visit Saimaa","article_modified_time":"2024-03-18T11:38:52+00:00","og_image":[{"width":1089,"height":726,"url":"https:\/\/www.visitsaimaa.fi\/wp-content\/uploads\/2015\/11\/kukkia.jpg","type":"image\/jpeg"}],"twitter_misc":{"Gesch\u00e4tzte Lesezeit":"2 minutes"},"schema":{"@context":"https:\/\/schema.org","@graph":[{"@type":"WebPage","@id":"https:\/\/www.visitsaimaa.fi\/de\/finnland-gaerten\/","url":"https:\/\/www.visitsaimaa.fi\/de\/finnland-gaerten\/","name":"Finnland G\u00e4rten - Visit Saimaa","isPartOf":{"@id":"https:\/\/www.visitsaimaa.fi\/fi\/#website"},"primaryImageOfPage":{"@id":"https:\/\/www.visitsaimaa.fi\/de\/finnland-gaerten\/#primaryimage"},"image":{"@id":"https:\/\/www.visitsaimaa.fi\/de\/finnland-gaerten\/#primaryimage"},"thumbnailUrl":"https:\/\/www.visitsaimaa.fi\/wp-content\/uploads\/2015\/11\/kukkia.jpg","datePublished":"2015-12-03T10:13:53+00:00","dateModified":"2024-03-18T11:38:52+00:00","description":"Finnland G\u00e4rten gedeihen durch das moderate Klima, dem Regen und der vielen Sonne besonders gut und man merkt, dass sie mit Herz und Liebe gepflegt werden.","breadcrumb":{"@id":"https:\/\/www.visitsaimaa.fi\/de\/finnland-gaerten\/#breadcrumb"},"inLanguage":"de-DE","potentialAction":[{"@type":"ReadAction","target":["https:\/\/www.visitsaimaa.fi\/de\/finnland-gaerten\/"]}]},{"@type":"ImageObject","inLanguage":"de-DE","@id":"https:\/\/www.visitsaimaa.fi\/de\/finnland-gaerten\/#primaryimage","url":"https:\/\/www.visitsaimaa.fi\/wp-content\/uploads\/2015\/11\/kukkia.jpg","contentUrl":"https:\/\/www.visitsaimaa.fi\/wp-content\/uploads\/2015\/11\/kukkia.jpg","width":1089,"height":726,"caption":"Finnland g\u00e4rten"},{"@type":"BreadcrumbList","@id":"https:\/\/www.visitsaimaa.fi\/de\/finnland-gaerten\/#breadcrumb","itemListElement":[{"@type":"ListItem","position":1,"name":"Visit Saimaa","item":"https:\/\/www.visitsaimaa.fi\/de\/"},{"@type":"ListItem","position":2,"name":"Finnland G\u00e4rten"}]},{"@type":"WebSite","@id":"https:\/\/www.visitsaimaa.fi\/fi\/#website","url":"https:\/\/www.visitsaimaa.fi\/fi\/","name":"Visit Saimaa","description":"The Official Travel Guide of Lakeland Saimaa","potentialAction":[{"@type":"SearchAction","target":{"@type":"EntryPoint","urlTemplate":"https:\/\/www.visitsaimaa.fi\/fi\/?s={search_term_string}"},"query-input":{"@type":"PropertyValueSpecification","valueRequired":true,"valueName":"search_term_string"}}],"inLanguage":"de-DE"}]}},"_links":{"self":[{"href":"https:\/\/www.visitsaimaa.fi\/de\/wp-json\/wp\/v2\/pages\/1450","targetHints":{"allow":["GET"]}}],"collection":[{"href":"https:\/\/www.visitsaimaa.fi\/de\/wp-json\/wp\/v2\/pages"}],"about":[{"href":"https:\/\/www.visitsaimaa.fi\/de\/wp-json\/wp\/v2\/types\/page"}],"author":[{"embeddable":true,"href":"https:\/\/www.visitsaimaa.fi\/de\/wp-json\/wp\/v2\/users\/14"}],"replies":[{"embeddable":true,"href":"https:\/\/www.visitsaimaa.fi\/de\/wp-json\/wp\/v2\/comments?post=1450"}],"version-history":[{"count":2,"href":"https:\/\/www.visitsaimaa.fi\/de\/wp-json\/wp\/v2\/pages\/1450\/revisions"}],"predecessor-version":[{"id":29772,"href":"https:\/\/www.visitsaimaa.fi\/de\/wp-json\/wp\/v2\/pages\/1450\/revisions\/29772"}],"wp:featuredmedia":[{"embeddable":true,"href":"https:\/\/www.visitsaimaa.fi\/de\/wp-json\/wp\/v2\/media\/1295"}],"wp:attachment":[{"href":"https:\/\/www.visitsaimaa.fi\/de\/wp-json\/wp\/v2\/media?parent=1450"}],"wp:term":[{"taxonomy":"relatedcontent","embeddable":true,"href":"https:\/\/www.visitsaimaa.fi\/de\/wp-json\/wp\/v2\/relatedcontent?post=1450"}],"curies":[{"name":"wp","href":"https:\/\/api.w.org\/{rel}","templated":true}]}}