{"id":1440,"date":"2015-12-10T11:45:01","date_gmt":"2015-12-10T09:45:01","guid":{"rendered":"https:\/\/www.visitsaimaa.fi\/de\/?page_id=1440"},"modified":"2021-03-19T14:15:42","modified_gmt":"2021-03-19T12:15:42","slug":"finnland-reiten","status":"publish","type":"page","link":"https:\/\/www.visitsaimaa.fi\/de\/finnland-reiten\/","title":{"rendered":"Finnland Reiten &#8211; spannende Touren, Schwimmen f\u00fcr Pferd und Reiter"},"content":{"rendered":"<p>[vc_row full_width=&#8220;stretch_row_content_no_spaces&#8220;][vc_column]<div class=\"main_header big\">\n    <figure style=\"background-image: url('https:\/\/www.visitsaimaa.fi\/wp-content\/uploads\/2015\/11\/finnland-reiten-1920x600.jpg'); background-position: center center;\"><\/figure>\n    <div class=\"main_header_content\" style=\"\">\n        <div class=\"container\">\n            \n<h1 style=\"text-align: center\">Reiten im Seenland Saimaa<\/h1>\n<p style=\"text-align: center\">#saimaamoments<\/p>\n    \n        <\/div>\n    <\/div><!-- \/.container -->\n<\/div><!-- \/.main_header -->\n\n[\/vc_column][\/vc_row][vc_row][vc_column width=&#8220;1\/2&#8243;][vc_column_text]<\/p>\n<h2>Reiten im Seenland Saimaa, Finnland<\/h2>\n<p>[\/vc_column_text][vc_column_text]<strong>Ein Reiturlaub im finnischen Seenland Saimaa ist eine immer beliebtere Art, Urlaub zu machen. Mit dem Pferd in der finnischen Natur unterwegs zu sein ist ein besonderes Erlebnis, das je nach Jahreszeit wechselt.<\/strong><\/p>\n<p>Die Reitst\u00e4lle und Reitunternehmen der Region organisieren Reitkurse, Ausfl\u00fcge und betreute Wanderungen unterschiedlicher L\u00e4nge f\u00fcr alle gleicherma\u00dfen, egal ob Anf\u00e4nger oder Fortgeschrittene, Erwachsene oder Kinder. Auch Pferdefahrten werden angeboten, wie auch f\u00fcr Kinder gef\u00fchrtes Ponyreiten an der Leine.<\/p>\n<p><!--more--><\/p>\n<h3>Finnland Reiten: Pferdeschwimmen bei Mondschein und grillen<\/h3>\n<p>Ihr Pferdeerlebnis am Saimaa kann zum Beispiel Pferdeschwimmen bei Mondschein oder grillen am Rastplatz bei einer Tageswanderung sein.<\/p>\n<p>Von Ihrem Guide erfahren Sie, wo Sie reiten k\u00f6nnen. Die Reitst\u00e4lle verf\u00fcgen \u00fcber ein gutes Netzwerk von Reitwegen, was eine sichere und einfache Fortbewegung mit dem Pferd erm\u00f6glicht.<\/p>\n<h3>Das Finnpferd \u2013 authentisch aus Finnland<\/h3>\n<p>Haben Sie gewusst, dass Finnland \u00fcber seine eigene Pferderasse verf\u00fcgt &#8211; dem Finnpferd? Das <a href=\"https:\/\/de.wikipedia.org\/wiki\/Finnpferd\" target=\"_blank\" rel=\"noopener\">Finnpferd (Finnisches Universal)<\/a> ist die einzige in Finnland gez\u00fcchtete Pferderasse; seit 2007 gilt es als Nationalpferd Finnlands.<\/p>\n<p>Das Finnpferd ist ein vielseitiges Allroundpferd, das sowohl zum Reiten, Trabrennsport, als Arbeitspferd f\u00fcr Land- und Forstwirtschaft sowie Freizeitpferd geeignet ist.<\/p>\n<p>Viele Reitanlagen haben sich auf Finnpferde spezialisiert und bieten Reitausfl\u00fcge mit diesem gutm\u00fctigen Pferd an, das sich auch f\u00fcr Anf\u00e4nger bestens eignet.[\/vc_column_text][\/vc_column][vc_column width=&#8220;1\/2&#8243;][vc_single_image image=&#8220;17008&#8243; img_size=&#8220;large&#8220; css=&#8220;.vc_custom_1616156079592{padding-top: 20px !important;}&#8220;][\/vc_column][\/vc_row][vc_row][vc_column width=&#8220;1\/2&#8243;][\/vc_column][\/vc_row][vc_row][vc_column]<div class=\"posts-list-grid wpb_content_element no-list-items\"><\/div>[\/vc_column][\/vc_row][vc_row][vc_column][vc_column_text]<\/p>\n<h2>Wir empfehlen auch&#8230;<\/h2>\n<p>[\/vc_column_text][\/vc_column][\/vc_row][vc_row][vc_column]<div class=\"posts-list-grid wpb_content_element\">\n                            <div class=\"row no-gutter\"><div class=\"row no-gutter\"><div class=\"col-xs-10 col-sm-5 col-lg-4 col-main row-two \">    <div class=\"post-box post-stub post-1370 page type-page status-publish has-post-thumbnail hentry priority-3\"  data-contentid=\"1:1370\" data-showrelated=\"1\" id=\"finnland-kanutour-saimaa-1-1370-1\">\n\n        <div class=\"vs_post_thumbnail\" style=\"background-image: url('https:\/\/www.visitsaimaa.fi\/wp-content\/themes\/visitsaimaa2019\/images\/default_visitsaimaa_2016.jpg')\" data-attachment=\"186-1\"><\/div>\n        <div class=\"image_overlay\"><\/div>\n                \n                <a href=\"https:\/\/www.visitsaimaa.fi\/de\/finnland-kanutour-saimaa\/\"  class=\"back-to-canonical \" title=\"Finnland Kanutour: die Elemente hautnah erleben\">\n            <span class=\"info\">\n                \n                                <span class=\"h3\">Mit dem Kanu unterwegs<\/span>\n                                            <\/span><!-- \/.info -->\n        <\/a>\n\n    <\/div>\n    <\/div><!-- box-main --><div class=\"col-xs-10 col-sm-5 col-lg-6 col-rest row-two\"><div class=\"row no-gutter\"><div class=\"col-xs-10 col-lg-66\">    <div class=\"post-box post-stub post-1239 page type-page status-publish has-post-thumbnail hentry priority-3\"  data-contentid=\"1:1239\" data-showrelated=\"1\" id=\"finnland-kulinarisches-im-saimaa-1-1239-2\">\n\n        <div class=\"vs_post_thumbnail\" style=\"background-image: url('https:\/\/www.visitsaimaa.fi\/wp-content\/themes\/visitsaimaa2019\/images\/default_visitsaimaa_2016.jpg')\" data-attachment=\"5610-1\"><\/div>\n        <div class=\"image_overlay\"><\/div>\n                \n                <a href=\"https:\/\/www.visitsaimaa.fi\/de\/finnland-kulinarisches-im-saimaa\/\"  class=\"back-to-canonical \" title=\"Kulinarisches aus dem Seenland Saimaa: direkt aus der Region\">\n            <span class=\"info\">\n                \n                                <span class=\"h3\">&#8222;Seenland Saimaa&#8220; kulinarisch<\/span>\n                                            <\/span><!-- \/.info -->\n        <\/a>\n\n    <\/div>\n    <\/div><div class=\"col-xs-5 col-lg-33\">    <div class=\"post-box post-stub post-1213 page type-page status-publish has-post-thumbnail hentry priority-3\"  data-contentid=\"1:1213\" data-showrelated=\"1\" id=\"finnland-urlaub-erlebnisse-1-1213-3\">\n\n        <div class=\"vs_post_thumbnail\" style=\"background-image: url('https:\/\/www.visitsaimaa.fi\/wp-content\/themes\/visitsaimaa2019\/images\/default_visitsaimaa_2016.jpg')\" data-attachment=\"2904-1\"><\/div>\n        <div class=\"image_overlay\"><\/div>\n                \n                <a href=\"https:\/\/www.visitsaimaa.fi\/de\/finnland-urlaub-erlebnisse\/\"  class=\"back-to-canonical \" title=\"Finnland-Urlaub im Seenland Saimaa: weite Natur und spannende Erlebnisse\">\n            <span class=\"info\">\n                \n                                <span class=\"h3\">Weite Natur und Outdoor-Erlebnisse<\/span>\n                                            <\/span><!-- \/.info -->\n        <\/a>\n\n    <\/div>\n    <\/div><div class=\"col-xs-5 col-lg-33\">    <div class=\"post-box post-stub post-1363 page type-page status-publish has-post-thumbnail hentry priority-3\"  data-contentid=\"1:1363\" data-showrelated=\"1\" id=\"finnische-seenplatte-radfahren-saimaa-1-1363-4\">\n\n        <div class=\"vs_post_thumbnail\" style=\"background-image: url('https:\/\/www.visitsaimaa.fi\/wp-content\/themes\/visitsaimaa2019\/images\/default_visitsaimaa_2016.jpg')\" data-attachment=\"1367-1\"><\/div>\n        <div class=\"image_overlay\"><\/div>\n                \n                <a href=\"https:\/\/www.visitsaimaa.fi\/de\/finnische-seenplatte-radfahren-saimaa\/\"  class=\"back-to-canonical \" title=\"Radfahren auf der finnischen Seenplatte: die angenehme Art Saimaa kennenzulernen!\">\n            <span class=\"info\">\n                \n                                <span class=\"h3\">Per Fahrrad durchs &#8222;Seenland Saimaa&#8220;<\/span>\n                                            <\/span><!-- \/.info -->\n        <\/a>\n\n    <\/div>\n    <\/div><div class=\"col-xs-10 col-lg-66\">    <div class=\"post-box post-stub post-1211 page type-page status-publish has-post-thumbnail hentry priority-3\"  data-contentid=\"1:1211\" data-showrelated=\"1\" id=\"saimaa-urlaub-1-1211-5\">\n\n        <div class=\"vs_post_thumbnail\" style=\"background-image: url('https:\/\/www.visitsaimaa.fi\/wp-content\/themes\/visitsaimaa2019\/images\/default_visitsaimaa_2016.jpg')\" data-attachment=\"4308-1\"><\/div>\n        <div class=\"image_overlay\"><\/div>\n                \n                <a href=\"https:\/\/www.visitsaimaa.fi\/de\/saimaa-urlaub\/\"  class=\"back-to-canonical \" title=\"Saimaa Urlaub Unterk\u00fcnfte\">\n            <span class=\"info\">\n                \n                                <span class=\"h3\">Unterk\u00fcnfte im &#8222;Seenland Saimaa&#8220;<\/span>\n                                            <\/span><!-- \/.info -->\n        <\/a>\n\n    <\/div>\n    <\/div><\/div><!-- row --><\/div><!-- .rest --><\/div><!-- \/.row --><\/div><!-- \/.row -->\n                            <\/div><!--\/.posts-list-grid -->[\/vc_column][\/vc_row]<\/p>\n","protected":false},"excerpt":{"rendered":"<p>[vc_row full_width=&#8220;stretch_row_content_no_spaces&#8220;][vc_column][\/vc_column][\/vc_row][vc_row][vc_column width=&#8220;1\/2&#8243;][vc_column_text] Reiten im Seenland Saimaa, Finnland [\/vc_column_text][vc_column_text]Ein Reiturlaub im finnischen Seenland Saimaa ist eine immer beliebtere Art, Urlaub zu machen. Mit dem Pferd in der finnischen Natur unterwegs [&hellip;]<\/p>\n","protected":false},"author":14,"featured_media":1443,"parent":0,"menu_order":0,"comment_status":"closed","ping_status":"closed","template":"","meta":{"footnotes":""},"relatedcontent":[],"class_list":{"0":"post-1440","1":"page","2":"type-page","3":"status-publish","4":"has-post-thumbnail","5":"hentry","7":"priority-3"},"yoast_head":"<!-- This site is optimized with the Yoast SEO Premium plugin v27.3 (Yoast SEO v27.4) - https:\/\/yoast.com\/product\/yoast-seo-premium-wordpress\/ -->\n<title>Finnland Reiten - spannende Touren, Schwimmen f\u00fcr Pferd und Reiter - Visit Saimaa<\/title>\n<meta name=\"description\" content=\"In Finnland Reiten ist besonders sch\u00f6n und ganz anders als man es kennt. Die Wege sind spannend aber nicht schwierig und voll dichter Natur und weite Seen.\" \/>\n<meta name=\"robots\" content=\"index, follow, max-snippet:-1, max-image-preview:large, max-video-preview:-1\" \/>\n<link rel=\"canonical\" href=\"https:\/\/www.visitsaimaa.fi\/de\/finnland-reiten\/\" \/>\n<meta property=\"og:locale\" content=\"de_DE\" \/>\n<meta property=\"og:type\" content=\"article\" \/>\n<meta property=\"og:title\" content=\"Finnland Reiten - spannende Touren, Schwimmen f\u00fcr Pferd und Reiter\" \/>\n<meta property=\"og:description\" content=\"In Finnland Reiten ist besonders sch\u00f6n und ganz anders als man es kennt. Die Wege sind spannend aber nicht schwierig und voll dichter Natur und weite Seen.\" \/>\n<meta property=\"og:url\" content=\"https:\/\/www.visitsaimaa.fi\/de\/finnland-reiten\/\" \/>\n<meta property=\"og:site_name\" content=\"Visit Saimaa\" \/>\n<meta property=\"article:modified_time\" content=\"2021-03-19T12:15:42+00:00\" \/>\n<meta property=\"og:image\" content=\"https:\/\/www.visitsaimaa.fi\/wp-content\/uploads\/2015\/11\/finnland-reiten-1024x682.jpg\" \/>\n\t<meta property=\"og:image:width\" content=\"1024\" \/>\n\t<meta property=\"og:image:height\" content=\"682\" \/>\n\t<meta property=\"og:image:type\" content=\"image\/jpeg\" \/>\n<meta name=\"twitter:label1\" content=\"Gesch\u00e4tzte Lesezeit\" \/>\n\t<meta name=\"twitter:data1\" content=\"2 minutes\" \/>\n<script type=\"application\/ld+json\" class=\"yoast-schema-graph\">{\"@context\":\"https:\\\/\\\/schema.org\",\"@graph\":[{\"@type\":\"WebPage\",\"@id\":\"https:\\\/\\\/www.visitsaimaa.fi\\\/de\\\/finnland-reiten\\\/\",\"url\":\"https:\\\/\\\/www.visitsaimaa.fi\\\/de\\\/finnland-reiten\\\/\",\"name\":\"Finnland Reiten - spannende Touren, Schwimmen f\u00fcr Pferd und Reiter - Visit Saimaa\",\"isPartOf\":{\"@id\":\"https:\\\/\\\/www.visitsaimaa.fi\\\/fi\\\/#website\"},\"primaryImageOfPage\":{\"@id\":\"https:\\\/\\\/www.visitsaimaa.fi\\\/de\\\/finnland-reiten\\\/#primaryimage\"},\"image\":{\"@id\":\"https:\\\/\\\/www.visitsaimaa.fi\\\/de\\\/finnland-reiten\\\/#primaryimage\"},\"thumbnailUrl\":\"https:\\\/\\\/www.visitsaimaa.fi\\\/wp-content\\\/uploads\\\/2015\\\/11\\\/finnland-reiten.jpg\",\"datePublished\":\"2015-12-10T09:45:01+00:00\",\"dateModified\":\"2021-03-19T12:15:42+00:00\",\"description\":\"In Finnland Reiten ist besonders sch\u00f6n und ganz anders als man es kennt. Die Wege sind spannend aber nicht schwierig und voll dichter Natur und weite Seen.\",\"breadcrumb\":{\"@id\":\"https:\\\/\\\/www.visitsaimaa.fi\\\/de\\\/finnland-reiten\\\/#breadcrumb\"},\"inLanguage\":\"de-DE\",\"potentialAction\":[{\"@type\":\"ReadAction\",\"target\":[\"https:\\\/\\\/www.visitsaimaa.fi\\\/de\\\/finnland-reiten\\\/\"]}]},{\"@type\":\"ImageObject\",\"inLanguage\":\"de-DE\",\"@id\":\"https:\\\/\\\/www.visitsaimaa.fi\\\/de\\\/finnland-reiten\\\/#primaryimage\",\"url\":\"https:\\\/\\\/www.visitsaimaa.fi\\\/wp-content\\\/uploads\\\/2015\\\/11\\\/finnland-reiten.jpg\",\"contentUrl\":\"https:\\\/\\\/www.visitsaimaa.fi\\\/wp-content\\\/uploads\\\/2015\\\/11\\\/finnland-reiten.jpg\",\"width\":2000,\"height\":1333,\"caption\":\"Finnland Reiten Saimaa\"},{\"@type\":\"BreadcrumbList\",\"@id\":\"https:\\\/\\\/www.visitsaimaa.fi\\\/de\\\/finnland-reiten\\\/#breadcrumb\",\"itemListElement\":[{\"@type\":\"ListItem\",\"position\":1,\"name\":\"Visit Saimaa\",\"item\":\"https:\\\/\\\/www.visitsaimaa.fi\\\/de\\\/\"},{\"@type\":\"ListItem\",\"position\":2,\"name\":\"Finnland Reiten &#8211; spannende Touren, Schwimmen f\u00fcr Pferd und Reiter\"}]},{\"@type\":\"WebSite\",\"@id\":\"https:\\\/\\\/www.visitsaimaa.fi\\\/fi\\\/#website\",\"url\":\"https:\\\/\\\/www.visitsaimaa.fi\\\/fi\\\/\",\"name\":\"Visit Saimaa\",\"description\":\"The Official Travel Guide of Lakeland Saimaa\",\"potentialAction\":[{\"@type\":\"SearchAction\",\"target\":{\"@type\":\"EntryPoint\",\"urlTemplate\":\"https:\\\/\\\/www.visitsaimaa.fi\\\/fi\\\/?s={search_term_string}\"},\"query-input\":{\"@type\":\"PropertyValueSpecification\",\"valueRequired\":true,\"valueName\":\"search_term_string\"}}],\"inLanguage\":\"de-DE\"}]}<\/script>\n<!-- \/ Yoast SEO Premium plugin. -->","yoast_head_json":{"title":"Finnland Reiten - spannende Touren, Schwimmen f\u00fcr Pferd und Reiter - Visit Saimaa","description":"In Finnland Reiten ist besonders sch\u00f6n und ganz anders als man es kennt. Die Wege sind spannend aber nicht schwierig und voll dichter Natur und weite Seen.","robots":{"index":"index","follow":"follow","max-snippet":"max-snippet:-1","max-image-preview":"max-image-preview:large","max-video-preview":"max-video-preview:-1"},"canonical":"https:\/\/www.visitsaimaa.fi\/de\/finnland-reiten\/","og_locale":"de_DE","og_type":"article","og_title":"Finnland Reiten - spannende Touren, Schwimmen f\u00fcr Pferd und Reiter","og_description":"In Finnland Reiten ist besonders sch\u00f6n und ganz anders als man es kennt. Die Wege sind spannend aber nicht schwierig und voll dichter Natur und weite Seen.","og_url":"https:\/\/www.visitsaimaa.fi\/de\/finnland-reiten\/","og_site_name":"Visit Saimaa","article_modified_time":"2021-03-19T12:15:42+00:00","og_image":[{"width":1024,"height":682,"url":"https:\/\/www.visitsaimaa.fi\/wp-content\/uploads\/2015\/11\/finnland-reiten-1024x682.jpg","type":"image\/jpeg"}],"twitter_misc":{"Gesch\u00e4tzte Lesezeit":"2 minutes"},"schema":{"@context":"https:\/\/schema.org","@graph":[{"@type":"WebPage","@id":"https:\/\/www.visitsaimaa.fi\/de\/finnland-reiten\/","url":"https:\/\/www.visitsaimaa.fi\/de\/finnland-reiten\/","name":"Finnland Reiten - spannende Touren, Schwimmen f\u00fcr Pferd und Reiter - Visit Saimaa","isPartOf":{"@id":"https:\/\/www.visitsaimaa.fi\/fi\/#website"},"primaryImageOfPage":{"@id":"https:\/\/www.visitsaimaa.fi\/de\/finnland-reiten\/#primaryimage"},"image":{"@id":"https:\/\/www.visitsaimaa.fi\/de\/finnland-reiten\/#primaryimage"},"thumbnailUrl":"https:\/\/www.visitsaimaa.fi\/wp-content\/uploads\/2015\/11\/finnland-reiten.jpg","datePublished":"2015-12-10T09:45:01+00:00","dateModified":"2021-03-19T12:15:42+00:00","description":"In Finnland Reiten ist besonders sch\u00f6n und ganz anders als man es kennt. Die Wege sind spannend aber nicht schwierig und voll dichter Natur und weite Seen.","breadcrumb":{"@id":"https:\/\/www.visitsaimaa.fi\/de\/finnland-reiten\/#breadcrumb"},"inLanguage":"de-DE","potentialAction":[{"@type":"ReadAction","target":["https:\/\/www.visitsaimaa.fi\/de\/finnland-reiten\/"]}]},{"@type":"ImageObject","inLanguage":"de-DE","@id":"https:\/\/www.visitsaimaa.fi\/de\/finnland-reiten\/#primaryimage","url":"https:\/\/www.visitsaimaa.fi\/wp-content\/uploads\/2015\/11\/finnland-reiten.jpg","contentUrl":"https:\/\/www.visitsaimaa.fi\/wp-content\/uploads\/2015\/11\/finnland-reiten.jpg","width":2000,"height":1333,"caption":"Finnland Reiten Saimaa"},{"@type":"BreadcrumbList","@id":"https:\/\/www.visitsaimaa.fi\/de\/finnland-reiten\/#breadcrumb","itemListElement":[{"@type":"ListItem","position":1,"name":"Visit Saimaa","item":"https:\/\/www.visitsaimaa.fi\/de\/"},{"@type":"ListItem","position":2,"name":"Finnland Reiten &#8211; spannende Touren, Schwimmen f\u00fcr Pferd und Reiter"}]},{"@type":"WebSite","@id":"https:\/\/www.visitsaimaa.fi\/fi\/#website","url":"https:\/\/www.visitsaimaa.fi\/fi\/","name":"Visit Saimaa","description":"The Official Travel Guide of Lakeland Saimaa","potentialAction":[{"@type":"SearchAction","target":{"@type":"EntryPoint","urlTemplate":"https:\/\/www.visitsaimaa.fi\/fi\/?s={search_term_string}"},"query-input":{"@type":"PropertyValueSpecification","valueRequired":true,"valueName":"search_term_string"}}],"inLanguage":"de-DE"}]}},"_links":{"self":[{"href":"https:\/\/www.visitsaimaa.fi\/de\/wp-json\/wp\/v2\/pages\/1440","targetHints":{"allow":["GET"]}}],"collection":[{"href":"https:\/\/www.visitsaimaa.fi\/de\/wp-json\/wp\/v2\/pages"}],"about":[{"href":"https:\/\/www.visitsaimaa.fi\/de\/wp-json\/wp\/v2\/types\/page"}],"author":[{"embeddable":true,"href":"https:\/\/www.visitsaimaa.fi\/de\/wp-json\/wp\/v2\/users\/14"}],"replies":[{"embeddable":true,"href":"https:\/\/www.visitsaimaa.fi\/de\/wp-json\/wp\/v2\/comments?post=1440"}],"version-history":[{"count":2,"href":"https:\/\/www.visitsaimaa.fi\/de\/wp-json\/wp\/v2\/pages\/1440\/revisions"}],"predecessor-version":[{"id":19708,"href":"https:\/\/www.visitsaimaa.fi\/de\/wp-json\/wp\/v2\/pages\/1440\/revisions\/19708"}],"wp:featuredmedia":[{"embeddable":true,"href":"https:\/\/www.visitsaimaa.fi\/de\/wp-json\/wp\/v2\/media\/1443"}],"wp:attachment":[{"href":"https:\/\/www.visitsaimaa.fi\/de\/wp-json\/wp\/v2\/media?parent=1440"}],"wp:term":[{"taxonomy":"relatedcontent","embeddable":true,"href":"https:\/\/www.visitsaimaa.fi\/de\/wp-json\/wp\/v2\/relatedcontent?post=1440"}],"curies":[{"name":"wp","href":"https:\/\/api.w.org\/{rel}","templated":true}]}}