{"id":1437,"date":"2015-12-03T12:04:58","date_gmt":"2015-12-03T10:04:58","guid":{"rendered":"https:\/\/www.visitsaimaa.fi\/de\/?page_id=1437"},"modified":"2025-03-12T15:15:08","modified_gmt":"2025-03-12T13:15:08","slug":"finnland-bootstour-saimaa","status":"publish","type":"page","link":"https:\/\/www.visitsaimaa.fi\/de\/finnland-bootstour-saimaa\/","title":{"rendered":"Finnland Bootstour: Auf dem Saimaa unterwegs"},"content":{"rendered":"<p>[vc_row full_width=&#8220;stretch_row_content_no_spaces&#8220;][vc_column]<div class=\"main_header big\">\n    <figure style=\"background-image: url('https:\/\/www.visitsaimaa.fi\/wp-content\/uploads\/2015\/12\/Bootsturen-Saimaa-1920x600.jpg'); background-position: center center;\"><\/figure>\n    <div class=\"main_header_content\" style=\"\">\n        <div class=\"container\">\n            \n<h1 style=\"text-align: center;\">Bootstouren im Seenland Saimaa<\/h1>\n<p style=\"text-align: center;\">#saimaamoments<\/p>\n    \n        <\/div>\n    <\/div><!-- \/.container -->\n<\/div><!-- \/.main_header -->\n\n[\/vc_column][\/vc_row][vc_row][vc_column width=&#8220;1\/2&#8243;][vc_column_text]<\/p>\n<h2>Finnland Bootstour: Auf dem Saimaa unterwegs<\/h2>\n<p>[\/vc_column_text][vc_column_text]<strong>Das Seenland Saimaa im S\u00fcd-Osten Finnlands bietet Natur und idyllische Landschaft erster Klasse. Es ist Finnlands gr\u00f6sster und Europas 4. gr\u00f6\u00dfter S\u00fcsswassersee und das nicht als zusammenh\u00e4ngende Wasserfl\u00e4che wie man es gewohnt ist, sondern als Seenlandschaft mit knapp 14.000 Inseln, Halbinseln und Fjorden. Schiffe jeglicher Gr\u00f6\u00dfe laden zu einer Finnland Bootstour auf dem See Saima ein.<\/strong><\/p>\n<p>Am Wasser unterwegs, die frische Brise im Gesicht und die Sonne, die Sie wieder w\u00e4rmt \u2013 so kann man sich eine Bootsfahrt am Saimaa vorstellen. Dazu gibt es die besten und uhigen Str\u00e4nde, kr\u00e4ftiger Wald und verspielte K\u00fcstenlinie wohin das Auge blickt.<!--more--><\/p>\n<p>Die Inseln sind oft sehr klein, manchmal sehr gro\u00df. Die kleineren bestehen aus hartem Stein, \u00fcberzogen mit einem Guss aus Moos und darauf wachsen die B\u00e4ume wie Pilze \u2013 scheinbar auf nichts au\u00dfer dem Moos als Unterlage. Wald und Farne beherrschen den Anblick auf den gr\u00f6\u00dferen Inseln.<\/p>\n<h2>Auf den Inseln Rast machen<\/h2>\n<p>Ist man auf einer Finnland Bootstour unterwegs so kann man zu jeder Zeit an eine der vielen Inseln anlegen. Viele Inseln haben einen mit entsprechendem Schild bezeichneten &#8222;Inselhafen&#8220;, d.h. einen Bootsanlegesteg, eine Feuerstelle und sogar ein WC. Das duftet herrlich nach Wald, denn es werden Holzsp\u00e4ne zur Kompostierung verwendet, was wieder herum besten D\u00fcnger produziert.<\/p>\n<p>Der finnischen Regierung und Gesellschaft ist die Verbindung zur Natur sehr wichtig und Outdoor-Aktivit\u00e4ten werden gef\u00f6rdert. Deshalb ist es den Finnen ein Anliegen nicht nur die Natur durch richtiges Abfallmanagement zu sch\u00fctzen, sondern auch gleichzeitig den G\u00e4sten n\u00e4her zu bringen.<\/p>\n<p><strong>Jedermannsrecht<\/strong>: Jeder Gast ist auf den Inseln willkommen \u2013 seien sie \u00f6ffentlich oder privat. Sollte es einmal nicht m\u00f6glich sein, so wird es durch entsprechende Schilder erkenntlich gemacht. Fahnen dienen schlie\u00dflich dazu den Nachbarn zu zeigen, dass man daheim ist und sie vorbei kommen k\u00f6nnen.<\/p>\n<h2>Sicheres Abenteuer im Seenland Saimaa<\/h2>\n<p>Der Seenland Saimaa ist nicht nur ein Garant f\u00fcr ein Abenteuer und bietet zudem durch seine Infrastruktur auch Sicherheit. Bei viel Gl\u00fcck begegnet man einem der vielen Elche oder den Saimaa-Ringelrobben. Im <a href=\"http:\/\/visitsavonlinna.fi\/de\/products\/linnansaari-nationalpark\/\" target=\"_blank\" rel=\"noopener noreferrer\">Nationalpark Linnansaari<\/a> sowie im <a href=\"http:\/\/visitsavonlinna.fi\/de\/products\/kolovesi-nationalpark\/\" target=\"_blank\" rel=\"noopener noreferrer\">Nationalpark Kolovesi<\/a> sieht man viele Seev\u00f6gel.<\/p>\n<p><em>Der See ist daher bestens geeignet f\u00fcr alle Arten von Wassersport: Kajak, Ruderboot, Kanadier aber auch die motorischen Varianten in allen Gr\u00f6\u00dfen. Man kann exzellent fischen, das \u201eeinsame\u201c Abenteuer in der Natur suchen und campen, Tiere beobachten, sich feucht-fr\u00f6hlich durch das Wasser ziehen lassen und nat\u00fcrlich erstklassig saunieren!<\/em>[\/vc_column_text][\/vc_column][vc_column width=&#8220;1\/2&#8243;][vc_single_image image=&#8220;19699&#8243; img_size=&#8220;large&#8220; css=&#8220;.vc_custom_1616152874796{padding-top: 20px !important;}&#8220;][\/vc_column][\/vc_row][vc_row][vc_column][vc_column_text]<\/p>\n<h2>Bootstouren<\/h2>\n<p>[\/vc_column_text][\/vc_column][\/vc_row][vc_row][vc_column]<div class=\"posts-list-grid wpb_content_element\">\n                            <div class=\"row no-gutter\"><div class=\"row no-gutter\"><div class=\"col-xs-10 col-sm-5 col-lg-4 col-main row-two \">    <div class=\"post-box post-stub\" data-openid=\"-1--1\" data-contentid=\"1:\" data-showrelated=\"1\" id=\"-1--1\">\n\n        <div class=\"vs_post_thumbnail\" style=\"background-image: url('https:\/\/www.visitsaimaa.fi\/wp-content\/themes\/visitsaimaa2019\/images\/default_visitsaimaa_2016.jpg')\" ><\/div>\n        <div class=\"image_overlay\"><\/div>\n                \n                <a href=\"\"  class=\" get-post-details\" title=\"\">\n            <span class=\"info\">\n                \n                                <span class=\"h3\"><\/span>\n                                            <\/span><!-- \/.info -->\n        <\/a>\n\n    <\/div>\n    <\/div><!-- box-main --><div class=\"col-xs-10 col-sm-5 col-lg-6 col-rest row-two\"><div class=\"row no-gutter\"><div class=\"col-xs-10 col-lg-66\">    <div class=\"post-box post-stub has-excerpt post-821 post type-post status-publish format-standard has-post-thumbnail hentry category-erlebnisse category-kultur-und-sehenswuerdigkeiten category-natur-erleben-im-sommer category-reisetipps tag-dampfschifffahrt tag-finnland-bootstour tag-kreuzfahrten tag-saimaa tag-savonlinna tag-schiffstouren tag-seenplatte tag-sightseeing-cruises priority-3\" data-openid=\"historische-kreuzfahrten-finnland-saimaa-dampfschiffe-1-821-2\" data-contentid=\"1:821\" data-showrelated=\"1\" id=\"historische-kreuzfahrten-finnland-saimaa-dampfschiffe-1-821-2\">\n\n        <div class=\"vs_post_thumbnail\" style=\"background-image: url('https:\/\/www.visitsaimaa.fi\/wp-content\/themes\/visitsaimaa2019\/images\/default_visitsaimaa_2016.jpg')\" data-attachment=\"2660-1\"><\/div>\n        <div class=\"image_overlay\"><\/div>\n                \n                <a href=\"https:\/\/www.visitsaimaa.fi\/de\/historische-kreuzfahrten-finnland-saimaa-dampfschiffe\/\"  class=\" get-post-details\" title=\"Finnland: Historische Kreuzfahrten am Saimaa in originalen Dampfschiffen\">\n            <span class=\"info\">\n                \n                                <span class=\"h3\">Mit dem Dampfschiff auf dem Saimaa<\/span>\n                                    <span>Heute noch betriebene Dampfschiffe gibt es nicht mehr viele in der Welt.<\/span>\n                                            <\/span><!-- \/.info -->\n        <\/a>\n\n    <\/div>\n    <\/div><div class=\"col-xs-5 col-lg-33\">    <div class=\"post-box post-stub\" data-openid=\"-1--3\" data-contentid=\"1:\" data-showrelated=\"1\" id=\"-1--3\">\n\n        <div class=\"vs_post_thumbnail\" style=\"background-image: url('https:\/\/www.visitsaimaa.fi\/wp-content\/themes\/visitsaimaa2019\/images\/default_visitsaimaa_2016.jpg')\" ><\/div>\n        <div class=\"image_overlay\"><\/div>\n                \n                <a href=\"\"  class=\" get-post-details\" title=\"\">\n            <span class=\"info\">\n                \n                                <span class=\"h3\"><\/span>\n                                            <\/span><!-- \/.info -->\n        <\/a>\n\n    <\/div>\n    <\/div><div class=\"col-xs-5 col-lg-33\">    <div class=\"post-box post-stub post-24702 attachment type-attachment status-inherit hentry\" data-openid=\"saimaa-gastronomy_punkaharju_syksy_2021_low-2-2-1-24702-4\" data-contentid=\"1:24702\" data-showrelated=\"1\" id=\"saimaa-gastronomy_punkaharju_syksy_2021_low-2-2-1-24702-4\">\n\n        <div class=\"vs_post_thumbnail\" style=\"background-image: url('https:\/\/www.visitsaimaa.fi\/wp-content\/themes\/visitsaimaa2019\/images\/default_visitsaimaa_2016.jpg')\" ><\/div>\n        <div class=\"image_overlay\"><\/div>\n                \n                <a href=\"https:\/\/www.visitsaimaa.fi\/de\/saimaa-gastronomy_punkaharju_syksy_2021_low-2-2\/\"  class=\" get-post-details\" title=\"Saimaa Gastronomy_Punkaharju_syksy_2021_low\">\n            <span class=\"info\">\n                \n                                <span class=\"h3\">Saimaa Gastronomy_Punkaharju_syksy_2021_low<\/span>\n                                            <\/span><!-- \/.info -->\n        <\/a>\n\n    <\/div>\n    <\/div><div class=\"col-xs-10 col-lg-66\">    <div class=\"post-box filler vs_filler as-content\" >\n        <div class=\"icon\"><\/div>\n                    <div class=\"vs_post_thumbnail\" style=\" background-image: url('https:\/\/www.visitsaimaa.fi\/wp-content\/uploads\/2017\/01\/Finnland-saimaa-savonlinna-Bootstouren-im-Seenland-Saimaa-768x480.jpg');\"><\/div>\n        \n                    <div class=\"image_overlay\"><\/div>\n        \n                    <a href=\"https:\/\/www.visitsaimaa.fi\/wp-content\/uploads\/2017\/01\/Finnland-saimaa-savonlinna-Bootstouren-im-Seenland-Saimaa.pdf\" target=\"_blank\" >\n                    <span class=\"info\">\n                                    <span class=\"h3\">Des Wassers reine Seele<\/span>\n                                            <\/span>\n                    <\/a>\n        \n    <\/div>\n\n    <\/div><\/div><!-- row --><\/div><!-- .rest --><\/div><!-- \/.row --><\/div><!-- \/.row -->\n                            <\/div><!--\/.posts-list-grid -->[\/vc_column][\/vc_row][vc_row][vc_column][vc_column_text]<\/p>\n<h2>Lakeland GTE<\/h2>\n<p>[\/vc_column_text][\/vc_column][\/vc_row][vc_row][vc_column][vc_raw_html css=&#8220;&#8220;]JTNDam9oa3Utd2lkZ2V0JTIwaWQlM0QlMjJsYWtlbGFuZGd0ZSUyRmY2NjY0NTllNjY5YjRlYTYlMjIlMjBsb2NhbGUlM0QlMjJkZV9ERSUyMiUzRSUzQyUyRmpvaGt1LXdpZGdldCUzRQ==[\/vc_raw_html][\/vc_column][\/vc_row][vc_row][vc_column][vc_column_text]<\/p>\n<h2>Wir empfehlen auch&#8230;<\/h2>\n<p>[\/vc_column_text][\/vc_column][\/vc_row][vc_row][vc_column]<div class=\"posts-list-grid wpb_content_element\">\n                            <div class=\"row no-gutter\"><div class=\"row no-gutter\"><div class=\"col-xs-10 col-sm-5 col-lg-4 col-main row-two \">    <div class=\"post-box post-stub post-1326 page type-page status-publish has-post-thumbnail hentry priority-3\"  data-contentid=\"1:1326\" data-showrelated=\"1\" id=\"finnland-urlaub-angeln-1-1326-5\">\n\n        <div class=\"vs_post_thumbnail\" style=\"background-image: url('https:\/\/www.visitsaimaa.fi\/wp-content\/themes\/visitsaimaa2019\/images\/default_visitsaimaa_2016.jpg')\" data-attachment=\"19689-1\"><\/div>\n        <div class=\"image_overlay\"><\/div>\n                \n                <a href=\"https:\/\/www.visitsaimaa.fi\/de\/finnland-urlaub-angeln\/\"  class=\"back-to-canonical \" title=\"Angeln in Finnland \u2013 Urlaub am Saimaa-See, dem gr\u00f6\u00dften See Finnlands | Visit Saimaa\">\n            <span class=\"info\">\n                \n                                <span class=\"h3\">Angelerlebnisse am Saimaa-See<\/span>\n                                            <\/span><!-- \/.info -->\n        <\/a>\n\n    <\/div>\n    <\/div><!-- box-main --><div class=\"col-xs-10 col-sm-5 col-lg-6 col-rest row-two\"><div class=\"row no-gutter\"><div class=\"col-xs-10 col-lg-66\">    <div class=\"post-box post-stub post-1215 page type-page status-publish has-post-thumbnail hentry priority-3\"  data-contentid=\"1:1215\" data-showrelated=\"1\" id=\"finnische-seenplatte-sehenswuerdigkeiten-1-1215-6\">\n\n        <div class=\"vs_post_thumbnail\" style=\"background-image: url('https:\/\/www.visitsaimaa.fi\/wp-content\/themes\/visitsaimaa2019\/images\/default_visitsaimaa_2016.jpg')\" data-attachment=\"5736-1\"><\/div>\n        <div class=\"image_overlay\"><\/div>\n                \n                <a href=\"https:\/\/www.visitsaimaa.fi\/de\/finnische-seenplatte-sehenswuerdigkeiten\/\"  class=\"back-to-canonical \" title=\"Sehensw\u00fcrdigkeiten der finnischen Seenplatte: Kultur und Natur in Harmonie\">\n            <span class=\"info\">\n                \n                                <span class=\"h3\">Kultur &#038; Natur am Saimaa<\/span>\n                                            <\/span><!-- \/.info -->\n        <\/a>\n\n    <\/div>\n    <\/div><div class=\"col-xs-5 col-lg-33\">    <div class=\"post-box post-stub post-1213 page type-page status-publish has-post-thumbnail hentry priority-3\"  data-contentid=\"1:1213\" data-showrelated=\"1\" id=\"finnland-urlaub-erlebnisse-1-1213-7\">\n\n        <div class=\"vs_post_thumbnail\" style=\"background-image: url('https:\/\/www.visitsaimaa.fi\/wp-content\/themes\/visitsaimaa2019\/images\/default_visitsaimaa_2016.jpg')\" data-attachment=\"2904-1\"><\/div>\n        <div class=\"image_overlay\"><\/div>\n                \n                <a href=\"https:\/\/www.visitsaimaa.fi\/de\/finnland-urlaub-erlebnisse\/\"  class=\"back-to-canonical \" title=\"Finnland-Urlaub im Seenland Saimaa: weite Natur und spannende Erlebnisse\">\n            <span class=\"info\">\n                \n                                <span class=\"h3\">Weite Natur und Outdoor-Erlebnisse<\/span>\n                                            <\/span><!-- \/.info -->\n        <\/a>\n\n    <\/div>\n    <\/div><div class=\"col-xs-5 col-lg-33\">    <div class=\"post-box post-stub post-1239 page type-page status-publish has-post-thumbnail hentry priority-3\"  data-contentid=\"1:1239\" data-showrelated=\"1\" id=\"finnland-kulinarisches-im-saimaa-1-1239-8\">\n\n        <div class=\"vs_post_thumbnail\" style=\"background-image: url('https:\/\/www.visitsaimaa.fi\/wp-content\/themes\/visitsaimaa2019\/images\/default_visitsaimaa_2016.jpg')\" data-attachment=\"5610-1\"><\/div>\n        <div class=\"image_overlay\"><\/div>\n                \n                <a href=\"https:\/\/www.visitsaimaa.fi\/de\/finnland-kulinarisches-im-saimaa\/\"  class=\"back-to-canonical \" title=\"Kulinarisches aus dem Seenland Saimaa: direkt aus der Region\">\n            <span class=\"info\">\n                \n                                <span class=\"h3\">&#8222;Seenland Saimaa&#8220; kulinarisch<\/span>\n                                            <\/span><!-- \/.info -->\n        <\/a>\n\n    <\/div>\n    <\/div><div class=\"col-xs-10 col-lg-66\">    <div class=\"post-box post-stub post-708 page type-page status-publish has-post-thumbnail hentry priority-3\"  data-contentid=\"1:708\" data-showrelated=\"1\" id=\"finnland-saimaa-info-1-708-9\">\n\n        <div class=\"vs_post_thumbnail\" style=\"background-image: url('https:\/\/www.visitsaimaa.fi\/wp-content\/themes\/visitsaimaa2019\/images\/default_visitsaimaa_2016.jpg')\" data-attachment=\"248-1\"><\/div>\n        <div class=\"image_overlay\"><\/div>\n                \n                <a href=\"https:\/\/www.visitsaimaa.fi\/de\/finnland-saimaa-info\/\"  class=\"back-to-canonical \" title=\"Saimaa Info &#8211; Wissenswertes \u00fcber die Region\">\n            <span class=\"info\">\n                \n                                <span class=\"h3\">Wissenswertes zum &#8222;Seenland Saimaa&#8220;<\/span>\n                                            <\/span><!-- \/.info -->\n        <\/a>\n\n    <\/div>\n    <\/div><\/div><!-- row --><\/div><!-- .rest --><\/div><!-- \/.row --><\/div><!-- \/.row -->\n                            <\/div><!--\/.posts-list-grid -->[\/vc_column][\/vc_row]<\/p>\n","protected":false},"excerpt":{"rendered":"<p>[vc_row full_width=&#8220;stretch_row_content_no_spaces&#8220;][vc_column][\/vc_column][\/vc_row][vc_row][vc_column width=&#8220;1\/2&#8243;][vc_column_text] Finnland Bootstour: Auf dem Saimaa unterwegs [\/vc_column_text][vc_column_text]Das Seenland Saimaa im S\u00fcd-Osten Finnlands bietet Natur und idyllische Landschaft erster Klasse. Es ist Finnlands gr\u00f6sster und Europas 4. gr\u00f6\u00dfter [&hellip;]<\/p>\n","protected":false},"author":14,"featured_media":2025,"parent":0,"menu_order":0,"comment_status":"closed","ping_status":"closed","template":"","meta":{"footnotes":""},"relatedcontent":[],"class_list":{"0":"post-1437","1":"page","2":"type-page","3":"status-publish","4":"has-post-thumbnail","5":"hentry","7":"priority-3"},"yoast_head":"<!-- This site is optimized with the Yoast SEO Premium plugin v27.3 (Yoast SEO v27.5) - https:\/\/yoast.com\/product\/yoast-seo-premium-wordpress\/ -->\n<title>Finnland Bootstour: Auf dem Saimaa unterwegs - Visit Saimaa<\/title>\n<meta name=\"description\" content=\"Stille, eine sanfte Brise, beeindruckende Inseln und W\u00e4lder die man alle erkunden kann. Eine Finnland Bootstour mit Familie ist ein spannendes Abenteuer.\" \/>\n<meta name=\"robots\" content=\"index, follow, max-snippet:-1, max-image-preview:large, max-video-preview:-1\" \/>\n<link rel=\"canonical\" href=\"https:\/\/www.visitsaimaa.fi\/de\/finnland-bootstour-saimaa\/\" \/>\n<meta property=\"og:locale\" content=\"de_DE\" \/>\n<meta property=\"og:type\" content=\"article\" \/>\n<meta property=\"og:title\" content=\"Finnland Bootstour: Auf dem Saimaa unterwegs\" \/>\n<meta property=\"og:description\" content=\"Stille, eine sanfte Brise, beeindruckende Inseln und W\u00e4lder die man alle erkunden kann. Eine Finnland Bootstour mit Familie ist ein spannendes Abenteuer.\" \/>\n<meta property=\"og:url\" content=\"https:\/\/www.visitsaimaa.fi\/de\/finnland-bootstour-saimaa\/\" \/>\n<meta property=\"og:site_name\" content=\"Visit Saimaa\" \/>\n<meta property=\"article:modified_time\" content=\"2025-03-12T13:15:08+00:00\" \/>\n<meta property=\"og:image\" content=\"https:\/\/www.visitsaimaa.fi\/wp-content\/uploads\/2015\/12\/Bootsturen-Saimaa.jpg\" \/>\n\t<meta property=\"og:image:width\" content=\"2000\" \/>\n\t<meta property=\"og:image:height\" content=\"1335\" \/>\n\t<meta property=\"og:image:type\" content=\"image\/jpeg\" \/>\n<meta name=\"twitter:label1\" content=\"Gesch\u00e4tzte Lesezeit\" \/>\n\t<meta name=\"twitter:data1\" content=\"3 minutes\" \/>\n<script type=\"application\/ld+json\" class=\"yoast-schema-graph\">{\"@context\":\"https:\\\/\\\/schema.org\",\"@graph\":[{\"@type\":\"WebPage\",\"@id\":\"https:\\\/\\\/www.visitsaimaa.fi\\\/de\\\/finnland-bootstour-saimaa\\\/\",\"url\":\"https:\\\/\\\/www.visitsaimaa.fi\\\/de\\\/finnland-bootstour-saimaa\\\/\",\"name\":\"Finnland Bootstour: Auf dem Saimaa unterwegs - Visit Saimaa\",\"isPartOf\":{\"@id\":\"https:\\\/\\\/www.visitsaimaa.fi\\\/fi\\\/#website\"},\"primaryImageOfPage\":{\"@id\":\"https:\\\/\\\/www.visitsaimaa.fi\\\/de\\\/finnland-bootstour-saimaa\\\/#primaryimage\"},\"image\":{\"@id\":\"https:\\\/\\\/www.visitsaimaa.fi\\\/de\\\/finnland-bootstour-saimaa\\\/#primaryimage\"},\"thumbnailUrl\":\"https:\\\/\\\/www.visitsaimaa.fi\\\/wp-content\\\/uploads\\\/2015\\\/12\\\/Bootsturen-Saimaa.jpg\",\"datePublished\":\"2015-12-03T10:04:58+00:00\",\"dateModified\":\"2025-03-12T13:15:08+00:00\",\"description\":\"Stille, eine sanfte Brise, beeindruckende Inseln und W\u00e4lder die man alle erkunden kann. Eine Finnland Bootstour mit Familie ist ein spannendes Abenteuer.\",\"breadcrumb\":{\"@id\":\"https:\\\/\\\/www.visitsaimaa.fi\\\/de\\\/finnland-bootstour-saimaa\\\/#breadcrumb\"},\"inLanguage\":\"de-DE\",\"potentialAction\":[{\"@type\":\"ReadAction\",\"target\":[\"https:\\\/\\\/www.visitsaimaa.fi\\\/de\\\/finnland-bootstour-saimaa\\\/\"]}]},{\"@type\":\"ImageObject\",\"inLanguage\":\"de-DE\",\"@id\":\"https:\\\/\\\/www.visitsaimaa.fi\\\/de\\\/finnland-bootstour-saimaa\\\/#primaryimage\",\"url\":\"https:\\\/\\\/www.visitsaimaa.fi\\\/wp-content\\\/uploads\\\/2015\\\/12\\\/Bootsturen-Saimaa.jpg\",\"contentUrl\":\"https:\\\/\\\/www.visitsaimaa.fi\\\/wp-content\\\/uploads\\\/2015\\\/12\\\/Bootsturen-Saimaa.jpg\",\"width\":2000,\"height\":1335,\"caption\":\"Bootsturen Saimaa\"},{\"@type\":\"BreadcrumbList\",\"@id\":\"https:\\\/\\\/www.visitsaimaa.fi\\\/de\\\/finnland-bootstour-saimaa\\\/#breadcrumb\",\"itemListElement\":[{\"@type\":\"ListItem\",\"position\":1,\"name\":\"Visit Saimaa\",\"item\":\"https:\\\/\\\/www.visitsaimaa.fi\\\/de\\\/\"},{\"@type\":\"ListItem\",\"position\":2,\"name\":\"Finnland Bootstour: Auf dem Saimaa unterwegs\"}]},{\"@type\":\"WebSite\",\"@id\":\"https:\\\/\\\/www.visitsaimaa.fi\\\/fi\\\/#website\",\"url\":\"https:\\\/\\\/www.visitsaimaa.fi\\\/fi\\\/\",\"name\":\"Visit Saimaa\",\"description\":\"The Official Travel Guide of Lakeland Saimaa\",\"potentialAction\":[{\"@type\":\"SearchAction\",\"target\":{\"@type\":\"EntryPoint\",\"urlTemplate\":\"https:\\\/\\\/www.visitsaimaa.fi\\\/fi\\\/?s={search_term_string}\"},\"query-input\":{\"@type\":\"PropertyValueSpecification\",\"valueRequired\":true,\"valueName\":\"search_term_string\"}}],\"inLanguage\":\"de-DE\"}]}<\/script>\n<!-- \/ Yoast SEO Premium plugin. -->","yoast_head_json":{"title":"Finnland Bootstour: Auf dem Saimaa unterwegs - Visit Saimaa","description":"Stille, eine sanfte Brise, beeindruckende Inseln und W\u00e4lder die man alle erkunden kann. Eine Finnland Bootstour mit Familie ist ein spannendes Abenteuer.","robots":{"index":"index","follow":"follow","max-snippet":"max-snippet:-1","max-image-preview":"max-image-preview:large","max-video-preview":"max-video-preview:-1"},"canonical":"https:\/\/www.visitsaimaa.fi\/de\/finnland-bootstour-saimaa\/","og_locale":"de_DE","og_type":"article","og_title":"Finnland Bootstour: Auf dem Saimaa unterwegs","og_description":"Stille, eine sanfte Brise, beeindruckende Inseln und W\u00e4lder die man alle erkunden kann. Eine Finnland Bootstour mit Familie ist ein spannendes Abenteuer.","og_url":"https:\/\/www.visitsaimaa.fi\/de\/finnland-bootstour-saimaa\/","og_site_name":"Visit Saimaa","article_modified_time":"2025-03-12T13:15:08+00:00","og_image":[{"width":2000,"height":1335,"url":"https:\/\/www.visitsaimaa.fi\/wp-content\/uploads\/2015\/12\/Bootsturen-Saimaa.jpg","type":"image\/jpeg"}],"twitter_misc":{"Gesch\u00e4tzte Lesezeit":"3 minutes"},"schema":{"@context":"https:\/\/schema.org","@graph":[{"@type":"WebPage","@id":"https:\/\/www.visitsaimaa.fi\/de\/finnland-bootstour-saimaa\/","url":"https:\/\/www.visitsaimaa.fi\/de\/finnland-bootstour-saimaa\/","name":"Finnland Bootstour: Auf dem Saimaa unterwegs - Visit Saimaa","isPartOf":{"@id":"https:\/\/www.visitsaimaa.fi\/fi\/#website"},"primaryImageOfPage":{"@id":"https:\/\/www.visitsaimaa.fi\/de\/finnland-bootstour-saimaa\/#primaryimage"},"image":{"@id":"https:\/\/www.visitsaimaa.fi\/de\/finnland-bootstour-saimaa\/#primaryimage"},"thumbnailUrl":"https:\/\/www.visitsaimaa.fi\/wp-content\/uploads\/2015\/12\/Bootsturen-Saimaa.jpg","datePublished":"2015-12-03T10:04:58+00:00","dateModified":"2025-03-12T13:15:08+00:00","description":"Stille, eine sanfte Brise, beeindruckende Inseln und W\u00e4lder die man alle erkunden kann. Eine Finnland Bootstour mit Familie ist ein spannendes Abenteuer.","breadcrumb":{"@id":"https:\/\/www.visitsaimaa.fi\/de\/finnland-bootstour-saimaa\/#breadcrumb"},"inLanguage":"de-DE","potentialAction":[{"@type":"ReadAction","target":["https:\/\/www.visitsaimaa.fi\/de\/finnland-bootstour-saimaa\/"]}]},{"@type":"ImageObject","inLanguage":"de-DE","@id":"https:\/\/www.visitsaimaa.fi\/de\/finnland-bootstour-saimaa\/#primaryimage","url":"https:\/\/www.visitsaimaa.fi\/wp-content\/uploads\/2015\/12\/Bootsturen-Saimaa.jpg","contentUrl":"https:\/\/www.visitsaimaa.fi\/wp-content\/uploads\/2015\/12\/Bootsturen-Saimaa.jpg","width":2000,"height":1335,"caption":"Bootsturen Saimaa"},{"@type":"BreadcrumbList","@id":"https:\/\/www.visitsaimaa.fi\/de\/finnland-bootstour-saimaa\/#breadcrumb","itemListElement":[{"@type":"ListItem","position":1,"name":"Visit Saimaa","item":"https:\/\/www.visitsaimaa.fi\/de\/"},{"@type":"ListItem","position":2,"name":"Finnland Bootstour: Auf dem Saimaa unterwegs"}]},{"@type":"WebSite","@id":"https:\/\/www.visitsaimaa.fi\/fi\/#website","url":"https:\/\/www.visitsaimaa.fi\/fi\/","name":"Visit Saimaa","description":"The Official Travel Guide of Lakeland Saimaa","potentialAction":[{"@type":"SearchAction","target":{"@type":"EntryPoint","urlTemplate":"https:\/\/www.visitsaimaa.fi\/fi\/?s={search_term_string}"},"query-input":{"@type":"PropertyValueSpecification","valueRequired":true,"valueName":"search_term_string"}}],"inLanguage":"de-DE"}]}},"_links":{"self":[{"href":"https:\/\/www.visitsaimaa.fi\/de\/wp-json\/wp\/v2\/pages\/1437","targetHints":{"allow":["GET"]}}],"collection":[{"href":"https:\/\/www.visitsaimaa.fi\/de\/wp-json\/wp\/v2\/pages"}],"about":[{"href":"https:\/\/www.visitsaimaa.fi\/de\/wp-json\/wp\/v2\/types\/page"}],"author":[{"embeddable":true,"href":"https:\/\/www.visitsaimaa.fi\/de\/wp-json\/wp\/v2\/users\/14"}],"replies":[{"embeddable":true,"href":"https:\/\/www.visitsaimaa.fi\/de\/wp-json\/wp\/v2\/comments?post=1437"}],"version-history":[{"count":12,"href":"https:\/\/www.visitsaimaa.fi\/de\/wp-json\/wp\/v2\/pages\/1437\/revisions"}],"predecessor-version":[{"id":31619,"href":"https:\/\/www.visitsaimaa.fi\/de\/wp-json\/wp\/v2\/pages\/1437\/revisions\/31619"}],"wp:featuredmedia":[{"embeddable":true,"href":"https:\/\/www.visitsaimaa.fi\/de\/wp-json\/wp\/v2\/media\/2025"}],"wp:attachment":[{"href":"https:\/\/www.visitsaimaa.fi\/de\/wp-json\/wp\/v2\/media?parent=1437"}],"wp:term":[{"taxonomy":"relatedcontent","embeddable":true,"href":"https:\/\/www.visitsaimaa.fi\/de\/wp-json\/wp\/v2\/relatedcontent?post=1437"}],"curies":[{"name":"wp","href":"https:\/\/api.w.org\/{rel}","templated":true}]}}