{"id":1430,"date":"2015-12-14T17:44:15","date_gmt":"2015-12-14T15:44:15","guid":{"rendered":"https:\/\/www.visitsaimaa.fi\/de\/?page_id=1430"},"modified":"2021-03-19T13:57:18","modified_gmt":"2021-03-19T11:57:18","slug":"finnland-golf-saimaa","status":"publish","type":"page","link":"https:\/\/www.visitsaimaa.fi\/de\/finnland-golf-saimaa\/","title":{"rendered":"Golf in Finnland: profitieren Sie von optimalen Bedingungen"},"content":{"rendered":"<p>[vc_row full_width=&#8220;stretch_row_content_no_spaces&#8220;][vc_column]<div class=\"main_header big\">\n    <figure style=\"background-image: url('https:\/\/www.visitsaimaa.fi\/wp-content\/uploads\/2015\/11\/golf-mikkeli-1920x600.jpg'); background-position: center center;\"><\/figure>\n    <div class=\"main_header_content\" style=\"\">\n        <div class=\"container\">\n            \n<h1 style=\"text-align: center\">Bei gutem Wetter und frischer Luft golfen am Saimaa!<\/h1>\n<p style=\"text-align: center\">#saimaamoments<\/p>\n    \n        <\/div>\n    <\/div><!-- \/.container -->\n<\/div><!-- \/.main_header -->\n\n[\/vc_column][\/vc_row][vc_row][vc_column width=&#8220;1\/2&#8243;][vc_column_text]<\/p>\n<h2>Golf in Finnland: profitieren Sie von optimalen Bedingungen der Seenplatte Saimaa<\/h2>\n<p>[\/vc_column_text][vc_column_text]<strong>Golf in Finnland ist einen Versuch wert: Frische Luft, gutes Wetter und Golfpl\u00e4tze mit Seeblick warten auf all jene, die in Saimaa golfen wollen.\u00a0<\/strong><\/p>\n<p>Auf den Golfanlagen k\u00f6nnen Sie einschl\u00e4gige Dienstleistungen in Anspruch nehmen. \u00dcbungsstunden und professionelle Betreuung sowie Golfshops stehen zur Auswahl. Auch Unterk\u00fcnfte und Golfpakete sind in der N\u00e4he der Golfanlagen erh\u00e4ltlich. In Mikkeli steht auch ein Indoor Golf-Simulator zur Verf\u00fcgung.<\/p>\n<p><!--more--><\/p>\n<h3>Golf als gesundheitsf\u00f6rdernde Outdoor-Aktivit\u00e4t<\/h3>\n<p>An Sommerabenden, wenn die Sonne am Himmel bis tief in die Nacht hinein scheint, ist das Golfen in der Saimaa-Region eine der sch\u00f6nsten Outdoor-Aktivit\u00e4ten, die man hier machen kann.<\/p>\n<p>Golf eignet sich auch f\u00fcr die breite Bev\u00f6lkerung, egal ob jung, alt, sportlich oder untrainiert. F\u00fcr den Erfolg spielen viele Faktoren eine Rolle: Technik, Taktik, Ausdauer und Psyche.<\/p>\n<h3>Golf in Finnland &#8211; Auf die richtige Kleidung achten!<\/h3>\n<p>Die Etiquette am Golfplatz ist bekannterweise eine eigene. Tragen Sie lockere Sachen, in denen Sie sich gut bewegen k\u00f6nnen. Die Hosen d\u00fcrfen lang und bequem sein und m\u00fcssen nicht \u00fcberm\u00e4\u00dfig eng sein. Dazu ein lockeres Poloshirt mit Kragen und \u00c4rmeln und Turnschuhe, idealerweise mit Noppen. Ein Basecap gegen die Sonne ist empfehlenswert.[\/vc_column_text][\/vc_column][vc_column width=&#8220;1\/2&#8243;][vc_single_image image=&#8220;10875&#8243; img_size=&#8220;large&#8220; css=&#8220;.vc_custom_1616154903601{padding-top: 20px !important;}&#8220;][\/vc_column][\/vc_row][vc_row][vc_column]<div class=\"posts-list-grid wpb_content_element no-list-items\"><\/div>[\/vc_column][\/vc_row][vc_row][vc_column][vc_column_text]<\/p>\n<h2>Wir empfehlen auch&#8230;<\/h2>\n<p>[\/vc_column_text][\/vc_column][\/vc_row][vc_row][vc_column]<div class=\"posts-list-grid wpb_content_element\">\n                            <div class=\"row no-gutter\"><div class=\"row no-gutter\"><div class=\"col-xs-10 col-sm-5 col-lg-4 col-main row-two \">    <div class=\"post-box post-stub post-1215 page type-page status-publish has-post-thumbnail hentry priority-3\"  data-contentid=\"1:1215\" data-showrelated=\"1\" id=\"finnische-seenplatte-sehenswuerdigkeiten-1-1215-1\">\n\n        <div class=\"vs_post_thumbnail\" style=\"background-image: url('https:\/\/www.visitsaimaa.fi\/wp-content\/themes\/visitsaimaa2019\/images\/default_visitsaimaa_2016.jpg')\" data-attachment=\"5736-1\"><\/div>\n        <div class=\"image_overlay\"><\/div>\n                \n                <a href=\"https:\/\/www.visitsaimaa.fi\/de\/finnische-seenplatte-sehenswuerdigkeiten\/\"  class=\"back-to-canonical \" title=\"Sehensw\u00fcrdigkeiten der finnischen Seenplatte: Kultur und Natur in Harmonie\">\n            <span class=\"info\">\n                \n                                <span class=\"h3\">Kultur &#038; Natur am Saimaa<\/span>\n                                            <\/span><!-- \/.info -->\n        <\/a>\n\n    <\/div>\n    <\/div><!-- box-main --><div class=\"col-xs-10 col-sm-5 col-lg-6 col-rest row-two\"><div class=\"row no-gutter\"><div class=\"col-xs-10 col-lg-66\">    <div class=\"post-box post-stub post-1239 page type-page status-publish has-post-thumbnail hentry priority-3\"  data-contentid=\"1:1239\" data-showrelated=\"1\" id=\"finnland-kulinarisches-im-saimaa-1-1239-2\">\n\n        <div class=\"vs_post_thumbnail\" style=\"background-image: url('https:\/\/www.visitsaimaa.fi\/wp-content\/themes\/visitsaimaa2019\/images\/default_visitsaimaa_2016.jpg')\" data-attachment=\"5610-1\"><\/div>\n        <div class=\"image_overlay\"><\/div>\n                \n                <a href=\"https:\/\/www.visitsaimaa.fi\/de\/finnland-kulinarisches-im-saimaa\/\"  class=\"back-to-canonical \" title=\"Kulinarisches aus dem Seenland Saimaa: direkt aus der Region\">\n            <span class=\"info\">\n                \n                                <span class=\"h3\">&#8222;Seenland Saimaa&#8220; kulinarisch<\/span>\n                                            <\/span><!-- \/.info -->\n        <\/a>\n\n    <\/div>\n    <\/div><div class=\"col-xs-5 col-lg-33\">    <div class=\"post-box post-stub post-1211 page type-page status-publish has-post-thumbnail hentry priority-3\"  data-contentid=\"1:1211\" data-showrelated=\"1\" id=\"saimaa-urlaub-1-1211-3\">\n\n        <div class=\"vs_post_thumbnail\" style=\"background-image: url('https:\/\/www.visitsaimaa.fi\/wp-content\/themes\/visitsaimaa2019\/images\/default_visitsaimaa_2016.jpg')\" data-attachment=\"4308-1\"><\/div>\n        <div class=\"image_overlay\"><\/div>\n                \n                <a href=\"https:\/\/www.visitsaimaa.fi\/de\/saimaa-urlaub\/\"  class=\"back-to-canonical \" title=\"Saimaa Urlaub Unterk\u00fcnfte\">\n            <span class=\"info\">\n                \n                                <span class=\"h3\">Unterk\u00fcnfte im &#8222;Seenland Saimaa&#8220;<\/span>\n                                            <\/span><!-- \/.info -->\n        <\/a>\n\n    <\/div>\n    <\/div><div class=\"col-xs-5 col-lg-33\">    <div class=\"post-box post-stub post-1437 page type-page status-publish has-post-thumbnail hentry priority-3\"  data-contentid=\"1:1437\" data-showrelated=\"1\" id=\"finnland-bootstour-saimaa-1-1437-4\">\n\n        <div class=\"vs_post_thumbnail\" style=\"background-image: url('https:\/\/www.visitsaimaa.fi\/wp-content\/themes\/visitsaimaa2019\/images\/default_visitsaimaa_2016.jpg')\" data-attachment=\"2025-1\"><\/div>\n        <div class=\"image_overlay\"><\/div>\n                \n                <a href=\"https:\/\/www.visitsaimaa.fi\/de\/finnland-bootstour-saimaa\/\"  class=\"back-to-canonical \" title=\"Finnland Bootstour: Auf dem Saimaa unterwegs\">\n            <span class=\"info\">\n                \n                                <span class=\"h3\">Bootstouren auf dem Saimaa<\/span>\n                                            <\/span><!-- \/.info -->\n        <\/a>\n\n    <\/div>\n    <\/div><div class=\"col-xs-10 col-lg-66\">    <div class=\"post-box post-stub post-1213 page type-page status-publish has-post-thumbnail hentry priority-3\"  data-contentid=\"1:1213\" data-showrelated=\"1\" id=\"finnland-urlaub-erlebnisse-1-1213-5\">\n\n        <div class=\"vs_post_thumbnail\" style=\"background-image: url('https:\/\/www.visitsaimaa.fi\/wp-content\/themes\/visitsaimaa2019\/images\/default_visitsaimaa_2016.jpg')\" data-attachment=\"2904-1\"><\/div>\n        <div class=\"image_overlay\"><\/div>\n                \n                <a href=\"https:\/\/www.visitsaimaa.fi\/de\/finnland-urlaub-erlebnisse\/\"  class=\"back-to-canonical \" title=\"Finnland-Urlaub im Seenland Saimaa: weite Natur und spannende Erlebnisse\">\n            <span class=\"info\">\n                \n                                <span class=\"h3\">Weite Natur und Outdoor-Erlebnisse<\/span>\n                                            <\/span><!-- \/.info -->\n        <\/a>\n\n    <\/div>\n    <\/div><\/div><!-- row --><\/div><!-- .rest --><\/div><!-- \/.row --><\/div><!-- \/.row -->\n                            <\/div><!--\/.posts-list-grid -->[\/vc_column][\/vc_row]<\/p>\n","protected":false},"excerpt":{"rendered":"<p>[vc_row full_width=&#8220;stretch_row_content_no_spaces&#8220;][vc_column][\/vc_column][\/vc_row][vc_row][vc_column width=&#8220;1\/2&#8243;][vc_column_text] Golf in Finnland: profitieren Sie von optimalen Bedingungen der Seenplatte Saimaa [\/vc_column_text][vc_column_text]Golf in Finnland ist einen Versuch wert: Frische Luft, gutes Wetter und Golfpl\u00e4tze mit Seeblick warten [&hellip;]<\/p>\n","protected":false},"author":14,"featured_media":1446,"parent":0,"menu_order":0,"comment_status":"closed","ping_status":"closed","template":"","meta":{"footnotes":""},"relatedcontent":[],"class_list":{"0":"post-1430","1":"page","2":"type-page","3":"status-publish","4":"has-post-thumbnail","5":"hentry","7":"priority-3"},"yoast_head":"<!-- This site is optimized with the Yoast SEO Premium plugin v27.3 (Yoast SEO v27.3) - https:\/\/yoast.com\/product\/yoast-seo-premium-wordpress\/ -->\n<title>Golf in Finnland: profitieren Sie von optimalen Bedingungen - Visit Saimaa<\/title>\n<meta name=\"description\" content=\"Golf in Finnland: golfen an der frischen Luft, F\u00f6rderung der Gesundheit, optimale Bedingungen der Golfpl\u00e4tze mit direktem Seeblick!\" \/>\n<meta name=\"robots\" content=\"index, follow, max-snippet:-1, max-image-preview:large, max-video-preview:-1\" \/>\n<link rel=\"canonical\" href=\"https:\/\/www.visitsaimaa.fi\/de\/finnland-golf-saimaa\/\" \/>\n<meta property=\"og:locale\" content=\"de_DE\" \/>\n<meta property=\"og:type\" content=\"article\" \/>\n<meta property=\"og:title\" content=\"Golf in Finnland: profitieren Sie von optimalen Bedingungen\" \/>\n<meta property=\"og:description\" content=\"Golf in Finnland: golfen an der frischen Luft, F\u00f6rderung der Gesundheit, optimale Bedingungen der Golfpl\u00e4tze mit direktem Seeblick!\" \/>\n<meta property=\"og:url\" content=\"https:\/\/www.visitsaimaa.fi\/de\/finnland-golf-saimaa\/\" \/>\n<meta property=\"og:site_name\" content=\"Visit Saimaa\" \/>\n<meta property=\"article:modified_time\" content=\"2021-03-19T11:57:18+00:00\" \/>\n<meta property=\"og:image\" content=\"https:\/\/www.visitsaimaa.fi\/wp-content\/uploads\/2015\/11\/golf-mikkeli-1024x550.jpg\" \/>\n\t<meta property=\"og:image:width\" content=\"1024\" \/>\n\t<meta property=\"og:image:height\" content=\"550\" \/>\n\t<meta property=\"og:image:type\" content=\"image\/jpeg\" \/>\n<meta name=\"twitter:label1\" content=\"Gesch\u00e4tzte Lesezeit\" \/>\n\t<meta name=\"twitter:data1\" content=\"1 minute\" \/>\n<script type=\"application\/ld+json\" class=\"yoast-schema-graph\">{\"@context\":\"https:\\\/\\\/schema.org\",\"@graph\":[{\"@type\":\"WebPage\",\"@id\":\"https:\\\/\\\/www.visitsaimaa.fi\\\/de\\\/finnland-golf-saimaa\\\/\",\"url\":\"https:\\\/\\\/www.visitsaimaa.fi\\\/de\\\/finnland-golf-saimaa\\\/\",\"name\":\"Golf in Finnland: profitieren Sie von optimalen Bedingungen - Visit Saimaa\",\"isPartOf\":{\"@id\":\"https:\\\/\\\/www.visitsaimaa.fi\\\/fi\\\/#website\"},\"primaryImageOfPage\":{\"@id\":\"https:\\\/\\\/www.visitsaimaa.fi\\\/de\\\/finnland-golf-saimaa\\\/#primaryimage\"},\"image\":{\"@id\":\"https:\\\/\\\/www.visitsaimaa.fi\\\/de\\\/finnland-golf-saimaa\\\/#primaryimage\"},\"thumbnailUrl\":\"https:\\\/\\\/www.visitsaimaa.fi\\\/wp-content\\\/uploads\\\/2015\\\/11\\\/golf-mikkeli.jpg\",\"datePublished\":\"2015-12-14T15:44:15+00:00\",\"dateModified\":\"2021-03-19T11:57:18+00:00\",\"description\":\"Golf in Finnland: golfen an der frischen Luft, F\u00f6rderung der Gesundheit, optimale Bedingungen der Golfpl\u00e4tze mit direktem Seeblick!\",\"breadcrumb\":{\"@id\":\"https:\\\/\\\/www.visitsaimaa.fi\\\/de\\\/finnland-golf-saimaa\\\/#breadcrumb\"},\"inLanguage\":\"de-DE\",\"potentialAction\":[{\"@type\":\"ReadAction\",\"target\":[\"https:\\\/\\\/www.visitsaimaa.fi\\\/de\\\/finnland-golf-saimaa\\\/\"]}]},{\"@type\":\"ImageObject\",\"inLanguage\":\"de-DE\",\"@id\":\"https:\\\/\\\/www.visitsaimaa.fi\\\/de\\\/finnland-golf-saimaa\\\/#primaryimage\",\"url\":\"https:\\\/\\\/www.visitsaimaa.fi\\\/wp-content\\\/uploads\\\/2015\\\/11\\\/golf-mikkeli.jpg\",\"contentUrl\":\"https:\\\/\\\/www.visitsaimaa.fi\\\/wp-content\\\/uploads\\\/2015\\\/11\\\/golf-mikkeli.jpg\",\"width\":2000,\"height\":1074,\"caption\":\"Golf in Finnland: profitieren Sie von optimalen Bedingungen\"},{\"@type\":\"BreadcrumbList\",\"@id\":\"https:\\\/\\\/www.visitsaimaa.fi\\\/de\\\/finnland-golf-saimaa\\\/#breadcrumb\",\"itemListElement\":[{\"@type\":\"ListItem\",\"position\":1,\"name\":\"Visit Saimaa\",\"item\":\"https:\\\/\\\/www.visitsaimaa.fi\\\/de\\\/\"},{\"@type\":\"ListItem\",\"position\":2,\"name\":\"Golf in Finnland: profitieren Sie von optimalen Bedingungen\"}]},{\"@type\":\"WebSite\",\"@id\":\"https:\\\/\\\/www.visitsaimaa.fi\\\/fi\\\/#website\",\"url\":\"https:\\\/\\\/www.visitsaimaa.fi\\\/fi\\\/\",\"name\":\"Visit Saimaa\",\"description\":\"The Official Travel Guide of Lakeland Saimaa\",\"potentialAction\":[{\"@type\":\"SearchAction\",\"target\":{\"@type\":\"EntryPoint\",\"urlTemplate\":\"https:\\\/\\\/www.visitsaimaa.fi\\\/fi\\\/?s={search_term_string}\"},\"query-input\":{\"@type\":\"PropertyValueSpecification\",\"valueRequired\":true,\"valueName\":\"search_term_string\"}}],\"inLanguage\":\"de-DE\"}]}<\/script>\n<!-- \/ Yoast SEO Premium plugin. -->","yoast_head_json":{"title":"Golf in Finnland: profitieren Sie von optimalen Bedingungen - Visit Saimaa","description":"Golf in Finnland: golfen an der frischen Luft, F\u00f6rderung der Gesundheit, optimale Bedingungen der Golfpl\u00e4tze mit direktem Seeblick!","robots":{"index":"index","follow":"follow","max-snippet":"max-snippet:-1","max-image-preview":"max-image-preview:large","max-video-preview":"max-video-preview:-1"},"canonical":"https:\/\/www.visitsaimaa.fi\/de\/finnland-golf-saimaa\/","og_locale":"de_DE","og_type":"article","og_title":"Golf in Finnland: profitieren Sie von optimalen Bedingungen","og_description":"Golf in Finnland: golfen an der frischen Luft, F\u00f6rderung der Gesundheit, optimale Bedingungen der Golfpl\u00e4tze mit direktem Seeblick!","og_url":"https:\/\/www.visitsaimaa.fi\/de\/finnland-golf-saimaa\/","og_site_name":"Visit Saimaa","article_modified_time":"2021-03-19T11:57:18+00:00","og_image":[{"width":1024,"height":550,"url":"https:\/\/www.visitsaimaa.fi\/wp-content\/uploads\/2015\/11\/golf-mikkeli-1024x550.jpg","type":"image\/jpeg"}],"twitter_misc":{"Gesch\u00e4tzte Lesezeit":"1 minute"},"schema":{"@context":"https:\/\/schema.org","@graph":[{"@type":"WebPage","@id":"https:\/\/www.visitsaimaa.fi\/de\/finnland-golf-saimaa\/","url":"https:\/\/www.visitsaimaa.fi\/de\/finnland-golf-saimaa\/","name":"Golf in Finnland: profitieren Sie von optimalen Bedingungen - Visit Saimaa","isPartOf":{"@id":"https:\/\/www.visitsaimaa.fi\/fi\/#website"},"primaryImageOfPage":{"@id":"https:\/\/www.visitsaimaa.fi\/de\/finnland-golf-saimaa\/#primaryimage"},"image":{"@id":"https:\/\/www.visitsaimaa.fi\/de\/finnland-golf-saimaa\/#primaryimage"},"thumbnailUrl":"https:\/\/www.visitsaimaa.fi\/wp-content\/uploads\/2015\/11\/golf-mikkeli.jpg","datePublished":"2015-12-14T15:44:15+00:00","dateModified":"2021-03-19T11:57:18+00:00","description":"Golf in Finnland: golfen an der frischen Luft, F\u00f6rderung der Gesundheit, optimale Bedingungen der Golfpl\u00e4tze mit direktem Seeblick!","breadcrumb":{"@id":"https:\/\/www.visitsaimaa.fi\/de\/finnland-golf-saimaa\/#breadcrumb"},"inLanguage":"de-DE","potentialAction":[{"@type":"ReadAction","target":["https:\/\/www.visitsaimaa.fi\/de\/finnland-golf-saimaa\/"]}]},{"@type":"ImageObject","inLanguage":"de-DE","@id":"https:\/\/www.visitsaimaa.fi\/de\/finnland-golf-saimaa\/#primaryimage","url":"https:\/\/www.visitsaimaa.fi\/wp-content\/uploads\/2015\/11\/golf-mikkeli.jpg","contentUrl":"https:\/\/www.visitsaimaa.fi\/wp-content\/uploads\/2015\/11\/golf-mikkeli.jpg","width":2000,"height":1074,"caption":"Golf in Finnland: profitieren Sie von optimalen Bedingungen"},{"@type":"BreadcrumbList","@id":"https:\/\/www.visitsaimaa.fi\/de\/finnland-golf-saimaa\/#breadcrumb","itemListElement":[{"@type":"ListItem","position":1,"name":"Visit Saimaa","item":"https:\/\/www.visitsaimaa.fi\/de\/"},{"@type":"ListItem","position":2,"name":"Golf in Finnland: profitieren Sie von optimalen Bedingungen"}]},{"@type":"WebSite","@id":"https:\/\/www.visitsaimaa.fi\/fi\/#website","url":"https:\/\/www.visitsaimaa.fi\/fi\/","name":"Visit Saimaa","description":"The Official Travel Guide of Lakeland Saimaa","potentialAction":[{"@type":"SearchAction","target":{"@type":"EntryPoint","urlTemplate":"https:\/\/www.visitsaimaa.fi\/fi\/?s={search_term_string}"},"query-input":{"@type":"PropertyValueSpecification","valueRequired":true,"valueName":"search_term_string"}}],"inLanguage":"de-DE"}]}},"_links":{"self":[{"href":"https:\/\/www.visitsaimaa.fi\/de\/wp-json\/wp\/v2\/pages\/1430","targetHints":{"allow":["GET"]}}],"collection":[{"href":"https:\/\/www.visitsaimaa.fi\/de\/wp-json\/wp\/v2\/pages"}],"about":[{"href":"https:\/\/www.visitsaimaa.fi\/de\/wp-json\/wp\/v2\/types\/page"}],"author":[{"embeddable":true,"href":"https:\/\/www.visitsaimaa.fi\/de\/wp-json\/wp\/v2\/users\/14"}],"replies":[{"embeddable":true,"href":"https:\/\/www.visitsaimaa.fi\/de\/wp-json\/wp\/v2\/comments?post=1430"}],"version-history":[{"count":2,"href":"https:\/\/www.visitsaimaa.fi\/de\/wp-json\/wp\/v2\/pages\/1430\/revisions"}],"predecessor-version":[{"id":19706,"href":"https:\/\/www.visitsaimaa.fi\/de\/wp-json\/wp\/v2\/pages\/1430\/revisions\/19706"}],"wp:featuredmedia":[{"embeddable":true,"href":"https:\/\/www.visitsaimaa.fi\/de\/wp-json\/wp\/v2\/media\/1446"}],"wp:attachment":[{"href":"https:\/\/www.visitsaimaa.fi\/de\/wp-json\/wp\/v2\/media?parent=1430"}],"wp:term":[{"taxonomy":"relatedcontent","embeddable":true,"href":"https:\/\/www.visitsaimaa.fi\/de\/wp-json\/wp\/v2\/relatedcontent?post=1430"}],"curies":[{"name":"wp","href":"https:\/\/api.w.org\/{rel}","templated":true}]}}