{"id":13713,"date":"2019-09-13T12:32:00","date_gmt":"2019-09-13T09:32:00","guid":{"rendered":"https:\/\/www.visitsaimaa.fi\/home\/"},"modified":"2025-11-28T16:25:24","modified_gmt":"2025-11-28T14:25:24","slug":"home","status":"publish","type":"page","link":"https:\/\/www.visitsaimaa.fi\/de\/","title":{"rendered":"Visit Saimaa"},"content":{"rendered":"<p>[vc_row full_width=&#8220;stretch_row_content_no_spaces&#8220; full_height=&#8220;yes&#8220; video_bg=&#8220;yes&#8220; video_bg_url=&#8220;https:\/\/www.youtube.com\/watch?v=Kmc2uLurwh8&#8243;][vc_column][vc_column_text css=&#8220;&#8220;]<\/p>\n<h1 style=\"text-align: center\"><span style=\"color: #ffffff\">Urlaub am Saimaa<\/span><\/h1>\n<p>[\/vc_column_text][\/vc_column][\/vc_row][vc_row css=&#8220;.vc_custom_1567148115795{margin-bottom: 50px !important;}&#8220;][vc_column][vc_column_text css=&#8220;&#8220;]<\/p>\n<h2 style=\"text-align: center;\">Urlaub im Seenland Saimaa: Abenteuer, Ruhe und Natur erster Klasse<strong><br \/>\n<\/strong><\/h2>\n<p style=\"text-align: center;\"><strong>Willkommen bei VisitSaimaa.fi, Ihr offizieller Reisef\u00fchrer f\u00fcr das Seenland Saimaa in Finnland! Hier finden Sie n\u00fctzliche Informationen sowie Ideen und Tipps f\u00fcr Ihren Urlaub.<\/strong><\/p>\n<p style=\"text-align: center;\">Tr\u00e4umen Sie von einem Urlaub in Finnland? Von einem&nbsp;<a href=\"https:\/\/www.visitsaimaa.fi\/de\/finnische-seenplatte-ferienhaus-finnland\/\">Haus am Wasser<\/a>&nbsp;mit eigener Sauna? Ben\u00f6tigen Sie Informationen \u00fcber Sehenswertes oder Tipps f\u00fcr einen&nbsp;<a href=\"https:\/\/www.visitsaimaa.fi\/de\/finnland-urlaub-familie\/\">Familienurlaub<\/a>&nbsp;im Seenland Saimaa?<\/p>\n<p style=\"text-align: center;\">Dieses Portal bietet Ihnen Ideen und Informationen \u00fcber unz\u00e4hlige M\u00f6glichkeiten f\u00fcr&nbsp;<a href=\"https:\/\/www.visitsaimaa.fi\/de\/finnland-urlaub-erlebnisse\/\">Aktivit\u00e4ten<\/a>, Besuchsziele und \u00dcbernachtungsm\u00f6glichkeiten sowie die besten&nbsp;<a href=\"https:\/\/www.visitsaimaa.fi\/de\/finnland-reise\/\">Angebote<\/a>&nbsp;im Seenland Saimaa.<\/p>\n<h3 style=\"text-align: center;\">Finnland und das Seenland Saimaa liegen n\u00e4her als man denkt<\/h3>\n<p style=\"text-align: center;\">Die finnische Hauptstadt Helsinki ist nur etwa zwei Flugstunden von Mitteleuropa entfernt, und von Helsinki erreicht man die ostfinnische Saimaa-Region in nur zwei Autostunden. Es gibt au\u00dferdem eine <a href=\"https:\/\/visitsavonlinna.fi\/de\/reisen-nach-savonlinna\/\" target=\"_blank\" rel=\"noopener\">inl\u00e4ndische Flugverbindung<\/a> zwischen Helsinki und Savonlinna an Wochentagen \u2013 so ist das Saimaa-Seengebiet n\u00e4her, als Sie vielleicht denken.<\/p>\n<p style=\"text-align: center;\">VisitSaimaa.fi ist ein Gemeinschaftsportal der Regionen Mikkeli, Savonlinna und Varkaus. Wir unterst\u00fctzen Sie gern bei der&nbsp;<a href=\"https:\/\/www.visitsaimaa.fi\/de\/planen\/\">Planung<\/a>&nbsp;und Realisierung Ihres Finnland-Urlaubs im Seenland Saimaa. Das&nbsp;<a href=\"https:\/\/www.visitsaimaa.fi\/de\/finnland-saimaa-info\/\">Seenland Saimaa<\/a>&nbsp;erwartet Sie mit all seinen Aktivit\u00e4ten und Sehensw\u00fcrdigkeiten!<\/p>\n<p>[\/vc_column_text][\/vc_column][\/vc_row][vc_row full_width=&#8220;stretch_row_content&#8220; full_height=&#8220;yes&#8220; parallax=&#8220;content-moving-fade&#8220; parallax_image=&#8220;32638&#8243;][vc_column width=&#8220;1\/3&#8243;][vc_custom_heading text=&#8220;Angeln und Entspannen am Saimaa-See \u2013 das ganze Jahr \u00fcber&#8220; font_container=&#8220;tag:h2|text_align:left|color:%23ffffff&#8220; use_theme_fonts=&#8220;yes&#8220; css=&#8220;&#8220; link=&#8220;url:http%3A%2F%2Fwww.visitsaimaa.fi%2Fde%2Ffinnland-urlaub-erlebnisse%2F|||&#8220;][vc_custom_heading text=&#8220;Der Saimaa-See bietet zu jeder Jahreszeit unvergessliche Erlebnisse: Winterangeln in v\u00f6lliger Ruhe auf dem gefrorenen See, spannende Hecht- und Zanderpirsch im Fr\u00fchling und Herbst sowie sonnige Angeltage im offenen Wasser des Sommers.<\/p>\n<p>Nach erlebnisreichen Stunden am See kehrst du in deine gem\u00fctliche H\u00fctte zur\u00fcck, genie\u00dft die W\u00e4rme der Sauna, das Knistern des Kaminfeuers und die typisch finnische Gelassenheit \u2014 genau so, wie ein Urlaub in Finnland sein sollte.<\/p>\n<p>Entdecke jetzt unsere Winter- und Sommerangebote f\u00fcr 2026 und plane deinen n\u00e4chsten Angel- und H\u00fcttenurlaub in der Saimaa-Region.&#8220; font_container=&#8220;tag:div|text_align:left|color:%23ffffff&#8220; use_theme_fonts=&#8220;yes&#8220; css=&#8220;&#8220;][vc_btn title=&#8220;MEHR LESEN&#8220; shape=&#8220;square&#8220; color=&#8220;primary&#8220; css=&#8220;&#8220; link=&#8220;url:https%3A%2F%2Fwww.visitsaimaa.fi%2Fde%2Ffinnland-urlaub-angeln%2F|title:Angeln%20in%20Finnland%20%E2%80%93%20Urlaub%20am%20Saimaa-See%2C%20dem%20gr%C3%B6%C3%9Ften%20See%20Finnlands%20%7C%20Visit%20Saimaa&#8220;][\/vc_column][vc_column width=&#8220;2\/3&#8243;][vc_empty_space height=&#8220;16px&#8220;][\/vc_column][\/vc_row][vc_row full_width=&#8220;stretch_row_content&#8220; full_height=&#8220;yes&#8220; parallax=&#8220;content-moving-fade&#8220; parallax_image=&#8220;17644&#8243;][vc_column width=&#8220;2\/3&#8243;][\/vc_column][vc_column width=&#8220;1\/3&#8243;][vc_custom_heading text=&#8220;ENTDECKE UNENDLICHE SEEN UND W\u00c4LDER!&#8220; font_container=&#8220;tag:h2|text_align:left|color:%23ffffff&#8220; use_theme_fonts=&#8220;yes&#8220; link=&#8220;url:http%3A%2F%2Fwww.visitsaimaa.fi%2Fde%2Ffinnland-urlaub-erlebnisse%2F|||&#8220;][vc_custom_heading text=&#8220;Der Saimaa-See ist der gr\u00f6\u00dfte See Finnlands und allein schon einen Besuch wert. Doch was macht diese Region zur idealen Wahl f\u00fcr Ihr Reiseziel? Mit diesen 9 Gr\u00fcnden, die Saimaa-Region zu besuchen, werden Sie entdecken, warum Finnland das gl\u00fccklichste Land der Welt ist. In der Saimaa-Region zeigt sich dieses Gl\u00fcck in verschiedenen Aspekten, die Sie ebenfalls erleben sollten! Die Saimaa-Region hei\u00dft Sie zu jeder Jahreszeit willkommen.&#8220; font_container=&#8220;tag:div|text_align:left|color:%23ffffff&#8220; use_theme_fonts=&#8220;yes&#8220; css=&#8220;&#8220;][vc_empty_space height=&#8220;16px&#8220;][vc_btn title=&#8220;MEHR LESEN&#8220; shape=&#8220;square&#8220; color=&#8220;primary&#8220; css=&#8220;&#8220; link=&#8220;url:https%3A%2F%2Fwww.visitsaimaa.fi%2Fde%2F9-gruende-die-saimaa-region-finnland-zu-bereisen%2F|title:9%20Gr%C3%BCnde%2C%20die%20Saimaa-Region%2C%20Finnland%2C%20zu%20bereisen&#8220;][\/vc_column][\/vc_row][vc_row full_width=&#8220;stretch_row_content&#8220; full_height=&#8220;yes&#8220; parallax=&#8220;content-moving-fade&#8220; parallax_image=&#8220;16996&#8243;][vc_column width=&#8220;2\/3&#8243;][\/vc_column][vc_column width=&#8220;1\/3&#8243;][vc_custom_heading text=&#8220;FINNLAND KANUTOUR&#8220; font_container=&#8220;tag:h2|text_align:left|color:%23ffffff&#8220; use_theme_fonts=&#8220;yes&#8220; link=&#8220;|||&#8220;][vc_custom_heading text=&#8220;Bei einer Finnland-Kanutour, \u00fcber den glatten, ruhigen Saimaa-See, l\u00e4sst sich der Alltag von zu Hause v\u00f6llig vergessen. Weht dann noch ein angenehmer Wind, sp\u00fcrt man die Einheit mit der Natur. Die k\u00f6rperliche Aktivit\u00e4t gepaart mit der frischen Luft wirkt Wunder und \u00fcberstr\u00f6mt den Besucher mit neuer Kraft.&#8220; font_container=&#8220;tag:div|text_align:left|color:%23ffffff&#8220; use_theme_fonts=&#8220;yes&#8220;][vc_empty_space height=&#8220;16px&#8220;][vc_btn title=&#8220;MEHR LESEN&#8220; shape=&#8220;square&#8220; color=&#8220;primary&#8220; link=&#8220;url:https%3A%2F%2Fwww.visitsaimaa.fi%2Fde%2Ffinnland-kanutour-saimaa%2F|||&#8220;][\/vc_column][\/vc_row][vc_row][vc_column width=&#8220;1\/6&#8243;][\/vc_column][vc_column width=&#8220;2\/3&#8243;][vc_column_text]<\/p>\n<h2 style=\"text-align: center\">Finnland Kanutour: die Elemente hautnah erleben<\/h2>\n<p style=\"text-align: center\">Eine Fahrt mit dem Kajak ist anders als mit anderen Booten, da das Wasser unmittelbar erlebt werden kann. Man sitzt im Kajak unterhalb der Wasseroberfl\u00e4che und da das Kajak nicht sehr hoch ist, f\u00fchrt das zu einer ganz besonders tiefen Verbindung.<\/p>\n<p>[\/vc_column_text][vc_video link=&#8220;https:\/\/www.youtube.com\/watch?v=vAevQObxuoI&amp;t=10s&#8220; align=&#8220;center&#8220;][\/vc_column][vc_column width=&#8220;1\/6&#8243;][\/vc_column][\/vc_row][vc_row][vc_column width=&#8220;1\/6&#8243;][\/vc_column][vc_column width=&#8220;2\/3&#8243;][vc_column_text]<\/p>\n<h3 style=\"text-align: center\">Four Seasons in Lakeland<\/h3>\n<p>[\/vc_column_text][vc_video link=&#8220;https:\/\/www.youtube.com\/watch?v=h9Sz3Njhoho&#8220; align=&#8220;center&#8220; css=&#8220;.vc_custom_1605858786332{margin-top: 40px !important;margin-bottom: 60px !important;}&#8220;][\/vc_column][vc_column width=&#8220;1\/6&#8243;][\/vc_column][\/vc_row]<\/p>\n","protected":false},"excerpt":{"rendered":"<p>[vc_row full_width=&#8220;stretch_row_content_no_spaces&#8220; full_height=&#8220;yes&#8220; video_bg=&#8220;yes&#8220; video_bg_url=&#8220;https:\/\/www.youtube.com\/watch?v=Kmc2uLurwh8&#8243;][vc_column][vc_column_text css=&#8220;&#8220;] Urlaub am Saimaa [\/vc_column_text][\/vc_column][\/vc_row][vc_row css=&#8220;.vc_custom_1567148115795{margin-bottom: 50px !important;}&#8220;][vc_column][vc_column_text css=&#8220;&#8220;] Urlaub im Seenland Saimaa: Abenteuer, Ruhe und Natur erster Klasse Willkommen bei VisitSaimaa.fi, Ihr offizieller Reisef\u00fchrer [&hellip;]<\/p>\n","protected":false},"author":46,"featured_media":0,"parent":0,"menu_order":0,"comment_status":"closed","ping_status":"closed","template":"","meta":{"footnotes":""},"relatedcontent":[],"class_list":{"0":"post-13713","1":"page","2":"type-page","3":"status-publish","4":"hentry","6":"priority-3"},"yoast_head":"<!-- This site is optimized with the Yoast SEO Premium plugin v27.3 (Yoast SEO v27.4) - https:\/\/yoast.com\/product\/yoast-seo-premium-wordpress\/ -->\n<title>Visit Saimaa - Visit Saimaa<\/title>\n<meta name=\"description\" content=\"Urlaub am SaimaaUrlaub im Seenland Saimaa: Abenteuer, Ruhe und Natur erster Klasse Willkommen bei VisitSaimaa.fi, Ihr offizieller Reisef\u00fchrer f\u00fcr das\" \/>\n<meta name=\"robots\" content=\"index, follow, max-snippet:-1, max-image-preview:large, max-video-preview:-1\" \/>\n<link rel=\"canonical\" href=\"https:\/\/www.visitsaimaa.fi\/de\/\" \/>\n<meta property=\"og:locale\" content=\"de_DE\" \/>\n<meta property=\"og:type\" content=\"article\" \/>\n<meta property=\"og:title\" content=\"Visit Saimaa\" \/>\n<meta property=\"og:description\" content=\"Urlaub am SaimaaUrlaub im Seenland Saimaa: Abenteuer, Ruhe und Natur erster Klasse Willkommen bei VisitSaimaa.fi, Ihr offizieller Reisef\u00fchrer f\u00fcr das\" \/>\n<meta property=\"og:url\" content=\"https:\/\/www.visitsaimaa.fi\/de\/\" \/>\n<meta property=\"og:site_name\" content=\"Visit Saimaa\" \/>\n<meta property=\"article:modified_time\" content=\"2025-11-28T14:25:24+00:00\" \/>\n<meta name=\"twitter:label1\" content=\"Gesch\u00e4tzte Lesezeit\" \/>\n\t<meta name=\"twitter:data1\" content=\"4 minutes\" \/>\n<script type=\"application\/ld+json\" class=\"yoast-schema-graph\">{\"@context\":\"https:\\\/\\\/schema.org\",\"@graph\":[{\"@type\":\"WebPage\",\"@id\":\"https:\\\/\\\/www.visitsaimaa.fi\\\/de\\\/\",\"url\":\"https:\\\/\\\/www.visitsaimaa.fi\\\/de\\\/\",\"name\":\"Visit Saimaa - Visit Saimaa\",\"isPartOf\":{\"@id\":\"https:\\\/\\\/www.visitsaimaa.fi\\\/fi\\\/#website\"},\"datePublished\":\"2019-09-13T09:32:00+00:00\",\"dateModified\":\"2025-11-28T14:25:24+00:00\",\"description\":\"Urlaub am SaimaaUrlaub im Seenland Saimaa: Abenteuer, Ruhe und Natur erster Klasse Willkommen bei VisitSaimaa.fi, Ihr offizieller Reisef\u00fchrer f\u00fcr das\",\"breadcrumb\":{\"@id\":\"https:\\\/\\\/www.visitsaimaa.fi\\\/de\\\/#breadcrumb\"},\"inLanguage\":\"de-DE\",\"potentialAction\":[{\"@type\":\"ReadAction\",\"target\":[\"https:\\\/\\\/www.visitsaimaa.fi\\\/de\\\/\"]}]},{\"@type\":\"BreadcrumbList\",\"@id\":\"https:\\\/\\\/www.visitsaimaa.fi\\\/de\\\/#breadcrumb\",\"itemListElement\":[{\"@type\":\"ListItem\",\"position\":1,\"name\":\"Visit Saimaa\",\"item\":\"https:\\\/\\\/www.visitsaimaa.fi\\\/de\\\/\"},{\"@type\":\"ListItem\",\"position\":2,\"name\":\"Visit Saimaa\"}]},{\"@type\":\"WebSite\",\"@id\":\"https:\\\/\\\/www.visitsaimaa.fi\\\/fi\\\/#website\",\"url\":\"https:\\\/\\\/www.visitsaimaa.fi\\\/fi\\\/\",\"name\":\"Visit Saimaa\",\"description\":\"The Official Travel Guide of Lakeland Saimaa\",\"potentialAction\":[{\"@type\":\"SearchAction\",\"target\":{\"@type\":\"EntryPoint\",\"urlTemplate\":\"https:\\\/\\\/www.visitsaimaa.fi\\\/fi\\\/?s={search_term_string}\"},\"query-input\":{\"@type\":\"PropertyValueSpecification\",\"valueRequired\":true,\"valueName\":\"search_term_string\"}}],\"inLanguage\":\"de-DE\"}]}<\/script>\n<!-- \/ Yoast SEO Premium plugin. -->","yoast_head_json":{"title":"Visit Saimaa - Visit Saimaa","description":"Urlaub am SaimaaUrlaub im Seenland Saimaa: Abenteuer, Ruhe und Natur erster Klasse Willkommen bei VisitSaimaa.fi, Ihr offizieller Reisef\u00fchrer f\u00fcr das","robots":{"index":"index","follow":"follow","max-snippet":"max-snippet:-1","max-image-preview":"max-image-preview:large","max-video-preview":"max-video-preview:-1"},"canonical":"https:\/\/www.visitsaimaa.fi\/de\/","og_locale":"de_DE","og_type":"article","og_title":"Visit Saimaa","og_description":"Urlaub am SaimaaUrlaub im Seenland Saimaa: Abenteuer, Ruhe und Natur erster Klasse Willkommen bei VisitSaimaa.fi, Ihr offizieller Reisef\u00fchrer f\u00fcr das","og_url":"https:\/\/www.visitsaimaa.fi\/de\/","og_site_name":"Visit Saimaa","article_modified_time":"2025-11-28T14:25:24+00:00","twitter_misc":{"Gesch\u00e4tzte Lesezeit":"4 minutes"},"schema":{"@context":"https:\/\/schema.org","@graph":[{"@type":"WebPage","@id":"https:\/\/www.visitsaimaa.fi\/de\/","url":"https:\/\/www.visitsaimaa.fi\/de\/","name":"Visit Saimaa - Visit Saimaa","isPartOf":{"@id":"https:\/\/www.visitsaimaa.fi\/fi\/#website"},"datePublished":"2019-09-13T09:32:00+00:00","dateModified":"2025-11-28T14:25:24+00:00","description":"Urlaub am SaimaaUrlaub im Seenland Saimaa: Abenteuer, Ruhe und Natur erster Klasse Willkommen bei VisitSaimaa.fi, Ihr offizieller Reisef\u00fchrer f\u00fcr das","breadcrumb":{"@id":"https:\/\/www.visitsaimaa.fi\/de\/#breadcrumb"},"inLanguage":"de-DE","potentialAction":[{"@type":"ReadAction","target":["https:\/\/www.visitsaimaa.fi\/de\/"]}]},{"@type":"BreadcrumbList","@id":"https:\/\/www.visitsaimaa.fi\/de\/#breadcrumb","itemListElement":[{"@type":"ListItem","position":1,"name":"Visit Saimaa","item":"https:\/\/www.visitsaimaa.fi\/de\/"},{"@type":"ListItem","position":2,"name":"Visit Saimaa"}]},{"@type":"WebSite","@id":"https:\/\/www.visitsaimaa.fi\/fi\/#website","url":"https:\/\/www.visitsaimaa.fi\/fi\/","name":"Visit Saimaa","description":"The Official Travel Guide of Lakeland Saimaa","potentialAction":[{"@type":"SearchAction","target":{"@type":"EntryPoint","urlTemplate":"https:\/\/www.visitsaimaa.fi\/fi\/?s={search_term_string}"},"query-input":{"@type":"PropertyValueSpecification","valueRequired":true,"valueName":"search_term_string"}}],"inLanguage":"de-DE"}]}},"_links":{"self":[{"href":"https:\/\/www.visitsaimaa.fi\/de\/wp-json\/wp\/v2\/pages\/13713","targetHints":{"allow":["GET"]}}],"collection":[{"href":"https:\/\/www.visitsaimaa.fi\/de\/wp-json\/wp\/v2\/pages"}],"about":[{"href":"https:\/\/www.visitsaimaa.fi\/de\/wp-json\/wp\/v2\/types\/page"}],"author":[{"embeddable":true,"href":"https:\/\/www.visitsaimaa.fi\/de\/wp-json\/wp\/v2\/users\/46"}],"replies":[{"embeddable":true,"href":"https:\/\/www.visitsaimaa.fi\/de\/wp-json\/wp\/v2\/comments?post=13713"}],"version-history":[{"count":9,"href":"https:\/\/www.visitsaimaa.fi\/de\/wp-json\/wp\/v2\/pages\/13713\/revisions"}],"predecessor-version":[{"id":32648,"href":"https:\/\/www.visitsaimaa.fi\/de\/wp-json\/wp\/v2\/pages\/13713\/revisions\/32648"}],"wp:attachment":[{"href":"https:\/\/www.visitsaimaa.fi\/de\/wp-json\/wp\/v2\/media?parent=13713"}],"wp:term":[{"taxonomy":"relatedcontent","embeddable":true,"href":"https:\/\/www.visitsaimaa.fi\/de\/wp-json\/wp\/v2\/relatedcontent?post=13713"}],"curies":[{"name":"wp","href":"https:\/\/api.w.org\/{rel}","templated":true}]}}