{"id":1370,"date":"2015-12-11T13:19:54","date_gmt":"2015-12-11T11:19:54","guid":{"rendered":"https:\/\/www.visitsaimaa.fi\/de\/?page_id=1370"},"modified":"2025-11-28T16:09:51","modified_gmt":"2025-11-28T14:09:51","slug":"finnland-kanutour-saimaa","status":"publish","type":"page","link":"https:\/\/www.visitsaimaa.fi\/de\/finnland-kanutour-saimaa\/","title":{"rendered":"Finnland Kanutour: die Elemente hautnah erleben"},"content":{"rendered":"<p>[vc_row full_width=&#8220;stretch_row_content_no_spaces&#8220;][vc_column]<div class=\"main_header big\">\n    <figure style=\"background-image: url('https:\/\/www.visitsaimaa.fi\/wp-content\/uploads\/2015\/08\/MG_7529_pieni-1920x600.jpg'); background-position: center center;\"><\/figure>\n    <div class=\"main_header_content\" style=\"\">\n        <div class=\"container\">\n            \n<h1 style=\"text-align: center;\">Entdecke die herrliche Natur vom Wasser aus!<\/h1>\n<p style=\"text-align: center;\">#saimaamoments<\/p>\n    \n        <\/div>\n    <\/div><!-- \/.container -->\n<\/div><!-- \/.main_header -->\n\n[\/vc_column][\/vc_row][vc_row][vc_column width=&#8220;1\/2&#8243;][vc_column_text]<\/p>\n<h2>Finnland Kanutour: die Elemente hautnah erleben<\/h2>\n<p>[\/vc_column_text][vc_column_text]<strong>Bei einer Finnland-Kanutour, \u00fcber den glatten, ruhigen Saimaa-See, l\u00e4sst sich der Alltag von zu Hause v\u00f6llig vergessen. Weht dann noch ein angenehmer Wind, sp\u00fcrt man die Einheit mit der Natur. Die k\u00f6rperliche Aktivit\u00e4t gepaart mit der frischen Luft wirkt Wunder und \u00fcberstr\u00f6mt den Besucher mit neuer Kraft.<\/strong><\/p>\n<p>Eine Fahrt mit dem Kajak ist anders als mit anderen <a href=\"\/?page_id=1437\" target=\"_blank\" rel=\"noopener noreferrer\">Booten<\/a>, da das Wasser unmittelbar erlebt werden kann. Man sitzt im Kajak unterhalb der Wasseroberfl\u00e4che und da das Kajak nicht sehr hoch ist, f\u00fchrt das zu einer ganz besonders tiefen Verbindung.<\/p>\n<p><em>Man ist pl\u00f6tzlich ganz erholt und erfreut sich des satten Anblicks, der sich vor einem ausbreitet.<\/em><\/p>\n<p><!--more--><\/p>\n<h3>Finnland Kanutour &#8211; Kajakfahren lernen leicht gemacht<\/h3>\n<p>Die Bezeichnung Kanu ist ein \u00dcberbegriff f\u00fcr Boote, die durch einzelne, lose Paddel, und nicht \u00fcber ein am Boot befestigtes Ruder, angetrieben werden. Deshalb z\u00e4hlen sowohl Canadier als auch Kajaks zu den Kanus.<\/p>\n<p>In Finnland und insbesondere in Saimaa kann man alle Arten des Kanufahrens ausprobieren. Kajakfahren macht besonders Spa\u00df, ist gleichzeitig aber nicht ganz so einfach. Es ist empfehlenswert, sich die Technik am Anfang zeigen zu lassen, denn die falsche Technik f\u00fchrt nicht nur zu mehr Anstrengung, sondern macht auch nass!<\/p>\n<p>Grunds\u00e4tzlich ist es keine Raketenwissenschaft, nur zu Beginn empfehlen wir, sich von einem Guide die wichtigsten Dinge erkl\u00e4ren zu lassen und eventuell eine kleine Probetour zu machen. Oft ist es m\u00f6glich die Kajaks stundenweise zu mieten, sodass man auch mal nur einen Nachmittag herumfahren und erste See-Luft schnuppern kann.<\/p>\n<h3>Kanutouren am See Saimaa<\/h3>\n<p>F\u00fcr Beginner, Familien oder Leute, die Saimaa von einer neuen Seite kennen lernen wollen, empfehlen wir eine gef\u00fchrte Kanutour. In Einzel- oder Doppelkajaks, mit Verpflegung und Camping-Ausstattung geht es los und man erlebt die tollsten Momente zusammen.<\/p>\n<p>Die Guides kennen die Inseln wie ihre Westentasche und schnell lernt man sich zu orientieren. Das ist auch n\u00f6tig, denn die vielen Inseln und Archipel werden schnell zum Labyrinth je weiter man kommt &#8211; hier bei den richtigen Inseln abzubiegen bedarf guten Orientierungsverm\u00f6gens oder GPS-Unterst\u00fctzung.<\/p>\n<p>Finnland hat durch seine vielen Gew\u00e4sser sehr viele M\u00f6glichkeiten zu ein- bis mehrt\u00e4tigen Kanutouren. Es warten einsame Inseln, klare N\u00e4chte und ein Sternenhimmel, ruhige Gespr\u00e4che am Lagerfeuer und keine Reiz\u00fcberflutung sondern die <a href=\"\/?p=2801\" target=\"_blank\" rel=\"noopener noreferrer\">Ruhe der Natur<\/a>.[\/vc_column_text][\/vc_column][vc_column width=&#8220;1\/2&#8243;][vc_single_image image=&#8220;17000&#8243; img_size=&#8220;large&#8220; css=&#8220;.vc_custom_1616152453617{padding-top: 20px !important;}&#8220;][\/vc_column][\/vc_row][vc_row][vc_column][vc_column_text]<\/p>\n<h2>Paddelf\u00fchrer und -ausfl\u00fcge<\/h2>\n<p>[\/vc_column_text][\/vc_column][\/vc_row][vc_row][vc_column width=&#8220;1\/3&#8243;]<div class=\"image-and-button-shortcode\" style=\"background-image: url('https:\/\/www.visitsaimaa.fi\/wp-content\/uploads\/2024\/07\/oravi_linnasaari_canoeing-1920x600.jpg')\">\n\t\t\t<h3 class=\"h2\">Oravi Village<\/h3>\n\t\t<a href=\"https:\/\/www.oravivillage.com\/de\/aktivitaeten\/\" target=\"_blank\" class=\"btn btn-primary\">Das Paddelzentrum zwischen zwei Wasser-Nationalparks &raquo;<\/a>\n<\/div>\n[\/vc_column][vc_column width=&#8220;1\/3&#8243;]<div class=\"image-and-button-shortcode\" style=\"background-image: url('https:\/\/www.visitsaimaa.fi\/wp-content\/uploads\/2025\/11\/img_7560-1920x600.jpeg')\">\n\t\t\t<h3 class=\"h2\">Pistohiekka Resort<\/h3>\n\t\t<a href=\"https:\/\/www.pistohiekka.fi\/en\/nature\/\" target=\"_blank\" class=\"btn btn-primary\">Paddeln entlang der ikonischen Ufer von Pistohiekka &raquo;<\/a>\n<\/div>\n[\/vc_column][vc_column width=&#8220;1\/3&#8243;]<div class=\"image-and-button-shortcode\" style=\"background-image: url('https:\/\/www.visitsaimaa.fi\/wp-content\/uploads\/2024\/05\/view-to-puruvesi-from-naaranlahti_-bird-eye-1920x600.jpg')\">\n\t\t\t<h3 class=\"h2\">Resort Naaranlahti<\/h3>\n\t\t<a href=\"https:\/\/naaranlahti.com\/de\/aktivitaten\" target=\"_blank\" class=\"btn btn-primary\">Mieten Sie Kajaks und erleben Sie das klare Wasser des Puruvesi &raquo;<\/a>\n<\/div>\n[\/vc_column][\/vc_row][vc_row css=&#8220;.vc_custom_1764337102283{padding-top: 30px !important;}&#8220;][vc_column width=&#8220;1\/3&#8243;]<div class=\"image-and-button-shortcode\" style=\"background-image: url('https:\/\/www.visitsaimaa.fi\/wp-content\/uploads\/2025\/11\/pihlasresort-promo-10.8.2023-web-2048px-123-1920x600.jpg')\">\n\t\t\t<h3 class=\"h2\">PihlasResort<\/h3>\n\t\t<a href=\"https:\/\/pihlasresort.com\/en\/activities\" target=\"_blank\" class=\"btn btn-primary\">Genie\u00dfen Sie das Paddeln auf dem ruhigen See \u2013 Kajaks sind im Unterkunftspreis inbegriffen &raquo;<\/a>\n<\/div>\n[\/vc_column][vc_column width=&#8220;1\/3&#8243;]<div class=\"image-and-button-shortcode\" style=\"background-image: url('https:\/\/www.visitsaimaa.fi\/wp-content\/uploads\/2019\/09\/Sahanlahti_5-1920x600.jpg')\">\n\t\t\t<h3 class=\"h2\">Sahanlahti Resort<\/h3>\n\t\t<a href=\"https:\/\/www.sahanlahtiresort.fi\/en\/activities-\/equipment-rental\" target=\"_blank\" class=\"btn btn-primary\">Mieten Sie ein Kajak und genie\u00dfen Sie die Landschaft von Puumala rund um das historische S\u00e4gewerksgel\u00e4nde &raquo;<\/a>\n<\/div>\n[\/vc_column][vc_column width=&#8220;1\/3&#8243;]<div class=\"image-and-button-shortcode\" style=\"background-image: url('https:\/\/www.visitsaimaa.fi\/wp-content\/uploads\/2025\/02\/visitsaimaa_kruunpuisto_kesa2021_ilmakuva_fullsizejpg-0044-1920x600.jpg')\">\n\t\t\t<h3 class=\"h2\">Kruunupuisto<\/h3>\n\t\t<a href=\"https:\/\/www.kruunupuisto.fi\/en\/things-to-do\/activities\/\" target=\"_blank\" class=\"btn btn-primary\">Genie\u00dfen Sie die Kammlandschaft von Punkaharju beim Paddeln und entspannen Sie mit den weiteren Wellness-Angeboten des Kruunupuisto &raquo;<\/a>\n<\/div>\n[\/vc_column][\/vc_row][vc_row css=&#8220;.vc_custom_1764337102283{padding-top: 30px !important;}&#8220;][vc_column width=&#8220;1\/3&#8243;]<div class=\"image-and-button-shortcode\" style=\"background-image: url('https:\/\/www.visitsaimaa.fi\/wp-content\/uploads\/2025\/05\/harjun-portti-kayaking_copy-harjun-portti-1920x600.jpg')\">\n\t\t\t<h3 class=\"h2\">Holiday Resort Harjun Portti<\/h3>\n\t\t<a href=\"https:\/\/www.harjunportti.fi\/en\/activities\/summer\/kayaking\/\" target=\"_blank\" class=\"btn btn-primary\">Aktivit\u00e4tszentrum in Punkaharju \u2013 mieten Sie Ihre Ausr\u00fcstung und brechen Sie auf zum Saimaa &raquo;<\/a>\n<\/div>\n[\/vc_column][vc_column width=&#8220;1\/3&#8243;]<div class=\"image-and-button-shortcode\" style=\"background-image: url('https:\/\/www.visitsaimaa.fi\/wp-content\/uploads\/2025\/11\/kollaasi_mo70045-1920x600.jpg')\">\n\t\t\t<h3 class=\"h2\">Linkkumylly<\/h3>\n\t\t<a href=\"https:\/\/linkkumylly.fi\/en\/front-page\/\" target=\"_blank\" class=\"btn btn-primary\">Paddelzentrum in M\u00e4ntyharju \u2013 Linkkumylly &raquo;<\/a>\n<\/div>\n[\/vc_column][vc_column width=&#8220;1\/3&#8243;]<div class=\"image-and-button-shortcode\" style=\"background-image: url('https:\/\/www.visitsaimaa.fi\/wp-content\/uploads\/2025\/11\/img_9832-1920x600.jpg')\">\n\t\t\t<h3 class=\"h2\">Saimaa Guide Tiina<\/h3>\n\t\t<a href=\"https:\/\/guidetiina.johku.com\/en_US\" target=\"_blank\" class=\"btn btn-primary\">Gef\u00fchrte Paddeltouren in der Region Mikkeli &raquo;<\/a>\n<\/div>\n[\/vc_column][\/vc_row][vc_row][vc_column][vc_column_text]<\/p>\n<h2>Wir empfehlen auch&#8230;<\/h2>\n<p>[\/vc_column_text][\/vc_column][\/vc_row][vc_row][vc_column]<div class=\"posts-list-grid wpb_content_element\">\n                            <div class=\"row no-gutter\"><div class=\"row no-gutter\"><div class=\"col-xs-10 col-sm-5 col-lg-4 col-main row-two \">    <div class=\"post-box post-stub post-1252 page type-page status-publish has-post-thumbnail hentry priority-3\"  data-contentid=\"1:1252\" data-showrelated=\"1\" id=\"finnland-lebensart-im-seenland-saimaa-1-1252-1\">\n\n        <div class=\"vs_post_thumbnail\" style=\"background-image: url('https:\/\/www.visitsaimaa.fi\/wp-content\/themes\/visitsaimaa2019\/images\/default_visitsaimaa_2016.jpg')\" data-attachment=\"203-1\"><\/div>\n        <div class=\"image_overlay\"><\/div>\n                \n                <a href=\"https:\/\/www.visitsaimaa.fi\/de\/finnland-lebensart-im-seenland-saimaa\/\"  class=\"back-to-canonical \" title=\"Finnische Lebensart im Seenland Saimaa: Sauna, See und Ruhe\">\n            <span class=\"info\">\n                \n                                <span class=\"h3\">Finnische Lebensart<\/span>\n                                            <\/span><!-- \/.info -->\n        <\/a>\n\n    <\/div>\n    <\/div><!-- box-main --><div class=\"col-xs-10 col-sm-5 col-lg-6 col-rest row-two\"><div class=\"row no-gutter\"><div class=\"col-xs-10 col-lg-66\">    <div class=\"post-box post-stub post-1213 page type-page status-publish has-post-thumbnail hentry priority-3\"  data-contentid=\"1:1213\" data-showrelated=\"1\" id=\"finnland-urlaub-erlebnisse-1-1213-2\">\n\n        <div class=\"vs_post_thumbnail\" style=\"background-image: url('https:\/\/www.visitsaimaa.fi\/wp-content\/themes\/visitsaimaa2019\/images\/default_visitsaimaa_2016.jpg')\" data-attachment=\"2904-1\"><\/div>\n        <div class=\"image_overlay\"><\/div>\n                \n                <a href=\"https:\/\/www.visitsaimaa.fi\/de\/finnland-urlaub-erlebnisse\/\"  class=\"back-to-canonical \" title=\"Finnland-Urlaub im Seenland Saimaa: weite Natur und spannende Erlebnisse\">\n            <span class=\"info\">\n                \n                                <span class=\"h3\">Weite Natur und Outdoor-Erlebnisse<\/span>\n                                            <\/span><!-- \/.info -->\n        <\/a>\n\n    <\/div>\n    <\/div><div class=\"col-xs-5 col-lg-33\">    <div class=\"post-box post-stub post-1241 page type-page status-publish has-post-thumbnail hentry priority-3\"  data-contentid=\"1:1241\" data-showrelated=\"1\" id=\"finnland-urlaub-wohlbefinden-1-1241-3\">\n\n        <div class=\"vs_post_thumbnail\" style=\"background-image: url('https:\/\/www.visitsaimaa.fi\/wp-content\/themes\/visitsaimaa2019\/images\/default_visitsaimaa_2016.jpg')\" data-attachment=\"2896-1\"><\/div>\n        <div class=\"image_overlay\"><\/div>\n                \n                <a href=\"https:\/\/www.visitsaimaa.fi\/de\/finnland-urlaub-wohlbefinden\/\"  class=\"back-to-canonical \" title=\"Wohlbefinden im Finnland Urlaub: Energie tanken in der Natur\">\n            <span class=\"info\">\n                \n                                <span class=\"h3\">Entspannter Urlaub inmitten der Natur<\/span>\n                                            <\/span><!-- \/.info -->\n        <\/a>\n\n    <\/div>\n    <\/div><div class=\"col-xs-5 col-lg-33\">    <div class=\"post-box post-stub post-1211 page type-page status-publish has-post-thumbnail hentry priority-3\"  data-contentid=\"1:1211\" data-showrelated=\"1\" id=\"saimaa-urlaub-1-1211-4\">\n\n        <div class=\"vs_post_thumbnail\" style=\"background-image: url('https:\/\/www.visitsaimaa.fi\/wp-content\/themes\/visitsaimaa2019\/images\/default_visitsaimaa_2016.jpg')\" data-attachment=\"4308-1\"><\/div>\n        <div class=\"image_overlay\"><\/div>\n                \n                <a href=\"https:\/\/www.visitsaimaa.fi\/de\/saimaa-urlaub\/\"  class=\"back-to-canonical \" title=\"Saimaa Urlaub Unterk\u00fcnfte\">\n            <span class=\"info\">\n                \n                                <span class=\"h3\">Unterk\u00fcnfte im &#8222;Seenland Saimaa&#8220;<\/span>\n                                            <\/span><!-- \/.info -->\n        <\/a>\n\n    <\/div>\n    <\/div><div class=\"col-xs-10 col-lg-66\">    <div class=\"post-box post-stub post-1087 page type-page status-publish has-post-thumbnail hentry priority-3\"  data-contentid=\"1:1087\" data-showrelated=\"1\" id=\"planen-1-1087-5\">\n\n        <div class=\"vs_post_thumbnail\" style=\"background-image: url('https:\/\/www.visitsaimaa.fi\/wp-content\/themes\/visitsaimaa2019\/images\/default_visitsaimaa_2016.jpg')\" data-attachment=\"1139-1\"><\/div>\n        <div class=\"image_overlay\"><\/div>\n                \n                <a href=\"https:\/\/www.visitsaimaa.fi\/de\/planen\/\"  class=\"back-to-canonical \" title=\"Planen\">\n            <span class=\"info\">\n                \n                                <span class=\"h3\">Planen Sie Ihre Reise zum Saimaa<\/span>\n                                            <\/span><!-- \/.info -->\n        <\/a>\n\n    <\/div>\n    <\/div><\/div><!-- row --><\/div><!-- .rest --><\/div><!-- \/.row --><\/div><!-- \/.row -->\n                            <\/div><!--\/.posts-list-grid -->[\/vc_column][\/vc_row]<\/p>\n","protected":false},"excerpt":{"rendered":"<p>[vc_row full_width=&#8220;stretch_row_content_no_spaces&#8220;][vc_column][\/vc_column][\/vc_row][vc_row][vc_column width=&#8220;1\/2&#8243;][vc_column_text] Finnland Kanutour: die Elemente hautnah erleben [\/vc_column_text][vc_column_text]Bei einer Finnland-Kanutour, \u00fcber den glatten, ruhigen Saimaa-See, l\u00e4sst sich der Alltag von zu Hause v\u00f6llig vergessen. Weht dann noch ein [&hellip;]<\/p>\n","protected":false},"author":14,"featured_media":186,"parent":0,"menu_order":0,"comment_status":"closed","ping_status":"closed","template":"","meta":{"footnotes":""},"relatedcontent":[],"class_list":{"0":"post-1370","1":"page","2":"type-page","3":"status-publish","4":"has-post-thumbnail","5":"hentry","7":"priority-3"},"yoast_head":"<!-- This site is optimized with the Yoast SEO Premium plugin v27.3 (Yoast SEO v27.5) - https:\/\/yoast.com\/product\/yoast-seo-premium-wordpress\/ -->\n<title>Finnland Kanutour: die Elemente hautnah erleben - Visit Saimaa<\/title>\n<meta name=\"description\" content=\"Auf der Finnland Kanutour die sch\u00f6nsten Momente in unber\u00fchrter Natur verbringen. Einfach lospaddeln ins Labyrinth der Inseln und die Zeit genie\u00dfen.\" \/>\n<meta name=\"robots\" content=\"index, follow, max-snippet:-1, max-image-preview:large, max-video-preview:-1\" \/>\n<link rel=\"canonical\" href=\"https:\/\/www.visitsaimaa.fi\/de\/finnland-kanutour-saimaa\/\" \/>\n<meta property=\"og:locale\" content=\"de_DE\" \/>\n<meta property=\"og:type\" content=\"article\" \/>\n<meta property=\"og:title\" content=\"Finnland Kanutour: die Elemente hautnah erleben\" \/>\n<meta property=\"og:description\" content=\"Auf der Finnland Kanutour die sch\u00f6nsten Momente in unber\u00fchrter Natur verbringen. Einfach lospaddeln ins Labyrinth der Inseln und die Zeit genie\u00dfen.\" \/>\n<meta property=\"og:url\" content=\"https:\/\/www.visitsaimaa.fi\/de\/finnland-kanutour-saimaa\/\" \/>\n<meta property=\"og:site_name\" content=\"Visit Saimaa\" \/>\n<meta property=\"article:modified_time\" content=\"2025-11-28T14:09:51+00:00\" \/>\n<meta property=\"og:image\" content=\"https:\/\/www.visitsaimaa.fi\/wp-content\/uploads\/2015\/08\/MG_7529_pieni-scaled.jpg\" \/>\n\t<meta property=\"og:image:width\" content=\"2592\" \/>\n\t<meta property=\"og:image:height\" content=\"1728\" \/>\n\t<meta property=\"og:image:type\" content=\"image\/jpeg\" \/>\n<meta name=\"twitter:label1\" content=\"Gesch\u00e4tzte Lesezeit\" \/>\n\t<meta name=\"twitter:data1\" content=\"4 minutes\" \/>\n<script type=\"application\/ld+json\" class=\"yoast-schema-graph\">{\"@context\":\"https:\\\/\\\/schema.org\",\"@graph\":[{\"@type\":\"WebPage\",\"@id\":\"https:\\\/\\\/www.visitsaimaa.fi\\\/de\\\/finnland-kanutour-saimaa\\\/\",\"url\":\"https:\\\/\\\/www.visitsaimaa.fi\\\/de\\\/finnland-kanutour-saimaa\\\/\",\"name\":\"Finnland Kanutour: die Elemente hautnah erleben - Visit Saimaa\",\"isPartOf\":{\"@id\":\"https:\\\/\\\/www.visitsaimaa.fi\\\/fi\\\/#website\"},\"primaryImageOfPage\":{\"@id\":\"https:\\\/\\\/www.visitsaimaa.fi\\\/de\\\/finnland-kanutour-saimaa\\\/#primaryimage\"},\"image\":{\"@id\":\"https:\\\/\\\/www.visitsaimaa.fi\\\/de\\\/finnland-kanutour-saimaa\\\/#primaryimage\"},\"thumbnailUrl\":\"https:\\\/\\\/www.visitsaimaa.fi\\\/wp-content\\\/uploads\\\/2015\\\/08\\\/MG_7529_pieni-scaled.jpg\",\"datePublished\":\"2015-12-11T11:19:54+00:00\",\"dateModified\":\"2025-11-28T14:09:51+00:00\",\"description\":\"Auf der Finnland Kanutour die sch\u00f6nsten Momente in unber\u00fchrter Natur verbringen. Einfach lospaddeln ins Labyrinth der Inseln und die Zeit genie\u00dfen.\",\"breadcrumb\":{\"@id\":\"https:\\\/\\\/www.visitsaimaa.fi\\\/de\\\/finnland-kanutour-saimaa\\\/#breadcrumb\"},\"inLanguage\":\"de-DE\",\"potentialAction\":[{\"@type\":\"ReadAction\",\"target\":[\"https:\\\/\\\/www.visitsaimaa.fi\\\/de\\\/finnland-kanutour-saimaa\\\/\"]}]},{\"@type\":\"ImageObject\",\"inLanguage\":\"de-DE\",\"@id\":\"https:\\\/\\\/www.visitsaimaa.fi\\\/de\\\/finnland-kanutour-saimaa\\\/#primaryimage\",\"url\":\"https:\\\/\\\/www.visitsaimaa.fi\\\/wp-content\\\/uploads\\\/2015\\\/08\\\/MG_7529_pieni-scaled.jpg\",\"contentUrl\":\"https:\\\/\\\/www.visitsaimaa.fi\\\/wp-content\\\/uploads\\\/2015\\\/08\\\/MG_7529_pieni-scaled.jpg\",\"width\":2592,\"height\":1728,\"caption\":\"Finnland Kanutour im Seenland Saimaa\"},{\"@type\":\"BreadcrumbList\",\"@id\":\"https:\\\/\\\/www.visitsaimaa.fi\\\/de\\\/finnland-kanutour-saimaa\\\/#breadcrumb\",\"itemListElement\":[{\"@type\":\"ListItem\",\"position\":1,\"name\":\"Visit Saimaa\",\"item\":\"https:\\\/\\\/www.visitsaimaa.fi\\\/de\\\/\"},{\"@type\":\"ListItem\",\"position\":2,\"name\":\"Finnland Kanutour: die Elemente hautnah erleben\"}]},{\"@type\":\"WebSite\",\"@id\":\"https:\\\/\\\/www.visitsaimaa.fi\\\/fi\\\/#website\",\"url\":\"https:\\\/\\\/www.visitsaimaa.fi\\\/fi\\\/\",\"name\":\"Visit Saimaa\",\"description\":\"The Official Travel Guide of Lakeland Saimaa\",\"potentialAction\":[{\"@type\":\"SearchAction\",\"target\":{\"@type\":\"EntryPoint\",\"urlTemplate\":\"https:\\\/\\\/www.visitsaimaa.fi\\\/fi\\\/?s={search_term_string}\"},\"query-input\":{\"@type\":\"PropertyValueSpecification\",\"valueRequired\":true,\"valueName\":\"search_term_string\"}}],\"inLanguage\":\"de-DE\"}]}<\/script>\n<!-- \/ Yoast SEO Premium plugin. -->","yoast_head_json":{"title":"Finnland Kanutour: die Elemente hautnah erleben - Visit Saimaa","description":"Auf der Finnland Kanutour die sch\u00f6nsten Momente in unber\u00fchrter Natur verbringen. Einfach lospaddeln ins Labyrinth der Inseln und die Zeit genie\u00dfen.","robots":{"index":"index","follow":"follow","max-snippet":"max-snippet:-1","max-image-preview":"max-image-preview:large","max-video-preview":"max-video-preview:-1"},"canonical":"https:\/\/www.visitsaimaa.fi\/de\/finnland-kanutour-saimaa\/","og_locale":"de_DE","og_type":"article","og_title":"Finnland Kanutour: die Elemente hautnah erleben","og_description":"Auf der Finnland Kanutour die sch\u00f6nsten Momente in unber\u00fchrter Natur verbringen. Einfach lospaddeln ins Labyrinth der Inseln und die Zeit genie\u00dfen.","og_url":"https:\/\/www.visitsaimaa.fi\/de\/finnland-kanutour-saimaa\/","og_site_name":"Visit Saimaa","article_modified_time":"2025-11-28T14:09:51+00:00","og_image":[{"width":2592,"height":1728,"url":"https:\/\/www.visitsaimaa.fi\/wp-content\/uploads\/2015\/08\/MG_7529_pieni-scaled.jpg","type":"image\/jpeg"}],"twitter_misc":{"Gesch\u00e4tzte Lesezeit":"4 minutes"},"schema":{"@context":"https:\/\/schema.org","@graph":[{"@type":"WebPage","@id":"https:\/\/www.visitsaimaa.fi\/de\/finnland-kanutour-saimaa\/","url":"https:\/\/www.visitsaimaa.fi\/de\/finnland-kanutour-saimaa\/","name":"Finnland Kanutour: die Elemente hautnah erleben - Visit Saimaa","isPartOf":{"@id":"https:\/\/www.visitsaimaa.fi\/fi\/#website"},"primaryImageOfPage":{"@id":"https:\/\/www.visitsaimaa.fi\/de\/finnland-kanutour-saimaa\/#primaryimage"},"image":{"@id":"https:\/\/www.visitsaimaa.fi\/de\/finnland-kanutour-saimaa\/#primaryimage"},"thumbnailUrl":"https:\/\/www.visitsaimaa.fi\/wp-content\/uploads\/2015\/08\/MG_7529_pieni-scaled.jpg","datePublished":"2015-12-11T11:19:54+00:00","dateModified":"2025-11-28T14:09:51+00:00","description":"Auf der Finnland Kanutour die sch\u00f6nsten Momente in unber\u00fchrter Natur verbringen. Einfach lospaddeln ins Labyrinth der Inseln und die Zeit genie\u00dfen.","breadcrumb":{"@id":"https:\/\/www.visitsaimaa.fi\/de\/finnland-kanutour-saimaa\/#breadcrumb"},"inLanguage":"de-DE","potentialAction":[{"@type":"ReadAction","target":["https:\/\/www.visitsaimaa.fi\/de\/finnland-kanutour-saimaa\/"]}]},{"@type":"ImageObject","inLanguage":"de-DE","@id":"https:\/\/www.visitsaimaa.fi\/de\/finnland-kanutour-saimaa\/#primaryimage","url":"https:\/\/www.visitsaimaa.fi\/wp-content\/uploads\/2015\/08\/MG_7529_pieni-scaled.jpg","contentUrl":"https:\/\/www.visitsaimaa.fi\/wp-content\/uploads\/2015\/08\/MG_7529_pieni-scaled.jpg","width":2592,"height":1728,"caption":"Finnland Kanutour im Seenland Saimaa"},{"@type":"BreadcrumbList","@id":"https:\/\/www.visitsaimaa.fi\/de\/finnland-kanutour-saimaa\/#breadcrumb","itemListElement":[{"@type":"ListItem","position":1,"name":"Visit Saimaa","item":"https:\/\/www.visitsaimaa.fi\/de\/"},{"@type":"ListItem","position":2,"name":"Finnland Kanutour: die Elemente hautnah erleben"}]},{"@type":"WebSite","@id":"https:\/\/www.visitsaimaa.fi\/fi\/#website","url":"https:\/\/www.visitsaimaa.fi\/fi\/","name":"Visit Saimaa","description":"The Official Travel Guide of Lakeland Saimaa","potentialAction":[{"@type":"SearchAction","target":{"@type":"EntryPoint","urlTemplate":"https:\/\/www.visitsaimaa.fi\/fi\/?s={search_term_string}"},"query-input":{"@type":"PropertyValueSpecification","valueRequired":true,"valueName":"search_term_string"}}],"inLanguage":"de-DE"}]}},"_links":{"self":[{"href":"https:\/\/www.visitsaimaa.fi\/de\/wp-json\/wp\/v2\/pages\/1370","targetHints":{"allow":["GET"]}}],"collection":[{"href":"https:\/\/www.visitsaimaa.fi\/de\/wp-json\/wp\/v2\/pages"}],"about":[{"href":"https:\/\/www.visitsaimaa.fi\/de\/wp-json\/wp\/v2\/types\/page"}],"author":[{"embeddable":true,"href":"https:\/\/www.visitsaimaa.fi\/de\/wp-json\/wp\/v2\/users\/14"}],"replies":[{"embeddable":true,"href":"https:\/\/www.visitsaimaa.fi\/de\/wp-json\/wp\/v2\/comments?post=1370"}],"version-history":[{"count":6,"href":"https:\/\/www.visitsaimaa.fi\/de\/wp-json\/wp\/v2\/pages\/1370\/revisions"}],"predecessor-version":[{"id":32647,"href":"https:\/\/www.visitsaimaa.fi\/de\/wp-json\/wp\/v2\/pages\/1370\/revisions\/32647"}],"wp:featuredmedia":[{"embeddable":true,"href":"https:\/\/www.visitsaimaa.fi\/de\/wp-json\/wp\/v2\/media\/186"}],"wp:attachment":[{"href":"https:\/\/www.visitsaimaa.fi\/de\/wp-json\/wp\/v2\/media?parent=1370"}],"wp:term":[{"taxonomy":"relatedcontent","embeddable":true,"href":"https:\/\/www.visitsaimaa.fi\/de\/wp-json\/wp\/v2\/relatedcontent?post=1370"}],"curies":[{"name":"wp","href":"https:\/\/api.w.org\/{rel}","templated":true}]}}