{"id":1363,"date":"2015-12-10T11:18:45","date_gmt":"2015-12-10T09:18:45","guid":{"rendered":"https:\/\/www.visitsaimaa.fi\/de\/?page_id=1363"},"modified":"2022-03-01T12:46:38","modified_gmt":"2022-03-01T10:46:38","slug":"finnische-seenplatte-radfahren-saimaa","status":"publish","type":"page","link":"https:\/\/www.visitsaimaa.fi\/de\/finnische-seenplatte-radfahren-saimaa\/","title":{"rendered":"Radfahren auf der finnischen Seenplatte: die angenehme Art Saimaa kennenzulernen!"},"content":{"rendered":"<p>[vc_row full_width=&#8220;stretch_row_content_no_spaces&#8220;][vc_column]<div class=\"main_header big\">\n    <figure style=\"background-image: url('https:\/\/www.visitsaimaa.fi\/wp-content\/uploads\/2015\/11\/finnische-seenplatte-radfahren-1920x600.jpg'); background-position: center center;\"><\/figure>\n    <div class=\"main_header_content\" style=\"\">\n        <div class=\"container\">\n            \n<h1 style=\"text-align: center\">Radfahren im Seenland Saimaa<\/h1>\n<p style=\"text-align: center\">#saimaamoments<\/p>\n<p style=\"text-align: center\">    \n        <\/div>\n    <\/div><!-- \/.container -->\n<\/div><!-- \/.main_header -->\n\n[\/vc_column][\/vc_row][vc_row][vc_column width=&#8220;1\/2&#8243;][vc_column_text]<\/p>\n<h2>Radfahren auf der finnischen Seenplatte: Eine angenehme Art Saimaa kennenzulernen!<\/h2>\n<p>[\/vc_column_text][vc_column_text]<strong>Radfahren auf der finnischen Seenplatte: Erleben Sie <\/strong><strong>wundersch\u00f6ne Routen mit dichten W\u00e4ldern und einer weiten Seenlandschaft.\u00a0K\u00fcstenlinie wohin das Auge blickt!<\/strong><\/p>\n<p>Markierte Routen finden sich sowohl in den Gemeinden M\u00e4ntyharju und Puumala in der Mikkeli-Region als auch in Punkaharju und Kerim\u00e4ki in der Savonlinna-Region. Die Nationalparks mit ihren Natursehensw\u00fcrdigkeiten sind interessante Ziele f\u00fcr Radfahrer und in der Inselwelt von Saimaa finden Sie Landschafts- und Ringrouten verschiedener L\u00e4nge.<\/p>\n<p><!--more--><\/p>\n<h3>Urige \u00dcbernachtung in traditionellen H\u00fctten<\/h3>\n<p>In Saimaa gibt es viele alte Gutsh\u00f6fe, die zu komfortablen und interessanten Hotels umgewandelt wurden. Einige sind besonders sch\u00f6n und sind unter dem Namen &#8222;<a href=\"http:\/\/www.saimaancharmantit.fi\/en\/charms-of-saimaa\/\" target=\"_blank\" rel=\"noopener\">Charms of Saimaa<\/a>&#8220; zu finden.<\/p>\n<p>Einige der Gutsh\u00f6fe haben ihre alten St\u00e4lle zu gem\u00fctlichen Unterk\u00fcnften f\u00fcr Radler verwandelt und bieten somit eine weitere spannende \u00dcbernachtungsm\u00f6glichkeit. Diese kosteng\u00fcnstigen Unterk\u00fcnfte sind auch kurzfristig zu haben, jedoch empfiehlt sich eine Reservierung bzw. Voranmeldung.<\/p>\n<h3>Schwimmen, Relaxen und Genie\u00dfen entlang der Route<\/h3>\n<p>Die st\u00e4ndige Seen\u00e4he entlang der Route bietet M\u00f6glichkeiten f\u00fcr spontane Erfrischungen. \u00dcberall hat man Seezugang, wo sich die F\u00fc\u00dfe k\u00fchlen lassen.<\/p>\n<p>Der Weg und die Landschaft l\u00e4dt ein zum Innehalten, es gibt keine Werbeplakate &#8211; nur Sie allein und die Natur!<\/p>\n<p>Es gibt aber genug Infrastruktur und <a href=\"\/?page_id=1239\" target=\"_blank\" rel=\"noopener\">Restaurants<\/a> entlang des Weges, damit man beim Radfahren nicht hungert &#8211; nur wenn der K\u00f6rper versorgt ist, kann auch der Geist gl\u00fccklich werden![\/vc_column_text][\/vc_column][vc_column width=&#8220;1\/2&#8243;][vc_single_image image=&#8220;16922&#8243; img_size=&#8220;large&#8220; css=&#8220;.vc_custom_1616152161422{padding-top: 20px !important;}&#8220;][\/vc_column][\/vc_row][vc_row][vc_column][vc_raw_html]JTNDc2NyaXB0JTIwdHlwZSUzRCUyMnRleHQlMkZqYXZhc2NyaXB0JTIyJTIwc3JjJTNEJTIyJTJGJTJGd3d3Lm91dGRvb3JhY3RpdmUuY29tJTJGYWxwcG9ydGFsJTJGb2FfaGVhZC5qcyUzRnByb2olM0RhcGktZnYtdmlzaXQtbWlra2VsaSUyNmFtcCUzQmtleSUzREJKRjlaU0ZDLUVNV0dNWlJCLTRPU1NMUlZVJTI2YW1wJTNCbGFuZyUzRGRlJTIyJTNFJTNDJTJGc2NyaXB0JTNFJTBBJTBBJTNDZGl2JTIwY2xhc3MlM0QlMjJvYXgtdG9wLWNvbnQlMjIlM0UlM0MlMkZkaXYlM0UlMEElM0NzY3JpcHQlMjB0eXBlJTNEJTIydGV4dCUyRmphdmFzY3JpcHQlMjIlM0UlMEElMjAlMjB2YXIlMjBjb25mJTIwJTNEJTIwJTdCJTBBJTIwJTIwJTIwJTIwJTIyZnJvbnRlbmR0eXBlJTIyJTNBJTIwJTIydG91ciUyMiUyQyUwQSUyMCUyMCUyMCUyMCUyMmluaXRNb2RlJTIyJTNBJTIwJTIyZ2FsbGVyeSUyMiUyQyUwQSUyMCUyMCUyMCUyMCUyMmNmZyUyMiUzQSUyMCU3QiUwQSUyMCUyMCUyMCUyMCUyMCUyMCUyMndoYXQlMjIlM0ElMjAlN0IlMEElMjAlMjAlMjAlMjAlMjAlMjAlMjJzZWxlY3RlZF9pbml0JTIyJTNBJTIwJTIyMjMyNTgyMTYlMjIlMEElMjAlMjAlMjAlMjAlMjAlMjAlN0QlMEElMjAlMjAlMjAlMjAlMjAlN0QlMEElMjAlMjAlN0QlM0IlMEElMEElMjAlMjB2YXIlMjBmdnAlMjAlM0QlMjBvYS5hcGkuZmxleHZpZXdwYWdlJTI4JTIwY29uZiUyMCUyOSUzQiUwQSUzQyUyRnNjcmlwdCUzRQ==[\/vc_raw_html][\/vc_column][\/vc_row][vc_row][vc_column][vc_column_text]<\/p>\n<h2>Radtouren im Seenland Saimaa<\/h2>\n<p>[\/vc_column_text][\/vc_column][\/vc_row][vc_row][vc_column]<div class=\"posts-list-grid wpb_content_element\">\n                            <div class=\"row no-gutter\"><div class=\"row no-gutter\"><div class=\"col-xs-10 col-sm-5 col-lg-4 col-main row-two \">    <div class=\"post-box post-stub post-22386 attachment type-attachment status-inherit hentry\" data-openid=\"sami_kurosen_makumatka_saimaalla_kausi_1_jakso_3_putkisalo_alkuruoka_003_kuvaaja_vilmanorokorpi-2-1-22386-1\" data-contentid=\"1:22386\" data-showrelated=\"1\" id=\"sami_kurosen_makumatka_saimaalla_kausi_1_jakso_3_putkisalo_alkuruoka_003_kuvaaja_vilmanorokorpi-2-1-22386-1\">\n\n        <div class=\"vs_post_thumbnail\" style=\"background-image: url('https:\/\/www.visitsaimaa.fi\/wp-content\/themes\/visitsaimaa2019\/images\/default_visitsaimaa_2016.jpg')\" ><\/div>\n        <div class=\"image_overlay\"><\/div>\n                \n                <a href=\"https:\/\/www.visitsaimaa.fi\/de\/sami_kurosen_makumatka_saimaalla_kausi_1_jakso_3_putkisalo_alkuruoka_003_kuvaaja_vilmanorokorpi-2\/\"  class=\" get-post-details\" title=\"sami_kurosen_makumatka_saimaalla_kausi_1_jakso_3_putkisalo_alkuruoka_003_kuvaaja_vilmanorokorpi\">\n            <span class=\"info\">\n                \n                                <span class=\"h3\">sami_kurosen_makumatka_saimaalla_kausi_1_jakso_3_putkisalo_alkuruoka_003_kuvaaja_vilmanorokorpi<\/span>\n                                            <\/span><!-- \/.info -->\n        <\/a>\n\n    <\/div>\n    <\/div><!-- box-main --><div class=\"col-xs-10 col-sm-5 col-lg-6 col-rest row-two\"><div class=\"row no-gutter\"><div class=\"col-xs-10 col-lg-66\">    <div class=\"post-box filler social\" style=\"background-color: #CD332D;\">\n        <div class=\"icon\"><\/div>\n                    <div class=\"background-icon\" style=\" background-image: url('https:\/\/www.visitsaimaa.fi\/wp-content\/themes\/visitsaimaa2019\/images\/icons\/youtube-128.png');\" ><\/div>\n        \n        \n                    <a href=\"https:\/\/www.youtube.com\/channel\/UCiH-1ug1BXX0lft1tL4Jayw\" target=\"_blank\" >\n                    <span class=\"info\">\n                                            <\/span>\n                    <\/a>\n        \n    <\/div>\n\n    <\/div><div class=\"col-xs-5 col-lg-33\">    <div class=\"post-box filler social\" style=\"background-color: #3B5998;\">\n        <div class=\"icon\"><\/div>\n                    <div class=\"background-icon\" style=\" background-image: url('https:\/\/www.visitsaimaa.fi\/wp-content\/themes\/visitsaimaa2019\/images\/icons\/facebook-128.png');\" ><\/div>\n        \n        \n                    <a href=\"https:\/\/www.facebook.com\/visitsaimaa\/?fref=ts\" target=\"_blank\" >\n                    <span class=\"info\">\n                                            <\/span>\n                    <\/a>\n        \n    <\/div>\n\n    <\/div><div class=\"col-xs-5 col-lg-33\">    <div class=\"post-box filler social\" style=\"background-color: #3F729B;\">\n        <div class=\"icon\"><\/div>\n                    <div class=\"background-icon\" style=\" background-image: url('https:\/\/www.visitsaimaa.fi\/wp-content\/themes\/visitsaimaa2019\/images\/icons\/instagram-128.png');\" ><\/div>\n        \n        \n                    <a href=\"https:\/\/www.instagram.com\/visitsaimaa.fi\/\" target=\"_blank\" >\n                    <span class=\"info\">\n                                            <\/span>\n                    <\/a>\n        \n    <\/div>\n\n    <\/div><div class=\"col-xs-10 col-lg-66\">    <div class=\"post-box filler \" style=\"background-color: #360032;\">\n        <div class=\"icon\"><\/div>\n                    <div class=\"background-icon\" style=\" background-image: url('');\" ><\/div>\n        \n        \n                    <span class=\"info\">\n                                            <\/span>\n        \n    <\/div>\n\n    <\/div><\/div><!-- row --><\/div><!-- .rest --><\/div><!-- \/.row --><\/div><!-- \/.row -->\n                            <\/div><!--\/.posts-list-grid -->[\/vc_column][\/vc_row][vc_row][vc_column][vc_column_text]<\/p>\n<h2>Wir empfehlen auch&#8230;<\/h2>\n<p>[\/vc_column_text][\/vc_column][\/vc_row][vc_row][vc_column]<div class=\"posts-list-grid wpb_content_element\">\n                            <div class=\"row no-gutter\"><div class=\"row no-gutter\"><div class=\"col-xs-10 col-sm-5 col-lg-4 col-main row-two \">    <div class=\"post-box post-stub post-1977 page type-page status-publish has-post-thumbnail hentry priority-3\"  data-contentid=\"1:1977\" data-showrelated=\"1\" id=\"finnland-urlaub-familie-1-1977-2\">\n\n        <div class=\"vs_post_thumbnail\" style=\"background-image: url('https:\/\/www.visitsaimaa.fi\/wp-content\/themes\/visitsaimaa2019\/images\/default_visitsaimaa_2016.jpg')\" data-attachment=\"3125-1\"><\/div>\n        <div class=\"image_overlay\"><\/div>\n                \n                <a href=\"https:\/\/www.visitsaimaa.fi\/de\/finnland-urlaub-familie\/\"  class=\"back-to-canonical \" title=\"Finnland Urlaub mit der Familie &#8211; sicheres Abenteuer f\u00fcr Kinder im Seenland Saimaa\">\n            <span class=\"info\">\n                \n                                <span class=\"h3\">Familienurlaub im &#8222;Seenland Saimaa&#8220;<\/span>\n                                            <\/span><!-- \/.info -->\n        <\/a>\n\n    <\/div>\n    <\/div><!-- box-main --><div class=\"col-xs-10 col-sm-5 col-lg-6 col-rest row-two\"><div class=\"row no-gutter\"><div class=\"col-xs-10 col-lg-66\">    <div class=\"post-box post-stub post-1440 page type-page status-publish has-post-thumbnail hentry priority-3\"  data-contentid=\"1:1440\" data-showrelated=\"1\" id=\"finnland-reiten-1-1440-3\">\n\n        <div class=\"vs_post_thumbnail\" style=\"background-image: url('https:\/\/www.visitsaimaa.fi\/wp-content\/themes\/visitsaimaa2019\/images\/default_visitsaimaa_2016.jpg')\" data-attachment=\"1443-1\"><\/div>\n        <div class=\"image_overlay\"><\/div>\n                \n                <a href=\"https:\/\/www.visitsaimaa.fi\/de\/finnland-reiten\/\"  class=\"back-to-canonical \" title=\"Finnland Reiten &#8211; spannende Touren, Schwimmen f\u00fcr Pferd und Reiter\">\n            <span class=\"info\">\n                \n                                <span class=\"h3\">Reiten im &#8222;Seenland Saimaa&#8220;<\/span>\n                                            <\/span><!-- \/.info -->\n        <\/a>\n\n    <\/div>\n    <\/div><div class=\"col-xs-5 col-lg-33\">    <div class=\"post-box post-stub post-1239 page type-page status-publish has-post-thumbnail hentry priority-3\"  data-contentid=\"1:1239\" data-showrelated=\"1\" id=\"finnland-kulinarisches-im-saimaa-1-1239-4\">\n\n        <div class=\"vs_post_thumbnail\" style=\"background-image: url('https:\/\/www.visitsaimaa.fi\/wp-content\/themes\/visitsaimaa2019\/images\/default_visitsaimaa_2016.jpg')\" data-attachment=\"5610-1\"><\/div>\n        <div class=\"image_overlay\"><\/div>\n                \n                <a href=\"https:\/\/www.visitsaimaa.fi\/de\/finnland-kulinarisches-im-saimaa\/\"  class=\"back-to-canonical \" title=\"Kulinarisches aus dem Seenland Saimaa: direkt aus der Region\">\n            <span class=\"info\">\n                \n                                <span class=\"h3\">&#8222;Seenland Saimaa&#8220; kulinarisch<\/span>\n                                            <\/span><!-- \/.info -->\n        <\/a>\n\n    <\/div>\n    <\/div><div class=\"col-xs-5 col-lg-33\">    <div class=\"post-box post-stub post-1213 page type-page status-publish has-post-thumbnail hentry priority-3\"  data-contentid=\"1:1213\" data-showrelated=\"1\" id=\"finnland-urlaub-erlebnisse-1-1213-5\">\n\n        <div class=\"vs_post_thumbnail\" style=\"background-image: url('https:\/\/www.visitsaimaa.fi\/wp-content\/themes\/visitsaimaa2019\/images\/default_visitsaimaa_2016.jpg')\" data-attachment=\"2904-1\"><\/div>\n        <div class=\"image_overlay\"><\/div>\n                \n                <a href=\"https:\/\/www.visitsaimaa.fi\/de\/finnland-urlaub-erlebnisse\/\"  class=\"back-to-canonical \" title=\"Finnland-Urlaub im Seenland Saimaa: weite Natur und spannende Erlebnisse\">\n            <span class=\"info\">\n                \n                                <span class=\"h3\">Weite Natur und Outdoor-Erlebnisse<\/span>\n                                            <\/span><!-- \/.info -->\n        <\/a>\n\n    <\/div>\n    <\/div><div class=\"col-xs-10 col-lg-66\">    <div class=\"post-box post-stub post-1211 page type-page status-publish has-post-thumbnail hentry priority-3\"  data-contentid=\"1:1211\" data-showrelated=\"1\" id=\"saimaa-urlaub-1-1211-6\">\n\n        <div class=\"vs_post_thumbnail\" style=\"background-image: url('https:\/\/www.visitsaimaa.fi\/wp-content\/themes\/visitsaimaa2019\/images\/default_visitsaimaa_2016.jpg')\" data-attachment=\"4308-1\"><\/div>\n        <div class=\"image_overlay\"><\/div>\n                \n                <a href=\"https:\/\/www.visitsaimaa.fi\/de\/saimaa-urlaub\/\"  class=\"back-to-canonical \" title=\"Saimaa Urlaub Unterk\u00fcnfte\">\n            <span class=\"info\">\n                \n                                <span class=\"h3\">Unterk\u00fcnfte im &#8222;Seenland Saimaa&#8220;<\/span>\n                                            <\/span><!-- \/.info -->\n        <\/a>\n\n    <\/div>\n    <\/div><\/div><!-- row --><\/div><!-- .rest --><\/div><!-- \/.row --><\/div><!-- \/.row -->\n                            <\/div><!--\/.posts-list-grid -->[\/vc_column][\/vc_row]<\/p>\n","protected":false},"excerpt":{"rendered":"<p>[vc_row full_width=&#8220;stretch_row_content_no_spaces&#8220;][vc_column][\/vc_column][\/vc_row][vc_row][vc_column width=&#8220;1\/2&#8243;][vc_column_text] Radfahren auf der finnischen Seenplatte: Eine angenehme Art Saimaa kennenzulernen! [\/vc_column_text][vc_column_text]Radfahren auf der finnischen Seenplatte: Erleben Sie wundersch\u00f6ne Routen mit dichten W\u00e4ldern und einer weiten Seenlandschaft.\u00a0K\u00fcstenlinie wohin [&hellip;]<\/p>\n","protected":false},"author":14,"featured_media":1367,"parent":0,"menu_order":0,"comment_status":"closed","ping_status":"closed","template":"","meta":{"footnotes":""},"relatedcontent":[],"class_list":{"0":"post-1363","1":"page","2":"type-page","3":"status-publish","4":"has-post-thumbnail","5":"hentry","7":"priority-3"},"yoast_head":"<!-- This site is optimized with the Yoast SEO Premium plugin v27.3 (Yoast SEO v27.5) - https:\/\/yoast.com\/product\/yoast-seo-premium-wordpress\/ -->\n<title>Radfahren auf der finnischen Seenplatte: die angenehme Art Saimaa kennenzulernen! - Visit Saimaa<\/title>\n<meta name=\"description\" content=\"Radfahren auf der finnischen Seenplatte: unber\u00fchrte Natur erleben, tolle Rundfahrten unternehmen, relaxen, campen und genie\u00dfen wo man m\u00f6chte!\" \/>\n<meta name=\"robots\" content=\"index, follow, max-snippet:-1, max-image-preview:large, max-video-preview:-1\" \/>\n<link rel=\"canonical\" href=\"https:\/\/www.visitsaimaa.fi\/de\/finnische-seenplatte-radfahren-saimaa\/\" \/>\n<meta property=\"og:locale\" content=\"de_DE\" \/>\n<meta property=\"og:type\" content=\"article\" \/>\n<meta property=\"og:title\" content=\"Radfahren auf der finnischen Seenplatte: die angenehme Art Saimaa kennenzulernen!\" \/>\n<meta property=\"og:description\" content=\"Radfahren auf der finnischen Seenplatte: unber\u00fchrte Natur erleben, tolle Rundfahrten unternehmen, relaxen, campen und genie\u00dfen wo man m\u00f6chte!\" \/>\n<meta property=\"og:url\" content=\"https:\/\/www.visitsaimaa.fi\/de\/finnische-seenplatte-radfahren-saimaa\/\" \/>\n<meta property=\"og:site_name\" content=\"Visit Saimaa\" \/>\n<meta property=\"article:modified_time\" content=\"2022-03-01T10:46:38+00:00\" \/>\n<meta property=\"og:image\" content=\"https:\/\/www.visitsaimaa.fi\/wp-content\/uploads\/2015\/11\/finnische-seenplatte-radfahren.jpg\" \/>\n\t<meta property=\"og:image:width\" content=\"2048\" \/>\n\t<meta property=\"og:image:height\" content=\"1365\" \/>\n\t<meta property=\"og:image:type\" content=\"image\/jpeg\" \/>\n<meta name=\"twitter:label1\" content=\"Gesch\u00e4tzte Lesezeit\" \/>\n\t<meta name=\"twitter:data1\" content=\"2 minutes\" \/>\n<script type=\"application\/ld+json\" class=\"yoast-schema-graph\">{\"@context\":\"https:\\\/\\\/schema.org\",\"@graph\":[{\"@type\":\"WebPage\",\"@id\":\"https:\\\/\\\/www.visitsaimaa.fi\\\/de\\\/finnische-seenplatte-radfahren-saimaa\\\/\",\"url\":\"https:\\\/\\\/www.visitsaimaa.fi\\\/de\\\/finnische-seenplatte-radfahren-saimaa\\\/\",\"name\":\"Radfahren auf der finnischen Seenplatte: die angenehme Art Saimaa kennenzulernen! - Visit Saimaa\",\"isPartOf\":{\"@id\":\"https:\\\/\\\/www.visitsaimaa.fi\\\/fi\\\/#website\"},\"primaryImageOfPage\":{\"@id\":\"https:\\\/\\\/www.visitsaimaa.fi\\\/de\\\/finnische-seenplatte-radfahren-saimaa\\\/#primaryimage\"},\"image\":{\"@id\":\"https:\\\/\\\/www.visitsaimaa.fi\\\/de\\\/finnische-seenplatte-radfahren-saimaa\\\/#primaryimage\"},\"thumbnailUrl\":\"https:\\\/\\\/www.visitsaimaa.fi\\\/wp-content\\\/uploads\\\/2015\\\/11\\\/finnische-seenplatte-radfahren.jpg\",\"datePublished\":\"2015-12-10T09:18:45+00:00\",\"dateModified\":\"2022-03-01T10:46:38+00:00\",\"description\":\"Radfahren auf der finnischen Seenplatte: unber\u00fchrte Natur erleben, tolle Rundfahrten unternehmen, relaxen, campen und genie\u00dfen wo man m\u00f6chte!\",\"breadcrumb\":{\"@id\":\"https:\\\/\\\/www.visitsaimaa.fi\\\/de\\\/finnische-seenplatte-radfahren-saimaa\\\/#breadcrumb\"},\"inLanguage\":\"de-DE\",\"potentialAction\":[{\"@type\":\"ReadAction\",\"target\":[\"https:\\\/\\\/www.visitsaimaa.fi\\\/de\\\/finnische-seenplatte-radfahren-saimaa\\\/\"]}]},{\"@type\":\"ImageObject\",\"inLanguage\":\"de-DE\",\"@id\":\"https:\\\/\\\/www.visitsaimaa.fi\\\/de\\\/finnische-seenplatte-radfahren-saimaa\\\/#primaryimage\",\"url\":\"https:\\\/\\\/www.visitsaimaa.fi\\\/wp-content\\\/uploads\\\/2015\\\/11\\\/finnische-seenplatte-radfahren.jpg\",\"contentUrl\":\"https:\\\/\\\/www.visitsaimaa.fi\\\/wp-content\\\/uploads\\\/2015\\\/11\\\/finnische-seenplatte-radfahren.jpg\",\"width\":2048,\"height\":1365,\"caption\":\"Radfahren auf der finnischen Seenplatte: angenehme Art Saimaa kennen zu lernen!\"},{\"@type\":\"BreadcrumbList\",\"@id\":\"https:\\\/\\\/www.visitsaimaa.fi\\\/de\\\/finnische-seenplatte-radfahren-saimaa\\\/#breadcrumb\",\"itemListElement\":[{\"@type\":\"ListItem\",\"position\":1,\"name\":\"Visit Saimaa\",\"item\":\"https:\\\/\\\/www.visitsaimaa.fi\\\/de\\\/\"},{\"@type\":\"ListItem\",\"position\":2,\"name\":\"Radfahren auf der finnischen Seenplatte: die angenehme Art Saimaa kennenzulernen!\"}]},{\"@type\":\"WebSite\",\"@id\":\"https:\\\/\\\/www.visitsaimaa.fi\\\/fi\\\/#website\",\"url\":\"https:\\\/\\\/www.visitsaimaa.fi\\\/fi\\\/\",\"name\":\"Visit Saimaa\",\"description\":\"The Official Travel Guide of Lakeland Saimaa\",\"potentialAction\":[{\"@type\":\"SearchAction\",\"target\":{\"@type\":\"EntryPoint\",\"urlTemplate\":\"https:\\\/\\\/www.visitsaimaa.fi\\\/fi\\\/?s={search_term_string}\"},\"query-input\":{\"@type\":\"PropertyValueSpecification\",\"valueRequired\":true,\"valueName\":\"search_term_string\"}}],\"inLanguage\":\"de-DE\"}]}<\/script>\n<!-- \/ Yoast SEO Premium plugin. -->","yoast_head_json":{"title":"Radfahren auf der finnischen Seenplatte: die angenehme Art Saimaa kennenzulernen! - Visit Saimaa","description":"Radfahren auf der finnischen Seenplatte: unber\u00fchrte Natur erleben, tolle Rundfahrten unternehmen, relaxen, campen und genie\u00dfen wo man m\u00f6chte!","robots":{"index":"index","follow":"follow","max-snippet":"max-snippet:-1","max-image-preview":"max-image-preview:large","max-video-preview":"max-video-preview:-1"},"canonical":"https:\/\/www.visitsaimaa.fi\/de\/finnische-seenplatte-radfahren-saimaa\/","og_locale":"de_DE","og_type":"article","og_title":"Radfahren auf der finnischen Seenplatte: die angenehme Art Saimaa kennenzulernen!","og_description":"Radfahren auf der finnischen Seenplatte: unber\u00fchrte Natur erleben, tolle Rundfahrten unternehmen, relaxen, campen und genie\u00dfen wo man m\u00f6chte!","og_url":"https:\/\/www.visitsaimaa.fi\/de\/finnische-seenplatte-radfahren-saimaa\/","og_site_name":"Visit Saimaa","article_modified_time":"2022-03-01T10:46:38+00:00","og_image":[{"width":2048,"height":1365,"url":"https:\/\/www.visitsaimaa.fi\/wp-content\/uploads\/2015\/11\/finnische-seenplatte-radfahren.jpg","type":"image\/jpeg"}],"twitter_misc":{"Gesch\u00e4tzte Lesezeit":"2 minutes"},"schema":{"@context":"https:\/\/schema.org","@graph":[{"@type":"WebPage","@id":"https:\/\/www.visitsaimaa.fi\/de\/finnische-seenplatte-radfahren-saimaa\/","url":"https:\/\/www.visitsaimaa.fi\/de\/finnische-seenplatte-radfahren-saimaa\/","name":"Radfahren auf der finnischen Seenplatte: die angenehme Art Saimaa kennenzulernen! - Visit Saimaa","isPartOf":{"@id":"https:\/\/www.visitsaimaa.fi\/fi\/#website"},"primaryImageOfPage":{"@id":"https:\/\/www.visitsaimaa.fi\/de\/finnische-seenplatte-radfahren-saimaa\/#primaryimage"},"image":{"@id":"https:\/\/www.visitsaimaa.fi\/de\/finnische-seenplatte-radfahren-saimaa\/#primaryimage"},"thumbnailUrl":"https:\/\/www.visitsaimaa.fi\/wp-content\/uploads\/2015\/11\/finnische-seenplatte-radfahren.jpg","datePublished":"2015-12-10T09:18:45+00:00","dateModified":"2022-03-01T10:46:38+00:00","description":"Radfahren auf der finnischen Seenplatte: unber\u00fchrte Natur erleben, tolle Rundfahrten unternehmen, relaxen, campen und genie\u00dfen wo man m\u00f6chte!","breadcrumb":{"@id":"https:\/\/www.visitsaimaa.fi\/de\/finnische-seenplatte-radfahren-saimaa\/#breadcrumb"},"inLanguage":"de-DE","potentialAction":[{"@type":"ReadAction","target":["https:\/\/www.visitsaimaa.fi\/de\/finnische-seenplatte-radfahren-saimaa\/"]}]},{"@type":"ImageObject","inLanguage":"de-DE","@id":"https:\/\/www.visitsaimaa.fi\/de\/finnische-seenplatte-radfahren-saimaa\/#primaryimage","url":"https:\/\/www.visitsaimaa.fi\/wp-content\/uploads\/2015\/11\/finnische-seenplatte-radfahren.jpg","contentUrl":"https:\/\/www.visitsaimaa.fi\/wp-content\/uploads\/2015\/11\/finnische-seenplatte-radfahren.jpg","width":2048,"height":1365,"caption":"Radfahren auf der finnischen Seenplatte: angenehme Art Saimaa kennen zu lernen!"},{"@type":"BreadcrumbList","@id":"https:\/\/www.visitsaimaa.fi\/de\/finnische-seenplatte-radfahren-saimaa\/#breadcrumb","itemListElement":[{"@type":"ListItem","position":1,"name":"Visit Saimaa","item":"https:\/\/www.visitsaimaa.fi\/de\/"},{"@type":"ListItem","position":2,"name":"Radfahren auf der finnischen Seenplatte: die angenehme Art Saimaa kennenzulernen!"}]},{"@type":"WebSite","@id":"https:\/\/www.visitsaimaa.fi\/fi\/#website","url":"https:\/\/www.visitsaimaa.fi\/fi\/","name":"Visit Saimaa","description":"The Official Travel Guide of Lakeland Saimaa","potentialAction":[{"@type":"SearchAction","target":{"@type":"EntryPoint","urlTemplate":"https:\/\/www.visitsaimaa.fi\/fi\/?s={search_term_string}"},"query-input":{"@type":"PropertyValueSpecification","valueRequired":true,"valueName":"search_term_string"}}],"inLanguage":"de-DE"}]}},"_links":{"self":[{"href":"https:\/\/www.visitsaimaa.fi\/de\/wp-json\/wp\/v2\/pages\/1363","targetHints":{"allow":["GET"]}}],"collection":[{"href":"https:\/\/www.visitsaimaa.fi\/de\/wp-json\/wp\/v2\/pages"}],"about":[{"href":"https:\/\/www.visitsaimaa.fi\/de\/wp-json\/wp\/v2\/types\/page"}],"author":[{"embeddable":true,"href":"https:\/\/www.visitsaimaa.fi\/de\/wp-json\/wp\/v2\/users\/14"}],"replies":[{"embeddable":true,"href":"https:\/\/www.visitsaimaa.fi\/de\/wp-json\/wp\/v2\/comments?post=1363"}],"version-history":[{"count":5,"href":"https:\/\/www.visitsaimaa.fi\/de\/wp-json\/wp\/v2\/pages\/1363\/revisions"}],"predecessor-version":[{"id":25571,"href":"https:\/\/www.visitsaimaa.fi\/de\/wp-json\/wp\/v2\/pages\/1363\/revisions\/25571"}],"wp:featuredmedia":[{"embeddable":true,"href":"https:\/\/www.visitsaimaa.fi\/de\/wp-json\/wp\/v2\/media\/1367"}],"wp:attachment":[{"href":"https:\/\/www.visitsaimaa.fi\/de\/wp-json\/wp\/v2\/media?parent=1363"}],"wp:term":[{"taxonomy":"relatedcontent","embeddable":true,"href":"https:\/\/www.visitsaimaa.fi\/de\/wp-json\/wp\/v2\/relatedcontent?post=1363"}],"curies":[{"name":"wp","href":"https:\/\/api.w.org\/{rel}","templated":true}]}}