{"id":1241,"date":"2015-12-03T14:07:55","date_gmt":"2015-12-03T12:07:55","guid":{"rendered":"https:\/\/www.visitsaimaa.fi\/de\/?page_id=1241"},"modified":"2021-03-24T17:21:51","modified_gmt":"2021-03-24T15:21:51","slug":"finnland-urlaub-wohlbefinden","status":"publish","type":"page","link":"https:\/\/www.visitsaimaa.fi\/de\/finnland-urlaub-wohlbefinden\/","title":{"rendered":"Wohlbefinden im Finnland Urlaub: Energie tanken in der Natur"},"content":{"rendered":"<p>[vc_row full_width=&#8220;stretch_row_content_no_spaces&#8220;][vc_column]<div class=\"main_header big\">\n    <figure style=\"background-image: url('https:\/\/www.visitsaimaa.fi\/wp-content\/uploads\/2015\/12\/finnland-urlaub-wohlbefinde-1920x600.jpg'); background-position: center center;\"><\/figure>\n    <div class=\"main_header_content\" style=\"\">\n        <div class=\"container\">\n            \n<h1 style=\"text-align: center\">Erlebe Entspannung in herrlicher, unendlicher Natur!<\/h1>\n<p style=\"text-align: center\">#saimaamoments<\/p>\n    \n        <\/div>\n    <\/div><!-- \/.container -->\n<\/div><!-- \/.main_header -->\n\n[\/vc_column][\/vc_row][vc_row][vc_column width=&#8220;1\/2&#8243;][vc_column_text]<\/p>\n<h2>Wohlbefinden f\u00fcr Geist und Seele ist im Seenland Saimaa zu finden<\/h2>\n<p>[\/vc_column_text][vc_column_text]<strong>Wohlbefinden im Finnland Urlaub \u2013 was f\u00e4llt Ihnen da als erstes ein? Ja, die <a href=\"\/?page_id=1235\">finnische Sauna<\/a>. Und was noch? Vielleicht der Wald, die Natur oder gar die Sch\u00f6nheit der tausenden von Seen des finnischen Seenlandes Saimaa?<\/strong><\/p>\n<p>Zum Erholen und Ruhe suchen, ist das Seenland Saimaa ein idealer Platz. Ein ruhiger Lebensstil, stille Umgebung, gro\u00dfe alte W\u00e4lder, unz\u00e4hlige offene Seefl\u00e4chen, die geruhsame finnische Lebensart \u2013 all diese geben Ihrem Geist neue Kraft w\u00e4hrend die finnische Natur Ihren K\u00f6rper pflegt.<\/p>\n<p><!--more--><\/p>\n<h3>Sauna &#8211; finnische Lebensart und -Philosophie<\/h3>\n<p>Die Sauna ist ein wesentlicher Bestandteil der finnischen Lebensart. In der Sauna k\u00f6nnen Sie die erholende und heilende Ber\u00fchrung von Saimaa f\u00fchlen.<\/p>\n<p><em>Ihr K\u00f6rper erholt sich in der sanften Saunaw\u00e4rme und Sie genie\u00dfen die Ruhe.<\/em><\/p>\n<p>In der Sauna erh\u00f6hen sich die Hauttemperatur und der Pulsschlag, der Stoffwechsel beschleunigt sich und die Muskelschmerzen lassen nach. Au\u00dferdem hilft die Sauna bei Hautproblemen und angehenden Erk\u00e4ltungen. Die Lunge profitiert und die Abwehrkr\u00e4fte werden aufgebaut.<\/p>\n<p><em>Die Sauna ist Gold wert f\u00fcr unsere Gesundheit!<\/em><\/p>\n<h3>Wohlbefinden im Finnland Urlaub: Energie tanken in der Natur<\/h3>\n<p>Waldspazierg\u00e4nge, Bootfahren mit dem Ruderboot, <a href=\"\/?page_id=1326\">Fischen<\/a>, <a href=\"\/?page_id=1370\">Kajakfahren<\/a>, das Naturerlebnis als vertiefende \u00dcbung \u2013 auch dies geh\u00f6rt zum Finnland Urlaub.<\/p>\n<p>Finnland ist eines der sicheren und ruhigsten L\u00e4nder der Welt. Schon alleine das Erleben der Stille kommt einem wie Luxus vor und durch die Weitl\u00e4ufigkeit der Gegend kann man auch sicher sein keine Massen von Menschen anzutreffen.[\/vc_column_text][\/vc_column][vc_column width=&#8220;1\/2&#8243;][vc_single_image image=&#8220;10650&#8243; img_size=&#8220;large&#8220; css=&#8220;.vc_custom_1616599163404{padding-top: 20px !important;}&#8220;][\/vc_column][\/vc_row][vc_row][vc_column width=&#8220;1\/2&#8243;][vc_column_text][\/vc_column_text][\/vc_column][\/vc_row][vc_row][vc_column]<div class=\"posts-list-grid wpb_content_element\">\n                            <div class=\"row no-gutter\"><div class=\"row no-gutter\"><div class=\"col-xs-10 col-sm-5 col-lg-4 col-main row-two \">    <div class=\"post-box post-stub post-1235 page type-page status-publish has-post-thumbnail hentry priority-3\"  data-contentid=\"1:1235\" data-showrelated=\"1\" id=\"finnland-sauna-urlaub-1-1235-1\">\n\n        <div class=\"vs_post_thumbnail\" style=\"background-image: url('https:\/\/www.visitsaimaa.fi\/wp-content\/themes\/visitsaimaa2019\/images\/default_visitsaimaa_2016.jpg')\" data-attachment=\"5992-1\"><\/div>\n        <div class=\"image_overlay\"><\/div>\n                \n                <a href=\"https:\/\/www.visitsaimaa.fi\/de\/finnland-sauna-urlaub\/\"  class=\"back-to-canonical \" title=\"Finnland Sauna Urlaub: Sp\u00fcre den Ursprung der Sauna am eigenen Leib!\">\n            <span class=\"info\">\n                \n                                <span class=\"h3\">Sauna und Finnland<\/span>\n                                            <\/span><!-- \/.info -->\n        <\/a>\n\n    <\/div>\n    <\/div><!-- box-main --><div class=\"col-xs-10 col-sm-5 col-lg-6 col-rest row-two\"><div class=\"row no-gutter\"><div class=\"col-xs-5 col-lg-33\">    <div class=\"post-box post-stub has-excerpt post-2801 post type-post status-publish format-standard has-post-thumbnail hentry category-erlebnisse category-finnland-urlaub-wohlbefinden category-reisetipps tag-erholung tag-natur tag-ruhe-und-stille tag-saimaa tag-wald tag-wohlbefinden priority-3\" data-openid=\"ruhe-und-stille-im-seenland-saimaa-finnland-1-2801-2\" data-contentid=\"1:2801\" data-showrelated=\"1\" id=\"ruhe-und-stille-im-seenland-saimaa-finnland-1-2801-2\">\n\n        <div class=\"vs_post_thumbnail\" style=\"background-image: url('https:\/\/www.visitsaimaa.fi\/wp-content\/themes\/visitsaimaa2019\/images\/default_visitsaimaa_2016.jpg')\" data-attachment=\"3321-1\"><\/div>\n        <div class=\"image_overlay\"><\/div>\n                \n                <a href=\"https:\/\/www.visitsaimaa.fi\/de\/ruhe-und-stille-im-seenland-saimaa-finnland\/\"  class=\" get-post-details\" title=\"Ruhe und Stille im Seenland Saimaa, Finnland\">\n            <span class=\"info\">\n                \n                                <span class=\"h3\">Entspannen am Saimaa<\/span>\n                                    <span>Suchen Sie die Ruhe und Stille in Ihrem Urlaub? <\/span>\n                                            <\/span><!-- \/.info -->\n        <\/a>\n\n    <\/div>\n    <\/div><div class=\"col-xs-5 col-lg-33\">    <div class=\"post-box post-stub post-2221 page type-page status-publish has-post-thumbnail hentry priority-3\"  data-contentid=\"1:2221\" data-showrelated=\"1\" id=\"sauna-etikette-1-2221-3\">\n\n        <div class=\"vs_post_thumbnail\" style=\"background-image: url('https:\/\/www.visitsaimaa.fi\/wp-content\/themes\/visitsaimaa2019\/images\/default_visitsaimaa_2016.jpg')\" data-attachment=\"3621-1\"><\/div>\n        <div class=\"image_overlay\"><\/div>\n                \n                <a href=\"https:\/\/www.visitsaimaa.fi\/de\/sauna-etikette\/\"  class=\"back-to-canonical \" title=\"Finnland Sauna Regeln und Etikette &#8211; Saunieren richtig gemacht\">\n            <span class=\"info\">\n                \n                                <span class=\"h3\">Sauna \u00e1 la Finnland &#8211; Regeln &#038; Etikette<\/span>\n                                            <\/span><!-- \/.info -->\n        <\/a>\n\n    <\/div>\n    <\/div><div class=\"col-xs-5 col-lg-33\">    <div class=\"post-box post-stub has-excerpt post-2793 post type-post status-publish format-standard has-post-thumbnail hentry category-erlebnisse category-finnland-urlaub-wohlbefinden tag-langlaufen tag-mountainbiking tag-saimaa tag-sommerhaus tag-wald tag-wandern tag-wohlbefinden priority-3\" data-openid=\"finnland-wohlbefinden-im-wald-1-2793-4\" data-contentid=\"1:2793\" data-showrelated=\"1\" id=\"finnland-wohlbefinden-im-wald-1-2793-4\">\n\n        <div class=\"vs_post_thumbnail\" style=\"background-image: url('https:\/\/www.visitsaimaa.fi\/wp-content\/themes\/visitsaimaa2019\/images\/default_visitsaimaa_2016.jpg')\" data-attachment=\"2850-1\"><\/div>\n        <div class=\"image_overlay\"><\/div>\n                \n                <a href=\"https:\/\/www.visitsaimaa.fi\/de\/finnland-wohlbefinden-im-wald\/\"  class=\" get-post-details\" title=\"Finnland: Wohlbefinden im Wald entdecken\">\n            <span class=\"info\">\n                \n                                <span class=\"h3\">Wald tut gut<\/span>\n                                    <span>Der finnische Wald bedeutet Wohlergehen nicht nur in wirtschaftlicher..<\/span>\n                                            <\/span><!-- \/.info -->\n        <\/a>\n\n    <\/div>\n    <\/div><div class=\"col-xs-5 col-lg-33\">    <div class=\"post-box post-stub has-excerpt post-999 post type-post status-publish format-standard has-post-thumbnail hentry category-planen category-urlaub-mit-kindern tag-burg-olavinlinna tag-familienausflug tag-finnland-familienurlaub-savonlinna tag-kanu-touren tag-savonlinna-card tag-savonlinna-urlaub-reisetipps priority-3\" data-openid=\"finnland-familienurlaub-savonlinna-1-999-5\" data-contentid=\"1:999\" data-showrelated=\"1\" id=\"finnland-familienurlaub-savonlinna-1-999-5\">\n\n        <div class=\"vs_post_thumbnail\" style=\"background-image: url('https:\/\/www.visitsaimaa.fi\/wp-content\/themes\/visitsaimaa2019\/images\/default_visitsaimaa_2016.jpg')\" data-attachment=\"2799-1\"><\/div>\n        <div class=\"image_overlay\"><\/div>\n                \n                <a href=\"https:\/\/www.visitsaimaa.fi\/de\/finnland-familienurlaub-savonlinna\/\"  class=\" get-post-details\" title=\"Unvergesslicher Finnland Familienurlaub in Savonlinna\">\n            <span class=\"info\">\n                \n                                <span class=\"h3\">Familienurlaub in Savonlinna<\/span>\n                                    <span>Finnland Familienurlaub Savonlinna hei\u00dft Abendteuer, Spa\u00df und Spannung..<\/span>\n                                            <\/span><!-- \/.info -->\n        <\/a>\n\n    <\/div>\n    <\/div><div class=\"col-xs-10 col-lg-66\">    <div class=\"post-box post-stub\" data-openid=\"-1--6\" data-contentid=\"1:\" data-showrelated=\"1\" id=\"-1--6\">\n\n        <div class=\"vs_post_thumbnail\" style=\"background-image: url('https:\/\/www.visitsaimaa.fi\/wp-content\/themes\/visitsaimaa2019\/images\/default_visitsaimaa_2016.jpg')\" ><\/div>\n        <div class=\"image_overlay\"><\/div>\n                \n                <a href=\"\"  class=\" get-post-details\" title=\"\">\n            <span class=\"info\">\n                \n                                <span class=\"h3\"><\/span>\n                                            <\/span><!-- \/.info -->\n        <\/a>\n\n    <\/div>\n    <\/div><\/div><!-- row --><\/div><!-- .rest --><\/div><!-- \/.row --><\/div><!-- \/.row -->\n                            <\/div><!--\/.posts-list-grid -->[\/vc_column][\/vc_row][vc_row][vc_column][vc_column_text]<\/p>\n<h2>Wir empfehlen auch&#8230;<\/h2>\n<p>[\/vc_column_text][\/vc_column][\/vc_row][vc_row][vc_column]<div class=\"posts-list-grid wpb_content_element\">\n                            <div class=\"row no-gutter\"><div class=\"row no-gutter\"><div class=\"col-xs-10 col-sm-5 col-lg-4 col-main row-two \">    <div class=\"post-box post-stub post-1211 page type-page status-publish has-post-thumbnail hentry priority-3\"  data-contentid=\"1:1211\" data-showrelated=\"1\" id=\"saimaa-urlaub-1-1211-7\">\n\n        <div class=\"vs_post_thumbnail\" style=\"background-image: url('https:\/\/www.visitsaimaa.fi\/wp-content\/themes\/visitsaimaa2019\/images\/default_visitsaimaa_2016.jpg')\" data-attachment=\"4308-1\"><\/div>\n        <div class=\"image_overlay\"><\/div>\n                \n                <a href=\"https:\/\/www.visitsaimaa.fi\/de\/saimaa-urlaub\/\"  class=\"back-to-canonical \" title=\"Saimaa Urlaub Unterk\u00fcnfte\">\n            <span class=\"info\">\n                \n                                <span class=\"h3\">Unterk\u00fcnfte im &#8222;Seenland Saimaa&#8220;<\/span>\n                                            <\/span><!-- \/.info -->\n        <\/a>\n\n    <\/div>\n    <\/div><!-- box-main --><div class=\"col-xs-10 col-sm-5 col-lg-6 col-rest row-two\"><div class=\"row no-gutter\"><div class=\"col-xs-10 col-lg-66\">    <div class=\"post-box post-stub post-708 page type-page status-publish has-post-thumbnail hentry priority-3\"  data-contentid=\"1:708\" data-showrelated=\"1\" id=\"finnland-saimaa-info-1-708-8\">\n\n        <div class=\"vs_post_thumbnail\" style=\"background-image: url('https:\/\/www.visitsaimaa.fi\/wp-content\/themes\/visitsaimaa2019\/images\/default_visitsaimaa_2016.jpg')\" data-attachment=\"248-1\"><\/div>\n        <div class=\"image_overlay\"><\/div>\n                \n                <a href=\"https:\/\/www.visitsaimaa.fi\/de\/finnland-saimaa-info\/\"  class=\"back-to-canonical \" title=\"Saimaa Info &#8211; Wissenswertes \u00fcber die Region\">\n            <span class=\"info\">\n                \n                                <span class=\"h3\">Wissenswertes zum &#8222;Seenland Saimaa&#8220;<\/span>\n                                            <\/span><!-- \/.info -->\n        <\/a>\n\n    <\/div>\n    <\/div><div class=\"col-xs-5 col-lg-33\">    <div class=\"post-box post-stub post-1213 page type-page status-publish has-post-thumbnail hentry priority-3\"  data-contentid=\"1:1213\" data-showrelated=\"1\" id=\"finnland-urlaub-erlebnisse-1-1213-9\">\n\n        <div class=\"vs_post_thumbnail\" style=\"background-image: url('https:\/\/www.visitsaimaa.fi\/wp-content\/themes\/visitsaimaa2019\/images\/default_visitsaimaa_2016.jpg')\" data-attachment=\"2904-1\"><\/div>\n        <div class=\"image_overlay\"><\/div>\n                \n                <a href=\"https:\/\/www.visitsaimaa.fi\/de\/finnland-urlaub-erlebnisse\/\"  class=\"back-to-canonical \" title=\"Finnland-Urlaub im Seenland Saimaa: weite Natur und spannende Erlebnisse\">\n            <span class=\"info\">\n                \n                                <span class=\"h3\">Weite Natur und Outdoor-Erlebnisse<\/span>\n                                            <\/span><!-- \/.info -->\n        <\/a>\n\n    <\/div>\n    <\/div><div class=\"col-xs-5 col-lg-33\">    <div class=\"post-box post-stub post-1252 page type-page status-publish has-post-thumbnail hentry priority-3\"  data-contentid=\"1:1252\" data-showrelated=\"1\" id=\"finnland-lebensart-im-seenland-saimaa-1-1252-10\">\n\n        <div class=\"vs_post_thumbnail\" style=\"background-image: url('https:\/\/www.visitsaimaa.fi\/wp-content\/themes\/visitsaimaa2019\/images\/default_visitsaimaa_2016.jpg')\" data-attachment=\"203-1\"><\/div>\n        <div class=\"image_overlay\"><\/div>\n                \n                <a href=\"https:\/\/www.visitsaimaa.fi\/de\/finnland-lebensart-im-seenland-saimaa\/\"  class=\"back-to-canonical \" title=\"Finnische Lebensart im Seenland Saimaa: Sauna, See und Ruhe\">\n            <span class=\"info\">\n                \n                                <span class=\"h3\">Finnische Lebensart<\/span>\n                                            <\/span><!-- \/.info -->\n        <\/a>\n\n    <\/div>\n    <\/div><div class=\"col-xs-10 col-lg-66\">    <div class=\"post-box post-stub post-1239 page type-page status-publish has-post-thumbnail hentry priority-3\"  data-contentid=\"1:1239\" data-showrelated=\"1\" id=\"finnland-kulinarisches-im-saimaa-1-1239-11\">\n\n        <div class=\"vs_post_thumbnail\" style=\"background-image: url('https:\/\/www.visitsaimaa.fi\/wp-content\/themes\/visitsaimaa2019\/images\/default_visitsaimaa_2016.jpg')\" data-attachment=\"5610-1\"><\/div>\n        <div class=\"image_overlay\"><\/div>\n                \n                <a href=\"https:\/\/www.visitsaimaa.fi\/de\/finnland-kulinarisches-im-saimaa\/\"  class=\"back-to-canonical \" title=\"Kulinarisches aus dem Seenland Saimaa: direkt aus der Region\">\n            <span class=\"info\">\n                \n                                <span class=\"h3\">&#8222;Seenland Saimaa&#8220; kulinarisch<\/span>\n                                            <\/span><!-- \/.info -->\n        <\/a>\n\n    <\/div>\n    <\/div><\/div><!-- row --><\/div><!-- .rest --><\/div><!-- \/.row --><\/div><!-- \/.row -->\n                            <\/div><!--\/.posts-list-grid -->[\/vc_column][\/vc_row]<\/p>\n","protected":false},"excerpt":{"rendered":"<p>[vc_row full_width=&#8220;stretch_row_content_no_spaces&#8220;][vc_column][\/vc_column][\/vc_row][vc_row][vc_column width=&#8220;1\/2&#8243;][vc_column_text] Wohlbefinden f\u00fcr Geist und Seele ist im Seenland Saimaa zu finden [\/vc_column_text][vc_column_text]Wohlbefinden im Finnland Urlaub \u2013 was f\u00e4llt Ihnen da als erstes ein? Ja, die finnische Sauna. [&hellip;]<\/p>\n","protected":false},"author":2,"featured_media":2896,"parent":0,"menu_order":0,"comment_status":"closed","ping_status":"closed","template":"","meta":{"footnotes":""},"relatedcontent":[],"class_list":{"0":"post-1241","1":"page","2":"type-page","3":"status-publish","4":"has-post-thumbnail","5":"hentry","7":"priority-3"},"yoast_head":"<!-- This site is optimized with the Yoast SEO Premium plugin v27.3 (Yoast SEO v27.5) - https:\/\/yoast.com\/product\/yoast-seo-premium-wordpress\/ -->\n<title>Wohlbefinden im Finnland Urlaub: Energie tanken in der Natur - Visit Saimaa<\/title>\n<meta name=\"description\" content=\"Wohlbefinden im Finnland Urlaub - finnische Natur und Sauna pflegen K\u00f6rper und Seele, sodass Sie in kurzer Zeit wieder voller Kraft sind. Alle Infos hier!\" \/>\n<meta name=\"robots\" content=\"index, follow, max-snippet:-1, max-image-preview:large, max-video-preview:-1\" \/>\n<link rel=\"canonical\" href=\"https:\/\/www.visitsaimaa.fi\/de\/finnland-urlaub-wohlbefinden\/\" \/>\n<meta property=\"og:locale\" content=\"de_DE\" \/>\n<meta property=\"og:type\" content=\"article\" \/>\n<meta property=\"og:title\" content=\"Wohlbefinden im Finnland Urlaub: Energie tanken in der Natur\" \/>\n<meta property=\"og:description\" content=\"Wohlbefinden im Finnland Urlaub - finnische Natur und Sauna pflegen K\u00f6rper und Seele, sodass Sie in kurzer Zeit wieder voller Kraft sind. Alle Infos hier!\" \/>\n<meta property=\"og:url\" content=\"https:\/\/www.visitsaimaa.fi\/de\/finnland-urlaub-wohlbefinden\/\" \/>\n<meta property=\"og:site_name\" content=\"Visit Saimaa\" \/>\n<meta property=\"article:modified_time\" content=\"2021-03-24T15:21:51+00:00\" \/>\n<meta property=\"og:image\" content=\"https:\/\/www.visitsaimaa.fi\/wp-content\/uploads\/2015\/12\/finnland-urlaub-wohlbefinde.jpg\" \/>\n\t<meta property=\"og:image:width\" content=\"2000\" \/>\n\t<meta property=\"og:image:height\" content=\"1333\" \/>\n\t<meta property=\"og:image:type\" content=\"image\/jpeg\" \/>\n<meta name=\"twitter:label1\" content=\"Gesch\u00e4tzte Lesezeit\" \/>\n\t<meta name=\"twitter:data1\" content=\"2 minutes\" \/>\n<script type=\"application\/ld+json\" class=\"yoast-schema-graph\">{\"@context\":\"https:\\\/\\\/schema.org\",\"@graph\":[{\"@type\":\"WebPage\",\"@id\":\"https:\\\/\\\/www.visitsaimaa.fi\\\/de\\\/finnland-urlaub-wohlbefinden\\\/\",\"url\":\"https:\\\/\\\/www.visitsaimaa.fi\\\/de\\\/finnland-urlaub-wohlbefinden\\\/\",\"name\":\"Wohlbefinden im Finnland Urlaub: Energie tanken in der Natur - Visit Saimaa\",\"isPartOf\":{\"@id\":\"https:\\\/\\\/www.visitsaimaa.fi\\\/fi\\\/#website\"},\"primaryImageOfPage\":{\"@id\":\"https:\\\/\\\/www.visitsaimaa.fi\\\/de\\\/finnland-urlaub-wohlbefinden\\\/#primaryimage\"},\"image\":{\"@id\":\"https:\\\/\\\/www.visitsaimaa.fi\\\/de\\\/finnland-urlaub-wohlbefinden\\\/#primaryimage\"},\"thumbnailUrl\":\"https:\\\/\\\/www.visitsaimaa.fi\\\/wp-content\\\/uploads\\\/2015\\\/12\\\/finnland-urlaub-wohlbefinde.jpg\",\"datePublished\":\"2015-12-03T12:07:55+00:00\",\"dateModified\":\"2021-03-24T15:21:51+00:00\",\"description\":\"Wohlbefinden im Finnland Urlaub - finnische Natur und Sauna pflegen K\u00f6rper und Seele, sodass Sie in kurzer Zeit wieder voller Kraft sind. Alle Infos hier!\",\"breadcrumb\":{\"@id\":\"https:\\\/\\\/www.visitsaimaa.fi\\\/de\\\/finnland-urlaub-wohlbefinden\\\/#breadcrumb\"},\"inLanguage\":\"de-DE\",\"potentialAction\":[{\"@type\":\"ReadAction\",\"target\":[\"https:\\\/\\\/www.visitsaimaa.fi\\\/de\\\/finnland-urlaub-wohlbefinden\\\/\"]}]},{\"@type\":\"ImageObject\",\"inLanguage\":\"de-DE\",\"@id\":\"https:\\\/\\\/www.visitsaimaa.fi\\\/de\\\/finnland-urlaub-wohlbefinden\\\/#primaryimage\",\"url\":\"https:\\\/\\\/www.visitsaimaa.fi\\\/wp-content\\\/uploads\\\/2015\\\/12\\\/finnland-urlaub-wohlbefinde.jpg\",\"contentUrl\":\"https:\\\/\\\/www.visitsaimaa.fi\\\/wp-content\\\/uploads\\\/2015\\\/12\\\/finnland-urlaub-wohlbefinde.jpg\",\"width\":2000,\"height\":1333,\"caption\":\"Wohlbefinden im Finnland Urlaub: Energie in der Natur tanken\"},{\"@type\":\"BreadcrumbList\",\"@id\":\"https:\\\/\\\/www.visitsaimaa.fi\\\/de\\\/finnland-urlaub-wohlbefinden\\\/#breadcrumb\",\"itemListElement\":[{\"@type\":\"ListItem\",\"position\":1,\"name\":\"Visit Saimaa\",\"item\":\"https:\\\/\\\/www.visitsaimaa.fi\\\/de\\\/\"},{\"@type\":\"ListItem\",\"position\":2,\"name\":\"Wohlbefinden im Finnland Urlaub: Energie tanken in der Natur\"}]},{\"@type\":\"WebSite\",\"@id\":\"https:\\\/\\\/www.visitsaimaa.fi\\\/fi\\\/#website\",\"url\":\"https:\\\/\\\/www.visitsaimaa.fi\\\/fi\\\/\",\"name\":\"Visit Saimaa\",\"description\":\"The Official Travel Guide of Lakeland Saimaa\",\"potentialAction\":[{\"@type\":\"SearchAction\",\"target\":{\"@type\":\"EntryPoint\",\"urlTemplate\":\"https:\\\/\\\/www.visitsaimaa.fi\\\/fi\\\/?s={search_term_string}\"},\"query-input\":{\"@type\":\"PropertyValueSpecification\",\"valueRequired\":true,\"valueName\":\"search_term_string\"}}],\"inLanguage\":\"de-DE\"}]}<\/script>\n<!-- \/ Yoast SEO Premium plugin. -->","yoast_head_json":{"title":"Wohlbefinden im Finnland Urlaub: Energie tanken in der Natur - Visit Saimaa","description":"Wohlbefinden im Finnland Urlaub - finnische Natur und Sauna pflegen K\u00f6rper und Seele, sodass Sie in kurzer Zeit wieder voller Kraft sind. Alle Infos hier!","robots":{"index":"index","follow":"follow","max-snippet":"max-snippet:-1","max-image-preview":"max-image-preview:large","max-video-preview":"max-video-preview:-1"},"canonical":"https:\/\/www.visitsaimaa.fi\/de\/finnland-urlaub-wohlbefinden\/","og_locale":"de_DE","og_type":"article","og_title":"Wohlbefinden im Finnland Urlaub: Energie tanken in der Natur","og_description":"Wohlbefinden im Finnland Urlaub - finnische Natur und Sauna pflegen K\u00f6rper und Seele, sodass Sie in kurzer Zeit wieder voller Kraft sind. Alle Infos hier!","og_url":"https:\/\/www.visitsaimaa.fi\/de\/finnland-urlaub-wohlbefinden\/","og_site_name":"Visit Saimaa","article_modified_time":"2021-03-24T15:21:51+00:00","og_image":[{"width":2000,"height":1333,"url":"https:\/\/www.visitsaimaa.fi\/wp-content\/uploads\/2015\/12\/finnland-urlaub-wohlbefinde.jpg","type":"image\/jpeg"}],"twitter_misc":{"Gesch\u00e4tzte Lesezeit":"2 minutes"},"schema":{"@context":"https:\/\/schema.org","@graph":[{"@type":"WebPage","@id":"https:\/\/www.visitsaimaa.fi\/de\/finnland-urlaub-wohlbefinden\/","url":"https:\/\/www.visitsaimaa.fi\/de\/finnland-urlaub-wohlbefinden\/","name":"Wohlbefinden im Finnland Urlaub: Energie tanken in der Natur - Visit Saimaa","isPartOf":{"@id":"https:\/\/www.visitsaimaa.fi\/fi\/#website"},"primaryImageOfPage":{"@id":"https:\/\/www.visitsaimaa.fi\/de\/finnland-urlaub-wohlbefinden\/#primaryimage"},"image":{"@id":"https:\/\/www.visitsaimaa.fi\/de\/finnland-urlaub-wohlbefinden\/#primaryimage"},"thumbnailUrl":"https:\/\/www.visitsaimaa.fi\/wp-content\/uploads\/2015\/12\/finnland-urlaub-wohlbefinde.jpg","datePublished":"2015-12-03T12:07:55+00:00","dateModified":"2021-03-24T15:21:51+00:00","description":"Wohlbefinden im Finnland Urlaub - finnische Natur und Sauna pflegen K\u00f6rper und Seele, sodass Sie in kurzer Zeit wieder voller Kraft sind. Alle Infos hier!","breadcrumb":{"@id":"https:\/\/www.visitsaimaa.fi\/de\/finnland-urlaub-wohlbefinden\/#breadcrumb"},"inLanguage":"de-DE","potentialAction":[{"@type":"ReadAction","target":["https:\/\/www.visitsaimaa.fi\/de\/finnland-urlaub-wohlbefinden\/"]}]},{"@type":"ImageObject","inLanguage":"de-DE","@id":"https:\/\/www.visitsaimaa.fi\/de\/finnland-urlaub-wohlbefinden\/#primaryimage","url":"https:\/\/www.visitsaimaa.fi\/wp-content\/uploads\/2015\/12\/finnland-urlaub-wohlbefinde.jpg","contentUrl":"https:\/\/www.visitsaimaa.fi\/wp-content\/uploads\/2015\/12\/finnland-urlaub-wohlbefinde.jpg","width":2000,"height":1333,"caption":"Wohlbefinden im Finnland Urlaub: Energie in der Natur tanken"},{"@type":"BreadcrumbList","@id":"https:\/\/www.visitsaimaa.fi\/de\/finnland-urlaub-wohlbefinden\/#breadcrumb","itemListElement":[{"@type":"ListItem","position":1,"name":"Visit Saimaa","item":"https:\/\/www.visitsaimaa.fi\/de\/"},{"@type":"ListItem","position":2,"name":"Wohlbefinden im Finnland Urlaub: Energie tanken in der Natur"}]},{"@type":"WebSite","@id":"https:\/\/www.visitsaimaa.fi\/fi\/#website","url":"https:\/\/www.visitsaimaa.fi\/fi\/","name":"Visit Saimaa","description":"The Official Travel Guide of Lakeland Saimaa","potentialAction":[{"@type":"SearchAction","target":{"@type":"EntryPoint","urlTemplate":"https:\/\/www.visitsaimaa.fi\/fi\/?s={search_term_string}"},"query-input":{"@type":"PropertyValueSpecification","valueRequired":true,"valueName":"search_term_string"}}],"inLanguage":"de-DE"}]}},"_links":{"self":[{"href":"https:\/\/www.visitsaimaa.fi\/de\/wp-json\/wp\/v2\/pages\/1241","targetHints":{"allow":["GET"]}}],"collection":[{"href":"https:\/\/www.visitsaimaa.fi\/de\/wp-json\/wp\/v2\/pages"}],"about":[{"href":"https:\/\/www.visitsaimaa.fi\/de\/wp-json\/wp\/v2\/types\/page"}],"author":[{"embeddable":true,"href":"https:\/\/www.visitsaimaa.fi\/de\/wp-json\/wp\/v2\/users\/2"}],"replies":[{"embeddable":true,"href":"https:\/\/www.visitsaimaa.fi\/de\/wp-json\/wp\/v2\/comments?post=1241"}],"version-history":[{"count":1,"href":"https:\/\/www.visitsaimaa.fi\/de\/wp-json\/wp\/v2\/pages\/1241\/revisions"}],"predecessor-version":[{"id":19793,"href":"https:\/\/www.visitsaimaa.fi\/de\/wp-json\/wp\/v2\/pages\/1241\/revisions\/19793"}],"wp:featuredmedia":[{"embeddable":true,"href":"https:\/\/www.visitsaimaa.fi\/de\/wp-json\/wp\/v2\/media\/2896"}],"wp:attachment":[{"href":"https:\/\/www.visitsaimaa.fi\/de\/wp-json\/wp\/v2\/media?parent=1241"}],"wp:term":[{"taxonomy":"relatedcontent","embeddable":true,"href":"https:\/\/www.visitsaimaa.fi\/de\/wp-json\/wp\/v2\/relatedcontent?post=1241"}],"curies":[{"name":"wp","href":"https:\/\/api.w.org\/{rel}","templated":true}]}}