{"id":1232,"date":"2015-12-09T15:52:41","date_gmt":"2015-12-09T13:52:41","guid":{"rendered":"https:\/\/www.visitsaimaa.fi\/de\/?page_id=1232"},"modified":"2024-03-18T13:32:39","modified_gmt":"2024-03-18T11:32:39","slug":"finnland-urlaub-wandern","status":"publish","type":"page","link":"https:\/\/www.visitsaimaa.fi\/de\/finnland-urlaub-wandern\/","title":{"rendered":"Finnland Urlaub &#8211; Wandern in tiefen W\u00e4ldern am Saimaa"},"content":{"rendered":"<p>[vc_row full_width=&#8220;stretch_row_content_no_spaces&#8220;][vc_column]<div class=\"main_header big\">\n    <figure style=\"background-image: url('https:\/\/www.visitsaimaa.fi\/wp-content\/uploads\/2023\/06\/visitsaimaa_luontoreitit-1-1500x600.png'); background-position: center center;\"><\/figure>\n    <div class=\"main_header_content\" style=\"\">\n        <div class=\"container\">\n            \n<h1 style=\"text-align: center;\">Wandern im Seenland Saimaa<\/h1>\n<p style=\"text-align: center;\">#saimaamoments<\/p>\n    \n        <\/div>\n    <\/div><!-- \/.container -->\n<\/div><!-- \/.main_header -->\n\n[\/vc_column][\/vc_row][vc_row][vc_column width=&#8220;1\/2&#8243;][vc_column_text]<\/p>\n<h2>Wanderurlaub im Seenland Saimaa, Finnland<\/h2>\n<p>[\/vc_column_text][vc_column_text]<strong>Im finnischen Seenland Saimaa sind Wanderwege f\u00fcr Ihren Urlaub reichlich vorhanden. Ein abwechslungsreiches und vielf\u00e4ltiges Gel\u00e4nde bietet eine ideale Wanderumgebung. In der beeindruckenden Natur k\u00f6nnen Sie die versteckten Spuren der Eiszeit erkennen.<\/strong><\/p>\n<p>Finnland Urlaub Wandern &#8211; ob kurze oder lange Strecken, auch mehrt\u00e4gige Touren \u2013 der Weg ist das Ziel. Die Routen und Wege sind markiert und beschildert. Karten sind bei den \u00f6rtlichen Touristeninformationsstellen erh\u00e4ltlich.<\/p>\n<p><!--more--><\/p>\n<h3>Malerische, zu jeder Jahreszeit unterschiedliche Strecken<\/h3>\n<p>Das Wandern zahlt sich aus: Es warten dichte W\u00e4lder, von Nadeln ges\u00e4umte, weiche Wege die alle Trittger\u00e4usche schlucken, die vielen kleinen H\u00f6henunterschiede fordern die Ausdauer ohne \u00fcberm\u00e4\u00dfig anzustrengen und \u00fcberall blitzt verschmitzt der See zwischen den B\u00e4umen hervor.<\/p>\n<p>Wandern in Finnland ist zu jeder Jahreszeit ein wenig anders. Im Fr\u00fchling strahlt alles in saftigem, satten Gr\u00fcn, im Sommer sch\u00fctzt der dichte Wald vor der Sonne und im Herbst spielt das gro\u00dfe Symphonieorchester der Farben ihre besten St\u00fccke.<\/p>\n<h3>Finnland Urlaub Wandern und Campen in den Nationalparks<\/h3>\n<p>Die Nationalparks der Saimaa-Region sind Wanderparadiese. Es gibt auch eine erstklassige Infrastruktur, denn Outdoor-Aktivit\u00e4ten sind den Finnen \u00e4u\u00dferst wichtig.<\/p>\n<p>An den Rastpl\u00e4tzen finden sich \u00fcberdachte Feuerstellen mit Brennholz und Au\u00dfentoiletten. In den Nationalparks \u2013 Linnansaari, Kolovesi und Repovesi \u2013 erleben Sie die besten Ausflugsziele der \u00f6rtlichen Natur und unvergessliche Seenlandschaften.[\/vc_column_text][\/vc_column][vc_column width=&#8220;1\/2&#8243;][vc_single_image image=&#8220;17303&#8243; img_size=&#8220;large&#8220; css=&#8220;.vc_custom_1616151162707{padding-top: 20px !important;}&#8220;][\/vc_column][\/vc_row][vc_row][vc_column][vc_column_text]<\/p>\n<h2>Wanderziele<\/h2>\n<p>[\/vc_column_text][\/vc_column][\/vc_row][vc_row][vc_column]<div class=\"posts-list-grid wpb_content_element\">\n                            <div class=\"row no-gutter\"><div class=\"row no-gutter\"><div class=\"col-xs-10 col-sm-5 col-lg-4 col-main row-two \">    <div class=\"post-box post-stub has-excerpt post-1299 post type-post status-publish format-standard has-post-thumbnail hentry category-erlebnisse category-natur-erleben-im-sommer tag-kruunupuisto tag-nordic-walking-park tag-nordic-walking-touren tag-punkaharju tag-punkaharjun-valtionhotelli tag-sauna-rundweg priority-3\" data-openid=\"finnland-nordic-walking-1-1299-1\" data-contentid=\"1:1299\" data-showrelated=\"1\" id=\"finnland-nordic-walking-1-1299-1\">\n\n        <div class=\"vs_post_thumbnail\" style=\"background-image: url('https:\/\/www.visitsaimaa.fi\/wp-content\/themes\/visitsaimaa2019\/images\/default_visitsaimaa_2016.jpg')\" data-attachment=\"1470-1\"><\/div>\n        <div class=\"image_overlay\"><\/div>\n                \n                <a href=\"https:\/\/www.visitsaimaa.fi\/de\/finnland-nordic-walking\/\"  class=\" get-post-details\" title=\"Finnland Nordic Walking: am besten auf der H\u00fcgelkette Punkaharju\">\n            <span class=\"info\">\n                \n                                <span class=\"h3\">Nordic Walking in Punkaharju<\/span>\n                                    <span>Die (Halb-) Insel Punkaharju ist nicht nur aufgrund..<\/span>\n                                            <\/span><!-- \/.info -->\n        <\/a>\n\n    <\/div>\n    <\/div><!-- box-main --><div class=\"col-xs-10 col-sm-5 col-lg-6 col-rest row-two\"><div class=\"row no-gutter\"><div class=\"col-xs-10 col-lg-66\">    <div class=\"post-box filler social\" style=\"background-color: #3F729B;\">\n        <div class=\"icon\"><\/div>\n                    <div class=\"background-icon\" style=\" background-image: url('https:\/\/www.visitsaimaa.fi\/wp-content\/themes\/visitsaimaa2019\/images\/icons\/instagram-128.png');\" ><\/div>\n        \n        \n                    <a href=\"https:\/\/www.instagram.com\/visitsaimaa.fi\/\" target=\"_blank\" >\n                    <span class=\"info\">\n                                            <\/span>\n                    <\/a>\n        \n    <\/div>\n\n    <\/div><div class=\"col-xs-5 col-lg-33\">    <div class=\"post-box filler social\" style=\"background-color: #3B5998;\">\n        <div class=\"icon\"><\/div>\n                    <div class=\"background-icon\" style=\" background-image: url('https:\/\/www.visitsaimaa.fi\/wp-content\/themes\/visitsaimaa2019\/images\/icons\/facebook-128.png');\" ><\/div>\n        \n        \n                    <a href=\"https:\/\/www.facebook.com\/visitsaimaa\/?fref=ts\" target=\"_blank\" >\n                    <span class=\"info\">\n                                            <\/span>\n                    <\/a>\n        \n    <\/div>\n\n    <\/div><div class=\"col-xs-5 col-lg-33\">    <div class=\"post-box filler social\" style=\"background-color: #CD332D;\">\n        <div class=\"icon\"><\/div>\n                    <div class=\"background-icon\" style=\" background-image: url('https:\/\/www.visitsaimaa.fi\/wp-content\/themes\/visitsaimaa2019\/images\/icons\/youtube-128.png');\" ><\/div>\n        \n        \n                    <a href=\"https:\/\/www.youtube.com\/channel\/UCiH-1ug1BXX0lft1tL4Jayw\" target=\"_blank\" >\n                    <span class=\"info\">\n                                            <\/span>\n                    <\/a>\n        \n    <\/div>\n\n    <\/div><div class=\"col-xs-10 col-lg-66\">    <div class=\"post-box filler \" style=\"background-color: #360032;\">\n        <div class=\"icon\"><\/div>\n                    <div class=\"background-icon\" style=\" background-image: url('');\" ><\/div>\n        \n        \n                    <span class=\"info\">\n                                            <\/span>\n        \n    <\/div>\n\n    <\/div><\/div><!-- row --><\/div><!-- .rest --><\/div><!-- \/.row --><\/div><!-- \/.row -->\n                            <\/div><!--\/.posts-list-grid -->[\/vc_column][\/vc_row][vc_row][vc_column][vc_column_text]<\/p>\n<h2>Wir empfehlen auch&#8230;<\/h2>\n<p>[\/vc_column_text][\/vc_column][\/vc_row][vc_row][vc_column]<div class=\"posts-list-grid wpb_content_element\">\n                            <div class=\"row no-gutter\"><div class=\"row no-gutter\"><div class=\"col-xs-10 col-sm-5 col-lg-4 col-main row-two \">    <div class=\"post-box post-stub post-1437 page type-page status-publish has-post-thumbnail hentry priority-3\"  data-contentid=\"1:1437\" data-showrelated=\"1\" id=\"finnland-bootstour-saimaa-1-1437-2\">\n\n        <div class=\"vs_post_thumbnail\" style=\"background-image: url('https:\/\/www.visitsaimaa.fi\/wp-content\/themes\/visitsaimaa2019\/images\/default_visitsaimaa_2016.jpg')\" data-attachment=\"2025-1\"><\/div>\n        <div class=\"image_overlay\"><\/div>\n                \n                <a href=\"https:\/\/www.visitsaimaa.fi\/de\/finnland-bootstour-saimaa\/\"  class=\"back-to-canonical \" title=\"Finnland Bootstour: Auf dem Saimaa unterwegs\">\n            <span class=\"info\">\n                \n                                <span class=\"h3\">Bootstouren auf dem Saimaa<\/span>\n                                            <\/span><!-- \/.info -->\n        <\/a>\n\n    <\/div>\n    <\/div><!-- box-main --><div class=\"col-xs-10 col-sm-5 col-lg-6 col-rest row-two\"><div class=\"row no-gutter\"><div class=\"col-xs-10 col-lg-66\">    <div class=\"post-box post-stub post-1211 page type-page status-publish has-post-thumbnail hentry priority-3\"  data-contentid=\"1:1211\" data-showrelated=\"1\" id=\"saimaa-urlaub-1-1211-3\">\n\n        <div class=\"vs_post_thumbnail\" style=\"background-image: url('https:\/\/www.visitsaimaa.fi\/wp-content\/themes\/visitsaimaa2019\/images\/default_visitsaimaa_2016.jpg')\" data-attachment=\"4308-1\"><\/div>\n        <div class=\"image_overlay\"><\/div>\n                \n                <a href=\"https:\/\/www.visitsaimaa.fi\/de\/saimaa-urlaub\/\"  class=\"back-to-canonical \" title=\"Saimaa Urlaub Unterk\u00fcnfte\">\n            <span class=\"info\">\n                \n                                <span class=\"h3\">Unterk\u00fcnfte im &#8222;Seenland Saimaa&#8220;<\/span>\n                                            <\/span><!-- \/.info -->\n        <\/a>\n\n    <\/div>\n    <\/div><div class=\"col-xs-5 col-lg-33\">    <div class=\"post-box post-stub post-1363 page type-page status-publish has-post-thumbnail hentry priority-3\"  data-contentid=\"1:1363\" data-showrelated=\"1\" id=\"finnische-seenplatte-radfahren-saimaa-1-1363-4\">\n\n        <div class=\"vs_post_thumbnail\" style=\"background-image: url('https:\/\/www.visitsaimaa.fi\/wp-content\/themes\/visitsaimaa2019\/images\/default_visitsaimaa_2016.jpg')\" data-attachment=\"1367-1\"><\/div>\n        <div class=\"image_overlay\"><\/div>\n                \n                <a href=\"https:\/\/www.visitsaimaa.fi\/de\/finnische-seenplatte-radfahren-saimaa\/\"  class=\"back-to-canonical \" title=\"Radfahren auf der finnischen Seenplatte: die angenehme Art Saimaa kennenzulernen!\">\n            <span class=\"info\">\n                \n                                <span class=\"h3\">Per Fahrrad durchs &#8222;Seenland Saimaa&#8220;<\/span>\n                                            <\/span><!-- \/.info -->\n        <\/a>\n\n    <\/div>\n    <\/div><div class=\"col-xs-5 col-lg-33\">    <div class=\"post-box post-stub post-1241 page type-page status-publish has-post-thumbnail hentry priority-3\"  data-contentid=\"1:1241\" data-showrelated=\"1\" id=\"finnland-urlaub-wohlbefinden-1-1241-5\">\n\n        <div class=\"vs_post_thumbnail\" style=\"background-image: url('https:\/\/www.visitsaimaa.fi\/wp-content\/themes\/visitsaimaa2019\/images\/default_visitsaimaa_2016.jpg')\" data-attachment=\"2896-1\"><\/div>\n        <div class=\"image_overlay\"><\/div>\n                \n                <a href=\"https:\/\/www.visitsaimaa.fi\/de\/finnland-urlaub-wohlbefinden\/\"  class=\"back-to-canonical \" title=\"Wohlbefinden im Finnland Urlaub: Energie tanken in der Natur\">\n            <span class=\"info\">\n                \n                                <span class=\"h3\">Entspannter Urlaub inmitten der Natur<\/span>\n                                            <\/span><!-- \/.info -->\n        <\/a>\n\n    <\/div>\n    <\/div><div class=\"col-xs-10 col-lg-66\">    <div class=\"post-box post-stub post-2197 page type-page status-publish has-post-thumbnail hentry priority-3\"  data-contentid=\"1:2197\" data-showrelated=\"1\" id=\"finnland-schwimmen-1-2197-6\">\n\n        <div class=\"vs_post_thumbnail\" style=\"background-image: url('https:\/\/www.visitsaimaa.fi\/wp-content\/themes\/visitsaimaa2019\/images\/default_visitsaimaa_2016.jpg')\" data-attachment=\"2208-1\"><\/div>\n        <div class=\"image_overlay\"><\/div>\n                \n                <a href=\"https:\/\/www.visitsaimaa.fi\/de\/finnland-schwimmen\/\"  class=\"back-to-canonical \" title=\"Schwimmen in Finnland &#8211; Eintauchen in die weiten Gew\u00e4sser des Saimaa-Sees\">\n            <span class=\"info\">\n                \n                                <span class=\"h3\">Schwimmen im See<\/span>\n                                            <\/span><!-- \/.info -->\n        <\/a>\n\n    <\/div>\n    <\/div><\/div><!-- row --><\/div><!-- .rest --><\/div><!-- \/.row --><\/div><!-- \/.row -->\n                            <\/div><!--\/.posts-list-grid -->[\/vc_column][\/vc_row]<\/p>\n","protected":false},"excerpt":{"rendered":"<p>[vc_row full_width=&#8220;stretch_row_content_no_spaces&#8220;][vc_column][\/vc_column][\/vc_row][vc_row][vc_column width=&#8220;1\/2&#8243;][vc_column_text] Wanderurlaub im Seenland Saimaa, Finnland [\/vc_column_text][vc_column_text]Im finnischen Seenland Saimaa sind Wanderwege f\u00fcr Ihren Urlaub reichlich vorhanden. Ein abwechslungsreiches und vielf\u00e4ltiges Gel\u00e4nde bietet eine ideale Wanderumgebung. In der [&hellip;]<\/p>\n","protected":false},"author":2,"featured_media":1278,"parent":0,"menu_order":0,"comment_status":"closed","ping_status":"closed","template":"","meta":{"footnotes":""},"relatedcontent":[],"class_list":{"0":"post-1232","1":"page","2":"type-page","3":"status-publish","4":"has-post-thumbnail","5":"hentry","7":"priority-3"},"yoast_head":"<!-- This site is optimized with the Yoast SEO Premium plugin v27.3 (Yoast SEO v27.5) - https:\/\/yoast.com\/product\/yoast-seo-premium-wordpress\/ -->\n<title>Finnland Urlaub - Wandern in tiefen W\u00e4ldern am Saimaa - Visit Saimaa<\/title>\n<meta name=\"description\" content=\"Zu Fu\u00df malerische W\u00e4lder, geheimnisvolle Halbinseln und idyllische Uferpfaden folgen. Finnland Urlaub Wandern f\u00fchrt zu geistiger Erholung.\" \/>\n<meta name=\"robots\" content=\"index, follow, max-snippet:-1, max-image-preview:large, max-video-preview:-1\" \/>\n<link rel=\"canonical\" href=\"https:\/\/www.visitsaimaa.fi\/de\/finnland-urlaub-wandern\/\" \/>\n<meta property=\"og:locale\" content=\"de_DE\" \/>\n<meta property=\"og:type\" content=\"article\" \/>\n<meta property=\"og:title\" content=\"Finnland Urlaub - Wandern in tiefen W\u00e4ldern am Saimaa\" \/>\n<meta property=\"og:description\" content=\"Zu Fu\u00df malerische W\u00e4lder, geheimnisvolle Halbinseln und idyllische Uferpfaden folgen. Finnland Urlaub Wandern f\u00fchrt zu geistiger Erholung.\" \/>\n<meta property=\"og:url\" content=\"https:\/\/www.visitsaimaa.fi\/de\/finnland-urlaub-wandern\/\" \/>\n<meta property=\"og:site_name\" content=\"Visit Saimaa\" \/>\n<meta property=\"article:modified_time\" content=\"2024-03-18T11:32:39+00:00\" \/>\n<meta property=\"og:image\" content=\"https:\/\/www.visitsaimaa.fi\/wp-content\/uploads\/2015\/11\/wandern-finnland.jpg\" \/>\n\t<meta property=\"og:image:width\" content=\"2048\" \/>\n\t<meta property=\"og:image:height\" content=\"1365\" \/>\n\t<meta property=\"og:image:type\" content=\"image\/jpeg\" \/>\n<meta name=\"twitter:label1\" content=\"Gesch\u00e4tzte Lesezeit\" \/>\n\t<meta name=\"twitter:data1\" content=\"2 minutes\" \/>\n<script type=\"application\/ld+json\" class=\"yoast-schema-graph\">{\"@context\":\"https:\\\/\\\/schema.org\",\"@graph\":[{\"@type\":\"WebPage\",\"@id\":\"https:\\\/\\\/www.visitsaimaa.fi\\\/de\\\/finnland-urlaub-wandern\\\/\",\"url\":\"https:\\\/\\\/www.visitsaimaa.fi\\\/de\\\/finnland-urlaub-wandern\\\/\",\"name\":\"Finnland Urlaub - Wandern in tiefen W\u00e4ldern am Saimaa - Visit Saimaa\",\"isPartOf\":{\"@id\":\"https:\\\/\\\/www.visitsaimaa.fi\\\/fi\\\/#website\"},\"primaryImageOfPage\":{\"@id\":\"https:\\\/\\\/www.visitsaimaa.fi\\\/de\\\/finnland-urlaub-wandern\\\/#primaryimage\"},\"image\":{\"@id\":\"https:\\\/\\\/www.visitsaimaa.fi\\\/de\\\/finnland-urlaub-wandern\\\/#primaryimage\"},\"thumbnailUrl\":\"https:\\\/\\\/www.visitsaimaa.fi\\\/wp-content\\\/uploads\\\/2015\\\/11\\\/wandern-finnland.jpg\",\"datePublished\":\"2015-12-09T13:52:41+00:00\",\"dateModified\":\"2024-03-18T11:32:39+00:00\",\"description\":\"Zu Fu\u00df malerische W\u00e4lder, geheimnisvolle Halbinseln und idyllische Uferpfaden folgen. Finnland Urlaub Wandern f\u00fchrt zu geistiger Erholung.\",\"breadcrumb\":{\"@id\":\"https:\\\/\\\/www.visitsaimaa.fi\\\/de\\\/finnland-urlaub-wandern\\\/#breadcrumb\"},\"inLanguage\":\"de-DE\",\"potentialAction\":[{\"@type\":\"ReadAction\",\"target\":[\"https:\\\/\\\/www.visitsaimaa.fi\\\/de\\\/finnland-urlaub-wandern\\\/\"]}]},{\"@type\":\"ImageObject\",\"inLanguage\":\"de-DE\",\"@id\":\"https:\\\/\\\/www.visitsaimaa.fi\\\/de\\\/finnland-urlaub-wandern\\\/#primaryimage\",\"url\":\"https:\\\/\\\/www.visitsaimaa.fi\\\/wp-content\\\/uploads\\\/2015\\\/11\\\/wandern-finnland.jpg\",\"contentUrl\":\"https:\\\/\\\/www.visitsaimaa.fi\\\/wp-content\\\/uploads\\\/2015\\\/11\\\/wandern-finnland.jpg\",\"width\":2048,\"height\":1365,\"caption\":\"wandern-finnland\"},{\"@type\":\"BreadcrumbList\",\"@id\":\"https:\\\/\\\/www.visitsaimaa.fi\\\/de\\\/finnland-urlaub-wandern\\\/#breadcrumb\",\"itemListElement\":[{\"@type\":\"ListItem\",\"position\":1,\"name\":\"Visit Saimaa\",\"item\":\"https:\\\/\\\/www.visitsaimaa.fi\\\/de\\\/\"},{\"@type\":\"ListItem\",\"position\":2,\"name\":\"Finnland Urlaub &#8211; Wandern in tiefen W\u00e4ldern am Saimaa\"}]},{\"@type\":\"WebSite\",\"@id\":\"https:\\\/\\\/www.visitsaimaa.fi\\\/fi\\\/#website\",\"url\":\"https:\\\/\\\/www.visitsaimaa.fi\\\/fi\\\/\",\"name\":\"Visit Saimaa\",\"description\":\"The Official Travel Guide of Lakeland Saimaa\",\"potentialAction\":[{\"@type\":\"SearchAction\",\"target\":{\"@type\":\"EntryPoint\",\"urlTemplate\":\"https:\\\/\\\/www.visitsaimaa.fi\\\/fi\\\/?s={search_term_string}\"},\"query-input\":{\"@type\":\"PropertyValueSpecification\",\"valueRequired\":true,\"valueName\":\"search_term_string\"}}],\"inLanguage\":\"de-DE\"}]}<\/script>\n<!-- \/ Yoast SEO Premium plugin. -->","yoast_head_json":{"title":"Finnland Urlaub - Wandern in tiefen W\u00e4ldern am Saimaa - Visit Saimaa","description":"Zu Fu\u00df malerische W\u00e4lder, geheimnisvolle Halbinseln und idyllische Uferpfaden folgen. Finnland Urlaub Wandern f\u00fchrt zu geistiger Erholung.","robots":{"index":"index","follow":"follow","max-snippet":"max-snippet:-1","max-image-preview":"max-image-preview:large","max-video-preview":"max-video-preview:-1"},"canonical":"https:\/\/www.visitsaimaa.fi\/de\/finnland-urlaub-wandern\/","og_locale":"de_DE","og_type":"article","og_title":"Finnland Urlaub - Wandern in tiefen W\u00e4ldern am Saimaa","og_description":"Zu Fu\u00df malerische W\u00e4lder, geheimnisvolle Halbinseln und idyllische Uferpfaden folgen. Finnland Urlaub Wandern f\u00fchrt zu geistiger Erholung.","og_url":"https:\/\/www.visitsaimaa.fi\/de\/finnland-urlaub-wandern\/","og_site_name":"Visit Saimaa","article_modified_time":"2024-03-18T11:32:39+00:00","og_image":[{"width":2048,"height":1365,"url":"https:\/\/www.visitsaimaa.fi\/wp-content\/uploads\/2015\/11\/wandern-finnland.jpg","type":"image\/jpeg"}],"twitter_misc":{"Gesch\u00e4tzte Lesezeit":"2 minutes"},"schema":{"@context":"https:\/\/schema.org","@graph":[{"@type":"WebPage","@id":"https:\/\/www.visitsaimaa.fi\/de\/finnland-urlaub-wandern\/","url":"https:\/\/www.visitsaimaa.fi\/de\/finnland-urlaub-wandern\/","name":"Finnland Urlaub - Wandern in tiefen W\u00e4ldern am Saimaa - Visit Saimaa","isPartOf":{"@id":"https:\/\/www.visitsaimaa.fi\/fi\/#website"},"primaryImageOfPage":{"@id":"https:\/\/www.visitsaimaa.fi\/de\/finnland-urlaub-wandern\/#primaryimage"},"image":{"@id":"https:\/\/www.visitsaimaa.fi\/de\/finnland-urlaub-wandern\/#primaryimage"},"thumbnailUrl":"https:\/\/www.visitsaimaa.fi\/wp-content\/uploads\/2015\/11\/wandern-finnland.jpg","datePublished":"2015-12-09T13:52:41+00:00","dateModified":"2024-03-18T11:32:39+00:00","description":"Zu Fu\u00df malerische W\u00e4lder, geheimnisvolle Halbinseln und idyllische Uferpfaden folgen. Finnland Urlaub Wandern f\u00fchrt zu geistiger Erholung.","breadcrumb":{"@id":"https:\/\/www.visitsaimaa.fi\/de\/finnland-urlaub-wandern\/#breadcrumb"},"inLanguage":"de-DE","potentialAction":[{"@type":"ReadAction","target":["https:\/\/www.visitsaimaa.fi\/de\/finnland-urlaub-wandern\/"]}]},{"@type":"ImageObject","inLanguage":"de-DE","@id":"https:\/\/www.visitsaimaa.fi\/de\/finnland-urlaub-wandern\/#primaryimage","url":"https:\/\/www.visitsaimaa.fi\/wp-content\/uploads\/2015\/11\/wandern-finnland.jpg","contentUrl":"https:\/\/www.visitsaimaa.fi\/wp-content\/uploads\/2015\/11\/wandern-finnland.jpg","width":2048,"height":1365,"caption":"wandern-finnland"},{"@type":"BreadcrumbList","@id":"https:\/\/www.visitsaimaa.fi\/de\/finnland-urlaub-wandern\/#breadcrumb","itemListElement":[{"@type":"ListItem","position":1,"name":"Visit Saimaa","item":"https:\/\/www.visitsaimaa.fi\/de\/"},{"@type":"ListItem","position":2,"name":"Finnland Urlaub &#8211; Wandern in tiefen W\u00e4ldern am Saimaa"}]},{"@type":"WebSite","@id":"https:\/\/www.visitsaimaa.fi\/fi\/#website","url":"https:\/\/www.visitsaimaa.fi\/fi\/","name":"Visit Saimaa","description":"The Official Travel Guide of Lakeland Saimaa","potentialAction":[{"@type":"SearchAction","target":{"@type":"EntryPoint","urlTemplate":"https:\/\/www.visitsaimaa.fi\/fi\/?s={search_term_string}"},"query-input":{"@type":"PropertyValueSpecification","valueRequired":true,"valueName":"search_term_string"}}],"inLanguage":"de-DE"}]}},"_links":{"self":[{"href":"https:\/\/www.visitsaimaa.fi\/de\/wp-json\/wp\/v2\/pages\/1232","targetHints":{"allow":["GET"]}}],"collection":[{"href":"https:\/\/www.visitsaimaa.fi\/de\/wp-json\/wp\/v2\/pages"}],"about":[{"href":"https:\/\/www.visitsaimaa.fi\/de\/wp-json\/wp\/v2\/types\/page"}],"author":[{"embeddable":true,"href":"https:\/\/www.visitsaimaa.fi\/de\/wp-json\/wp\/v2\/users\/2"}],"replies":[{"embeddable":true,"href":"https:\/\/www.visitsaimaa.fi\/de\/wp-json\/wp\/v2\/comments?post=1232"}],"version-history":[{"count":5,"href":"https:\/\/www.visitsaimaa.fi\/de\/wp-json\/wp\/v2\/pages\/1232\/revisions"}],"predecessor-version":[{"id":29769,"href":"https:\/\/www.visitsaimaa.fi\/de\/wp-json\/wp\/v2\/pages\/1232\/revisions\/29769"}],"wp:featuredmedia":[{"embeddable":true,"href":"https:\/\/www.visitsaimaa.fi\/de\/wp-json\/wp\/v2\/media\/1278"}],"wp:attachment":[{"href":"https:\/\/www.visitsaimaa.fi\/de\/wp-json\/wp\/v2\/media?parent=1232"}],"wp:term":[{"taxonomy":"relatedcontent","embeddable":true,"href":"https:\/\/www.visitsaimaa.fi\/de\/wp-json\/wp\/v2\/relatedcontent?post=1232"}],"curies":[{"name":"wp","href":"https:\/\/api.w.org\/{rel}","templated":true}]}}